{"id":99133,"date":"2023-10-05T19:39:03","date_gmt":"2023-10-05T18:39:03","guid":{"rendered":"http:\/\/egidimadeinitaly.demonewlogic.it\/?post_type=product&#038;p=99133"},"modified":"2024-10-15T20:00:09","modified_gmt":"2024-10-15T19:00:09","slug":"luciano-ventrone-peinture","status":"publish","type":"product","link":"https:\/\/egidimadeinitaly.com\/fr\/negozio\/art-moderne\/tableaux-modernes-fr\/luciano-ventrone-peinture\/","title":{"rendered":"Luciano Ventrone Peinture"},"content":{"rendered":"<p>L&rsquo;<strong>hyperr\u00e9alisme<\/strong> est un <strong>courant artistique contemporain<\/strong>, apparu aux \u00c9tats-Unis \u00e0 la fin des ann\u00e9es 1960, qui s&rsquo;est ensuite d\u00e9velopp\u00e9 en Europe et en Italie dans les ann\u00e9es 1970.<\/p>\n<p>L&rsquo;artiste hyperr\u00e9aliste cherche \u00e0 repr\u00e9senter les \u00e9l\u00e9ments de la r\u00e9alit\u00e9 tels que ses yeux les per\u00e7oivent.<\/p>\n<p>Parmi les artistes de l&rsquo;hyperr\u00e9alisme, citons <strong>Luciano Ventrone<\/strong>.<\/p>\n<p>L\u2019effet g\u00e9nial est d\u00fb au reflet qui, comme dans une sorte d\u2019anamorphose, r\u00e9fl\u00e9chit l\u2019artiste dans une esp\u00e8ce d\u2019autoportrait ; nous atteignons les niveaux vertigineux des \u00ab \u00c9poux Arnolfini \u00bb, la tr\u00e8s c\u00e9l\u00e8bre peinture sur bois du peintre flamand Jan van Eyck.<\/p>\n<p>&nbsp;<\/p>\n<p>&nbsp;<\/p>\n<p>&nbsp;<\/p>\n<p>&nbsp;<\/p>\n<p>&nbsp;<\/p>\n","protected":false},"excerpt":{"rendered":"<p>Huile sur toile sign\u00e9e en bas \u00e0 droite L. Ventrone &rsquo;76<\/p>\n<p>Elle repr\u00e9sente, dans le style hyperr\u00e9aliste typique de ce peintre, une main au tout premier plan qui tient une ampoule.<\/p>\n<p>Notre tableau date de 1976, donc, une p\u00e9riode particuli\u00e8rement rare sur le march\u00e9, et est accompagn\u00e9 du certificat d&rsquo;authenticit\u00e9 d\u00e9livr\u00e9 directement par les Archives Luciano Ventrone.<\/p>\n<p>L\u2019\u0153uvre a \u00e9t\u00e9 authentifi\u00e9e par l\u2019artiste lui-m\u00eame, et catalogu\u00e9e dans les <strong>Archives Ventrone<\/strong> sous le num\u00e9ro 003_1976.<\/p>\n<p>Annotation au dos du tableau : \u00ab L. VENTRONE \u201976. Il giorno che afferra la luce (Le jour qui capture la lumi\u00e8re) \u00bb.<\/p>\n","protected":false},"featured_media":98274,"template":"","meta":{"_acf_changed":false},"product_brand":[],"product_cat":[6377,6416],"product_tag":[5422,5995,6135,5361,6435],"class_list":{"0":"post-99133","1":"product","2":"type-product","3":"status-publish","4":"has-post-thumbnail","6":"product_cat-art-moderne","7":"product_cat-tableaux-modernes-fr","8":"product_tag-annees-70","9":"product_tag-art-italien","10":"product_tag-art-moderne","11":"product_tag-decoration-murale","12":"product_tag-hyperrealisme","14":"first","15":"outofstock","16":"taxable","17":"shipping-taxable","18":"product-type-simple"},"acf":[],"yoast_head":"<!-- This site is optimized with the Yoast SEO Premium plugin v27.5 (Yoast SEO v27.5) - https:\/\/yoast.com\/product\/yoast-seo-premium-wordpress\/ -->\n<title>Luciano Ventrone Peinture - Egidi MadeinItaly<\/title>\n<meta name=\"description\" content=\"Huile sur toile du peintre Luciano Ventrone d\u00e9fini comme Le Caravage du vingti\u00e8me si\u00e8cle Tableau art moderne en vente sur Egidi MadeinItaly\" \/>\n<meta name=\"robots\" content=\"index, follow, max-snippet:-1, max-image-preview:large, max-video-preview:-1\" \/>\n<link rel=\"canonical\" href=\"https:\/\/egidimadeinitaly.com\/fr\/produit\/art-moderne\/tableaux-modernes-fr\/luciano-ventrone-peinture\/\" \/>\n<meta property=\"og:locale\" content=\"fr_FR\" \/>\n<meta property=\"og:type\" content=\"article\" \/>\n<meta property=\"og:title\" content=\"Luciano Ventrone Peinture\" \/>\n<meta property=\"og:description\" content=\"Huile sur toile sign\u00e9e en bas \u00e0 droite L. Ventrone &#039;76  Elle repr\u00e9sente, dans le style hyperr\u00e9aliste typique de ce peintre, une main au tout premier plan qui tient une ampoule.  Notre tableau date de 1976, donc, une p\u00e9riode particuli\u00e8rement rare sur le march\u00e9, et est accompagn\u00e9 du certificat d&#039;authenticit\u00e9 d\u00e9livr\u00e9 directement par les Archives Luciano Ventrone.  L\u2019\u0153uvre a \u00e9t\u00e9 authentifi\u00e9e par l\u2019artiste lui-m\u00eame, et catalogu\u00e9e dans les Archives Ventrone sous le num\u00e9ro 003_1976.  Annotation au dos du tableau : \u00ab L. VENTRONE \u201976. Il giorno che afferra la luce (Le jour qui capture la lumi\u00e8re) \u00bb.\" \/>\n<meta property=\"og:url\" content=\"https:\/\/egidimadeinitaly.com\/fr\/produit\/art-moderne\/tableaux-modernes-fr\/luciano-ventrone-peinture\/\" \/>\n<meta property=\"og:site_name\" content=\"Egidi MadeinItaly\" \/>\n<meta property=\"article:publisher\" content=\"https:\/\/www.facebook.com\/egidimadeinitaly\/\" \/>\n<meta property=\"article:modified_time\" content=\"2024-10-15T19:00:09+00:00\" \/>\n<meta property=\"og:image\" content=\"https:\/\/egidimadeinitaly.com\/wp-content\/uploads\/2021\/04\/6195A344-627B-4808-A105-8318DC1C76F1-e1672851194647.jpeg\" \/>\n\t<meta property=\"og:image:width\" content=\"1427\" \/>\n\t<meta property=\"og:image:height\" content=\"1920\" \/>\n\t<meta property=\"og:image:type\" content=\"image\/jpeg\" \/>\n<script type=\"application\/ld+json\" class=\"yoast-schema-graph\">{\"@context\":\"https:\\\/\\\/schema.org\",\"@graph\":[{\"@type\":\"WebPage\",\"@id\":\"https:\\\/\\\/egidimadeinitaly.com\\\/fr\\\/negozio\\\/art-moderne\\\/tableaux-modernes-fr\\\/luciano-ventrone-peinture\\\/\",\"url\":\"https:\\\/\\\/egidimadeinitaly.com\\\/fr\\\/produit\\\/art-moderne\\\/tableaux-modernes-fr\\\/luciano-ventrone-peinture\\\/\",\"name\":\"Luciano Ventrone Peinture - Egidi MadeinItaly\",\"isPartOf\":{\"@id\":\"https:\\\/\\\/egidimadeinitaly.com\\\/fr\\\/#website\"},\"primaryImageOfPage\":{\"@id\":\"https:\\\/\\\/egidimadeinitaly.com\\\/fr\\\/produit\\\/art-moderne\\\/tableaux-modernes-fr\\\/luciano-ventrone-peinture\\\/#primaryimage\"},\"image\":{\"@id\":\"https:\\\/\\\/egidimadeinitaly.com\\\/fr\\\/produit\\\/art-moderne\\\/tableaux-modernes-fr\\\/luciano-ventrone-peinture\\\/#primaryimage\"},\"thumbnailUrl\":\"https:\\\/\\\/egidimadeinitaly.com\\\/v25\\\/wp-content\\\/uploads\\\/2021\\\/04\\\/6195A344-627B-4808-A105-8318DC1C76F1-e1672851194647.jpeg\",\"datePublished\":\"2023-10-05T18:39:03+00:00\",\"dateModified\":\"2024-10-15T19:00:09+00:00\",\"description\":\"Huile sur toile du peintre Luciano Ventrone d\u00e9fini comme Le Caravage du vingti\u00e8me si\u00e8cle Tableau art moderne en vente sur Egidi MadeinItaly\",\"breadcrumb\":{\"@id\":\"https:\\\/\\\/egidimadeinitaly.com\\\/fr\\\/produit\\\/art-moderne\\\/tableaux-modernes-fr\\\/luciano-ventrone-peinture\\\/#breadcrumb\"},\"inLanguage\":\"fr-FR\",\"potentialAction\":[{\"@type\":\"ReadAction\",\"target\":[\"https:\\\/\\\/egidimadeinitaly.com\\\/fr\\\/produit\\\/art-moderne\\\/tableaux-modernes-fr\\\/luciano-ventrone-peinture\\\/\"]}]},{\"@type\":\"ImageObject\",\"inLanguage\":\"fr-FR\",\"@id\":\"https:\\\/\\\/egidimadeinitaly.com\\\/fr\\\/produit\\\/art-moderne\\\/tableaux-modernes-fr\\\/luciano-ventrone-peinture\\\/#primaryimage\",\"url\":\"https:\\\/\\\/egidimadeinitaly.com\\\/v25\\\/wp-content\\\/uploads\\\/2021\\\/04\\\/6195A344-627B-4808-A105-8318DC1C76F1-e1672851194647.jpeg\",\"contentUrl\":\"https:\\\/\\\/egidimadeinitaly.com\\\/v25\\\/wp-content\\\/uploads\\\/2021\\\/04\\\/6195A344-627B-4808-A105-8318DC1C76F1-e1672851194647.jpeg\",\"width\":1427,\"height\":1920,\"caption\":\"Anamorphose Luciano Ventrone 1976\"},{\"@type\":\"BreadcrumbList\",\"@id\":\"https:\\\/\\\/egidimadeinitaly.com\\\/fr\\\/produit\\\/art-moderne\\\/tableaux-modernes-fr\\\/luciano-ventrone-peinture\\\/#breadcrumb\",\"itemListElement\":[{\"@type\":\"ListItem\",\"position\":1,\"name\":\"Home\",\"item\":\"https:\\\/\\\/egidimadeinitaly.com\\\/fr\\\/\"},{\"@type\":\"ListItem\",\"position\":2,\"name\":\"Produits\",\"item\":\"https:\\\/\\\/egidimadeinitaly.com\\\/fr\\\/shop\\\/\"},{\"@type\":\"ListItem\",\"position\":3,\"name\":\"Art moderne\",\"item\":\"https:\\\/\\\/egidimadeinitaly.com\\\/fr\\\/product-category\\\/art-moderne\\\/\"},{\"@type\":\"ListItem\",\"position\":4,\"name\":\"Tableaux modernes\",\"item\":\"https:\\\/\\\/egidimadeinitaly.com\\\/fr\\\/product-category\\\/art-moderne\\\/tableaux-modernes-fr\\\/\"},{\"@type\":\"ListItem\",\"position\":5,\"name\":\"Luciano Ventrone Peinture\"}]},{\"@type\":\"WebSite\",\"@id\":\"https:\\\/\\\/egidimadeinitaly.com\\\/fr\\\/#website\",\"url\":\"https:\\\/\\\/egidimadeinitaly.com\\\/fr\\\/\",\"name\":\"Egidi MadeinItaly\",\"description\":\"Fine Art\",\"potentialAction\":[{\"@type\":\"SearchAction\",\"target\":{\"@type\":\"EntryPoint\",\"urlTemplate\":\"https:\\\/\\\/egidimadeinitaly.com\\\/fr\\\/?s={search_term_string}\"},\"query-input\":{\"@type\":\"PropertyValueSpecification\",\"valueRequired\":true,\"valueName\":\"search_term_string\"}}],\"inLanguage\":\"fr-FR\"}]}<\/script>\n<!-- \/ Yoast SEO Premium plugin. -->","yoast_head_json":{"title":"Luciano Ventrone Peinture - Egidi MadeinItaly","description":"Huile sur toile du peintre Luciano Ventrone d\u00e9fini comme Le Caravage du vingti\u00e8me si\u00e8cle Tableau art moderne en vente sur Egidi MadeinItaly","robots":{"index":"index","follow":"follow","max-snippet":"max-snippet:-1","max-image-preview":"max-image-preview:large","max-video-preview":"max-video-preview:-1"},"canonical":"https:\/\/egidimadeinitaly.com\/fr\/produit\/art-moderne\/tableaux-modernes-fr\/luciano-ventrone-peinture\/","og_locale":"fr_FR","og_type":"article","og_title":"Luciano Ventrone Peinture","og_description":"Huile sur toile sign\u00e9e en bas \u00e0 droite L. Ventrone '76  Elle repr\u00e9sente, dans le style hyperr\u00e9aliste typique de ce peintre, une main au tout premier plan qui tient une ampoule.  Notre tableau date de 1976, donc, une p\u00e9riode particuli\u00e8rement rare sur le march\u00e9, et est accompagn\u00e9 du certificat d'authenticit\u00e9 d\u00e9livr\u00e9 directement par les Archives Luciano Ventrone.  L\u2019\u0153uvre a \u00e9t\u00e9 authentifi\u00e9e par l\u2019artiste lui-m\u00eame, et catalogu\u00e9e dans les Archives Ventrone sous le num\u00e9ro 003_1976.  Annotation au dos du tableau : \u00ab L. VENTRONE \u201976. Il giorno che afferra la luce (Le jour qui capture la lumi\u00e8re) \u00bb.","og_url":"https:\/\/egidimadeinitaly.com\/fr\/produit\/art-moderne\/tableaux-modernes-fr\/luciano-ventrone-peinture\/","og_site_name":"Egidi MadeinItaly","article_publisher":"https:\/\/www.facebook.com\/egidimadeinitaly\/","article_modified_time":"2024-10-15T19:00:09+00:00","og_image":[{"width":1427,"height":1920,"url":"https:\/\/egidimadeinitaly.com\/wp-content\/uploads\/2021\/04\/6195A344-627B-4808-A105-8318DC1C76F1-e1672851194647.jpeg","type":"image\/jpeg"}],"schema":{"@context":"https:\/\/schema.org","@graph":[{"@type":"WebPage","@id":"https:\/\/egidimadeinitaly.com\/fr\/negozio\/art-moderne\/tableaux-modernes-fr\/luciano-ventrone-peinture\/","url":"https:\/\/egidimadeinitaly.com\/fr\/produit\/art-moderne\/tableaux-modernes-fr\/luciano-ventrone-peinture\/","name":"Luciano Ventrone Peinture - Egidi MadeinItaly","isPartOf":{"@id":"https:\/\/egidimadeinitaly.com\/fr\/#website"},"primaryImageOfPage":{"@id":"https:\/\/egidimadeinitaly.com\/fr\/produit\/art-moderne\/tableaux-modernes-fr\/luciano-ventrone-peinture\/#primaryimage"},"image":{"@id":"https:\/\/egidimadeinitaly.com\/fr\/produit\/art-moderne\/tableaux-modernes-fr\/luciano-ventrone-peinture\/#primaryimage"},"thumbnailUrl":"https:\/\/egidimadeinitaly.com\/v25\/wp-content\/uploads\/2021\/04\/6195A344-627B-4808-A105-8318DC1C76F1-e1672851194647.jpeg","datePublished":"2023-10-05T18:39:03+00:00","dateModified":"2024-10-15T19:00:09+00:00","description":"Huile sur toile du peintre Luciano Ventrone d\u00e9fini comme Le Caravage du vingti\u00e8me si\u00e8cle Tableau art moderne en vente sur Egidi MadeinItaly","breadcrumb":{"@id":"https:\/\/egidimadeinitaly.com\/fr\/produit\/art-moderne\/tableaux-modernes-fr\/luciano-ventrone-peinture\/#breadcrumb"},"inLanguage":"fr-FR","potentialAction":[{"@type":"ReadAction","target":["https:\/\/egidimadeinitaly.com\/fr\/produit\/art-moderne\/tableaux-modernes-fr\/luciano-ventrone-peinture\/"]}]},{"@type":"ImageObject","inLanguage":"fr-FR","@id":"https:\/\/egidimadeinitaly.com\/fr\/produit\/art-moderne\/tableaux-modernes-fr\/luciano-ventrone-peinture\/#primaryimage","url":"https:\/\/egidimadeinitaly.com\/v25\/wp-content\/uploads\/2021\/04\/6195A344-627B-4808-A105-8318DC1C76F1-e1672851194647.jpeg","contentUrl":"https:\/\/egidimadeinitaly.com\/v25\/wp-content\/uploads\/2021\/04\/6195A344-627B-4808-A105-8318DC1C76F1-e1672851194647.jpeg","width":1427,"height":1920,"caption":"Anamorphose Luciano Ventrone 1976"},{"@type":"BreadcrumbList","@id":"https:\/\/egidimadeinitaly.com\/fr\/produit\/art-moderne\/tableaux-modernes-fr\/luciano-ventrone-peinture\/#breadcrumb","itemListElement":[{"@type":"ListItem","position":1,"name":"Home","item":"https:\/\/egidimadeinitaly.com\/fr\/"},{"@type":"ListItem","position":2,"name":"Produits","item":"https:\/\/egidimadeinitaly.com\/fr\/shop\/"},{"@type":"ListItem","position":3,"name":"Art moderne","item":"https:\/\/egidimadeinitaly.com\/fr\/product-category\/art-moderne\/"},{"@type":"ListItem","position":4,"name":"Tableaux modernes","item":"https:\/\/egidimadeinitaly.com\/fr\/product-category\/art-moderne\/tableaux-modernes-fr\/"},{"@type":"ListItem","position":5,"name":"Luciano Ventrone Peinture"}]},{"@type":"WebSite","@id":"https:\/\/egidimadeinitaly.com\/fr\/#website","url":"https:\/\/egidimadeinitaly.com\/fr\/","name":"Egidi MadeinItaly","description":"Fine Art","potentialAction":[{"@type":"SearchAction","target":{"@type":"EntryPoint","urlTemplate":"https:\/\/egidimadeinitaly.com\/fr\/?s={search_term_string}"},"query-input":{"@type":"PropertyValueSpecification","valueRequired":true,"valueName":"search_term_string"}}],"inLanguage":"fr-FR"}]}},"_links":{"self":[{"href":"https:\/\/egidimadeinitaly.com\/fr\/wp-json\/wp\/v2\/product\/99133","targetHints":{"allow":["GET"]}}],"collection":[{"href":"https:\/\/egidimadeinitaly.com\/fr\/wp-json\/wp\/v2\/product"}],"about":[{"href":"https:\/\/egidimadeinitaly.com\/fr\/wp-json\/wp\/v2\/types\/product"}],"wp:featuredmedia":[{"embeddable":true,"href":"https:\/\/egidimadeinitaly.com\/fr\/wp-json\/wp\/v2\/media\/98274"}],"wp:attachment":[{"href":"https:\/\/egidimadeinitaly.com\/fr\/wp-json\/wp\/v2\/media?parent=99133"}],"wp:term":[{"taxonomy":"product_brand","embeddable":true,"href":"https:\/\/egidimadeinitaly.com\/fr\/wp-json\/wp\/v2\/product_brand?post=99133"},{"taxonomy":"product_cat","embeddable":true,"href":"https:\/\/egidimadeinitaly.com\/fr\/wp-json\/wp\/v2\/product_cat?post=99133"},{"taxonomy":"product_tag","embeddable":true,"href":"https:\/\/egidimadeinitaly.com\/fr\/wp-json\/wp\/v2\/product_tag?post=99133"}],"curies":[{"name":"wp","href":"https:\/\/api.w.org\/{rel}","templated":true}]}}