{"id":98541,"date":"2021-09-28T16:41:08","date_gmt":"2021-09-28T15:41:08","guid":{"rendered":"http:\/\/egidimadeinitaly.demonewlogic.it\/?post_type=product&#038;p=98541"},"modified":"2025-04-22T18:20:57","modified_gmt":"2025-04-22T17:20:57","slug":"rudolf-swoboda-paysage-lacustre","status":"publish","type":"product","link":"https:\/\/egidimadeinitaly.com\/fr\/negozio\/art-ancien\/tableaux-anciens-fr\/rudolf-swoboda-paysage-lacustre\/","title":{"rendered":"Rudolf Swoboda paysage lacustre"},"content":{"rendered":"<p>Ce tableau provient d\u2019une aristocrate italienne descendant d\u2019une famille austro-hongroise.<\/p>\n<p>Pour en revenir \u00e0 ce magnifique paysage, tant la v\u00e9g\u00e9tation que <strong>les costumes des personnages repr\u00e9sent\u00e9s<\/strong>, \u00e9voquent un cadre colonial fin de si\u00e8cle plein de charme.<\/p>\n<p>Il \u00e9mane de ce tableau une atmosph\u00e8re \u00e0 la fois r\u00e9aliste et romantique que seul un <strong>grand artiste comme Rudolf Swoboda<\/strong> savait cr\u00e9er. D\u2019ailleurs, ce n\u2019est pas une surprise si, en juillet 2008,\u00a0 l\u2019une de ses toiles, vendue par la soci\u00e9t\u00e9 de vente aux ench\u00e8res Christie\u2019s a \u00e9t\u00e9 adjug\u00e9e \u00e0 plus d\u2019un million deux cent mille euros<\/p>\n<p>D\u2019ailleurs, ce n\u2019est pas une surprise si, en juillet 2008,\u00a0 l\u2019une de ses toiles, vendue par la soci\u00e9t\u00e9 de vente aux ench\u00e8res Christie\u2019s a \u00e9t\u00e9 adjug\u00e9e \u00e0 plus d\u2019un million deux cent mille euros.<\/p>\n<p>&nbsp;<\/p>\n","protected":false},"excerpt":{"rendered":"<p>Paysage lacustre avec des personnages de la noblesse entour\u00e9s d\u2019une v\u00e9g\u00e9tation dense, d\u00e9but du XXe si\u00e8cle, sign\u00e9 et dat\u00e9 \u00ab <em>Swoboda 191<\/em>2 \u00bb.<\/p>\n<p>&nbsp;<\/p>\n","protected":false},"featured_media":116677,"template":"","meta":{"_acf_changed":false},"product_brand":[],"product_cat":[6374,6408],"product_tag":[5635,5361,5457],"class_list":{"0":"post-98541","1":"product","2":"type-product","3":"status-publish","4":"has-post-thumbnail","6":"product_cat-art-ancien","7":"product_cat-tableaux-anciens-fr","8":"product_tag-art-fr","9":"product_tag-decoration-murale","10":"product_tag-paysage","12":"first","13":"outofstock","14":"taxable","15":"shipping-taxable","16":"product-type-simple"},"acf":[],"yoast_head":"<!-- This site is optimized with the Yoast SEO Premium plugin v27.5 (Yoast SEO v27.5) - https:\/\/yoast.com\/product\/yoast-seo-premium-wordpress\/ -->\n<title>Rudolf Swoboda paysage lacustre - Egidi MadeinItaly<\/title>\n<meta name=\"description\" content=\"Mettez une touche de vert sur votre mur avec ce tableau sign\u00e9 Rudolf Swoboda Tableaux anciens chic et raffin\u00e9 en vente sur Egidi MadeinItaly\" \/>\n<meta name=\"robots\" content=\"index, follow, max-snippet:-1, max-image-preview:large, max-video-preview:-1\" \/>\n<link rel=\"canonical\" href=\"https:\/\/egidimadeinitaly.com\/fr\/produit\/art-ancien\/tableaux-anciens-fr\/rudolf-swoboda-paysage-lacustre\/\" \/>\n<meta property=\"og:locale\" content=\"fr_FR\" \/>\n<meta property=\"og:type\" content=\"article\" \/>\n<meta property=\"og:title\" content=\"Rudolf Swoboda paysage lacustre\" \/>\n<meta property=\"og:description\" content=\"Paysage lacustre avec des personnages de la noblesse entour\u00e9s d\u2019une v\u00e9g\u00e9tation dense, d\u00e9but du XXe si\u00e8cle, sign\u00e9 et dat\u00e9 \u00ab Swoboda 1912 \u00bb.  &nbsp;\" \/>\n<meta property=\"og:url\" content=\"https:\/\/egidimadeinitaly.com\/fr\/produit\/art-ancien\/tableaux-anciens-fr\/rudolf-swoboda-paysage-lacustre\/\" \/>\n<meta property=\"og:site_name\" content=\"Egidi MadeinItaly\" \/>\n<meta property=\"article:publisher\" content=\"https:\/\/www.facebook.com\/egidimadeinitaly\/\" \/>\n<meta property=\"article:modified_time\" content=\"2025-04-22T17:20:57+00:00\" \/>\n<meta property=\"og:image\" content=\"https:\/\/egidimadeinitaly.com\/wp-content\/uploads\/2021\/09\/rudolf-swoboda-dipinto-1.jpg\" \/>\n\t<meta property=\"og:image:width\" content=\"900\" \/>\n\t<meta property=\"og:image:height\" content=\"900\" \/>\n\t<meta property=\"og:image:type\" content=\"image\/jpeg\" \/>\n<script type=\"application\/ld+json\" class=\"yoast-schema-graph\">{\"@context\":\"https:\\\/\\\/schema.org\",\"@graph\":[{\"@type\":\"WebPage\",\"@id\":\"https:\\\/\\\/egidimadeinitaly.com\\\/fr\\\/negozio\\\/art-ancien\\\/tableaux-anciens-fr\\\/rudolf-swoboda-paysage-lacustre\\\/\",\"url\":\"https:\\\/\\\/egidimadeinitaly.com\\\/fr\\\/produit\\\/art-ancien\\\/tableaux-anciens-fr\\\/rudolf-swoboda-paysage-lacustre\\\/\",\"name\":\"Rudolf Swoboda paysage lacustre - Egidi MadeinItaly\",\"isPartOf\":{\"@id\":\"https:\\\/\\\/egidimadeinitaly.com\\\/fr\\\/#website\"},\"primaryImageOfPage\":{\"@id\":\"https:\\\/\\\/egidimadeinitaly.com\\\/fr\\\/produit\\\/art-ancien\\\/tableaux-anciens-fr\\\/rudolf-swoboda-paysage-lacustre\\\/#primaryimage\"},\"image\":{\"@id\":\"https:\\\/\\\/egidimadeinitaly.com\\\/fr\\\/produit\\\/art-ancien\\\/tableaux-anciens-fr\\\/rudolf-swoboda-paysage-lacustre\\\/#primaryimage\"},\"thumbnailUrl\":\"https:\\\/\\\/egidimadeinitaly.com\\\/v25\\\/wp-content\\\/uploads\\\/2021\\\/09\\\/rudolf-swoboda-dipinto-1.jpg\",\"datePublished\":\"2021-09-28T15:41:08+00:00\",\"dateModified\":\"2025-04-22T17:20:57+00:00\",\"description\":\"Mettez une touche de vert sur votre mur avec ce tableau sign\u00e9 Rudolf Swoboda Tableaux anciens chic et raffin\u00e9 en vente sur Egidi MadeinItaly\",\"breadcrumb\":{\"@id\":\"https:\\\/\\\/egidimadeinitaly.com\\\/fr\\\/produit\\\/art-ancien\\\/tableaux-anciens-fr\\\/rudolf-swoboda-paysage-lacustre\\\/#breadcrumb\"},\"inLanguage\":\"fr-FR\",\"potentialAction\":[{\"@type\":\"ReadAction\",\"target\":[\"https:\\\/\\\/egidimadeinitaly.com\\\/fr\\\/produit\\\/art-ancien\\\/tableaux-anciens-fr\\\/rudolf-swoboda-paysage-lacustre\\\/\"]}]},{\"@type\":\"ImageObject\",\"inLanguage\":\"fr-FR\",\"@id\":\"https:\\\/\\\/egidimadeinitaly.com\\\/fr\\\/produit\\\/art-ancien\\\/tableaux-anciens-fr\\\/rudolf-swoboda-paysage-lacustre\\\/#primaryimage\",\"url\":\"https:\\\/\\\/egidimadeinitaly.com\\\/v25\\\/wp-content\\\/uploads\\\/2021\\\/09\\\/rudolf-swoboda-dipinto-1.jpg\",\"contentUrl\":\"https:\\\/\\\/egidimadeinitaly.com\\\/v25\\\/wp-content\\\/uploads\\\/2021\\\/09\\\/rudolf-swoboda-dipinto-1.jpg\",\"width\":900,\"height\":900,\"caption\":\"Rudolf Swoboda dipinto\"},{\"@type\":\"BreadcrumbList\",\"@id\":\"https:\\\/\\\/egidimadeinitaly.com\\\/fr\\\/produit\\\/art-ancien\\\/tableaux-anciens-fr\\\/rudolf-swoboda-paysage-lacustre\\\/#breadcrumb\",\"itemListElement\":[{\"@type\":\"ListItem\",\"position\":1,\"name\":\"Home\",\"item\":\"https:\\\/\\\/egidimadeinitaly.com\\\/fr\\\/\"},{\"@type\":\"ListItem\",\"position\":2,\"name\":\"Produits\",\"item\":\"https:\\\/\\\/egidimadeinitaly.com\\\/fr\\\/shop\\\/\"},{\"@type\":\"ListItem\",\"position\":3,\"name\":\"Art ancien\",\"item\":\"https:\\\/\\\/egidimadeinitaly.com\\\/fr\\\/product-category\\\/art-ancien\\\/\"},{\"@type\":\"ListItem\",\"position\":4,\"name\":\"Tableaux anciens\",\"item\":\"https:\\\/\\\/egidimadeinitaly.com\\\/fr\\\/product-category\\\/art-ancien\\\/tableaux-anciens-fr\\\/\"},{\"@type\":\"ListItem\",\"position\":5,\"name\":\"Rudolf Swoboda paysage lacustre\"}]},{\"@type\":\"WebSite\",\"@id\":\"https:\\\/\\\/egidimadeinitaly.com\\\/fr\\\/#website\",\"url\":\"https:\\\/\\\/egidimadeinitaly.com\\\/fr\\\/\",\"name\":\"Egidi MadeinItaly\",\"description\":\"Fine Art\",\"potentialAction\":[{\"@type\":\"SearchAction\",\"target\":{\"@type\":\"EntryPoint\",\"urlTemplate\":\"https:\\\/\\\/egidimadeinitaly.com\\\/fr\\\/?s={search_term_string}\"},\"query-input\":{\"@type\":\"PropertyValueSpecification\",\"valueRequired\":true,\"valueName\":\"search_term_string\"}}],\"inLanguage\":\"fr-FR\"}]}<\/script>\n<!-- \/ Yoast SEO Premium plugin. -->","yoast_head_json":{"title":"Rudolf Swoboda paysage lacustre - Egidi MadeinItaly","description":"Mettez une touche de vert sur votre mur avec ce tableau sign\u00e9 Rudolf Swoboda Tableaux anciens chic et raffin\u00e9 en vente sur Egidi MadeinItaly","robots":{"index":"index","follow":"follow","max-snippet":"max-snippet:-1","max-image-preview":"max-image-preview:large","max-video-preview":"max-video-preview:-1"},"canonical":"https:\/\/egidimadeinitaly.com\/fr\/produit\/art-ancien\/tableaux-anciens-fr\/rudolf-swoboda-paysage-lacustre\/","og_locale":"fr_FR","og_type":"article","og_title":"Rudolf Swoboda paysage lacustre","og_description":"Paysage lacustre avec des personnages de la noblesse entour\u00e9s d\u2019une v\u00e9g\u00e9tation dense, d\u00e9but du XXe si\u00e8cle, sign\u00e9 et dat\u00e9 \u00ab Swoboda 1912 \u00bb.  &nbsp;","og_url":"https:\/\/egidimadeinitaly.com\/fr\/produit\/art-ancien\/tableaux-anciens-fr\/rudolf-swoboda-paysage-lacustre\/","og_site_name":"Egidi MadeinItaly","article_publisher":"https:\/\/www.facebook.com\/egidimadeinitaly\/","article_modified_time":"2025-04-22T17:20:57+00:00","og_image":[{"width":900,"height":900,"url":"https:\/\/egidimadeinitaly.com\/wp-content\/uploads\/2021\/09\/rudolf-swoboda-dipinto-1.jpg","type":"image\/jpeg"}],"schema":{"@context":"https:\/\/schema.org","@graph":[{"@type":"WebPage","@id":"https:\/\/egidimadeinitaly.com\/fr\/negozio\/art-ancien\/tableaux-anciens-fr\/rudolf-swoboda-paysage-lacustre\/","url":"https:\/\/egidimadeinitaly.com\/fr\/produit\/art-ancien\/tableaux-anciens-fr\/rudolf-swoboda-paysage-lacustre\/","name":"Rudolf Swoboda paysage lacustre - Egidi MadeinItaly","isPartOf":{"@id":"https:\/\/egidimadeinitaly.com\/fr\/#website"},"primaryImageOfPage":{"@id":"https:\/\/egidimadeinitaly.com\/fr\/produit\/art-ancien\/tableaux-anciens-fr\/rudolf-swoboda-paysage-lacustre\/#primaryimage"},"image":{"@id":"https:\/\/egidimadeinitaly.com\/fr\/produit\/art-ancien\/tableaux-anciens-fr\/rudolf-swoboda-paysage-lacustre\/#primaryimage"},"thumbnailUrl":"https:\/\/egidimadeinitaly.com\/v25\/wp-content\/uploads\/2021\/09\/rudolf-swoboda-dipinto-1.jpg","datePublished":"2021-09-28T15:41:08+00:00","dateModified":"2025-04-22T17:20:57+00:00","description":"Mettez une touche de vert sur votre mur avec ce tableau sign\u00e9 Rudolf Swoboda Tableaux anciens chic et raffin\u00e9 en vente sur Egidi MadeinItaly","breadcrumb":{"@id":"https:\/\/egidimadeinitaly.com\/fr\/produit\/art-ancien\/tableaux-anciens-fr\/rudolf-swoboda-paysage-lacustre\/#breadcrumb"},"inLanguage":"fr-FR","potentialAction":[{"@type":"ReadAction","target":["https:\/\/egidimadeinitaly.com\/fr\/produit\/art-ancien\/tableaux-anciens-fr\/rudolf-swoboda-paysage-lacustre\/"]}]},{"@type":"ImageObject","inLanguage":"fr-FR","@id":"https:\/\/egidimadeinitaly.com\/fr\/produit\/art-ancien\/tableaux-anciens-fr\/rudolf-swoboda-paysage-lacustre\/#primaryimage","url":"https:\/\/egidimadeinitaly.com\/v25\/wp-content\/uploads\/2021\/09\/rudolf-swoboda-dipinto-1.jpg","contentUrl":"https:\/\/egidimadeinitaly.com\/v25\/wp-content\/uploads\/2021\/09\/rudolf-swoboda-dipinto-1.jpg","width":900,"height":900,"caption":"Rudolf Swoboda dipinto"},{"@type":"BreadcrumbList","@id":"https:\/\/egidimadeinitaly.com\/fr\/produit\/art-ancien\/tableaux-anciens-fr\/rudolf-swoboda-paysage-lacustre\/#breadcrumb","itemListElement":[{"@type":"ListItem","position":1,"name":"Home","item":"https:\/\/egidimadeinitaly.com\/fr\/"},{"@type":"ListItem","position":2,"name":"Produits","item":"https:\/\/egidimadeinitaly.com\/fr\/shop\/"},{"@type":"ListItem","position":3,"name":"Art ancien","item":"https:\/\/egidimadeinitaly.com\/fr\/product-category\/art-ancien\/"},{"@type":"ListItem","position":4,"name":"Tableaux anciens","item":"https:\/\/egidimadeinitaly.com\/fr\/product-category\/art-ancien\/tableaux-anciens-fr\/"},{"@type":"ListItem","position":5,"name":"Rudolf Swoboda paysage lacustre"}]},{"@type":"WebSite","@id":"https:\/\/egidimadeinitaly.com\/fr\/#website","url":"https:\/\/egidimadeinitaly.com\/fr\/","name":"Egidi MadeinItaly","description":"Fine Art","potentialAction":[{"@type":"SearchAction","target":{"@type":"EntryPoint","urlTemplate":"https:\/\/egidimadeinitaly.com\/fr\/?s={search_term_string}"},"query-input":{"@type":"PropertyValueSpecification","valueRequired":true,"valueName":"search_term_string"}}],"inLanguage":"fr-FR"}]}},"_links":{"self":[{"href":"https:\/\/egidimadeinitaly.com\/fr\/wp-json\/wp\/v2\/product\/98541","targetHints":{"allow":["GET"]}}],"collection":[{"href":"https:\/\/egidimadeinitaly.com\/fr\/wp-json\/wp\/v2\/product"}],"about":[{"href":"https:\/\/egidimadeinitaly.com\/fr\/wp-json\/wp\/v2\/types\/product"}],"wp:featuredmedia":[{"embeddable":true,"href":"https:\/\/egidimadeinitaly.com\/fr\/wp-json\/wp\/v2\/media\/116677"}],"wp:attachment":[{"href":"https:\/\/egidimadeinitaly.com\/fr\/wp-json\/wp\/v2\/media?parent=98541"}],"wp:term":[{"taxonomy":"product_brand","embeddable":true,"href":"https:\/\/egidimadeinitaly.com\/fr\/wp-json\/wp\/v2\/product_brand?post=98541"},{"taxonomy":"product_cat","embeddable":true,"href":"https:\/\/egidimadeinitaly.com\/fr\/wp-json\/wp\/v2\/product_cat?post=98541"},{"taxonomy":"product_tag","embeddable":true,"href":"https:\/\/egidimadeinitaly.com\/fr\/wp-json\/wp\/v2\/product_tag?post=98541"}],"curies":[{"name":"wp","href":"https:\/\/api.w.org\/{rel}","templated":true}]}}