{"id":98111,"date":"2024-01-15T14:52:41","date_gmt":"2024-01-15T13:52:41","guid":{"rendered":"http:\/\/egidimadeinitaly.demonewlogic.it\/?post_type=product&#038;p=98111"},"modified":"2025-08-12T08:32:56","modified_gmt":"2025-08-12T07:32:56","slug":"arthur-augustus-dixon-peinture-ancienne","status":"publish","type":"product","link":"https:\/\/egidimadeinitaly.com\/fr\/negozio\/art-ancien\/tableaux-anciens-fr\/arthur-augustus-dixon-peinture-ancienne\/","title":{"rendered":"Arthur Augustus Dixon peinture ancienne"},"content":{"rendered":"<div class=\"wpb-content-wrapper\"><p>[vc_row][vc_column][vc_column_text uncode_shortcode_id=\u00a0\u00bb145390&Prime;]<\/p>\n<h2>Arthur Dixon le pr\u00e9curseur de la peinture pr\u00e9rapha\u00e9lite<\/h2>\n<p>D\u00e8s son plus jeune \u00e2ge, <strong>Arthur A. Dixon<\/strong> a \u00e9t\u00e9 reconnu pour son talent, ce qui lui a permis d\u2019exposer ses \u0153uvres \u00e0 Londres, sa ville natale.<\/p>\n<p>Il n\u2019a que vingt-quatre ans lorsque ses tableaux sont pr\u00e9sent\u00e9s \u00e0 la <em>Royal Academy of Art<\/em> et \u00e0 la <em>Royal Society of British Artists<\/em>.<\/p>\n<p>C\u2019est \u00e0 cette p\u00e9riode que nous pouvons dater cette \u0153uvre sublime qui repr\u00e9sente une m\u00e8re tenant sa petite fille dans les bras.<\/p>\n<p>Avant de devenir l\u2019illustrateur le plus c\u00e9l\u00e8bre de son \u00e9poque, Arthur Dixon fut un <strong>pr\u00e9curseur de la peinture pr\u00e9rapha\u00e9lite<\/strong>.<\/p>\n<p>Tout dans ce tableau, du style aux couleurs, nous rappelle les \u0153uvres d\u2019artistes tels que John Everett Millais, Dante Gabriel Rossetti ou Edward Burne-Jones.<\/p>\n<p>Des gracieuses princesses aux tenues iris\u00e9es en passant par les sc\u00e8nes bibliques, jusqu\u2019aux chevaliers en armatures scintillantes, le signe artistique d\u2019Arthur Dixon est toujours \u00e0 des niveaux extraordinaires.<\/p>\n<p>Il a peint beaucoup de sc\u00e8nes romantiques, amoureuses et po\u00e9tiques, sans jamais sombrer dans le sentimentalisme ou l\u2019acad\u00e9misme.<\/p>\n<p>Comme le montre parfaitement ce tableau, il r\u00e9ussit \u00e0 repr\u00e9senter l\u2019amour maternel avec un \u00e9quilibre parfait gr\u00e2ce \u00e0 une technique picturale tr\u00e8s douce et toujours lucide[\/vc_column_text][\/vc_column][\/vc_row]<\/p>\n<\/div>","protected":false},"excerpt":{"rendered":"<p>Cet agr\u00e9able tableau est une \u0153uvre d\u2019<strong>Arthur Augustus Dixon<\/strong>, grand artiste anglais qui a v\u00e9cu entre la fin du XIXe si\u00e8cle et le d\u00e9but du XXe si\u00e8cle.<\/p>\n<p>Il repr\u00e9sente une jeune femme de profil, avec de longs cheveux flottants, assise \u00e0 c\u00f4t\u00e9 d\u2019une petite fille blottie contre elle et tenant un coquillage dans les mains.<\/p>\n<p>Le tableau est certainement le portrait de sa femme <strong>Cecil Elsie Sowerby<\/strong> avec <strong>leur fille Elsie<\/strong>.<\/p>\n<p>Le grand-p\u00e8re d\u2019Elsie \u00e9tait un c\u00e9l\u00e8bre <em>expert en coquillages et en malacologie<\/em>, ce qui explique la pr\u00e9sence du beau coquillage qu\u2019Elsie tient dans ses mains.<\/p>\n<p>En raison du sujet, de l\u2019\u00e9poque et du style, il s\u2019agit d\u2019une \u0153uvre extr\u00eamement rare.<\/p>\n","protected":false},"featured_media":98092,"template":"","meta":{"_acf_changed":false},"product_brand":[],"product_cat":[6374,6408],"product_tag":[5732,5361,5492],"class_list":{"0":"post-98111","1":"product","2":"type-product","3":"status-publish","4":"has-post-thumbnail","6":"product_cat-art-ancien","7":"product_cat-tableaux-anciens-fr","8":"product_tag-beaux-arts-fr","9":"product_tag-decoration-murale","10":"product_tag-portraits-fr","12":"first","13":"outofstock","14":"taxable","15":"shipping-taxable","16":"product-type-simple"},"acf":[],"yoast_head":"<!-- This site is optimized with the Yoast SEO Premium plugin v27.3 (Yoast SEO v27.4) - https:\/\/yoast.com\/product\/yoast-seo-premium-wordpress\/ -->\n<title>Arthur Augustus Dixon peinture ancienne - Egidi MadeinItaly<\/title>\n<meta name=\"description\" content=\"Oeuvre de l&#039;artiste pr\u00e9rapha\u00e9lite Arthur Augustus Dixon Un investissement pour vous. Un cadeau de mariage Tableau ancien en vente sur Egidi MadeinItaly\" \/>\n<meta name=\"robots\" content=\"index, follow, max-snippet:-1, max-image-preview:large, max-video-preview:-1\" \/>\n<link rel=\"canonical\" href=\"https:\/\/egidimadeinitaly.com\/fr\/negozio\/art-ancien\/tableaux-anciens-fr\/arthur-augustus-dixon-peinture-ancienne\/\" \/>\n<meta property=\"og:locale\" content=\"fr_FR\" \/>\n<meta property=\"og:type\" content=\"article\" \/>\n<meta property=\"og:title\" content=\"Arthur Augustus Dixon peinture ancienne\" \/>\n<meta property=\"og:description\" content=\"Cet agr\u00e9able tableau est une \u0153uvre d\u2019Arthur Augustus Dixon, grand artiste anglais qui a v\u00e9cu entre la fin du XIXe si\u00e8cle et le d\u00e9but du XXe si\u00e8cle.  Il repr\u00e9sente une jeune femme de profil, avec de longs cheveux flottants, assise \u00e0 c\u00f4t\u00e9 d\u2019une petite fille blottie contre elle et tenant un coquillage dans les mains.  Le tableau est certainement le portrait de sa femme Cecil Elsie Sowerby avec leur fille Elsie.  Le grand-p\u00e8re d\u2019Elsie \u00e9tait un c\u00e9l\u00e8bre expert en coquillages et en malacologie, ce qui explique la pr\u00e9sence du beau coquillage qu\u2019Elsie tient dans ses mains.  En raison du sujet, de l\u2019\u00e9poque et du style, il s\u2019agit d\u2019une \u0153uvre extr\u00eamement rare.\" \/>\n<meta property=\"og:url\" content=\"https:\/\/egidimadeinitaly.com\/fr\/negozio\/art-ancien\/tableaux-anciens-fr\/arthur-augustus-dixon-peinture-ancienne\/\" \/>\n<meta property=\"og:site_name\" content=\"Egidi MadeinItaly\" \/>\n<meta property=\"article:publisher\" content=\"https:\/\/www.facebook.com\/egidimadeinitaly\/\" \/>\n<meta property=\"article:modified_time\" content=\"2025-08-12T07:32:56+00:00\" \/>\n<meta property=\"og:image\" content=\"https:\/\/egidimadeinitaly.com\/v25\/wp-content\/uploads\/2021\/03\/A1C6E7C5-3778-4D92-9B5F-3B5A64005297-e1722612883854.jpeg\" \/>\n\t<meta property=\"og:image:width\" content=\"657\" \/>\n\t<meta property=\"og:image:height\" content=\"1024\" \/>\n\t<meta property=\"og:image:type\" content=\"image\/jpeg\" \/>\n<script type=\"application\/ld+json\" class=\"yoast-schema-graph\">{\"@context\":\"https:\\\/\\\/schema.org\",\"@graph\":[{\"@type\":\"WebPage\",\"@id\":\"https:\\\/\\\/egidimadeinitaly.com\\\/fr\\\/negozio\\\/art-ancien\\\/tableaux-anciens-fr\\\/arthur-augustus-dixon-peinture-ancienne\\\/\",\"url\":\"https:\\\/\\\/egidimadeinitaly.com\\\/fr\\\/negozio\\\/art-ancien\\\/tableaux-anciens-fr\\\/arthur-augustus-dixon-peinture-ancienne\\\/\",\"name\":\"Arthur Augustus Dixon peinture ancienne - Egidi MadeinItaly\",\"isPartOf\":{\"@id\":\"https:\\\/\\\/egidimadeinitaly.com\\\/fr\\\/#website\"},\"primaryImageOfPage\":{\"@id\":\"https:\\\/\\\/egidimadeinitaly.com\\\/fr\\\/negozio\\\/art-ancien\\\/tableaux-anciens-fr\\\/arthur-augustus-dixon-peinture-ancienne\\\/#primaryimage\"},\"image\":{\"@id\":\"https:\\\/\\\/egidimadeinitaly.com\\\/fr\\\/negozio\\\/art-ancien\\\/tableaux-anciens-fr\\\/arthur-augustus-dixon-peinture-ancienne\\\/#primaryimage\"},\"thumbnailUrl\":\"https:\\\/\\\/egidimadeinitaly.com\\\/v25\\\/wp-content\\\/uploads\\\/2021\\\/03\\\/A1C6E7C5-3778-4D92-9B5F-3B5A64005297-e1722612883854.jpeg\",\"datePublished\":\"2024-01-15T13:52:41+00:00\",\"dateModified\":\"2025-08-12T07:32:56+00:00\",\"description\":\"Oeuvre de l'artiste pr\u00e9rapha\u00e9lite Arthur Augustus Dixon Un investissement pour vous. Un cadeau de mariage Tableau ancien en vente sur Egidi MadeinItaly\",\"breadcrumb\":{\"@id\":\"https:\\\/\\\/egidimadeinitaly.com\\\/fr\\\/negozio\\\/art-ancien\\\/tableaux-anciens-fr\\\/arthur-augustus-dixon-peinture-ancienne\\\/#breadcrumb\"},\"inLanguage\":\"fr-FR\",\"potentialAction\":[{\"@type\":\"ReadAction\",\"target\":[\"https:\\\/\\\/egidimadeinitaly.com\\\/fr\\\/negozio\\\/art-ancien\\\/tableaux-anciens-fr\\\/arthur-augustus-dixon-peinture-ancienne\\\/\"]}]},{\"@type\":\"ImageObject\",\"inLanguage\":\"fr-FR\",\"@id\":\"https:\\\/\\\/egidimadeinitaly.com\\\/fr\\\/negozio\\\/art-ancien\\\/tableaux-anciens-fr\\\/arthur-augustus-dixon-peinture-ancienne\\\/#primaryimage\",\"url\":\"https:\\\/\\\/egidimadeinitaly.com\\\/v25\\\/wp-content\\\/uploads\\\/2021\\\/03\\\/A1C6E7C5-3778-4D92-9B5F-3B5A64005297-e1722612883854.jpeg\",\"contentUrl\":\"https:\\\/\\\/egidimadeinitaly.com\\\/v25\\\/wp-content\\\/uploads\\\/2021\\\/03\\\/A1C6E7C5-3778-4D92-9B5F-3B5A64005297-e1722612883854.jpeg\",\"width\":657,\"height\":1024,\"caption\":\"Portait de Famille Arthur Augustus Dixon\"},{\"@type\":\"BreadcrumbList\",\"@id\":\"https:\\\/\\\/egidimadeinitaly.com\\\/fr\\\/negozio\\\/art-ancien\\\/tableaux-anciens-fr\\\/arthur-augustus-dixon-peinture-ancienne\\\/#breadcrumb\",\"itemListElement\":[{\"@type\":\"ListItem\",\"position\":1,\"name\":\"Home\",\"item\":\"https:\\\/\\\/egidimadeinitaly.com\\\/fr\\\/\"},{\"@type\":\"ListItem\",\"position\":2,\"name\":\"Produits\",\"item\":\"https:\\\/\\\/egidimadeinitaly.com\\\/fr\\\/shop\\\/\"},{\"@type\":\"ListItem\",\"position\":3,\"name\":\"Art ancien\",\"item\":\"https:\\\/\\\/egidimadeinitaly.com\\\/fr\\\/product-category\\\/art-ancien\\\/\"},{\"@type\":\"ListItem\",\"position\":4,\"name\":\"Tableaux anciens\",\"item\":\"https:\\\/\\\/egidimadeinitaly.com\\\/fr\\\/product-category\\\/art-ancien\\\/tableaux-anciens-fr\\\/\"},{\"@type\":\"ListItem\",\"position\":5,\"name\":\"Arthur Augustus Dixon peinture ancienne\"}]},{\"@type\":\"WebSite\",\"@id\":\"https:\\\/\\\/egidimadeinitaly.com\\\/fr\\\/#website\",\"url\":\"https:\\\/\\\/egidimadeinitaly.com\\\/fr\\\/\",\"name\":\"Egidi MadeinItaly\",\"description\":\"Fine Art\",\"potentialAction\":[{\"@type\":\"SearchAction\",\"target\":{\"@type\":\"EntryPoint\",\"urlTemplate\":\"https:\\\/\\\/egidimadeinitaly.com\\\/fr\\\/?s={search_term_string}\"},\"query-input\":{\"@type\":\"PropertyValueSpecification\",\"valueRequired\":true,\"valueName\":\"search_term_string\"}}],\"inLanguage\":\"fr-FR\"}]}<\/script>\n<!-- \/ Yoast SEO Premium plugin. -->","yoast_head_json":{"title":"Arthur Augustus Dixon peinture ancienne - Egidi MadeinItaly","description":"Oeuvre de l'artiste pr\u00e9rapha\u00e9lite Arthur Augustus Dixon Un investissement pour vous. Un cadeau de mariage Tableau ancien en vente sur Egidi MadeinItaly","robots":{"index":"index","follow":"follow","max-snippet":"max-snippet:-1","max-image-preview":"max-image-preview:large","max-video-preview":"max-video-preview:-1"},"canonical":"https:\/\/egidimadeinitaly.com\/fr\/negozio\/art-ancien\/tableaux-anciens-fr\/arthur-augustus-dixon-peinture-ancienne\/","og_locale":"fr_FR","og_type":"article","og_title":"Arthur Augustus Dixon peinture ancienne","og_description":"Cet agr\u00e9able tableau est une \u0153uvre d\u2019Arthur Augustus Dixon, grand artiste anglais qui a v\u00e9cu entre la fin du XIXe si\u00e8cle et le d\u00e9but du XXe si\u00e8cle.  Il repr\u00e9sente une jeune femme de profil, avec de longs cheveux flottants, assise \u00e0 c\u00f4t\u00e9 d\u2019une petite fille blottie contre elle et tenant un coquillage dans les mains.  Le tableau est certainement le portrait de sa femme Cecil Elsie Sowerby avec leur fille Elsie.  Le grand-p\u00e8re d\u2019Elsie \u00e9tait un c\u00e9l\u00e8bre expert en coquillages et en malacologie, ce qui explique la pr\u00e9sence du beau coquillage qu\u2019Elsie tient dans ses mains.  En raison du sujet, de l\u2019\u00e9poque et du style, il s\u2019agit d\u2019une \u0153uvre extr\u00eamement rare.","og_url":"https:\/\/egidimadeinitaly.com\/fr\/negozio\/art-ancien\/tableaux-anciens-fr\/arthur-augustus-dixon-peinture-ancienne\/","og_site_name":"Egidi MadeinItaly","article_publisher":"https:\/\/www.facebook.com\/egidimadeinitaly\/","article_modified_time":"2025-08-12T07:32:56+00:00","og_image":[{"width":657,"height":1024,"url":"https:\/\/egidimadeinitaly.com\/v25\/wp-content\/uploads\/2021\/03\/A1C6E7C5-3778-4D92-9B5F-3B5A64005297-e1722612883854.jpeg","type":"image\/jpeg"}],"schema":{"@context":"https:\/\/schema.org","@graph":[{"@type":"WebPage","@id":"https:\/\/egidimadeinitaly.com\/fr\/negozio\/art-ancien\/tableaux-anciens-fr\/arthur-augustus-dixon-peinture-ancienne\/","url":"https:\/\/egidimadeinitaly.com\/fr\/negozio\/art-ancien\/tableaux-anciens-fr\/arthur-augustus-dixon-peinture-ancienne\/","name":"Arthur Augustus Dixon peinture ancienne - Egidi MadeinItaly","isPartOf":{"@id":"https:\/\/egidimadeinitaly.com\/fr\/#website"},"primaryImageOfPage":{"@id":"https:\/\/egidimadeinitaly.com\/fr\/negozio\/art-ancien\/tableaux-anciens-fr\/arthur-augustus-dixon-peinture-ancienne\/#primaryimage"},"image":{"@id":"https:\/\/egidimadeinitaly.com\/fr\/negozio\/art-ancien\/tableaux-anciens-fr\/arthur-augustus-dixon-peinture-ancienne\/#primaryimage"},"thumbnailUrl":"https:\/\/egidimadeinitaly.com\/v25\/wp-content\/uploads\/2021\/03\/A1C6E7C5-3778-4D92-9B5F-3B5A64005297-e1722612883854.jpeg","datePublished":"2024-01-15T13:52:41+00:00","dateModified":"2025-08-12T07:32:56+00:00","description":"Oeuvre de l'artiste pr\u00e9rapha\u00e9lite Arthur Augustus Dixon Un investissement pour vous. Un cadeau de mariage Tableau ancien en vente sur Egidi MadeinItaly","breadcrumb":{"@id":"https:\/\/egidimadeinitaly.com\/fr\/negozio\/art-ancien\/tableaux-anciens-fr\/arthur-augustus-dixon-peinture-ancienne\/#breadcrumb"},"inLanguage":"fr-FR","potentialAction":[{"@type":"ReadAction","target":["https:\/\/egidimadeinitaly.com\/fr\/negozio\/art-ancien\/tableaux-anciens-fr\/arthur-augustus-dixon-peinture-ancienne\/"]}]},{"@type":"ImageObject","inLanguage":"fr-FR","@id":"https:\/\/egidimadeinitaly.com\/fr\/negozio\/art-ancien\/tableaux-anciens-fr\/arthur-augustus-dixon-peinture-ancienne\/#primaryimage","url":"https:\/\/egidimadeinitaly.com\/v25\/wp-content\/uploads\/2021\/03\/A1C6E7C5-3778-4D92-9B5F-3B5A64005297-e1722612883854.jpeg","contentUrl":"https:\/\/egidimadeinitaly.com\/v25\/wp-content\/uploads\/2021\/03\/A1C6E7C5-3778-4D92-9B5F-3B5A64005297-e1722612883854.jpeg","width":657,"height":1024,"caption":"Portait de Famille Arthur Augustus Dixon"},{"@type":"BreadcrumbList","@id":"https:\/\/egidimadeinitaly.com\/fr\/negozio\/art-ancien\/tableaux-anciens-fr\/arthur-augustus-dixon-peinture-ancienne\/#breadcrumb","itemListElement":[{"@type":"ListItem","position":1,"name":"Home","item":"https:\/\/egidimadeinitaly.com\/fr\/"},{"@type":"ListItem","position":2,"name":"Produits","item":"https:\/\/egidimadeinitaly.com\/fr\/shop\/"},{"@type":"ListItem","position":3,"name":"Art ancien","item":"https:\/\/egidimadeinitaly.com\/fr\/product-category\/art-ancien\/"},{"@type":"ListItem","position":4,"name":"Tableaux anciens","item":"https:\/\/egidimadeinitaly.com\/fr\/product-category\/art-ancien\/tableaux-anciens-fr\/"},{"@type":"ListItem","position":5,"name":"Arthur Augustus Dixon peinture ancienne"}]},{"@type":"WebSite","@id":"https:\/\/egidimadeinitaly.com\/fr\/#website","url":"https:\/\/egidimadeinitaly.com\/fr\/","name":"Egidi MadeinItaly","description":"Fine Art","potentialAction":[{"@type":"SearchAction","target":{"@type":"EntryPoint","urlTemplate":"https:\/\/egidimadeinitaly.com\/fr\/?s={search_term_string}"},"query-input":{"@type":"PropertyValueSpecification","valueRequired":true,"valueName":"search_term_string"}}],"inLanguage":"fr-FR"}]}},"_links":{"self":[{"href":"https:\/\/egidimadeinitaly.com\/fr\/wp-json\/wp\/v2\/product\/98111","targetHints":{"allow":["GET"]}}],"collection":[{"href":"https:\/\/egidimadeinitaly.com\/fr\/wp-json\/wp\/v2\/product"}],"about":[{"href":"https:\/\/egidimadeinitaly.com\/fr\/wp-json\/wp\/v2\/types\/product"}],"wp:featuredmedia":[{"embeddable":true,"href":"https:\/\/egidimadeinitaly.com\/fr\/wp-json\/wp\/v2\/media\/98092"}],"wp:attachment":[{"href":"https:\/\/egidimadeinitaly.com\/fr\/wp-json\/wp\/v2\/media?parent=98111"}],"wp:term":[{"taxonomy":"product_brand","embeddable":true,"href":"https:\/\/egidimadeinitaly.com\/fr\/wp-json\/wp\/v2\/product_brand?post=98111"},{"taxonomy":"product_cat","embeddable":true,"href":"https:\/\/egidimadeinitaly.com\/fr\/wp-json\/wp\/v2\/product_cat?post=98111"},{"taxonomy":"product_tag","embeddable":true,"href":"https:\/\/egidimadeinitaly.com\/fr\/wp-json\/wp\/v2\/product_tag?post=98111"}],"curies":[{"name":"wp","href":"https:\/\/api.w.org\/{rel}","templated":true}]}}