{"id":96698,"date":"2021-03-12T08:02:12","date_gmt":"2021-03-12T07:02:12","guid":{"rendered":"https:\/\/egidimadeinitaly.com\/ecomsite\/?post_type=product&#038;p=96698"},"modified":"2024-12-19T11:22:50","modified_gmt":"2024-12-19T10:22:50","slug":"suspension-cocoon-achille-castiglioni","status":"publish","type":"product","link":"https:\/\/egidimadeinitaly.com\/fr\/negozio\/objets-dart\/objets-dart-modernes\/suspension-cocoon-achille-castiglioni\/","title":{"rendered":"Suspension Cocoon Achille Castiglioni"},"content":{"rendered":"<p>La particularit\u00e9 de cette suspension culte des fr\u00e8res Castiglioni est le nouveau mat\u00e9riau employ\u00e9 pour la r\u00e9aliser. La structure interne est en acier recouvert de tr\u00e8s fines fibres de r\u00e9sine pulv\u00e9ris\u00e9es sur la structure, jusqu&rsquo;\u00e0 ce qu&rsquo;elles forment une sorte de tissage ayant l&rsquo;aspect d\u2019un cocoon.<\/p>\n<p>&nbsp;<\/p>\n<p>&nbsp;<\/p>\n","protected":false},"excerpt":{"rendered":"<p>Suspension <em>Cocoon<\/em> con\u00e7ue par Achille et Pier Giacomo Castiglioni pour Flos.<\/p>\n<p>&nbsp;<\/p>\n<p>&nbsp;<\/p>\n","protected":false},"featured_media":96572,"template":"","meta":{"_acf_changed":false},"product_brand":[],"product_cat":[6412,6492],"product_tag":[5436,1254,5079,2610],"class_list":{"0":"post-96698","1":"product","2":"type-product","3":"status-publish","4":"has-post-thumbnail","6":"product_cat-objets-dart-modernes","7":"product_cat-objets-dart","8":"product_tag-annees-60-fr","9":"product_tag-design-italien-fr","10":"product_tag-vintage-fr","11":"product_tag-xx-siecle","13":"first","14":"outofstock","15":"taxable","16":"shipping-taxable","17":"product-type-simple"},"acf":[],"yoast_head":"<!-- This site is optimized with the Yoast SEO Premium plugin v27.3 (Yoast SEO v27.4) - https:\/\/yoast.com\/product\/yoast-seo-premium-wordpress\/ -->\n<title>Suspension Cocoon Achille Castiglioni - Egidi MadeinItaly<\/title>\n<meta name=\"description\" content=\"Suspension Cocoon Achille Castiglioni pour Flos de ann\u00e9\u00e9s 60 Objets d&#039;art moderne en vente sur Egidi MadeinItaly e-commerce\" \/>\n<meta name=\"robots\" content=\"index, follow, max-snippet:-1, max-image-preview:large, max-video-preview:-1\" \/>\n<link rel=\"canonical\" href=\"https:\/\/egidimadeinitaly.com\/fr\/produit\/objets-dart\/objets-dart-modernes\/suspension-cocoon-achille-castiglioni\/\" \/>\n<meta property=\"og:locale\" content=\"fr_FR\" \/>\n<meta property=\"og:type\" content=\"article\" \/>\n<meta property=\"og:title\" content=\"Suspension Cocoon Achille Castiglioni\" \/>\n<meta property=\"og:description\" content=\"Suspension Cocoon con\u00e7ue par Achille et Pier Giacomo Castiglioni pour Flos.  &nbsp;  &nbsp;\" \/>\n<meta property=\"og:url\" content=\"https:\/\/egidimadeinitaly.com\/fr\/produit\/objets-dart\/objets-dart-modernes\/suspension-cocoon-achille-castiglioni\/\" \/>\n<meta property=\"og:site_name\" content=\"Egidi MadeinItaly\" \/>\n<meta property=\"article:publisher\" content=\"https:\/\/www.facebook.com\/egidimadeinitaly\/\" \/>\n<meta property=\"article:modified_time\" content=\"2024-12-19T10:22:50+00:00\" \/>\n<meta property=\"og:image\" content=\"https:\/\/egidimadeinitaly.com\/wp-content\/uploads\/2021\/03\/2021-02-25-editate-2Mb-24-scaled-e1722616668289.jpg\" \/>\n\t<meta property=\"og:image:width\" content=\"800\" \/>\n\t<meta property=\"og:image:height\" content=\"600\" \/>\n\t<meta property=\"og:image:type\" content=\"image\/jpeg\" \/>\n<script type=\"application\/ld+json\" class=\"yoast-schema-graph\">{\"@context\":\"https:\\\/\\\/schema.org\",\"@graph\":[{\"@type\":\"WebPage\",\"@id\":\"https:\\\/\\\/egidimadeinitaly.com\\\/fr\\\/negozio\\\/objets-dart\\\/objets-dart-modernes\\\/suspension-cocoon-achille-castiglioni\\\/\",\"url\":\"https:\\\/\\\/egidimadeinitaly.com\\\/fr\\\/produit\\\/objets-dart\\\/objets-dart-modernes\\\/suspension-cocoon-achille-castiglioni\\\/\",\"name\":\"Suspension Cocoon Achille Castiglioni - Egidi MadeinItaly\",\"isPartOf\":{\"@id\":\"https:\\\/\\\/egidimadeinitaly.com\\\/fr\\\/#website\"},\"primaryImageOfPage\":{\"@id\":\"https:\\\/\\\/egidimadeinitaly.com\\\/fr\\\/produit\\\/objets-dart\\\/objets-dart-modernes\\\/suspension-cocoon-achille-castiglioni\\\/#primaryimage\"},\"image\":{\"@id\":\"https:\\\/\\\/egidimadeinitaly.com\\\/fr\\\/produit\\\/objets-dart\\\/objets-dart-modernes\\\/suspension-cocoon-achille-castiglioni\\\/#primaryimage\"},\"thumbnailUrl\":\"https:\\\/\\\/egidimadeinitaly.com\\\/v25\\\/wp-content\\\/uploads\\\/2021\\\/03\\\/2021-02-25-editate-2Mb-24-scaled-e1722616668289.jpg\",\"datePublished\":\"2021-03-12T07:02:12+00:00\",\"dateModified\":\"2024-12-19T10:22:50+00:00\",\"description\":\"Suspension Cocoon Achille Castiglioni pour Flos de ann\u00e9\u00e9s 60 Objets d'art moderne en vente sur Egidi MadeinItaly e-commerce\",\"breadcrumb\":{\"@id\":\"https:\\\/\\\/egidimadeinitaly.com\\\/fr\\\/produit\\\/objets-dart\\\/objets-dart-modernes\\\/suspension-cocoon-achille-castiglioni\\\/#breadcrumb\"},\"inLanguage\":\"fr-FR\",\"potentialAction\":[{\"@type\":\"ReadAction\",\"target\":[\"https:\\\/\\\/egidimadeinitaly.com\\\/fr\\\/produit\\\/objets-dart\\\/objets-dart-modernes\\\/suspension-cocoon-achille-castiglioni\\\/\"]}]},{\"@type\":\"ImageObject\",\"inLanguage\":\"fr-FR\",\"@id\":\"https:\\\/\\\/egidimadeinitaly.com\\\/fr\\\/produit\\\/objets-dart\\\/objets-dart-modernes\\\/suspension-cocoon-achille-castiglioni\\\/#primaryimage\",\"url\":\"https:\\\/\\\/egidimadeinitaly.com\\\/v25\\\/wp-content\\\/uploads\\\/2021\\\/03\\\/2021-02-25-editate-2Mb-24-scaled-e1722616668289.jpg\",\"contentUrl\":\"https:\\\/\\\/egidimadeinitaly.com\\\/v25\\\/wp-content\\\/uploads\\\/2021\\\/03\\\/2021-02-25-editate-2Mb-24-scaled-e1722616668289.jpg\",\"width\":800,\"height\":600,\"caption\":\"Achille Castiglioni Designer pour Flos\"},{\"@type\":\"BreadcrumbList\",\"@id\":\"https:\\\/\\\/egidimadeinitaly.com\\\/fr\\\/produit\\\/objets-dart\\\/objets-dart-modernes\\\/suspension-cocoon-achille-castiglioni\\\/#breadcrumb\",\"itemListElement\":[{\"@type\":\"ListItem\",\"position\":1,\"name\":\"Home\",\"item\":\"https:\\\/\\\/egidimadeinitaly.com\\\/fr\\\/\"},{\"@type\":\"ListItem\",\"position\":2,\"name\":\"Produits\",\"item\":\"https:\\\/\\\/egidimadeinitaly.com\\\/fr\\\/shop\\\/\"},{\"@type\":\"ListItem\",\"position\":3,\"name\":\"Objets d\u2019art\",\"item\":\"https:\\\/\\\/egidimadeinitaly.com\\\/fr\\\/product-category\\\/objets-dart\\\/\"},{\"@type\":\"ListItem\",\"position\":4,\"name\":\"Objets d'art modernes\",\"item\":\"https:\\\/\\\/egidimadeinitaly.com\\\/fr\\\/product-category\\\/objets-dart\\\/objets-dart-modernes\\\/\"},{\"@type\":\"ListItem\",\"position\":5,\"name\":\"Suspension Cocoon Achille Castiglioni\"}]},{\"@type\":\"WebSite\",\"@id\":\"https:\\\/\\\/egidimadeinitaly.com\\\/fr\\\/#website\",\"url\":\"https:\\\/\\\/egidimadeinitaly.com\\\/fr\\\/\",\"name\":\"Egidi MadeinItaly\",\"description\":\"Fine Art\",\"potentialAction\":[{\"@type\":\"SearchAction\",\"target\":{\"@type\":\"EntryPoint\",\"urlTemplate\":\"https:\\\/\\\/egidimadeinitaly.com\\\/fr\\\/?s={search_term_string}\"},\"query-input\":{\"@type\":\"PropertyValueSpecification\",\"valueRequired\":true,\"valueName\":\"search_term_string\"}}],\"inLanguage\":\"fr-FR\"}]}<\/script>\n<!-- \/ Yoast SEO Premium plugin. -->","yoast_head_json":{"title":"Suspension Cocoon Achille Castiglioni - Egidi MadeinItaly","description":"Suspension Cocoon Achille Castiglioni pour Flos de ann\u00e9\u00e9s 60 Objets d'art moderne en vente sur Egidi MadeinItaly e-commerce","robots":{"index":"index","follow":"follow","max-snippet":"max-snippet:-1","max-image-preview":"max-image-preview:large","max-video-preview":"max-video-preview:-1"},"canonical":"https:\/\/egidimadeinitaly.com\/fr\/produit\/objets-dart\/objets-dart-modernes\/suspension-cocoon-achille-castiglioni\/","og_locale":"fr_FR","og_type":"article","og_title":"Suspension Cocoon Achille Castiglioni","og_description":"Suspension Cocoon con\u00e7ue par Achille et Pier Giacomo Castiglioni pour Flos.  &nbsp;  &nbsp;","og_url":"https:\/\/egidimadeinitaly.com\/fr\/produit\/objets-dart\/objets-dart-modernes\/suspension-cocoon-achille-castiglioni\/","og_site_name":"Egidi MadeinItaly","article_publisher":"https:\/\/www.facebook.com\/egidimadeinitaly\/","article_modified_time":"2024-12-19T10:22:50+00:00","og_image":[{"width":800,"height":600,"url":"https:\/\/egidimadeinitaly.com\/wp-content\/uploads\/2021\/03\/2021-02-25-editate-2Mb-24-scaled-e1722616668289.jpg","type":"image\/jpeg"}],"schema":{"@context":"https:\/\/schema.org","@graph":[{"@type":"WebPage","@id":"https:\/\/egidimadeinitaly.com\/fr\/negozio\/objets-dart\/objets-dart-modernes\/suspension-cocoon-achille-castiglioni\/","url":"https:\/\/egidimadeinitaly.com\/fr\/produit\/objets-dart\/objets-dart-modernes\/suspension-cocoon-achille-castiglioni\/","name":"Suspension Cocoon Achille Castiglioni - Egidi MadeinItaly","isPartOf":{"@id":"https:\/\/egidimadeinitaly.com\/fr\/#website"},"primaryImageOfPage":{"@id":"https:\/\/egidimadeinitaly.com\/fr\/produit\/objets-dart\/objets-dart-modernes\/suspension-cocoon-achille-castiglioni\/#primaryimage"},"image":{"@id":"https:\/\/egidimadeinitaly.com\/fr\/produit\/objets-dart\/objets-dart-modernes\/suspension-cocoon-achille-castiglioni\/#primaryimage"},"thumbnailUrl":"https:\/\/egidimadeinitaly.com\/v25\/wp-content\/uploads\/2021\/03\/2021-02-25-editate-2Mb-24-scaled-e1722616668289.jpg","datePublished":"2021-03-12T07:02:12+00:00","dateModified":"2024-12-19T10:22:50+00:00","description":"Suspension Cocoon Achille Castiglioni pour Flos de ann\u00e9\u00e9s 60 Objets d'art moderne en vente sur Egidi MadeinItaly e-commerce","breadcrumb":{"@id":"https:\/\/egidimadeinitaly.com\/fr\/produit\/objets-dart\/objets-dart-modernes\/suspension-cocoon-achille-castiglioni\/#breadcrumb"},"inLanguage":"fr-FR","potentialAction":[{"@type":"ReadAction","target":["https:\/\/egidimadeinitaly.com\/fr\/produit\/objets-dart\/objets-dart-modernes\/suspension-cocoon-achille-castiglioni\/"]}]},{"@type":"ImageObject","inLanguage":"fr-FR","@id":"https:\/\/egidimadeinitaly.com\/fr\/produit\/objets-dart\/objets-dart-modernes\/suspension-cocoon-achille-castiglioni\/#primaryimage","url":"https:\/\/egidimadeinitaly.com\/v25\/wp-content\/uploads\/2021\/03\/2021-02-25-editate-2Mb-24-scaled-e1722616668289.jpg","contentUrl":"https:\/\/egidimadeinitaly.com\/v25\/wp-content\/uploads\/2021\/03\/2021-02-25-editate-2Mb-24-scaled-e1722616668289.jpg","width":800,"height":600,"caption":"Achille Castiglioni Designer pour Flos"},{"@type":"BreadcrumbList","@id":"https:\/\/egidimadeinitaly.com\/fr\/produit\/objets-dart\/objets-dart-modernes\/suspension-cocoon-achille-castiglioni\/#breadcrumb","itemListElement":[{"@type":"ListItem","position":1,"name":"Home","item":"https:\/\/egidimadeinitaly.com\/fr\/"},{"@type":"ListItem","position":2,"name":"Produits","item":"https:\/\/egidimadeinitaly.com\/fr\/shop\/"},{"@type":"ListItem","position":3,"name":"Objets d\u2019art","item":"https:\/\/egidimadeinitaly.com\/fr\/product-category\/objets-dart\/"},{"@type":"ListItem","position":4,"name":"Objets d'art modernes","item":"https:\/\/egidimadeinitaly.com\/fr\/product-category\/objets-dart\/objets-dart-modernes\/"},{"@type":"ListItem","position":5,"name":"Suspension Cocoon Achille Castiglioni"}]},{"@type":"WebSite","@id":"https:\/\/egidimadeinitaly.com\/fr\/#website","url":"https:\/\/egidimadeinitaly.com\/fr\/","name":"Egidi MadeinItaly","description":"Fine Art","potentialAction":[{"@type":"SearchAction","target":{"@type":"EntryPoint","urlTemplate":"https:\/\/egidimadeinitaly.com\/fr\/?s={search_term_string}"},"query-input":{"@type":"PropertyValueSpecification","valueRequired":true,"valueName":"search_term_string"}}],"inLanguage":"fr-FR"}]}},"_links":{"self":[{"href":"https:\/\/egidimadeinitaly.com\/fr\/wp-json\/wp\/v2\/product\/96698","targetHints":{"allow":["GET"]}}],"collection":[{"href":"https:\/\/egidimadeinitaly.com\/fr\/wp-json\/wp\/v2\/product"}],"about":[{"href":"https:\/\/egidimadeinitaly.com\/fr\/wp-json\/wp\/v2\/types\/product"}],"wp:featuredmedia":[{"embeddable":true,"href":"https:\/\/egidimadeinitaly.com\/fr\/wp-json\/wp\/v2\/media\/96572"}],"wp:attachment":[{"href":"https:\/\/egidimadeinitaly.com\/fr\/wp-json\/wp\/v2\/media?parent=96698"}],"wp:term":[{"taxonomy":"product_brand","embeddable":true,"href":"https:\/\/egidimadeinitaly.com\/fr\/wp-json\/wp\/v2\/product_brand?post=96698"},{"taxonomy":"product_cat","embeddable":true,"href":"https:\/\/egidimadeinitaly.com\/fr\/wp-json\/wp\/v2\/product_cat?post=96698"},{"taxonomy":"product_tag","embeddable":true,"href":"https:\/\/egidimadeinitaly.com\/fr\/wp-json\/wp\/v2\/product_tag?post=96698"}],"curies":[{"name":"wp","href":"https:\/\/api.w.org\/{rel}","templated":true}]}}