{"id":96488,"date":"2021-03-11T15:42:13","date_gmt":"2021-03-11T14:42:13","guid":{"rendered":"https:\/\/egidimadeinitaly.com\/ecomsite\/?post_type=product&#038;p=96488"},"modified":"2023-11-18T12:41:32","modified_gmt":"2023-11-18T11:41:32","slug":"lustre-napoleon-iii-en-cristal","status":"publish","type":"product","link":"https:\/\/egidimadeinitaly.com\/fr\/negozio\/objets-dart\/objets-dart-anciens-fr\/lustre-napoleon-iii-en-cristal\/","title":{"rendered":"Lustre Napol\u00e9on III en cristal"},"content":{"rendered":"<p>Une cascade de gouttes, de petites roses, de festons, de fils de perles, de strass et de cristaux font de ce\u00a0 lustre un \u00e9l\u00e9ment de d\u00e9coration sans pareil en terme d\u2019\u00e9l\u00e9gance, de splendeur et de glamour.<\/p>\n<p>100 % d\u2019origine, tous les \u00e9l\u00e9ments sont dans \u00e9tat de conservation exceptionnel.<\/p>\n<p>D\u2019\u00e9poque Napol\u00e9on III mais de style Luigi XV, \u00e0 la fois somptueux et sobres, ils s\u2019adaptent parfaitement \u00e0 tous les types de d\u00e9coration, du plus classique au plus tendance.<\/p>\n<p>D\u00e9crire ce lustre en d\u00e9tail n\u2019est pas chose ais\u00e9e vu la vari\u00e9t\u00e9 et la richesse des \u00e9l\u00e9ments qui les composent.<\/p>\n<p>Il est de forme arrondie avec huit lumi\u00e8res chacun, et pr\u00e9sentent toute une s\u00e9rie de cercles concentriques d\u00e9croissants dans la partie inf\u00e9rieure, qui se terminent par une tr\u00e8s belle boule en cristal enti\u00e8rement facett\u00e9e.<\/p>\n<p>Les innombrables pendeloques en cristal en forme de goutte aux formes et aux tailles les plus vari\u00e9es sont \u00e9galement taill\u00e9es \u00e0 la main.<\/p>\n<p>Le motif tr\u00e8s riche de la partie sup\u00e9rieure pr\u00e9sente toute une s\u00e9rie de d\u00e9corations raffin\u00e9es, suspendues \u00e0 des bras en m\u00e9tal arrondis qui forment des volutes \u00e9l\u00e9gantes.<\/p>\n<p>Des petits festons nacr\u00e9s, enrichis de petites fleurs en verre, terminent l\u2019extr\u00e9mit\u00e9 des bras par de tr\u00e8s belles d\u00e9corations en forme de marguerite.<\/p>\n<p>&nbsp;<\/p>\n<p>&nbsp;<\/p>\n<p>&nbsp;<\/p>\n","protected":false},"excerpt":{"rendered":"<p>Magnifique lustre en cristal et m\u00e9tal provenant d\u2019un palais italien.<\/p>\n<p>&nbsp;<\/p>\n","protected":false},"featured_media":96494,"template":"","meta":{"_acf_changed":false},"product_brand":[],"product_cat":[6406,6492],"product_tag":[5443],"class_list":{"0":"post-96488","1":"product","2":"type-product","3":"status-publish","4":"has-post-thumbnail","6":"product_cat-objets-dart-anciens-fr","7":"product_cat-objets-dart","8":"product_tag-xixeme-siecle","10":"first","11":"instock","12":"taxable","13":"shipping-taxable","14":"product-type-simple"},"acf":[],"yoast_head":"<!-- This site is optimized with the Yoast SEO Premium plugin v27.5 (Yoast SEO v27.5) - https:\/\/yoast.com\/product\/yoast-seo-premium-wordpress\/ -->\n<title>Lustre Napol\u00e9on III en cristal - Egidi MadeinItaly<\/title>\n<meta name=\"description\" content=\"Lustre en cristal pour \u00e9clairer votre int\u00e9rieur comme \u00e0 Versailles Objets d&#039;art anciens, luxe et \u00e9l\u00e9gance en vente sur Egidi MadeinItaly\" \/>\n<meta name=\"robots\" content=\"index, follow, max-snippet:-1, max-image-preview:large, max-video-preview:-1\" \/>\n<link rel=\"canonical\" href=\"https:\/\/egidimadeinitaly.com\/fr\/negozio\/objets-dart\/objets-dart-anciens-fr\/lustre-napoleon-iii-en-cristal\/\" \/>\n<meta property=\"og:locale\" content=\"fr_FR\" \/>\n<meta property=\"og:type\" content=\"article\" \/>\n<meta property=\"og:title\" content=\"Lustre Napol\u00e9on III en cristal\" \/>\n<meta property=\"og:description\" content=\"Magnifique lustre en cristal et m\u00e9tal provenant d\u2019un palais italien.  &nbsp;\" \/>\n<meta property=\"og:url\" content=\"https:\/\/egidimadeinitaly.com\/fr\/negozio\/objets-dart\/objets-dart-anciens-fr\/lustre-napoleon-iii-en-cristal\/\" \/>\n<meta property=\"og:site_name\" content=\"Egidi MadeinItaly\" \/>\n<meta property=\"article:publisher\" content=\"https:\/\/www.facebook.com\/egidimadeinitaly\/\" \/>\n<meta property=\"article:modified_time\" content=\"2023-11-18T11:41:32+00:00\" \/>\n<meta property=\"og:image\" content=\"https:\/\/egidimadeinitaly.com\/wp-content\/uploads\/2021\/03\/2021-02-24-quadrate-2Mb-2-scaled-e1722616314109.jpg\" \/>\n\t<meta property=\"og:image:width\" content=\"800\" \/>\n\t<meta property=\"og:image:height\" content=\"800\" \/>\n\t<meta property=\"og:image:type\" content=\"image\/jpeg\" \/>\n<script type=\"application\/ld+json\" class=\"yoast-schema-graph\">{\"@context\":\"https:\\\/\\\/schema.org\",\"@graph\":[{\"@type\":\"WebPage\",\"@id\":\"https:\\\/\\\/egidimadeinitaly.com\\\/fr\\\/negozio\\\/objets-dart\\\/objets-dart-anciens-fr\\\/lustre-napoleon-iii-en-cristal\\\/\",\"url\":\"https:\\\/\\\/egidimadeinitaly.com\\\/fr\\\/negozio\\\/objets-dart\\\/objets-dart-anciens-fr\\\/lustre-napoleon-iii-en-cristal\\\/\",\"name\":\"Lustre Napol\u00e9on III en cristal - Egidi MadeinItaly\",\"isPartOf\":{\"@id\":\"https:\\\/\\\/egidimadeinitaly.com\\\/fr\\\/#website\"},\"primaryImageOfPage\":{\"@id\":\"https:\\\/\\\/egidimadeinitaly.com\\\/fr\\\/negozio\\\/objets-dart\\\/objets-dart-anciens-fr\\\/lustre-napoleon-iii-en-cristal\\\/#primaryimage\"},\"image\":{\"@id\":\"https:\\\/\\\/egidimadeinitaly.com\\\/fr\\\/negozio\\\/objets-dart\\\/objets-dart-anciens-fr\\\/lustre-napoleon-iii-en-cristal\\\/#primaryimage\"},\"thumbnailUrl\":\"https:\\\/\\\/egidimadeinitaly.com\\\/v25\\\/wp-content\\\/uploads\\\/2021\\\/03\\\/2021-02-24-quadrate-2Mb-2-scaled-e1722616314109.jpg\",\"datePublished\":\"2021-03-11T14:42:13+00:00\",\"dateModified\":\"2023-11-18T11:41:32+00:00\",\"description\":\"Lustre en cristal pour \u00e9clairer votre int\u00e9rieur comme \u00e0 Versailles Objets d'art anciens, luxe et \u00e9l\u00e9gance en vente sur Egidi MadeinItaly\",\"breadcrumb\":{\"@id\":\"https:\\\/\\\/egidimadeinitaly.com\\\/fr\\\/negozio\\\/objets-dart\\\/objets-dart-anciens-fr\\\/lustre-napoleon-iii-en-cristal\\\/#breadcrumb\"},\"inLanguage\":\"fr-FR\",\"potentialAction\":[{\"@type\":\"ReadAction\",\"target\":[\"https:\\\/\\\/egidimadeinitaly.com\\\/fr\\\/negozio\\\/objets-dart\\\/objets-dart-anciens-fr\\\/lustre-napoleon-iii-en-cristal\\\/\"]}]},{\"@type\":\"ImageObject\",\"inLanguage\":\"fr-FR\",\"@id\":\"https:\\\/\\\/egidimadeinitaly.com\\\/fr\\\/negozio\\\/objets-dart\\\/objets-dart-anciens-fr\\\/lustre-napoleon-iii-en-cristal\\\/#primaryimage\",\"url\":\"https:\\\/\\\/egidimadeinitaly.com\\\/v25\\\/wp-content\\\/uploads\\\/2021\\\/03\\\/2021-02-24-quadrate-2Mb-2-scaled-e1722616314109.jpg\",\"contentUrl\":\"https:\\\/\\\/egidimadeinitaly.com\\\/v25\\\/wp-content\\\/uploads\\\/2021\\\/03\\\/2021-02-24-quadrate-2Mb-2-scaled-e1722616314109.jpg\",\"width\":800,\"height\":800,\"caption\":\"Lustre Napol\u00e9on III en cristal\"},{\"@type\":\"BreadcrumbList\",\"@id\":\"https:\\\/\\\/egidimadeinitaly.com\\\/fr\\\/negozio\\\/objets-dart\\\/objets-dart-anciens-fr\\\/lustre-napoleon-iii-en-cristal\\\/#breadcrumb\",\"itemListElement\":[{\"@type\":\"ListItem\",\"position\":1,\"name\":\"Home\",\"item\":\"https:\\\/\\\/egidimadeinitaly.com\\\/fr\\\/\"},{\"@type\":\"ListItem\",\"position\":2,\"name\":\"Produits\",\"item\":\"https:\\\/\\\/egidimadeinitaly.com\\\/fr\\\/shop\\\/\"},{\"@type\":\"ListItem\",\"position\":3,\"name\":\"Objets d\u2019art\",\"item\":\"https:\\\/\\\/egidimadeinitaly.com\\\/fr\\\/product-category\\\/objets-dart\\\/\"},{\"@type\":\"ListItem\",\"position\":4,\"name\":\"Objets d'art anciens\",\"item\":\"https:\\\/\\\/egidimadeinitaly.com\\\/fr\\\/product-category\\\/objets-dart\\\/objets-dart-anciens-fr\\\/\"},{\"@type\":\"ListItem\",\"position\":5,\"name\":\"Lustre Napol\u00e9on III en cristal\"}]},{\"@type\":\"WebSite\",\"@id\":\"https:\\\/\\\/egidimadeinitaly.com\\\/fr\\\/#website\",\"url\":\"https:\\\/\\\/egidimadeinitaly.com\\\/fr\\\/\",\"name\":\"Egidi MadeinItaly\",\"description\":\"Fine Art\",\"potentialAction\":[{\"@type\":\"SearchAction\",\"target\":{\"@type\":\"EntryPoint\",\"urlTemplate\":\"https:\\\/\\\/egidimadeinitaly.com\\\/fr\\\/?s={search_term_string}\"},\"query-input\":{\"@type\":\"PropertyValueSpecification\",\"valueRequired\":true,\"valueName\":\"search_term_string\"}}],\"inLanguage\":\"fr-FR\"}]}<\/script>\n<!-- \/ Yoast SEO Premium plugin. -->","yoast_head_json":{"title":"Lustre Napol\u00e9on III en cristal - Egidi MadeinItaly","description":"Lustre en cristal pour \u00e9clairer votre int\u00e9rieur comme \u00e0 Versailles Objets d'art anciens, luxe et \u00e9l\u00e9gance en vente sur Egidi MadeinItaly","robots":{"index":"index","follow":"follow","max-snippet":"max-snippet:-1","max-image-preview":"max-image-preview:large","max-video-preview":"max-video-preview:-1"},"canonical":"https:\/\/egidimadeinitaly.com\/fr\/negozio\/objets-dart\/objets-dart-anciens-fr\/lustre-napoleon-iii-en-cristal\/","og_locale":"fr_FR","og_type":"article","og_title":"Lustre Napol\u00e9on III en cristal","og_description":"Magnifique lustre en cristal et m\u00e9tal provenant d\u2019un palais italien.  &nbsp;","og_url":"https:\/\/egidimadeinitaly.com\/fr\/negozio\/objets-dart\/objets-dart-anciens-fr\/lustre-napoleon-iii-en-cristal\/","og_site_name":"Egidi MadeinItaly","article_publisher":"https:\/\/www.facebook.com\/egidimadeinitaly\/","article_modified_time":"2023-11-18T11:41:32+00:00","og_image":[{"width":800,"height":800,"url":"https:\/\/egidimadeinitaly.com\/wp-content\/uploads\/2021\/03\/2021-02-24-quadrate-2Mb-2-scaled-e1722616314109.jpg","type":"image\/jpeg"}],"schema":{"@context":"https:\/\/schema.org","@graph":[{"@type":"WebPage","@id":"https:\/\/egidimadeinitaly.com\/fr\/negozio\/objets-dart\/objets-dart-anciens-fr\/lustre-napoleon-iii-en-cristal\/","url":"https:\/\/egidimadeinitaly.com\/fr\/negozio\/objets-dart\/objets-dart-anciens-fr\/lustre-napoleon-iii-en-cristal\/","name":"Lustre Napol\u00e9on III en cristal - Egidi MadeinItaly","isPartOf":{"@id":"https:\/\/egidimadeinitaly.com\/fr\/#website"},"primaryImageOfPage":{"@id":"https:\/\/egidimadeinitaly.com\/fr\/negozio\/objets-dart\/objets-dart-anciens-fr\/lustre-napoleon-iii-en-cristal\/#primaryimage"},"image":{"@id":"https:\/\/egidimadeinitaly.com\/fr\/negozio\/objets-dart\/objets-dart-anciens-fr\/lustre-napoleon-iii-en-cristal\/#primaryimage"},"thumbnailUrl":"https:\/\/egidimadeinitaly.com\/v25\/wp-content\/uploads\/2021\/03\/2021-02-24-quadrate-2Mb-2-scaled-e1722616314109.jpg","datePublished":"2021-03-11T14:42:13+00:00","dateModified":"2023-11-18T11:41:32+00:00","description":"Lustre en cristal pour \u00e9clairer votre int\u00e9rieur comme \u00e0 Versailles Objets d'art anciens, luxe et \u00e9l\u00e9gance en vente sur Egidi MadeinItaly","breadcrumb":{"@id":"https:\/\/egidimadeinitaly.com\/fr\/negozio\/objets-dart\/objets-dart-anciens-fr\/lustre-napoleon-iii-en-cristal\/#breadcrumb"},"inLanguage":"fr-FR","potentialAction":[{"@type":"ReadAction","target":["https:\/\/egidimadeinitaly.com\/fr\/negozio\/objets-dart\/objets-dart-anciens-fr\/lustre-napoleon-iii-en-cristal\/"]}]},{"@type":"ImageObject","inLanguage":"fr-FR","@id":"https:\/\/egidimadeinitaly.com\/fr\/negozio\/objets-dart\/objets-dart-anciens-fr\/lustre-napoleon-iii-en-cristal\/#primaryimage","url":"https:\/\/egidimadeinitaly.com\/v25\/wp-content\/uploads\/2021\/03\/2021-02-24-quadrate-2Mb-2-scaled-e1722616314109.jpg","contentUrl":"https:\/\/egidimadeinitaly.com\/v25\/wp-content\/uploads\/2021\/03\/2021-02-24-quadrate-2Mb-2-scaled-e1722616314109.jpg","width":800,"height":800,"caption":"Lustre Napol\u00e9on III en cristal"},{"@type":"BreadcrumbList","@id":"https:\/\/egidimadeinitaly.com\/fr\/negozio\/objets-dart\/objets-dart-anciens-fr\/lustre-napoleon-iii-en-cristal\/#breadcrumb","itemListElement":[{"@type":"ListItem","position":1,"name":"Home","item":"https:\/\/egidimadeinitaly.com\/fr\/"},{"@type":"ListItem","position":2,"name":"Produits","item":"https:\/\/egidimadeinitaly.com\/fr\/shop\/"},{"@type":"ListItem","position":3,"name":"Objets d\u2019art","item":"https:\/\/egidimadeinitaly.com\/fr\/product-category\/objets-dart\/"},{"@type":"ListItem","position":4,"name":"Objets d'art anciens","item":"https:\/\/egidimadeinitaly.com\/fr\/product-category\/objets-dart\/objets-dart-anciens-fr\/"},{"@type":"ListItem","position":5,"name":"Lustre Napol\u00e9on III en cristal"}]},{"@type":"WebSite","@id":"https:\/\/egidimadeinitaly.com\/fr\/#website","url":"https:\/\/egidimadeinitaly.com\/fr\/","name":"Egidi MadeinItaly","description":"Fine Art","potentialAction":[{"@type":"SearchAction","target":{"@type":"EntryPoint","urlTemplate":"https:\/\/egidimadeinitaly.com\/fr\/?s={search_term_string}"},"query-input":{"@type":"PropertyValueSpecification","valueRequired":true,"valueName":"search_term_string"}}],"inLanguage":"fr-FR"}]}},"_links":{"self":[{"href":"https:\/\/egidimadeinitaly.com\/fr\/wp-json\/wp\/v2\/product\/96488","targetHints":{"allow":["GET"]}}],"collection":[{"href":"https:\/\/egidimadeinitaly.com\/fr\/wp-json\/wp\/v2\/product"}],"about":[{"href":"https:\/\/egidimadeinitaly.com\/fr\/wp-json\/wp\/v2\/types\/product"}],"wp:featuredmedia":[{"embeddable":true,"href":"https:\/\/egidimadeinitaly.com\/fr\/wp-json\/wp\/v2\/media\/96494"}],"wp:attachment":[{"href":"https:\/\/egidimadeinitaly.com\/fr\/wp-json\/wp\/v2\/media?parent=96488"}],"wp:term":[{"taxonomy":"product_brand","embeddable":true,"href":"https:\/\/egidimadeinitaly.com\/fr\/wp-json\/wp\/v2\/product_brand?post=96488"},{"taxonomy":"product_cat","embeddable":true,"href":"https:\/\/egidimadeinitaly.com\/fr\/wp-json\/wp\/v2\/product_cat?post=96488"},{"taxonomy":"product_tag","embeddable":true,"href":"https:\/\/egidimadeinitaly.com\/fr\/wp-json\/wp\/v2\/product_tag?post=96488"}],"curies":[{"name":"wp","href":"https:\/\/api.w.org\/{rel}","templated":true}]}}