{"id":96017,"date":"2021-09-13T12:37:38","date_gmt":"2021-09-13T11:37:38","guid":{"rendered":"https:\/\/egidimadeinitaly.com\/ecomsite\/negozio\/non%20class\u00e9\/tableau-signe-wilfrid-constant-beauquesne\/"},"modified":"2024-11-28T18:39:13","modified_gmt":"2024-11-28T17:39:13","slug":"tableau-signe-wilfrid-constant-beauquesne","status":"publish","type":"product","link":"https:\/\/egidimadeinitaly.com\/fr\/negozio\/art-ancien\/tableaux-anciens-fr\/tableau-signe-wilfrid-constant-beauquesne\/","title":{"rendered":"Tableau Sign\u00e9 Wilfrid Constant Beauquesne"},"content":{"rendered":"<p>Au premier plan, deux hommes discutent vivement et une femme tente de repousser un homme. Un enfant s\u2019amuse \u00e0 agiter un petit drapeau rouge. Derri\u00e8re eux, des centaines de manifestants portent des fusils et des drapeaux.<\/p>\n<p>Sign\u00e9 en bas \u00e0 droite.<\/p>\n<p>Un tr\u00e8s beau cadre dor\u00e9 entoure la toile. Le tableau est en excellent \u00e9tat et provient d\u2019une collection priv\u00e9e.<\/p>\n<p>&nbsp;<\/p>\n<p>&nbsp;<\/p>\n<p>&nbsp;<\/p>\n","protected":false},"excerpt":{"rendered":"<p>Huile sur toile repr\u00e9sentant plusieurs personnages descendus dans la rue.<\/p>\n<p>&nbsp;<\/p>\n","protected":false},"featured_media":95415,"template":"","meta":{"_acf_changed":false},"product_brand":[],"product_cat":[6374,6408],"product_tag":[5635,5732,5361,5306,5443],"class_list":{"0":"post-96017","1":"product","2":"type-product","3":"status-publish","4":"has-post-thumbnail","6":"product_cat-art-ancien","7":"product_cat-tableaux-anciens-fr","8":"product_tag-art-fr","9":"product_tag-beaux-arts-fr","10":"product_tag-decoration-murale","11":"product_tag-objets-de-collection","12":"product_tag-xixeme-siecle","14":"first","15":"outofstock","16":"shipping-taxable","17":"product-type-simple"},"acf":[],"yoast_head":"<!-- This site is optimized with the Yoast SEO Premium plugin v27.5 (Yoast SEO v27.5) - https:\/\/yoast.com\/product\/yoast-seo-premium-wordpress\/ -->\n<title>Tableau Sign\u00e9 Wilfrid Constant Beauquesne - Egidi MadeinItaly<\/title>\n<meta name=\"description\" content=\"Wilfrid-Constant Beauquesne peintre fran\u00e7ais connu pour ses tableaux repr\u00e9sentant des sujets militaires. Tableaux anciens en vente sur Egidi MadeinItaly\" \/>\n<meta name=\"robots\" content=\"index, follow, max-snippet:-1, max-image-preview:large, max-video-preview:-1\" \/>\n<link rel=\"canonical\" href=\"https:\/\/egidimadeinitaly.com\/fr\/produit\/art-ancien\/tableaux-anciens-fr\/tableau-signe-wilfrid-constant-beauquesne\/\" \/>\n<meta property=\"og:locale\" content=\"fr_FR\" \/>\n<meta property=\"og:type\" content=\"article\" \/>\n<meta property=\"og:title\" content=\"Tableau Sign\u00e9 Wilfrid Constant Beauquesne\" \/>\n<meta property=\"og:description\" content=\"Huile sur toile repr\u00e9sentant plusieurs personnages descendus dans la rue.  &nbsp;\" \/>\n<meta property=\"og:url\" content=\"https:\/\/egidimadeinitaly.com\/fr\/produit\/art-ancien\/tableaux-anciens-fr\/tableau-signe-wilfrid-constant-beauquesne\/\" \/>\n<meta property=\"og:site_name\" content=\"Egidi MadeinItaly\" \/>\n<meta property=\"article:publisher\" content=\"https:\/\/www.facebook.com\/egidimadeinitaly\/\" \/>\n<meta property=\"article:modified_time\" content=\"2024-11-28T17:39:13+00:00\" \/>\n<meta property=\"og:image\" content=\"https:\/\/egidimadeinitaly.com\/wp-content\/uploads\/2021\/01\/200BE115-500C-42F0-8B71-759B4A116FC4-scaled-e1722185143399.jpeg\" \/>\n\t<meta property=\"og:image:width\" content=\"785\" \/>\n\t<meta property=\"og:image:height\" content=\"900\" \/>\n\t<meta property=\"og:image:type\" content=\"image\/jpeg\" \/>\n<script type=\"application\/ld+json\" class=\"yoast-schema-graph\">{\"@context\":\"https:\\\/\\\/schema.org\",\"@graph\":[{\"@type\":\"WebPage\",\"@id\":\"https:\\\/\\\/egidimadeinitaly.com\\\/fr\\\/negozio\\\/art-ancien\\\/tableaux-anciens-fr\\\/tableau-signe-wilfrid-constant-beauquesne\\\/\",\"url\":\"https:\\\/\\\/egidimadeinitaly.com\\\/fr\\\/produit\\\/art-ancien\\\/tableaux-anciens-fr\\\/tableau-signe-wilfrid-constant-beauquesne\\\/\",\"name\":\"Tableau Sign\u00e9 Wilfrid Constant Beauquesne - Egidi MadeinItaly\",\"isPartOf\":{\"@id\":\"https:\\\/\\\/egidimadeinitaly.com\\\/fr\\\/#website\"},\"primaryImageOfPage\":{\"@id\":\"https:\\\/\\\/egidimadeinitaly.com\\\/fr\\\/produit\\\/art-ancien\\\/tableaux-anciens-fr\\\/tableau-signe-wilfrid-constant-beauquesne\\\/#primaryimage\"},\"image\":{\"@id\":\"https:\\\/\\\/egidimadeinitaly.com\\\/fr\\\/produit\\\/art-ancien\\\/tableaux-anciens-fr\\\/tableau-signe-wilfrid-constant-beauquesne\\\/#primaryimage\"},\"thumbnailUrl\":\"https:\\\/\\\/egidimadeinitaly.com\\\/v25\\\/wp-content\\\/uploads\\\/2021\\\/01\\\/200BE115-500C-42F0-8B71-759B4A116FC4-scaled-e1722185143399.jpeg\",\"datePublished\":\"2021-09-13T11:37:38+00:00\",\"dateModified\":\"2024-11-28T17:39:13+00:00\",\"description\":\"Wilfrid-Constant Beauquesne peintre fran\u00e7ais connu pour ses tableaux repr\u00e9sentant des sujets militaires. Tableaux anciens en vente sur Egidi MadeinItaly\",\"breadcrumb\":{\"@id\":\"https:\\\/\\\/egidimadeinitaly.com\\\/fr\\\/produit\\\/art-ancien\\\/tableaux-anciens-fr\\\/tableau-signe-wilfrid-constant-beauquesne\\\/#breadcrumb\"},\"inLanguage\":\"fr-FR\",\"potentialAction\":[{\"@type\":\"ReadAction\",\"target\":[\"https:\\\/\\\/egidimadeinitaly.com\\\/fr\\\/produit\\\/art-ancien\\\/tableaux-anciens-fr\\\/tableau-signe-wilfrid-constant-beauquesne\\\/\"]}]},{\"@type\":\"ImageObject\",\"inLanguage\":\"fr-FR\",\"@id\":\"https:\\\/\\\/egidimadeinitaly.com\\\/fr\\\/produit\\\/art-ancien\\\/tableaux-anciens-fr\\\/tableau-signe-wilfrid-constant-beauquesne\\\/#primaryimage\",\"url\":\"https:\\\/\\\/egidimadeinitaly.com\\\/v25\\\/wp-content\\\/uploads\\\/2021\\\/01\\\/200BE115-500C-42F0-8B71-759B4A116FC4-scaled-e1722185143399.jpeg\",\"contentUrl\":\"https:\\\/\\\/egidimadeinitaly.com\\\/v25\\\/wp-content\\\/uploads\\\/2021\\\/01\\\/200BE115-500C-42F0-8B71-759B4A116FC4-scaled-e1722185143399.jpeg\",\"width\":785,\"height\":900,\"caption\":\"Huile sur Toile XIXe Si\u00e8cle\"},{\"@type\":\"BreadcrumbList\",\"@id\":\"https:\\\/\\\/egidimadeinitaly.com\\\/fr\\\/produit\\\/art-ancien\\\/tableaux-anciens-fr\\\/tableau-signe-wilfrid-constant-beauquesne\\\/#breadcrumb\",\"itemListElement\":[{\"@type\":\"ListItem\",\"position\":1,\"name\":\"Home\",\"item\":\"https:\\\/\\\/egidimadeinitaly.com\\\/fr\\\/\"},{\"@type\":\"ListItem\",\"position\":2,\"name\":\"Produits\",\"item\":\"https:\\\/\\\/egidimadeinitaly.com\\\/fr\\\/shop\\\/\"},{\"@type\":\"ListItem\",\"position\":3,\"name\":\"Art ancien\",\"item\":\"https:\\\/\\\/egidimadeinitaly.com\\\/fr\\\/product-category\\\/art-ancien\\\/\"},{\"@type\":\"ListItem\",\"position\":4,\"name\":\"Tableau Sign\u00e9 Wilfrid Constant Beauquesne\"}]},{\"@type\":\"WebSite\",\"@id\":\"https:\\\/\\\/egidimadeinitaly.com\\\/fr\\\/#website\",\"url\":\"https:\\\/\\\/egidimadeinitaly.com\\\/fr\\\/\",\"name\":\"Egidi MadeinItaly\",\"description\":\"Fine Art\",\"potentialAction\":[{\"@type\":\"SearchAction\",\"target\":{\"@type\":\"EntryPoint\",\"urlTemplate\":\"https:\\\/\\\/egidimadeinitaly.com\\\/fr\\\/?s={search_term_string}\"},\"query-input\":{\"@type\":\"PropertyValueSpecification\",\"valueRequired\":true,\"valueName\":\"search_term_string\"}}],\"inLanguage\":\"fr-FR\"}]}<\/script>\n<!-- \/ Yoast SEO Premium plugin. -->","yoast_head_json":{"title":"Tableau Sign\u00e9 Wilfrid Constant Beauquesne - Egidi MadeinItaly","description":"Wilfrid-Constant Beauquesne peintre fran\u00e7ais connu pour ses tableaux repr\u00e9sentant des sujets militaires. Tableaux anciens en vente sur Egidi MadeinItaly","robots":{"index":"index","follow":"follow","max-snippet":"max-snippet:-1","max-image-preview":"max-image-preview:large","max-video-preview":"max-video-preview:-1"},"canonical":"https:\/\/egidimadeinitaly.com\/fr\/produit\/art-ancien\/tableaux-anciens-fr\/tableau-signe-wilfrid-constant-beauquesne\/","og_locale":"fr_FR","og_type":"article","og_title":"Tableau Sign\u00e9 Wilfrid Constant Beauquesne","og_description":"Huile sur toile repr\u00e9sentant plusieurs personnages descendus dans la rue.  &nbsp;","og_url":"https:\/\/egidimadeinitaly.com\/fr\/produit\/art-ancien\/tableaux-anciens-fr\/tableau-signe-wilfrid-constant-beauquesne\/","og_site_name":"Egidi MadeinItaly","article_publisher":"https:\/\/www.facebook.com\/egidimadeinitaly\/","article_modified_time":"2024-11-28T17:39:13+00:00","og_image":[{"width":785,"height":900,"url":"https:\/\/egidimadeinitaly.com\/wp-content\/uploads\/2021\/01\/200BE115-500C-42F0-8B71-759B4A116FC4-scaled-e1722185143399.jpeg","type":"image\/jpeg"}],"schema":{"@context":"https:\/\/schema.org","@graph":[{"@type":"WebPage","@id":"https:\/\/egidimadeinitaly.com\/fr\/negozio\/art-ancien\/tableaux-anciens-fr\/tableau-signe-wilfrid-constant-beauquesne\/","url":"https:\/\/egidimadeinitaly.com\/fr\/produit\/art-ancien\/tableaux-anciens-fr\/tableau-signe-wilfrid-constant-beauquesne\/","name":"Tableau Sign\u00e9 Wilfrid Constant Beauquesne - Egidi MadeinItaly","isPartOf":{"@id":"https:\/\/egidimadeinitaly.com\/fr\/#website"},"primaryImageOfPage":{"@id":"https:\/\/egidimadeinitaly.com\/fr\/produit\/art-ancien\/tableaux-anciens-fr\/tableau-signe-wilfrid-constant-beauquesne\/#primaryimage"},"image":{"@id":"https:\/\/egidimadeinitaly.com\/fr\/produit\/art-ancien\/tableaux-anciens-fr\/tableau-signe-wilfrid-constant-beauquesne\/#primaryimage"},"thumbnailUrl":"https:\/\/egidimadeinitaly.com\/v25\/wp-content\/uploads\/2021\/01\/200BE115-500C-42F0-8B71-759B4A116FC4-scaled-e1722185143399.jpeg","datePublished":"2021-09-13T11:37:38+00:00","dateModified":"2024-11-28T17:39:13+00:00","description":"Wilfrid-Constant Beauquesne peintre fran\u00e7ais connu pour ses tableaux repr\u00e9sentant des sujets militaires. Tableaux anciens en vente sur Egidi MadeinItaly","breadcrumb":{"@id":"https:\/\/egidimadeinitaly.com\/fr\/produit\/art-ancien\/tableaux-anciens-fr\/tableau-signe-wilfrid-constant-beauquesne\/#breadcrumb"},"inLanguage":"fr-FR","potentialAction":[{"@type":"ReadAction","target":["https:\/\/egidimadeinitaly.com\/fr\/produit\/art-ancien\/tableaux-anciens-fr\/tableau-signe-wilfrid-constant-beauquesne\/"]}]},{"@type":"ImageObject","inLanguage":"fr-FR","@id":"https:\/\/egidimadeinitaly.com\/fr\/produit\/art-ancien\/tableaux-anciens-fr\/tableau-signe-wilfrid-constant-beauquesne\/#primaryimage","url":"https:\/\/egidimadeinitaly.com\/v25\/wp-content\/uploads\/2021\/01\/200BE115-500C-42F0-8B71-759B4A116FC4-scaled-e1722185143399.jpeg","contentUrl":"https:\/\/egidimadeinitaly.com\/v25\/wp-content\/uploads\/2021\/01\/200BE115-500C-42F0-8B71-759B4A116FC4-scaled-e1722185143399.jpeg","width":785,"height":900,"caption":"Huile sur Toile XIXe Si\u00e8cle"},{"@type":"BreadcrumbList","@id":"https:\/\/egidimadeinitaly.com\/fr\/produit\/art-ancien\/tableaux-anciens-fr\/tableau-signe-wilfrid-constant-beauquesne\/#breadcrumb","itemListElement":[{"@type":"ListItem","position":1,"name":"Home","item":"https:\/\/egidimadeinitaly.com\/fr\/"},{"@type":"ListItem","position":2,"name":"Produits","item":"https:\/\/egidimadeinitaly.com\/fr\/shop\/"},{"@type":"ListItem","position":3,"name":"Art ancien","item":"https:\/\/egidimadeinitaly.com\/fr\/product-category\/art-ancien\/"},{"@type":"ListItem","position":4,"name":"Tableau Sign\u00e9 Wilfrid Constant Beauquesne"}]},{"@type":"WebSite","@id":"https:\/\/egidimadeinitaly.com\/fr\/#website","url":"https:\/\/egidimadeinitaly.com\/fr\/","name":"Egidi MadeinItaly","description":"Fine Art","potentialAction":[{"@type":"SearchAction","target":{"@type":"EntryPoint","urlTemplate":"https:\/\/egidimadeinitaly.com\/fr\/?s={search_term_string}"},"query-input":{"@type":"PropertyValueSpecification","valueRequired":true,"valueName":"search_term_string"}}],"inLanguage":"fr-FR"}]}},"_links":{"self":[{"href":"https:\/\/egidimadeinitaly.com\/fr\/wp-json\/wp\/v2\/product\/96017","targetHints":{"allow":["GET"]}}],"collection":[{"href":"https:\/\/egidimadeinitaly.com\/fr\/wp-json\/wp\/v2\/product"}],"about":[{"href":"https:\/\/egidimadeinitaly.com\/fr\/wp-json\/wp\/v2\/types\/product"}],"wp:featuredmedia":[{"embeddable":true,"href":"https:\/\/egidimadeinitaly.com\/fr\/wp-json\/wp\/v2\/media\/95415"}],"wp:attachment":[{"href":"https:\/\/egidimadeinitaly.com\/fr\/wp-json\/wp\/v2\/media?parent=96017"}],"wp:term":[{"taxonomy":"product_brand","embeddable":true,"href":"https:\/\/egidimadeinitaly.com\/fr\/wp-json\/wp\/v2\/product_brand?post=96017"},{"taxonomy":"product_cat","embeddable":true,"href":"https:\/\/egidimadeinitaly.com\/fr\/wp-json\/wp\/v2\/product_cat?post=96017"},{"taxonomy":"product_tag","embeddable":true,"href":"https:\/\/egidimadeinitaly.com\/fr\/wp-json\/wp\/v2\/product_tag?post=96017"}],"curies":[{"name":"wp","href":"https:\/\/api.w.org\/{rel}","templated":true}]}}