{"id":95126,"date":"2020-09-28T16:15:48","date_gmt":"2020-09-28T15:15:48","guid":{"rendered":"https:\/\/egidimadeinitaly.com\/ecomsite\/?post_type=product&#038;p=95126"},"modified":"2024-12-02T18:12:44","modified_gmt":"2024-12-02T17:12:44","slug":"tableau-ancien-danae-et-la-pluie-d-or","status":"publish","type":"product","link":"https:\/\/egidimadeinitaly.com\/fr\/negozio\/art-ancien\/tableaux-anciens-fr\/tableau-ancien-danae-et-la-pluie-d-or\/","title":{"rendered":"Tableau Ancien Danae et la pluie d\u2019or"},"content":{"rendered":"<p>L\u2019expertise qui l\u2019accompagne confirme que ce tableau est attribu\u00e9 \u00e0 un grand artiste v\u00e9nitien du XVIIe si\u00e8cle li\u00e9 au peintre flamand Jacob de Backer.<\/p>\n<p>Le certificat, disponible sur demande, a \u00e9t\u00e9 \u00e9tabli par un \u00e9minent expert agr\u00e9\u00e9 de la prestigieuse Chambre europ\u00e9enne des experts-conseils en \u0153uvre d\u2019art (CECOA).<\/p>\n<p>Cette \u0153uvre, in\u00e9dite sur le march\u00e9, provient d\u2019une collection priv\u00e9e. Elle est agr\u00e9ment\u00e9e d\u2019un imposant cadre ancien en bois \u00e9bonis\u00e9 orn\u00e9 de motifs en or, et son \u00e9tat est pratiquement parfait.<\/p>\n<p>&nbsp;<\/p>\n","protected":false},"excerpt":{"rendered":"<p>Huile sur toile <em>Dana\u00e9 et la pluie d\u2019or<\/em> suiveur de <strong>Jacob de Backer<\/strong><\/p>\n<p>&nbsp;<\/p>\n<p>&nbsp;<\/p>\n","protected":false},"featured_media":119573,"template":"","meta":{"_acf_changed":false},"product_brand":[],"product_cat":[6374,6408],"product_tag":[5732,5361,5639],"class_list":{"0":"post-95126","1":"product","2":"type-product","3":"status-publish","4":"has-post-thumbnail","6":"product_cat-art-ancien","7":"product_cat-tableaux-anciens-fr","8":"product_tag-beaux-arts-fr","9":"product_tag-decoration-murale","10":"product_tag-peinture-flamande","12":"first","13":"outofstock","14":"shipping-taxable","15":"product-type-simple"},"acf":[],"yoast_head":"<!-- This site is optimized with the Yoast SEO Premium plugin v27.5 (Yoast SEO v27.6) - https:\/\/yoast.com\/product\/yoast-seo-premium-wordpress\/ -->\n<title>Tableau Ancien Danae et la pluie d\u2019or - Egidi MadeinItaly<\/title>\n<meta name=\"description\" content=\"Peinture Dana\u00e9 et la pluie d&#039;or suiveur de Jacob de Backer un mod\u00e8le flamand rare d\u00e9but du XVIIe si\u00e8cle en Vente sur Egidi MadeinItaly\" \/>\n<meta name=\"robots\" content=\"index, follow, max-snippet:-1, max-image-preview:large, max-video-preview:-1\" \/>\n<link rel=\"canonical\" href=\"https:\/\/egidimadeinitaly.com\/fr\/produit\/art-ancien-et-moderne\/tableaux-et-peintures\/tableau-ancien-danae-et-la-pluie-dor\/\" \/>\n<meta property=\"og:locale\" content=\"fr_FR\" \/>\n<meta property=\"og:type\" content=\"article\" \/>\n<meta property=\"og:title\" content=\"Tableau Ancien Danae et la pluie d\u2019or\" \/>\n<meta property=\"og:description\" content=\"Huile sur toile Dana\u00e9 et la pluie d\u2019or suiveur de Jacob de Backer  &nbsp;  &nbsp;\" \/>\n<meta property=\"og:url\" content=\"https:\/\/egidimadeinitaly.com\/fr\/produit\/art-ancien-et-moderne\/tableaux-et-peintures\/tableau-ancien-danae-et-la-pluie-dor\/\" \/>\n<meta property=\"og:site_name\" content=\"Egidi MadeinItaly\" \/>\n<meta property=\"article:publisher\" content=\"https:\/\/www.facebook.com\/egidimadeinitaly\/\" \/>\n<meta property=\"article:modified_time\" content=\"2024-12-02T17:12:44+00:00\" \/>\n<meta property=\"og:image\" content=\"https:\/\/egidimadeinitaly.com\/wp-content\/uploads\/2020\/09\/Danae-e-la-pioggia-doro-scaled-e1729083926629.jpg\" \/>\n\t<meta property=\"og:image:width\" content=\"2560\" \/>\n\t<meta property=\"og:image:height\" content=\"1703\" \/>\n\t<meta property=\"og:image:type\" content=\"image\/jpeg\" \/>\n<script type=\"application\/ld+json\" class=\"yoast-schema-graph\">{\"@context\":\"https:\\\/\\\/schema.org\",\"@graph\":[{\"@type\":\"WebPage\",\"@id\":\"https:\\\/\\\/egidimadeinitaly.com\\\/fr\\\/negozio\\\/art-ancien\\\/tableaux-anciens-fr\\\/tableau-ancien-danae-et-la-pluie-d-or\\\/\",\"url\":\"https:\\\/\\\/egidimadeinitaly.com\\\/fr\\\/produit\\\/art-ancien-et-moderne\\\/tableaux-et-peintures\\\/tableau-ancien-danae-et-la-pluie-dor\\\/\",\"name\":\"Tableau Ancien Danae et la pluie d\u2019or - Egidi MadeinItaly\",\"isPartOf\":{\"@id\":\"https:\\\/\\\/egidimadeinitaly.com\\\/fr\\\/#website\"},\"primaryImageOfPage\":{\"@id\":\"https:\\\/\\\/egidimadeinitaly.com\\\/fr\\\/produit\\\/art-ancien-et-moderne\\\/tableaux-et-peintures\\\/tableau-ancien-danae-et-la-pluie-dor\\\/#primaryimage\"},\"image\":{\"@id\":\"https:\\\/\\\/egidimadeinitaly.com\\\/fr\\\/produit\\\/art-ancien-et-moderne\\\/tableaux-et-peintures\\\/tableau-ancien-danae-et-la-pluie-dor\\\/#primaryimage\"},\"thumbnailUrl\":\"https:\\\/\\\/egidimadeinitaly.com\\\/v25\\\/wp-content\\\/uploads\\\/2020\\\/09\\\/Danae-e-la-pioggia-doro-scaled-e1729083926629.jpg\",\"datePublished\":\"2020-09-28T15:15:48+00:00\",\"dateModified\":\"2024-12-02T17:12:44+00:00\",\"description\":\"Peinture Dana\u00e9 et la pluie d'or suiveur de Jacob de Backer un mod\u00e8le flamand rare d\u00e9but du XVIIe si\u00e8cle en Vente sur Egidi MadeinItaly\",\"breadcrumb\":{\"@id\":\"https:\\\/\\\/egidimadeinitaly.com\\\/fr\\\/produit\\\/art-ancien-et-moderne\\\/tableaux-et-peintures\\\/tableau-ancien-danae-et-la-pluie-dor\\\/#breadcrumb\"},\"inLanguage\":\"fr-FR\",\"potentialAction\":[{\"@type\":\"ReadAction\",\"target\":[\"https:\\\/\\\/egidimadeinitaly.com\\\/fr\\\/produit\\\/art-ancien-et-moderne\\\/tableaux-et-peintures\\\/tableau-ancien-danae-et-la-pluie-dor\\\/\"]}]},{\"@type\":\"ImageObject\",\"inLanguage\":\"fr-FR\",\"@id\":\"https:\\\/\\\/egidimadeinitaly.com\\\/fr\\\/produit\\\/art-ancien-et-moderne\\\/tableaux-et-peintures\\\/tableau-ancien-danae-et-la-pluie-dor\\\/#primaryimage\",\"url\":\"https:\\\/\\\/egidimadeinitaly.com\\\/v25\\\/wp-content\\\/uploads\\\/2020\\\/09\\\/Danae-e-la-pioggia-doro-scaled-e1729083926629.jpg\",\"contentUrl\":\"https:\\\/\\\/egidimadeinitaly.com\\\/v25\\\/wp-content\\\/uploads\\\/2020\\\/09\\\/Danae-e-la-pioggia-doro-scaled-e1729083926629.jpg\",\"width\":2560,\"height\":1703,\"caption\":\"Danae e la pioggia d'oro\"},{\"@type\":\"BreadcrumbList\",\"@id\":\"https:\\\/\\\/egidimadeinitaly.com\\\/fr\\\/produit\\\/art-ancien-et-moderne\\\/tableaux-et-peintures\\\/tableau-ancien-danae-et-la-pluie-dor\\\/#breadcrumb\",\"itemListElement\":[{\"@type\":\"ListItem\",\"position\":1,\"name\":\"Home\",\"item\":\"https:\\\/\\\/egidimadeinitaly.com\\\/fr\\\/\"},{\"@type\":\"ListItem\",\"position\":2,\"name\":\"Produits\",\"item\":\"https:\\\/\\\/egidimadeinitaly.com\\\/fr\\\/shop\\\/\"},{\"@type\":\"ListItem\",\"position\":3,\"name\":\"Art ancien\",\"item\":\"https:\\\/\\\/egidimadeinitaly.com\\\/fr\\\/product-category\\\/art-ancien\\\/\"},{\"@type\":\"ListItem\",\"position\":4,\"name\":\"Tableaux anciens\",\"item\":\"https:\\\/\\\/egidimadeinitaly.com\\\/fr\\\/product-category\\\/art-ancien\\\/tableaux-anciens-fr\\\/\"},{\"@type\":\"ListItem\",\"position\":5,\"name\":\"Tableau Ancien Danae et la pluie d\u2019or\"}]},{\"@type\":\"WebSite\",\"@id\":\"https:\\\/\\\/egidimadeinitaly.com\\\/fr\\\/#website\",\"url\":\"https:\\\/\\\/egidimadeinitaly.com\\\/fr\\\/\",\"name\":\"Egidi MadeinItaly\",\"description\":\"Fine Art\",\"potentialAction\":[{\"@type\":\"SearchAction\",\"target\":{\"@type\":\"EntryPoint\",\"urlTemplate\":\"https:\\\/\\\/egidimadeinitaly.com\\\/fr\\\/?s={search_term_string}\"},\"query-input\":{\"@type\":\"PropertyValueSpecification\",\"valueRequired\":true,\"valueName\":\"search_term_string\"}}],\"inLanguage\":\"fr-FR\"}]}<\/script>\n<!-- \/ Yoast SEO Premium plugin. -->","yoast_head_json":{"title":"Tableau Ancien Danae et la pluie d\u2019or - Egidi MadeinItaly","description":"Peinture Dana\u00e9 et la pluie d'or suiveur de Jacob de Backer un mod\u00e8le flamand rare d\u00e9but du XVIIe si\u00e8cle en Vente sur Egidi MadeinItaly","robots":{"index":"index","follow":"follow","max-snippet":"max-snippet:-1","max-image-preview":"max-image-preview:large","max-video-preview":"max-video-preview:-1"},"canonical":"https:\/\/egidimadeinitaly.com\/fr\/produit\/art-ancien-et-moderne\/tableaux-et-peintures\/tableau-ancien-danae-et-la-pluie-dor\/","og_locale":"fr_FR","og_type":"article","og_title":"Tableau Ancien Danae et la pluie d\u2019or","og_description":"Huile sur toile Dana\u00e9 et la pluie d\u2019or suiveur de Jacob de Backer  &nbsp;  &nbsp;","og_url":"https:\/\/egidimadeinitaly.com\/fr\/produit\/art-ancien-et-moderne\/tableaux-et-peintures\/tableau-ancien-danae-et-la-pluie-dor\/","og_site_name":"Egidi MadeinItaly","article_publisher":"https:\/\/www.facebook.com\/egidimadeinitaly\/","article_modified_time":"2024-12-02T17:12:44+00:00","og_image":[{"width":2560,"height":1703,"url":"https:\/\/egidimadeinitaly.com\/wp-content\/uploads\/2020\/09\/Danae-e-la-pioggia-doro-scaled-e1729083926629.jpg","type":"image\/jpeg"}],"schema":{"@context":"https:\/\/schema.org","@graph":[{"@type":"WebPage","@id":"https:\/\/egidimadeinitaly.com\/fr\/negozio\/art-ancien\/tableaux-anciens-fr\/tableau-ancien-danae-et-la-pluie-d-or\/","url":"https:\/\/egidimadeinitaly.com\/fr\/produit\/art-ancien-et-moderne\/tableaux-et-peintures\/tableau-ancien-danae-et-la-pluie-dor\/","name":"Tableau Ancien Danae et la pluie d\u2019or - Egidi MadeinItaly","isPartOf":{"@id":"https:\/\/egidimadeinitaly.com\/fr\/#website"},"primaryImageOfPage":{"@id":"https:\/\/egidimadeinitaly.com\/fr\/produit\/art-ancien-et-moderne\/tableaux-et-peintures\/tableau-ancien-danae-et-la-pluie-dor\/#primaryimage"},"image":{"@id":"https:\/\/egidimadeinitaly.com\/fr\/produit\/art-ancien-et-moderne\/tableaux-et-peintures\/tableau-ancien-danae-et-la-pluie-dor\/#primaryimage"},"thumbnailUrl":"https:\/\/egidimadeinitaly.com\/v25\/wp-content\/uploads\/2020\/09\/Danae-e-la-pioggia-doro-scaled-e1729083926629.jpg","datePublished":"2020-09-28T15:15:48+00:00","dateModified":"2024-12-02T17:12:44+00:00","description":"Peinture Dana\u00e9 et la pluie d'or suiveur de Jacob de Backer un mod\u00e8le flamand rare d\u00e9but du XVIIe si\u00e8cle en Vente sur Egidi MadeinItaly","breadcrumb":{"@id":"https:\/\/egidimadeinitaly.com\/fr\/produit\/art-ancien-et-moderne\/tableaux-et-peintures\/tableau-ancien-danae-et-la-pluie-dor\/#breadcrumb"},"inLanguage":"fr-FR","potentialAction":[{"@type":"ReadAction","target":["https:\/\/egidimadeinitaly.com\/fr\/produit\/art-ancien-et-moderne\/tableaux-et-peintures\/tableau-ancien-danae-et-la-pluie-dor\/"]}]},{"@type":"ImageObject","inLanguage":"fr-FR","@id":"https:\/\/egidimadeinitaly.com\/fr\/produit\/art-ancien-et-moderne\/tableaux-et-peintures\/tableau-ancien-danae-et-la-pluie-dor\/#primaryimage","url":"https:\/\/egidimadeinitaly.com\/v25\/wp-content\/uploads\/2020\/09\/Danae-e-la-pioggia-doro-scaled-e1729083926629.jpg","contentUrl":"https:\/\/egidimadeinitaly.com\/v25\/wp-content\/uploads\/2020\/09\/Danae-e-la-pioggia-doro-scaled-e1729083926629.jpg","width":2560,"height":1703,"caption":"Danae e la pioggia d'oro"},{"@type":"BreadcrumbList","@id":"https:\/\/egidimadeinitaly.com\/fr\/produit\/art-ancien-et-moderne\/tableaux-et-peintures\/tableau-ancien-danae-et-la-pluie-dor\/#breadcrumb","itemListElement":[{"@type":"ListItem","position":1,"name":"Home","item":"https:\/\/egidimadeinitaly.com\/fr\/"},{"@type":"ListItem","position":2,"name":"Produits","item":"https:\/\/egidimadeinitaly.com\/fr\/shop\/"},{"@type":"ListItem","position":3,"name":"Art ancien","item":"https:\/\/egidimadeinitaly.com\/fr\/product-category\/art-ancien\/"},{"@type":"ListItem","position":4,"name":"Tableaux anciens","item":"https:\/\/egidimadeinitaly.com\/fr\/product-category\/art-ancien\/tableaux-anciens-fr\/"},{"@type":"ListItem","position":5,"name":"Tableau Ancien Danae et la pluie d\u2019or"}]},{"@type":"WebSite","@id":"https:\/\/egidimadeinitaly.com\/fr\/#website","url":"https:\/\/egidimadeinitaly.com\/fr\/","name":"Egidi MadeinItaly","description":"Fine Art","potentialAction":[{"@type":"SearchAction","target":{"@type":"EntryPoint","urlTemplate":"https:\/\/egidimadeinitaly.com\/fr\/?s={search_term_string}"},"query-input":{"@type":"PropertyValueSpecification","valueRequired":true,"valueName":"search_term_string"}}],"inLanguage":"fr-FR"}]}},"_links":{"self":[{"href":"https:\/\/egidimadeinitaly.com\/fr\/wp-json\/wp\/v2\/product\/95126","targetHints":{"allow":["GET"]}}],"collection":[{"href":"https:\/\/egidimadeinitaly.com\/fr\/wp-json\/wp\/v2\/product"}],"about":[{"href":"https:\/\/egidimadeinitaly.com\/fr\/wp-json\/wp\/v2\/types\/product"}],"wp:featuredmedia":[{"embeddable":true,"href":"https:\/\/egidimadeinitaly.com\/fr\/wp-json\/wp\/v2\/media\/119573"}],"wp:attachment":[{"href":"https:\/\/egidimadeinitaly.com\/fr\/wp-json\/wp\/v2\/media?parent=95126"}],"wp:term":[{"taxonomy":"product_brand","embeddable":true,"href":"https:\/\/egidimadeinitaly.com\/fr\/wp-json\/wp\/v2\/product_brand?post=95126"},{"taxonomy":"product_cat","embeddable":true,"href":"https:\/\/egidimadeinitaly.com\/fr\/wp-json\/wp\/v2\/product_cat?post=95126"},{"taxonomy":"product_tag","embeddable":true,"href":"https:\/\/egidimadeinitaly.com\/fr\/wp-json\/wp\/v2\/product_tag?post=95126"}],"curies":[{"name":"wp","href":"https:\/\/api.w.org\/{rel}","templated":true}]}}