{"id":94940,"date":"2021-12-11T11:56:43","date_gmt":"2021-12-11T10:56:43","guid":{"rendered":"https:\/\/egidimadeinitaly.com\/ecomsite\/?post_type=product&#038;p=94940"},"modified":"2023-05-08T16:30:12","modified_gmt":"2023-05-08T15:30:12","slug":"gillis-congnet-tableau-ancien","status":"publish","type":"product","link":"https:\/\/egidimadeinitaly.com\/fr\/negozio\/art-ancien\/tableaux-anciens-fr\/gillis-congnet-tableau-ancien\/","title":{"rendered":"Gillis Congnet Tableau Ancien"},"content":{"rendered":"<p>Ce <em>Christ en croix, avec la Vierge, Saint Jean<\/em> <em>et Madeleine <\/em>, avec cadre en bois dor\u00e9,\u00a0 est une \u0153uvre dont le style peut \u00eatre attribu\u00e9 aux Pays-Bas, seconde moiti\u00e9 du XVI<sup>e<\/sup> si\u00e8cle et plus pr\u00e9cis\u00e9ment, \u00e0 l\u2019<strong>\u00c9cole d\u2019Anvers attribu\u00e9 \u00e0 Gillis Congnet\u00a0<\/strong><\/p>\n<p>Du point de vue stylistique, ce tableau semble \u00eatre l\u2019\u0153uvre d\u2019un peintre sensible aux exp\u00e9riences picturales de cet artiste.<\/p>\n<p>Un d\u00e9tail dans la composition de ce tableau, auquel nous attribuons un int\u00e9r\u00eat particulier, sont les mains et la pose de Saint Jean que, jusqu\u2019\u00e0 pr\u00e9sent, nous n\u2019avons retrouv\u00e9 dans aucune autre composition similaire de la m\u00eame p\u00e9riode et de la m\u00eame r\u00e9gion, ni en peinture, ni en gravure. Nous pourrions donc penser qu\u2019il\u00a0 s\u2019agit simplement d\u2019une invention de ce peintre anonyme.<\/p>\n<p>Quant aux \u00e9v\u00e9nements historiques li\u00e9s \u00e0 ce tableau, les deux blasons qui se trouvent \u00e0 droite et \u00e0 gauche du Christ, probablement peints pour c\u00e9l\u00e9brer l\u2019union de deux grandes familles par mariage, sont extr\u00eamement significatifs. \u00a0Nous avons pu reconna\u00eetre l\u2019un des deux blasons, celui de gauche, \u00ab <em>d\u2019azur \u00e0 la fasce d\u2019or charg\u00e9e de trois boucles de sable accompagn\u00e9es en chef d\u2019un l\u00e9vrier issant d\u2019argent<\/em> \u00bb, le tout surmont\u00e9 d\u2019une couronne. Il s&rsquo;agit du blason de la famille fran\u00e7aise De Lamarzelle, originaire de Bourgogne, qui s\u2019installa ensuite en Bretagne. On conna\u00eet l\u2019arbre g\u00e9n\u00e9alogique de cette famille \u00e0 partir d\u2019un certain Guillaume de Lamarzelle (XVI<sup>e<\/sup>-XVII<sup>e<\/sup> si\u00e8cles) jusqu\u2019\u00e0 Yves de Lamarzelle (1908-1999) qui \u00e9pousa Odette Falcon de Longevialle (1909-1997) en juillet 1931.<\/p>\n<p>\u00c9tant donn\u00e9 que la partie sup\u00e9rieure de l\u2019autre blason pr\u00e9sente le m\u00eame type de couronne, nous pouvons supposer que l\u2019autre famille, que nous n\u2019avons pas encore reconnue, \u00e9tait d\u2019origine fran\u00e7aise ou flamande.<\/p>\n<p>Le tableau provient en effet d\u2019une collection appartenant \u00e0 une famille belge historique, qui le poss\u00e9dait au moins depuis la fin du XIX<sup>e<\/sup> si\u00e8cle (information verbale).<\/p>\n<h5><strong>R\u00e9f\u00e9rence bibliographique :<\/strong><\/h5>\n<h5><strong>Pol Potier de Courcy, <em>Nobiliaire et armorial de Bretagne<\/em>, Tome 2, page 148.<\/strong><\/h5>\n","protected":false},"excerpt":{"rendered":"<p>Tableau Ancien Crucifixion Atelier de Gillis Congnet<\/p>\n","protected":false},"featured_media":95034,"template":"","meta":{"_acf_changed":false},"product_brand":[],"product_cat":[6374,6408],"product_tag":[4245,5732,5639],"class_list":{"0":"post-94940","1":"product","2":"type-product","3":"status-publish","4":"has-post-thumbnail","6":"product_cat-art-ancien","7":"product_cat-tableaux-anciens-fr","8":"product_tag-art-sacre","9":"product_tag-beaux-arts-fr","10":"product_tag-peinture-flamande","12":"first","13":"outofstock","14":"shipping-taxable","15":"product-type-simple"},"acf":[],"yoast_head":"<!-- This site is optimized with the Yoast SEO Premium plugin v27.3 (Yoast SEO v27.4) - https:\/\/yoast.com\/product\/yoast-seo-premium-wordpress\/ -->\n<title>Gillis Congnet Tableau Ancien - Egidi MadeinItaly<\/title>\n<meta name=\"description\" content=\"Crucifixion Tableau ancien \u00c9cole d&#039;Anvers XVIe si\u00e8cle atelier de Gillis Congnet en vente sur Egidi MadeinItaly E-Commerce\" \/>\n<meta name=\"robots\" content=\"index, follow, max-snippet:-1, max-image-preview:large, max-video-preview:-1\" \/>\n<link rel=\"canonical\" href=\"https:\/\/egidimadeinitaly.com\/fr\/negozio\/art-ancien\/tableaux-anciens-fr\/gillis-congnet-tableau-ancien\/\" \/>\n<meta property=\"og:locale\" content=\"fr_FR\" \/>\n<meta property=\"og:type\" content=\"article\" \/>\n<meta property=\"og:title\" content=\"Gillis Congnet Tableau Ancien\" \/>\n<meta property=\"og:description\" content=\"Tableau Ancien Crucifixion Atelier de Gillis Congnet\" \/>\n<meta property=\"og:url\" content=\"https:\/\/egidimadeinitaly.com\/fr\/negozio\/art-ancien\/tableaux-anciens-fr\/gillis-congnet-tableau-ancien\/\" \/>\n<meta property=\"og:site_name\" content=\"Egidi MadeinItaly\" \/>\n<meta property=\"article:publisher\" content=\"https:\/\/www.facebook.com\/egidimadeinitaly\/\" \/>\n<meta property=\"article:modified_time\" content=\"2023-05-08T15:30:12+00:00\" \/>\n<meta property=\"og:image\" content=\"https:\/\/egidimadeinitaly.com\/wp-content\/uploads\/2020\/12\/E783755C-BED5-43E8-9159-FCAB9CC97988-scaled-e1647270723851.jpeg\" \/>\n\t<meta property=\"og:image:width\" content=\"2560\" \/>\n\t<meta property=\"og:image:height\" content=\"2560\" \/>\n\t<meta property=\"og:image:type\" content=\"image\/jpeg\" \/>\n<script type=\"application\/ld+json\" class=\"yoast-schema-graph\">{\"@context\":\"https:\\\/\\\/schema.org\",\"@graph\":[{\"@type\":\"WebPage\",\"@id\":\"https:\\\/\\\/egidimadeinitaly.com\\\/fr\\\/negozio\\\/art-ancien\\\/tableaux-anciens-fr\\\/gillis-congnet-tableau-ancien\\\/\",\"url\":\"https:\\\/\\\/egidimadeinitaly.com\\\/fr\\\/negozio\\\/art-ancien\\\/tableaux-anciens-fr\\\/gillis-congnet-tableau-ancien\\\/\",\"name\":\"Gillis Congnet Tableau Ancien - Egidi MadeinItaly\",\"isPartOf\":{\"@id\":\"https:\\\/\\\/egidimadeinitaly.com\\\/fr\\\/#website\"},\"primaryImageOfPage\":{\"@id\":\"https:\\\/\\\/egidimadeinitaly.com\\\/fr\\\/negozio\\\/art-ancien\\\/tableaux-anciens-fr\\\/gillis-congnet-tableau-ancien\\\/#primaryimage\"},\"image\":{\"@id\":\"https:\\\/\\\/egidimadeinitaly.com\\\/fr\\\/negozio\\\/art-ancien\\\/tableaux-anciens-fr\\\/gillis-congnet-tableau-ancien\\\/#primaryimage\"},\"thumbnailUrl\":\"https:\\\/\\\/egidimadeinitaly.com\\\/v25\\\/wp-content\\\/uploads\\\/2020\\\/12\\\/E783755C-BED5-43E8-9159-FCAB9CC97988-scaled-e1647270723851.jpeg\",\"datePublished\":\"2021-12-11T10:56:43+00:00\",\"dateModified\":\"2023-05-08T15:30:12+00:00\",\"description\":\"Crucifixion Tableau ancien \u00c9cole d'Anvers XVIe si\u00e8cle atelier de Gillis Congnet en vente sur Egidi MadeinItaly E-Commerce\",\"breadcrumb\":{\"@id\":\"https:\\\/\\\/egidimadeinitaly.com\\\/fr\\\/negozio\\\/art-ancien\\\/tableaux-anciens-fr\\\/gillis-congnet-tableau-ancien\\\/#breadcrumb\"},\"inLanguage\":\"fr-FR\",\"potentialAction\":[{\"@type\":\"ReadAction\",\"target\":[\"https:\\\/\\\/egidimadeinitaly.com\\\/fr\\\/negozio\\\/art-ancien\\\/tableaux-anciens-fr\\\/gillis-congnet-tableau-ancien\\\/\"]}]},{\"@type\":\"ImageObject\",\"inLanguage\":\"fr-FR\",\"@id\":\"https:\\\/\\\/egidimadeinitaly.com\\\/fr\\\/negozio\\\/art-ancien\\\/tableaux-anciens-fr\\\/gillis-congnet-tableau-ancien\\\/#primaryimage\",\"url\":\"https:\\\/\\\/egidimadeinitaly.com\\\/v25\\\/wp-content\\\/uploads\\\/2020\\\/12\\\/E783755C-BED5-43E8-9159-FCAB9CC97988-scaled-e1647270723851.jpeg\",\"contentUrl\":\"https:\\\/\\\/egidimadeinitaly.com\\\/v25\\\/wp-content\\\/uploads\\\/2020\\\/12\\\/E783755C-BED5-43E8-9159-FCAB9CC97988-scaled-e1647270723851.jpeg\",\"width\":2560,\"height\":2560,\"caption\":\"Gillis CongnetArtiste FiamandEpoque 1500\"},{\"@type\":\"BreadcrumbList\",\"@id\":\"https:\\\/\\\/egidimadeinitaly.com\\\/fr\\\/negozio\\\/art-ancien\\\/tableaux-anciens-fr\\\/gillis-congnet-tableau-ancien\\\/#breadcrumb\",\"itemListElement\":[{\"@type\":\"ListItem\",\"position\":1,\"name\":\"Home\",\"item\":\"https:\\\/\\\/egidimadeinitaly.com\\\/fr\\\/\"},{\"@type\":\"ListItem\",\"position\":2,\"name\":\"Produits\",\"item\":\"https:\\\/\\\/egidimadeinitaly.com\\\/fr\\\/shop\\\/\"},{\"@type\":\"ListItem\",\"position\":3,\"name\":\"Art ancien\",\"item\":\"https:\\\/\\\/egidimadeinitaly.com\\\/fr\\\/product-category\\\/art-ancien\\\/\"},{\"@type\":\"ListItem\",\"position\":4,\"name\":\"Tableaux anciens\",\"item\":\"https:\\\/\\\/egidimadeinitaly.com\\\/fr\\\/product-category\\\/art-ancien\\\/tableaux-anciens-fr\\\/\"},{\"@type\":\"ListItem\",\"position\":5,\"name\":\"Gillis Congnet Tableau Ancien\"}]},{\"@type\":\"WebSite\",\"@id\":\"https:\\\/\\\/egidimadeinitaly.com\\\/fr\\\/#website\",\"url\":\"https:\\\/\\\/egidimadeinitaly.com\\\/fr\\\/\",\"name\":\"Egidi MadeinItaly\",\"description\":\"Fine Art\",\"potentialAction\":[{\"@type\":\"SearchAction\",\"target\":{\"@type\":\"EntryPoint\",\"urlTemplate\":\"https:\\\/\\\/egidimadeinitaly.com\\\/fr\\\/?s={search_term_string}\"},\"query-input\":{\"@type\":\"PropertyValueSpecification\",\"valueRequired\":true,\"valueName\":\"search_term_string\"}}],\"inLanguage\":\"fr-FR\"}]}<\/script>\n<!-- \/ Yoast SEO Premium plugin. -->","yoast_head_json":{"title":"Gillis Congnet Tableau Ancien - Egidi MadeinItaly","description":"Crucifixion Tableau ancien \u00c9cole d'Anvers XVIe si\u00e8cle atelier de Gillis Congnet en vente sur Egidi MadeinItaly E-Commerce","robots":{"index":"index","follow":"follow","max-snippet":"max-snippet:-1","max-image-preview":"max-image-preview:large","max-video-preview":"max-video-preview:-1"},"canonical":"https:\/\/egidimadeinitaly.com\/fr\/negozio\/art-ancien\/tableaux-anciens-fr\/gillis-congnet-tableau-ancien\/","og_locale":"fr_FR","og_type":"article","og_title":"Gillis Congnet Tableau Ancien","og_description":"Tableau Ancien Crucifixion Atelier de Gillis Congnet","og_url":"https:\/\/egidimadeinitaly.com\/fr\/negozio\/art-ancien\/tableaux-anciens-fr\/gillis-congnet-tableau-ancien\/","og_site_name":"Egidi MadeinItaly","article_publisher":"https:\/\/www.facebook.com\/egidimadeinitaly\/","article_modified_time":"2023-05-08T15:30:12+00:00","og_image":[{"width":2560,"height":2560,"url":"https:\/\/egidimadeinitaly.com\/wp-content\/uploads\/2020\/12\/E783755C-BED5-43E8-9159-FCAB9CC97988-scaled-e1647270723851.jpeg","type":"image\/jpeg"}],"schema":{"@context":"https:\/\/schema.org","@graph":[{"@type":"WebPage","@id":"https:\/\/egidimadeinitaly.com\/fr\/negozio\/art-ancien\/tableaux-anciens-fr\/gillis-congnet-tableau-ancien\/","url":"https:\/\/egidimadeinitaly.com\/fr\/negozio\/art-ancien\/tableaux-anciens-fr\/gillis-congnet-tableau-ancien\/","name":"Gillis Congnet Tableau Ancien - Egidi MadeinItaly","isPartOf":{"@id":"https:\/\/egidimadeinitaly.com\/fr\/#website"},"primaryImageOfPage":{"@id":"https:\/\/egidimadeinitaly.com\/fr\/negozio\/art-ancien\/tableaux-anciens-fr\/gillis-congnet-tableau-ancien\/#primaryimage"},"image":{"@id":"https:\/\/egidimadeinitaly.com\/fr\/negozio\/art-ancien\/tableaux-anciens-fr\/gillis-congnet-tableau-ancien\/#primaryimage"},"thumbnailUrl":"https:\/\/egidimadeinitaly.com\/v25\/wp-content\/uploads\/2020\/12\/E783755C-BED5-43E8-9159-FCAB9CC97988-scaled-e1647270723851.jpeg","datePublished":"2021-12-11T10:56:43+00:00","dateModified":"2023-05-08T15:30:12+00:00","description":"Crucifixion Tableau ancien \u00c9cole d'Anvers XVIe si\u00e8cle atelier de Gillis Congnet en vente sur Egidi MadeinItaly E-Commerce","breadcrumb":{"@id":"https:\/\/egidimadeinitaly.com\/fr\/negozio\/art-ancien\/tableaux-anciens-fr\/gillis-congnet-tableau-ancien\/#breadcrumb"},"inLanguage":"fr-FR","potentialAction":[{"@type":"ReadAction","target":["https:\/\/egidimadeinitaly.com\/fr\/negozio\/art-ancien\/tableaux-anciens-fr\/gillis-congnet-tableau-ancien\/"]}]},{"@type":"ImageObject","inLanguage":"fr-FR","@id":"https:\/\/egidimadeinitaly.com\/fr\/negozio\/art-ancien\/tableaux-anciens-fr\/gillis-congnet-tableau-ancien\/#primaryimage","url":"https:\/\/egidimadeinitaly.com\/v25\/wp-content\/uploads\/2020\/12\/E783755C-BED5-43E8-9159-FCAB9CC97988-scaled-e1647270723851.jpeg","contentUrl":"https:\/\/egidimadeinitaly.com\/v25\/wp-content\/uploads\/2020\/12\/E783755C-BED5-43E8-9159-FCAB9CC97988-scaled-e1647270723851.jpeg","width":2560,"height":2560,"caption":"Gillis CongnetArtiste FiamandEpoque 1500"},{"@type":"BreadcrumbList","@id":"https:\/\/egidimadeinitaly.com\/fr\/negozio\/art-ancien\/tableaux-anciens-fr\/gillis-congnet-tableau-ancien\/#breadcrumb","itemListElement":[{"@type":"ListItem","position":1,"name":"Home","item":"https:\/\/egidimadeinitaly.com\/fr\/"},{"@type":"ListItem","position":2,"name":"Produits","item":"https:\/\/egidimadeinitaly.com\/fr\/shop\/"},{"@type":"ListItem","position":3,"name":"Art ancien","item":"https:\/\/egidimadeinitaly.com\/fr\/product-category\/art-ancien\/"},{"@type":"ListItem","position":4,"name":"Tableaux anciens","item":"https:\/\/egidimadeinitaly.com\/fr\/product-category\/art-ancien\/tableaux-anciens-fr\/"},{"@type":"ListItem","position":5,"name":"Gillis Congnet Tableau Ancien"}]},{"@type":"WebSite","@id":"https:\/\/egidimadeinitaly.com\/fr\/#website","url":"https:\/\/egidimadeinitaly.com\/fr\/","name":"Egidi MadeinItaly","description":"Fine Art","potentialAction":[{"@type":"SearchAction","target":{"@type":"EntryPoint","urlTemplate":"https:\/\/egidimadeinitaly.com\/fr\/?s={search_term_string}"},"query-input":{"@type":"PropertyValueSpecification","valueRequired":true,"valueName":"search_term_string"}}],"inLanguage":"fr-FR"}]}},"_links":{"self":[{"href":"https:\/\/egidimadeinitaly.com\/fr\/wp-json\/wp\/v2\/product\/94940","targetHints":{"allow":["GET"]}}],"collection":[{"href":"https:\/\/egidimadeinitaly.com\/fr\/wp-json\/wp\/v2\/product"}],"about":[{"href":"https:\/\/egidimadeinitaly.com\/fr\/wp-json\/wp\/v2\/types\/product"}],"wp:featuredmedia":[{"embeddable":true,"href":"https:\/\/egidimadeinitaly.com\/fr\/wp-json\/wp\/v2\/media\/95034"}],"wp:attachment":[{"href":"https:\/\/egidimadeinitaly.com\/fr\/wp-json\/wp\/v2\/media?parent=94940"}],"wp:term":[{"taxonomy":"product_brand","embeddable":true,"href":"https:\/\/egidimadeinitaly.com\/fr\/wp-json\/wp\/v2\/product_brand?post=94940"},{"taxonomy":"product_cat","embeddable":true,"href":"https:\/\/egidimadeinitaly.com\/fr\/wp-json\/wp\/v2\/product_cat?post=94940"},{"taxonomy":"product_tag","embeddable":true,"href":"https:\/\/egidimadeinitaly.com\/fr\/wp-json\/wp\/v2\/product_tag?post=94940"}],"curies":[{"name":"wp","href":"https:\/\/api.w.org\/{rel}","templated":true}]}}