{"id":94887,"date":"2023-12-01T15:24:04","date_gmt":"2023-12-01T14:24:04","guid":{"rendered":"https:\/\/egidimadeinitaly.com\/ecomsite\/?post_type=product&#038;p=94887"},"modified":"2025-10-08T17:59:21","modified_gmt":"2025-10-08T16:59:21","slug":"claudio-verna-pastel","status":"publish","type":"product","link":"https:\/\/egidimadeinitaly.com\/fr\/negozio\/art-moderne\/oeuvres-modernes-sur-papiers\/claudio-verna-pastel\/","title":{"rendered":"Claudio Verna Pastel"},"content":{"rendered":"<div class=\"wpb-content-wrapper\"><p>[vc_row][vc_column][vc_column_text uncode_shortcode_id=\u00a0\u00bb607108&Prime;]Le dessin est enrichi d&rsquo;un cadre et le pastel est prot\u00e9g\u00e9 par une vitre. Documents fournis sur demande<\/p>\n<h2>\u0152uvres et expositions r\u00e9centes de Claudio Verna<\/h2>\n<p>Au cours des derni\u00e8res ann\u00e9es, Claudio Verna a continu\u00e9 \u00e0 exposer ses \u0153uvres dans d&rsquo;importants mus\u00e9es et galeries, notamment :<\/p>\n<p>Exposition anthologique au Mus\u00e9e national de L&rsquo;Aquila (2007)<\/p>\n<p>Exposition \u00e0 la Fondation Mudima de Milan (2011)<\/p>\n<p>Expositions personnelles \u00e0 la Galerie Monitor de Rome (2013) et de New York (2014)<\/p>\n<p>Exposition \u00e0 Los Angeles chez Marc Selwyn Fine Art (2016)<\/p>\n<p>Son activit\u00e9 artistique est toujours tr\u00e8s active et appr\u00e9ci\u00e9e au niveau international, confirmant son r\u00f4le de protagoniste dans le monde de la peinture contemporaine.<\/p>\n<p>&nbsp;<\/p>\n<p>[\/vc_column_text][\/vc_column][\/vc_row]<\/p>\n<\/div>","protected":false},"excerpt":{"rendered":"<p>Pastel sur papier sign\u00e9 en bas \u00e0 droite par l&rsquo;artiste <strong>Claudio Verna<\/strong> et dat\u00e9 de 1980.<\/p>\n<p>L&rsquo;\u0153uvre a \u00e9t\u00e9 analys\u00e9e directement par les archives Claudio Verna (Guardiagrele, 1937).<\/p>\n<p>Sur la base des recherches, l&rsquo;authenticit\u00e9 de l&rsquo;\u0153uvre a \u00e9t\u00e9 v\u00e9rifi\u00e9e et elle a \u00e9t\u00e9 enregistr\u00e9e dans les archives Claudio Verna sous le code N.80-022.<\/p>\n<h2>La peinture analytique<\/h2>\n<p>Claudio Verna a laiss\u00e9 une empreinte ind\u00e9l\u00e9bile dans le mouvement de la peinture analytique, influen\u00e7ant des g\u00e9n\u00e9rations d&rsquo;artistes et contribuant \u00e0 l&rsquo;essor du langage pictural contemporain. Sa recherche artistique continue d&rsquo;\u00eatre une source d&rsquo;inspiration pour ceux qui souhaitent explorer le potentiel expressif de la couleur et de la lumi\u00e8re.<\/p>\n<p>&nbsp;<\/p>\n","protected":false},"featured_media":101561,"template":"","meta":{"_acf_changed":false},"product_brand":[],"product_cat":[6377,6414],"product_tag":[5391,5645,5306],"class_list":{"0":"post-94887","1":"product","2":"type-product","3":"status-publish","4":"has-post-thumbnail","6":"product_cat-art-moderne","7":"product_cat-oeuvres-modernes-sur-papiers","8":"product_tag-annees-80","9":"product_tag-art-abstrait","10":"product_tag-objets-de-collection","11":"product_shipping_class-dhl-fr","13":"first","14":"instock","15":"shipping-taxable","16":"purchasable","17":"product-type-simple"},"acf":[],"yoast_head":"<!-- This site is optimized with the Yoast SEO Premium plugin v27.3 (Yoast SEO v27.4) - https:\/\/yoast.com\/product\/yoast-seo-premium-wordpress\/ -->\n<title>Claudio Verna Pastel - Egidi MadeinItaly<\/title>\n<meta name=\"description\" content=\"Claudio Verna Pastel sur papier sign\u00e9 e dat\u00e9 1980 certifi\u00e9 et enregistr\u00e9 dans l\u2019Archivio Claudio Verna En Vente sur Egidi MadeinItaly\" \/>\n<meta name=\"robots\" content=\"index, follow, max-snippet:-1, max-image-preview:large, max-video-preview:-1\" \/>\n<link rel=\"canonical\" href=\"https:\/\/egidimadeinitaly.com\/fr\/produit\/art-moderne\/oeuvres-modernes-sur-papiers\/claudio-verna-pastel\/\" \/>\n<meta property=\"og:locale\" content=\"fr_FR\" \/>\n<meta property=\"og:type\" content=\"article\" \/>\n<meta property=\"og:title\" content=\"Claudio Verna Pastel\" \/>\n<meta property=\"og:description\" content=\"Pastel sur papier sign\u00e9 en bas \u00e0 droite par l&#039;artiste Claudio Verna et dat\u00e9 de 1980.  L&#039;\u0153uvre a \u00e9t\u00e9 analys\u00e9e directement par les archives Claudio Verna (Guardiagrele, 1937).  Sur la base des recherches, l&#039;authenticit\u00e9 de l&#039;\u0153uvre a \u00e9t\u00e9 v\u00e9rifi\u00e9e et elle a \u00e9t\u00e9 enregistr\u00e9e dans les archives Claudio Verna sous le code N.80-022. La peinture analytique Claudio Verna a laiss\u00e9 une empreinte ind\u00e9l\u00e9bile dans le mouvement de la peinture analytique, influen\u00e7ant des g\u00e9n\u00e9rations d&#039;artistes et contribuant \u00e0 l&#039;essor du langage pictural contemporain. Sa recherche artistique continue d&#039;\u00eatre une source d&#039;inspiration pour ceux qui souhaitent explorer le potentiel expressif de la couleur et de la lumi\u00e8re.  &nbsp;\" \/>\n<meta property=\"og:url\" content=\"https:\/\/egidimadeinitaly.com\/fr\/produit\/art-moderne\/oeuvres-modernes-sur-papiers\/claudio-verna-pastel\/\" \/>\n<meta property=\"og:site_name\" content=\"Egidi MadeinItaly\" \/>\n<meta property=\"article:publisher\" content=\"https:\/\/www.facebook.com\/egidimadeinitaly\/\" \/>\n<meta property=\"article:modified_time\" content=\"2025-10-08T16:59:21+00:00\" \/>\n<meta property=\"og:image\" content=\"https:\/\/egidimadeinitaly.com\/v25\/wp-content\/uploads\/2020\/12\/85CF4B63-F307-4DD2-B4C8-A058450D45CD-scaled-e1759736339131.jpeg\" \/>\n\t<meta property=\"og:image:width\" content=\"2560\" \/>\n\t<meta property=\"og:image:height\" content=\"1709\" \/>\n\t<meta property=\"og:image:type\" content=\"image\/jpeg\" \/>\n<script type=\"application\/ld+json\" class=\"yoast-schema-graph\">{\"@context\":\"https:\\\/\\\/schema.org\",\"@graph\":[{\"@type\":\"WebPage\",\"@id\":\"https:\\\/\\\/egidimadeinitaly.com\\\/fr\\\/negozio\\\/art-moderne\\\/oeuvres-modernes-sur-papiers\\\/claudio-verna-pastel\\\/\",\"url\":\"https:\\\/\\\/egidimadeinitaly.com\\\/fr\\\/produit\\\/art-moderne\\\/oeuvres-modernes-sur-papiers\\\/claudio-verna-pastel\\\/\",\"name\":\"Claudio Verna Pastel - Egidi MadeinItaly\",\"isPartOf\":{\"@id\":\"https:\\\/\\\/egidimadeinitaly.com\\\/fr\\\/#website\"},\"primaryImageOfPage\":{\"@id\":\"https:\\\/\\\/egidimadeinitaly.com\\\/fr\\\/produit\\\/art-moderne\\\/oeuvres-modernes-sur-papiers\\\/claudio-verna-pastel\\\/#primaryimage\"},\"image\":{\"@id\":\"https:\\\/\\\/egidimadeinitaly.com\\\/fr\\\/produit\\\/art-moderne\\\/oeuvres-modernes-sur-papiers\\\/claudio-verna-pastel\\\/#primaryimage\"},\"thumbnailUrl\":\"https:\\\/\\\/egidimadeinitaly.com\\\/v25\\\/wp-content\\\/uploads\\\/2020\\\/12\\\/85CF4B63-F307-4DD2-B4C8-A058450D45CD-scaled-e1759736339131.jpeg\",\"datePublished\":\"2023-12-01T14:24:04+00:00\",\"dateModified\":\"2025-10-08T16:59:21+00:00\",\"description\":\"Claudio Verna Pastel sur papier sign\u00e9 e dat\u00e9 1980 certifi\u00e9 et enregistr\u00e9 dans l\u2019Archivio Claudio Verna En Vente sur Egidi MadeinItaly\",\"breadcrumb\":{\"@id\":\"https:\\\/\\\/egidimadeinitaly.com\\\/fr\\\/produit\\\/art-moderne\\\/oeuvres-modernes-sur-papiers\\\/claudio-verna-pastel\\\/#breadcrumb\"},\"inLanguage\":\"fr-FR\",\"potentialAction\":[{\"@type\":\"ReadAction\",\"target\":[\"https:\\\/\\\/egidimadeinitaly.com\\\/fr\\\/produit\\\/art-moderne\\\/oeuvres-modernes-sur-papiers\\\/claudio-verna-pastel\\\/\"]}]},{\"@type\":\"ImageObject\",\"inLanguage\":\"fr-FR\",\"@id\":\"https:\\\/\\\/egidimadeinitaly.com\\\/fr\\\/produit\\\/art-moderne\\\/oeuvres-modernes-sur-papiers\\\/claudio-verna-pastel\\\/#primaryimage\",\"url\":\"https:\\\/\\\/egidimadeinitaly.com\\\/v25\\\/wp-content\\\/uploads\\\/2020\\\/12\\\/85CF4B63-F307-4DD2-B4C8-A058450D45CD-scaled-e1759736339131.jpeg\",\"contentUrl\":\"https:\\\/\\\/egidimadeinitaly.com\\\/v25\\\/wp-content\\\/uploads\\\/2020\\\/12\\\/85CF4B63-F307-4DD2-B4C8-A058450D45CD-scaled-e1759736339131.jpeg\",\"width\":2560,\"height\":1709,\"caption\":\"Sans titre de Claudio Verna (1980) lignes courbes violettes et ocres en flux dynamique sur papier, embl\u00e9matiques de la peinture analytique et du geste pictural essentiel.\"},{\"@type\":\"BreadcrumbList\",\"@id\":\"https:\\\/\\\/egidimadeinitaly.com\\\/fr\\\/produit\\\/art-moderne\\\/oeuvres-modernes-sur-papiers\\\/claudio-verna-pastel\\\/#breadcrumb\",\"itemListElement\":[{\"@type\":\"ListItem\",\"position\":1,\"name\":\"Home\",\"item\":\"https:\\\/\\\/egidimadeinitaly.com\\\/fr\\\/\"},{\"@type\":\"ListItem\",\"position\":2,\"name\":\"Produits\",\"item\":\"https:\\\/\\\/egidimadeinitaly.com\\\/fr\\\/shop\\\/\"},{\"@type\":\"ListItem\",\"position\":3,\"name\":\"Art moderne\",\"item\":\"https:\\\/\\\/egidimadeinitaly.com\\\/fr\\\/product-category\\\/art-moderne\\\/\"},{\"@type\":\"ListItem\",\"position\":4,\"name\":\"\u0152uvres modernes sur papiers\",\"item\":\"https:\\\/\\\/egidimadeinitaly.com\\\/fr\\\/product-category\\\/art-moderne\\\/oeuvres-modernes-sur-papiers\\\/\"},{\"@type\":\"ListItem\",\"position\":5,\"name\":\"Claudio Verna Pastel\"}]},{\"@type\":\"WebSite\",\"@id\":\"https:\\\/\\\/egidimadeinitaly.com\\\/fr\\\/#website\",\"url\":\"https:\\\/\\\/egidimadeinitaly.com\\\/fr\\\/\",\"name\":\"Egidi MadeinItaly\",\"description\":\"Fine Art\",\"potentialAction\":[{\"@type\":\"SearchAction\",\"target\":{\"@type\":\"EntryPoint\",\"urlTemplate\":\"https:\\\/\\\/egidimadeinitaly.com\\\/fr\\\/?s={search_term_string}\"},\"query-input\":{\"@type\":\"PropertyValueSpecification\",\"valueRequired\":true,\"valueName\":\"search_term_string\"}}],\"inLanguage\":\"fr-FR\"}]}<\/script>\n<!-- \/ Yoast SEO Premium plugin. -->","yoast_head_json":{"title":"Claudio Verna Pastel - Egidi MadeinItaly","description":"Claudio Verna Pastel sur papier sign\u00e9 e dat\u00e9 1980 certifi\u00e9 et enregistr\u00e9 dans l\u2019Archivio Claudio Verna En Vente sur Egidi MadeinItaly","robots":{"index":"index","follow":"follow","max-snippet":"max-snippet:-1","max-image-preview":"max-image-preview:large","max-video-preview":"max-video-preview:-1"},"canonical":"https:\/\/egidimadeinitaly.com\/fr\/produit\/art-moderne\/oeuvres-modernes-sur-papiers\/claudio-verna-pastel\/","og_locale":"fr_FR","og_type":"article","og_title":"Claudio Verna Pastel","og_description":"Pastel sur papier sign\u00e9 en bas \u00e0 droite par l'artiste Claudio Verna et dat\u00e9 de 1980.  L'\u0153uvre a \u00e9t\u00e9 analys\u00e9e directement par les archives Claudio Verna (Guardiagrele, 1937).  Sur la base des recherches, l'authenticit\u00e9 de l'\u0153uvre a \u00e9t\u00e9 v\u00e9rifi\u00e9e et elle a \u00e9t\u00e9 enregistr\u00e9e dans les archives Claudio Verna sous le code N.80-022. La peinture analytique Claudio Verna a laiss\u00e9 une empreinte ind\u00e9l\u00e9bile dans le mouvement de la peinture analytique, influen\u00e7ant des g\u00e9n\u00e9rations d'artistes et contribuant \u00e0 l'essor du langage pictural contemporain. Sa recherche artistique continue d'\u00eatre une source d'inspiration pour ceux qui souhaitent explorer le potentiel expressif de la couleur et de la lumi\u00e8re.  &nbsp;","og_url":"https:\/\/egidimadeinitaly.com\/fr\/produit\/art-moderne\/oeuvres-modernes-sur-papiers\/claudio-verna-pastel\/","og_site_name":"Egidi MadeinItaly","article_publisher":"https:\/\/www.facebook.com\/egidimadeinitaly\/","article_modified_time":"2025-10-08T16:59:21+00:00","og_image":[{"width":2560,"height":1709,"url":"https:\/\/egidimadeinitaly.com\/v25\/wp-content\/uploads\/2020\/12\/85CF4B63-F307-4DD2-B4C8-A058450D45CD-scaled-e1759736339131.jpeg","type":"image\/jpeg"}],"schema":{"@context":"https:\/\/schema.org","@graph":[{"@type":"WebPage","@id":"https:\/\/egidimadeinitaly.com\/fr\/negozio\/art-moderne\/oeuvres-modernes-sur-papiers\/claudio-verna-pastel\/","url":"https:\/\/egidimadeinitaly.com\/fr\/produit\/art-moderne\/oeuvres-modernes-sur-papiers\/claudio-verna-pastel\/","name":"Claudio Verna Pastel - Egidi MadeinItaly","isPartOf":{"@id":"https:\/\/egidimadeinitaly.com\/fr\/#website"},"primaryImageOfPage":{"@id":"https:\/\/egidimadeinitaly.com\/fr\/produit\/art-moderne\/oeuvres-modernes-sur-papiers\/claudio-verna-pastel\/#primaryimage"},"image":{"@id":"https:\/\/egidimadeinitaly.com\/fr\/produit\/art-moderne\/oeuvres-modernes-sur-papiers\/claudio-verna-pastel\/#primaryimage"},"thumbnailUrl":"https:\/\/egidimadeinitaly.com\/v25\/wp-content\/uploads\/2020\/12\/85CF4B63-F307-4DD2-B4C8-A058450D45CD-scaled-e1759736339131.jpeg","datePublished":"2023-12-01T14:24:04+00:00","dateModified":"2025-10-08T16:59:21+00:00","description":"Claudio Verna Pastel sur papier sign\u00e9 e dat\u00e9 1980 certifi\u00e9 et enregistr\u00e9 dans l\u2019Archivio Claudio Verna En Vente sur Egidi MadeinItaly","breadcrumb":{"@id":"https:\/\/egidimadeinitaly.com\/fr\/produit\/art-moderne\/oeuvres-modernes-sur-papiers\/claudio-verna-pastel\/#breadcrumb"},"inLanguage":"fr-FR","potentialAction":[{"@type":"ReadAction","target":["https:\/\/egidimadeinitaly.com\/fr\/produit\/art-moderne\/oeuvres-modernes-sur-papiers\/claudio-verna-pastel\/"]}]},{"@type":"ImageObject","inLanguage":"fr-FR","@id":"https:\/\/egidimadeinitaly.com\/fr\/produit\/art-moderne\/oeuvres-modernes-sur-papiers\/claudio-verna-pastel\/#primaryimage","url":"https:\/\/egidimadeinitaly.com\/v25\/wp-content\/uploads\/2020\/12\/85CF4B63-F307-4DD2-B4C8-A058450D45CD-scaled-e1759736339131.jpeg","contentUrl":"https:\/\/egidimadeinitaly.com\/v25\/wp-content\/uploads\/2020\/12\/85CF4B63-F307-4DD2-B4C8-A058450D45CD-scaled-e1759736339131.jpeg","width":2560,"height":1709,"caption":"Sans titre de Claudio Verna (1980) lignes courbes violettes et ocres en flux dynamique sur papier, embl\u00e9matiques de la peinture analytique et du geste pictural essentiel."},{"@type":"BreadcrumbList","@id":"https:\/\/egidimadeinitaly.com\/fr\/produit\/art-moderne\/oeuvres-modernes-sur-papiers\/claudio-verna-pastel\/#breadcrumb","itemListElement":[{"@type":"ListItem","position":1,"name":"Home","item":"https:\/\/egidimadeinitaly.com\/fr\/"},{"@type":"ListItem","position":2,"name":"Produits","item":"https:\/\/egidimadeinitaly.com\/fr\/shop\/"},{"@type":"ListItem","position":3,"name":"Art moderne","item":"https:\/\/egidimadeinitaly.com\/fr\/product-category\/art-moderne\/"},{"@type":"ListItem","position":4,"name":"\u0152uvres modernes sur papiers","item":"https:\/\/egidimadeinitaly.com\/fr\/product-category\/art-moderne\/oeuvres-modernes-sur-papiers\/"},{"@type":"ListItem","position":5,"name":"Claudio Verna Pastel"}]},{"@type":"WebSite","@id":"https:\/\/egidimadeinitaly.com\/fr\/#website","url":"https:\/\/egidimadeinitaly.com\/fr\/","name":"Egidi MadeinItaly","description":"Fine Art","potentialAction":[{"@type":"SearchAction","target":{"@type":"EntryPoint","urlTemplate":"https:\/\/egidimadeinitaly.com\/fr\/?s={search_term_string}"},"query-input":{"@type":"PropertyValueSpecification","valueRequired":true,"valueName":"search_term_string"}}],"inLanguage":"fr-FR"}]}},"_links":{"self":[{"href":"https:\/\/egidimadeinitaly.com\/fr\/wp-json\/wp\/v2\/product\/94887","targetHints":{"allow":["GET"]}}],"collection":[{"href":"https:\/\/egidimadeinitaly.com\/fr\/wp-json\/wp\/v2\/product"}],"about":[{"href":"https:\/\/egidimadeinitaly.com\/fr\/wp-json\/wp\/v2\/types\/product"}],"wp:featuredmedia":[{"embeddable":true,"href":"https:\/\/egidimadeinitaly.com\/fr\/wp-json\/wp\/v2\/media\/101561"}],"wp:attachment":[{"href":"https:\/\/egidimadeinitaly.com\/fr\/wp-json\/wp\/v2\/media?parent=94887"}],"wp:term":[{"taxonomy":"product_brand","embeddable":true,"href":"https:\/\/egidimadeinitaly.com\/fr\/wp-json\/wp\/v2\/product_brand?post=94887"},{"taxonomy":"product_cat","embeddable":true,"href":"https:\/\/egidimadeinitaly.com\/fr\/wp-json\/wp\/v2\/product_cat?post=94887"},{"taxonomy":"product_tag","embeddable":true,"href":"https:\/\/egidimadeinitaly.com\/fr\/wp-json\/wp\/v2\/product_tag?post=94887"}],"curies":[{"name":"wp","href":"https:\/\/api.w.org\/{rel}","templated":true}]}}