{"id":94445,"date":"2020-12-27T19:28:12","date_gmt":"2020-12-27T18:28:12","guid":{"rendered":"https:\/\/egidimadeinitaly.com\/ecomsite\/?post_type=product&#038;p=94445"},"modified":"2024-05-14T12:36:14","modified_gmt":"2024-05-14T11:36:14","slug":"paire-danges-baroque-en-papier-mache","status":"publish","type":"product","link":"https:\/\/egidimadeinitaly.com\/fr\/negozio\/sculpture-fr-2\/sculpture-ancienne-fr\/paire-danges-baroque-en-papier-mache\/","title":{"rendered":"Paire d\u2019anges Baroque en Papier m\u00e2ch\u00e9"},"content":{"rendered":"<p>Florence \u00e9poque baroque tardif.<\/p>\n<p>Bases originales en bois laqu\u00e9 imitation marbre.<\/p>\n<p>Si leur posture, toute en courbe et <em>horreur vacui<\/em> est purement baroque, <strong>cette iconologie reste extr\u00eamement rare<\/strong> puisqu\u2019un putto soutenant ce qu\u2019on appelle le Voile de V\u00e9ronique est loin d&rsquo;\u00eatre fr\u00e9quent \u00e0 cette \u00e9poque.<\/p>\n<p>L\u2019un des rares exemples que nous pourrions \u00e9ventuellement comparer \u00e0 ces statues est le bas-relief qui se trouve dans l\u2019\u00c9glise du Tr\u00e8s-Saint Sauveur \u00e0 Palerme, en Sicile.<\/p>\n<p>Cela signifie que ces deux anges <strong>pourraient \u00eatre des mod\u00e8les uniques provenant de l\u2019atelier d\u2019un grand ma\u00eetre sculpteur<\/strong>.<\/p>\n<p>&nbsp;<\/p>\n","protected":false},"excerpt":{"rendered":"<p>Paire de grands anges en papier m\u00e2ch\u00e9 argent\u00e9 r\u00e9alis\u00e9s selon la technique dite <em>mecca.<\/em><\/p>\n<p>&nbsp;<\/p>\n","protected":false},"featured_media":94419,"template":"","meta":{"_acf_changed":false},"product_brand":[],"product_cat":[6417,6419],"product_tag":[4245,5306,3113],"class_list":{"0":"post-94445","1":"product","2":"type-product","3":"status-publish","4":"has-post-thumbnail","6":"product_cat-sculpture-fr-2","7":"product_cat-sculpture-ancienne-fr","8":"product_tag-art-sacre","9":"product_tag-objets-de-collection","10":"product_tag-xviiieme-siecle-fr","11":"product_shipping_class-dhl-fr","13":"first","14":"outofstock","15":"taxable","16":"shipping-taxable","17":"product-type-simple"},"acf":[],"yoast_head":"<!-- This site is optimized with the Yoast SEO Premium plugin v27.3 (Yoast SEO v27.4) - https:\/\/yoast.com\/product\/yoast-seo-premium-wordpress\/ -->\n<title>Paire d\u2019anges Baroque en Papier m\u00e2ch\u00e9 - Egidi MadeinItaly<\/title>\n<meta name=\"description\" content=\"Paire de grands anges en papier m\u00e2ch\u00e9 argent\u00e9 r\u00e9alis\u00e9s selon la technique dite mecca. Sculpture ancien en vente sur Egidi Madeinitaly\" \/>\n<meta name=\"robots\" content=\"index, follow, max-snippet:-1, max-image-preview:large, max-video-preview:-1\" \/>\n<link rel=\"canonical\" href=\"https:\/\/egidimadeinitaly.com\/fr\/produit\/sculpture-fr-2\/sculpture-ancienne-fr\/paire-danges-baroque-en-papier-mache\/\" \/>\n<meta property=\"og:locale\" content=\"fr_FR\" \/>\n<meta property=\"og:type\" content=\"article\" \/>\n<meta property=\"og:title\" content=\"Paire d\u2019anges Baroque en Papier m\u00e2ch\u00e9\" \/>\n<meta property=\"og:description\" content=\"Paire de grands anges en papier m\u00e2ch\u00e9 argent\u00e9 r\u00e9alis\u00e9s selon la technique dite mecca.  &nbsp;\" \/>\n<meta property=\"og:url\" content=\"https:\/\/egidimadeinitaly.com\/fr\/produit\/sculpture-fr-2\/sculpture-ancienne-fr\/paire-danges-baroque-en-papier-mache\/\" \/>\n<meta property=\"og:site_name\" content=\"Egidi MadeinItaly\" \/>\n<meta property=\"article:publisher\" content=\"https:\/\/www.facebook.com\/egidimadeinitaly\/\" \/>\n<meta property=\"article:modified_time\" content=\"2024-05-14T11:36:14+00:00\" \/>\n<meta property=\"og:image\" content=\"https:\/\/egidimadeinitaly.com\/wp-content\/uploads\/2020\/11\/6F0D5625-DA56-49F9-8F04-9D666D9C93A4-scaled-e1722618956994.jpeg\" \/>\n\t<meta property=\"og:image:width\" content=\"900\" \/>\n\t<meta property=\"og:image:height\" content=\"900\" \/>\n\t<meta property=\"og:image:type\" content=\"image\/jpeg\" \/>\n<script type=\"application\/ld+json\" class=\"yoast-schema-graph\">{\"@context\":\"https:\\\/\\\/schema.org\",\"@graph\":[{\"@type\":\"WebPage\",\"@id\":\"https:\\\/\\\/egidimadeinitaly.com\\\/fr\\\/negozio\\\/sculpture-fr-2\\\/sculpture-ancienne-fr\\\/paire-danges-baroque-en-papier-mache\\\/\",\"url\":\"https:\\\/\\\/egidimadeinitaly.com\\\/fr\\\/produit\\\/sculpture-fr-2\\\/sculpture-ancienne-fr\\\/paire-danges-baroque-en-papier-mache\\\/\",\"name\":\"Paire d\u2019anges Baroque en Papier m\u00e2ch\u00e9 - Egidi MadeinItaly\",\"isPartOf\":{\"@id\":\"https:\\\/\\\/egidimadeinitaly.com\\\/fr\\\/#website\"},\"primaryImageOfPage\":{\"@id\":\"https:\\\/\\\/egidimadeinitaly.com\\\/fr\\\/produit\\\/sculpture-fr-2\\\/sculpture-ancienne-fr\\\/paire-danges-baroque-en-papier-mache\\\/#primaryimage\"},\"image\":{\"@id\":\"https:\\\/\\\/egidimadeinitaly.com\\\/fr\\\/produit\\\/sculpture-fr-2\\\/sculpture-ancienne-fr\\\/paire-danges-baroque-en-papier-mache\\\/#primaryimage\"},\"thumbnailUrl\":\"https:\\\/\\\/egidimadeinitaly.com\\\/v25\\\/wp-content\\\/uploads\\\/2020\\\/11\\\/6F0D5625-DA56-49F9-8F04-9D666D9C93A4-scaled-e1722618956994.jpeg\",\"datePublished\":\"2020-12-27T18:28:12+00:00\",\"dateModified\":\"2024-05-14T11:36:14+00:00\",\"description\":\"Paire de grands anges en papier m\u00e2ch\u00e9 argent\u00e9 r\u00e9alis\u00e9s selon la technique dite mecca. Sculpture ancien en vente sur Egidi Madeinitaly\",\"breadcrumb\":{\"@id\":\"https:\\\/\\\/egidimadeinitaly.com\\\/fr\\\/produit\\\/sculpture-fr-2\\\/sculpture-ancienne-fr\\\/paire-danges-baroque-en-papier-mache\\\/#breadcrumb\"},\"inLanguage\":\"fr-FR\",\"potentialAction\":[{\"@type\":\"ReadAction\",\"target\":[\"https:\\\/\\\/egidimadeinitaly.com\\\/fr\\\/produit\\\/sculpture-fr-2\\\/sculpture-ancienne-fr\\\/paire-danges-baroque-en-papier-mache\\\/\"]}]},{\"@type\":\"ImageObject\",\"inLanguage\":\"fr-FR\",\"@id\":\"https:\\\/\\\/egidimadeinitaly.com\\\/fr\\\/produit\\\/sculpture-fr-2\\\/sculpture-ancienne-fr\\\/paire-danges-baroque-en-papier-mache\\\/#primaryimage\",\"url\":\"https:\\\/\\\/egidimadeinitaly.com\\\/v25\\\/wp-content\\\/uploads\\\/2020\\\/11\\\/6F0D5625-DA56-49F9-8F04-9D666D9C93A4-scaled-e1722618956994.jpeg\",\"contentUrl\":\"https:\\\/\\\/egidimadeinitaly.com\\\/v25\\\/wp-content\\\/uploads\\\/2020\\\/11\\\/6F0D5625-DA56-49F9-8F04-9D666D9C93A4-scaled-e1722618956994.jpeg\",\"width\":900,\"height\":900,\"caption\":\"Paire d' Anciens Anges Base en Bois Laqu\u00e9 \u00e0 Faux Marbre\"},{\"@type\":\"BreadcrumbList\",\"@id\":\"https:\\\/\\\/egidimadeinitaly.com\\\/fr\\\/produit\\\/sculpture-fr-2\\\/sculpture-ancienne-fr\\\/paire-danges-baroque-en-papier-mache\\\/#breadcrumb\",\"itemListElement\":[{\"@type\":\"ListItem\",\"position\":1,\"name\":\"Home\",\"item\":\"https:\\\/\\\/egidimadeinitaly.com\\\/fr\\\/\"},{\"@type\":\"ListItem\",\"position\":2,\"name\":\"Produits\",\"item\":\"https:\\\/\\\/egidimadeinitaly.com\\\/fr\\\/shop\\\/\"},{\"@type\":\"ListItem\",\"position\":3,\"name\":\"Sculpture\",\"item\":\"https:\\\/\\\/egidimadeinitaly.com\\\/fr\\\/product-category\\\/sculpture-fr-2\\\/\"},{\"@type\":\"ListItem\",\"position\":4,\"name\":\"Sculpture ancienne\",\"item\":\"https:\\\/\\\/egidimadeinitaly.com\\\/fr\\\/product-category\\\/sculpture-fr-2\\\/sculpture-ancienne-fr\\\/\"},{\"@type\":\"ListItem\",\"position\":5,\"name\":\"Paire d\u2019anges Baroque en Papier m\u00e2ch\u00e9\"}]},{\"@type\":\"WebSite\",\"@id\":\"https:\\\/\\\/egidimadeinitaly.com\\\/fr\\\/#website\",\"url\":\"https:\\\/\\\/egidimadeinitaly.com\\\/fr\\\/\",\"name\":\"Egidi MadeinItaly\",\"description\":\"Fine Art\",\"potentialAction\":[{\"@type\":\"SearchAction\",\"target\":{\"@type\":\"EntryPoint\",\"urlTemplate\":\"https:\\\/\\\/egidimadeinitaly.com\\\/fr\\\/?s={search_term_string}\"},\"query-input\":{\"@type\":\"PropertyValueSpecification\",\"valueRequired\":true,\"valueName\":\"search_term_string\"}}],\"inLanguage\":\"fr-FR\"}]}<\/script>\n<!-- \/ Yoast SEO Premium plugin. -->","yoast_head_json":{"title":"Paire d\u2019anges Baroque en Papier m\u00e2ch\u00e9 - Egidi MadeinItaly","description":"Paire de grands anges en papier m\u00e2ch\u00e9 argent\u00e9 r\u00e9alis\u00e9s selon la technique dite mecca. Sculpture ancien en vente sur Egidi Madeinitaly","robots":{"index":"index","follow":"follow","max-snippet":"max-snippet:-1","max-image-preview":"max-image-preview:large","max-video-preview":"max-video-preview:-1"},"canonical":"https:\/\/egidimadeinitaly.com\/fr\/produit\/sculpture-fr-2\/sculpture-ancienne-fr\/paire-danges-baroque-en-papier-mache\/","og_locale":"fr_FR","og_type":"article","og_title":"Paire d\u2019anges Baroque en Papier m\u00e2ch\u00e9","og_description":"Paire de grands anges en papier m\u00e2ch\u00e9 argent\u00e9 r\u00e9alis\u00e9s selon la technique dite mecca.  &nbsp;","og_url":"https:\/\/egidimadeinitaly.com\/fr\/produit\/sculpture-fr-2\/sculpture-ancienne-fr\/paire-danges-baroque-en-papier-mache\/","og_site_name":"Egidi MadeinItaly","article_publisher":"https:\/\/www.facebook.com\/egidimadeinitaly\/","article_modified_time":"2024-05-14T11:36:14+00:00","og_image":[{"width":900,"height":900,"url":"https:\/\/egidimadeinitaly.com\/wp-content\/uploads\/2020\/11\/6F0D5625-DA56-49F9-8F04-9D666D9C93A4-scaled-e1722618956994.jpeg","type":"image\/jpeg"}],"schema":{"@context":"https:\/\/schema.org","@graph":[{"@type":"WebPage","@id":"https:\/\/egidimadeinitaly.com\/fr\/negozio\/sculpture-fr-2\/sculpture-ancienne-fr\/paire-danges-baroque-en-papier-mache\/","url":"https:\/\/egidimadeinitaly.com\/fr\/produit\/sculpture-fr-2\/sculpture-ancienne-fr\/paire-danges-baroque-en-papier-mache\/","name":"Paire d\u2019anges Baroque en Papier m\u00e2ch\u00e9 - Egidi MadeinItaly","isPartOf":{"@id":"https:\/\/egidimadeinitaly.com\/fr\/#website"},"primaryImageOfPage":{"@id":"https:\/\/egidimadeinitaly.com\/fr\/produit\/sculpture-fr-2\/sculpture-ancienne-fr\/paire-danges-baroque-en-papier-mache\/#primaryimage"},"image":{"@id":"https:\/\/egidimadeinitaly.com\/fr\/produit\/sculpture-fr-2\/sculpture-ancienne-fr\/paire-danges-baroque-en-papier-mache\/#primaryimage"},"thumbnailUrl":"https:\/\/egidimadeinitaly.com\/v25\/wp-content\/uploads\/2020\/11\/6F0D5625-DA56-49F9-8F04-9D666D9C93A4-scaled-e1722618956994.jpeg","datePublished":"2020-12-27T18:28:12+00:00","dateModified":"2024-05-14T11:36:14+00:00","description":"Paire de grands anges en papier m\u00e2ch\u00e9 argent\u00e9 r\u00e9alis\u00e9s selon la technique dite mecca. Sculpture ancien en vente sur Egidi Madeinitaly","breadcrumb":{"@id":"https:\/\/egidimadeinitaly.com\/fr\/produit\/sculpture-fr-2\/sculpture-ancienne-fr\/paire-danges-baroque-en-papier-mache\/#breadcrumb"},"inLanguage":"fr-FR","potentialAction":[{"@type":"ReadAction","target":["https:\/\/egidimadeinitaly.com\/fr\/produit\/sculpture-fr-2\/sculpture-ancienne-fr\/paire-danges-baroque-en-papier-mache\/"]}]},{"@type":"ImageObject","inLanguage":"fr-FR","@id":"https:\/\/egidimadeinitaly.com\/fr\/produit\/sculpture-fr-2\/sculpture-ancienne-fr\/paire-danges-baroque-en-papier-mache\/#primaryimage","url":"https:\/\/egidimadeinitaly.com\/v25\/wp-content\/uploads\/2020\/11\/6F0D5625-DA56-49F9-8F04-9D666D9C93A4-scaled-e1722618956994.jpeg","contentUrl":"https:\/\/egidimadeinitaly.com\/v25\/wp-content\/uploads\/2020\/11\/6F0D5625-DA56-49F9-8F04-9D666D9C93A4-scaled-e1722618956994.jpeg","width":900,"height":900,"caption":"Paire d' Anciens Anges Base en Bois Laqu\u00e9 \u00e0 Faux Marbre"},{"@type":"BreadcrumbList","@id":"https:\/\/egidimadeinitaly.com\/fr\/produit\/sculpture-fr-2\/sculpture-ancienne-fr\/paire-danges-baroque-en-papier-mache\/#breadcrumb","itemListElement":[{"@type":"ListItem","position":1,"name":"Home","item":"https:\/\/egidimadeinitaly.com\/fr\/"},{"@type":"ListItem","position":2,"name":"Produits","item":"https:\/\/egidimadeinitaly.com\/fr\/shop\/"},{"@type":"ListItem","position":3,"name":"Sculpture","item":"https:\/\/egidimadeinitaly.com\/fr\/product-category\/sculpture-fr-2\/"},{"@type":"ListItem","position":4,"name":"Sculpture ancienne","item":"https:\/\/egidimadeinitaly.com\/fr\/product-category\/sculpture-fr-2\/sculpture-ancienne-fr\/"},{"@type":"ListItem","position":5,"name":"Paire d\u2019anges Baroque en Papier m\u00e2ch\u00e9"}]},{"@type":"WebSite","@id":"https:\/\/egidimadeinitaly.com\/fr\/#website","url":"https:\/\/egidimadeinitaly.com\/fr\/","name":"Egidi MadeinItaly","description":"Fine Art","potentialAction":[{"@type":"SearchAction","target":{"@type":"EntryPoint","urlTemplate":"https:\/\/egidimadeinitaly.com\/fr\/?s={search_term_string}"},"query-input":{"@type":"PropertyValueSpecification","valueRequired":true,"valueName":"search_term_string"}}],"inLanguage":"fr-FR"}]}},"_links":{"self":[{"href":"https:\/\/egidimadeinitaly.com\/fr\/wp-json\/wp\/v2\/product\/94445","targetHints":{"allow":["GET"]}}],"collection":[{"href":"https:\/\/egidimadeinitaly.com\/fr\/wp-json\/wp\/v2\/product"}],"about":[{"href":"https:\/\/egidimadeinitaly.com\/fr\/wp-json\/wp\/v2\/types\/product"}],"wp:featuredmedia":[{"embeddable":true,"href":"https:\/\/egidimadeinitaly.com\/fr\/wp-json\/wp\/v2\/media\/94419"}],"wp:attachment":[{"href":"https:\/\/egidimadeinitaly.com\/fr\/wp-json\/wp\/v2\/media?parent=94445"}],"wp:term":[{"taxonomy":"product_brand","embeddable":true,"href":"https:\/\/egidimadeinitaly.com\/fr\/wp-json\/wp\/v2\/product_brand?post=94445"},{"taxonomy":"product_cat","embeddable":true,"href":"https:\/\/egidimadeinitaly.com\/fr\/wp-json\/wp\/v2\/product_cat?post=94445"},{"taxonomy":"product_tag","embeddable":true,"href":"https:\/\/egidimadeinitaly.com\/fr\/wp-json\/wp\/v2\/product_tag?post=94445"}],"curies":[{"name":"wp","href":"https:\/\/api.w.org\/{rel}","templated":true}]}}