{"id":93569,"date":"2020-10-02T15:23:55","date_gmt":"2020-10-02T14:23:55","guid":{"rendered":"https:\/\/egidimadeinitaly.com\/ecomsite\/?post_type=product&#038;p=93569"},"modified":"2021-07-13T13:23:55","modified_gmt":"2021-07-13T13:23:55","slug":"fauteuil-et-ottoman-charles-eames-vitra","status":"publish","type":"product","link":"https:\/\/egidimadeinitaly.com\/fr\/negozio\/objets-dart\/objets-dart-modernes\/fauteuil-et-ottoman-charles-eames-vitra\/","title":{"rendered":"Fauteuil et Ottoman Charles Eames pour Vitra"},"content":{"rendered":"<p>Ce mod\u00e8le de fauteuil Charles et Ray Eames pour Vitra est devenu une v\u00e9ritable ic\u00f4ne du design international.<\/p>\n","protected":false},"excerpt":{"rendered":"<p>Fauteuil lounge chair et son ottoman, Charles et Ray Eames.<\/p>\n<p>&nbsp;<\/p>\n","protected":false},"featured_media":93563,"template":"","meta":{"_acf_changed":false},"product_brand":[],"product_cat":[6412,6492],"product_tag":[5422,5079],"class_list":{"0":"post-93569","1":"product","2":"type-product","3":"status-publish","4":"has-post-thumbnail","6":"product_cat-objets-dart-modernes","7":"product_cat-objets-dart","8":"product_tag-annees-70","9":"product_tag-vintage-fr","10":"product_shipping_class-dhl-fr","12":"first","13":"outofstock","14":"shipping-taxable","15":"product-type-simple"},"acf":[],"yoast_head":"<!-- This site is optimized with the Yoast SEO Premium plugin v27.5 (Yoast SEO v27.6) - https:\/\/yoast.com\/product\/yoast-seo-premium-wordpress\/ -->\n<title>Fauteuil et Ottoman Charles Eames pour Vitra - Egidi MadeinItaly<\/title>\n<meta name=\"description\" content=\"Ce Fauteuil et son Ottoman sont de grands Classiques du Design Moderne en Vente sur Egidi MadeinItaly E-Commerce\" \/>\n<meta name=\"robots\" content=\"index, follow, max-snippet:-1, max-image-preview:large, max-video-preview:-1\" \/>\n<link rel=\"canonical\" href=\"https:\/\/egidimadeinitaly.com\/fr\/negozio\/objets-dart\/objets-dart-modernes\/fauteuil-et-ottoman-charles-eames-vitra\/\" \/>\n<meta property=\"og:locale\" content=\"fr_FR\" \/>\n<meta property=\"og:type\" content=\"article\" \/>\n<meta property=\"og:title\" content=\"Fauteuil et Ottoman Charles Eames pour Vitra\" \/>\n<meta property=\"og:description\" content=\"Fauteuil lounge chair et son ottoman, Charles et Ray Eames.  &nbsp;\" \/>\n<meta property=\"og:url\" content=\"https:\/\/egidimadeinitaly.com\/fr\/negozio\/objets-dart\/objets-dart-modernes\/fauteuil-et-ottoman-charles-eames-vitra\/\" \/>\n<meta property=\"og:site_name\" content=\"Egidi MadeinItaly\" \/>\n<meta property=\"article:publisher\" content=\"https:\/\/www.facebook.com\/egidimadeinitaly\/\" \/>\n<meta property=\"article:modified_time\" content=\"2021-07-13T13:23:55+00:00\" \/>\n<meta property=\"og:image\" content=\"https:\/\/egidimadeinitaly.com\/wp-content\/uploads\/2018\/06\/3246B3EF-5D5D-4178-99FE-8C7E53C7D350-e1723398319986.jpeg\" \/>\n\t<meta property=\"og:image:width\" content=\"2000\" \/>\n\t<meta property=\"og:image:height\" content=\"1333\" \/>\n\t<meta property=\"og:image:type\" content=\"image\/jpeg\" \/>\n<script type=\"application\/ld+json\" class=\"yoast-schema-graph\">{\"@context\":\"https:\\\/\\\/schema.org\",\"@graph\":[{\"@type\":\"WebPage\",\"@id\":\"https:\\\/\\\/egidimadeinitaly.com\\\/fr\\\/negozio\\\/objets-dart\\\/objets-dart-modernes\\\/fauteuil-et-ottoman-charles-eames-vitra\\\/\",\"url\":\"https:\\\/\\\/egidimadeinitaly.com\\\/fr\\\/negozio\\\/objets-dart\\\/objets-dart-modernes\\\/fauteuil-et-ottoman-charles-eames-vitra\\\/\",\"name\":\"Fauteuil et Ottoman Charles Eames pour Vitra - Egidi MadeinItaly\",\"isPartOf\":{\"@id\":\"https:\\\/\\\/egidimadeinitaly.com\\\/fr\\\/#website\"},\"primaryImageOfPage\":{\"@id\":\"https:\\\/\\\/egidimadeinitaly.com\\\/fr\\\/negozio\\\/objets-dart\\\/objets-dart-modernes\\\/fauteuil-et-ottoman-charles-eames-vitra\\\/#primaryimage\"},\"image\":{\"@id\":\"https:\\\/\\\/egidimadeinitaly.com\\\/fr\\\/negozio\\\/objets-dart\\\/objets-dart-modernes\\\/fauteuil-et-ottoman-charles-eames-vitra\\\/#primaryimage\"},\"thumbnailUrl\":\"https:\\\/\\\/egidimadeinitaly.com\\\/v25\\\/wp-content\\\/uploads\\\/2018\\\/06\\\/3246B3EF-5D5D-4178-99FE-8C7E53C7D350-e1723398319986.jpeg\",\"datePublished\":\"2020-10-02T14:23:55+00:00\",\"dateModified\":\"2021-07-13T13:23:55+00:00\",\"description\":\"Ce Fauteuil et son Ottoman sont de grands Classiques du Design Moderne en Vente sur Egidi MadeinItaly E-Commerce\",\"breadcrumb\":{\"@id\":\"https:\\\/\\\/egidimadeinitaly.com\\\/fr\\\/negozio\\\/objets-dart\\\/objets-dart-modernes\\\/fauteuil-et-ottoman-charles-eames-vitra\\\/#breadcrumb\"},\"inLanguage\":\"fr-FR\",\"potentialAction\":[{\"@type\":\"ReadAction\",\"target\":[\"https:\\\/\\\/egidimadeinitaly.com\\\/fr\\\/negozio\\\/objets-dart\\\/objets-dart-modernes\\\/fauteuil-et-ottoman-charles-eames-vitra\\\/\"]}]},{\"@type\":\"ImageObject\",\"inLanguage\":\"fr-FR\",\"@id\":\"https:\\\/\\\/egidimadeinitaly.com\\\/fr\\\/negozio\\\/objets-dart\\\/objets-dart-modernes\\\/fauteuil-et-ottoman-charles-eames-vitra\\\/#primaryimage\",\"url\":\"https:\\\/\\\/egidimadeinitaly.com\\\/v25\\\/wp-content\\\/uploads\\\/2018\\\/06\\\/3246B3EF-5D5D-4178-99FE-8C7E53C7D350-e1723398319986.jpeg\",\"contentUrl\":\"https:\\\/\\\/egidimadeinitaly.com\\\/v25\\\/wp-content\\\/uploads\\\/2018\\\/06\\\/3246B3EF-5D5D-4178-99FE-8C7E53C7D350-e1723398319986.jpeg\",\"width\":2000,\"height\":1333,\"caption\":\"Ray et Charles Eames pour VitraArt Italien Ancien et moderne en Vente en Ligne sur Egidi MadeinItaly\"},{\"@type\":\"BreadcrumbList\",\"@id\":\"https:\\\/\\\/egidimadeinitaly.com\\\/fr\\\/negozio\\\/objets-dart\\\/objets-dart-modernes\\\/fauteuil-et-ottoman-charles-eames-vitra\\\/#breadcrumb\",\"itemListElement\":[{\"@type\":\"ListItem\",\"position\":1,\"name\":\"Home\",\"item\":\"https:\\\/\\\/egidimadeinitaly.com\\\/fr\\\/\"},{\"@type\":\"ListItem\",\"position\":2,\"name\":\"Produits\",\"item\":\"https:\\\/\\\/egidimadeinitaly.com\\\/fr\\\/shop\\\/\"},{\"@type\":\"ListItem\",\"position\":3,\"name\":\"Objets d\u2019art\",\"item\":\"https:\\\/\\\/egidimadeinitaly.com\\\/fr\\\/product-category\\\/objets-dart\\\/\"},{\"@type\":\"ListItem\",\"position\":4,\"name\":\"Objets d'art modernes\",\"item\":\"https:\\\/\\\/egidimadeinitaly.com\\\/fr\\\/product-category\\\/objets-dart\\\/objets-dart-modernes\\\/\"},{\"@type\":\"ListItem\",\"position\":5,\"name\":\"Fauteuil et Ottoman Charles Eames pour Vitra\"}]},{\"@type\":\"WebSite\",\"@id\":\"https:\\\/\\\/egidimadeinitaly.com\\\/fr\\\/#website\",\"url\":\"https:\\\/\\\/egidimadeinitaly.com\\\/fr\\\/\",\"name\":\"Egidi MadeinItaly\",\"description\":\"Fine Art\",\"potentialAction\":[{\"@type\":\"SearchAction\",\"target\":{\"@type\":\"EntryPoint\",\"urlTemplate\":\"https:\\\/\\\/egidimadeinitaly.com\\\/fr\\\/?s={search_term_string}\"},\"query-input\":{\"@type\":\"PropertyValueSpecification\",\"valueRequired\":true,\"valueName\":\"search_term_string\"}}],\"inLanguage\":\"fr-FR\"}]}<\/script>\n<!-- \/ Yoast SEO Premium plugin. -->","yoast_head_json":{"title":"Fauteuil et Ottoman Charles Eames pour Vitra - Egidi MadeinItaly","description":"Ce Fauteuil et son Ottoman sont de grands Classiques du Design Moderne en Vente sur Egidi MadeinItaly E-Commerce","robots":{"index":"index","follow":"follow","max-snippet":"max-snippet:-1","max-image-preview":"max-image-preview:large","max-video-preview":"max-video-preview:-1"},"canonical":"https:\/\/egidimadeinitaly.com\/fr\/negozio\/objets-dart\/objets-dart-modernes\/fauteuil-et-ottoman-charles-eames-vitra\/","og_locale":"fr_FR","og_type":"article","og_title":"Fauteuil et Ottoman Charles Eames pour Vitra","og_description":"Fauteuil lounge chair et son ottoman, Charles et Ray Eames.  &nbsp;","og_url":"https:\/\/egidimadeinitaly.com\/fr\/negozio\/objets-dart\/objets-dart-modernes\/fauteuil-et-ottoman-charles-eames-vitra\/","og_site_name":"Egidi MadeinItaly","article_publisher":"https:\/\/www.facebook.com\/egidimadeinitaly\/","article_modified_time":"2021-07-13T13:23:55+00:00","og_image":[{"width":2000,"height":1333,"url":"https:\/\/egidimadeinitaly.com\/wp-content\/uploads\/2018\/06\/3246B3EF-5D5D-4178-99FE-8C7E53C7D350-e1723398319986.jpeg","type":"image\/jpeg"}],"schema":{"@context":"https:\/\/schema.org","@graph":[{"@type":"WebPage","@id":"https:\/\/egidimadeinitaly.com\/fr\/negozio\/objets-dart\/objets-dart-modernes\/fauteuil-et-ottoman-charles-eames-vitra\/","url":"https:\/\/egidimadeinitaly.com\/fr\/negozio\/objets-dart\/objets-dart-modernes\/fauteuil-et-ottoman-charles-eames-vitra\/","name":"Fauteuil et Ottoman Charles Eames pour Vitra - Egidi MadeinItaly","isPartOf":{"@id":"https:\/\/egidimadeinitaly.com\/fr\/#website"},"primaryImageOfPage":{"@id":"https:\/\/egidimadeinitaly.com\/fr\/negozio\/objets-dart\/objets-dart-modernes\/fauteuil-et-ottoman-charles-eames-vitra\/#primaryimage"},"image":{"@id":"https:\/\/egidimadeinitaly.com\/fr\/negozio\/objets-dart\/objets-dart-modernes\/fauteuil-et-ottoman-charles-eames-vitra\/#primaryimage"},"thumbnailUrl":"https:\/\/egidimadeinitaly.com\/v25\/wp-content\/uploads\/2018\/06\/3246B3EF-5D5D-4178-99FE-8C7E53C7D350-e1723398319986.jpeg","datePublished":"2020-10-02T14:23:55+00:00","dateModified":"2021-07-13T13:23:55+00:00","description":"Ce Fauteuil et son Ottoman sont de grands Classiques du Design Moderne en Vente sur Egidi MadeinItaly E-Commerce","breadcrumb":{"@id":"https:\/\/egidimadeinitaly.com\/fr\/negozio\/objets-dart\/objets-dart-modernes\/fauteuil-et-ottoman-charles-eames-vitra\/#breadcrumb"},"inLanguage":"fr-FR","potentialAction":[{"@type":"ReadAction","target":["https:\/\/egidimadeinitaly.com\/fr\/negozio\/objets-dart\/objets-dart-modernes\/fauteuil-et-ottoman-charles-eames-vitra\/"]}]},{"@type":"ImageObject","inLanguage":"fr-FR","@id":"https:\/\/egidimadeinitaly.com\/fr\/negozio\/objets-dart\/objets-dart-modernes\/fauteuil-et-ottoman-charles-eames-vitra\/#primaryimage","url":"https:\/\/egidimadeinitaly.com\/v25\/wp-content\/uploads\/2018\/06\/3246B3EF-5D5D-4178-99FE-8C7E53C7D350-e1723398319986.jpeg","contentUrl":"https:\/\/egidimadeinitaly.com\/v25\/wp-content\/uploads\/2018\/06\/3246B3EF-5D5D-4178-99FE-8C7E53C7D350-e1723398319986.jpeg","width":2000,"height":1333,"caption":"Ray et Charles Eames pour VitraArt Italien Ancien et moderne en Vente en Ligne sur Egidi MadeinItaly"},{"@type":"BreadcrumbList","@id":"https:\/\/egidimadeinitaly.com\/fr\/negozio\/objets-dart\/objets-dart-modernes\/fauteuil-et-ottoman-charles-eames-vitra\/#breadcrumb","itemListElement":[{"@type":"ListItem","position":1,"name":"Home","item":"https:\/\/egidimadeinitaly.com\/fr\/"},{"@type":"ListItem","position":2,"name":"Produits","item":"https:\/\/egidimadeinitaly.com\/fr\/shop\/"},{"@type":"ListItem","position":3,"name":"Objets d\u2019art","item":"https:\/\/egidimadeinitaly.com\/fr\/product-category\/objets-dart\/"},{"@type":"ListItem","position":4,"name":"Objets d'art modernes","item":"https:\/\/egidimadeinitaly.com\/fr\/product-category\/objets-dart\/objets-dart-modernes\/"},{"@type":"ListItem","position":5,"name":"Fauteuil et Ottoman Charles Eames pour Vitra"}]},{"@type":"WebSite","@id":"https:\/\/egidimadeinitaly.com\/fr\/#website","url":"https:\/\/egidimadeinitaly.com\/fr\/","name":"Egidi MadeinItaly","description":"Fine Art","potentialAction":[{"@type":"SearchAction","target":{"@type":"EntryPoint","urlTemplate":"https:\/\/egidimadeinitaly.com\/fr\/?s={search_term_string}"},"query-input":{"@type":"PropertyValueSpecification","valueRequired":true,"valueName":"search_term_string"}}],"inLanguage":"fr-FR"}]}},"_links":{"self":[{"href":"https:\/\/egidimadeinitaly.com\/fr\/wp-json\/wp\/v2\/product\/93569","targetHints":{"allow":["GET"]}}],"collection":[{"href":"https:\/\/egidimadeinitaly.com\/fr\/wp-json\/wp\/v2\/product"}],"about":[{"href":"https:\/\/egidimadeinitaly.com\/fr\/wp-json\/wp\/v2\/types\/product"}],"wp:featuredmedia":[{"embeddable":true,"href":"https:\/\/egidimadeinitaly.com\/fr\/wp-json\/wp\/v2\/media\/93563"}],"wp:attachment":[{"href":"https:\/\/egidimadeinitaly.com\/fr\/wp-json\/wp\/v2\/media?parent=93569"}],"wp:term":[{"taxonomy":"product_brand","embeddable":true,"href":"https:\/\/egidimadeinitaly.com\/fr\/wp-json\/wp\/v2\/product_brand?post=93569"},{"taxonomy":"product_cat","embeddable":true,"href":"https:\/\/egidimadeinitaly.com\/fr\/wp-json\/wp\/v2\/product_cat?post=93569"},{"taxonomy":"product_tag","embeddable":true,"href":"https:\/\/egidimadeinitaly.com\/fr\/wp-json\/wp\/v2\/product_tag?post=93569"}],"curies":[{"name":"wp","href":"https:\/\/api.w.org\/{rel}","templated":true}]}}