{"id":93519,"date":"2020-10-30T07:46:19","date_gmt":"2020-10-30T06:46:19","guid":{"rendered":"https:\/\/egidimadeinitaly.com\/ecomsite\/?post_type=product&#038;p=93519"},"modified":"2024-11-28T17:10:31","modified_gmt":"2024-11-28T16:10:31","slug":"grand-cheval-de-manege-signe-friedrich-heyn","status":"publish","type":"product","link":"https:\/\/egidimadeinitaly.com\/fr\/negozio\/objets-dart\/objets-dart-anciens-fr\/grand-cheval-de-manege-signe-friedrich-heyn\/","title":{"rendered":"Grand Cheval de Man\u00e8ge Sign\u00e9 Friedrich Heyn"},"content":{"rendered":"<blockquote><p>mod\u00e8le \u00ab\u00a0Half Knight\u00a0\u00bb (Demi Chevalier) de la fin du 19\u00e8me si\u00e8cle.<br \/>\nPubli\u00e9 dans le livre Fairground Art de Richard Ward et Geoff Weedon \u00e0 la page n. 45.<br \/>\nLa base est en bois avec une structure m\u00e9tallique avec balan\u00e7oire.<br \/>\n<span class=\"s1\">La sculpture d&rsquo;origine polychrome a pris une patine \u00e0 craquelure qui lui conf\u00e8re un charme incomparable.<br \/>\n<\/span>Les yeux sont en verre et la queue est naturelle.<br \/>\nSur la couverture de son catalogue de 1905, Freidrich Heyn se d\u00e9crit comme le \u00ab\u00a0fondateur et premier expert reconnu de l&rsquo;industrie du carrousel Molbitz-Neustadt\u00a0\u00bb, ajoutant la qualification \u00ab\u00a0La plus grande et la plus importante usine d&rsquo;Allemagne sp\u00e9cialis\u00e9e dans les chevaux fins de Dresde\u00a0\u00bb<\/p>\n<p>Notre mod\u00e8le repr\u00e9sente le style de cheval le plus populaire de cette premi\u00e8re p\u00e9riode: debout avec ses pattes post\u00e9rieures fix\u00e9es \u00e0 la plate-forme du carrousel et ses pattes avant maintenues hautes, soutenues par un support en m\u00e9tal. Les supports de meilleure qualit\u00e9 comprenaient une marche en m\u00e9tal. Pour un paiement suppl\u00e9mentaire, un support \u00e0 bascule a \u00e9t\u00e9 install\u00e9 sous le cheval pour faire pivoter l&rsquo;animal.<br \/>\nDe tous les chevaux de carrousel europ\u00e9ens, les mod\u00e8les cr\u00e9\u00e9s par\u00a0Freidrich Heyn sont les plus soigneusement observ\u00e9s. La sculpture des jambes est d\u00e9licate, suivant de pr\u00e8s la nature.<br \/>\nLe corps \u00e0 dos court est plus compact qu&rsquo;un cheval vivant, mais se combine avec la houle gracieuse de la poitrine pour cr\u00e9er une belle illusion de r\u00e9alit\u00e9.<br \/>\nLa t\u00eate, d\u2019une beaut\u00e9 incomparable, est grande et le nez un peu raccourci, l&rsquo;expression gentille, avec les yeux de verre grands ouverts et les oreilles debout en avant.<br \/>\nLe seul d\u00e9tail qui semble ne pas adh\u00e9rer \u00e0 des lignes pr\u00e9\u00e9tablies strictes est la crini\u00e8re des chevaux. L\u00e0, les sculpteurs avaient re\u00e7u la libert\u00e9 de sculpter les touffes de cheveux balay\u00e9es par le vent selon leurs propres motifs.<\/p>\n<p>L&rsquo;Allemagne, au XVIIIe si\u00e8cle, repr\u00e9sentait la survie archa\u00efque du Saint Empire romain.<br \/>\n\u00c0 la cour des petits princes, les disciplines de l&rsquo;\u00e9tiquette fa\u00e7onnent strictement un style de vie fran\u00e7aise et le divertissement ont \u00e9t\u00e9 tr\u00e8s cultiv\u00e9s, alors que <b>l&rsquo;aristocratie tentait de recr\u00e9er la splendeur de Versailles.<\/b><br \/>\n\u00c0 Dresde, la capitale baroque de la Saxe, deux orchestres, une compagnie d&rsquo;acteurs, un ballet fran\u00e7ais de soixante pi\u00e8ces et une chorale fran\u00e7aise \u00e9taient employ\u00e9s en permanence \u00e0 la cour.<br \/>\n<b>Les v\u00eatements ressemblaient \u00e0 la mode parisienne<\/b>, les cheveux \u00e9taient coiff\u00e9s \u00e0 la fran\u00e7aise et la langue de l\u2019Exagone \u00e9tait combin\u00e9 avec l\u2019allemand pour ma\u00eetriser une conversation polie.<br \/>\nIl n&rsquo;est pas \u00e9tonnant que les jeunes aristocrates, suivant la tradition du Grand Tour des capitales europ\u00e9ennes, se soient sentis oblig\u00e9s de rester le plus longtemps \u00e0 Paris.<br \/>\nEn cons\u00e9quence, le jeu aristocratique fran\u00e7ais de petits anneaux en laiton \u00e0 partir d&rsquo;un carrousel mobile (Jeu de Bague) a \u00e9t\u00e9 import\u00e9 en Allemagne.<br \/>\nPar la suite, les carrousels ont \u00e9t\u00e9 r\u00e9alis\u00e9s \u00e0 l&rsquo;imitation de ceux qui tournaient \u00e0 la cour.<br \/>\n<b>Les chevaux sont con\u00e7us avec la simplicit\u00e9 d&rsquo;un id\u00e9ogramme <\/b>et le d\u00e9sir d&rsquo;imiter la nature \u00e9quipe ces cr\u00e9atures ressemblant \u00e0 des jouets\u00a0allemands.<br \/>\nEn 1870 <b>Freidrich Heyn<\/b> cr\u00e9e son usine de sculpture \u00e0 Neustadt an der Orla proche de Dresde\u00a0e <b>fut le premier fabricant de figurines de carrousel.<\/b><br \/>\nEn l&rsquo;espace de quarante ans,\u00a0il produisait une vaste s\u00e9lection de chevaux, d&rsquo;animaux, de chars, de tra\u00eeneaux, de gondoles, de bateaux, de voitures et d&rsquo;autres personnages finement sculpt\u00e9s.<br \/>\n<b>Freidrich Heyn \u00e9tait c\u00e9l\u00e8bre pour les\u00a0sculptures d\u00e9coratives<\/b>, et surtout des chevaux appel\u00e9s \u00ab\u00a0Dresden\u00a0\u00bb.<br \/>\nLe catalogue Freidrich Heyn pr\u00e9sente syst\u00e9matiquement cinq types de ces chevaux debout qui varient en fonction de la richesse de la d\u00e9coration sculpt\u00e9e et appliqu\u00e9e.<br \/>\nChaque cheval \u00e9tait disponible en douze tailles allant de 57 cm \u00e0 150 cm sur la longueur du corps, le prix variant de 21 marks pour le plus petit cheval le plus simple, \u00e0 145 marks pour le <b>mod\u00e8le le plus grand et le plus luxueux comme le n\u00f4tre.<\/b><\/p><\/blockquote>\n","protected":false},"excerpt":{"rendered":"<p>Grand cheval cabr\u00e9 de carrousel en bois par Freidrich Heyn avec \u00e9tiquette d&rsquo;origine<\/p>\n<p>&nbsp;<\/p>\n<p>&nbsp;<\/p>\n<p>&nbsp;<\/p>\n","protected":false},"featured_media":93495,"template":"","meta":{"_acf_changed":false},"product_brand":[],"product_cat":[6406,6492],"product_tag":[4473,5306],"class_list":{"0":"post-93519","1":"product","2":"type-product","3":"status-publish","4":"has-post-thumbnail","6":"product_cat-objets-dart-anciens-fr","7":"product_cat-objets-dart","8":"product_tag-animalier-fr","9":"product_tag-objets-de-collection","10":"product_shipping_class-dhl-fr","12":"first","13":"outofstock","14":"taxable","15":"shipping-taxable","16":"product-type-simple"},"acf":[],"yoast_head":"<!-- This site is optimized with the Yoast SEO Premium plugin v27.5 (Yoast SEO v27.5) - https:\/\/yoast.com\/product\/yoast-seo-premium-wordpress\/ -->\n<title>Grand Cheval de Man\u00e8ge Sign\u00e9 Friedrich Heyn - Egidi MadeinItaly<\/title>\n<meta name=\"description\" content=\"Grand Cheval Cabr\u00e9 de carrousel en bois par Freidrich Heyn \u00e9tiquette d&#039;origine mod\u00e8le Half Knight en Vente sur Egidi MadeinItaly E-Commerce\" \/>\n<meta name=\"robots\" content=\"index, follow, max-snippet:-1, max-image-preview:large, max-video-preview:-1\" \/>\n<link rel=\"canonical\" href=\"https:\/\/egidimadeinitaly.com\/fr\/produit\/objets-dart\/objets-dart-anciens-fr\/grand-cheval-de-manege-signe-friedrich-heyn\/\" \/>\n<meta property=\"og:locale\" content=\"fr_FR\" \/>\n<meta property=\"og:type\" content=\"article\" \/>\n<meta property=\"og:title\" content=\"Grand Cheval de Man\u00e8ge Sign\u00e9 Friedrich Heyn\" \/>\n<meta property=\"og:description\" content=\"Grand cheval cabr\u00e9 de carrousel en bois par Freidrich Heyn avec \u00e9tiquette d&#039;origine  &nbsp;  &nbsp;  &nbsp;\" \/>\n<meta property=\"og:url\" content=\"https:\/\/egidimadeinitaly.com\/fr\/produit\/objets-dart\/objets-dart-anciens-fr\/grand-cheval-de-manege-signe-friedrich-heyn\/\" \/>\n<meta property=\"og:site_name\" content=\"Egidi MadeinItaly\" \/>\n<meta property=\"article:publisher\" content=\"https:\/\/www.facebook.com\/egidimadeinitaly\/\" \/>\n<meta property=\"article:modified_time\" content=\"2024-11-28T16:10:31+00:00\" \/>\n<meta property=\"og:image\" content=\"https:\/\/egidimadeinitaly.com\/wp-content\/uploads\/2020\/10\/FFA6374F-6A10-463E-BC68-E4AEA29EACF7-scaled.jpeg\" \/>\n\t<meta property=\"og:image:width\" content=\"2560\" \/>\n\t<meta property=\"og:image:height\" content=\"2560\" \/>\n\t<meta property=\"og:image:type\" content=\"image\/jpeg\" \/>\n<script type=\"application\/ld+json\" class=\"yoast-schema-graph\">{\"@context\":\"https:\\\/\\\/schema.org\",\"@graph\":[{\"@type\":\"WebPage\",\"@id\":\"https:\\\/\\\/egidimadeinitaly.com\\\/fr\\\/negozio\\\/objets-dart\\\/objets-dart-anciens-fr\\\/grand-cheval-de-manege-signe-friedrich-heyn\\\/\",\"url\":\"https:\\\/\\\/egidimadeinitaly.com\\\/fr\\\/produit\\\/objets-dart\\\/objets-dart-anciens-fr\\\/grand-cheval-de-manege-signe-friedrich-heyn\\\/\",\"name\":\"Grand Cheval de Man\u00e8ge Sign\u00e9 Friedrich Heyn - Egidi MadeinItaly\",\"isPartOf\":{\"@id\":\"https:\\\/\\\/egidimadeinitaly.com\\\/fr\\\/#website\"},\"primaryImageOfPage\":{\"@id\":\"https:\\\/\\\/egidimadeinitaly.com\\\/fr\\\/produit\\\/objets-dart\\\/objets-dart-anciens-fr\\\/grand-cheval-de-manege-signe-friedrich-heyn\\\/#primaryimage\"},\"image\":{\"@id\":\"https:\\\/\\\/egidimadeinitaly.com\\\/fr\\\/produit\\\/objets-dart\\\/objets-dart-anciens-fr\\\/grand-cheval-de-manege-signe-friedrich-heyn\\\/#primaryimage\"},\"thumbnailUrl\":\"https:\\\/\\\/egidimadeinitaly.com\\\/v25\\\/wp-content\\\/uploads\\\/2020\\\/10\\\/FFA6374F-6A10-463E-BC68-E4AEA29EACF7-scaled.jpeg\",\"datePublished\":\"2020-10-30T06:46:19+00:00\",\"dateModified\":\"2024-11-28T16:10:31+00:00\",\"description\":\"Grand Cheval Cabr\u00e9 de carrousel en bois par Freidrich Heyn \u00e9tiquette d'origine mod\u00e8le Half Knight en Vente sur Egidi MadeinItaly E-Commerce\",\"breadcrumb\":{\"@id\":\"https:\\\/\\\/egidimadeinitaly.com\\\/fr\\\/produit\\\/objets-dart\\\/objets-dart-anciens-fr\\\/grand-cheval-de-manege-signe-friedrich-heyn\\\/#breadcrumb\"},\"inLanguage\":\"fr-FR\",\"potentialAction\":[{\"@type\":\"ReadAction\",\"target\":[\"https:\\\/\\\/egidimadeinitaly.com\\\/fr\\\/produit\\\/objets-dart\\\/objets-dart-anciens-fr\\\/grand-cheval-de-manege-signe-friedrich-heyn\\\/\"]}]},{\"@type\":\"ImageObject\",\"inLanguage\":\"fr-FR\",\"@id\":\"https:\\\/\\\/egidimadeinitaly.com\\\/fr\\\/produit\\\/objets-dart\\\/objets-dart-anciens-fr\\\/grand-cheval-de-manege-signe-friedrich-heyn\\\/#primaryimage\",\"url\":\"https:\\\/\\\/egidimadeinitaly.com\\\/v25\\\/wp-content\\\/uploads\\\/2020\\\/10\\\/FFA6374F-6A10-463E-BC68-E4AEA29EACF7-scaled.jpeg\",\"contentUrl\":\"https:\\\/\\\/egidimadeinitaly.com\\\/v25\\\/wp-content\\\/uploads\\\/2020\\\/10\\\/FFA6374F-6A10-463E-BC68-E4AEA29EACF7-scaled.jpeg\",\"width\":2560,\"height\":2560,\"caption\":\"Grand Cheval de Man\u00e8ge Sign\u00e9 Freidrich Heyn\"},{\"@type\":\"BreadcrumbList\",\"@id\":\"https:\\\/\\\/egidimadeinitaly.com\\\/fr\\\/produit\\\/objets-dart\\\/objets-dart-anciens-fr\\\/grand-cheval-de-manege-signe-friedrich-heyn\\\/#breadcrumb\",\"itemListElement\":[{\"@type\":\"ListItem\",\"position\":1,\"name\":\"Home\",\"item\":\"https:\\\/\\\/egidimadeinitaly.com\\\/fr\\\/\"},{\"@type\":\"ListItem\",\"position\":2,\"name\":\"Produits\",\"item\":\"https:\\\/\\\/egidimadeinitaly.com\\\/fr\\\/shop\\\/\"},{\"@type\":\"ListItem\",\"position\":3,\"name\":\"Objets d\u2019art\",\"item\":\"https:\\\/\\\/egidimadeinitaly.com\\\/fr\\\/product-category\\\/objets-dart\\\/\"},{\"@type\":\"ListItem\",\"position\":4,\"name\":\"Objets d'art anciens\",\"item\":\"https:\\\/\\\/egidimadeinitaly.com\\\/fr\\\/product-category\\\/objets-dart\\\/objets-dart-anciens-fr\\\/\"},{\"@type\":\"ListItem\",\"position\":5,\"name\":\"Grand Cheval de Man\u00e8ge Sign\u00e9 Friedrich Heyn\"}]},{\"@type\":\"WebSite\",\"@id\":\"https:\\\/\\\/egidimadeinitaly.com\\\/fr\\\/#website\",\"url\":\"https:\\\/\\\/egidimadeinitaly.com\\\/fr\\\/\",\"name\":\"Egidi MadeinItaly\",\"description\":\"Fine Art\",\"potentialAction\":[{\"@type\":\"SearchAction\",\"target\":{\"@type\":\"EntryPoint\",\"urlTemplate\":\"https:\\\/\\\/egidimadeinitaly.com\\\/fr\\\/?s={search_term_string}\"},\"query-input\":{\"@type\":\"PropertyValueSpecification\",\"valueRequired\":true,\"valueName\":\"search_term_string\"}}],\"inLanguage\":\"fr-FR\"}]}<\/script>\n<!-- \/ Yoast SEO Premium plugin. -->","yoast_head_json":{"title":"Grand Cheval de Man\u00e8ge Sign\u00e9 Friedrich Heyn - Egidi MadeinItaly","description":"Grand Cheval Cabr\u00e9 de carrousel en bois par Freidrich Heyn \u00e9tiquette d'origine mod\u00e8le Half Knight en Vente sur Egidi MadeinItaly E-Commerce","robots":{"index":"index","follow":"follow","max-snippet":"max-snippet:-1","max-image-preview":"max-image-preview:large","max-video-preview":"max-video-preview:-1"},"canonical":"https:\/\/egidimadeinitaly.com\/fr\/produit\/objets-dart\/objets-dart-anciens-fr\/grand-cheval-de-manege-signe-friedrich-heyn\/","og_locale":"fr_FR","og_type":"article","og_title":"Grand Cheval de Man\u00e8ge Sign\u00e9 Friedrich Heyn","og_description":"Grand cheval cabr\u00e9 de carrousel en bois par Freidrich Heyn avec \u00e9tiquette d'origine  &nbsp;  &nbsp;  &nbsp;","og_url":"https:\/\/egidimadeinitaly.com\/fr\/produit\/objets-dart\/objets-dart-anciens-fr\/grand-cheval-de-manege-signe-friedrich-heyn\/","og_site_name":"Egidi MadeinItaly","article_publisher":"https:\/\/www.facebook.com\/egidimadeinitaly\/","article_modified_time":"2024-11-28T16:10:31+00:00","og_image":[{"width":2560,"height":2560,"url":"https:\/\/egidimadeinitaly.com\/wp-content\/uploads\/2020\/10\/FFA6374F-6A10-463E-BC68-E4AEA29EACF7-scaled.jpeg","type":"image\/jpeg"}],"schema":{"@context":"https:\/\/schema.org","@graph":[{"@type":"WebPage","@id":"https:\/\/egidimadeinitaly.com\/fr\/negozio\/objets-dart\/objets-dart-anciens-fr\/grand-cheval-de-manege-signe-friedrich-heyn\/","url":"https:\/\/egidimadeinitaly.com\/fr\/produit\/objets-dart\/objets-dart-anciens-fr\/grand-cheval-de-manege-signe-friedrich-heyn\/","name":"Grand Cheval de Man\u00e8ge Sign\u00e9 Friedrich Heyn - Egidi MadeinItaly","isPartOf":{"@id":"https:\/\/egidimadeinitaly.com\/fr\/#website"},"primaryImageOfPage":{"@id":"https:\/\/egidimadeinitaly.com\/fr\/produit\/objets-dart\/objets-dart-anciens-fr\/grand-cheval-de-manege-signe-friedrich-heyn\/#primaryimage"},"image":{"@id":"https:\/\/egidimadeinitaly.com\/fr\/produit\/objets-dart\/objets-dart-anciens-fr\/grand-cheval-de-manege-signe-friedrich-heyn\/#primaryimage"},"thumbnailUrl":"https:\/\/egidimadeinitaly.com\/v25\/wp-content\/uploads\/2020\/10\/FFA6374F-6A10-463E-BC68-E4AEA29EACF7-scaled.jpeg","datePublished":"2020-10-30T06:46:19+00:00","dateModified":"2024-11-28T16:10:31+00:00","description":"Grand Cheval Cabr\u00e9 de carrousel en bois par Freidrich Heyn \u00e9tiquette d'origine mod\u00e8le Half Knight en Vente sur Egidi MadeinItaly E-Commerce","breadcrumb":{"@id":"https:\/\/egidimadeinitaly.com\/fr\/produit\/objets-dart\/objets-dart-anciens-fr\/grand-cheval-de-manege-signe-friedrich-heyn\/#breadcrumb"},"inLanguage":"fr-FR","potentialAction":[{"@type":"ReadAction","target":["https:\/\/egidimadeinitaly.com\/fr\/produit\/objets-dart\/objets-dart-anciens-fr\/grand-cheval-de-manege-signe-friedrich-heyn\/"]}]},{"@type":"ImageObject","inLanguage":"fr-FR","@id":"https:\/\/egidimadeinitaly.com\/fr\/produit\/objets-dart\/objets-dart-anciens-fr\/grand-cheval-de-manege-signe-friedrich-heyn\/#primaryimage","url":"https:\/\/egidimadeinitaly.com\/v25\/wp-content\/uploads\/2020\/10\/FFA6374F-6A10-463E-BC68-E4AEA29EACF7-scaled.jpeg","contentUrl":"https:\/\/egidimadeinitaly.com\/v25\/wp-content\/uploads\/2020\/10\/FFA6374F-6A10-463E-BC68-E4AEA29EACF7-scaled.jpeg","width":2560,"height":2560,"caption":"Grand Cheval de Man\u00e8ge Sign\u00e9 Freidrich Heyn"},{"@type":"BreadcrumbList","@id":"https:\/\/egidimadeinitaly.com\/fr\/produit\/objets-dart\/objets-dart-anciens-fr\/grand-cheval-de-manege-signe-friedrich-heyn\/#breadcrumb","itemListElement":[{"@type":"ListItem","position":1,"name":"Home","item":"https:\/\/egidimadeinitaly.com\/fr\/"},{"@type":"ListItem","position":2,"name":"Produits","item":"https:\/\/egidimadeinitaly.com\/fr\/shop\/"},{"@type":"ListItem","position":3,"name":"Objets d\u2019art","item":"https:\/\/egidimadeinitaly.com\/fr\/product-category\/objets-dart\/"},{"@type":"ListItem","position":4,"name":"Objets d'art anciens","item":"https:\/\/egidimadeinitaly.com\/fr\/product-category\/objets-dart\/objets-dart-anciens-fr\/"},{"@type":"ListItem","position":5,"name":"Grand Cheval de Man\u00e8ge Sign\u00e9 Friedrich Heyn"}]},{"@type":"WebSite","@id":"https:\/\/egidimadeinitaly.com\/fr\/#website","url":"https:\/\/egidimadeinitaly.com\/fr\/","name":"Egidi MadeinItaly","description":"Fine Art","potentialAction":[{"@type":"SearchAction","target":{"@type":"EntryPoint","urlTemplate":"https:\/\/egidimadeinitaly.com\/fr\/?s={search_term_string}"},"query-input":{"@type":"PropertyValueSpecification","valueRequired":true,"valueName":"search_term_string"}}],"inLanguage":"fr-FR"}]}},"_links":{"self":[{"href":"https:\/\/egidimadeinitaly.com\/fr\/wp-json\/wp\/v2\/product\/93519","targetHints":{"allow":["GET"]}}],"collection":[{"href":"https:\/\/egidimadeinitaly.com\/fr\/wp-json\/wp\/v2\/product"}],"about":[{"href":"https:\/\/egidimadeinitaly.com\/fr\/wp-json\/wp\/v2\/types\/product"}],"wp:featuredmedia":[{"embeddable":true,"href":"https:\/\/egidimadeinitaly.com\/fr\/wp-json\/wp\/v2\/media\/93495"}],"wp:attachment":[{"href":"https:\/\/egidimadeinitaly.com\/fr\/wp-json\/wp\/v2\/media?parent=93519"}],"wp:term":[{"taxonomy":"product_brand","embeddable":true,"href":"https:\/\/egidimadeinitaly.com\/fr\/wp-json\/wp\/v2\/product_brand?post=93519"},{"taxonomy":"product_cat","embeddable":true,"href":"https:\/\/egidimadeinitaly.com\/fr\/wp-json\/wp\/v2\/product_cat?post=93519"},{"taxonomy":"product_tag","embeddable":true,"href":"https:\/\/egidimadeinitaly.com\/fr\/wp-json\/wp\/v2\/product_tag?post=93519"}],"curies":[{"name":"wp","href":"https:\/\/api.w.org\/{rel}","templated":true}]}}