{"id":92553,"date":"2020-08-03T10:24:30","date_gmt":"2020-08-03T09:24:30","guid":{"rendered":"https:\/\/egidimadeinitaly.com\/ecomsite\/?post_type=product&#038;p=92553"},"modified":"2024-12-08T19:56:01","modified_gmt":"2024-12-08T18:56:01","slug":"voile-en-cristal-moule-de-giorgio-berlini","status":"publish","type":"product","link":"https:\/\/egidimadeinitaly.com\/fr\/negozio\/objets-dart\/objets-dart-modernes\/voile-en-cristal-moule-de-giorgio-berlini\/","title":{"rendered":"Voile en Cristal Moul\u00e9 de Giorgio Berlini"},"content":{"rendered":"<p>Giorgio Berlini a sculpt\u00e9 d\u2019autres exemplaires de Voile dont l\u2019un a \u00e9t\u00e9 remis par le Prince Philippe d\u2019\u00c9dimbourg au vainqueur de la r\u00e9gate de l&rsquo;Admiral Cup de 1981. Le n\u00e9o-z\u00e9landais Blake remercia chaleureusement l&rsquo;artiste.<\/p>\n<p>&nbsp;<\/p>\n","protected":false},"excerpt":{"rendered":"<p>Sculpture en cristal moul\u00e9.<\/p>\n","protected":false},"featured_media":92172,"template":"","meta":{"_acf_changed":false},"product_brand":[],"product_cat":[6412,6492],"product_tag":[5419,5422,5306],"class_list":{"0":"post-92553","1":"product","2":"type-product","3":"status-publish","4":"has-post-thumbnail","6":"product_cat-objets-dart-modernes","7":"product_cat-objets-dart","8":"product_tag-accessoires-de-bureau","9":"product_tag-annees-70","10":"product_tag-objets-de-collection","11":"product_shipping_class-dhl-fr","13":"first","14":"outofstock","15":"shipping-taxable","16":"product-type-simple"},"acf":[],"yoast_head":"<!-- This site is optimized with the Yoast SEO Premium plugin v27.3 (Yoast SEO v27.4) - https:\/\/yoast.com\/product\/yoast-seo-premium-wordpress\/ -->\n<title>Voile en Cristal Moul\u00e9 de Giorgio Berlini - Egidi MadeinItaly<\/title>\n<meta name=\"description\" content=\"Achetez Ach\u00e8te Sculpture en Cristal Moul\u00e9 de Ma\u00eetre Giorgio Berlini en vente sur le site Egidi MadeinItaly E-Commerce.\" \/>\n<meta name=\"robots\" content=\"index, follow, max-snippet:-1, max-image-preview:large, max-video-preview:-1\" \/>\n<link rel=\"canonical\" href=\"https:\/\/egidimadeinitaly.com\/fr\/produit\/objets-dart\/objets-dart-modernes\/voile-en-cristal-moule-de-giorgio-berlini\/\" \/>\n<meta property=\"og:locale\" content=\"fr_FR\" \/>\n<meta property=\"og:type\" content=\"article\" \/>\n<meta property=\"og:title\" content=\"Voile en Cristal Moul\u00e9 de Giorgio Berlini\" \/>\n<meta property=\"og:description\" content=\"Sculpture en cristal moul\u00e9.\" \/>\n<meta property=\"og:url\" content=\"https:\/\/egidimadeinitaly.com\/fr\/produit\/objets-dart\/objets-dart-modernes\/voile-en-cristal-moule-de-giorgio-berlini\/\" \/>\n<meta property=\"og:site_name\" content=\"Egidi MadeinItaly\" \/>\n<meta property=\"article:publisher\" content=\"https:\/\/www.facebook.com\/egidimadeinitaly\/\" \/>\n<meta property=\"article:modified_time\" content=\"2024-12-08T18:56:01+00:00\" \/>\n<meta property=\"og:image\" content=\"https:\/\/egidimadeinitaly.com\/wp-content\/uploads\/2020\/07\/E3422E6D-9194-4A06-B2B7-5BA83C03FEAB-scaled-e1723313880283.jpeg\" \/>\n\t<meta property=\"og:image:width\" content=\"2560\" \/>\n\t<meta property=\"og:image:height\" content=\"1707\" \/>\n\t<meta property=\"og:image:type\" content=\"image\/jpeg\" \/>\n<script type=\"application\/ld+json\" class=\"yoast-schema-graph\">{\"@context\":\"https:\\\/\\\/schema.org\",\"@graph\":[{\"@type\":\"WebPage\",\"@id\":\"https:\\\/\\\/egidimadeinitaly.com\\\/fr\\\/negozio\\\/objets-dart\\\/objets-dart-modernes\\\/voile-en-cristal-moule-de-giorgio-berlini\\\/\",\"url\":\"https:\\\/\\\/egidimadeinitaly.com\\\/fr\\\/produit\\\/objets-dart\\\/objets-dart-modernes\\\/voile-en-cristal-moule-de-giorgio-berlini\\\/\",\"name\":\"Voile en Cristal Moul\u00e9 de Giorgio Berlini - Egidi MadeinItaly\",\"isPartOf\":{\"@id\":\"https:\\\/\\\/egidimadeinitaly.com\\\/fr\\\/#website\"},\"primaryImageOfPage\":{\"@id\":\"https:\\\/\\\/egidimadeinitaly.com\\\/fr\\\/produit\\\/objets-dart\\\/objets-dart-modernes\\\/voile-en-cristal-moule-de-giorgio-berlini\\\/#primaryimage\"},\"image\":{\"@id\":\"https:\\\/\\\/egidimadeinitaly.com\\\/fr\\\/produit\\\/objets-dart\\\/objets-dart-modernes\\\/voile-en-cristal-moule-de-giorgio-berlini\\\/#primaryimage\"},\"thumbnailUrl\":\"https:\\\/\\\/egidimadeinitaly.com\\\/v25\\\/wp-content\\\/uploads\\\/2020\\\/07\\\/E3422E6D-9194-4A06-B2B7-5BA83C03FEAB-scaled-e1723313880283.jpeg\",\"datePublished\":\"2020-08-03T09:24:30+00:00\",\"dateModified\":\"2024-12-08T18:56:01+00:00\",\"description\":\"Achetez Ach\u00e8te Sculpture en Cristal Moul\u00e9 de Ma\u00eetre Giorgio Berlini en vente sur le site Egidi MadeinItaly E-Commerce.\",\"breadcrumb\":{\"@id\":\"https:\\\/\\\/egidimadeinitaly.com\\\/fr\\\/produit\\\/objets-dart\\\/objets-dart-modernes\\\/voile-en-cristal-moule-de-giorgio-berlini\\\/#breadcrumb\"},\"inLanguage\":\"fr-FR\",\"potentialAction\":[{\"@type\":\"ReadAction\",\"target\":[\"https:\\\/\\\/egidimadeinitaly.com\\\/fr\\\/produit\\\/objets-dart\\\/objets-dart-modernes\\\/voile-en-cristal-moule-de-giorgio-berlini\\\/\"]}]},{\"@type\":\"ImageObject\",\"inLanguage\":\"fr-FR\",\"@id\":\"https:\\\/\\\/egidimadeinitaly.com\\\/fr\\\/produit\\\/objets-dart\\\/objets-dart-modernes\\\/voile-en-cristal-moule-de-giorgio-berlini\\\/#primaryimage\",\"url\":\"https:\\\/\\\/egidimadeinitaly.com\\\/v25\\\/wp-content\\\/uploads\\\/2020\\\/07\\\/E3422E6D-9194-4A06-B2B7-5BA83C03FEAB-scaled-e1723313880283.jpeg\",\"contentUrl\":\"https:\\\/\\\/egidimadeinitaly.com\\\/v25\\\/wp-content\\\/uploads\\\/2020\\\/07\\\/E3422E6D-9194-4A06-B2B7-5BA83C03FEAB-scaled-e1723313880283.jpeg\",\"width\":2560,\"height\":1707,\"caption\":\"Verre de Murano Sign\u00e9 Berlini Ann\u00e9es \u00b470\"},{\"@type\":\"BreadcrumbList\",\"@id\":\"https:\\\/\\\/egidimadeinitaly.com\\\/fr\\\/produit\\\/objets-dart\\\/objets-dart-modernes\\\/voile-en-cristal-moule-de-giorgio-berlini\\\/#breadcrumb\",\"itemListElement\":[{\"@type\":\"ListItem\",\"position\":1,\"name\":\"Home\",\"item\":\"https:\\\/\\\/egidimadeinitaly.com\\\/fr\\\/\"},{\"@type\":\"ListItem\",\"position\":2,\"name\":\"Produits\",\"item\":\"https:\\\/\\\/egidimadeinitaly.com\\\/fr\\\/shop\\\/\"},{\"@type\":\"ListItem\",\"position\":3,\"name\":\"Objets d\u2019art\",\"item\":\"https:\\\/\\\/egidimadeinitaly.com\\\/fr\\\/product-category\\\/objets-dart\\\/\"},{\"@type\":\"ListItem\",\"position\":4,\"name\":\"Objets d'art modernes\",\"item\":\"https:\\\/\\\/egidimadeinitaly.com\\\/fr\\\/product-category\\\/objets-dart\\\/objets-dart-modernes\\\/\"},{\"@type\":\"ListItem\",\"position\":5,\"name\":\"Voile en Cristal Moul\u00e9 de Giorgio Berlini\"}]},{\"@type\":\"WebSite\",\"@id\":\"https:\\\/\\\/egidimadeinitaly.com\\\/fr\\\/#website\",\"url\":\"https:\\\/\\\/egidimadeinitaly.com\\\/fr\\\/\",\"name\":\"Egidi MadeinItaly\",\"description\":\"Fine Art\",\"potentialAction\":[{\"@type\":\"SearchAction\",\"target\":{\"@type\":\"EntryPoint\",\"urlTemplate\":\"https:\\\/\\\/egidimadeinitaly.com\\\/fr\\\/?s={search_term_string}\"},\"query-input\":{\"@type\":\"PropertyValueSpecification\",\"valueRequired\":true,\"valueName\":\"search_term_string\"}}],\"inLanguage\":\"fr-FR\"}]}<\/script>\n<!-- \/ Yoast SEO Premium plugin. -->","yoast_head_json":{"title":"Voile en Cristal Moul\u00e9 de Giorgio Berlini - Egidi MadeinItaly","description":"Achetez Ach\u00e8te Sculpture en Cristal Moul\u00e9 de Ma\u00eetre Giorgio Berlini en vente sur le site Egidi MadeinItaly E-Commerce.","robots":{"index":"index","follow":"follow","max-snippet":"max-snippet:-1","max-image-preview":"max-image-preview:large","max-video-preview":"max-video-preview:-1"},"canonical":"https:\/\/egidimadeinitaly.com\/fr\/produit\/objets-dart\/objets-dart-modernes\/voile-en-cristal-moule-de-giorgio-berlini\/","og_locale":"fr_FR","og_type":"article","og_title":"Voile en Cristal Moul\u00e9 de Giorgio Berlini","og_description":"Sculpture en cristal moul\u00e9.","og_url":"https:\/\/egidimadeinitaly.com\/fr\/produit\/objets-dart\/objets-dart-modernes\/voile-en-cristal-moule-de-giorgio-berlini\/","og_site_name":"Egidi MadeinItaly","article_publisher":"https:\/\/www.facebook.com\/egidimadeinitaly\/","article_modified_time":"2024-12-08T18:56:01+00:00","og_image":[{"width":2560,"height":1707,"url":"https:\/\/egidimadeinitaly.com\/wp-content\/uploads\/2020\/07\/E3422E6D-9194-4A06-B2B7-5BA83C03FEAB-scaled-e1723313880283.jpeg","type":"image\/jpeg"}],"schema":{"@context":"https:\/\/schema.org","@graph":[{"@type":"WebPage","@id":"https:\/\/egidimadeinitaly.com\/fr\/negozio\/objets-dart\/objets-dart-modernes\/voile-en-cristal-moule-de-giorgio-berlini\/","url":"https:\/\/egidimadeinitaly.com\/fr\/produit\/objets-dart\/objets-dart-modernes\/voile-en-cristal-moule-de-giorgio-berlini\/","name":"Voile en Cristal Moul\u00e9 de Giorgio Berlini - Egidi MadeinItaly","isPartOf":{"@id":"https:\/\/egidimadeinitaly.com\/fr\/#website"},"primaryImageOfPage":{"@id":"https:\/\/egidimadeinitaly.com\/fr\/produit\/objets-dart\/objets-dart-modernes\/voile-en-cristal-moule-de-giorgio-berlini\/#primaryimage"},"image":{"@id":"https:\/\/egidimadeinitaly.com\/fr\/produit\/objets-dart\/objets-dart-modernes\/voile-en-cristal-moule-de-giorgio-berlini\/#primaryimage"},"thumbnailUrl":"https:\/\/egidimadeinitaly.com\/v25\/wp-content\/uploads\/2020\/07\/E3422E6D-9194-4A06-B2B7-5BA83C03FEAB-scaled-e1723313880283.jpeg","datePublished":"2020-08-03T09:24:30+00:00","dateModified":"2024-12-08T18:56:01+00:00","description":"Achetez Ach\u00e8te Sculpture en Cristal Moul\u00e9 de Ma\u00eetre Giorgio Berlini en vente sur le site Egidi MadeinItaly E-Commerce.","breadcrumb":{"@id":"https:\/\/egidimadeinitaly.com\/fr\/produit\/objets-dart\/objets-dart-modernes\/voile-en-cristal-moule-de-giorgio-berlini\/#breadcrumb"},"inLanguage":"fr-FR","potentialAction":[{"@type":"ReadAction","target":["https:\/\/egidimadeinitaly.com\/fr\/produit\/objets-dart\/objets-dart-modernes\/voile-en-cristal-moule-de-giorgio-berlini\/"]}]},{"@type":"ImageObject","inLanguage":"fr-FR","@id":"https:\/\/egidimadeinitaly.com\/fr\/produit\/objets-dart\/objets-dart-modernes\/voile-en-cristal-moule-de-giorgio-berlini\/#primaryimage","url":"https:\/\/egidimadeinitaly.com\/v25\/wp-content\/uploads\/2020\/07\/E3422E6D-9194-4A06-B2B7-5BA83C03FEAB-scaled-e1723313880283.jpeg","contentUrl":"https:\/\/egidimadeinitaly.com\/v25\/wp-content\/uploads\/2020\/07\/E3422E6D-9194-4A06-B2B7-5BA83C03FEAB-scaled-e1723313880283.jpeg","width":2560,"height":1707,"caption":"Verre de Murano Sign\u00e9 Berlini Ann\u00e9es \u00b470"},{"@type":"BreadcrumbList","@id":"https:\/\/egidimadeinitaly.com\/fr\/produit\/objets-dart\/objets-dart-modernes\/voile-en-cristal-moule-de-giorgio-berlini\/#breadcrumb","itemListElement":[{"@type":"ListItem","position":1,"name":"Home","item":"https:\/\/egidimadeinitaly.com\/fr\/"},{"@type":"ListItem","position":2,"name":"Produits","item":"https:\/\/egidimadeinitaly.com\/fr\/shop\/"},{"@type":"ListItem","position":3,"name":"Objets d\u2019art","item":"https:\/\/egidimadeinitaly.com\/fr\/product-category\/objets-dart\/"},{"@type":"ListItem","position":4,"name":"Objets d'art modernes","item":"https:\/\/egidimadeinitaly.com\/fr\/product-category\/objets-dart\/objets-dart-modernes\/"},{"@type":"ListItem","position":5,"name":"Voile en Cristal Moul\u00e9 de Giorgio Berlini"}]},{"@type":"WebSite","@id":"https:\/\/egidimadeinitaly.com\/fr\/#website","url":"https:\/\/egidimadeinitaly.com\/fr\/","name":"Egidi MadeinItaly","description":"Fine Art","potentialAction":[{"@type":"SearchAction","target":{"@type":"EntryPoint","urlTemplate":"https:\/\/egidimadeinitaly.com\/fr\/?s={search_term_string}"},"query-input":{"@type":"PropertyValueSpecification","valueRequired":true,"valueName":"search_term_string"}}],"inLanguage":"fr-FR"}]}},"_links":{"self":[{"href":"https:\/\/egidimadeinitaly.com\/fr\/wp-json\/wp\/v2\/product\/92553","targetHints":{"allow":["GET"]}}],"collection":[{"href":"https:\/\/egidimadeinitaly.com\/fr\/wp-json\/wp\/v2\/product"}],"about":[{"href":"https:\/\/egidimadeinitaly.com\/fr\/wp-json\/wp\/v2\/types\/product"}],"wp:featuredmedia":[{"embeddable":true,"href":"https:\/\/egidimadeinitaly.com\/fr\/wp-json\/wp\/v2\/media\/92172"}],"wp:attachment":[{"href":"https:\/\/egidimadeinitaly.com\/fr\/wp-json\/wp\/v2\/media?parent=92553"}],"wp:term":[{"taxonomy":"product_brand","embeddable":true,"href":"https:\/\/egidimadeinitaly.com\/fr\/wp-json\/wp\/v2\/product_brand?post=92553"},{"taxonomy":"product_cat","embeddable":true,"href":"https:\/\/egidimadeinitaly.com\/fr\/wp-json\/wp\/v2\/product_cat?post=92553"},{"taxonomy":"product_tag","embeddable":true,"href":"https:\/\/egidimadeinitaly.com\/fr\/wp-json\/wp\/v2\/product_tag?post=92553"}],"curies":[{"name":"wp","href":"https:\/\/api.w.org\/{rel}","templated":true}]}}