{"id":92507,"date":"2020-09-04T12:48:51","date_gmt":"2020-09-04T11:48:51","guid":{"rendered":"https:\/\/egidimadeinitaly.com\/ecomsite\/?post_type=product&#038;p=92507"},"modified":"2021-07-14T07:15:39","modified_gmt":"2021-07-14T07:15:39","slug":"miroir-de-table-ancien-en-forme-deventai","status":"publish","type":"product","link":"https:\/\/egidimadeinitaly.com\/fr\/negozio\/objets-dart\/objets-dart-anciens-fr\/miroir-de-table-ancien-en-forme-deventai\/","title":{"rendered":"Miroir de Table Ancien en Forme d\u2019Eventail"},"content":{"rendered":"<p>Dans sa partie sup\u00e9rieure, le miroir au mercure est poli. Le panache (partie ext\u00e9rieure de l\u2019\u00e9ventail) droit et la partie inf\u00e9rieure du miroir pr\u00e9sentent une d\u00e9coration en \u00e9mail. Le dos du miroir est en bois. Le socle et les deux pieds sont en laiton dor\u00e9.<\/p>\n<p>Un petit bijou des ann\u00e9es 20 provenant d\u2019une collection milanaise.<\/p>\n<p>Chaque objet de notre galerie est vendu avec un certificat d\u2019authenticit\u00e9 d\u00e9livr\u00e9 par un expert du tribunal et de la Chambre de commerce de Rome.<\/p>\n","protected":false},"excerpt":{"rendered":"<p>Miroir repr\u00e9sentant un \u00e9ventail<\/p>\n","protected":false},"featured_media":92437,"template":"","meta":{"_acf_changed":false},"product_brand":[],"product_cat":[6406,6492],"product_tag":[5419,5093,5306],"class_list":{"0":"post-92507","1":"product","2":"type-product","3":"status-publish","4":"has-post-thumbnail","6":"product_cat-objets-dart-anciens-fr","7":"product_cat-objets-dart","8":"product_tag-accessoires-de-bureau","9":"product_tag-glaces","10":"product_tag-objets-de-collection","11":"product_shipping_class-dhl-fr","13":"first","14":"outofstock","15":"shipping-taxable","16":"product-type-simple"},"acf":[],"yoast_head":"<!-- This site is optimized with the Yoast SEO Premium plugin v27.3 (Yoast SEO v27.4) - https:\/\/yoast.com\/product\/yoast-seo-premium-wordpress\/ -->\n<title>Miroir de Table Ancien en Forme d\u2019Eventail - Egidi MadeinItaly<\/title>\n<meta name=\"description\" content=\"Achetez Miroir de Table Ancien en Forme d\u2019Eventail en vente sur Egidi MadeinItaly Ecommerce Livraison partout dans le monde.\" \/>\n<meta name=\"robots\" content=\"index, follow, max-snippet:-1, max-image-preview:large, max-video-preview:-1\" \/>\n<link rel=\"canonical\" href=\"https:\/\/egidimadeinitaly.com\/fr\/negozio\/objets-dart\/objets-dart-anciens-fr\/miroir-de-table-ancien-en-forme-deventai\/\" \/>\n<meta property=\"og:locale\" content=\"fr_FR\" \/>\n<meta property=\"og:type\" content=\"article\" \/>\n<meta property=\"og:title\" content=\"Miroir de Table Ancien en Forme d\u2019Eventail\" \/>\n<meta property=\"og:description\" content=\"Miroir repr\u00e9sentant un \u00e9ventail\" \/>\n<meta property=\"og:url\" content=\"https:\/\/egidimadeinitaly.com\/fr\/negozio\/objets-dart\/objets-dart-anciens-fr\/miroir-de-table-ancien-en-forme-deventai\/\" \/>\n<meta property=\"og:site_name\" content=\"Egidi MadeinItaly\" \/>\n<meta property=\"article:publisher\" content=\"https:\/\/www.facebook.com\/egidimadeinitaly\/\" \/>\n<meta property=\"article:modified_time\" content=\"2021-07-14T07:15:39+00:00\" \/>\n<meta property=\"og:image\" content=\"https:\/\/egidimadeinitaly.com\/wp-content\/uploads\/2020\/08\/EFC5FE66-5540-4B0F-949B-72B851C6F800-scaled.jpeg\" \/>\n\t<meta property=\"og:image:width\" content=\"2560\" \/>\n\t<meta property=\"og:image:height\" content=\"1709\" \/>\n\t<meta property=\"og:image:type\" content=\"image\/jpeg\" \/>\n<script type=\"application\/ld+json\" class=\"yoast-schema-graph\">{\"@context\":\"https:\\\/\\\/schema.org\",\"@graph\":[{\"@type\":\"WebPage\",\"@id\":\"https:\\\/\\\/egidimadeinitaly.com\\\/fr\\\/negozio\\\/objets-dart\\\/objets-dart-anciens-fr\\\/miroir-de-table-ancien-en-forme-deventai\\\/\",\"url\":\"https:\\\/\\\/egidimadeinitaly.com\\\/fr\\\/negozio\\\/objets-dart\\\/objets-dart-anciens-fr\\\/miroir-de-table-ancien-en-forme-deventai\\\/\",\"name\":\"Miroir de Table Ancien en Forme d\u2019Eventail - Egidi MadeinItaly\",\"isPartOf\":{\"@id\":\"https:\\\/\\\/egidimadeinitaly.com\\\/fr\\\/#website\"},\"primaryImageOfPage\":{\"@id\":\"https:\\\/\\\/egidimadeinitaly.com\\\/fr\\\/negozio\\\/objets-dart\\\/objets-dart-anciens-fr\\\/miroir-de-table-ancien-en-forme-deventai\\\/#primaryimage\"},\"image\":{\"@id\":\"https:\\\/\\\/egidimadeinitaly.com\\\/fr\\\/negozio\\\/objets-dart\\\/objets-dart-anciens-fr\\\/miroir-de-table-ancien-en-forme-deventai\\\/#primaryimage\"},\"thumbnailUrl\":\"https:\\\/\\\/egidimadeinitaly.com\\\/v25\\\/wp-content\\\/uploads\\\/2020\\\/08\\\/EFC5FE66-5540-4B0F-949B-72B851C6F800-scaled.jpeg\",\"datePublished\":\"2020-09-04T11:48:51+00:00\",\"dateModified\":\"2021-07-14T07:15:39+00:00\",\"description\":\"Achetez Miroir de Table Ancien en Forme d\u2019Eventail en vente sur Egidi MadeinItaly Ecommerce Livraison partout dans le monde.\",\"breadcrumb\":{\"@id\":\"https:\\\/\\\/egidimadeinitaly.com\\\/fr\\\/negozio\\\/objets-dart\\\/objets-dart-anciens-fr\\\/miroir-de-table-ancien-en-forme-deventai\\\/#breadcrumb\"},\"inLanguage\":\"fr-FR\",\"potentialAction\":[{\"@type\":\"ReadAction\",\"target\":[\"https:\\\/\\\/egidimadeinitaly.com\\\/fr\\\/negozio\\\/objets-dart\\\/objets-dart-anciens-fr\\\/miroir-de-table-ancien-en-forme-deventai\\\/\"]}]},{\"@type\":\"ImageObject\",\"inLanguage\":\"fr-FR\",\"@id\":\"https:\\\/\\\/egidimadeinitaly.com\\\/fr\\\/negozio\\\/objets-dart\\\/objets-dart-anciens-fr\\\/miroir-de-table-ancien-en-forme-deventai\\\/#primaryimage\",\"url\":\"https:\\\/\\\/egidimadeinitaly.com\\\/v25\\\/wp-content\\\/uploads\\\/2020\\\/08\\\/EFC5FE66-5540-4B0F-949B-72B851C6F800-scaled.jpeg\",\"contentUrl\":\"https:\\\/\\\/egidimadeinitaly.com\\\/v25\\\/wp-content\\\/uploads\\\/2020\\\/08\\\/EFC5FE66-5540-4B0F-949B-72B851C6F800-scaled.jpeg\",\"width\":2560,\"height\":1709,\"caption\":\"Miroir \u00c9maill\u00e9 \u00e0 Poser Italien Art Dec\u00f2 Base en M\u00e9tal\"},{\"@type\":\"BreadcrumbList\",\"@id\":\"https:\\\/\\\/egidimadeinitaly.com\\\/fr\\\/negozio\\\/objets-dart\\\/objets-dart-anciens-fr\\\/miroir-de-table-ancien-en-forme-deventai\\\/#breadcrumb\",\"itemListElement\":[{\"@type\":\"ListItem\",\"position\":1,\"name\":\"Home\",\"item\":\"https:\\\/\\\/egidimadeinitaly.com\\\/fr\\\/\"},{\"@type\":\"ListItem\",\"position\":2,\"name\":\"Produits\",\"item\":\"https:\\\/\\\/egidimadeinitaly.com\\\/fr\\\/shop\\\/\"},{\"@type\":\"ListItem\",\"position\":3,\"name\":\"Objets d\u2019art\",\"item\":\"https:\\\/\\\/egidimadeinitaly.com\\\/fr\\\/product-category\\\/objets-dart\\\/\"},{\"@type\":\"ListItem\",\"position\":4,\"name\":\"Objets d'art anciens\",\"item\":\"https:\\\/\\\/egidimadeinitaly.com\\\/fr\\\/product-category\\\/objets-dart\\\/objets-dart-anciens-fr\\\/\"},{\"@type\":\"ListItem\",\"position\":5,\"name\":\"Miroir de Table Ancien en Forme d\u2019Eventail\"}]},{\"@type\":\"WebSite\",\"@id\":\"https:\\\/\\\/egidimadeinitaly.com\\\/fr\\\/#website\",\"url\":\"https:\\\/\\\/egidimadeinitaly.com\\\/fr\\\/\",\"name\":\"Egidi MadeinItaly\",\"description\":\"Fine Art\",\"potentialAction\":[{\"@type\":\"SearchAction\",\"target\":{\"@type\":\"EntryPoint\",\"urlTemplate\":\"https:\\\/\\\/egidimadeinitaly.com\\\/fr\\\/?s={search_term_string}\"},\"query-input\":{\"@type\":\"PropertyValueSpecification\",\"valueRequired\":true,\"valueName\":\"search_term_string\"}}],\"inLanguage\":\"fr-FR\"}]}<\/script>\n<!-- \/ Yoast SEO Premium plugin. -->","yoast_head_json":{"title":"Miroir de Table Ancien en Forme d\u2019Eventail - Egidi MadeinItaly","description":"Achetez Miroir de Table Ancien en Forme d\u2019Eventail en vente sur Egidi MadeinItaly Ecommerce Livraison partout dans le monde.","robots":{"index":"index","follow":"follow","max-snippet":"max-snippet:-1","max-image-preview":"max-image-preview:large","max-video-preview":"max-video-preview:-1"},"canonical":"https:\/\/egidimadeinitaly.com\/fr\/negozio\/objets-dart\/objets-dart-anciens-fr\/miroir-de-table-ancien-en-forme-deventai\/","og_locale":"fr_FR","og_type":"article","og_title":"Miroir de Table Ancien en Forme d\u2019Eventail","og_description":"Miroir repr\u00e9sentant un \u00e9ventail","og_url":"https:\/\/egidimadeinitaly.com\/fr\/negozio\/objets-dart\/objets-dart-anciens-fr\/miroir-de-table-ancien-en-forme-deventai\/","og_site_name":"Egidi MadeinItaly","article_publisher":"https:\/\/www.facebook.com\/egidimadeinitaly\/","article_modified_time":"2021-07-14T07:15:39+00:00","og_image":[{"width":2560,"height":1709,"url":"https:\/\/egidimadeinitaly.com\/wp-content\/uploads\/2020\/08\/EFC5FE66-5540-4B0F-949B-72B851C6F800-scaled.jpeg","type":"image\/jpeg"}],"schema":{"@context":"https:\/\/schema.org","@graph":[{"@type":"WebPage","@id":"https:\/\/egidimadeinitaly.com\/fr\/negozio\/objets-dart\/objets-dart-anciens-fr\/miroir-de-table-ancien-en-forme-deventai\/","url":"https:\/\/egidimadeinitaly.com\/fr\/negozio\/objets-dart\/objets-dart-anciens-fr\/miroir-de-table-ancien-en-forme-deventai\/","name":"Miroir de Table Ancien en Forme d\u2019Eventail - Egidi MadeinItaly","isPartOf":{"@id":"https:\/\/egidimadeinitaly.com\/fr\/#website"},"primaryImageOfPage":{"@id":"https:\/\/egidimadeinitaly.com\/fr\/negozio\/objets-dart\/objets-dart-anciens-fr\/miroir-de-table-ancien-en-forme-deventai\/#primaryimage"},"image":{"@id":"https:\/\/egidimadeinitaly.com\/fr\/negozio\/objets-dart\/objets-dart-anciens-fr\/miroir-de-table-ancien-en-forme-deventai\/#primaryimage"},"thumbnailUrl":"https:\/\/egidimadeinitaly.com\/v25\/wp-content\/uploads\/2020\/08\/EFC5FE66-5540-4B0F-949B-72B851C6F800-scaled.jpeg","datePublished":"2020-09-04T11:48:51+00:00","dateModified":"2021-07-14T07:15:39+00:00","description":"Achetez Miroir de Table Ancien en Forme d\u2019Eventail en vente sur Egidi MadeinItaly Ecommerce Livraison partout dans le monde.","breadcrumb":{"@id":"https:\/\/egidimadeinitaly.com\/fr\/negozio\/objets-dart\/objets-dart-anciens-fr\/miroir-de-table-ancien-en-forme-deventai\/#breadcrumb"},"inLanguage":"fr-FR","potentialAction":[{"@type":"ReadAction","target":["https:\/\/egidimadeinitaly.com\/fr\/negozio\/objets-dart\/objets-dart-anciens-fr\/miroir-de-table-ancien-en-forme-deventai\/"]}]},{"@type":"ImageObject","inLanguage":"fr-FR","@id":"https:\/\/egidimadeinitaly.com\/fr\/negozio\/objets-dart\/objets-dart-anciens-fr\/miroir-de-table-ancien-en-forme-deventai\/#primaryimage","url":"https:\/\/egidimadeinitaly.com\/v25\/wp-content\/uploads\/2020\/08\/EFC5FE66-5540-4B0F-949B-72B851C6F800-scaled.jpeg","contentUrl":"https:\/\/egidimadeinitaly.com\/v25\/wp-content\/uploads\/2020\/08\/EFC5FE66-5540-4B0F-949B-72B851C6F800-scaled.jpeg","width":2560,"height":1709,"caption":"Miroir \u00c9maill\u00e9 \u00e0 Poser Italien Art Dec\u00f2 Base en M\u00e9tal"},{"@type":"BreadcrumbList","@id":"https:\/\/egidimadeinitaly.com\/fr\/negozio\/objets-dart\/objets-dart-anciens-fr\/miroir-de-table-ancien-en-forme-deventai\/#breadcrumb","itemListElement":[{"@type":"ListItem","position":1,"name":"Home","item":"https:\/\/egidimadeinitaly.com\/fr\/"},{"@type":"ListItem","position":2,"name":"Produits","item":"https:\/\/egidimadeinitaly.com\/fr\/shop\/"},{"@type":"ListItem","position":3,"name":"Objets d\u2019art","item":"https:\/\/egidimadeinitaly.com\/fr\/product-category\/objets-dart\/"},{"@type":"ListItem","position":4,"name":"Objets d'art anciens","item":"https:\/\/egidimadeinitaly.com\/fr\/product-category\/objets-dart\/objets-dart-anciens-fr\/"},{"@type":"ListItem","position":5,"name":"Miroir de Table Ancien en Forme d\u2019Eventail"}]},{"@type":"WebSite","@id":"https:\/\/egidimadeinitaly.com\/fr\/#website","url":"https:\/\/egidimadeinitaly.com\/fr\/","name":"Egidi MadeinItaly","description":"Fine Art","potentialAction":[{"@type":"SearchAction","target":{"@type":"EntryPoint","urlTemplate":"https:\/\/egidimadeinitaly.com\/fr\/?s={search_term_string}"},"query-input":{"@type":"PropertyValueSpecification","valueRequired":true,"valueName":"search_term_string"}}],"inLanguage":"fr-FR"}]}},"_links":{"self":[{"href":"https:\/\/egidimadeinitaly.com\/fr\/wp-json\/wp\/v2\/product\/92507","targetHints":{"allow":["GET"]}}],"collection":[{"href":"https:\/\/egidimadeinitaly.com\/fr\/wp-json\/wp\/v2\/product"}],"about":[{"href":"https:\/\/egidimadeinitaly.com\/fr\/wp-json\/wp\/v2\/types\/product"}],"wp:featuredmedia":[{"embeddable":true,"href":"https:\/\/egidimadeinitaly.com\/fr\/wp-json\/wp\/v2\/media\/92437"}],"wp:attachment":[{"href":"https:\/\/egidimadeinitaly.com\/fr\/wp-json\/wp\/v2\/media?parent=92507"}],"wp:term":[{"taxonomy":"product_brand","embeddable":true,"href":"https:\/\/egidimadeinitaly.com\/fr\/wp-json\/wp\/v2\/product_brand?post=92507"},{"taxonomy":"product_cat","embeddable":true,"href":"https:\/\/egidimadeinitaly.com\/fr\/wp-json\/wp\/v2\/product_cat?post=92507"},{"taxonomy":"product_tag","embeddable":true,"href":"https:\/\/egidimadeinitaly.com\/fr\/wp-json\/wp\/v2\/product_tag?post=92507"}],"curies":[{"name":"wp","href":"https:\/\/api.w.org\/{rel}","templated":true}]}}