{"id":92353,"date":"2020-09-25T18:36:42","date_gmt":"2020-09-25T17:36:42","guid":{"rendered":"https:\/\/egidimadeinitaly.com\/ecomsite\/?post_type=product&#038;p=92353"},"modified":"2023-03-22T20:19:31","modified_gmt":"2023-03-22T19:19:31","slug":"tableau-moderne-signe-mauro-stampatori","status":"publish","type":"product","link":"https:\/\/egidimadeinitaly.com\/fr\/negozio\/art-moderne\/tableaux-modernes-fr\/tableau-moderne-signe-mauro-stampatori\/","title":{"rendered":"Tableau Moderne Sign\u00e9 Mauro Stampatori"},"content":{"rendered":"<p>Les Toits de Rome Tableau Moderne par Mauro Stampatori Sign\u00e9 et Dat\u00e9 XII 80<\/p>\n<p>Se partageant entre l&rsquo;Italie et les pays europ\u00e9ens, il a toujours exerc\u00e9, dans ses ateliers de Rome et de Scansano, ses activit\u00e9s artistiques et professionnelles.<\/p>\n","protected":false},"excerpt":{"rendered":"<p>Tableau Moderne sign\u00e9 Mauro Stampatori<\/p>\n","protected":false},"featured_media":92348,"template":"","meta":{"_acf_changed":false},"product_brand":[],"product_cat":[6377,6416],"product_tag":[5422,6135,5361,5457],"class_list":{"0":"post-92353","1":"product","2":"type-product","3":"status-publish","4":"has-post-thumbnail","6":"product_cat-art-moderne","7":"product_cat-tableaux-modernes-fr","8":"product_tag-annees-70","9":"product_tag-art-moderne","10":"product_tag-decoration-murale","11":"product_tag-paysage","12":"product_shipping_class-dhl-fr","14":"first","15":"outofstock","16":"shipping-taxable","17":"product-type-simple"},"acf":[],"yoast_head":"<!-- This site is optimized with the Yoast SEO Premium plugin v27.3 (Yoast SEO v27.4) - https:\/\/yoast.com\/product\/yoast-seo-premium-wordpress\/ -->\n<title>Tableau Moderne Sign\u00e9 Mauro Stampatori - Egidi MadeinItaly<\/title>\n<meta name=\"description\" content=\"Ach\u00e8tez Les toits de Rome l\u2019un des sujets pr\u00e9f\u00e9r\u00e9s de l\u2019artiste Mauro Stampatori d\u00e9cembre 1970 huile sur toile\" \/>\n<meta name=\"robots\" content=\"index, follow, max-snippet:-1, max-image-preview:large, max-video-preview:-1\" \/>\n<link rel=\"canonical\" href=\"https:\/\/egidimadeinitaly.com\/fr\/negozio\/art-moderne\/tableaux-modernes-fr\/tableau-moderne-signe-mauro-stampatori\/\" \/>\n<meta property=\"og:locale\" content=\"fr_FR\" \/>\n<meta property=\"og:type\" content=\"article\" \/>\n<meta property=\"og:title\" content=\"Tableau Moderne Sign\u00e9 Mauro Stampatori\" \/>\n<meta property=\"og:description\" content=\"Tableau Moderne sign\u00e9 Mauro Stampatori\" \/>\n<meta property=\"og:url\" content=\"https:\/\/egidimadeinitaly.com\/fr\/negozio\/art-moderne\/tableaux-modernes-fr\/tableau-moderne-signe-mauro-stampatori\/\" \/>\n<meta property=\"og:site_name\" content=\"Egidi MadeinItaly\" \/>\n<meta property=\"article:publisher\" content=\"https:\/\/www.facebook.com\/egidimadeinitaly\/\" \/>\n<meta property=\"article:modified_time\" content=\"2023-03-22T19:19:31+00:00\" \/>\n<meta property=\"og:image\" content=\"https:\/\/egidimadeinitaly.com\/wp-content\/uploads\/2020\/08\/9F181DBF-9B88-4825-84A9-FB1769FEE683-scaled-e1679512163747.jpeg\" \/>\n\t<meta property=\"og:image:width\" content=\"2560\" \/>\n\t<meta property=\"og:image:height\" content=\"1953\" \/>\n\t<meta property=\"og:image:type\" content=\"image\/jpeg\" \/>\n<script type=\"application\/ld+json\" class=\"yoast-schema-graph\">{\"@context\":\"https:\\\/\\\/schema.org\",\"@graph\":[{\"@type\":\"WebPage\",\"@id\":\"https:\\\/\\\/egidimadeinitaly.com\\\/fr\\\/negozio\\\/art-moderne\\\/tableaux-modernes-fr\\\/tableau-moderne-signe-mauro-stampatori\\\/\",\"url\":\"https:\\\/\\\/egidimadeinitaly.com\\\/fr\\\/negozio\\\/art-moderne\\\/tableaux-modernes-fr\\\/tableau-moderne-signe-mauro-stampatori\\\/\",\"name\":\"Tableau Moderne Sign\u00e9 Mauro Stampatori - Egidi MadeinItaly\",\"isPartOf\":{\"@id\":\"https:\\\/\\\/egidimadeinitaly.com\\\/fr\\\/#website\"},\"primaryImageOfPage\":{\"@id\":\"https:\\\/\\\/egidimadeinitaly.com\\\/fr\\\/negozio\\\/art-moderne\\\/tableaux-modernes-fr\\\/tableau-moderne-signe-mauro-stampatori\\\/#primaryimage\"},\"image\":{\"@id\":\"https:\\\/\\\/egidimadeinitaly.com\\\/fr\\\/negozio\\\/art-moderne\\\/tableaux-modernes-fr\\\/tableau-moderne-signe-mauro-stampatori\\\/#primaryimage\"},\"thumbnailUrl\":\"https:\\\/\\\/egidimadeinitaly.com\\\/v25\\\/wp-content\\\/uploads\\\/2020\\\/08\\\/9F181DBF-9B88-4825-84A9-FB1769FEE683-scaled-e1679512163747.jpeg\",\"datePublished\":\"2020-09-25T17:36:42+00:00\",\"dateModified\":\"2023-03-22T19:19:31+00:00\",\"description\":\"Ach\u00e8tez Les toits de Rome l\u2019un des sujets pr\u00e9f\u00e9r\u00e9s de l\u2019artiste Mauro Stampatori d\u00e9cembre 1970 huile sur toile\",\"breadcrumb\":{\"@id\":\"https:\\\/\\\/egidimadeinitaly.com\\\/fr\\\/negozio\\\/art-moderne\\\/tableaux-modernes-fr\\\/tableau-moderne-signe-mauro-stampatori\\\/#breadcrumb\"},\"inLanguage\":\"fr-FR\",\"potentialAction\":[{\"@type\":\"ReadAction\",\"target\":[\"https:\\\/\\\/egidimadeinitaly.com\\\/fr\\\/negozio\\\/art-moderne\\\/tableaux-modernes-fr\\\/tableau-moderne-signe-mauro-stampatori\\\/\"]}]},{\"@type\":\"ImageObject\",\"inLanguage\":\"fr-FR\",\"@id\":\"https:\\\/\\\/egidimadeinitaly.com\\\/fr\\\/negozio\\\/art-moderne\\\/tableaux-modernes-fr\\\/tableau-moderne-signe-mauro-stampatori\\\/#primaryimage\",\"url\":\"https:\\\/\\\/egidimadeinitaly.com\\\/v25\\\/wp-content\\\/uploads\\\/2020\\\/08\\\/9F181DBF-9B88-4825-84A9-FB1769FEE683-scaled-e1679512163747.jpeg\",\"contentUrl\":\"https:\\\/\\\/egidimadeinitaly.com\\\/v25\\\/wp-content\\\/uploads\\\/2020\\\/08\\\/9F181DBF-9B88-4825-84A9-FB1769FEE683-scaled-e1679512163747.jpeg\",\"width\":2560,\"height\":1953,\"caption\":\"Tableau Moderne Mauro Stampatori Sign\u00e9 et Dat\u00e9 XII 80\"},{\"@type\":\"BreadcrumbList\",\"@id\":\"https:\\\/\\\/egidimadeinitaly.com\\\/fr\\\/negozio\\\/art-moderne\\\/tableaux-modernes-fr\\\/tableau-moderne-signe-mauro-stampatori\\\/#breadcrumb\",\"itemListElement\":[{\"@type\":\"ListItem\",\"position\":1,\"name\":\"Home\",\"item\":\"https:\\\/\\\/egidimadeinitaly.com\\\/fr\\\/\"},{\"@type\":\"ListItem\",\"position\":2,\"name\":\"Produits\",\"item\":\"https:\\\/\\\/egidimadeinitaly.com\\\/fr\\\/shop\\\/\"},{\"@type\":\"ListItem\",\"position\":3,\"name\":\"Art moderne\",\"item\":\"https:\\\/\\\/egidimadeinitaly.com\\\/fr\\\/product-category\\\/art-moderne\\\/\"},{\"@type\":\"ListItem\",\"position\":4,\"name\":\"Tableaux modernes\",\"item\":\"https:\\\/\\\/egidimadeinitaly.com\\\/fr\\\/product-category\\\/art-moderne\\\/tableaux-modernes-fr\\\/\"},{\"@type\":\"ListItem\",\"position\":5,\"name\":\"Tableau Moderne Sign\u00e9 Mauro Stampatori\"}]},{\"@type\":\"WebSite\",\"@id\":\"https:\\\/\\\/egidimadeinitaly.com\\\/fr\\\/#website\",\"url\":\"https:\\\/\\\/egidimadeinitaly.com\\\/fr\\\/\",\"name\":\"Egidi MadeinItaly\",\"description\":\"Fine Art\",\"potentialAction\":[{\"@type\":\"SearchAction\",\"target\":{\"@type\":\"EntryPoint\",\"urlTemplate\":\"https:\\\/\\\/egidimadeinitaly.com\\\/fr\\\/?s={search_term_string}\"},\"query-input\":{\"@type\":\"PropertyValueSpecification\",\"valueRequired\":true,\"valueName\":\"search_term_string\"}}],\"inLanguage\":\"fr-FR\"}]}<\/script>\n<!-- \/ Yoast SEO Premium plugin. -->","yoast_head_json":{"title":"Tableau Moderne Sign\u00e9 Mauro Stampatori - Egidi MadeinItaly","description":"Ach\u00e8tez Les toits de Rome l\u2019un des sujets pr\u00e9f\u00e9r\u00e9s de l\u2019artiste Mauro Stampatori d\u00e9cembre 1970 huile sur toile","robots":{"index":"index","follow":"follow","max-snippet":"max-snippet:-1","max-image-preview":"max-image-preview:large","max-video-preview":"max-video-preview:-1"},"canonical":"https:\/\/egidimadeinitaly.com\/fr\/negozio\/art-moderne\/tableaux-modernes-fr\/tableau-moderne-signe-mauro-stampatori\/","og_locale":"fr_FR","og_type":"article","og_title":"Tableau Moderne Sign\u00e9 Mauro Stampatori","og_description":"Tableau Moderne sign\u00e9 Mauro Stampatori","og_url":"https:\/\/egidimadeinitaly.com\/fr\/negozio\/art-moderne\/tableaux-modernes-fr\/tableau-moderne-signe-mauro-stampatori\/","og_site_name":"Egidi MadeinItaly","article_publisher":"https:\/\/www.facebook.com\/egidimadeinitaly\/","article_modified_time":"2023-03-22T19:19:31+00:00","og_image":[{"width":2560,"height":1953,"url":"https:\/\/egidimadeinitaly.com\/wp-content\/uploads\/2020\/08\/9F181DBF-9B88-4825-84A9-FB1769FEE683-scaled-e1679512163747.jpeg","type":"image\/jpeg"}],"schema":{"@context":"https:\/\/schema.org","@graph":[{"@type":"WebPage","@id":"https:\/\/egidimadeinitaly.com\/fr\/negozio\/art-moderne\/tableaux-modernes-fr\/tableau-moderne-signe-mauro-stampatori\/","url":"https:\/\/egidimadeinitaly.com\/fr\/negozio\/art-moderne\/tableaux-modernes-fr\/tableau-moderne-signe-mauro-stampatori\/","name":"Tableau Moderne Sign\u00e9 Mauro Stampatori - Egidi MadeinItaly","isPartOf":{"@id":"https:\/\/egidimadeinitaly.com\/fr\/#website"},"primaryImageOfPage":{"@id":"https:\/\/egidimadeinitaly.com\/fr\/negozio\/art-moderne\/tableaux-modernes-fr\/tableau-moderne-signe-mauro-stampatori\/#primaryimage"},"image":{"@id":"https:\/\/egidimadeinitaly.com\/fr\/negozio\/art-moderne\/tableaux-modernes-fr\/tableau-moderne-signe-mauro-stampatori\/#primaryimage"},"thumbnailUrl":"https:\/\/egidimadeinitaly.com\/v25\/wp-content\/uploads\/2020\/08\/9F181DBF-9B88-4825-84A9-FB1769FEE683-scaled-e1679512163747.jpeg","datePublished":"2020-09-25T17:36:42+00:00","dateModified":"2023-03-22T19:19:31+00:00","description":"Ach\u00e8tez Les toits de Rome l\u2019un des sujets pr\u00e9f\u00e9r\u00e9s de l\u2019artiste Mauro Stampatori d\u00e9cembre 1970 huile sur toile","breadcrumb":{"@id":"https:\/\/egidimadeinitaly.com\/fr\/negozio\/art-moderne\/tableaux-modernes-fr\/tableau-moderne-signe-mauro-stampatori\/#breadcrumb"},"inLanguage":"fr-FR","potentialAction":[{"@type":"ReadAction","target":["https:\/\/egidimadeinitaly.com\/fr\/negozio\/art-moderne\/tableaux-modernes-fr\/tableau-moderne-signe-mauro-stampatori\/"]}]},{"@type":"ImageObject","inLanguage":"fr-FR","@id":"https:\/\/egidimadeinitaly.com\/fr\/negozio\/art-moderne\/tableaux-modernes-fr\/tableau-moderne-signe-mauro-stampatori\/#primaryimage","url":"https:\/\/egidimadeinitaly.com\/v25\/wp-content\/uploads\/2020\/08\/9F181DBF-9B88-4825-84A9-FB1769FEE683-scaled-e1679512163747.jpeg","contentUrl":"https:\/\/egidimadeinitaly.com\/v25\/wp-content\/uploads\/2020\/08\/9F181DBF-9B88-4825-84A9-FB1769FEE683-scaled-e1679512163747.jpeg","width":2560,"height":1953,"caption":"Tableau Moderne Mauro Stampatori Sign\u00e9 et Dat\u00e9 XII 80"},{"@type":"BreadcrumbList","@id":"https:\/\/egidimadeinitaly.com\/fr\/negozio\/art-moderne\/tableaux-modernes-fr\/tableau-moderne-signe-mauro-stampatori\/#breadcrumb","itemListElement":[{"@type":"ListItem","position":1,"name":"Home","item":"https:\/\/egidimadeinitaly.com\/fr\/"},{"@type":"ListItem","position":2,"name":"Produits","item":"https:\/\/egidimadeinitaly.com\/fr\/shop\/"},{"@type":"ListItem","position":3,"name":"Art moderne","item":"https:\/\/egidimadeinitaly.com\/fr\/product-category\/art-moderne\/"},{"@type":"ListItem","position":4,"name":"Tableaux modernes","item":"https:\/\/egidimadeinitaly.com\/fr\/product-category\/art-moderne\/tableaux-modernes-fr\/"},{"@type":"ListItem","position":5,"name":"Tableau Moderne Sign\u00e9 Mauro Stampatori"}]},{"@type":"WebSite","@id":"https:\/\/egidimadeinitaly.com\/fr\/#website","url":"https:\/\/egidimadeinitaly.com\/fr\/","name":"Egidi MadeinItaly","description":"Fine Art","potentialAction":[{"@type":"SearchAction","target":{"@type":"EntryPoint","urlTemplate":"https:\/\/egidimadeinitaly.com\/fr\/?s={search_term_string}"},"query-input":{"@type":"PropertyValueSpecification","valueRequired":true,"valueName":"search_term_string"}}],"inLanguage":"fr-FR"}]}},"_links":{"self":[{"href":"https:\/\/egidimadeinitaly.com\/fr\/wp-json\/wp\/v2\/product\/92353","targetHints":{"allow":["GET"]}}],"collection":[{"href":"https:\/\/egidimadeinitaly.com\/fr\/wp-json\/wp\/v2\/product"}],"about":[{"href":"https:\/\/egidimadeinitaly.com\/fr\/wp-json\/wp\/v2\/types\/product"}],"wp:featuredmedia":[{"embeddable":true,"href":"https:\/\/egidimadeinitaly.com\/fr\/wp-json\/wp\/v2\/media\/92348"}],"wp:attachment":[{"href":"https:\/\/egidimadeinitaly.com\/fr\/wp-json\/wp\/v2\/media?parent=92353"}],"wp:term":[{"taxonomy":"product_brand","embeddable":true,"href":"https:\/\/egidimadeinitaly.com\/fr\/wp-json\/wp\/v2\/product_brand?post=92353"},{"taxonomy":"product_cat","embeddable":true,"href":"https:\/\/egidimadeinitaly.com\/fr\/wp-json\/wp\/v2\/product_cat?post=92353"},{"taxonomy":"product_tag","embeddable":true,"href":"https:\/\/egidimadeinitaly.com\/fr\/wp-json\/wp\/v2\/product_tag?post=92353"}],"curies":[{"name":"wp","href":"https:\/\/api.w.org\/{rel}","templated":true}]}}