{"id":92274,"date":"2021-01-17T16:11:11","date_gmt":"2021-01-17T15:11:11","guid":{"rendered":"https:\/\/egidimadeinitaly.com\/ecomsite\/?post_type=product&#038;p=92274"},"modified":"2025-01-14T16:39:40","modified_gmt":"2025-01-14T15:39:40","slug":"bongiovanni-et-vaccaro-terre-cuite","status":"publish","type":"product","link":"https:\/\/egidimadeinitaly.com\/fr\/negozio\/sculpture-fr-2\/sculpture-ancienne-fr\/bongiovanni-et-vaccaro-terre-cuite\/","title":{"rendered":"Bongiovanni et Vaccaro Terre Cuite"},"content":{"rendered":"<p>Elle tient un gros bouquet de brocolis fra\u00eechement cueillis dans une main, et une cruche dans l\u2019autre.<\/p>\n<p>La mention suivante est grav\u00e9e sur le socle de la statuette : <strong><em>G.V.B. et Bongiovanni. Vaccaro da Caltagirone, r\u00e9compens\u00e9 \u00e0 l\u2019Exposition universelle de Londres 1862<\/em><\/strong>. Tr\u00e8s belle patine.\u00a0 L\u2019objet fait partie d\u2019une collection priv\u00e9e.<\/p>\n<p>Chaque objet de notre galerie est vendu avec un certificat d\u2019authenticit\u00e9 d\u00e9livr\u00e9 par un expert du tribunal et de la Chambre de commerce de Rome.<\/p>\n","protected":false},"excerpt":{"rendered":"<p>Statuette en terre cuite polychrome repr\u00e9sentant une paysanne en costume traditionnel de Vizzini (Sicile).<\/p>\n<p>&nbsp;<\/p>\n","protected":false},"featured_media":92270,"template":"","meta":{"_acf_changed":false},"product_brand":[],"product_cat":[6417,6419],"product_tag":[5306,2897],"class_list":{"0":"post-92274","1":"product","2":"type-product","3":"status-publish","4":"has-post-thumbnail","6":"product_cat-sculpture-fr-2","7":"product_cat-sculpture-ancienne-fr","8":"product_tag-objets-de-collection","9":"product_tag-terre-cuite","10":"product_shipping_class-dhl-fr","12":"first","13":"outofstock","14":"taxable","15":"shipping-taxable","16":"product-type-simple"},"acf":[],"yoast_head":"<!-- This site is optimized with the Yoast SEO Premium plugin v27.3 (Yoast SEO v27.4) - https:\/\/yoast.com\/product\/yoast-seo-premium-wordpress\/ -->\n<title>Bongiovanni et Vaccaro Terre Cuite - Egidi MadeinItaly<\/title>\n<meta name=\"description\" content=\"Terre cuite Polychrome fin du XIXe Si\u00e8cle sign\u00e9e Bongiovanni et Vaccaro repr\u00e9sentant une Paysanne en Vente sur Egidi MadeinItaly Ecommerce\" \/>\n<meta name=\"robots\" content=\"index, follow, max-snippet:-1, max-image-preview:large, max-video-preview:-1\" \/>\n<link rel=\"canonical\" href=\"https:\/\/egidimadeinitaly.com\/fr\/produit\/sculpture-fr-2\/sculpture-ancienne-fr\/bongiovanni-et-vaccaro-terre-cuite\/\" \/>\n<meta property=\"og:locale\" content=\"fr_FR\" \/>\n<meta property=\"og:type\" content=\"article\" \/>\n<meta property=\"og:title\" content=\"Bongiovanni et Vaccaro Terre Cuite\" \/>\n<meta property=\"og:description\" content=\"Statuette en terre cuite polychrome repr\u00e9sentant une paysanne en costume traditionnel de Vizzini (Sicile).  &nbsp;\" \/>\n<meta property=\"og:url\" content=\"https:\/\/egidimadeinitaly.com\/fr\/produit\/sculpture-fr-2\/sculpture-ancienne-fr\/bongiovanni-et-vaccaro-terre-cuite\/\" \/>\n<meta property=\"og:site_name\" content=\"Egidi MadeinItaly\" \/>\n<meta property=\"article:publisher\" content=\"https:\/\/www.facebook.com\/egidimadeinitaly\/\" \/>\n<meta property=\"article:modified_time\" content=\"2025-01-14T15:39:40+00:00\" \/>\n<meta property=\"og:image\" content=\"https:\/\/egidimadeinitaly.com\/wp-content\/uploads\/2020\/08\/7CAB2BBB-5730-4821-B1F4-C9709A39256E.jpeg\" \/>\n\t<meta property=\"og:image:width\" content=\"320\" \/>\n\t<meta property=\"og:image:height\" content=\"214\" \/>\n\t<meta property=\"og:image:type\" content=\"image\/jpeg\" \/>\n<script type=\"application\/ld+json\" class=\"yoast-schema-graph\">{\"@context\":\"https:\\\/\\\/schema.org\",\"@graph\":[{\"@type\":\"WebPage\",\"@id\":\"https:\\\/\\\/egidimadeinitaly.com\\\/fr\\\/negozio\\\/sculpture-fr-2\\\/sculpture-ancienne-fr\\\/bongiovanni-et-vaccaro-terre-cuite\\\/\",\"url\":\"https:\\\/\\\/egidimadeinitaly.com\\\/fr\\\/produit\\\/sculpture-fr-2\\\/sculpture-ancienne-fr\\\/bongiovanni-et-vaccaro-terre-cuite\\\/\",\"name\":\"Bongiovanni et Vaccaro Terre Cuite - Egidi MadeinItaly\",\"isPartOf\":{\"@id\":\"https:\\\/\\\/egidimadeinitaly.com\\\/fr\\\/#website\"},\"primaryImageOfPage\":{\"@id\":\"https:\\\/\\\/egidimadeinitaly.com\\\/fr\\\/produit\\\/sculpture-fr-2\\\/sculpture-ancienne-fr\\\/bongiovanni-et-vaccaro-terre-cuite\\\/#primaryimage\"},\"image\":{\"@id\":\"https:\\\/\\\/egidimadeinitaly.com\\\/fr\\\/produit\\\/sculpture-fr-2\\\/sculpture-ancienne-fr\\\/bongiovanni-et-vaccaro-terre-cuite\\\/#primaryimage\"},\"thumbnailUrl\":\"https:\\\/\\\/egidimadeinitaly.com\\\/v25\\\/wp-content\\\/uploads\\\/2020\\\/08\\\/7CAB2BBB-5730-4821-B1F4-C9709A39256E.jpeg\",\"datePublished\":\"2021-01-17T15:11:11+00:00\",\"dateModified\":\"2025-01-14T15:39:40+00:00\",\"description\":\"Terre cuite Polychrome fin du XIXe Si\u00e8cle sign\u00e9e Bongiovanni et Vaccaro repr\u00e9sentant une Paysanne en Vente sur Egidi MadeinItaly Ecommerce\",\"breadcrumb\":{\"@id\":\"https:\\\/\\\/egidimadeinitaly.com\\\/fr\\\/produit\\\/sculpture-fr-2\\\/sculpture-ancienne-fr\\\/bongiovanni-et-vaccaro-terre-cuite\\\/#breadcrumb\"},\"inLanguage\":\"fr-FR\",\"potentialAction\":[{\"@type\":\"ReadAction\",\"target\":[\"https:\\\/\\\/egidimadeinitaly.com\\\/fr\\\/produit\\\/sculpture-fr-2\\\/sculpture-ancienne-fr\\\/bongiovanni-et-vaccaro-terre-cuite\\\/\"]}]},{\"@type\":\"ImageObject\",\"inLanguage\":\"fr-FR\",\"@id\":\"https:\\\/\\\/egidimadeinitaly.com\\\/fr\\\/produit\\\/sculpture-fr-2\\\/sculpture-ancienne-fr\\\/bongiovanni-et-vaccaro-terre-cuite\\\/#primaryimage\",\"url\":\"https:\\\/\\\/egidimadeinitaly.com\\\/v25\\\/wp-content\\\/uploads\\\/2020\\\/08\\\/7CAB2BBB-5730-4821-B1F4-C9709A39256E.jpeg\",\"contentUrl\":\"https:\\\/\\\/egidimadeinitaly.com\\\/v25\\\/wp-content\\\/uploads\\\/2020\\\/08\\\/7CAB2BBB-5730-4821-B1F4-C9709A39256E.jpeg\",\"width\":320,\"height\":214,\"caption\":\"Sculpture\u00a0Terre Cuite Polychrome Bongiovanni et Vaccaro Caltagirone\"},{\"@type\":\"BreadcrumbList\",\"@id\":\"https:\\\/\\\/egidimadeinitaly.com\\\/fr\\\/produit\\\/sculpture-fr-2\\\/sculpture-ancienne-fr\\\/bongiovanni-et-vaccaro-terre-cuite\\\/#breadcrumb\",\"itemListElement\":[{\"@type\":\"ListItem\",\"position\":1,\"name\":\"Home\",\"item\":\"https:\\\/\\\/egidimadeinitaly.com\\\/fr\\\/\"},{\"@type\":\"ListItem\",\"position\":2,\"name\":\"Produits\",\"item\":\"https:\\\/\\\/egidimadeinitaly.com\\\/fr\\\/shop\\\/\"},{\"@type\":\"ListItem\",\"position\":3,\"name\":\"Sculpture\",\"item\":\"https:\\\/\\\/egidimadeinitaly.com\\\/fr\\\/product-category\\\/sculpture-fr-2\\\/\"},{\"@type\":\"ListItem\",\"position\":4,\"name\":\"Sculpture ancienne\",\"item\":\"https:\\\/\\\/egidimadeinitaly.com\\\/fr\\\/product-category\\\/sculpture-fr-2\\\/sculpture-ancienne-fr\\\/\"},{\"@type\":\"ListItem\",\"position\":5,\"name\":\"Bongiovanni et Vaccaro Terre Cuite\"}]},{\"@type\":\"WebSite\",\"@id\":\"https:\\\/\\\/egidimadeinitaly.com\\\/fr\\\/#website\",\"url\":\"https:\\\/\\\/egidimadeinitaly.com\\\/fr\\\/\",\"name\":\"Egidi MadeinItaly\",\"description\":\"Fine Art\",\"potentialAction\":[{\"@type\":\"SearchAction\",\"target\":{\"@type\":\"EntryPoint\",\"urlTemplate\":\"https:\\\/\\\/egidimadeinitaly.com\\\/fr\\\/?s={search_term_string}\"},\"query-input\":{\"@type\":\"PropertyValueSpecification\",\"valueRequired\":true,\"valueName\":\"search_term_string\"}}],\"inLanguage\":\"fr-FR\"}]}<\/script>\n<!-- \/ Yoast SEO Premium plugin. -->","yoast_head_json":{"title":"Bongiovanni et Vaccaro Terre Cuite - Egidi MadeinItaly","description":"Terre cuite Polychrome fin du XIXe Si\u00e8cle sign\u00e9e Bongiovanni et Vaccaro repr\u00e9sentant une Paysanne en Vente sur Egidi MadeinItaly Ecommerce","robots":{"index":"index","follow":"follow","max-snippet":"max-snippet:-1","max-image-preview":"max-image-preview:large","max-video-preview":"max-video-preview:-1"},"canonical":"https:\/\/egidimadeinitaly.com\/fr\/produit\/sculpture-fr-2\/sculpture-ancienne-fr\/bongiovanni-et-vaccaro-terre-cuite\/","og_locale":"fr_FR","og_type":"article","og_title":"Bongiovanni et Vaccaro Terre Cuite","og_description":"Statuette en terre cuite polychrome repr\u00e9sentant une paysanne en costume traditionnel de Vizzini (Sicile).  &nbsp;","og_url":"https:\/\/egidimadeinitaly.com\/fr\/produit\/sculpture-fr-2\/sculpture-ancienne-fr\/bongiovanni-et-vaccaro-terre-cuite\/","og_site_name":"Egidi MadeinItaly","article_publisher":"https:\/\/www.facebook.com\/egidimadeinitaly\/","article_modified_time":"2025-01-14T15:39:40+00:00","og_image":[{"width":320,"height":214,"url":"https:\/\/egidimadeinitaly.com\/wp-content\/uploads\/2020\/08\/7CAB2BBB-5730-4821-B1F4-C9709A39256E.jpeg","type":"image\/jpeg"}],"schema":{"@context":"https:\/\/schema.org","@graph":[{"@type":"WebPage","@id":"https:\/\/egidimadeinitaly.com\/fr\/negozio\/sculpture-fr-2\/sculpture-ancienne-fr\/bongiovanni-et-vaccaro-terre-cuite\/","url":"https:\/\/egidimadeinitaly.com\/fr\/produit\/sculpture-fr-2\/sculpture-ancienne-fr\/bongiovanni-et-vaccaro-terre-cuite\/","name":"Bongiovanni et Vaccaro Terre Cuite - Egidi MadeinItaly","isPartOf":{"@id":"https:\/\/egidimadeinitaly.com\/fr\/#website"},"primaryImageOfPage":{"@id":"https:\/\/egidimadeinitaly.com\/fr\/produit\/sculpture-fr-2\/sculpture-ancienne-fr\/bongiovanni-et-vaccaro-terre-cuite\/#primaryimage"},"image":{"@id":"https:\/\/egidimadeinitaly.com\/fr\/produit\/sculpture-fr-2\/sculpture-ancienne-fr\/bongiovanni-et-vaccaro-terre-cuite\/#primaryimage"},"thumbnailUrl":"https:\/\/egidimadeinitaly.com\/v25\/wp-content\/uploads\/2020\/08\/7CAB2BBB-5730-4821-B1F4-C9709A39256E.jpeg","datePublished":"2021-01-17T15:11:11+00:00","dateModified":"2025-01-14T15:39:40+00:00","description":"Terre cuite Polychrome fin du XIXe Si\u00e8cle sign\u00e9e Bongiovanni et Vaccaro repr\u00e9sentant une Paysanne en Vente sur Egidi MadeinItaly Ecommerce","breadcrumb":{"@id":"https:\/\/egidimadeinitaly.com\/fr\/produit\/sculpture-fr-2\/sculpture-ancienne-fr\/bongiovanni-et-vaccaro-terre-cuite\/#breadcrumb"},"inLanguage":"fr-FR","potentialAction":[{"@type":"ReadAction","target":["https:\/\/egidimadeinitaly.com\/fr\/produit\/sculpture-fr-2\/sculpture-ancienne-fr\/bongiovanni-et-vaccaro-terre-cuite\/"]}]},{"@type":"ImageObject","inLanguage":"fr-FR","@id":"https:\/\/egidimadeinitaly.com\/fr\/produit\/sculpture-fr-2\/sculpture-ancienne-fr\/bongiovanni-et-vaccaro-terre-cuite\/#primaryimage","url":"https:\/\/egidimadeinitaly.com\/v25\/wp-content\/uploads\/2020\/08\/7CAB2BBB-5730-4821-B1F4-C9709A39256E.jpeg","contentUrl":"https:\/\/egidimadeinitaly.com\/v25\/wp-content\/uploads\/2020\/08\/7CAB2BBB-5730-4821-B1F4-C9709A39256E.jpeg","width":320,"height":214,"caption":"Sculpture\u00a0Terre Cuite Polychrome Bongiovanni et Vaccaro Caltagirone"},{"@type":"BreadcrumbList","@id":"https:\/\/egidimadeinitaly.com\/fr\/produit\/sculpture-fr-2\/sculpture-ancienne-fr\/bongiovanni-et-vaccaro-terre-cuite\/#breadcrumb","itemListElement":[{"@type":"ListItem","position":1,"name":"Home","item":"https:\/\/egidimadeinitaly.com\/fr\/"},{"@type":"ListItem","position":2,"name":"Produits","item":"https:\/\/egidimadeinitaly.com\/fr\/shop\/"},{"@type":"ListItem","position":3,"name":"Sculpture","item":"https:\/\/egidimadeinitaly.com\/fr\/product-category\/sculpture-fr-2\/"},{"@type":"ListItem","position":4,"name":"Sculpture ancienne","item":"https:\/\/egidimadeinitaly.com\/fr\/product-category\/sculpture-fr-2\/sculpture-ancienne-fr\/"},{"@type":"ListItem","position":5,"name":"Bongiovanni et Vaccaro Terre Cuite"}]},{"@type":"WebSite","@id":"https:\/\/egidimadeinitaly.com\/fr\/#website","url":"https:\/\/egidimadeinitaly.com\/fr\/","name":"Egidi MadeinItaly","description":"Fine Art","potentialAction":[{"@type":"SearchAction","target":{"@type":"EntryPoint","urlTemplate":"https:\/\/egidimadeinitaly.com\/fr\/?s={search_term_string}"},"query-input":{"@type":"PropertyValueSpecification","valueRequired":true,"valueName":"search_term_string"}}],"inLanguage":"fr-FR"}]}},"_links":{"self":[{"href":"https:\/\/egidimadeinitaly.com\/fr\/wp-json\/wp\/v2\/product\/92274","targetHints":{"allow":["GET"]}}],"collection":[{"href":"https:\/\/egidimadeinitaly.com\/fr\/wp-json\/wp\/v2\/product"}],"about":[{"href":"https:\/\/egidimadeinitaly.com\/fr\/wp-json\/wp\/v2\/types\/product"}],"wp:featuredmedia":[{"embeddable":true,"href":"https:\/\/egidimadeinitaly.com\/fr\/wp-json\/wp\/v2\/media\/92270"}],"wp:attachment":[{"href":"https:\/\/egidimadeinitaly.com\/fr\/wp-json\/wp\/v2\/media?parent=92274"}],"wp:term":[{"taxonomy":"product_brand","embeddable":true,"href":"https:\/\/egidimadeinitaly.com\/fr\/wp-json\/wp\/v2\/product_brand?post=92274"},{"taxonomy":"product_cat","embeddable":true,"href":"https:\/\/egidimadeinitaly.com\/fr\/wp-json\/wp\/v2\/product_cat?post=92274"},{"taxonomy":"product_tag","embeddable":true,"href":"https:\/\/egidimadeinitaly.com\/fr\/wp-json\/wp\/v2\/product_tag?post=92274"}],"curies":[{"name":"wp","href":"https:\/\/api.w.org\/{rel}","templated":true}]}}