{"id":92036,"date":"2020-09-28T09:10:12","date_gmt":"2020-09-28T08:10:12","guid":{"rendered":"https:\/\/egidimadeinitaly.com\/ecomsite\/?post_type=product&#038;p=92036"},"modified":"2022-07-16T20:05:05","modified_gmt":"2022-07-16T20:05:05","slug":"buste-en-platre-italien-xix-siecle-empereur-hadrien","status":"publish","type":"product","link":"https:\/\/egidimadeinitaly.com\/fr\/negozio\/sculpture-fr-2\/sculpture-ancienne-fr\/buste-en-platre-italien-xix-siecle-empereur-hadrien\/","title":{"rendered":"Buste en Pl\u00e2tre Empereur Hadrien"},"content":{"rendered":"<p>Objet provenant de la collection priv\u00e9e d\u2019un atelier d\u2019artiste. En parfait \u00e9tat.<\/p>\n<p>&nbsp;<\/p>\n<p>&nbsp;<\/p>\n","protected":false},"excerpt":{"rendered":"<p>Buste en pl\u00e2tre n\u00e9oclassique de l\u2019empereur Hadrien. Italie, XIXe si\u00e8cle<\/p>\n","protected":false},"featured_media":0,"template":"","meta":{"_acf_changed":false},"product_brand":[],"product_cat":[6417,6419],"product_tag":[2729,2573,5306],"class_list":{"0":"post-92036","1":"product","2":"type-product","3":"status-publish","5":"product_cat-sculpture-fr-2","6":"product_cat-sculpture-ancienne-fr","7":"product_tag-bustes","8":"product_tag-grand-tour-fr","9":"product_tag-objets-de-collection","10":"product_shipping_class-dhl-fr","12":"first","13":"outofstock","14":"shipping-taxable","15":"product-type-simple"},"acf":[],"yoast_head":"<!-- This site is optimized with the Yoast SEO Premium plugin v27.4 (Yoast SEO v27.5) - https:\/\/yoast.com\/product\/yoast-seo-premium-wordpress\/ -->\n<title>Buste en Pl\u00e2tre Empereur Hadrien - Egidi MadeinItaly<\/title>\n<meta name=\"description\" content=\"Buste en pl\u00e2tre dans le go\u00fbt n\u00e9oclassique repr\u00e9sentant l\u2019empereur romain Hadrienen vente sur Egidi MadeinItaly Objets de Collection\" \/>\n<meta name=\"robots\" content=\"index, follow, max-snippet:-1, max-image-preview:large, max-video-preview:-1\" \/>\n<link rel=\"canonical\" href=\"https:\/\/egidimadeinitaly.com\/fr\/negozio\/sculpture-fr-2\/sculpture-ancienne-fr\/buste-en-platre-italien-xix-siecle-empereur-hadrien\/\" \/>\n<meta property=\"og:locale\" content=\"fr_FR\" \/>\n<meta property=\"og:type\" content=\"article\" \/>\n<meta property=\"og:title\" content=\"Buste en Pl\u00e2tre Empereur Hadrien\" \/>\n<meta property=\"og:description\" content=\"Buste en pl\u00e2tre n\u00e9oclassique de l\u2019empereur Hadrien. Italie, XIXe si\u00e8cle\" \/>\n<meta property=\"og:url\" content=\"https:\/\/egidimadeinitaly.com\/fr\/negozio\/sculpture-fr-2\/sculpture-ancienne-fr\/buste-en-platre-italien-xix-siecle-empereur-hadrien\/\" \/>\n<meta property=\"og:site_name\" content=\"Egidi MadeinItaly\" \/>\n<meta property=\"article:publisher\" content=\"https:\/\/www.facebook.com\/egidimadeinitaly\/\" \/>\n<meta property=\"article:modified_time\" content=\"2022-07-16T20:05:05+00:00\" \/>\n<script type=\"application\/ld+json\" class=\"yoast-schema-graph\">{\"@context\":\"https:\\\/\\\/schema.org\",\"@graph\":[{\"@type\":\"WebPage\",\"@id\":\"https:\\\/\\\/egidimadeinitaly.com\\\/fr\\\/negozio\\\/sculpture-fr-2\\\/sculpture-ancienne-fr\\\/buste-en-platre-italien-xix-siecle-empereur-hadrien\\\/\",\"url\":\"https:\\\/\\\/egidimadeinitaly.com\\\/fr\\\/negozio\\\/sculpture-fr-2\\\/sculpture-ancienne-fr\\\/buste-en-platre-italien-xix-siecle-empereur-hadrien\\\/\",\"name\":\"Buste en Pl\u00e2tre Empereur Hadrien - Egidi MadeinItaly\",\"isPartOf\":{\"@id\":\"https:\\\/\\\/egidimadeinitaly.com\\\/fr\\\/#website\"},\"datePublished\":\"2020-09-28T08:10:12+00:00\",\"dateModified\":\"2022-07-16T20:05:05+00:00\",\"description\":\"Buste en pl\u00e2tre dans le go\u00fbt n\u00e9oclassique repr\u00e9sentant l\u2019empereur romain Hadrienen vente sur Egidi MadeinItaly Objets de Collection\",\"breadcrumb\":{\"@id\":\"https:\\\/\\\/egidimadeinitaly.com\\\/fr\\\/negozio\\\/sculpture-fr-2\\\/sculpture-ancienne-fr\\\/buste-en-platre-italien-xix-siecle-empereur-hadrien\\\/#breadcrumb\"},\"inLanguage\":\"fr-FR\",\"potentialAction\":[{\"@type\":\"ReadAction\",\"target\":[\"https:\\\/\\\/egidimadeinitaly.com\\\/fr\\\/negozio\\\/sculpture-fr-2\\\/sculpture-ancienne-fr\\\/buste-en-platre-italien-xix-siecle-empereur-hadrien\\\/\"]}]},{\"@type\":\"BreadcrumbList\",\"@id\":\"https:\\\/\\\/egidimadeinitaly.com\\\/fr\\\/negozio\\\/sculpture-fr-2\\\/sculpture-ancienne-fr\\\/buste-en-platre-italien-xix-siecle-empereur-hadrien\\\/#breadcrumb\",\"itemListElement\":[{\"@type\":\"ListItem\",\"position\":1,\"name\":\"Home\",\"item\":\"https:\\\/\\\/egidimadeinitaly.com\\\/fr\\\/\"},{\"@type\":\"ListItem\",\"position\":2,\"name\":\"Produits\",\"item\":\"https:\\\/\\\/egidimadeinitaly.com\\\/fr\\\/shop\\\/\"},{\"@type\":\"ListItem\",\"position\":3,\"name\":\"Sculpture\",\"item\":\"https:\\\/\\\/egidimadeinitaly.com\\\/fr\\\/product-category\\\/sculpture-fr-2\\\/\"},{\"@type\":\"ListItem\",\"position\":4,\"name\":\"Sculpture ancienne\",\"item\":\"https:\\\/\\\/egidimadeinitaly.com\\\/fr\\\/product-category\\\/sculpture-fr-2\\\/sculpture-ancienne-fr\\\/\"},{\"@type\":\"ListItem\",\"position\":5,\"name\":\"Buste en Pl\u00e2tre Empereur Hadrien\"}]},{\"@type\":\"WebSite\",\"@id\":\"https:\\\/\\\/egidimadeinitaly.com\\\/fr\\\/#website\",\"url\":\"https:\\\/\\\/egidimadeinitaly.com\\\/fr\\\/\",\"name\":\"Egidi MadeinItaly\",\"description\":\"Fine Art\",\"potentialAction\":[{\"@type\":\"SearchAction\",\"target\":{\"@type\":\"EntryPoint\",\"urlTemplate\":\"https:\\\/\\\/egidimadeinitaly.com\\\/fr\\\/?s={search_term_string}\"},\"query-input\":{\"@type\":\"PropertyValueSpecification\",\"valueRequired\":true,\"valueName\":\"search_term_string\"}}],\"inLanguage\":\"fr-FR\"}]}<\/script>\n<!-- \/ Yoast SEO Premium plugin. -->","yoast_head_json":{"title":"Buste en Pl\u00e2tre Empereur Hadrien - Egidi MadeinItaly","description":"Buste en pl\u00e2tre dans le go\u00fbt n\u00e9oclassique repr\u00e9sentant l\u2019empereur romain Hadrienen vente sur Egidi MadeinItaly Objets de Collection","robots":{"index":"index","follow":"follow","max-snippet":"max-snippet:-1","max-image-preview":"max-image-preview:large","max-video-preview":"max-video-preview:-1"},"canonical":"https:\/\/egidimadeinitaly.com\/fr\/negozio\/sculpture-fr-2\/sculpture-ancienne-fr\/buste-en-platre-italien-xix-siecle-empereur-hadrien\/","og_locale":"fr_FR","og_type":"article","og_title":"Buste en Pl\u00e2tre Empereur Hadrien","og_description":"Buste en pl\u00e2tre n\u00e9oclassique de l\u2019empereur Hadrien. Italie, XIXe si\u00e8cle","og_url":"https:\/\/egidimadeinitaly.com\/fr\/negozio\/sculpture-fr-2\/sculpture-ancienne-fr\/buste-en-platre-italien-xix-siecle-empereur-hadrien\/","og_site_name":"Egidi MadeinItaly","article_publisher":"https:\/\/www.facebook.com\/egidimadeinitaly\/","article_modified_time":"2022-07-16T20:05:05+00:00","schema":{"@context":"https:\/\/schema.org","@graph":[{"@type":"WebPage","@id":"https:\/\/egidimadeinitaly.com\/fr\/negozio\/sculpture-fr-2\/sculpture-ancienne-fr\/buste-en-platre-italien-xix-siecle-empereur-hadrien\/","url":"https:\/\/egidimadeinitaly.com\/fr\/negozio\/sculpture-fr-2\/sculpture-ancienne-fr\/buste-en-platre-italien-xix-siecle-empereur-hadrien\/","name":"Buste en Pl\u00e2tre Empereur Hadrien - Egidi MadeinItaly","isPartOf":{"@id":"https:\/\/egidimadeinitaly.com\/fr\/#website"},"datePublished":"2020-09-28T08:10:12+00:00","dateModified":"2022-07-16T20:05:05+00:00","description":"Buste en pl\u00e2tre dans le go\u00fbt n\u00e9oclassique repr\u00e9sentant l\u2019empereur romain Hadrienen vente sur Egidi MadeinItaly Objets de Collection","breadcrumb":{"@id":"https:\/\/egidimadeinitaly.com\/fr\/negozio\/sculpture-fr-2\/sculpture-ancienne-fr\/buste-en-platre-italien-xix-siecle-empereur-hadrien\/#breadcrumb"},"inLanguage":"fr-FR","potentialAction":[{"@type":"ReadAction","target":["https:\/\/egidimadeinitaly.com\/fr\/negozio\/sculpture-fr-2\/sculpture-ancienne-fr\/buste-en-platre-italien-xix-siecle-empereur-hadrien\/"]}]},{"@type":"BreadcrumbList","@id":"https:\/\/egidimadeinitaly.com\/fr\/negozio\/sculpture-fr-2\/sculpture-ancienne-fr\/buste-en-platre-italien-xix-siecle-empereur-hadrien\/#breadcrumb","itemListElement":[{"@type":"ListItem","position":1,"name":"Home","item":"https:\/\/egidimadeinitaly.com\/fr\/"},{"@type":"ListItem","position":2,"name":"Produits","item":"https:\/\/egidimadeinitaly.com\/fr\/shop\/"},{"@type":"ListItem","position":3,"name":"Sculpture","item":"https:\/\/egidimadeinitaly.com\/fr\/product-category\/sculpture-fr-2\/"},{"@type":"ListItem","position":4,"name":"Sculpture ancienne","item":"https:\/\/egidimadeinitaly.com\/fr\/product-category\/sculpture-fr-2\/sculpture-ancienne-fr\/"},{"@type":"ListItem","position":5,"name":"Buste en Pl\u00e2tre Empereur Hadrien"}]},{"@type":"WebSite","@id":"https:\/\/egidimadeinitaly.com\/fr\/#website","url":"https:\/\/egidimadeinitaly.com\/fr\/","name":"Egidi MadeinItaly","description":"Fine Art","potentialAction":[{"@type":"SearchAction","target":{"@type":"EntryPoint","urlTemplate":"https:\/\/egidimadeinitaly.com\/fr\/?s={search_term_string}"},"query-input":{"@type":"PropertyValueSpecification","valueRequired":true,"valueName":"search_term_string"}}],"inLanguage":"fr-FR"}]}},"_links":{"self":[{"href":"https:\/\/egidimadeinitaly.com\/fr\/wp-json\/wp\/v2\/product\/92036","targetHints":{"allow":["GET"]}}],"collection":[{"href":"https:\/\/egidimadeinitaly.com\/fr\/wp-json\/wp\/v2\/product"}],"about":[{"href":"https:\/\/egidimadeinitaly.com\/fr\/wp-json\/wp\/v2\/types\/product"}],"wp:attachment":[{"href":"https:\/\/egidimadeinitaly.com\/fr\/wp-json\/wp\/v2\/media?parent=92036"}],"wp:term":[{"taxonomy":"product_brand","embeddable":true,"href":"https:\/\/egidimadeinitaly.com\/fr\/wp-json\/wp\/v2\/product_brand?post=92036"},{"taxonomy":"product_cat","embeddable":true,"href":"https:\/\/egidimadeinitaly.com\/fr\/wp-json\/wp\/v2\/product_cat?post=92036"},{"taxonomy":"product_tag","embeddable":true,"href":"https:\/\/egidimadeinitaly.com\/fr\/wp-json\/wp\/v2\/product_tag?post=92036"}],"curies":[{"name":"wp","href":"https:\/\/api.w.org\/{rel}","templated":true}]}}