{"id":91745,"date":"2020-06-27T12:21:54","date_gmt":"2020-06-27T11:21:54","guid":{"rendered":"https:\/\/egidimadeinitaly.com\/ecomsite\/negozio\/non%20class\u00e9\/mortier-en-bronze-dore-avec-pilon\/"},"modified":"2024-12-03T15:24:34","modified_gmt":"2024-12-03T14:24:34","slug":"mortier-en-bronze-dore-avec-pilon","status":"publish","type":"product","link":"https:\/\/egidimadeinitaly.com\/fr\/negozio\/objets-dart\/objets-dart-anciens-fr\/mortier-en-bronze-dore-avec-pilon\/","title":{"rendered":"Mortier en Bronze Dor\u00e9 avec Pilon"},"content":{"rendered":"<p>Mortier en bronze dor\u00e9, lisse de forme cylindrique avec goulot \u00e9largi et pilon d\u2019origine.<\/p>\n<p>Italie, XVIIIe si\u00e8cle<\/p>\n<p>En me penchant un peu sur l\u2019origine du mortier, j\u2019ai d\u00e9couvert que dans le Livre des Nombres et dans le Livre des Proverbes, qui font tous deux partie de la Bible, on parle d\u00e9j\u00e0 de cet ustensile qui \u00e9tait couramment utilis\u00e9 pour piler, broyer, concasser des graines, des poudres et des coquilles.<\/p>\n<blockquote><p>\u00ab <em>Le peuple se dispersait pour la ramasser [la manne], puis il la broyait avec des meules, ou la pilait dans un mortier ; il la cuisait ensuite au pot, et en faisait des pains plats. Elle avait le go\u00fbt d\u2019un pain \u00e0 l\u2019huile.<\/em> \u00bb. (Nombres 11:8)<\/p>\n<p>\u00ab <em>M\u00eame si tu pilais l\u2019insens\u00e9 dans un mortier avec un pilon comme on pile le grain, tu ne parviendrais pas \u00e0 en d\u00e9tacher sa sottise<\/em>. \u00bb (Proverbes 27:22)<\/p><\/blockquote>\n<p>&nbsp;<\/p>\n<p><strong>\u00a0<\/strong><\/p>\n","protected":false},"excerpt":{"rendered":"<p>Mortier en bronze dor\u00e9 avec\u00a0pilon d\u2019origine<\/p>\n","protected":false},"featured_media":91351,"template":"","meta":{"_acf_changed":false},"product_brand":[],"product_cat":[6406,6492],"product_tag":[5419,1324,5306,1319],"class_list":{"0":"post-91745","1":"product","2":"type-product","3":"status-publish","4":"has-post-thumbnail","6":"product_cat-objets-dart-anciens-fr","7":"product_cat-objets-dart","8":"product_tag-accessoires-de-bureau","9":"product_tag-bronzes-fr","10":"product_tag-objets-de-collection","11":"product_tag-or-fr","12":"product_shipping_class-dhl-fr","14":"first","15":"outofstock","16":"taxable","17":"shipping-taxable","18":"product-type-simple"},"acf":[],"yoast_head":"<!-- This site is optimized with the Yoast SEO Premium plugin v27.3 (Yoast SEO v27.4) - https:\/\/yoast.com\/product\/yoast-seo-premium-wordpress\/ -->\n<title>Mortier en Bronze Dor\u00e9 avec Pilon - Egidi MadeinItaly<\/title>\n<meta name=\"description\" content=\"Mortier en bronze dor\u00e9 avec pilon d\u2019origine un objet raffin\u00e9 et de collection pour votre biblioth\u00e8que. Exclusivement sur Egidi MadeinItaly\" \/>\n<meta name=\"robots\" content=\"index, follow, max-snippet:-1, max-image-preview:large, max-video-preview:-1\" \/>\n<link rel=\"canonical\" href=\"https:\/\/egidimadeinitaly.com\/fr\/produit\/objets-dart\/objets-dart-anciens-fr\/mortier-en-bronze-dore-avec-pilon\/\" \/>\n<meta property=\"og:locale\" content=\"fr_FR\" \/>\n<meta property=\"og:type\" content=\"article\" \/>\n<meta property=\"og:title\" content=\"Mortier en Bronze Dor\u00e9 avec Pilon\" \/>\n<meta property=\"og:description\" content=\"Mortier en bronze dor\u00e9 avec\u00a0pilon d\u2019origine\" \/>\n<meta property=\"og:url\" content=\"https:\/\/egidimadeinitaly.com\/fr\/produit\/objets-dart\/objets-dart-anciens-fr\/mortier-en-bronze-dore-avec-pilon\/\" \/>\n<meta property=\"og:site_name\" content=\"Egidi MadeinItaly\" \/>\n<meta property=\"article:publisher\" content=\"https:\/\/www.facebook.com\/egidimadeinitaly\/\" \/>\n<meta property=\"article:modified_time\" content=\"2024-12-03T14:24:34+00:00\" \/>\n<meta property=\"og:image\" content=\"https:\/\/egidimadeinitaly.com\/wp-content\/uploads\/2020\/06\/mortaio_2-scaled-e1722255670775.jpg\" \/>\n\t<meta property=\"og:image:width\" content=\"900\" \/>\n\t<meta property=\"og:image:height\" content=\"900\" \/>\n\t<meta property=\"og:image:type\" content=\"image\/jpeg\" \/>\n<script type=\"application\/ld+json\" class=\"yoast-schema-graph\">{\"@context\":\"https:\\\/\\\/schema.org\",\"@graph\":[{\"@type\":\"WebPage\",\"@id\":\"https:\\\/\\\/egidimadeinitaly.com\\\/fr\\\/negozio\\\/objets-dart\\\/objets-dart-anciens-fr\\\/mortier-en-bronze-dore-avec-pilon\\\/\",\"url\":\"https:\\\/\\\/egidimadeinitaly.com\\\/fr\\\/produit\\\/objets-dart\\\/objets-dart-anciens-fr\\\/mortier-en-bronze-dore-avec-pilon\\\/\",\"name\":\"Mortier en Bronze Dor\u00e9 avec Pilon - Egidi MadeinItaly\",\"isPartOf\":{\"@id\":\"https:\\\/\\\/egidimadeinitaly.com\\\/fr\\\/#website\"},\"primaryImageOfPage\":{\"@id\":\"https:\\\/\\\/egidimadeinitaly.com\\\/fr\\\/produit\\\/objets-dart\\\/objets-dart-anciens-fr\\\/mortier-en-bronze-dore-avec-pilon\\\/#primaryimage\"},\"image\":{\"@id\":\"https:\\\/\\\/egidimadeinitaly.com\\\/fr\\\/produit\\\/objets-dart\\\/objets-dart-anciens-fr\\\/mortier-en-bronze-dore-avec-pilon\\\/#primaryimage\"},\"thumbnailUrl\":\"https:\\\/\\\/egidimadeinitaly.com\\\/v25\\\/wp-content\\\/uploads\\\/2020\\\/06\\\/mortaio_2-scaled-e1722255670775.jpg\",\"datePublished\":\"2020-06-27T11:21:54+00:00\",\"dateModified\":\"2024-12-03T14:24:34+00:00\",\"description\":\"Mortier en bronze dor\u00e9 avec pilon d\u2019origine un objet raffin\u00e9 et de collection pour votre biblioth\u00e8que. Exclusivement sur Egidi MadeinItaly\",\"breadcrumb\":{\"@id\":\"https:\\\/\\\/egidimadeinitaly.com\\\/fr\\\/produit\\\/objets-dart\\\/objets-dart-anciens-fr\\\/mortier-en-bronze-dore-avec-pilon\\\/#breadcrumb\"},\"inLanguage\":\"fr-FR\",\"potentialAction\":[{\"@type\":\"ReadAction\",\"target\":[\"https:\\\/\\\/egidimadeinitaly.com\\\/fr\\\/produit\\\/objets-dart\\\/objets-dart-anciens-fr\\\/mortier-en-bronze-dore-avec-pilon\\\/\"]}]},{\"@type\":\"ImageObject\",\"inLanguage\":\"fr-FR\",\"@id\":\"https:\\\/\\\/egidimadeinitaly.com\\\/fr\\\/produit\\\/objets-dart\\\/objets-dart-anciens-fr\\\/mortier-en-bronze-dore-avec-pilon\\\/#primaryimage\",\"url\":\"https:\\\/\\\/egidimadeinitaly.com\\\/v25\\\/wp-content\\\/uploads\\\/2020\\\/06\\\/mortaio_2-scaled-e1722255670775.jpg\",\"contentUrl\":\"https:\\\/\\\/egidimadeinitaly.com\\\/v25\\\/wp-content\\\/uploads\\\/2020\\\/06\\\/mortaio_2-scaled-e1722255670775.jpg\",\"width\":900,\"height\":900,\"caption\":\"Mortier en Bronze Dor\u00e9 avec Pilon\"},{\"@type\":\"BreadcrumbList\",\"@id\":\"https:\\\/\\\/egidimadeinitaly.com\\\/fr\\\/produit\\\/objets-dart\\\/objets-dart-anciens-fr\\\/mortier-en-bronze-dore-avec-pilon\\\/#breadcrumb\",\"itemListElement\":[{\"@type\":\"ListItem\",\"position\":1,\"name\":\"Home\",\"item\":\"https:\\\/\\\/egidimadeinitaly.com\\\/fr\\\/\"},{\"@type\":\"ListItem\",\"position\":2,\"name\":\"Produits\",\"item\":\"https:\\\/\\\/egidimadeinitaly.com\\\/fr\\\/shop\\\/\"},{\"@type\":\"ListItem\",\"position\":3,\"name\":\"Objets d\u2019art\",\"item\":\"https:\\\/\\\/egidimadeinitaly.com\\\/fr\\\/product-category\\\/objets-dart\\\/\"},{\"@type\":\"ListItem\",\"position\":4,\"name\":\"Objets d'art anciens\",\"item\":\"https:\\\/\\\/egidimadeinitaly.com\\\/fr\\\/product-category\\\/objets-dart\\\/objets-dart-anciens-fr\\\/\"},{\"@type\":\"ListItem\",\"position\":5,\"name\":\"Mortier en Bronze Dor\u00e9 avec Pilon\"}]},{\"@type\":\"WebSite\",\"@id\":\"https:\\\/\\\/egidimadeinitaly.com\\\/fr\\\/#website\",\"url\":\"https:\\\/\\\/egidimadeinitaly.com\\\/fr\\\/\",\"name\":\"Egidi MadeinItaly\",\"description\":\"Fine Art\",\"potentialAction\":[{\"@type\":\"SearchAction\",\"target\":{\"@type\":\"EntryPoint\",\"urlTemplate\":\"https:\\\/\\\/egidimadeinitaly.com\\\/fr\\\/?s={search_term_string}\"},\"query-input\":{\"@type\":\"PropertyValueSpecification\",\"valueRequired\":true,\"valueName\":\"search_term_string\"}}],\"inLanguage\":\"fr-FR\"}]}<\/script>\n<!-- \/ Yoast SEO Premium plugin. -->","yoast_head_json":{"title":"Mortier en Bronze Dor\u00e9 avec Pilon - Egidi MadeinItaly","description":"Mortier en bronze dor\u00e9 avec pilon d\u2019origine un objet raffin\u00e9 et de collection pour votre biblioth\u00e8que. Exclusivement sur Egidi MadeinItaly","robots":{"index":"index","follow":"follow","max-snippet":"max-snippet:-1","max-image-preview":"max-image-preview:large","max-video-preview":"max-video-preview:-1"},"canonical":"https:\/\/egidimadeinitaly.com\/fr\/produit\/objets-dart\/objets-dart-anciens-fr\/mortier-en-bronze-dore-avec-pilon\/","og_locale":"fr_FR","og_type":"article","og_title":"Mortier en Bronze Dor\u00e9 avec Pilon","og_description":"Mortier en bronze dor\u00e9 avec\u00a0pilon d\u2019origine","og_url":"https:\/\/egidimadeinitaly.com\/fr\/produit\/objets-dart\/objets-dart-anciens-fr\/mortier-en-bronze-dore-avec-pilon\/","og_site_name":"Egidi MadeinItaly","article_publisher":"https:\/\/www.facebook.com\/egidimadeinitaly\/","article_modified_time":"2024-12-03T14:24:34+00:00","og_image":[{"width":900,"height":900,"url":"https:\/\/egidimadeinitaly.com\/wp-content\/uploads\/2020\/06\/mortaio_2-scaled-e1722255670775.jpg","type":"image\/jpeg"}],"schema":{"@context":"https:\/\/schema.org","@graph":[{"@type":"WebPage","@id":"https:\/\/egidimadeinitaly.com\/fr\/negozio\/objets-dart\/objets-dart-anciens-fr\/mortier-en-bronze-dore-avec-pilon\/","url":"https:\/\/egidimadeinitaly.com\/fr\/produit\/objets-dart\/objets-dart-anciens-fr\/mortier-en-bronze-dore-avec-pilon\/","name":"Mortier en Bronze Dor\u00e9 avec Pilon - Egidi MadeinItaly","isPartOf":{"@id":"https:\/\/egidimadeinitaly.com\/fr\/#website"},"primaryImageOfPage":{"@id":"https:\/\/egidimadeinitaly.com\/fr\/produit\/objets-dart\/objets-dart-anciens-fr\/mortier-en-bronze-dore-avec-pilon\/#primaryimage"},"image":{"@id":"https:\/\/egidimadeinitaly.com\/fr\/produit\/objets-dart\/objets-dart-anciens-fr\/mortier-en-bronze-dore-avec-pilon\/#primaryimage"},"thumbnailUrl":"https:\/\/egidimadeinitaly.com\/v25\/wp-content\/uploads\/2020\/06\/mortaio_2-scaled-e1722255670775.jpg","datePublished":"2020-06-27T11:21:54+00:00","dateModified":"2024-12-03T14:24:34+00:00","description":"Mortier en bronze dor\u00e9 avec pilon d\u2019origine un objet raffin\u00e9 et de collection pour votre biblioth\u00e8que. Exclusivement sur Egidi MadeinItaly","breadcrumb":{"@id":"https:\/\/egidimadeinitaly.com\/fr\/produit\/objets-dart\/objets-dart-anciens-fr\/mortier-en-bronze-dore-avec-pilon\/#breadcrumb"},"inLanguage":"fr-FR","potentialAction":[{"@type":"ReadAction","target":["https:\/\/egidimadeinitaly.com\/fr\/produit\/objets-dart\/objets-dart-anciens-fr\/mortier-en-bronze-dore-avec-pilon\/"]}]},{"@type":"ImageObject","inLanguage":"fr-FR","@id":"https:\/\/egidimadeinitaly.com\/fr\/produit\/objets-dart\/objets-dart-anciens-fr\/mortier-en-bronze-dore-avec-pilon\/#primaryimage","url":"https:\/\/egidimadeinitaly.com\/v25\/wp-content\/uploads\/2020\/06\/mortaio_2-scaled-e1722255670775.jpg","contentUrl":"https:\/\/egidimadeinitaly.com\/v25\/wp-content\/uploads\/2020\/06\/mortaio_2-scaled-e1722255670775.jpg","width":900,"height":900,"caption":"Mortier en Bronze Dor\u00e9 avec Pilon"},{"@type":"BreadcrumbList","@id":"https:\/\/egidimadeinitaly.com\/fr\/produit\/objets-dart\/objets-dart-anciens-fr\/mortier-en-bronze-dore-avec-pilon\/#breadcrumb","itemListElement":[{"@type":"ListItem","position":1,"name":"Home","item":"https:\/\/egidimadeinitaly.com\/fr\/"},{"@type":"ListItem","position":2,"name":"Produits","item":"https:\/\/egidimadeinitaly.com\/fr\/shop\/"},{"@type":"ListItem","position":3,"name":"Objets d\u2019art","item":"https:\/\/egidimadeinitaly.com\/fr\/product-category\/objets-dart\/"},{"@type":"ListItem","position":4,"name":"Objets d'art anciens","item":"https:\/\/egidimadeinitaly.com\/fr\/product-category\/objets-dart\/objets-dart-anciens-fr\/"},{"@type":"ListItem","position":5,"name":"Mortier en Bronze Dor\u00e9 avec Pilon"}]},{"@type":"WebSite","@id":"https:\/\/egidimadeinitaly.com\/fr\/#website","url":"https:\/\/egidimadeinitaly.com\/fr\/","name":"Egidi MadeinItaly","description":"Fine Art","potentialAction":[{"@type":"SearchAction","target":{"@type":"EntryPoint","urlTemplate":"https:\/\/egidimadeinitaly.com\/fr\/?s={search_term_string}"},"query-input":{"@type":"PropertyValueSpecification","valueRequired":true,"valueName":"search_term_string"}}],"inLanguage":"fr-FR"}]}},"_links":{"self":[{"href":"https:\/\/egidimadeinitaly.com\/fr\/wp-json\/wp\/v2\/product\/91745","targetHints":{"allow":["GET"]}}],"collection":[{"href":"https:\/\/egidimadeinitaly.com\/fr\/wp-json\/wp\/v2\/product"}],"about":[{"href":"https:\/\/egidimadeinitaly.com\/fr\/wp-json\/wp\/v2\/types\/product"}],"wp:featuredmedia":[{"embeddable":true,"href":"https:\/\/egidimadeinitaly.com\/fr\/wp-json\/wp\/v2\/media\/91351"}],"wp:attachment":[{"href":"https:\/\/egidimadeinitaly.com\/fr\/wp-json\/wp\/v2\/media?parent=91745"}],"wp:term":[{"taxonomy":"product_brand","embeddable":true,"href":"https:\/\/egidimadeinitaly.com\/fr\/wp-json\/wp\/v2\/product_brand?post=91745"},{"taxonomy":"product_cat","embeddable":true,"href":"https:\/\/egidimadeinitaly.com\/fr\/wp-json\/wp\/v2\/product_cat?post=91745"},{"taxonomy":"product_tag","embeddable":true,"href":"https:\/\/egidimadeinitaly.com\/fr\/wp-json\/wp\/v2\/product_tag?post=91745"}],"curies":[{"name":"wp","href":"https:\/\/api.w.org\/{rel}","templated":true}]}}