{"id":91580,"date":"2020-07-08T17:34:07","date_gmt":"2020-07-08T16:34:07","guid":{"rendered":"https:\/\/egidimadeinitaly.com\/ecomsite\/?post_type=product&#038;p=91580"},"modified":"2024-07-29T08:41:45","modified_gmt":"2024-07-29T07:41:45","slug":"bibliotheque-en-laiton-dore","status":"publish","type":"product","link":"https:\/\/egidimadeinitaly.com\/fr\/negozio\/objets-dart\/objets-dart-modernes\/bibliotheque-en-laiton-dore\/","title":{"rendered":"Biblioth\u00e8que en Laiton Dor\u00e9"},"content":{"rendered":"<p>Biblioth\u00e8que en laiton certifi\u00e9 par Romeo Rega. Cette dor\u00e9 a \u00e9t\u00e9 dessin\u00e9e et fabriqu\u00e9e par <strong>Romeo Rega<\/strong> au d\u00e9but des ann\u00e9es 1970.<\/p>\n<p>Elle est agr\u00e9ment\u00e9e d\u2019un d\u00e9tail important : sa structure est form\u00e9e d\u2019\u00e9tag\u00e8res en laiton dor\u00e9.<\/p>\n<p>La disposition des \u00e9tag\u00e8res est con\u00e7ue pour offrir une capacit\u00e9 maximale. La structure permet d\u2019avoir pas moins de 14 \u00e9tag\u00e8res de pr\u00e9sentation.<\/p>\n<p>Le verre noir de chaque \u00e9tag\u00e8re est d\u2019origine.<\/p>\n<p><strong>Elle peut \u00eatre\u00a0 utilis\u00e9e dans une pi\u00e8ce comme meuble central ou comme s\u00e9paration<\/strong> entre deux espaces ou simplement accroch\u00e9e au mur.<\/p>\n<p>&nbsp;<\/p>\n","protected":false},"excerpt":{"rendered":"<p><strong>Biblioth\u00e8que en laiton<\/strong>\u00a0dessin\u00e9e et fabriqu\u00e9e par <strong>Romeo Rega<\/strong><\/p>\n","protected":false},"featured_media":91551,"template":"","meta":{"_acf_changed":false},"product_brand":[],"product_cat":[6412,6492],"product_tag":[5422,1254],"class_list":{"0":"post-91580","1":"product","2":"type-product","3":"status-publish","4":"has-post-thumbnail","6":"product_cat-objets-dart-modernes","7":"product_cat-objets-dart","8":"product_tag-annees-70","9":"product_tag-design-italien-fr","10":"product_shipping_class-dhl-fr","12":"first","13":"outofstock","14":"taxable","15":"shipping-taxable","16":"product-type-simple"},"acf":[],"yoast_head":"<!-- This site is optimized with the Yoast SEO Premium plugin v27.3 (Yoast SEO v27.4) - https:\/\/yoast.com\/product\/yoast-seo-premium-wordpress\/ -->\n<title>Biblioth\u00e8que en Laiton Dor\u00e9 - Egidi MadeinItaly<\/title>\n<meta name=\"description\" content=\"Grande Biblioth\u00e8que certifi\u00e9 par Romeo Rega Laiton Dor\u00e9 et plateau en verre noir Achetez Design Vintage original chez Egidi MadeinItaty\" \/>\n<meta name=\"robots\" content=\"index, follow, max-snippet:-1, max-image-preview:large, max-video-preview:-1\" \/>\n<link rel=\"canonical\" href=\"https:\/\/egidimadeinitaly.com\/fr\/negozio\/objets-dart\/objets-dart-modernes\/bibliotheque-en-laiton-dore\/\" \/>\n<meta property=\"og:locale\" content=\"fr_FR\" \/>\n<meta property=\"og:type\" content=\"article\" \/>\n<meta property=\"og:title\" content=\"Biblioth\u00e8que en Laiton Dor\u00e9\" \/>\n<meta property=\"og:description\" content=\"Biblioth\u00e8que en laiton\u00a0dessin\u00e9e et fabriqu\u00e9e par Romeo Rega\" \/>\n<meta property=\"og:url\" content=\"https:\/\/egidimadeinitaly.com\/fr\/negozio\/objets-dart\/objets-dart-modernes\/bibliotheque-en-laiton-dore\/\" \/>\n<meta property=\"og:site_name\" content=\"Egidi MadeinItaly\" \/>\n<meta property=\"article:publisher\" content=\"https:\/\/www.facebook.com\/egidimadeinitaly\/\" \/>\n<meta property=\"article:modified_time\" content=\"2024-07-29T07:41:45+00:00\" \/>\n<meta property=\"og:image\" content=\"https:\/\/egidimadeinitaly.com\/wp-content\/uploads\/2020\/07\/23048F9B-D183-4202-A49E-457DB4941A97-scaled-e1723319974398.jpeg\" \/>\n\t<meta property=\"og:image:width\" content=\"2560\" \/>\n\t<meta property=\"og:image:height\" content=\"2391\" \/>\n\t<meta property=\"og:image:type\" content=\"image\/jpeg\" \/>\n<script type=\"application\/ld+json\" class=\"yoast-schema-graph\">{\"@context\":\"https:\\\/\\\/schema.org\",\"@graph\":[{\"@type\":\"WebPage\",\"@id\":\"https:\\\/\\\/egidimadeinitaly.com\\\/fr\\\/negozio\\\/objets-dart\\\/objets-dart-modernes\\\/bibliotheque-en-laiton-dore\\\/\",\"url\":\"https:\\\/\\\/egidimadeinitaly.com\\\/fr\\\/negozio\\\/objets-dart\\\/objets-dart-modernes\\\/bibliotheque-en-laiton-dore\\\/\",\"name\":\"Biblioth\u00e8que en Laiton Dor\u00e9 - Egidi MadeinItaly\",\"isPartOf\":{\"@id\":\"https:\\\/\\\/egidimadeinitaly.com\\\/fr\\\/#website\"},\"primaryImageOfPage\":{\"@id\":\"https:\\\/\\\/egidimadeinitaly.com\\\/fr\\\/negozio\\\/objets-dart\\\/objets-dart-modernes\\\/bibliotheque-en-laiton-dore\\\/#primaryimage\"},\"image\":{\"@id\":\"https:\\\/\\\/egidimadeinitaly.com\\\/fr\\\/negozio\\\/objets-dart\\\/objets-dart-modernes\\\/bibliotheque-en-laiton-dore\\\/#primaryimage\"},\"thumbnailUrl\":\"https:\\\/\\\/egidimadeinitaly.com\\\/v25\\\/wp-content\\\/uploads\\\/2020\\\/07\\\/23048F9B-D183-4202-A49E-457DB4941A97-scaled-e1723319974398.jpeg\",\"datePublished\":\"2020-07-08T16:34:07+00:00\",\"dateModified\":\"2024-07-29T07:41:45+00:00\",\"description\":\"Grande Biblioth\u00e8que certifi\u00e9 par Romeo Rega Laiton Dor\u00e9 et plateau en verre noir Achetez Design Vintage original chez Egidi MadeinItaty\",\"breadcrumb\":{\"@id\":\"https:\\\/\\\/egidimadeinitaly.com\\\/fr\\\/negozio\\\/objets-dart\\\/objets-dart-modernes\\\/bibliotheque-en-laiton-dore\\\/#breadcrumb\"},\"inLanguage\":\"fr-FR\",\"potentialAction\":[{\"@type\":\"ReadAction\",\"target\":[\"https:\\\/\\\/egidimadeinitaly.com\\\/fr\\\/negozio\\\/objets-dart\\\/objets-dart-modernes\\\/bibliotheque-en-laiton-dore\\\/\"]}]},{\"@type\":\"ImageObject\",\"inLanguage\":\"fr-FR\",\"@id\":\"https:\\\/\\\/egidimadeinitaly.com\\\/fr\\\/negozio\\\/objets-dart\\\/objets-dart-modernes\\\/bibliotheque-en-laiton-dore\\\/#primaryimage\",\"url\":\"https:\\\/\\\/egidimadeinitaly.com\\\/v25\\\/wp-content\\\/uploads\\\/2020\\\/07\\\/23048F9B-D183-4202-A49E-457DB4941A97-scaled-e1723319974398.jpeg\",\"contentUrl\":\"https:\\\/\\\/egidimadeinitaly.com\\\/v25\\\/wp-content\\\/uploads\\\/2020\\\/07\\\/23048F9B-D183-4202-A49E-457DB4941A97-scaled-e1723319974398.jpeg\",\"width\":2560,\"height\":2391,\"caption\":\"Etagere Italienne en Cristal Noir et Laiton Ann\u00e8es 70 par Romeo Rega\"},{\"@type\":\"BreadcrumbList\",\"@id\":\"https:\\\/\\\/egidimadeinitaly.com\\\/fr\\\/negozio\\\/objets-dart\\\/objets-dart-modernes\\\/bibliotheque-en-laiton-dore\\\/#breadcrumb\",\"itemListElement\":[{\"@type\":\"ListItem\",\"position\":1,\"name\":\"Home\",\"item\":\"https:\\\/\\\/egidimadeinitaly.com\\\/fr\\\/\"},{\"@type\":\"ListItem\",\"position\":2,\"name\":\"Produits\",\"item\":\"https:\\\/\\\/egidimadeinitaly.com\\\/fr\\\/shop\\\/\"},{\"@type\":\"ListItem\",\"position\":3,\"name\":\"Objets d\u2019art\",\"item\":\"https:\\\/\\\/egidimadeinitaly.com\\\/fr\\\/product-category\\\/objets-dart\\\/\"},{\"@type\":\"ListItem\",\"position\":4,\"name\":\"Objets d'art modernes\",\"item\":\"https:\\\/\\\/egidimadeinitaly.com\\\/fr\\\/product-category\\\/objets-dart\\\/objets-dart-modernes\\\/\"},{\"@type\":\"ListItem\",\"position\":5,\"name\":\"Biblioth\u00e8que en Laiton Dor\u00e9\"}]},{\"@type\":\"WebSite\",\"@id\":\"https:\\\/\\\/egidimadeinitaly.com\\\/fr\\\/#website\",\"url\":\"https:\\\/\\\/egidimadeinitaly.com\\\/fr\\\/\",\"name\":\"Egidi MadeinItaly\",\"description\":\"Fine Art\",\"potentialAction\":[{\"@type\":\"SearchAction\",\"target\":{\"@type\":\"EntryPoint\",\"urlTemplate\":\"https:\\\/\\\/egidimadeinitaly.com\\\/fr\\\/?s={search_term_string}\"},\"query-input\":{\"@type\":\"PropertyValueSpecification\",\"valueRequired\":true,\"valueName\":\"search_term_string\"}}],\"inLanguage\":\"fr-FR\"}]}<\/script>\n<!-- \/ Yoast SEO Premium plugin. -->","yoast_head_json":{"title":"Biblioth\u00e8que en Laiton Dor\u00e9 - Egidi MadeinItaly","description":"Grande Biblioth\u00e8que certifi\u00e9 par Romeo Rega Laiton Dor\u00e9 et plateau en verre noir Achetez Design Vintage original chez Egidi MadeinItaty","robots":{"index":"index","follow":"follow","max-snippet":"max-snippet:-1","max-image-preview":"max-image-preview:large","max-video-preview":"max-video-preview:-1"},"canonical":"https:\/\/egidimadeinitaly.com\/fr\/negozio\/objets-dart\/objets-dart-modernes\/bibliotheque-en-laiton-dore\/","og_locale":"fr_FR","og_type":"article","og_title":"Biblioth\u00e8que en Laiton Dor\u00e9","og_description":"Biblioth\u00e8que en laiton\u00a0dessin\u00e9e et fabriqu\u00e9e par Romeo Rega","og_url":"https:\/\/egidimadeinitaly.com\/fr\/negozio\/objets-dart\/objets-dart-modernes\/bibliotheque-en-laiton-dore\/","og_site_name":"Egidi MadeinItaly","article_publisher":"https:\/\/www.facebook.com\/egidimadeinitaly\/","article_modified_time":"2024-07-29T07:41:45+00:00","og_image":[{"width":2560,"height":2391,"url":"https:\/\/egidimadeinitaly.com\/wp-content\/uploads\/2020\/07\/23048F9B-D183-4202-A49E-457DB4941A97-scaled-e1723319974398.jpeg","type":"image\/jpeg"}],"schema":{"@context":"https:\/\/schema.org","@graph":[{"@type":"WebPage","@id":"https:\/\/egidimadeinitaly.com\/fr\/negozio\/objets-dart\/objets-dart-modernes\/bibliotheque-en-laiton-dore\/","url":"https:\/\/egidimadeinitaly.com\/fr\/negozio\/objets-dart\/objets-dart-modernes\/bibliotheque-en-laiton-dore\/","name":"Biblioth\u00e8que en Laiton Dor\u00e9 - Egidi MadeinItaly","isPartOf":{"@id":"https:\/\/egidimadeinitaly.com\/fr\/#website"},"primaryImageOfPage":{"@id":"https:\/\/egidimadeinitaly.com\/fr\/negozio\/objets-dart\/objets-dart-modernes\/bibliotheque-en-laiton-dore\/#primaryimage"},"image":{"@id":"https:\/\/egidimadeinitaly.com\/fr\/negozio\/objets-dart\/objets-dart-modernes\/bibliotheque-en-laiton-dore\/#primaryimage"},"thumbnailUrl":"https:\/\/egidimadeinitaly.com\/v25\/wp-content\/uploads\/2020\/07\/23048F9B-D183-4202-A49E-457DB4941A97-scaled-e1723319974398.jpeg","datePublished":"2020-07-08T16:34:07+00:00","dateModified":"2024-07-29T07:41:45+00:00","description":"Grande Biblioth\u00e8que certifi\u00e9 par Romeo Rega Laiton Dor\u00e9 et plateau en verre noir Achetez Design Vintage original chez Egidi MadeinItaty","breadcrumb":{"@id":"https:\/\/egidimadeinitaly.com\/fr\/negozio\/objets-dart\/objets-dart-modernes\/bibliotheque-en-laiton-dore\/#breadcrumb"},"inLanguage":"fr-FR","potentialAction":[{"@type":"ReadAction","target":["https:\/\/egidimadeinitaly.com\/fr\/negozio\/objets-dart\/objets-dart-modernes\/bibliotheque-en-laiton-dore\/"]}]},{"@type":"ImageObject","inLanguage":"fr-FR","@id":"https:\/\/egidimadeinitaly.com\/fr\/negozio\/objets-dart\/objets-dart-modernes\/bibliotheque-en-laiton-dore\/#primaryimage","url":"https:\/\/egidimadeinitaly.com\/v25\/wp-content\/uploads\/2020\/07\/23048F9B-D183-4202-A49E-457DB4941A97-scaled-e1723319974398.jpeg","contentUrl":"https:\/\/egidimadeinitaly.com\/v25\/wp-content\/uploads\/2020\/07\/23048F9B-D183-4202-A49E-457DB4941A97-scaled-e1723319974398.jpeg","width":2560,"height":2391,"caption":"Etagere Italienne en Cristal Noir et Laiton Ann\u00e8es 70 par Romeo Rega"},{"@type":"BreadcrumbList","@id":"https:\/\/egidimadeinitaly.com\/fr\/negozio\/objets-dart\/objets-dart-modernes\/bibliotheque-en-laiton-dore\/#breadcrumb","itemListElement":[{"@type":"ListItem","position":1,"name":"Home","item":"https:\/\/egidimadeinitaly.com\/fr\/"},{"@type":"ListItem","position":2,"name":"Produits","item":"https:\/\/egidimadeinitaly.com\/fr\/shop\/"},{"@type":"ListItem","position":3,"name":"Objets d\u2019art","item":"https:\/\/egidimadeinitaly.com\/fr\/product-category\/objets-dart\/"},{"@type":"ListItem","position":4,"name":"Objets d'art modernes","item":"https:\/\/egidimadeinitaly.com\/fr\/product-category\/objets-dart\/objets-dart-modernes\/"},{"@type":"ListItem","position":5,"name":"Biblioth\u00e8que en Laiton Dor\u00e9"}]},{"@type":"WebSite","@id":"https:\/\/egidimadeinitaly.com\/fr\/#website","url":"https:\/\/egidimadeinitaly.com\/fr\/","name":"Egidi MadeinItaly","description":"Fine Art","potentialAction":[{"@type":"SearchAction","target":{"@type":"EntryPoint","urlTemplate":"https:\/\/egidimadeinitaly.com\/fr\/?s={search_term_string}"},"query-input":{"@type":"PropertyValueSpecification","valueRequired":true,"valueName":"search_term_string"}}],"inLanguage":"fr-FR"}]}},"_links":{"self":[{"href":"https:\/\/egidimadeinitaly.com\/fr\/wp-json\/wp\/v2\/product\/91580","targetHints":{"allow":["GET"]}}],"collection":[{"href":"https:\/\/egidimadeinitaly.com\/fr\/wp-json\/wp\/v2\/product"}],"about":[{"href":"https:\/\/egidimadeinitaly.com\/fr\/wp-json\/wp\/v2\/types\/product"}],"wp:featuredmedia":[{"embeddable":true,"href":"https:\/\/egidimadeinitaly.com\/fr\/wp-json\/wp\/v2\/media\/91551"}],"wp:attachment":[{"href":"https:\/\/egidimadeinitaly.com\/fr\/wp-json\/wp\/v2\/media?parent=91580"}],"wp:term":[{"taxonomy":"product_brand","embeddable":true,"href":"https:\/\/egidimadeinitaly.com\/fr\/wp-json\/wp\/v2\/product_brand?post=91580"},{"taxonomy":"product_cat","embeddable":true,"href":"https:\/\/egidimadeinitaly.com\/fr\/wp-json\/wp\/v2\/product_cat?post=91580"},{"taxonomy":"product_tag","embeddable":true,"href":"https:\/\/egidimadeinitaly.com\/fr\/wp-json\/wp\/v2\/product_tag?post=91580"}],"curies":[{"name":"wp","href":"https:\/\/api.w.org\/{rel}","templated":true}]}}