{"id":90950,"date":"2020-09-14T08:33:31","date_gmt":"2020-09-14T07:33:31","guid":{"rendered":"https:\/\/egidimadeinitaly.com\/ecomsite\/?post_type=product&#038;p=90950"},"modified":"2022-06-01T09:53:19","modified_gmt":"2022-06-01T09:53:19","slug":"peinture-japonaise-a-lencre","status":"publish","type":"product","link":"https:\/\/egidimadeinitaly.com\/fr\/negozio\/art-ancien\/peinture-japonaise-a-lencre\/","title":{"rendered":"Peinture Japonaise \u00e0 l&rsquo;encre"},"content":{"rendered":"<p>Probablement<span style=\"font-family: Helvetica, serif;\">\u00a0\u00a0<\/span>d&rsquo;apr\u00e8s l&rsquo;oeuvre Tosa Naiki (1666-1750) du poet Ki no Tsurayuki\u00a0<span style=\"font-family: Liberation Sans;\"><span style=\"font-family: MS Mincho;\">\u7d00\u8cab\u4e4b <\/span><\/span>(872-945)<\/p>\n<p>Japon, \u00e9poque Edo, XVIIIe si\u00e8cle.<\/p>\n<p>Encadr\u00e9s sous verre avec cadre dor\u00e9e.<\/p>\n<p>&nbsp;<\/p>\n","protected":false},"excerpt":{"rendered":"<p>Encre et rehauts de couleur et paillettes d\u2019or sur papier , repr\u00e9sentant des <strong>Shogu<\/strong> sur une terrasse.<\/p>\n","protected":false},"featured_media":122254,"template":"","meta":{"_acf_changed":false},"product_brand":[],"product_cat":[6374],"product_tag":[3831,5361],"class_list":{"0":"post-90950","1":"product","2":"type-product","3":"status-publish","4":"has-post-thumbnail","6":"product_cat-art-ancien","7":"product_tag-art-japonais","8":"product_tag-decoration-murale","9":"product_shipping_class-dhl-fr","11":"first","12":"outofstock","13":"taxable","14":"shipping-taxable","15":"product-type-simple"},"acf":[],"yoast_head":"<!-- This site is optimized with the Yoast SEO Premium plugin v27.3 (Yoast SEO v27.4) - https:\/\/yoast.com\/product\/yoast-seo-premium-wordpress\/ -->\n<title>Peinture Japonaise \u00e0 l&#039;encre - Egidi MadeinItaly<\/title>\n<meta name=\"description\" content=\"Acheter cette Peinture \u00e0 l&#039;encre japonaise Ecole de Tosa de la p\u00e9riode Edo repr\u00e9sentant des Shogu en vente sur Egidi MadeinItaly\" \/>\n<meta name=\"robots\" content=\"index, follow, max-snippet:-1, max-image-preview:large, max-video-preview:-1\" \/>\n<link rel=\"canonical\" href=\"https:\/\/egidimadeinitaly.com\/fr\/negozio\/art-ancien\/peinture-japonaise-a-lencre\/\" \/>\n<meta property=\"og:locale\" content=\"fr_FR\" \/>\n<meta property=\"og:type\" content=\"article\" \/>\n<meta property=\"og:title\" content=\"Peinture Japonaise \u00e0 l&#039;encre\" \/>\n<meta property=\"og:description\" content=\"Encre et rehauts de couleur et paillettes d\u2019or sur papier , repr\u00e9sentant des Shogu sur une terrasse.\" \/>\n<meta property=\"og:url\" content=\"https:\/\/egidimadeinitaly.com\/fr\/negozio\/art-ancien\/peinture-japonaise-a-lencre\/\" \/>\n<meta property=\"og:site_name\" content=\"Egidi MadeinItaly\" \/>\n<meta property=\"article:publisher\" content=\"https:\/\/www.facebook.com\/egidimadeinitaly\/\" \/>\n<meta property=\"article:modified_time\" content=\"2022-06-01T09:53:19+00:00\" \/>\n<meta property=\"og:image\" content=\"https:\/\/egidimadeinitaly.com\/wp-content\/uploads\/2020\/06\/edo_norm_1-scaled-e1670852903936.jpg\" \/>\n\t<meta property=\"og:image:width\" content=\"1024\" \/>\n\t<meta property=\"og:image:height\" content=\"684\" \/>\n\t<meta property=\"og:image:type\" content=\"image\/jpeg\" \/>\n<script type=\"application\/ld+json\" class=\"yoast-schema-graph\">{\"@context\":\"https:\\\/\\\/schema.org\",\"@graph\":[{\"@type\":\"WebPage\",\"@id\":\"https:\\\/\\\/egidimadeinitaly.com\\\/fr\\\/negozio\\\/art-ancien\\\/peinture-japonaise-a-lencre\\\/\",\"url\":\"https:\\\/\\\/egidimadeinitaly.com\\\/fr\\\/negozio\\\/art-ancien\\\/peinture-japonaise-a-lencre\\\/\",\"name\":\"Peinture Japonaise \u00e0 l'encre - Egidi MadeinItaly\",\"isPartOf\":{\"@id\":\"https:\\\/\\\/egidimadeinitaly.com\\\/fr\\\/#website\"},\"primaryImageOfPage\":{\"@id\":\"https:\\\/\\\/egidimadeinitaly.com\\\/fr\\\/negozio\\\/art-ancien\\\/peinture-japonaise-a-lencre\\\/#primaryimage\"},\"image\":{\"@id\":\"https:\\\/\\\/egidimadeinitaly.com\\\/fr\\\/negozio\\\/art-ancien\\\/peinture-japonaise-a-lencre\\\/#primaryimage\"},\"thumbnailUrl\":\"https:\\\/\\\/egidimadeinitaly.com\\\/v25\\\/wp-content\\\/uploads\\\/2020\\\/06\\\/edo_norm_1-scaled-e1670852903936.jpg\",\"datePublished\":\"2020-09-14T07:33:31+00:00\",\"dateModified\":\"2022-06-01T09:53:19+00:00\",\"description\":\"Acheter cette Peinture \u00e0 l'encre japonaise Ecole de Tosa de la p\u00e9riode Edo repr\u00e9sentant des Shogu en vente sur Egidi MadeinItaly\",\"breadcrumb\":{\"@id\":\"https:\\\/\\\/egidimadeinitaly.com\\\/fr\\\/negozio\\\/art-ancien\\\/peinture-japonaise-a-lencre\\\/#breadcrumb\"},\"inLanguage\":\"fr-FR\",\"potentialAction\":[{\"@type\":\"ReadAction\",\"target\":[\"https:\\\/\\\/egidimadeinitaly.com\\\/fr\\\/negozio\\\/art-ancien\\\/peinture-japonaise-a-lencre\\\/\"]}]},{\"@type\":\"ImageObject\",\"inLanguage\":\"fr-FR\",\"@id\":\"https:\\\/\\\/egidimadeinitaly.com\\\/fr\\\/negozio\\\/art-ancien\\\/peinture-japonaise-a-lencre\\\/#primaryimage\",\"url\":\"https:\\\/\\\/egidimadeinitaly.com\\\/v25\\\/wp-content\\\/uploads\\\/2020\\\/06\\\/edo_norm_1-scaled-e1670852903936.jpg\",\"contentUrl\":\"https:\\\/\\\/egidimadeinitaly.com\\\/v25\\\/wp-content\\\/uploads\\\/2020\\\/06\\\/edo_norm_1-scaled-e1670852903936.jpg\",\"width\":1024,\"height\":684,\"caption\":\"Quadro Giapponese Epoca Edo\"},{\"@type\":\"BreadcrumbList\",\"@id\":\"https:\\\/\\\/egidimadeinitaly.com\\\/fr\\\/negozio\\\/art-ancien\\\/peinture-japonaise-a-lencre\\\/#breadcrumb\",\"itemListElement\":[{\"@type\":\"ListItem\",\"position\":1,\"name\":\"Home\",\"item\":\"https:\\\/\\\/egidimadeinitaly.com\\\/fr\\\/\"},{\"@type\":\"ListItem\",\"position\":2,\"name\":\"Produits\",\"item\":\"https:\\\/\\\/egidimadeinitaly.com\\\/fr\\\/shop\\\/\"},{\"@type\":\"ListItem\",\"position\":3,\"name\":\"Art ancien\",\"item\":\"https:\\\/\\\/egidimadeinitaly.com\\\/fr\\\/product-category\\\/art-ancien\\\/\"},{\"@type\":\"ListItem\",\"position\":4,\"name\":\"\u0152uvres anciennes sur papier\",\"item\":\"https:\\\/\\\/egidimadeinitaly.com\\\/fr\\\/product-category\\\/art-ancien\\\/oeuvres-anciennes-sur-papier-fr\\\/\"},{\"@type\":\"ListItem\",\"position\":5,\"name\":\"Peinture Japonaise \u00e0 l&rsquo;encre\"}]},{\"@type\":\"WebSite\",\"@id\":\"https:\\\/\\\/egidimadeinitaly.com\\\/fr\\\/#website\",\"url\":\"https:\\\/\\\/egidimadeinitaly.com\\\/fr\\\/\",\"name\":\"Egidi MadeinItaly\",\"description\":\"Fine Art\",\"potentialAction\":[{\"@type\":\"SearchAction\",\"target\":{\"@type\":\"EntryPoint\",\"urlTemplate\":\"https:\\\/\\\/egidimadeinitaly.com\\\/fr\\\/?s={search_term_string}\"},\"query-input\":{\"@type\":\"PropertyValueSpecification\",\"valueRequired\":true,\"valueName\":\"search_term_string\"}}],\"inLanguage\":\"fr-FR\"}]}<\/script>\n<!-- \/ Yoast SEO Premium plugin. -->","yoast_head_json":{"title":"Peinture Japonaise \u00e0 l'encre - Egidi MadeinItaly","description":"Acheter cette Peinture \u00e0 l'encre japonaise Ecole de Tosa de la p\u00e9riode Edo repr\u00e9sentant des Shogu en vente sur Egidi MadeinItaly","robots":{"index":"index","follow":"follow","max-snippet":"max-snippet:-1","max-image-preview":"max-image-preview:large","max-video-preview":"max-video-preview:-1"},"canonical":"https:\/\/egidimadeinitaly.com\/fr\/negozio\/art-ancien\/peinture-japonaise-a-lencre\/","og_locale":"fr_FR","og_type":"article","og_title":"Peinture Japonaise \u00e0 l'encre","og_description":"Encre et rehauts de couleur et paillettes d\u2019or sur papier , repr\u00e9sentant des Shogu sur une terrasse.","og_url":"https:\/\/egidimadeinitaly.com\/fr\/negozio\/art-ancien\/peinture-japonaise-a-lencre\/","og_site_name":"Egidi MadeinItaly","article_publisher":"https:\/\/www.facebook.com\/egidimadeinitaly\/","article_modified_time":"2022-06-01T09:53:19+00:00","og_image":[{"width":1024,"height":684,"url":"https:\/\/egidimadeinitaly.com\/wp-content\/uploads\/2020\/06\/edo_norm_1-scaled-e1670852903936.jpg","type":"image\/jpeg"}],"schema":{"@context":"https:\/\/schema.org","@graph":[{"@type":"WebPage","@id":"https:\/\/egidimadeinitaly.com\/fr\/negozio\/art-ancien\/peinture-japonaise-a-lencre\/","url":"https:\/\/egidimadeinitaly.com\/fr\/negozio\/art-ancien\/peinture-japonaise-a-lencre\/","name":"Peinture Japonaise \u00e0 l'encre - Egidi MadeinItaly","isPartOf":{"@id":"https:\/\/egidimadeinitaly.com\/fr\/#website"},"primaryImageOfPage":{"@id":"https:\/\/egidimadeinitaly.com\/fr\/negozio\/art-ancien\/peinture-japonaise-a-lencre\/#primaryimage"},"image":{"@id":"https:\/\/egidimadeinitaly.com\/fr\/negozio\/art-ancien\/peinture-japonaise-a-lencre\/#primaryimage"},"thumbnailUrl":"https:\/\/egidimadeinitaly.com\/v25\/wp-content\/uploads\/2020\/06\/edo_norm_1-scaled-e1670852903936.jpg","datePublished":"2020-09-14T07:33:31+00:00","dateModified":"2022-06-01T09:53:19+00:00","description":"Acheter cette Peinture \u00e0 l'encre japonaise Ecole de Tosa de la p\u00e9riode Edo repr\u00e9sentant des Shogu en vente sur Egidi MadeinItaly","breadcrumb":{"@id":"https:\/\/egidimadeinitaly.com\/fr\/negozio\/art-ancien\/peinture-japonaise-a-lencre\/#breadcrumb"},"inLanguage":"fr-FR","potentialAction":[{"@type":"ReadAction","target":["https:\/\/egidimadeinitaly.com\/fr\/negozio\/art-ancien\/peinture-japonaise-a-lencre\/"]}]},{"@type":"ImageObject","inLanguage":"fr-FR","@id":"https:\/\/egidimadeinitaly.com\/fr\/negozio\/art-ancien\/peinture-japonaise-a-lencre\/#primaryimage","url":"https:\/\/egidimadeinitaly.com\/v25\/wp-content\/uploads\/2020\/06\/edo_norm_1-scaled-e1670852903936.jpg","contentUrl":"https:\/\/egidimadeinitaly.com\/v25\/wp-content\/uploads\/2020\/06\/edo_norm_1-scaled-e1670852903936.jpg","width":1024,"height":684,"caption":"Quadro Giapponese Epoca Edo"},{"@type":"BreadcrumbList","@id":"https:\/\/egidimadeinitaly.com\/fr\/negozio\/art-ancien\/peinture-japonaise-a-lencre\/#breadcrumb","itemListElement":[{"@type":"ListItem","position":1,"name":"Home","item":"https:\/\/egidimadeinitaly.com\/fr\/"},{"@type":"ListItem","position":2,"name":"Produits","item":"https:\/\/egidimadeinitaly.com\/fr\/shop\/"},{"@type":"ListItem","position":3,"name":"Art ancien","item":"https:\/\/egidimadeinitaly.com\/fr\/product-category\/art-ancien\/"},{"@type":"ListItem","position":4,"name":"\u0152uvres anciennes sur papier","item":"https:\/\/egidimadeinitaly.com\/fr\/product-category\/art-ancien\/oeuvres-anciennes-sur-papier-fr\/"},{"@type":"ListItem","position":5,"name":"Peinture Japonaise \u00e0 l&rsquo;encre"}]},{"@type":"WebSite","@id":"https:\/\/egidimadeinitaly.com\/fr\/#website","url":"https:\/\/egidimadeinitaly.com\/fr\/","name":"Egidi MadeinItaly","description":"Fine Art","potentialAction":[{"@type":"SearchAction","target":{"@type":"EntryPoint","urlTemplate":"https:\/\/egidimadeinitaly.com\/fr\/?s={search_term_string}"},"query-input":{"@type":"PropertyValueSpecification","valueRequired":true,"valueName":"search_term_string"}}],"inLanguage":"fr-FR"}]}},"_links":{"self":[{"href":"https:\/\/egidimadeinitaly.com\/fr\/wp-json\/wp\/v2\/product\/90950","targetHints":{"allow":["GET"]}}],"collection":[{"href":"https:\/\/egidimadeinitaly.com\/fr\/wp-json\/wp\/v2\/product"}],"about":[{"href":"https:\/\/egidimadeinitaly.com\/fr\/wp-json\/wp\/v2\/types\/product"}],"wp:featuredmedia":[{"embeddable":true,"href":"https:\/\/egidimadeinitaly.com\/fr\/wp-json\/wp\/v2\/media\/122254"}],"wp:attachment":[{"href":"https:\/\/egidimadeinitaly.com\/fr\/wp-json\/wp\/v2\/media?parent=90950"}],"wp:term":[{"taxonomy":"product_brand","embeddable":true,"href":"https:\/\/egidimadeinitaly.com\/fr\/wp-json\/wp\/v2\/product_brand?post=90950"},{"taxonomy":"product_cat","embeddable":true,"href":"https:\/\/egidimadeinitaly.com\/fr\/wp-json\/wp\/v2\/product_cat?post=90950"},{"taxonomy":"product_tag","embeddable":true,"href":"https:\/\/egidimadeinitaly.com\/fr\/wp-json\/wp\/v2\/product_tag?post=90950"}],"curies":[{"name":"wp","href":"https:\/\/api.w.org\/{rel}","templated":true}]}}