{"id":90693,"date":"2020-05-30T15:31:27","date_gmt":"2020-05-30T14:31:27","guid":{"rendered":"https:\/\/egidimadeinitaly.com\/ecomsite\/?post_type=product&#038;p=90693"},"modified":"2022-11-28T11:22:38","modified_gmt":"2022-11-28T10:22:38","slug":"meuble-de-rangement-avec-ecritoire","status":"publish","type":"product","link":"https:\/\/egidimadeinitaly.com\/fr\/negozio\/objets-dart\/objets-dart-modernes\/meuble-de-rangement-avec-ecritoire\/","title":{"rendered":"Meuble de Rangement  avec \u00e9critoire"},"content":{"rendered":"<p>Meuble \u00e9critoire en teck de fabrication italienne des ann\u00e9es 1950<\/p>\n<p>En haut \u00e0 gauche, il pr\u00e9sente deux portes coulissantes en rotin tiss\u00e9 encadr\u00e9 d&rsquo;une moulure laqu\u00e9e marron fonc\u00e9.<\/p>\n<p>Toujours en haut du meuble, mais \u00e0 droite, s\u2019ouvre\u00a0 la partie \u00e9critoire rev\u00eatue de mani\u00e8re originale d\u2019une <strong>laque bleu de Prusse<\/strong>. L\u2019int\u00e9rieur abrite une \u00e9tag\u00e8re en bois.<\/p>\n<p>La partie basse pr\u00e9sente, \u00e0 droite, deux portes ouvrant sur un grand compartiment, et \u00e0 gauche, une s\u00e9rie de quatre tiroirs.<\/p>\n<p>Ce meuble original, allie beaut\u00e9, fonctionnalit\u00e9 et grande\u00a0 contenance.<\/p>\n","protected":false},"excerpt":{"rendered":"<p>Meuble \u00e9critoire en teck\u00a0des ann\u00e9es 1950<\/p>\n<p>&nbsp;<\/p>\n<p>&nbsp;<\/p>\n","protected":false},"featured_media":0,"template":"","meta":{"_acf_changed":false},"product_brand":[],"product_cat":[6377,6412],"product_tag":[1237,1254,5079],"class_list":{"0":"post-90693","1":"product","2":"type-product","3":"status-publish","5":"product_cat-art-moderne","6":"product_cat-objets-dart-modernes","7":"product_tag-annees-50","8":"product_tag-design-italien-fr","9":"product_tag-vintage-fr","10":"product_shipping_class-dhl-fr","12":"first","13":"outofstock","14":"taxable","15":"shipping-taxable","16":"product-type-simple"},"acf":[],"yoast_head":"<!-- This site is optimized with the Yoast SEO Premium plugin v27.5 (Yoast SEO v27.6) - https:\/\/yoast.com\/product\/yoast-seo-premium-wordpress\/ -->\n<title>Meuble de Rangement avec \u00e9critoire - Egidi MadeinItaly<\/title>\n<meta name=\"description\" content=\"Si vous souhaitez un meuble polyvalent et spacieux d&#039;une extr\u00eame beaut\u00e9 voici ce que vous cherchez Buffet Vintage italien des ann\u00e9es 50\" \/>\n<meta name=\"robots\" content=\"index, follow, max-snippet:-1, max-image-preview:large, max-video-preview:-1\" \/>\n<link rel=\"canonical\" href=\"https:\/\/egidimadeinitaly.com\/fr\/negozio\/objets-dart\/objets-dart-modernes\/meuble-de-rangement-avec-ecritoire\/\" \/>\n<meta property=\"og:locale\" content=\"fr_FR\" \/>\n<meta property=\"og:type\" content=\"article\" \/>\n<meta property=\"og:title\" content=\"Meuble de Rangement avec \u00e9critoire\" \/>\n<meta property=\"og:description\" content=\"Meuble \u00e9critoire en teck\u00a0des ann\u00e9es 1950  &nbsp;  &nbsp;\" \/>\n<meta property=\"og:url\" content=\"https:\/\/egidimadeinitaly.com\/fr\/negozio\/objets-dart\/objets-dart-modernes\/meuble-de-rangement-avec-ecritoire\/\" \/>\n<meta property=\"og:site_name\" content=\"Egidi MadeinItaly\" \/>\n<meta property=\"article:publisher\" content=\"https:\/\/www.facebook.com\/egidimadeinitaly\/\" \/>\n<meta property=\"article:modified_time\" content=\"2022-11-28T10:22:38+00:00\" \/>\n<script type=\"application\/ld+json\" class=\"yoast-schema-graph\">{\"@context\":\"https:\\\/\\\/schema.org\",\"@graph\":[{\"@type\":\"WebPage\",\"@id\":\"https:\\\/\\\/egidimadeinitaly.com\\\/fr\\\/negozio\\\/objets-dart\\\/objets-dart-modernes\\\/meuble-de-rangement-avec-ecritoire\\\/\",\"url\":\"https:\\\/\\\/egidimadeinitaly.com\\\/fr\\\/negozio\\\/objets-dart\\\/objets-dart-modernes\\\/meuble-de-rangement-avec-ecritoire\\\/\",\"name\":\"Meuble de Rangement avec \u00e9critoire - Egidi MadeinItaly\",\"isPartOf\":{\"@id\":\"https:\\\/\\\/egidimadeinitaly.com\\\/fr\\\/#website\"},\"datePublished\":\"2020-05-30T14:31:27+00:00\",\"dateModified\":\"2022-11-28T10:22:38+00:00\",\"description\":\"Si vous souhaitez un meuble polyvalent et spacieux d'une extr\u00eame beaut\u00e9 voici ce que vous cherchez Buffet Vintage italien des ann\u00e9es 50\",\"breadcrumb\":{\"@id\":\"https:\\\/\\\/egidimadeinitaly.com\\\/fr\\\/negozio\\\/objets-dart\\\/objets-dart-modernes\\\/meuble-de-rangement-avec-ecritoire\\\/#breadcrumb\"},\"inLanguage\":\"fr-FR\",\"potentialAction\":[{\"@type\":\"ReadAction\",\"target\":[\"https:\\\/\\\/egidimadeinitaly.com\\\/fr\\\/negozio\\\/objets-dart\\\/objets-dart-modernes\\\/meuble-de-rangement-avec-ecritoire\\\/\"]}]},{\"@type\":\"BreadcrumbList\",\"@id\":\"https:\\\/\\\/egidimadeinitaly.com\\\/fr\\\/negozio\\\/objets-dart\\\/objets-dart-modernes\\\/meuble-de-rangement-avec-ecritoire\\\/#breadcrumb\",\"itemListElement\":[{\"@type\":\"ListItem\",\"position\":1,\"name\":\"Home\",\"item\":\"https:\\\/\\\/egidimadeinitaly.com\\\/fr\\\/\"},{\"@type\":\"ListItem\",\"position\":2,\"name\":\"Produits\",\"item\":\"https:\\\/\\\/egidimadeinitaly.com\\\/fr\\\/shop\\\/\"},{\"@type\":\"ListItem\",\"position\":3,\"name\":\"Objets d\u2019art\",\"item\":\"https:\\\/\\\/egidimadeinitaly.com\\\/fr\\\/product-category\\\/objets-dart\\\/\"},{\"@type\":\"ListItem\",\"position\":4,\"name\":\"Objets d'art modernes\",\"item\":\"https:\\\/\\\/egidimadeinitaly.com\\\/fr\\\/product-category\\\/objets-dart\\\/objets-dart-modernes\\\/\"},{\"@type\":\"ListItem\",\"position\":5,\"name\":\"Meuble de Rangement avec \u00e9critoire\"}]},{\"@type\":\"WebSite\",\"@id\":\"https:\\\/\\\/egidimadeinitaly.com\\\/fr\\\/#website\",\"url\":\"https:\\\/\\\/egidimadeinitaly.com\\\/fr\\\/\",\"name\":\"Egidi MadeinItaly\",\"description\":\"Fine Art\",\"potentialAction\":[{\"@type\":\"SearchAction\",\"target\":{\"@type\":\"EntryPoint\",\"urlTemplate\":\"https:\\\/\\\/egidimadeinitaly.com\\\/fr\\\/?s={search_term_string}\"},\"query-input\":{\"@type\":\"PropertyValueSpecification\",\"valueRequired\":true,\"valueName\":\"search_term_string\"}}],\"inLanguage\":\"fr-FR\"}]}<\/script>\n<!-- \/ Yoast SEO Premium plugin. -->","yoast_head_json":{"title":"Meuble de Rangement avec \u00e9critoire - Egidi MadeinItaly","description":"Si vous souhaitez un meuble polyvalent et spacieux d'une extr\u00eame beaut\u00e9 voici ce que vous cherchez Buffet Vintage italien des ann\u00e9es 50","robots":{"index":"index","follow":"follow","max-snippet":"max-snippet:-1","max-image-preview":"max-image-preview:large","max-video-preview":"max-video-preview:-1"},"canonical":"https:\/\/egidimadeinitaly.com\/fr\/negozio\/objets-dart\/objets-dart-modernes\/meuble-de-rangement-avec-ecritoire\/","og_locale":"fr_FR","og_type":"article","og_title":"Meuble de Rangement avec \u00e9critoire","og_description":"Meuble \u00e9critoire en teck\u00a0des ann\u00e9es 1950  &nbsp;  &nbsp;","og_url":"https:\/\/egidimadeinitaly.com\/fr\/negozio\/objets-dart\/objets-dart-modernes\/meuble-de-rangement-avec-ecritoire\/","og_site_name":"Egidi MadeinItaly","article_publisher":"https:\/\/www.facebook.com\/egidimadeinitaly\/","article_modified_time":"2022-11-28T10:22:38+00:00","schema":{"@context":"https:\/\/schema.org","@graph":[{"@type":"WebPage","@id":"https:\/\/egidimadeinitaly.com\/fr\/negozio\/objets-dart\/objets-dart-modernes\/meuble-de-rangement-avec-ecritoire\/","url":"https:\/\/egidimadeinitaly.com\/fr\/negozio\/objets-dart\/objets-dart-modernes\/meuble-de-rangement-avec-ecritoire\/","name":"Meuble de Rangement avec \u00e9critoire - Egidi MadeinItaly","isPartOf":{"@id":"https:\/\/egidimadeinitaly.com\/fr\/#website"},"datePublished":"2020-05-30T14:31:27+00:00","dateModified":"2022-11-28T10:22:38+00:00","description":"Si vous souhaitez un meuble polyvalent et spacieux d'une extr\u00eame beaut\u00e9 voici ce que vous cherchez Buffet Vintage italien des ann\u00e9es 50","breadcrumb":{"@id":"https:\/\/egidimadeinitaly.com\/fr\/negozio\/objets-dart\/objets-dart-modernes\/meuble-de-rangement-avec-ecritoire\/#breadcrumb"},"inLanguage":"fr-FR","potentialAction":[{"@type":"ReadAction","target":["https:\/\/egidimadeinitaly.com\/fr\/negozio\/objets-dart\/objets-dart-modernes\/meuble-de-rangement-avec-ecritoire\/"]}]},{"@type":"BreadcrumbList","@id":"https:\/\/egidimadeinitaly.com\/fr\/negozio\/objets-dart\/objets-dart-modernes\/meuble-de-rangement-avec-ecritoire\/#breadcrumb","itemListElement":[{"@type":"ListItem","position":1,"name":"Home","item":"https:\/\/egidimadeinitaly.com\/fr\/"},{"@type":"ListItem","position":2,"name":"Produits","item":"https:\/\/egidimadeinitaly.com\/fr\/shop\/"},{"@type":"ListItem","position":3,"name":"Objets d\u2019art","item":"https:\/\/egidimadeinitaly.com\/fr\/product-category\/objets-dart\/"},{"@type":"ListItem","position":4,"name":"Objets d'art modernes","item":"https:\/\/egidimadeinitaly.com\/fr\/product-category\/objets-dart\/objets-dart-modernes\/"},{"@type":"ListItem","position":5,"name":"Meuble de Rangement avec \u00e9critoire"}]},{"@type":"WebSite","@id":"https:\/\/egidimadeinitaly.com\/fr\/#website","url":"https:\/\/egidimadeinitaly.com\/fr\/","name":"Egidi MadeinItaly","description":"Fine Art","potentialAction":[{"@type":"SearchAction","target":{"@type":"EntryPoint","urlTemplate":"https:\/\/egidimadeinitaly.com\/fr\/?s={search_term_string}"},"query-input":{"@type":"PropertyValueSpecification","valueRequired":true,"valueName":"search_term_string"}}],"inLanguage":"fr-FR"}]}},"_links":{"self":[{"href":"https:\/\/egidimadeinitaly.com\/fr\/wp-json\/wp\/v2\/product\/90693","targetHints":{"allow":["GET"]}}],"collection":[{"href":"https:\/\/egidimadeinitaly.com\/fr\/wp-json\/wp\/v2\/product"}],"about":[{"href":"https:\/\/egidimadeinitaly.com\/fr\/wp-json\/wp\/v2\/types\/product"}],"wp:attachment":[{"href":"https:\/\/egidimadeinitaly.com\/fr\/wp-json\/wp\/v2\/media?parent=90693"}],"wp:term":[{"taxonomy":"product_brand","embeddable":true,"href":"https:\/\/egidimadeinitaly.com\/fr\/wp-json\/wp\/v2\/product_brand?post=90693"},{"taxonomy":"product_cat","embeddable":true,"href":"https:\/\/egidimadeinitaly.com\/fr\/wp-json\/wp\/v2\/product_cat?post=90693"},{"taxonomy":"product_tag","embeddable":true,"href":"https:\/\/egidimadeinitaly.com\/fr\/wp-json\/wp\/v2\/product_tag?post=90693"}],"curies":[{"name":"wp","href":"https:\/\/api.w.org\/{rel}","templated":true}]}}