{"id":90373,"date":"2020-05-29T15:42:30","date_gmt":"2020-05-29T14:42:30","guid":{"rendered":"https:\/\/egidimadeinitaly.com\/ecomsite\/?post_type=product&#038;p=90373"},"modified":"2025-08-25T11:23:19","modified_gmt":"2025-08-25T10:23:19","slug":"ancienne-sculpture-chinoise-wei-tuo-pusa","status":"publish","type":"product","link":"https:\/\/egidimadeinitaly.com\/fr\/negozio\/sculpture-fr-2\/sculpture-ancienne-fr\/ancienne-sculpture-chinoise-wei-tuo-pusa\/","title":{"rendered":"Ancienne Sculpture Chinoise Wei Tuo Pusa"},"content":{"rendered":"<p>Cette figure en bois sculpt\u00e9, repr\u00e9sente la divinit\u00e9 bouddhiste <strong>Wei Tuo Pusa<\/strong>. La surface du bois est recouverte de pigment, de laque et de dorure.<\/p>\n<p>La figure dynamique repr\u00e9sente un guerrier debout avec une fi\u00e8re attitude royale, le bras gauche reposant sur le c\u00f4t\u00e9. Ses poings se sont ferm\u00e9s.<\/p>\n<p>Les jambes l\u00e9g\u00e8rement \u00e9cart\u00e9es donnent \u00e0 sa posture une rare fiert\u00e9. V\u00eatu d\u2019une armure sophistiqu\u00e9e et coiff\u00e9 d\u2019un casque.<\/p>\n<p>Au pied des chaussures importantes port\u00e9es avec majest\u00e9.<\/p>\n<p>Au dos, on peut voir un <strong>sceau en cire<\/strong> indiquant clairement l&rsquo;origine d&rsquo;une importante collection priv\u00e9e.<\/p>\n<p class=\"p1\"><span class=\"s1\"><strong>Wei Tuo Pusa<\/strong>\u00a0 est l&rsquo;un des huit protecteurs divins du bouddhisme chinois.<\/span><\/p>\n<p class=\"p1\"><span class=\"s1\">Iconographiquement, il appara\u00eet comme un g\u00e9n\u00e9ral majestueux et puissant fi\u00e8rement repr\u00e9sent\u00e9 dans son armure.<\/span><\/p>\n<p class=\"p1\"><span class=\"s1\">Et pas par hasard; comme l&rsquo;illustre la th\u00e9ologie chinoise, en fait, avant d&rsquo;entrer dans le Nirvana, Bouddha a ordonn\u00e9 \u00e0 notre g\u00e9n\u00e9ral, qui \u00e9tait dans notre monde, de prot\u00e9ger le Bouddha Dharma.<\/span><\/p>\n<p class=\"p1\"><span class=\"s1\">Apr\u00e8s la mort de Bouddha, les reliques firent vol\u00e9es par des d\u00e9mons mal\u00e9fiques, mais c&rsquo;est notre bodhisattva <strong>Wei Tuo Pusa<\/strong> qui a r\u00e9ussi \u00e0 vaincre les d\u00e9mons et \u00e0 r\u00e9cup\u00e9rer les reliques du Bouddha.<\/span><\/p>\n<p>&nbsp;<\/p>\n","protected":false},"excerpt":{"rendered":"<p>Statue en bois sculpt\u00e9 divinit\u00e9 <strong>Wei Tuo Pusa\u00a0<\/strong><\/p>\n<p>&nbsp;<\/p>\n<p>&nbsp;<\/p>\n","protected":false},"featured_media":86709,"template":"","meta":{"_acf_changed":false},"product_brand":[],"product_cat":[6417,6419],"product_tag":[5306],"class_list":{"0":"post-90373","1":"product","2":"type-product","3":"status-publish","4":"has-post-thumbnail","6":"product_cat-sculpture-fr-2","7":"product_cat-sculpture-ancienne-fr","8":"product_tag-objets-de-collection","9":"product_shipping_class-dhl-fr","11":"first","12":"outofstock","13":"taxable","14":"shipping-taxable","15":"product-type-simple"},"acf":[],"yoast_head":"<!-- This site is optimized with the Yoast SEO Premium plugin v27.3 (Yoast SEO v27.4) - https:\/\/yoast.com\/product\/yoast-seo-premium-wordpress\/ -->\n<title>Ancienne Sculpture Chinoise Wei Tuo Pusa - Egidi MadeinItaly<\/title>\n<meta name=\"description\" content=\"Sculpture en bois peint et dor\u00e9 d&#039;un immortel tao\u00efste Wei Tuo Pusa Chine D\u00e9but du 19\u00e8me si\u00e8cle en vente sur Egidi MadeinItaly\" \/>\n<meta name=\"robots\" content=\"index, follow, max-snippet:-1, max-image-preview:large, max-video-preview:-1\" \/>\n<link rel=\"canonical\" href=\"https:\/\/egidimadeinitaly.com\/fr\/negozio\/sculpture-fr-2\/sculpture-ancienne-fr\/ancienne-sculpture-chinoise-wei-tuo-pusa\/\" \/>\n<meta property=\"og:locale\" content=\"fr_FR\" \/>\n<meta property=\"og:type\" content=\"article\" \/>\n<meta property=\"og:title\" content=\"Ancienne Sculpture Chinoise Wei Tuo Pusa\" \/>\n<meta property=\"og:description\" content=\"Statue en bois sculpt\u00e9 divinit\u00e9 Wei Tuo Pusa\u00a0  &nbsp;  &nbsp;\" \/>\n<meta property=\"og:url\" content=\"https:\/\/egidimadeinitaly.com\/fr\/negozio\/sculpture-fr-2\/sculpture-ancienne-fr\/ancienne-sculpture-chinoise-wei-tuo-pusa\/\" \/>\n<meta property=\"og:site_name\" content=\"Egidi MadeinItaly\" \/>\n<meta property=\"article:publisher\" content=\"https:\/\/www.facebook.com\/egidimadeinitaly\/\" \/>\n<meta property=\"article:modified_time\" content=\"2025-08-25T10:23:19+00:00\" \/>\n<meta property=\"og:image\" content=\"https:\/\/egidimadeinitaly.com\/v25\/wp-content\/uploads\/2020\/03\/270A0D18-192F-4C6A-B5B1-60949A9F19B4-1024x683.jpeg\" \/>\n\t<meta property=\"og:image:width\" content=\"1024\" \/>\n\t<meta property=\"og:image:height\" content=\"683\" \/>\n\t<meta property=\"og:image:type\" content=\"image\/jpeg\" \/>\n<script type=\"application\/ld+json\" class=\"yoast-schema-graph\">{\"@context\":\"https:\\\/\\\/schema.org\",\"@graph\":[{\"@type\":\"WebPage\",\"@id\":\"https:\\\/\\\/egidimadeinitaly.com\\\/fr\\\/negozio\\\/sculpture-fr-2\\\/sculpture-ancienne-fr\\\/ancienne-sculpture-chinoise-wei-tuo-pusa\\\/\",\"url\":\"https:\\\/\\\/egidimadeinitaly.com\\\/fr\\\/negozio\\\/sculpture-fr-2\\\/sculpture-ancienne-fr\\\/ancienne-sculpture-chinoise-wei-tuo-pusa\\\/\",\"name\":\"Ancienne Sculpture Chinoise Wei Tuo Pusa - Egidi MadeinItaly\",\"isPartOf\":{\"@id\":\"https:\\\/\\\/egidimadeinitaly.com\\\/fr\\\/#website\"},\"primaryImageOfPage\":{\"@id\":\"https:\\\/\\\/egidimadeinitaly.com\\\/fr\\\/negozio\\\/sculpture-fr-2\\\/sculpture-ancienne-fr\\\/ancienne-sculpture-chinoise-wei-tuo-pusa\\\/#primaryimage\"},\"image\":{\"@id\":\"https:\\\/\\\/egidimadeinitaly.com\\\/fr\\\/negozio\\\/sculpture-fr-2\\\/sculpture-ancienne-fr\\\/ancienne-sculpture-chinoise-wei-tuo-pusa\\\/#primaryimage\"},\"thumbnailUrl\":\"https:\\\/\\\/egidimadeinitaly.com\\\/v25\\\/wp-content\\\/uploads\\\/2020\\\/03\\\/270A0D18-192F-4C6A-B5B1-60949A9F19B4.jpeg\",\"datePublished\":\"2020-05-29T14:42:30+00:00\",\"dateModified\":\"2025-08-25T10:23:19+00:00\",\"description\":\"Sculpture en bois peint et dor\u00e9 d'un immortel tao\u00efste Wei Tuo Pusa Chine D\u00e9but du 19\u00e8me si\u00e8cle en vente sur Egidi MadeinItaly\",\"breadcrumb\":{\"@id\":\"https:\\\/\\\/egidimadeinitaly.com\\\/fr\\\/negozio\\\/sculpture-fr-2\\\/sculpture-ancienne-fr\\\/ancienne-sculpture-chinoise-wei-tuo-pusa\\\/#breadcrumb\"},\"inLanguage\":\"fr-FR\",\"potentialAction\":[{\"@type\":\"ReadAction\",\"target\":[\"https:\\\/\\\/egidimadeinitaly.com\\\/fr\\\/negozio\\\/sculpture-fr-2\\\/sculpture-ancienne-fr\\\/ancienne-sculpture-chinoise-wei-tuo-pusa\\\/\"]}]},{\"@type\":\"ImageObject\",\"inLanguage\":\"fr-FR\",\"@id\":\"https:\\\/\\\/egidimadeinitaly.com\\\/fr\\\/negozio\\\/sculpture-fr-2\\\/sculpture-ancienne-fr\\\/ancienne-sculpture-chinoise-wei-tuo-pusa\\\/#primaryimage\",\"url\":\"https:\\\/\\\/egidimadeinitaly.com\\\/v25\\\/wp-content\\\/uploads\\\/2020\\\/03\\\/270A0D18-192F-4C6A-B5B1-60949A9F19B4.jpeg\",\"contentUrl\":\"https:\\\/\\\/egidimadeinitaly.com\\\/v25\\\/wp-content\\\/uploads\\\/2020\\\/03\\\/270A0D18-192F-4C6A-B5B1-60949A9F19B4.jpeg\",\"width\":2560,\"height\":1707,\"caption\":\"Ancienne Sculpture Chinoise Wei Tuo Pusa en Bois\"},{\"@type\":\"BreadcrumbList\",\"@id\":\"https:\\\/\\\/egidimadeinitaly.com\\\/fr\\\/negozio\\\/sculpture-fr-2\\\/sculpture-ancienne-fr\\\/ancienne-sculpture-chinoise-wei-tuo-pusa\\\/#breadcrumb\",\"itemListElement\":[{\"@type\":\"ListItem\",\"position\":1,\"name\":\"Home\",\"item\":\"https:\\\/\\\/egidimadeinitaly.com\\\/fr\\\/\"},{\"@type\":\"ListItem\",\"position\":2,\"name\":\"Produits\",\"item\":\"https:\\\/\\\/egidimadeinitaly.com\\\/fr\\\/shop\\\/\"},{\"@type\":\"ListItem\",\"position\":3,\"name\":\"Sculpture\",\"item\":\"https:\\\/\\\/egidimadeinitaly.com\\\/fr\\\/product-category\\\/sculpture-fr-2\\\/\"},{\"@type\":\"ListItem\",\"position\":4,\"name\":\"Sculpture ancienne\",\"item\":\"https:\\\/\\\/egidimadeinitaly.com\\\/fr\\\/product-category\\\/sculpture-fr-2\\\/sculpture-ancienne-fr\\\/\"},{\"@type\":\"ListItem\",\"position\":5,\"name\":\"Ancienne Sculpture Chinoise Wei Tuo Pusa\"}]},{\"@type\":\"WebSite\",\"@id\":\"https:\\\/\\\/egidimadeinitaly.com\\\/fr\\\/#website\",\"url\":\"https:\\\/\\\/egidimadeinitaly.com\\\/fr\\\/\",\"name\":\"Egidi MadeinItaly\",\"description\":\"Fine Art\",\"potentialAction\":[{\"@type\":\"SearchAction\",\"target\":{\"@type\":\"EntryPoint\",\"urlTemplate\":\"https:\\\/\\\/egidimadeinitaly.com\\\/fr\\\/?s={search_term_string}\"},\"query-input\":{\"@type\":\"PropertyValueSpecification\",\"valueRequired\":true,\"valueName\":\"search_term_string\"}}],\"inLanguage\":\"fr-FR\"}]}<\/script>\n<!-- \/ Yoast SEO Premium plugin. -->","yoast_head_json":{"title":"Ancienne Sculpture Chinoise Wei Tuo Pusa - Egidi MadeinItaly","description":"Sculpture en bois peint et dor\u00e9 d'un immortel tao\u00efste Wei Tuo Pusa Chine D\u00e9but du 19\u00e8me si\u00e8cle en vente sur Egidi MadeinItaly","robots":{"index":"index","follow":"follow","max-snippet":"max-snippet:-1","max-image-preview":"max-image-preview:large","max-video-preview":"max-video-preview:-1"},"canonical":"https:\/\/egidimadeinitaly.com\/fr\/negozio\/sculpture-fr-2\/sculpture-ancienne-fr\/ancienne-sculpture-chinoise-wei-tuo-pusa\/","og_locale":"fr_FR","og_type":"article","og_title":"Ancienne Sculpture Chinoise Wei Tuo Pusa","og_description":"Statue en bois sculpt\u00e9 divinit\u00e9 Wei Tuo Pusa\u00a0  &nbsp;  &nbsp;","og_url":"https:\/\/egidimadeinitaly.com\/fr\/negozio\/sculpture-fr-2\/sculpture-ancienne-fr\/ancienne-sculpture-chinoise-wei-tuo-pusa\/","og_site_name":"Egidi MadeinItaly","article_publisher":"https:\/\/www.facebook.com\/egidimadeinitaly\/","article_modified_time":"2025-08-25T10:23:19+00:00","og_image":[{"width":1024,"height":683,"url":"https:\/\/egidimadeinitaly.com\/v25\/wp-content\/uploads\/2020\/03\/270A0D18-192F-4C6A-B5B1-60949A9F19B4-1024x683.jpeg","type":"image\/jpeg"}],"schema":{"@context":"https:\/\/schema.org","@graph":[{"@type":"WebPage","@id":"https:\/\/egidimadeinitaly.com\/fr\/negozio\/sculpture-fr-2\/sculpture-ancienne-fr\/ancienne-sculpture-chinoise-wei-tuo-pusa\/","url":"https:\/\/egidimadeinitaly.com\/fr\/negozio\/sculpture-fr-2\/sculpture-ancienne-fr\/ancienne-sculpture-chinoise-wei-tuo-pusa\/","name":"Ancienne Sculpture Chinoise Wei Tuo Pusa - Egidi MadeinItaly","isPartOf":{"@id":"https:\/\/egidimadeinitaly.com\/fr\/#website"},"primaryImageOfPage":{"@id":"https:\/\/egidimadeinitaly.com\/fr\/negozio\/sculpture-fr-2\/sculpture-ancienne-fr\/ancienne-sculpture-chinoise-wei-tuo-pusa\/#primaryimage"},"image":{"@id":"https:\/\/egidimadeinitaly.com\/fr\/negozio\/sculpture-fr-2\/sculpture-ancienne-fr\/ancienne-sculpture-chinoise-wei-tuo-pusa\/#primaryimage"},"thumbnailUrl":"https:\/\/egidimadeinitaly.com\/v25\/wp-content\/uploads\/2020\/03\/270A0D18-192F-4C6A-B5B1-60949A9F19B4.jpeg","datePublished":"2020-05-29T14:42:30+00:00","dateModified":"2025-08-25T10:23:19+00:00","description":"Sculpture en bois peint et dor\u00e9 d'un immortel tao\u00efste Wei Tuo Pusa Chine D\u00e9but du 19\u00e8me si\u00e8cle en vente sur Egidi MadeinItaly","breadcrumb":{"@id":"https:\/\/egidimadeinitaly.com\/fr\/negozio\/sculpture-fr-2\/sculpture-ancienne-fr\/ancienne-sculpture-chinoise-wei-tuo-pusa\/#breadcrumb"},"inLanguage":"fr-FR","potentialAction":[{"@type":"ReadAction","target":["https:\/\/egidimadeinitaly.com\/fr\/negozio\/sculpture-fr-2\/sculpture-ancienne-fr\/ancienne-sculpture-chinoise-wei-tuo-pusa\/"]}]},{"@type":"ImageObject","inLanguage":"fr-FR","@id":"https:\/\/egidimadeinitaly.com\/fr\/negozio\/sculpture-fr-2\/sculpture-ancienne-fr\/ancienne-sculpture-chinoise-wei-tuo-pusa\/#primaryimage","url":"https:\/\/egidimadeinitaly.com\/v25\/wp-content\/uploads\/2020\/03\/270A0D18-192F-4C6A-B5B1-60949A9F19B4.jpeg","contentUrl":"https:\/\/egidimadeinitaly.com\/v25\/wp-content\/uploads\/2020\/03\/270A0D18-192F-4C6A-B5B1-60949A9F19B4.jpeg","width":2560,"height":1707,"caption":"Ancienne Sculpture Chinoise Wei Tuo Pusa en Bois"},{"@type":"BreadcrumbList","@id":"https:\/\/egidimadeinitaly.com\/fr\/negozio\/sculpture-fr-2\/sculpture-ancienne-fr\/ancienne-sculpture-chinoise-wei-tuo-pusa\/#breadcrumb","itemListElement":[{"@type":"ListItem","position":1,"name":"Home","item":"https:\/\/egidimadeinitaly.com\/fr\/"},{"@type":"ListItem","position":2,"name":"Produits","item":"https:\/\/egidimadeinitaly.com\/fr\/shop\/"},{"@type":"ListItem","position":3,"name":"Sculpture","item":"https:\/\/egidimadeinitaly.com\/fr\/product-category\/sculpture-fr-2\/"},{"@type":"ListItem","position":4,"name":"Sculpture ancienne","item":"https:\/\/egidimadeinitaly.com\/fr\/product-category\/sculpture-fr-2\/sculpture-ancienne-fr\/"},{"@type":"ListItem","position":5,"name":"Ancienne Sculpture Chinoise Wei Tuo Pusa"}]},{"@type":"WebSite","@id":"https:\/\/egidimadeinitaly.com\/fr\/#website","url":"https:\/\/egidimadeinitaly.com\/fr\/","name":"Egidi MadeinItaly","description":"Fine Art","potentialAction":[{"@type":"SearchAction","target":{"@type":"EntryPoint","urlTemplate":"https:\/\/egidimadeinitaly.com\/fr\/?s={search_term_string}"},"query-input":{"@type":"PropertyValueSpecification","valueRequired":true,"valueName":"search_term_string"}}],"inLanguage":"fr-FR"}]}},"_links":{"self":[{"href":"https:\/\/egidimadeinitaly.com\/fr\/wp-json\/wp\/v2\/product\/90373","targetHints":{"allow":["GET"]}}],"collection":[{"href":"https:\/\/egidimadeinitaly.com\/fr\/wp-json\/wp\/v2\/product"}],"about":[{"href":"https:\/\/egidimadeinitaly.com\/fr\/wp-json\/wp\/v2\/types\/product"}],"wp:featuredmedia":[{"embeddable":true,"href":"https:\/\/egidimadeinitaly.com\/fr\/wp-json\/wp\/v2\/media\/86709"}],"wp:attachment":[{"href":"https:\/\/egidimadeinitaly.com\/fr\/wp-json\/wp\/v2\/media?parent=90373"}],"wp:term":[{"taxonomy":"product_brand","embeddable":true,"href":"https:\/\/egidimadeinitaly.com\/fr\/wp-json\/wp\/v2\/product_brand?post=90373"},{"taxonomy":"product_cat","embeddable":true,"href":"https:\/\/egidimadeinitaly.com\/fr\/wp-json\/wp\/v2\/product_cat?post=90373"},{"taxonomy":"product_tag","embeddable":true,"href":"https:\/\/egidimadeinitaly.com\/fr\/wp-json\/wp\/v2\/product_tag?post=90373"}],"curies":[{"name":"wp","href":"https:\/\/api.w.org\/{rel}","templated":true}]}}