{"id":90304,"date":"2020-05-28T13:05:30","date_gmt":"2020-05-28T12:05:30","guid":{"rendered":"https:\/\/egidimadeinitaly.com\/ecomsite\/?post_type=product&#038;p=90304"},"modified":"2024-08-10T18:56:08","modified_gmt":"2024-08-10T17:56:08","slug":"vivai-del-sud-paire-de-gueridons","status":"publish","type":"product","link":"https:\/\/egidimadeinitaly.com\/fr\/negozio\/objets-dart\/objets-dart-modernes\/vivai-del-sud-paire-de-gueridons\/","title":{"rendered":"Vivai del Sud Paire de Gu\u00e9ridons"},"content":{"rendered":"<p>Le pied de la table a une fabrication qui reprend le tronc du <strong>palmier reposant sur une base en forme de roche<\/strong> sur laquelle se trouve le tronc de l&rsquo;arbre.<\/p>\n<p>Le plateau de la table est rond, enrichi d&rsquo;un miroir central, tandis que le bord est form\u00e9 par une succession de feuilles de palmier stylis\u00e9es.<\/p>\n<p>En bas, vous pouvez voir la signature de la soci\u00e9t\u00e9 de production <strong>Vivai del Sud<\/strong>. \u00c9poque 1970.<\/p>\n<p>Ces petites tables ont \u00e9t\u00e9 con\u00e7ues et r\u00e9alis\u00e9es pour l&rsquo;h\u00f4tel Corte degli Aragonesi \u00e0 Ischia.<\/p>\n<p>Pour donner une id\u00e9e du luxe et de l&rsquo;\u00e9l\u00e9gance des productions des Vivai del Sud, il suffit de mentionner quel sort de mat\u00e9riaux sont utilis\u00e9s pour la d\u00e9coration int\u00e9rieure: laiton, verres et cristaux de Murano pour les luminaires, peau de l\u00e9opard, renne, gu\u00e9pard comme \u00ab\u00a0tissus\u00a0\u00bb; opulence maximale.<\/p>\n","protected":false},"excerpt":{"rendered":"<p>Paire de tables basses en c\u00e9ramique blanche en forme de palmier sign\u00e9es Vivai del Sud<\/p>\n<p>&nbsp;<\/p>\n<p>&nbsp;<\/p>\n","protected":false},"featured_media":118681,"template":"","meta":{"_acf_changed":false},"product_brand":[],"product_cat":[6412,6492],"product_tag":[5422,5405,5956,1254],"class_list":{"0":"post-90304","1":"product","2":"type-product","3":"status-publish","4":"has-post-thumbnail","6":"product_cat-objets-dart-modernes","7":"product_cat-objets-dart","8":"product_tag-annees-70","9":"product_tag-blanc","10":"product_tag-ceramique","11":"product_tag-design-italien-fr","12":"product_shipping_class-dhl-fr","14":"first","15":"outofstock","16":"taxable","17":"shipping-taxable","18":"product-type-simple"},"acf":[],"yoast_head":"<!-- This site is optimized with the Yoast SEO Premium plugin v27.5 (Yoast SEO v27.5) - https:\/\/yoast.com\/product\/yoast-seo-premium-wordpress\/ -->\n<title>Vivai del Sud Paire de Gu\u00e9ridons - Egidi MadeinItaly<\/title>\n<meta name=\"description\" content=\"Paire de gu\u00e9ridons blanche en c\u00e9ramique blanche sign\u00e9es Vivai del Sud Shoppez-les sur le catalogue produits Egidi MadeinItaly\" \/>\n<meta name=\"robots\" content=\"index, follow, max-snippet:-1, max-image-preview:large, max-video-preview:-1\" \/>\n<link rel=\"canonical\" href=\"https:\/\/egidimadeinitaly.com\/fr\/produit\/art-moderne\/objets-dart-modernes\/vivai-del-sud-paire-de-gueridons\/\" \/>\n<meta property=\"og:locale\" content=\"fr_FR\" \/>\n<meta property=\"og:type\" content=\"article\" \/>\n<meta property=\"og:title\" content=\"Vivai del Sud Paire de Gu\u00e9ridons\" \/>\n<meta property=\"og:description\" content=\"Paire de tables basses en c\u00e9ramique blanche en forme de palmier sign\u00e9es Vivai del Sud  &nbsp;  &nbsp;\" \/>\n<meta property=\"og:url\" content=\"https:\/\/egidimadeinitaly.com\/fr\/produit\/art-moderne\/objets-dart-modernes\/vivai-del-sud-paire-de-gueridons\/\" \/>\n<meta property=\"og:site_name\" content=\"Egidi MadeinItaly\" \/>\n<meta property=\"article:publisher\" content=\"https:\/\/www.facebook.com\/egidimadeinitaly\/\" \/>\n<meta property=\"article:modified_time\" content=\"2024-08-10T17:56:08+00:00\" \/>\n<meta property=\"og:image\" content=\"https:\/\/egidimadeinitaly.com\/wp-content\/uploads\/2020\/05\/Vivai-del-Sud-su-Egidi-MadeinItaly-scaled-e1722097278688.webp\" \/>\n\t<meta property=\"og:image:width\" content=\"900\" \/>\n\t<meta property=\"og:image:height\" content=\"900\" \/>\n\t<meta property=\"og:image:type\" content=\"image\/webp\" \/>\n<script type=\"application\/ld+json\" class=\"yoast-schema-graph\">{\"@context\":\"https:\\\/\\\/schema.org\",\"@graph\":[{\"@type\":\"WebPage\",\"@id\":\"https:\\\/\\\/egidimadeinitaly.com\\\/fr\\\/negozio\\\/objets-dart\\\/objets-dart-modernes\\\/vivai-del-sud-paire-de-gueridons\\\/\",\"url\":\"https:\\\/\\\/egidimadeinitaly.com\\\/fr\\\/produit\\\/art-moderne\\\/objets-dart-modernes\\\/vivai-del-sud-paire-de-gueridons\\\/\",\"name\":\"Vivai del Sud Paire de Gu\u00e9ridons - Egidi MadeinItaly\",\"isPartOf\":{\"@id\":\"https:\\\/\\\/egidimadeinitaly.com\\\/fr\\\/#website\"},\"primaryImageOfPage\":{\"@id\":\"https:\\\/\\\/egidimadeinitaly.com\\\/fr\\\/produit\\\/art-moderne\\\/objets-dart-modernes\\\/vivai-del-sud-paire-de-gueridons\\\/#primaryimage\"},\"image\":{\"@id\":\"https:\\\/\\\/egidimadeinitaly.com\\\/fr\\\/produit\\\/art-moderne\\\/objets-dart-modernes\\\/vivai-del-sud-paire-de-gueridons\\\/#primaryimage\"},\"thumbnailUrl\":\"https:\\\/\\\/egidimadeinitaly.com\\\/v25\\\/wp-content\\\/uploads\\\/2020\\\/05\\\/Vivai-del-Sud-su-Egidi-MadeinItaly-scaled-e1722097278688.webp\",\"datePublished\":\"2020-05-28T12:05:30+00:00\",\"dateModified\":\"2024-08-10T17:56:08+00:00\",\"description\":\"Paire de gu\u00e9ridons blanche en c\u00e9ramique blanche sign\u00e9es Vivai del Sud Shoppez-les sur le catalogue produits Egidi MadeinItaly\",\"breadcrumb\":{\"@id\":\"https:\\\/\\\/egidimadeinitaly.com\\\/fr\\\/produit\\\/art-moderne\\\/objets-dart-modernes\\\/vivai-del-sud-paire-de-gueridons\\\/#breadcrumb\"},\"inLanguage\":\"fr-FR\",\"potentialAction\":[{\"@type\":\"ReadAction\",\"target\":[\"https:\\\/\\\/egidimadeinitaly.com\\\/fr\\\/produit\\\/art-moderne\\\/objets-dart-modernes\\\/vivai-del-sud-paire-de-gueridons\\\/\"]}]},{\"@type\":\"ImageObject\",\"inLanguage\":\"fr-FR\",\"@id\":\"https:\\\/\\\/egidimadeinitaly.com\\\/fr\\\/produit\\\/art-moderne\\\/objets-dart-modernes\\\/vivai-del-sud-paire-de-gueridons\\\/#primaryimage\",\"url\":\"https:\\\/\\\/egidimadeinitaly.com\\\/v25\\\/wp-content\\\/uploads\\\/2020\\\/05\\\/Vivai-del-Sud-su-Egidi-MadeinItaly-scaled-e1722097278688.webp\",\"contentUrl\":\"https:\\\/\\\/egidimadeinitaly.com\\\/v25\\\/wp-content\\\/uploads\\\/2020\\\/05\\\/Vivai-del-Sud-su-Egidi-MadeinItaly-scaled-e1722097278688.webp\",\"width\":900,\"height\":900,\"caption\":\"Vivai del Sud Paire de Gu\u00e9ridons\"},{\"@type\":\"BreadcrumbList\",\"@id\":\"https:\\\/\\\/egidimadeinitaly.com\\\/fr\\\/produit\\\/art-moderne\\\/objets-dart-modernes\\\/vivai-del-sud-paire-de-gueridons\\\/#breadcrumb\",\"itemListElement\":[{\"@type\":\"ListItem\",\"position\":1,\"name\":\"Home\",\"item\":\"https:\\\/\\\/egidimadeinitaly.com\\\/fr\\\/\"},{\"@type\":\"ListItem\",\"position\":2,\"name\":\"Produits\",\"item\":\"https:\\\/\\\/egidimadeinitaly.com\\\/fr\\\/shop\\\/\"},{\"@type\":\"ListItem\",\"position\":3,\"name\":\"Objets d\u2019art\",\"item\":\"https:\\\/\\\/egidimadeinitaly.com\\\/fr\\\/product-category\\\/objets-dart\\\/\"},{\"@type\":\"ListItem\",\"position\":4,\"name\":\"Objets d'art modernes\",\"item\":\"https:\\\/\\\/egidimadeinitaly.com\\\/fr\\\/product-category\\\/objets-dart\\\/objets-dart-modernes\\\/\"},{\"@type\":\"ListItem\",\"position\":5,\"name\":\"Vivai del Sud Paire de Gu\u00e9ridons\"}]},{\"@type\":\"WebSite\",\"@id\":\"https:\\\/\\\/egidimadeinitaly.com\\\/fr\\\/#website\",\"url\":\"https:\\\/\\\/egidimadeinitaly.com\\\/fr\\\/\",\"name\":\"Egidi MadeinItaly\",\"description\":\"Fine Art\",\"potentialAction\":[{\"@type\":\"SearchAction\",\"target\":{\"@type\":\"EntryPoint\",\"urlTemplate\":\"https:\\\/\\\/egidimadeinitaly.com\\\/fr\\\/?s={search_term_string}\"},\"query-input\":{\"@type\":\"PropertyValueSpecification\",\"valueRequired\":true,\"valueName\":\"search_term_string\"}}],\"inLanguage\":\"fr-FR\"}]}<\/script>\n<!-- \/ Yoast SEO Premium plugin. -->","yoast_head_json":{"title":"Vivai del Sud Paire de Gu\u00e9ridons - Egidi MadeinItaly","description":"Paire de gu\u00e9ridons blanche en c\u00e9ramique blanche sign\u00e9es Vivai del Sud Shoppez-les sur le catalogue produits Egidi MadeinItaly","robots":{"index":"index","follow":"follow","max-snippet":"max-snippet:-1","max-image-preview":"max-image-preview:large","max-video-preview":"max-video-preview:-1"},"canonical":"https:\/\/egidimadeinitaly.com\/fr\/produit\/art-moderne\/objets-dart-modernes\/vivai-del-sud-paire-de-gueridons\/","og_locale":"fr_FR","og_type":"article","og_title":"Vivai del Sud Paire de Gu\u00e9ridons","og_description":"Paire de tables basses en c\u00e9ramique blanche en forme de palmier sign\u00e9es Vivai del Sud  &nbsp;  &nbsp;","og_url":"https:\/\/egidimadeinitaly.com\/fr\/produit\/art-moderne\/objets-dart-modernes\/vivai-del-sud-paire-de-gueridons\/","og_site_name":"Egidi MadeinItaly","article_publisher":"https:\/\/www.facebook.com\/egidimadeinitaly\/","article_modified_time":"2024-08-10T17:56:08+00:00","og_image":[{"width":900,"height":900,"url":"https:\/\/egidimadeinitaly.com\/wp-content\/uploads\/2020\/05\/Vivai-del-Sud-su-Egidi-MadeinItaly-scaled-e1722097278688.webp","type":"image\/webp"}],"schema":{"@context":"https:\/\/schema.org","@graph":[{"@type":"WebPage","@id":"https:\/\/egidimadeinitaly.com\/fr\/negozio\/objets-dart\/objets-dart-modernes\/vivai-del-sud-paire-de-gueridons\/","url":"https:\/\/egidimadeinitaly.com\/fr\/produit\/art-moderne\/objets-dart-modernes\/vivai-del-sud-paire-de-gueridons\/","name":"Vivai del Sud Paire de Gu\u00e9ridons - Egidi MadeinItaly","isPartOf":{"@id":"https:\/\/egidimadeinitaly.com\/fr\/#website"},"primaryImageOfPage":{"@id":"https:\/\/egidimadeinitaly.com\/fr\/produit\/art-moderne\/objets-dart-modernes\/vivai-del-sud-paire-de-gueridons\/#primaryimage"},"image":{"@id":"https:\/\/egidimadeinitaly.com\/fr\/produit\/art-moderne\/objets-dart-modernes\/vivai-del-sud-paire-de-gueridons\/#primaryimage"},"thumbnailUrl":"https:\/\/egidimadeinitaly.com\/v25\/wp-content\/uploads\/2020\/05\/Vivai-del-Sud-su-Egidi-MadeinItaly-scaled-e1722097278688.webp","datePublished":"2020-05-28T12:05:30+00:00","dateModified":"2024-08-10T17:56:08+00:00","description":"Paire de gu\u00e9ridons blanche en c\u00e9ramique blanche sign\u00e9es Vivai del Sud Shoppez-les sur le catalogue produits Egidi MadeinItaly","breadcrumb":{"@id":"https:\/\/egidimadeinitaly.com\/fr\/produit\/art-moderne\/objets-dart-modernes\/vivai-del-sud-paire-de-gueridons\/#breadcrumb"},"inLanguage":"fr-FR","potentialAction":[{"@type":"ReadAction","target":["https:\/\/egidimadeinitaly.com\/fr\/produit\/art-moderne\/objets-dart-modernes\/vivai-del-sud-paire-de-gueridons\/"]}]},{"@type":"ImageObject","inLanguage":"fr-FR","@id":"https:\/\/egidimadeinitaly.com\/fr\/produit\/art-moderne\/objets-dart-modernes\/vivai-del-sud-paire-de-gueridons\/#primaryimage","url":"https:\/\/egidimadeinitaly.com\/v25\/wp-content\/uploads\/2020\/05\/Vivai-del-Sud-su-Egidi-MadeinItaly-scaled-e1722097278688.webp","contentUrl":"https:\/\/egidimadeinitaly.com\/v25\/wp-content\/uploads\/2020\/05\/Vivai-del-Sud-su-Egidi-MadeinItaly-scaled-e1722097278688.webp","width":900,"height":900,"caption":"Vivai del Sud Paire de Gu\u00e9ridons"},{"@type":"BreadcrumbList","@id":"https:\/\/egidimadeinitaly.com\/fr\/produit\/art-moderne\/objets-dart-modernes\/vivai-del-sud-paire-de-gueridons\/#breadcrumb","itemListElement":[{"@type":"ListItem","position":1,"name":"Home","item":"https:\/\/egidimadeinitaly.com\/fr\/"},{"@type":"ListItem","position":2,"name":"Produits","item":"https:\/\/egidimadeinitaly.com\/fr\/shop\/"},{"@type":"ListItem","position":3,"name":"Objets d\u2019art","item":"https:\/\/egidimadeinitaly.com\/fr\/product-category\/objets-dart\/"},{"@type":"ListItem","position":4,"name":"Objets d'art modernes","item":"https:\/\/egidimadeinitaly.com\/fr\/product-category\/objets-dart\/objets-dart-modernes\/"},{"@type":"ListItem","position":5,"name":"Vivai del Sud Paire de Gu\u00e9ridons"}]},{"@type":"WebSite","@id":"https:\/\/egidimadeinitaly.com\/fr\/#website","url":"https:\/\/egidimadeinitaly.com\/fr\/","name":"Egidi MadeinItaly","description":"Fine Art","potentialAction":[{"@type":"SearchAction","target":{"@type":"EntryPoint","urlTemplate":"https:\/\/egidimadeinitaly.com\/fr\/?s={search_term_string}"},"query-input":{"@type":"PropertyValueSpecification","valueRequired":true,"valueName":"search_term_string"}}],"inLanguage":"fr-FR"}]}},"_links":{"self":[{"href":"https:\/\/egidimadeinitaly.com\/fr\/wp-json\/wp\/v2\/product\/90304","targetHints":{"allow":["GET"]}}],"collection":[{"href":"https:\/\/egidimadeinitaly.com\/fr\/wp-json\/wp\/v2\/product"}],"about":[{"href":"https:\/\/egidimadeinitaly.com\/fr\/wp-json\/wp\/v2\/types\/product"}],"wp:featuredmedia":[{"embeddable":true,"href":"https:\/\/egidimadeinitaly.com\/fr\/wp-json\/wp\/v2\/media\/118681"}],"wp:attachment":[{"href":"https:\/\/egidimadeinitaly.com\/fr\/wp-json\/wp\/v2\/media?parent=90304"}],"wp:term":[{"taxonomy":"product_brand","embeddable":true,"href":"https:\/\/egidimadeinitaly.com\/fr\/wp-json\/wp\/v2\/product_brand?post=90304"},{"taxonomy":"product_cat","embeddable":true,"href":"https:\/\/egidimadeinitaly.com\/fr\/wp-json\/wp\/v2\/product_cat?post=90304"},{"taxonomy":"product_tag","embeddable":true,"href":"https:\/\/egidimadeinitaly.com\/fr\/wp-json\/wp\/v2\/product_tag?post=90304"}],"curies":[{"name":"wp","href":"https:\/\/api.w.org\/{rel}","templated":true}]}}