{"id":90299,"date":"2023-12-25T13:13:16","date_gmt":"2023-12-25T12:13:16","guid":{"rendered":"https:\/\/egidimadeinitaly.com\/ecomsite\/?post_type=product&#038;p=90299"},"modified":"2024-09-18T15:06:09","modified_gmt":"2024-09-18T14:06:09","slug":"paire-de-tabourets-en-bois-laque","status":"publish","type":"product","link":"https:\/\/egidimadeinitaly.com\/fr\/negozio\/objets-dart\/objets-dart-anciens-fr\/paire-de-tabourets-en-bois-laque\/","title":{"rendered":"Paire de tabourets Italiens en bois laqu\u00e9"},"content":{"rendered":"<p>Cette paire de petits bancs tr\u00e8s \u00e9l\u00e9gants, de style Louis XVI, date du milieu du XIXe si\u00e8cle.<\/p>\n<p>Les quatre pieds sont effil\u00e9s, en forme de pyramide tronqu\u00e9e, et le bandeau est orn\u00e9 d\u2019incisions polychromes \u00e0 motifs floraux entrecoup\u00e9s d\u2019\u00e9l\u00e9ments d\u00e9coratifs repr\u00e9sentant des faces.<\/p>\n<p>L\u2019assise est en cuir beige, bord\u00e9e de clous \u00e0 t\u00eate dor\u00e9e brunie.<\/p>\n<p>Le travail en relief, <strong>le type de laquage<\/strong> et les proportions parfaites nous permettent d\u2019attribuer sans h\u00e9siter ces deux petits bancs \u00e0 un atelier pi\u00e9montais, o\u00f9 m\u00eame de Turin. En effet, la tr\u00e8s haute qualit\u00e9 de la d\u00e9coration florale et des personnages repr\u00e9sent\u00e9s dans les m\u00e9daillons s\u2019inspirent des chefs-d&rsquo;\u0153uvre du grand artiste et sculpteur sur bois Giuseppe Maria Bonzanigo (1745-1820).<\/p>\n<p>&nbsp;<\/p>\n<p>&nbsp;<\/p>\n<p>&nbsp;<\/p>\n","protected":false},"excerpt":{"rendered":"<p>Paire de petits bancs en bois laqu\u00e9 polychrome et assise en cuir.<\/p>\n<p>&nbsp;<\/p>\n<p>&nbsp;<\/p>\n","protected":false},"featured_media":90276,"template":"","meta":{"_acf_changed":false},"product_brand":[],"product_cat":[6406,6492],"product_tag":[],"class_list":{"0":"post-90299","1":"product","2":"type-product","3":"status-publish","4":"has-post-thumbnail","6":"product_cat-objets-dart-anciens-fr","7":"product_cat-objets-dart","8":"product_shipping_class-dhl-fr","10":"first","11":"instock","12":"taxable","13":"shipping-taxable","14":"product-type-simple"},"acf":[],"yoast_head":"<!-- This site is optimized with the Yoast SEO Premium plugin v27.5 (Yoast SEO v27.5) - https:\/\/yoast.com\/product\/yoast-seo-premium-wordpress\/ -->\n<title>Paire de tabourets Italiens en bois laqu\u00e9 - Egidi MadeinItaly<\/title>\n<meta name=\"description\" content=\"Une paire d\u2019\u00e9l\u00e9gants petits tabourets laqu\u00e9s pi\u00e9montais de style Louis XVI datant du milieu du XIXe si\u00e8cle En Vente sur Egidi MadeinItaly\" \/>\n<meta name=\"robots\" content=\"index, follow, max-snippet:-1, max-image-preview:large, max-video-preview:-1\" \/>\n<link rel=\"canonical\" href=\"https:\/\/egidimadeinitaly.com\/fr\/produit\/art-ancien\/objets-dart-anciens-fr\/paire-de-tabourets-en-bois-laque\/\" \/>\n<meta property=\"og:locale\" content=\"fr_FR\" \/>\n<meta property=\"og:type\" content=\"article\" \/>\n<meta property=\"og:title\" content=\"Paire de tabourets Italiens en bois laqu\u00e9\" \/>\n<meta property=\"og:description\" content=\"Paire de petits bancs en bois laqu\u00e9 polychrome et assise en cuir.  &nbsp;  &nbsp;\" \/>\n<meta property=\"og:url\" content=\"https:\/\/egidimadeinitaly.com\/fr\/produit\/art-ancien\/objets-dart-anciens-fr\/paire-de-tabourets-en-bois-laque\/\" \/>\n<meta property=\"og:site_name\" content=\"Egidi MadeinItaly\" \/>\n<meta property=\"article:publisher\" content=\"https:\/\/www.facebook.com\/egidimadeinitaly\/\" \/>\n<meta property=\"article:modified_time\" content=\"2024-09-18T14:06:09+00:00\" \/>\n<meta property=\"og:image\" content=\"https:\/\/egidimadeinitaly.com\/wp-content\/uploads\/2020\/05\/0BCED443-948D-48AD-B1A7-223217189DDC-e1722249124881.jpeg\" \/>\n\t<meta property=\"og:image:width\" content=\"533\" \/>\n\t<meta property=\"og:image:height\" content=\"800\" \/>\n\t<meta property=\"og:image:type\" content=\"image\/jpeg\" \/>\n<script type=\"application\/ld+json\" class=\"yoast-schema-graph\">{\"@context\":\"https:\\\/\\\/schema.org\",\"@graph\":[{\"@type\":\"WebPage\",\"@id\":\"https:\\\/\\\/egidimadeinitaly.com\\\/fr\\\/negozio\\\/objets-dart\\\/objets-dart-anciens-fr\\\/paire-de-tabourets-en-bois-laque\\\/\",\"url\":\"https:\\\/\\\/egidimadeinitaly.com\\\/fr\\\/produit\\\/art-ancien\\\/objets-dart-anciens-fr\\\/paire-de-tabourets-en-bois-laque\\\/\",\"name\":\"Paire de tabourets Italiens en bois laqu\u00e9 - Egidi MadeinItaly\",\"isPartOf\":{\"@id\":\"https:\\\/\\\/egidimadeinitaly.com\\\/fr\\\/#website\"},\"primaryImageOfPage\":{\"@id\":\"https:\\\/\\\/egidimadeinitaly.com\\\/fr\\\/produit\\\/art-ancien\\\/objets-dart-anciens-fr\\\/paire-de-tabourets-en-bois-laque\\\/#primaryimage\"},\"image\":{\"@id\":\"https:\\\/\\\/egidimadeinitaly.com\\\/fr\\\/produit\\\/art-ancien\\\/objets-dart-anciens-fr\\\/paire-de-tabourets-en-bois-laque\\\/#primaryimage\"},\"thumbnailUrl\":\"https:\\\/\\\/egidimadeinitaly.com\\\/v25\\\/wp-content\\\/uploads\\\/2020\\\/05\\\/0BCED443-948D-48AD-B1A7-223217189DDC-e1722249124881.jpeg\",\"datePublished\":\"2023-12-25T12:13:16+00:00\",\"dateModified\":\"2024-09-18T14:06:09+00:00\",\"description\":\"Une paire d\u2019\u00e9l\u00e9gants petits tabourets laqu\u00e9s pi\u00e9montais de style Louis XVI datant du milieu du XIXe si\u00e8cle En Vente sur Egidi MadeinItaly\",\"breadcrumb\":{\"@id\":\"https:\\\/\\\/egidimadeinitaly.com\\\/fr\\\/produit\\\/art-ancien\\\/objets-dart-anciens-fr\\\/paire-de-tabourets-en-bois-laque\\\/#breadcrumb\"},\"inLanguage\":\"fr-FR\",\"potentialAction\":[{\"@type\":\"ReadAction\",\"target\":[\"https:\\\/\\\/egidimadeinitaly.com\\\/fr\\\/produit\\\/art-ancien\\\/objets-dart-anciens-fr\\\/paire-de-tabourets-en-bois-laque\\\/\"]}]},{\"@type\":\"ImageObject\",\"inLanguage\":\"fr-FR\",\"@id\":\"https:\\\/\\\/egidimadeinitaly.com\\\/fr\\\/produit\\\/art-ancien\\\/objets-dart-anciens-fr\\\/paire-de-tabourets-en-bois-laque\\\/#primaryimage\",\"url\":\"https:\\\/\\\/egidimadeinitaly.com\\\/v25\\\/wp-content\\\/uploads\\\/2020\\\/05\\\/0BCED443-948D-48AD-B1A7-223217189DDC-e1722249124881.jpeg\",\"contentUrl\":\"https:\\\/\\\/egidimadeinitaly.com\\\/v25\\\/wp-content\\\/uploads\\\/2020\\\/05\\\/0BCED443-948D-48AD-B1A7-223217189DDC-e1722249124881.jpeg\",\"width\":533,\"height\":800,\"caption\":\"Paire de Tabourets Italiens en Bois Laqu\u00e9 XIX Si\u00e8cle\"},{\"@type\":\"BreadcrumbList\",\"@id\":\"https:\\\/\\\/egidimadeinitaly.com\\\/fr\\\/produit\\\/art-ancien\\\/objets-dart-anciens-fr\\\/paire-de-tabourets-en-bois-laque\\\/#breadcrumb\",\"itemListElement\":[{\"@type\":\"ListItem\",\"position\":1,\"name\":\"Home\",\"item\":\"https:\\\/\\\/egidimadeinitaly.com\\\/fr\\\/\"},{\"@type\":\"ListItem\",\"position\":2,\"name\":\"Produits\",\"item\":\"https:\\\/\\\/egidimadeinitaly.com\\\/fr\\\/shop\\\/\"},{\"@type\":\"ListItem\",\"position\":3,\"name\":\"Objets d\u2019art\",\"item\":\"https:\\\/\\\/egidimadeinitaly.com\\\/fr\\\/product-category\\\/objets-dart\\\/\"},{\"@type\":\"ListItem\",\"position\":4,\"name\":\"Objets d'art anciens\",\"item\":\"https:\\\/\\\/egidimadeinitaly.com\\\/fr\\\/product-category\\\/objets-dart\\\/objets-dart-anciens-fr\\\/\"},{\"@type\":\"ListItem\",\"position\":5,\"name\":\"Paire de tabourets Italiens en bois laqu\u00e9\"}]},{\"@type\":\"WebSite\",\"@id\":\"https:\\\/\\\/egidimadeinitaly.com\\\/fr\\\/#website\",\"url\":\"https:\\\/\\\/egidimadeinitaly.com\\\/fr\\\/\",\"name\":\"Egidi MadeinItaly\",\"description\":\"Fine Art\",\"potentialAction\":[{\"@type\":\"SearchAction\",\"target\":{\"@type\":\"EntryPoint\",\"urlTemplate\":\"https:\\\/\\\/egidimadeinitaly.com\\\/fr\\\/?s={search_term_string}\"},\"query-input\":{\"@type\":\"PropertyValueSpecification\",\"valueRequired\":true,\"valueName\":\"search_term_string\"}}],\"inLanguage\":\"fr-FR\"}]}<\/script>\n<!-- \/ Yoast SEO Premium plugin. -->","yoast_head_json":{"title":"Paire de tabourets Italiens en bois laqu\u00e9 - Egidi MadeinItaly","description":"Une paire d\u2019\u00e9l\u00e9gants petits tabourets laqu\u00e9s pi\u00e9montais de style Louis XVI datant du milieu du XIXe si\u00e8cle En Vente sur Egidi MadeinItaly","robots":{"index":"index","follow":"follow","max-snippet":"max-snippet:-1","max-image-preview":"max-image-preview:large","max-video-preview":"max-video-preview:-1"},"canonical":"https:\/\/egidimadeinitaly.com\/fr\/produit\/art-ancien\/objets-dart-anciens-fr\/paire-de-tabourets-en-bois-laque\/","og_locale":"fr_FR","og_type":"article","og_title":"Paire de tabourets Italiens en bois laqu\u00e9","og_description":"Paire de petits bancs en bois laqu\u00e9 polychrome et assise en cuir.  &nbsp;  &nbsp;","og_url":"https:\/\/egidimadeinitaly.com\/fr\/produit\/art-ancien\/objets-dart-anciens-fr\/paire-de-tabourets-en-bois-laque\/","og_site_name":"Egidi MadeinItaly","article_publisher":"https:\/\/www.facebook.com\/egidimadeinitaly\/","article_modified_time":"2024-09-18T14:06:09+00:00","og_image":[{"width":533,"height":800,"url":"https:\/\/egidimadeinitaly.com\/wp-content\/uploads\/2020\/05\/0BCED443-948D-48AD-B1A7-223217189DDC-e1722249124881.jpeg","type":"image\/jpeg"}],"schema":{"@context":"https:\/\/schema.org","@graph":[{"@type":"WebPage","@id":"https:\/\/egidimadeinitaly.com\/fr\/negozio\/objets-dart\/objets-dart-anciens-fr\/paire-de-tabourets-en-bois-laque\/","url":"https:\/\/egidimadeinitaly.com\/fr\/produit\/art-ancien\/objets-dart-anciens-fr\/paire-de-tabourets-en-bois-laque\/","name":"Paire de tabourets Italiens en bois laqu\u00e9 - Egidi MadeinItaly","isPartOf":{"@id":"https:\/\/egidimadeinitaly.com\/fr\/#website"},"primaryImageOfPage":{"@id":"https:\/\/egidimadeinitaly.com\/fr\/produit\/art-ancien\/objets-dart-anciens-fr\/paire-de-tabourets-en-bois-laque\/#primaryimage"},"image":{"@id":"https:\/\/egidimadeinitaly.com\/fr\/produit\/art-ancien\/objets-dart-anciens-fr\/paire-de-tabourets-en-bois-laque\/#primaryimage"},"thumbnailUrl":"https:\/\/egidimadeinitaly.com\/v25\/wp-content\/uploads\/2020\/05\/0BCED443-948D-48AD-B1A7-223217189DDC-e1722249124881.jpeg","datePublished":"2023-12-25T12:13:16+00:00","dateModified":"2024-09-18T14:06:09+00:00","description":"Une paire d\u2019\u00e9l\u00e9gants petits tabourets laqu\u00e9s pi\u00e9montais de style Louis XVI datant du milieu du XIXe si\u00e8cle En Vente sur Egidi MadeinItaly","breadcrumb":{"@id":"https:\/\/egidimadeinitaly.com\/fr\/produit\/art-ancien\/objets-dart-anciens-fr\/paire-de-tabourets-en-bois-laque\/#breadcrumb"},"inLanguage":"fr-FR","potentialAction":[{"@type":"ReadAction","target":["https:\/\/egidimadeinitaly.com\/fr\/produit\/art-ancien\/objets-dart-anciens-fr\/paire-de-tabourets-en-bois-laque\/"]}]},{"@type":"ImageObject","inLanguage":"fr-FR","@id":"https:\/\/egidimadeinitaly.com\/fr\/produit\/art-ancien\/objets-dart-anciens-fr\/paire-de-tabourets-en-bois-laque\/#primaryimage","url":"https:\/\/egidimadeinitaly.com\/v25\/wp-content\/uploads\/2020\/05\/0BCED443-948D-48AD-B1A7-223217189DDC-e1722249124881.jpeg","contentUrl":"https:\/\/egidimadeinitaly.com\/v25\/wp-content\/uploads\/2020\/05\/0BCED443-948D-48AD-B1A7-223217189DDC-e1722249124881.jpeg","width":533,"height":800,"caption":"Paire de Tabourets Italiens en Bois Laqu\u00e9 XIX Si\u00e8cle"},{"@type":"BreadcrumbList","@id":"https:\/\/egidimadeinitaly.com\/fr\/produit\/art-ancien\/objets-dart-anciens-fr\/paire-de-tabourets-en-bois-laque\/#breadcrumb","itemListElement":[{"@type":"ListItem","position":1,"name":"Home","item":"https:\/\/egidimadeinitaly.com\/fr\/"},{"@type":"ListItem","position":2,"name":"Produits","item":"https:\/\/egidimadeinitaly.com\/fr\/shop\/"},{"@type":"ListItem","position":3,"name":"Objets d\u2019art","item":"https:\/\/egidimadeinitaly.com\/fr\/product-category\/objets-dart\/"},{"@type":"ListItem","position":4,"name":"Objets d'art anciens","item":"https:\/\/egidimadeinitaly.com\/fr\/product-category\/objets-dart\/objets-dart-anciens-fr\/"},{"@type":"ListItem","position":5,"name":"Paire de tabourets Italiens en bois laqu\u00e9"}]},{"@type":"WebSite","@id":"https:\/\/egidimadeinitaly.com\/fr\/#website","url":"https:\/\/egidimadeinitaly.com\/fr\/","name":"Egidi MadeinItaly","description":"Fine Art","potentialAction":[{"@type":"SearchAction","target":{"@type":"EntryPoint","urlTemplate":"https:\/\/egidimadeinitaly.com\/fr\/?s={search_term_string}"},"query-input":{"@type":"PropertyValueSpecification","valueRequired":true,"valueName":"search_term_string"}}],"inLanguage":"fr-FR"}]}},"_links":{"self":[{"href":"https:\/\/egidimadeinitaly.com\/fr\/wp-json\/wp\/v2\/product\/90299","targetHints":{"allow":["GET"]}}],"collection":[{"href":"https:\/\/egidimadeinitaly.com\/fr\/wp-json\/wp\/v2\/product"}],"about":[{"href":"https:\/\/egidimadeinitaly.com\/fr\/wp-json\/wp\/v2\/types\/product"}],"wp:featuredmedia":[{"embeddable":true,"href":"https:\/\/egidimadeinitaly.com\/fr\/wp-json\/wp\/v2\/media\/90276"}],"wp:attachment":[{"href":"https:\/\/egidimadeinitaly.com\/fr\/wp-json\/wp\/v2\/media?parent=90299"}],"wp:term":[{"taxonomy":"product_brand","embeddable":true,"href":"https:\/\/egidimadeinitaly.com\/fr\/wp-json\/wp\/v2\/product_brand?post=90299"},{"taxonomy":"product_cat","embeddable":true,"href":"https:\/\/egidimadeinitaly.com\/fr\/wp-json\/wp\/v2\/product_cat?post=90299"},{"taxonomy":"product_tag","embeddable":true,"href":"https:\/\/egidimadeinitaly.com\/fr\/wp-json\/wp\/v2\/product_tag?post=90299"}],"curies":[{"name":"wp","href":"https:\/\/api.w.org\/{rel}","templated":true}]}}