{"id":90253,"date":"2020-05-25T10:38:44","date_gmt":"2020-05-25T09:38:44","guid":{"rendered":"https:\/\/egidimadeinitaly.com\/ecomsite\/?post_type=product&#038;p=90253"},"modified":"2025-01-10T10:06:24","modified_gmt":"2025-01-10T09:06:24","slug":"sculpture-fossile-en-bois-petrifie","status":"publish","type":"product","link":"https:\/\/egidimadeinitaly.com\/fr\/negozio\/objets-dart\/objets-dart-anciens-fr\/sculpture-fossile-en-bois-petrifie\/","title":{"rendered":"Sculpture Fossile en\u00a0Bois P\u00e9trifi\u00e9"},"content":{"rendered":"<p>De forme allong\u00e9e et se d\u00e9veloppant en hauteur, notre min\u00e9ral a tellement de personnalit\u00e9 qu\u2019il semble \u00eatre l\u2019\u0153uvre d\u2019un artiste contemporain.<\/p>\n<p>Notre objet, d\u2019une beaut\u00e9 incomparable, en est un\u00a0 parfait exemple ; sa taille et <strong>son charme permettent de le placer dans n\u2019importe quel environnement<\/strong>, qu\u2019il rend unique.<\/p>\n<p>La couleur dominante est un cama\u00efeu de noir avec des veines blanches.<\/p>\n<p>La base, en bois naturel, a \u00e9t\u00e9 r\u00e9alis\u00e9e sp\u00e9cialement pour y poser la statuette.\u00a0 En plus d\u2019assurer sa stabilit\u00e9 et de la prot\u00e9ger, elle ajoute une touche design \u00e0 ce magnifique objet.<\/p>\n<p>Nous savons que le charme suggestif des min\u00e9raux a conquis le monde du design international.<\/p>\n<p>Dans les environnements modernes, <strong>des plus classiques aux plus Pop<\/strong>,\u00a0 placer des pierres fossiles comme \u00e9l\u00e9ments de d\u00e9coration fait tendance.<\/p>\n<p>La formation des min\u00e9raux, des bois fossilis\u00e9s, a quelque chose d\u2019extraordinaire, de magique.<\/p>\n<p>La condition indispensable pour qu\u2019un arbre (ginkgo, c\u00e8dre, \u00e9b\u00e8ne, en g\u00e9n\u00e9ral) se fossilise, est que ce processus doit se produire en raison d\u2019un manque d\u2019oxyg\u00e8ne ; c\u2019est pour cette raison qu\u2019une tr\u00e8s grande partie des fossiles s\u2019est form\u00e9e \u00e0 la suite d\u2019une \u00e9ruption volcanique. En effet, les cendres ont la propri\u00e9t\u00e9 de conserver parfaitement un arbre pendant des millions d\u2019ann\u00e9es. Mais comment se forment ces veines magnifiques, comme celles de notre objet, par exemplaire ? Cela est possible parce que des min\u00e9raux comme le fer, le mangan\u00e8se ou le cuivre infiltrent\u00a0 le bois.<\/p>\n<p>Ce processus se d\u00e9veloppe le long d\u2019une p\u00e9riode de temps pouvant \u00a0aller de 50 \u00e0 270 millions d\u2019ann\u00e9es au cours des p\u00e9riodes g\u00e9ologiques d\u00e9nomm\u00e9es Jurassique, Trias et Cr\u00e9tac\u00e9.<\/p>\n<p>&nbsp;<\/p>\n<p>&nbsp;<\/p>\n<p>&nbsp;<\/p>\n<p>&nbsp;<\/p>\n<p>&nbsp;<\/p>\n<p>&nbsp;<\/p>\n<p>&nbsp;<\/p>\n","protected":false},"excerpt":{"rendered":"<p><strong>Sculpture en\u00a0 bois p\u00e9trifi\u00e9, <\/strong>marron, Indon\u00e9sie,\u00a0 \u00e8re c\u00e9nozo\u00efque.<\/p>\n<p>&nbsp;<\/p>\n<p>&nbsp;<\/p>\n","protected":false},"featured_media":90256,"template":"","meta":{"_acf_changed":false},"product_brand":[],"product_cat":[6406,6492],"product_tag":[5306],"class_list":{"0":"post-90253","1":"product","2":"type-product","3":"status-publish","4":"has-post-thumbnail","6":"product_cat-objets-dart-anciens-fr","7":"product_cat-objets-dart","8":"product_tag-objets-de-collection","9":"product_shipping_class-dhl-fr","11":"first","12":"outofstock","13":"taxable","14":"shipping-taxable","15":"product-type-simple"},"acf":[],"yoast_head":"<!-- This site is optimized with the Yoast SEO Premium plugin v27.3 (Yoast SEO v27.4) - https:\/\/yoast.com\/product\/yoast-seo-premium-wordpress\/ -->\n<title>Sculpture Fossile en\u00a0Bois P\u00e9trifi\u00e9 - Egidi MadeinItaly<\/title>\n<meta name=\"description\" content=\"Dans les environnements modernes des plus classiques aux plus Pop placer des pierres fossiles comme \u00e9l\u00e9ments de d\u00e9coration fait tendance.Visitez Egidi MadeinItaly\" \/>\n<meta name=\"robots\" content=\"index, follow, max-snippet:-1, max-image-preview:large, max-video-preview:-1\" \/>\n<link rel=\"canonical\" href=\"https:\/\/egidimadeinitaly.com\/fr\/produit\/objets-dart\/objets-dart-anciens-fr\/sculpture-fossile-en-bois-petrifie\/\" \/>\n<meta property=\"og:locale\" content=\"fr_FR\" \/>\n<meta property=\"og:type\" content=\"article\" \/>\n<meta property=\"og:title\" content=\"Sculpture Fossile en\u00a0Bois P\u00e9trifi\u00e9\" \/>\n<meta property=\"og:description\" content=\"Sculpture en\u00a0 bois p\u00e9trifi\u00e9, marron, Indon\u00e9sie,\u00a0 \u00e8re c\u00e9nozo\u00efque.  &nbsp;  &nbsp;\" \/>\n<meta property=\"og:url\" content=\"https:\/\/egidimadeinitaly.com\/fr\/produit\/objets-dart\/objets-dart-anciens-fr\/sculpture-fossile-en-bois-petrifie\/\" \/>\n<meta property=\"og:site_name\" content=\"Egidi MadeinItaly\" \/>\n<meta property=\"article:publisher\" content=\"https:\/\/www.facebook.com\/egidimadeinitaly\/\" \/>\n<meta property=\"article:modified_time\" content=\"2025-01-10T09:06:24+00:00\" \/>\n<meta property=\"og:image\" content=\"https:\/\/egidimadeinitaly.com\/wp-content\/uploads\/2020\/05\/40DC1363-0A07-4373-9A95-1C4C00A309AE.jpeg\" \/>\n\t<meta property=\"og:image:width\" content=\"2560\" \/>\n\t<meta property=\"og:image:height\" content=\"2560\" \/>\n\t<meta property=\"og:image:type\" content=\"image\/jpeg\" \/>\n<script type=\"application\/ld+json\" class=\"yoast-schema-graph\">{\"@context\":\"https:\\\/\\\/schema.org\",\"@graph\":[{\"@type\":\"WebPage\",\"@id\":\"https:\\\/\\\/egidimadeinitaly.com\\\/fr\\\/negozio\\\/objets-dart\\\/objets-dart-anciens-fr\\\/sculpture-fossile-en-bois-petrifie\\\/\",\"url\":\"https:\\\/\\\/egidimadeinitaly.com\\\/fr\\\/produit\\\/objets-dart\\\/objets-dart-anciens-fr\\\/sculpture-fossile-en-bois-petrifie\\\/\",\"name\":\"Sculpture Fossile en\u00a0Bois P\u00e9trifi\u00e9 - Egidi MadeinItaly\",\"isPartOf\":{\"@id\":\"https:\\\/\\\/egidimadeinitaly.com\\\/fr\\\/#website\"},\"primaryImageOfPage\":{\"@id\":\"https:\\\/\\\/egidimadeinitaly.com\\\/fr\\\/produit\\\/objets-dart\\\/objets-dart-anciens-fr\\\/sculpture-fossile-en-bois-petrifie\\\/#primaryimage\"},\"image\":{\"@id\":\"https:\\\/\\\/egidimadeinitaly.com\\\/fr\\\/produit\\\/objets-dart\\\/objets-dart-anciens-fr\\\/sculpture-fossile-en-bois-petrifie\\\/#primaryimage\"},\"thumbnailUrl\":\"https:\\\/\\\/egidimadeinitaly.com\\\/v25\\\/wp-content\\\/uploads\\\/2020\\\/05\\\/40DC1363-0A07-4373-9A95-1C4C00A309AE.jpeg\",\"datePublished\":\"2020-05-25T09:38:44+00:00\",\"dateModified\":\"2025-01-10T09:06:24+00:00\",\"description\":\"Dans les environnements modernes des plus classiques aux plus Pop placer des pierres fossiles comme \u00e9l\u00e9ments de d\u00e9coration fait tendance.Visitez Egidi MadeinItaly\",\"breadcrumb\":{\"@id\":\"https:\\\/\\\/egidimadeinitaly.com\\\/fr\\\/produit\\\/objets-dart\\\/objets-dart-anciens-fr\\\/sculpture-fossile-en-bois-petrifie\\\/#breadcrumb\"},\"inLanguage\":\"fr-FR\",\"potentialAction\":[{\"@type\":\"ReadAction\",\"target\":[\"https:\\\/\\\/egidimadeinitaly.com\\\/fr\\\/produit\\\/objets-dart\\\/objets-dart-anciens-fr\\\/sculpture-fossile-en-bois-petrifie\\\/\"]}]},{\"@type\":\"ImageObject\",\"inLanguage\":\"fr-FR\",\"@id\":\"https:\\\/\\\/egidimadeinitaly.com\\\/fr\\\/produit\\\/objets-dart\\\/objets-dart-anciens-fr\\\/sculpture-fossile-en-bois-petrifie\\\/#primaryimage\",\"url\":\"https:\\\/\\\/egidimadeinitaly.com\\\/v25\\\/wp-content\\\/uploads\\\/2020\\\/05\\\/40DC1363-0A07-4373-9A95-1C4C00A309AE.jpeg\",\"contentUrl\":\"https:\\\/\\\/egidimadeinitaly.com\\\/v25\\\/wp-content\\\/uploads\\\/2020\\\/05\\\/40DC1363-0A07-4373-9A95-1C4C00A309AE.jpeg\",\"width\":2560,\"height\":2560,\"caption\":\"Sculpture Fossile en Bois P\u00e9trifi\u00e9\"},{\"@type\":\"BreadcrumbList\",\"@id\":\"https:\\\/\\\/egidimadeinitaly.com\\\/fr\\\/produit\\\/objets-dart\\\/objets-dart-anciens-fr\\\/sculpture-fossile-en-bois-petrifie\\\/#breadcrumb\",\"itemListElement\":[{\"@type\":\"ListItem\",\"position\":1,\"name\":\"Home\",\"item\":\"https:\\\/\\\/egidimadeinitaly.com\\\/fr\\\/\"},{\"@type\":\"ListItem\",\"position\":2,\"name\":\"Produits\",\"item\":\"https:\\\/\\\/egidimadeinitaly.com\\\/fr\\\/shop\\\/\"},{\"@type\":\"ListItem\",\"position\":3,\"name\":\"Objets d\u2019art\",\"item\":\"https:\\\/\\\/egidimadeinitaly.com\\\/fr\\\/product-category\\\/objets-dart\\\/\"},{\"@type\":\"ListItem\",\"position\":4,\"name\":\"Objets d'art anciens\",\"item\":\"https:\\\/\\\/egidimadeinitaly.com\\\/fr\\\/product-category\\\/objets-dart\\\/objets-dart-anciens-fr\\\/\"},{\"@type\":\"ListItem\",\"position\":5,\"name\":\"Sculpture Fossile en\u00a0Bois P\u00e9trifi\u00e9\"}]},{\"@type\":\"WebSite\",\"@id\":\"https:\\\/\\\/egidimadeinitaly.com\\\/fr\\\/#website\",\"url\":\"https:\\\/\\\/egidimadeinitaly.com\\\/fr\\\/\",\"name\":\"Egidi MadeinItaly\",\"description\":\"Fine Art\",\"potentialAction\":[{\"@type\":\"SearchAction\",\"target\":{\"@type\":\"EntryPoint\",\"urlTemplate\":\"https:\\\/\\\/egidimadeinitaly.com\\\/fr\\\/?s={search_term_string}\"},\"query-input\":{\"@type\":\"PropertyValueSpecification\",\"valueRequired\":true,\"valueName\":\"search_term_string\"}}],\"inLanguage\":\"fr-FR\"}]}<\/script>\n<!-- \/ Yoast SEO Premium plugin. -->","yoast_head_json":{"title":"Sculpture Fossile en\u00a0Bois P\u00e9trifi\u00e9 - Egidi MadeinItaly","description":"Dans les environnements modernes des plus classiques aux plus Pop placer des pierres fossiles comme \u00e9l\u00e9ments de d\u00e9coration fait tendance.Visitez Egidi MadeinItaly","robots":{"index":"index","follow":"follow","max-snippet":"max-snippet:-1","max-image-preview":"max-image-preview:large","max-video-preview":"max-video-preview:-1"},"canonical":"https:\/\/egidimadeinitaly.com\/fr\/produit\/objets-dart\/objets-dart-anciens-fr\/sculpture-fossile-en-bois-petrifie\/","og_locale":"fr_FR","og_type":"article","og_title":"Sculpture Fossile en\u00a0Bois P\u00e9trifi\u00e9","og_description":"Sculpture en\u00a0 bois p\u00e9trifi\u00e9, marron, Indon\u00e9sie,\u00a0 \u00e8re c\u00e9nozo\u00efque.  &nbsp;  &nbsp;","og_url":"https:\/\/egidimadeinitaly.com\/fr\/produit\/objets-dart\/objets-dart-anciens-fr\/sculpture-fossile-en-bois-petrifie\/","og_site_name":"Egidi MadeinItaly","article_publisher":"https:\/\/www.facebook.com\/egidimadeinitaly\/","article_modified_time":"2025-01-10T09:06:24+00:00","og_image":[{"width":2560,"height":2560,"url":"https:\/\/egidimadeinitaly.com\/wp-content\/uploads\/2020\/05\/40DC1363-0A07-4373-9A95-1C4C00A309AE.jpeg","type":"image\/jpeg"}],"schema":{"@context":"https:\/\/schema.org","@graph":[{"@type":"WebPage","@id":"https:\/\/egidimadeinitaly.com\/fr\/negozio\/objets-dart\/objets-dart-anciens-fr\/sculpture-fossile-en-bois-petrifie\/","url":"https:\/\/egidimadeinitaly.com\/fr\/produit\/objets-dart\/objets-dart-anciens-fr\/sculpture-fossile-en-bois-petrifie\/","name":"Sculpture Fossile en\u00a0Bois P\u00e9trifi\u00e9 - Egidi MadeinItaly","isPartOf":{"@id":"https:\/\/egidimadeinitaly.com\/fr\/#website"},"primaryImageOfPage":{"@id":"https:\/\/egidimadeinitaly.com\/fr\/produit\/objets-dart\/objets-dart-anciens-fr\/sculpture-fossile-en-bois-petrifie\/#primaryimage"},"image":{"@id":"https:\/\/egidimadeinitaly.com\/fr\/produit\/objets-dart\/objets-dart-anciens-fr\/sculpture-fossile-en-bois-petrifie\/#primaryimage"},"thumbnailUrl":"https:\/\/egidimadeinitaly.com\/v25\/wp-content\/uploads\/2020\/05\/40DC1363-0A07-4373-9A95-1C4C00A309AE.jpeg","datePublished":"2020-05-25T09:38:44+00:00","dateModified":"2025-01-10T09:06:24+00:00","description":"Dans les environnements modernes des plus classiques aux plus Pop placer des pierres fossiles comme \u00e9l\u00e9ments de d\u00e9coration fait tendance.Visitez Egidi MadeinItaly","breadcrumb":{"@id":"https:\/\/egidimadeinitaly.com\/fr\/produit\/objets-dart\/objets-dart-anciens-fr\/sculpture-fossile-en-bois-petrifie\/#breadcrumb"},"inLanguage":"fr-FR","potentialAction":[{"@type":"ReadAction","target":["https:\/\/egidimadeinitaly.com\/fr\/produit\/objets-dart\/objets-dart-anciens-fr\/sculpture-fossile-en-bois-petrifie\/"]}]},{"@type":"ImageObject","inLanguage":"fr-FR","@id":"https:\/\/egidimadeinitaly.com\/fr\/produit\/objets-dart\/objets-dart-anciens-fr\/sculpture-fossile-en-bois-petrifie\/#primaryimage","url":"https:\/\/egidimadeinitaly.com\/v25\/wp-content\/uploads\/2020\/05\/40DC1363-0A07-4373-9A95-1C4C00A309AE.jpeg","contentUrl":"https:\/\/egidimadeinitaly.com\/v25\/wp-content\/uploads\/2020\/05\/40DC1363-0A07-4373-9A95-1C4C00A309AE.jpeg","width":2560,"height":2560,"caption":"Sculpture Fossile en Bois P\u00e9trifi\u00e9"},{"@type":"BreadcrumbList","@id":"https:\/\/egidimadeinitaly.com\/fr\/produit\/objets-dart\/objets-dart-anciens-fr\/sculpture-fossile-en-bois-petrifie\/#breadcrumb","itemListElement":[{"@type":"ListItem","position":1,"name":"Home","item":"https:\/\/egidimadeinitaly.com\/fr\/"},{"@type":"ListItem","position":2,"name":"Produits","item":"https:\/\/egidimadeinitaly.com\/fr\/shop\/"},{"@type":"ListItem","position":3,"name":"Objets d\u2019art","item":"https:\/\/egidimadeinitaly.com\/fr\/product-category\/objets-dart\/"},{"@type":"ListItem","position":4,"name":"Objets d'art anciens","item":"https:\/\/egidimadeinitaly.com\/fr\/product-category\/objets-dart\/objets-dart-anciens-fr\/"},{"@type":"ListItem","position":5,"name":"Sculpture Fossile en\u00a0Bois P\u00e9trifi\u00e9"}]},{"@type":"WebSite","@id":"https:\/\/egidimadeinitaly.com\/fr\/#website","url":"https:\/\/egidimadeinitaly.com\/fr\/","name":"Egidi MadeinItaly","description":"Fine Art","potentialAction":[{"@type":"SearchAction","target":{"@type":"EntryPoint","urlTemplate":"https:\/\/egidimadeinitaly.com\/fr\/?s={search_term_string}"},"query-input":{"@type":"PropertyValueSpecification","valueRequired":true,"valueName":"search_term_string"}}],"inLanguage":"fr-FR"}]}},"_links":{"self":[{"href":"https:\/\/egidimadeinitaly.com\/fr\/wp-json\/wp\/v2\/product\/90253","targetHints":{"allow":["GET"]}}],"collection":[{"href":"https:\/\/egidimadeinitaly.com\/fr\/wp-json\/wp\/v2\/product"}],"about":[{"href":"https:\/\/egidimadeinitaly.com\/fr\/wp-json\/wp\/v2\/types\/product"}],"wp:featuredmedia":[{"embeddable":true,"href":"https:\/\/egidimadeinitaly.com\/fr\/wp-json\/wp\/v2\/media\/90256"}],"wp:attachment":[{"href":"https:\/\/egidimadeinitaly.com\/fr\/wp-json\/wp\/v2\/media?parent=90253"}],"wp:term":[{"taxonomy":"product_brand","embeddable":true,"href":"https:\/\/egidimadeinitaly.com\/fr\/wp-json\/wp\/v2\/product_brand?post=90253"},{"taxonomy":"product_cat","embeddable":true,"href":"https:\/\/egidimadeinitaly.com\/fr\/wp-json\/wp\/v2\/product_cat?post=90253"},{"taxonomy":"product_tag","embeddable":true,"href":"https:\/\/egidimadeinitaly.com\/fr\/wp-json\/wp\/v2\/product_tag?post=90253"}],"curies":[{"name":"wp","href":"https:\/\/api.w.org\/{rel}","templated":true}]}}