{"id":89841,"date":"2020-05-25T08:05:57","date_gmt":"2020-05-25T07:05:57","guid":{"rendered":"https:\/\/egidimadeinitaly.com\/ecomsite\/?post_type=product&#038;p=89841"},"modified":"2025-04-22T17:01:13","modified_gmt":"2025-04-22T16:01:13","slug":"banquette-italienne-en-noyer","status":"publish","type":"product","link":"https:\/\/egidimadeinitaly.com\/fr\/negozio\/objets-dart\/objets-dart-anciens-fr\/banquette-italienne-en-noyer\/","title":{"rendered":"Banquette Italienne en Noyer"},"content":{"rendered":"<p>Divan en noyer avec assise en paille et dossier ajour\u00e9 Louis XVI Toscane 1750.<\/p>\n<p>La paille du si\u00e8ge (assise) est d\u2019origine et parfaitement conserv\u00e9e. Elle est travaill\u00e9e \u00e0 la main pour former un motif en damier, difficile \u00e0 r\u00e9aliser. L\u2019assise est divis\u00e9e en deux parties qui s\u2019embo\u00eetent.<\/p>\n<p>Les pieds du devant sont\u00a0 lisses et effil\u00e9s et se courbent l\u00e9g\u00e8rement vers le haut pour servir de support aux accoudoirs l\u00e9g\u00e8rement fa\u00e7onn\u00e9s.<\/p>\n<p>Par contre, les pieds arri\u00e8re sont\u00a0 carr\u00e9s et se prolongent vers le haut pour former les supports lat\u00e9raux du dossier.<\/p>\n<p>Le dossier ajour\u00e9 est une structure carr\u00e9e, agr\u00e9ment\u00e9 au centre de\u00a0 quatre \u00e9l\u00e9gants motifs ajour\u00e9<\/p>\n<p>Le style Louis XVI pr\u00e9sente en Toscane des motifs d\u00e9coratifs difficiles \u00e0 trouver dans d\u2019autres meubles de ce style, habituellement pleins, conform\u00e9ment aux crit\u00e8res classiques.<\/p>\n","protected":false},"excerpt":{"rendered":"<p>Banquette en noyer avec assise en paille et Toscane 1750<\/p>\n<p>&nbsp;<\/p>\n","protected":false},"featured_media":89519,"template":"","meta":{"_acf_changed":false},"product_brand":[],"product_cat":[6406,6492],"product_tag":[4451],"class_list":{"0":"post-89841","1":"product","2":"type-product","3":"status-publish","4":"has-post-thumbnail","6":"product_cat-objets-dart-anciens-fr","7":"product_cat-objets-dart","8":"product_tag-louis-xvi-fr","9":"product_shipping_class-dhl-fr","11":"first","12":"outofstock","13":"taxable","14":"shipping-taxable","15":"product-type-simple"},"acf":[],"yoast_head":"<!-- This site is optimized with the Yoast SEO Premium plugin v27.3 (Yoast SEO v27.4) - https:\/\/yoast.com\/product\/yoast-seo-premium-wordpress\/ -->\n<title>Banquette Italienne en Noyer - Egidi MadeinItaly<\/title>\n<meta name=\"description\" content=\"Banquette italienne toscane en noyer avec assise en corde est parfait dans votre entr\u00e9e. Antiquit\u00e9s de luxe. En vente sur Egidi MadeinItaly\" \/>\n<meta name=\"robots\" content=\"index, follow, max-snippet:-1, max-image-preview:large, max-video-preview:-1\" \/>\n<link rel=\"canonical\" href=\"https:\/\/egidimadeinitaly.com\/fr\/produit\/objets-dart\/objets-dart-anciens-fr\/banquette-italienne-en-noyer\/\" \/>\n<meta property=\"og:locale\" content=\"fr_FR\" \/>\n<meta property=\"og:type\" content=\"article\" \/>\n<meta property=\"og:title\" content=\"Banquette Italienne en Noyer\" \/>\n<meta property=\"og:description\" content=\"Banquette en noyer avec assise en paille et Toscane 1750  &nbsp;\" \/>\n<meta property=\"og:url\" content=\"https:\/\/egidimadeinitaly.com\/fr\/produit\/objets-dart\/objets-dart-anciens-fr\/banquette-italienne-en-noyer\/\" \/>\n<meta property=\"og:site_name\" content=\"Egidi MadeinItaly\" \/>\n<meta property=\"article:publisher\" content=\"https:\/\/www.facebook.com\/egidimadeinitaly\/\" \/>\n<meta property=\"article:modified_time\" content=\"2025-04-22T16:01:13+00:00\" \/>\n<meta property=\"og:image\" content=\"https:\/\/egidimadeinitaly.com\/wp-content\/uploads\/2020\/05\/M24-1-copy-scaled-e1691076167512.jpg\" \/>\n\t<meta property=\"og:image:width\" content=\"2560\" \/>\n\t<meta property=\"og:image:height\" content=\"2560\" \/>\n\t<meta property=\"og:image:type\" content=\"image\/jpeg\" \/>\n<script type=\"application\/ld+json\" class=\"yoast-schema-graph\">{\"@context\":\"https:\\\/\\\/schema.org\",\"@graph\":[{\"@type\":\"WebPage\",\"@id\":\"https:\\\/\\\/egidimadeinitaly.com\\\/fr\\\/negozio\\\/objets-dart\\\/objets-dart-anciens-fr\\\/banquette-italienne-en-noyer\\\/\",\"url\":\"https:\\\/\\\/egidimadeinitaly.com\\\/fr\\\/produit\\\/objets-dart\\\/objets-dart-anciens-fr\\\/banquette-italienne-en-noyer\\\/\",\"name\":\"Banquette Italienne en Noyer - Egidi MadeinItaly\",\"isPartOf\":{\"@id\":\"https:\\\/\\\/egidimadeinitaly.com\\\/fr\\\/#website\"},\"primaryImageOfPage\":{\"@id\":\"https:\\\/\\\/egidimadeinitaly.com\\\/fr\\\/produit\\\/objets-dart\\\/objets-dart-anciens-fr\\\/banquette-italienne-en-noyer\\\/#primaryimage\"},\"image\":{\"@id\":\"https:\\\/\\\/egidimadeinitaly.com\\\/fr\\\/produit\\\/objets-dart\\\/objets-dart-anciens-fr\\\/banquette-italienne-en-noyer\\\/#primaryimage\"},\"thumbnailUrl\":\"https:\\\/\\\/egidimadeinitaly.com\\\/v25\\\/wp-content\\\/uploads\\\/2020\\\/05\\\/M24-1-copy-scaled-e1691076167512.jpg\",\"datePublished\":\"2020-05-25T07:05:57+00:00\",\"dateModified\":\"2025-04-22T16:01:13+00:00\",\"description\":\"Banquette italienne toscane en noyer avec assise en corde est parfait dans votre entr\u00e9e. Antiquit\u00e9s de luxe. En vente sur Egidi MadeinItaly\",\"breadcrumb\":{\"@id\":\"https:\\\/\\\/egidimadeinitaly.com\\\/fr\\\/produit\\\/objets-dart\\\/objets-dart-anciens-fr\\\/banquette-italienne-en-noyer\\\/#breadcrumb\"},\"inLanguage\":\"fr-FR\",\"potentialAction\":[{\"@type\":\"ReadAction\",\"target\":[\"https:\\\/\\\/egidimadeinitaly.com\\\/fr\\\/produit\\\/objets-dart\\\/objets-dart-anciens-fr\\\/banquette-italienne-en-noyer\\\/\"]}]},{\"@type\":\"ImageObject\",\"inLanguage\":\"fr-FR\",\"@id\":\"https:\\\/\\\/egidimadeinitaly.com\\\/fr\\\/produit\\\/objets-dart\\\/objets-dart-anciens-fr\\\/banquette-italienne-en-noyer\\\/#primaryimage\",\"url\":\"https:\\\/\\\/egidimadeinitaly.com\\\/v25\\\/wp-content\\\/uploads\\\/2020\\\/05\\\/M24-1-copy-scaled-e1691076167512.jpg\",\"contentUrl\":\"https:\\\/\\\/egidimadeinitaly.com\\\/v25\\\/wp-content\\\/uploads\\\/2020\\\/05\\\/M24-1-copy-scaled-e1691076167512.jpg\",\"width\":2560,\"height\":2560,\"caption\":\"Canap\u00e9 Toscan Louis XVI Ien Noyer avec Dossier Ajour\u00e9\"},{\"@type\":\"BreadcrumbList\",\"@id\":\"https:\\\/\\\/egidimadeinitaly.com\\\/fr\\\/produit\\\/objets-dart\\\/objets-dart-anciens-fr\\\/banquette-italienne-en-noyer\\\/#breadcrumb\",\"itemListElement\":[{\"@type\":\"ListItem\",\"position\":1,\"name\":\"Home\",\"item\":\"https:\\\/\\\/egidimadeinitaly.com\\\/fr\\\/\"},{\"@type\":\"ListItem\",\"position\":2,\"name\":\"Produits\",\"item\":\"https:\\\/\\\/egidimadeinitaly.com\\\/fr\\\/shop\\\/\"},{\"@type\":\"ListItem\",\"position\":3,\"name\":\"Objets d\u2019art\",\"item\":\"https:\\\/\\\/egidimadeinitaly.com\\\/fr\\\/product-category\\\/objets-dart\\\/\"},{\"@type\":\"ListItem\",\"position\":4,\"name\":\"Objets d'art anciens\",\"item\":\"https:\\\/\\\/egidimadeinitaly.com\\\/fr\\\/product-category\\\/objets-dart\\\/objets-dart-anciens-fr\\\/\"},{\"@type\":\"ListItem\",\"position\":5,\"name\":\"Banquette Italienne en Noyer\"}]},{\"@type\":\"WebSite\",\"@id\":\"https:\\\/\\\/egidimadeinitaly.com\\\/fr\\\/#website\",\"url\":\"https:\\\/\\\/egidimadeinitaly.com\\\/fr\\\/\",\"name\":\"Egidi MadeinItaly\",\"description\":\"Fine Art\",\"potentialAction\":[{\"@type\":\"SearchAction\",\"target\":{\"@type\":\"EntryPoint\",\"urlTemplate\":\"https:\\\/\\\/egidimadeinitaly.com\\\/fr\\\/?s={search_term_string}\"},\"query-input\":{\"@type\":\"PropertyValueSpecification\",\"valueRequired\":true,\"valueName\":\"search_term_string\"}}],\"inLanguage\":\"fr-FR\"}]}<\/script>\n<!-- \/ Yoast SEO Premium plugin. -->","yoast_head_json":{"title":"Banquette Italienne en Noyer - Egidi MadeinItaly","description":"Banquette italienne toscane en noyer avec assise en corde est parfait dans votre entr\u00e9e. Antiquit\u00e9s de luxe. En vente sur Egidi MadeinItaly","robots":{"index":"index","follow":"follow","max-snippet":"max-snippet:-1","max-image-preview":"max-image-preview:large","max-video-preview":"max-video-preview:-1"},"canonical":"https:\/\/egidimadeinitaly.com\/fr\/produit\/objets-dart\/objets-dart-anciens-fr\/banquette-italienne-en-noyer\/","og_locale":"fr_FR","og_type":"article","og_title":"Banquette Italienne en Noyer","og_description":"Banquette en noyer avec assise en paille et Toscane 1750  &nbsp;","og_url":"https:\/\/egidimadeinitaly.com\/fr\/produit\/objets-dart\/objets-dart-anciens-fr\/banquette-italienne-en-noyer\/","og_site_name":"Egidi MadeinItaly","article_publisher":"https:\/\/www.facebook.com\/egidimadeinitaly\/","article_modified_time":"2025-04-22T16:01:13+00:00","og_image":[{"width":2560,"height":2560,"url":"https:\/\/egidimadeinitaly.com\/wp-content\/uploads\/2020\/05\/M24-1-copy-scaled-e1691076167512.jpg","type":"image\/jpeg"}],"schema":{"@context":"https:\/\/schema.org","@graph":[{"@type":"WebPage","@id":"https:\/\/egidimadeinitaly.com\/fr\/negozio\/objets-dart\/objets-dart-anciens-fr\/banquette-italienne-en-noyer\/","url":"https:\/\/egidimadeinitaly.com\/fr\/produit\/objets-dart\/objets-dart-anciens-fr\/banquette-italienne-en-noyer\/","name":"Banquette Italienne en Noyer - Egidi MadeinItaly","isPartOf":{"@id":"https:\/\/egidimadeinitaly.com\/fr\/#website"},"primaryImageOfPage":{"@id":"https:\/\/egidimadeinitaly.com\/fr\/produit\/objets-dart\/objets-dart-anciens-fr\/banquette-italienne-en-noyer\/#primaryimage"},"image":{"@id":"https:\/\/egidimadeinitaly.com\/fr\/produit\/objets-dart\/objets-dart-anciens-fr\/banquette-italienne-en-noyer\/#primaryimage"},"thumbnailUrl":"https:\/\/egidimadeinitaly.com\/v25\/wp-content\/uploads\/2020\/05\/M24-1-copy-scaled-e1691076167512.jpg","datePublished":"2020-05-25T07:05:57+00:00","dateModified":"2025-04-22T16:01:13+00:00","description":"Banquette italienne toscane en noyer avec assise en corde est parfait dans votre entr\u00e9e. Antiquit\u00e9s de luxe. En vente sur Egidi MadeinItaly","breadcrumb":{"@id":"https:\/\/egidimadeinitaly.com\/fr\/produit\/objets-dart\/objets-dart-anciens-fr\/banquette-italienne-en-noyer\/#breadcrumb"},"inLanguage":"fr-FR","potentialAction":[{"@type":"ReadAction","target":["https:\/\/egidimadeinitaly.com\/fr\/produit\/objets-dart\/objets-dart-anciens-fr\/banquette-italienne-en-noyer\/"]}]},{"@type":"ImageObject","inLanguage":"fr-FR","@id":"https:\/\/egidimadeinitaly.com\/fr\/produit\/objets-dart\/objets-dart-anciens-fr\/banquette-italienne-en-noyer\/#primaryimage","url":"https:\/\/egidimadeinitaly.com\/v25\/wp-content\/uploads\/2020\/05\/M24-1-copy-scaled-e1691076167512.jpg","contentUrl":"https:\/\/egidimadeinitaly.com\/v25\/wp-content\/uploads\/2020\/05\/M24-1-copy-scaled-e1691076167512.jpg","width":2560,"height":2560,"caption":"Canap\u00e9 Toscan Louis XVI Ien Noyer avec Dossier Ajour\u00e9"},{"@type":"BreadcrumbList","@id":"https:\/\/egidimadeinitaly.com\/fr\/produit\/objets-dart\/objets-dart-anciens-fr\/banquette-italienne-en-noyer\/#breadcrumb","itemListElement":[{"@type":"ListItem","position":1,"name":"Home","item":"https:\/\/egidimadeinitaly.com\/fr\/"},{"@type":"ListItem","position":2,"name":"Produits","item":"https:\/\/egidimadeinitaly.com\/fr\/shop\/"},{"@type":"ListItem","position":3,"name":"Objets d\u2019art","item":"https:\/\/egidimadeinitaly.com\/fr\/product-category\/objets-dart\/"},{"@type":"ListItem","position":4,"name":"Objets d'art anciens","item":"https:\/\/egidimadeinitaly.com\/fr\/product-category\/objets-dart\/objets-dart-anciens-fr\/"},{"@type":"ListItem","position":5,"name":"Banquette Italienne en Noyer"}]},{"@type":"WebSite","@id":"https:\/\/egidimadeinitaly.com\/fr\/#website","url":"https:\/\/egidimadeinitaly.com\/fr\/","name":"Egidi MadeinItaly","description":"Fine Art","potentialAction":[{"@type":"SearchAction","target":{"@type":"EntryPoint","urlTemplate":"https:\/\/egidimadeinitaly.com\/fr\/?s={search_term_string}"},"query-input":{"@type":"PropertyValueSpecification","valueRequired":true,"valueName":"search_term_string"}}],"inLanguage":"fr-FR"}]}},"_links":{"self":[{"href":"https:\/\/egidimadeinitaly.com\/fr\/wp-json\/wp\/v2\/product\/89841","targetHints":{"allow":["GET"]}}],"collection":[{"href":"https:\/\/egidimadeinitaly.com\/fr\/wp-json\/wp\/v2\/product"}],"about":[{"href":"https:\/\/egidimadeinitaly.com\/fr\/wp-json\/wp\/v2\/types\/product"}],"wp:featuredmedia":[{"embeddable":true,"href":"https:\/\/egidimadeinitaly.com\/fr\/wp-json\/wp\/v2\/media\/89519"}],"wp:attachment":[{"href":"https:\/\/egidimadeinitaly.com\/fr\/wp-json\/wp\/v2\/media?parent=89841"}],"wp:term":[{"taxonomy":"product_brand","embeddable":true,"href":"https:\/\/egidimadeinitaly.com\/fr\/wp-json\/wp\/v2\/product_brand?post=89841"},{"taxonomy":"product_cat","embeddable":true,"href":"https:\/\/egidimadeinitaly.com\/fr\/wp-json\/wp\/v2\/product_cat?post=89841"},{"taxonomy":"product_tag","embeddable":true,"href":"https:\/\/egidimadeinitaly.com\/fr\/wp-json\/wp\/v2\/product_tag?post=89841"}],"curies":[{"name":"wp","href":"https:\/\/api.w.org\/{rel}","templated":true}]}}