{"id":89782,"date":"2020-06-13T19:57:50","date_gmt":"2020-06-13T18:57:50","guid":{"rendered":"https:\/\/egidimadeinitaly.com\/ecomsite\/?post_type=product&#038;p=89782"},"modified":"2023-01-18T12:31:26","modified_gmt":"2023-01-18T11:31:26","slug":"ancien-tableau-campagne-romaine","status":"publish","type":"product","link":"https:\/\/egidimadeinitaly.com\/fr\/negozio\/art-ancien\/tableaux-anciens-fr\/ancien-tableau-campagne-romaine\/","title":{"rendered":"Ancien Tableau Campagne Romaine"},"content":{"rendered":"<p>Le premier plan montre des paysans et des outils, et on aper\u00e7oit un cavalier au second plan.<\/p>\n<p>Un arbre tr\u00e8s imposant domine toute la sc\u00e8ne, et on aper\u00e7oit sous ses branches les puissantes murailles de ce qui semble \u00eatre une sorte de ch\u00e2teau ou une forteresse.<\/p>\n<p>La sc\u00e8ne se d\u00e9roule sur les rives d\u2019un Tibre placide dont le flux lent rythme le temps de la campagne romaine depuis des si\u00e8cles.<\/p>\n<p>En arri\u00e8re-plan, mais toujours protagoniste, l\u2019horizon incomparable de la Ville \u00e9ternelle.<\/p>\n<p>La Coupole de Saint Pierre se d\u00e9tache au loin sous la lumi\u00e8re inaccessible du ciel au-dessus de Rome.<\/p>\n<p>Il a \u00e9t\u00e9 rentoil\u00e9 r\u00e9cemment, et ses conditions sont pratiquement parfaites. Il est rehauss\u00e9 d\u2019un cadre en bois dor\u00e9.<\/p>\n<p>\u00c9cole Van Lint huile sur toile avec cadre Campagne romaine. Moiti\u00e9 du 18\u00e8me si\u00e8cle<\/p>\n<p>Notre peintre fait partie de l\u2019\u00e9cole flamande et des artistes qui travaill\u00e8rent dans la capitale italienne \u00e0 partir de la seconde moiti\u00e9 du XVIIIe si\u00e8cle.<\/p>\n<p>&nbsp;<\/p>\n","protected":false},"excerpt":{"rendered":"<p>Huile sur toile avec cadre en bois dor\u00e9 repr\u00e9sentant un paysage de la campagne romaine avec des personnages et Rome en arri\u00e8re-plan. Cercle de fr\u00e8res Van Lint.<\/p>\n","protected":false},"featured_media":91260,"template":"","meta":{"_acf_changed":false},"product_brand":[],"product_cat":[6374,6408],"product_tag":[5361,2573,5457],"class_list":{"0":"post-89782","1":"product","2":"type-product","3":"status-publish","4":"has-post-thumbnail","6":"product_cat-art-ancien","7":"product_cat-tableaux-anciens-fr","8":"product_tag-decoration-murale","9":"product_tag-grand-tour-fr","10":"product_tag-paysage","11":"product_shipping_class-dhl-fr","13":"first","14":"outofstock","15":"shipping-taxable","16":"product-type-simple"},"acf":[],"yoast_head":"<!-- This site is optimized with the Yoast SEO Premium plugin v27.3 (Yoast SEO v27.4) - https:\/\/yoast.com\/product\/yoast-seo-premium-wordpress\/ -->\n<title>Ancien Tableau Campagne Romaine - Egidi MadeinItaly<\/title>\n<meta name=\"description\" content=\"Campagne romaine Entourage de Van Lint tr\u00e8s belle Peinture avec cadre en bois dor\u00e9. Antiquit\u00e9s de collection Visitez le catalogue Egidi MadeinItaly.\" \/>\n<meta name=\"robots\" content=\"index, follow, max-snippet:-1, max-image-preview:large, max-video-preview:-1\" \/>\n<link rel=\"canonical\" href=\"https:\/\/egidimadeinitaly.com\/fr\/negozio\/art-ancien\/tableaux-anciens-fr\/ancien-tableau-campagne-romaine\/\" \/>\n<meta property=\"og:locale\" content=\"fr_FR\" \/>\n<meta property=\"og:type\" content=\"article\" \/>\n<meta property=\"og:title\" content=\"Ancien Tableau Campagne Romaine\" \/>\n<meta property=\"og:description\" content=\"Huile sur toile avec cadre en bois dor\u00e9 repr\u00e9sentant un paysage de la campagne romaine avec des personnages et Rome en arri\u00e8re-plan. Cercle de fr\u00e8res Van Lint.\" \/>\n<meta property=\"og:url\" content=\"https:\/\/egidimadeinitaly.com\/fr\/negozio\/art-ancien\/tableaux-anciens-fr\/ancien-tableau-campagne-romaine\/\" \/>\n<meta property=\"og:site_name\" content=\"Egidi MadeinItaly\" \/>\n<meta property=\"article:publisher\" content=\"https:\/\/www.facebook.com\/egidimadeinitaly\/\" \/>\n<meta property=\"article:modified_time\" content=\"2023-01-18T11:31:26+00:00\" \/>\n<meta property=\"og:image\" content=\"https:\/\/egidimadeinitaly.com\/wp-content\/uploads\/2020\/05\/0349B197-0CD2-4885-A9F9-40D7AEBB2631-e1722255203395.jpeg\" \/>\n\t<meta property=\"og:image:width\" content=\"900\" \/>\n\t<meta property=\"og:image:height\" content=\"854\" \/>\n\t<meta property=\"og:image:type\" content=\"image\/jpeg\" \/>\n<script type=\"application\/ld+json\" class=\"yoast-schema-graph\">{\"@context\":\"https:\\\/\\\/schema.org\",\"@graph\":[{\"@type\":\"WebPage\",\"@id\":\"https:\\\/\\\/egidimadeinitaly.com\\\/fr\\\/negozio\\\/art-ancien\\\/tableaux-anciens-fr\\\/ancien-tableau-campagne-romaine\\\/\",\"url\":\"https:\\\/\\\/egidimadeinitaly.com\\\/fr\\\/negozio\\\/art-ancien\\\/tableaux-anciens-fr\\\/ancien-tableau-campagne-romaine\\\/\",\"name\":\"Ancien Tableau Campagne Romaine - Egidi MadeinItaly\",\"isPartOf\":{\"@id\":\"https:\\\/\\\/egidimadeinitaly.com\\\/fr\\\/#website\"},\"primaryImageOfPage\":{\"@id\":\"https:\\\/\\\/egidimadeinitaly.com\\\/fr\\\/negozio\\\/art-ancien\\\/tableaux-anciens-fr\\\/ancien-tableau-campagne-romaine\\\/#primaryimage\"},\"image\":{\"@id\":\"https:\\\/\\\/egidimadeinitaly.com\\\/fr\\\/negozio\\\/art-ancien\\\/tableaux-anciens-fr\\\/ancien-tableau-campagne-romaine\\\/#primaryimage\"},\"thumbnailUrl\":\"https:\\\/\\\/egidimadeinitaly.com\\\/v25\\\/wp-content\\\/uploads\\\/2020\\\/05\\\/0349B197-0CD2-4885-A9F9-40D7AEBB2631-e1722255203395.jpeg\",\"datePublished\":\"2020-06-13T18:57:50+00:00\",\"dateModified\":\"2023-01-18T11:31:26+00:00\",\"description\":\"Campagne romaine Entourage de Van Lint tr\u00e8s belle Peinture avec cadre en bois dor\u00e9. Antiquit\u00e9s de collection Visitez le catalogue Egidi MadeinItaly.\",\"breadcrumb\":{\"@id\":\"https:\\\/\\\/egidimadeinitaly.com\\\/fr\\\/negozio\\\/art-ancien\\\/tableaux-anciens-fr\\\/ancien-tableau-campagne-romaine\\\/#breadcrumb\"},\"inLanguage\":\"fr-FR\",\"potentialAction\":[{\"@type\":\"ReadAction\",\"target\":[\"https:\\\/\\\/egidimadeinitaly.com\\\/fr\\\/negozio\\\/art-ancien\\\/tableaux-anciens-fr\\\/ancien-tableau-campagne-romaine\\\/\"]}]},{\"@type\":\"ImageObject\",\"inLanguage\":\"fr-FR\",\"@id\":\"https:\\\/\\\/egidimadeinitaly.com\\\/fr\\\/negozio\\\/art-ancien\\\/tableaux-anciens-fr\\\/ancien-tableau-campagne-romaine\\\/#primaryimage\",\"url\":\"https:\\\/\\\/egidimadeinitaly.com\\\/v25\\\/wp-content\\\/uploads\\\/2020\\\/05\\\/0349B197-0CD2-4885-A9F9-40D7AEBB2631-e1722255203395.jpeg\",\"contentUrl\":\"https:\\\/\\\/egidimadeinitaly.com\\\/v25\\\/wp-content\\\/uploads\\\/2020\\\/05\\\/0349B197-0CD2-4885-A9F9-40D7AEBB2631-e1722255203395.jpeg\",\"width\":900,\"height\":854,\"caption\":\"Tableau Ancien Campagne Romaine\"},{\"@type\":\"BreadcrumbList\",\"@id\":\"https:\\\/\\\/egidimadeinitaly.com\\\/fr\\\/negozio\\\/art-ancien\\\/tableaux-anciens-fr\\\/ancien-tableau-campagne-romaine\\\/#breadcrumb\",\"itemListElement\":[{\"@type\":\"ListItem\",\"position\":1,\"name\":\"Home\",\"item\":\"https:\\\/\\\/egidimadeinitaly.com\\\/fr\\\/\"},{\"@type\":\"ListItem\",\"position\":2,\"name\":\"Produits\",\"item\":\"https:\\\/\\\/egidimadeinitaly.com\\\/fr\\\/shop\\\/\"},{\"@type\":\"ListItem\",\"position\":3,\"name\":\"Art ancien\",\"item\":\"https:\\\/\\\/egidimadeinitaly.com\\\/fr\\\/product-category\\\/art-ancien\\\/\"},{\"@type\":\"ListItem\",\"position\":4,\"name\":\"Tableaux anciens\",\"item\":\"https:\\\/\\\/egidimadeinitaly.com\\\/fr\\\/product-category\\\/art-ancien\\\/tableaux-anciens-fr\\\/\"},{\"@type\":\"ListItem\",\"position\":5,\"name\":\"Ancien Tableau Campagne Romaine\"}]},{\"@type\":\"WebSite\",\"@id\":\"https:\\\/\\\/egidimadeinitaly.com\\\/fr\\\/#website\",\"url\":\"https:\\\/\\\/egidimadeinitaly.com\\\/fr\\\/\",\"name\":\"Egidi MadeinItaly\",\"description\":\"Fine Art\",\"potentialAction\":[{\"@type\":\"SearchAction\",\"target\":{\"@type\":\"EntryPoint\",\"urlTemplate\":\"https:\\\/\\\/egidimadeinitaly.com\\\/fr\\\/?s={search_term_string}\"},\"query-input\":{\"@type\":\"PropertyValueSpecification\",\"valueRequired\":true,\"valueName\":\"search_term_string\"}}],\"inLanguage\":\"fr-FR\"}]}<\/script>\n<!-- \/ Yoast SEO Premium plugin. -->","yoast_head_json":{"title":"Ancien Tableau Campagne Romaine - Egidi MadeinItaly","description":"Campagne romaine Entourage de Van Lint tr\u00e8s belle Peinture avec cadre en bois dor\u00e9. Antiquit\u00e9s de collection Visitez le catalogue Egidi MadeinItaly.","robots":{"index":"index","follow":"follow","max-snippet":"max-snippet:-1","max-image-preview":"max-image-preview:large","max-video-preview":"max-video-preview:-1"},"canonical":"https:\/\/egidimadeinitaly.com\/fr\/negozio\/art-ancien\/tableaux-anciens-fr\/ancien-tableau-campagne-romaine\/","og_locale":"fr_FR","og_type":"article","og_title":"Ancien Tableau Campagne Romaine","og_description":"Huile sur toile avec cadre en bois dor\u00e9 repr\u00e9sentant un paysage de la campagne romaine avec des personnages et Rome en arri\u00e8re-plan. Cercle de fr\u00e8res Van Lint.","og_url":"https:\/\/egidimadeinitaly.com\/fr\/negozio\/art-ancien\/tableaux-anciens-fr\/ancien-tableau-campagne-romaine\/","og_site_name":"Egidi MadeinItaly","article_publisher":"https:\/\/www.facebook.com\/egidimadeinitaly\/","article_modified_time":"2023-01-18T11:31:26+00:00","og_image":[{"width":900,"height":854,"url":"https:\/\/egidimadeinitaly.com\/wp-content\/uploads\/2020\/05\/0349B197-0CD2-4885-A9F9-40D7AEBB2631-e1722255203395.jpeg","type":"image\/jpeg"}],"schema":{"@context":"https:\/\/schema.org","@graph":[{"@type":"WebPage","@id":"https:\/\/egidimadeinitaly.com\/fr\/negozio\/art-ancien\/tableaux-anciens-fr\/ancien-tableau-campagne-romaine\/","url":"https:\/\/egidimadeinitaly.com\/fr\/negozio\/art-ancien\/tableaux-anciens-fr\/ancien-tableau-campagne-romaine\/","name":"Ancien Tableau Campagne Romaine - Egidi MadeinItaly","isPartOf":{"@id":"https:\/\/egidimadeinitaly.com\/fr\/#website"},"primaryImageOfPage":{"@id":"https:\/\/egidimadeinitaly.com\/fr\/negozio\/art-ancien\/tableaux-anciens-fr\/ancien-tableau-campagne-romaine\/#primaryimage"},"image":{"@id":"https:\/\/egidimadeinitaly.com\/fr\/negozio\/art-ancien\/tableaux-anciens-fr\/ancien-tableau-campagne-romaine\/#primaryimage"},"thumbnailUrl":"https:\/\/egidimadeinitaly.com\/v25\/wp-content\/uploads\/2020\/05\/0349B197-0CD2-4885-A9F9-40D7AEBB2631-e1722255203395.jpeg","datePublished":"2020-06-13T18:57:50+00:00","dateModified":"2023-01-18T11:31:26+00:00","description":"Campagne romaine Entourage de Van Lint tr\u00e8s belle Peinture avec cadre en bois dor\u00e9. Antiquit\u00e9s de collection Visitez le catalogue Egidi MadeinItaly.","breadcrumb":{"@id":"https:\/\/egidimadeinitaly.com\/fr\/negozio\/art-ancien\/tableaux-anciens-fr\/ancien-tableau-campagne-romaine\/#breadcrumb"},"inLanguage":"fr-FR","potentialAction":[{"@type":"ReadAction","target":["https:\/\/egidimadeinitaly.com\/fr\/negozio\/art-ancien\/tableaux-anciens-fr\/ancien-tableau-campagne-romaine\/"]}]},{"@type":"ImageObject","inLanguage":"fr-FR","@id":"https:\/\/egidimadeinitaly.com\/fr\/negozio\/art-ancien\/tableaux-anciens-fr\/ancien-tableau-campagne-romaine\/#primaryimage","url":"https:\/\/egidimadeinitaly.com\/v25\/wp-content\/uploads\/2020\/05\/0349B197-0CD2-4885-A9F9-40D7AEBB2631-e1722255203395.jpeg","contentUrl":"https:\/\/egidimadeinitaly.com\/v25\/wp-content\/uploads\/2020\/05\/0349B197-0CD2-4885-A9F9-40D7AEBB2631-e1722255203395.jpeg","width":900,"height":854,"caption":"Tableau Ancien Campagne Romaine"},{"@type":"BreadcrumbList","@id":"https:\/\/egidimadeinitaly.com\/fr\/negozio\/art-ancien\/tableaux-anciens-fr\/ancien-tableau-campagne-romaine\/#breadcrumb","itemListElement":[{"@type":"ListItem","position":1,"name":"Home","item":"https:\/\/egidimadeinitaly.com\/fr\/"},{"@type":"ListItem","position":2,"name":"Produits","item":"https:\/\/egidimadeinitaly.com\/fr\/shop\/"},{"@type":"ListItem","position":3,"name":"Art ancien","item":"https:\/\/egidimadeinitaly.com\/fr\/product-category\/art-ancien\/"},{"@type":"ListItem","position":4,"name":"Tableaux anciens","item":"https:\/\/egidimadeinitaly.com\/fr\/product-category\/art-ancien\/tableaux-anciens-fr\/"},{"@type":"ListItem","position":5,"name":"Ancien Tableau Campagne Romaine"}]},{"@type":"WebSite","@id":"https:\/\/egidimadeinitaly.com\/fr\/#website","url":"https:\/\/egidimadeinitaly.com\/fr\/","name":"Egidi MadeinItaly","description":"Fine Art","potentialAction":[{"@type":"SearchAction","target":{"@type":"EntryPoint","urlTemplate":"https:\/\/egidimadeinitaly.com\/fr\/?s={search_term_string}"},"query-input":{"@type":"PropertyValueSpecification","valueRequired":true,"valueName":"search_term_string"}}],"inLanguage":"fr-FR"}]}},"_links":{"self":[{"href":"https:\/\/egidimadeinitaly.com\/fr\/wp-json\/wp\/v2\/product\/89782","targetHints":{"allow":["GET"]}}],"collection":[{"href":"https:\/\/egidimadeinitaly.com\/fr\/wp-json\/wp\/v2\/product"}],"about":[{"href":"https:\/\/egidimadeinitaly.com\/fr\/wp-json\/wp\/v2\/types\/product"}],"wp:featuredmedia":[{"embeddable":true,"href":"https:\/\/egidimadeinitaly.com\/fr\/wp-json\/wp\/v2\/media\/91260"}],"wp:attachment":[{"href":"https:\/\/egidimadeinitaly.com\/fr\/wp-json\/wp\/v2\/media?parent=89782"}],"wp:term":[{"taxonomy":"product_brand","embeddable":true,"href":"https:\/\/egidimadeinitaly.com\/fr\/wp-json\/wp\/v2\/product_brand?post=89782"},{"taxonomy":"product_cat","embeddable":true,"href":"https:\/\/egidimadeinitaly.com\/fr\/wp-json\/wp\/v2\/product_cat?post=89782"},{"taxonomy":"product_tag","embeddable":true,"href":"https:\/\/egidimadeinitaly.com\/fr\/wp-json\/wp\/v2\/product_tag?post=89782"}],"curies":[{"name":"wp","href":"https:\/\/api.w.org\/{rel}","templated":true}]}}