{"id":89680,"date":"2020-05-15T17:34:05","date_gmt":"2020-05-15T16:34:05","guid":{"rendered":"https:\/\/egidimadeinitaly.com\/ecomsite\/?post_type=product&#038;p=89680"},"modified":"2021-07-16T12:28:39","modified_gmt":"2021-07-16T12:28:39","slug":"venise-canal-grande-tableau-xviiie-siecle","status":"publish","type":"product","link":"https:\/\/egidimadeinitaly.com\/fr\/negozio\/art-ancien\/tableaux-anciens-fr\/venise-canal-grande-tableau-xviiie-siecle\/","title":{"rendered":"Tableau Ancien Grand Canal Venise XVIII\u00e8me Si\u00e8cle"},"content":{"rendered":"<p><strong>Venise &#8211; Huile sur toile avec cadre &#8211; XVIIIe si\u00e8cle<\/strong><\/p>\n<p><strong>Venise &#8211; Huile sur toile avec cadre &#8211; XVIIIe si\u00e8cle<\/strong><\/p>\n<p>Huile sur toile datant du milieu du XVIIIe si\u00e8cle, peinte par un disciple de Giovanni Antonio Canal dit le Canaletto (Venise 1697-1768)<\/p>\n<p>Cadre original en bois dor\u00e9, d\u2019\u00e9poque.<\/p>\n<p>&nbsp;<\/p>\n<p>Ce tr\u00e8s beau tableau qui date du milieu du XVIIIe si\u00e8cle repr\u00e9sente le Grand Canal de Venise lorsqu\u2019on arrive du Pont du Rialto.<\/p>\n<p>&nbsp;<\/p>\n<p>&nbsp;<\/p>\n<p>\u00c0 droite, bien visible, la majestueuse Basilique Santa Maria della Salute dont la sacristie abrite des chefs-d&rsquo;\u0153uvre absolus r\u00e9alis\u00e9s par de tr\u00e8s grands artistes de Tiziano Vecellio \u00e0 Dominique Tintoret et son c\u00e9l\u00e8bre tableau Les Noces de Cana en Galil\u00e9e.<\/p>\n<p>Le <strong>Grand Canal de Venise<\/strong> est une ic\u00f4ne intemporelle, un exemple majestueux d\u2019une beaut\u00e9 absolue.<\/p>\n<p>Au cours des si\u00e8cles, des artistes en tous genres ont succomb\u00e9 \u00e0 son charme, tels que le compositeur Wagner, des po\u00e8tes comme Lord Byron et Ugo Foscolo, ainsi que des artistes aussi illustres qu\u2019Antonio Canova et Canaletto lui-m\u00eame.<\/p>\n<p>La Basilique Santa Maria della Salute a une tr\u00e8s belle histoire. Elle a \u00e9t\u00e9 construite pour remercier la Vierge Marie d\u2019avoir mis fin \u00e0 une terrible \u00e9pid\u00e9mie qui avait frapp\u00e9 la S\u00e9r\u00e9nissime en 1630. L\u2019\u00e9glise ne fut consacr\u00e9e qu\u2019en novembre 1687.<\/p>\n<p>D\u00e8s 1706, la basilique a \u00e9t\u00e9 repr\u00e9sent\u00e9e par un grand artiste. Le c\u00e9l\u00e8bre peintre n\u00e9erlandais Gaspar van Wittel\u00a0 \u00a0 \u00a0dont le fils, Luigi Vanvitelli, fut l\u2019architecte de l\u2019incomparable Palais royal de Caserte.<\/p>\n<p>La Basilique Santa Maria della Salute doit probablement son succ\u00e8s aupr\u00e8s des <strong>v\u00e9dutistes<\/strong> \u00e0 son style \u00e9clectique o\u00f9 les premiers pr\u00e9ceptes du <strong>baroque italien<\/strong> se fondent harmonieusement avec la puret\u00e9 n\u00e9oclassique d\u2019Andrea Palladio.<\/p>\n<p>Beaucoup de peintres ont repr\u00e9sent\u00e9 la Basilique Santa Maria della Salute, de Michele Marieschi (1710-1744) aux fr\u00e8res Bellotto, c\u2019est-\u00e0-dire Pietro (1625-1700) et Bernardo (1722-1780).<\/p>\n<p>Ce dernier, neveu de l\u2019illustre Antonio Canal, exploita pleinement sa prestigieuse lign\u00e9e, au point qu\u2019\u00e0 la cour de Varsovie, il se fit toujours appeler Canaletto comme son oncle. Il signait ses tableaux, si bien qu\u2019aujourd&rsquo;hui encore en Allemagne, il y a une certaine confusion entre les deux peintres.<\/p>\n<p>Mais, outre le talent, ils ont certainement une autre chose en commun, \u00e0 <strong>savoir l\u2019utilisation de la chambre noire<\/strong> (<em>ou chambre optique<\/em>).<\/p>\n<p>Cette astuce leur permit de r\u00e9aliser un grand nombre de paysages. Il suffit de penser que plus d\u2019une vingtaine de paysages peints par Canaletto se trouvent \u00e0 l\u2019Abbaye de Woburn, r\u00e9sidence du duc de Bedford.<\/p>\n<p>Nous pouvons certainement dire que les vues de la Basilique Santa Maria della Salute r\u00e9alis\u00e9es par Canaletto (l\u2019oncle) sont les plus r\u00e9ussies.<\/p>\n<p>La perspective la plus courante est celle qui est prise de la Piazza San Marco. La vue prise de la direction oppos\u00e9e, c\u2019est-\u00e0-dire du Pont du Rialto vers la Punta de la Dogana, (la perspective de notre tableau) est beaucoup plus rare.<\/p>\n<p>Parmi celles-ci, citons une tr\u00e8s belle vue r\u00e9alis\u00e9e par un \u00e9l\u00e8ve de Canaletto, William James, un peintre londonien du milieu du dix-huiti\u00e8me si\u00e8cle.<\/p>\n<p>Les analogies sont tr\u00e8s nombreuses et il est donc probable que notre artiste ait fait partie des \u00e9l\u00e8ves du grand Canaletto.<\/p>\n<p>&nbsp;<\/p>\n<p>&nbsp;<\/p>\n<p>&nbsp;<\/p>\n<p>&nbsp;<\/p>\n","protected":false},"excerpt":{"rendered":"<p><strong>Venise &#8211; Huile sur toile avec cadre &#8211; XVIIIe si\u00e8cle<\/strong><\/p>\n<p>&nbsp;<\/p>\n","protected":false},"featured_media":89690,"template":"","meta":{"_acf_changed":false},"product_brand":[],"product_cat":[6374,6408],"product_tag":[5361,2573,5457],"class_list":{"0":"post-89680","1":"product","2":"type-product","3":"status-publish","4":"has-post-thumbnail","6":"product_cat-art-ancien","7":"product_cat-tableaux-anciens-fr","8":"product_tag-decoration-murale","9":"product_tag-grand-tour-fr","10":"product_tag-paysage","11":"product_shipping_class-dhl-fr","13":"first","14":"outofstock","15":"taxable","16":"shipping-taxable","17":"product-type-simple"},"acf":[],"yoast_head":"<!-- This site is optimized with the Yoast SEO Premium plugin v27.3 (Yoast SEO v27.4) - https:\/\/yoast.com\/product\/yoast-seo-premium-wordpress\/ -->\n<title>Tableau Ancien Grand Canal Venise XVIII\u00e8me Si\u00e8cle - Egidi MadeinItaly<\/title>\n<meta name=\"description\" content=\"Vous cherchez un tableau pour embellir votre salon et faire envie \u00e0 vos amis ? Consultez la galerie produits d\u2019Egidi MadeinItaly. Venise Grand Canal\" \/>\n<meta name=\"robots\" content=\"index, follow, max-snippet:-1, max-image-preview:large, max-video-preview:-1\" \/>\n<link rel=\"canonical\" href=\"https:\/\/egidimadeinitaly.com\/fr\/negozio\/art-ancien\/tableaux-anciens-fr\/venise-canal-grande-tableau-xviiie-siecle\/\" \/>\n<meta property=\"og:locale\" content=\"fr_FR\" \/>\n<meta property=\"og:type\" content=\"article\" \/>\n<meta property=\"og:title\" content=\"Tableau Ancien Grand Canal Venise XVIII\u00e8me Si\u00e8cle\" \/>\n<meta property=\"og:description\" content=\"Venise - Huile sur toile avec cadre - XVIIIe si\u00e8cle  &nbsp;\" \/>\n<meta property=\"og:url\" content=\"https:\/\/egidimadeinitaly.com\/fr\/negozio\/art-ancien\/tableaux-anciens-fr\/venise-canal-grande-tableau-xviiie-siecle\/\" \/>\n<meta property=\"og:site_name\" content=\"Egidi MadeinItaly\" \/>\n<meta property=\"article:publisher\" content=\"https:\/\/www.facebook.com\/egidimadeinitaly\/\" \/>\n<meta property=\"article:modified_time\" content=\"2021-07-16T12:28:39+00:00\" \/>\n<meta property=\"og:image\" content=\"https:\/\/egidimadeinitaly.com\/wp-content\/uploads\/2020\/05\/C08F1B70-B3CB-4194-9B45-5F5B2E46864F.jpeg\" \/>\n\t<meta property=\"og:image:width\" content=\"2560\" \/>\n\t<meta property=\"og:image:height\" content=\"2560\" \/>\n\t<meta property=\"og:image:type\" content=\"image\/jpeg\" \/>\n<script type=\"application\/ld+json\" class=\"yoast-schema-graph\">{\"@context\":\"https:\\\/\\\/schema.org\",\"@graph\":[{\"@type\":\"WebPage\",\"@id\":\"https:\\\/\\\/egidimadeinitaly.com\\\/fr\\\/negozio\\\/art-ancien\\\/tableaux-anciens-fr\\\/venise-canal-grande-tableau-xviiie-siecle\\\/\",\"url\":\"https:\\\/\\\/egidimadeinitaly.com\\\/fr\\\/negozio\\\/art-ancien\\\/tableaux-anciens-fr\\\/venise-canal-grande-tableau-xviiie-siecle\\\/\",\"name\":\"Tableau Ancien Grand Canal Venise XVIII\u00e8me Si\u00e8cle - Egidi MadeinItaly\",\"isPartOf\":{\"@id\":\"https:\\\/\\\/egidimadeinitaly.com\\\/fr\\\/#website\"},\"primaryImageOfPage\":{\"@id\":\"https:\\\/\\\/egidimadeinitaly.com\\\/fr\\\/negozio\\\/art-ancien\\\/tableaux-anciens-fr\\\/venise-canal-grande-tableau-xviiie-siecle\\\/#primaryimage\"},\"image\":{\"@id\":\"https:\\\/\\\/egidimadeinitaly.com\\\/fr\\\/negozio\\\/art-ancien\\\/tableaux-anciens-fr\\\/venise-canal-grande-tableau-xviiie-siecle\\\/#primaryimage\"},\"thumbnailUrl\":\"https:\\\/\\\/egidimadeinitaly.com\\\/v25\\\/wp-content\\\/uploads\\\/2020\\\/05\\\/C08F1B70-B3CB-4194-9B45-5F5B2E46864F.jpeg\",\"datePublished\":\"2020-05-15T16:34:05+00:00\",\"dateModified\":\"2021-07-16T12:28:39+00:00\",\"description\":\"Vous cherchez un tableau pour embellir votre salon et faire envie \u00e0 vos amis ? Consultez la galerie produits d\u2019Egidi MadeinItaly. Venise Grand Canal\",\"breadcrumb\":{\"@id\":\"https:\\\/\\\/egidimadeinitaly.com\\\/fr\\\/negozio\\\/art-ancien\\\/tableaux-anciens-fr\\\/venise-canal-grande-tableau-xviiie-siecle\\\/#breadcrumb\"},\"inLanguage\":\"fr-FR\",\"potentialAction\":[{\"@type\":\"ReadAction\",\"target\":[\"https:\\\/\\\/egidimadeinitaly.com\\\/fr\\\/negozio\\\/art-ancien\\\/tableaux-anciens-fr\\\/venise-canal-grande-tableau-xviiie-siecle\\\/\"]}]},{\"@type\":\"ImageObject\",\"inLanguage\":\"fr-FR\",\"@id\":\"https:\\\/\\\/egidimadeinitaly.com\\\/fr\\\/negozio\\\/art-ancien\\\/tableaux-anciens-fr\\\/venise-canal-grande-tableau-xviiie-siecle\\\/#primaryimage\",\"url\":\"https:\\\/\\\/egidimadeinitaly.com\\\/v25\\\/wp-content\\\/uploads\\\/2020\\\/05\\\/C08F1B70-B3CB-4194-9B45-5F5B2E46864F.jpeg\",\"contentUrl\":\"https:\\\/\\\/egidimadeinitaly.com\\\/v25\\\/wp-content\\\/uploads\\\/2020\\\/05\\\/C08F1B70-B3CB-4194-9B45-5F5B2E46864F.jpeg\",\"width\":2560,\"height\":2560,\"caption\":\"Venise Grand Canal Ancien Tableau\"},{\"@type\":\"BreadcrumbList\",\"@id\":\"https:\\\/\\\/egidimadeinitaly.com\\\/fr\\\/negozio\\\/art-ancien\\\/tableaux-anciens-fr\\\/venise-canal-grande-tableau-xviiie-siecle\\\/#breadcrumb\",\"itemListElement\":[{\"@type\":\"ListItem\",\"position\":1,\"name\":\"Home\",\"item\":\"https:\\\/\\\/egidimadeinitaly.com\\\/fr\\\/\"},{\"@type\":\"ListItem\",\"position\":2,\"name\":\"Produits\",\"item\":\"https:\\\/\\\/egidimadeinitaly.com\\\/fr\\\/shop\\\/\"},{\"@type\":\"ListItem\",\"position\":3,\"name\":\"Art ancien\",\"item\":\"https:\\\/\\\/egidimadeinitaly.com\\\/fr\\\/product-category\\\/art-ancien\\\/\"},{\"@type\":\"ListItem\",\"position\":4,\"name\":\"Tableaux anciens\",\"item\":\"https:\\\/\\\/egidimadeinitaly.com\\\/fr\\\/product-category\\\/art-ancien\\\/tableaux-anciens-fr\\\/\"},{\"@type\":\"ListItem\",\"position\":5,\"name\":\"Tableau Ancien Grand Canal Venise XVIII\u00e8me Si\u00e8cle\"}]},{\"@type\":\"WebSite\",\"@id\":\"https:\\\/\\\/egidimadeinitaly.com\\\/fr\\\/#website\",\"url\":\"https:\\\/\\\/egidimadeinitaly.com\\\/fr\\\/\",\"name\":\"Egidi MadeinItaly\",\"description\":\"Fine Art\",\"potentialAction\":[{\"@type\":\"SearchAction\",\"target\":{\"@type\":\"EntryPoint\",\"urlTemplate\":\"https:\\\/\\\/egidimadeinitaly.com\\\/fr\\\/?s={search_term_string}\"},\"query-input\":{\"@type\":\"PropertyValueSpecification\",\"valueRequired\":true,\"valueName\":\"search_term_string\"}}],\"inLanguage\":\"fr-FR\"}]}<\/script>\n<!-- \/ Yoast SEO Premium plugin. -->","yoast_head_json":{"title":"Tableau Ancien Grand Canal Venise XVIII\u00e8me Si\u00e8cle - Egidi MadeinItaly","description":"Vous cherchez un tableau pour embellir votre salon et faire envie \u00e0 vos amis ? Consultez la galerie produits d\u2019Egidi MadeinItaly. Venise Grand Canal","robots":{"index":"index","follow":"follow","max-snippet":"max-snippet:-1","max-image-preview":"max-image-preview:large","max-video-preview":"max-video-preview:-1"},"canonical":"https:\/\/egidimadeinitaly.com\/fr\/negozio\/art-ancien\/tableaux-anciens-fr\/venise-canal-grande-tableau-xviiie-siecle\/","og_locale":"fr_FR","og_type":"article","og_title":"Tableau Ancien Grand Canal Venise XVIII\u00e8me Si\u00e8cle","og_description":"Venise - Huile sur toile avec cadre - XVIIIe si\u00e8cle  &nbsp;","og_url":"https:\/\/egidimadeinitaly.com\/fr\/negozio\/art-ancien\/tableaux-anciens-fr\/venise-canal-grande-tableau-xviiie-siecle\/","og_site_name":"Egidi MadeinItaly","article_publisher":"https:\/\/www.facebook.com\/egidimadeinitaly\/","article_modified_time":"2021-07-16T12:28:39+00:00","og_image":[{"width":2560,"height":2560,"url":"https:\/\/egidimadeinitaly.com\/wp-content\/uploads\/2020\/05\/C08F1B70-B3CB-4194-9B45-5F5B2E46864F.jpeg","type":"image\/jpeg"}],"schema":{"@context":"https:\/\/schema.org","@graph":[{"@type":"WebPage","@id":"https:\/\/egidimadeinitaly.com\/fr\/negozio\/art-ancien\/tableaux-anciens-fr\/venise-canal-grande-tableau-xviiie-siecle\/","url":"https:\/\/egidimadeinitaly.com\/fr\/negozio\/art-ancien\/tableaux-anciens-fr\/venise-canal-grande-tableau-xviiie-siecle\/","name":"Tableau Ancien Grand Canal Venise XVIII\u00e8me Si\u00e8cle - Egidi MadeinItaly","isPartOf":{"@id":"https:\/\/egidimadeinitaly.com\/fr\/#website"},"primaryImageOfPage":{"@id":"https:\/\/egidimadeinitaly.com\/fr\/negozio\/art-ancien\/tableaux-anciens-fr\/venise-canal-grande-tableau-xviiie-siecle\/#primaryimage"},"image":{"@id":"https:\/\/egidimadeinitaly.com\/fr\/negozio\/art-ancien\/tableaux-anciens-fr\/venise-canal-grande-tableau-xviiie-siecle\/#primaryimage"},"thumbnailUrl":"https:\/\/egidimadeinitaly.com\/v25\/wp-content\/uploads\/2020\/05\/C08F1B70-B3CB-4194-9B45-5F5B2E46864F.jpeg","datePublished":"2020-05-15T16:34:05+00:00","dateModified":"2021-07-16T12:28:39+00:00","description":"Vous cherchez un tableau pour embellir votre salon et faire envie \u00e0 vos amis ? Consultez la galerie produits d\u2019Egidi MadeinItaly. Venise Grand Canal","breadcrumb":{"@id":"https:\/\/egidimadeinitaly.com\/fr\/negozio\/art-ancien\/tableaux-anciens-fr\/venise-canal-grande-tableau-xviiie-siecle\/#breadcrumb"},"inLanguage":"fr-FR","potentialAction":[{"@type":"ReadAction","target":["https:\/\/egidimadeinitaly.com\/fr\/negozio\/art-ancien\/tableaux-anciens-fr\/venise-canal-grande-tableau-xviiie-siecle\/"]}]},{"@type":"ImageObject","inLanguage":"fr-FR","@id":"https:\/\/egidimadeinitaly.com\/fr\/negozio\/art-ancien\/tableaux-anciens-fr\/venise-canal-grande-tableau-xviiie-siecle\/#primaryimage","url":"https:\/\/egidimadeinitaly.com\/v25\/wp-content\/uploads\/2020\/05\/C08F1B70-B3CB-4194-9B45-5F5B2E46864F.jpeg","contentUrl":"https:\/\/egidimadeinitaly.com\/v25\/wp-content\/uploads\/2020\/05\/C08F1B70-B3CB-4194-9B45-5F5B2E46864F.jpeg","width":2560,"height":2560,"caption":"Venise Grand Canal Ancien Tableau"},{"@type":"BreadcrumbList","@id":"https:\/\/egidimadeinitaly.com\/fr\/negozio\/art-ancien\/tableaux-anciens-fr\/venise-canal-grande-tableau-xviiie-siecle\/#breadcrumb","itemListElement":[{"@type":"ListItem","position":1,"name":"Home","item":"https:\/\/egidimadeinitaly.com\/fr\/"},{"@type":"ListItem","position":2,"name":"Produits","item":"https:\/\/egidimadeinitaly.com\/fr\/shop\/"},{"@type":"ListItem","position":3,"name":"Art ancien","item":"https:\/\/egidimadeinitaly.com\/fr\/product-category\/art-ancien\/"},{"@type":"ListItem","position":4,"name":"Tableaux anciens","item":"https:\/\/egidimadeinitaly.com\/fr\/product-category\/art-ancien\/tableaux-anciens-fr\/"},{"@type":"ListItem","position":5,"name":"Tableau Ancien Grand Canal Venise XVIII\u00e8me Si\u00e8cle"}]},{"@type":"WebSite","@id":"https:\/\/egidimadeinitaly.com\/fr\/#website","url":"https:\/\/egidimadeinitaly.com\/fr\/","name":"Egidi MadeinItaly","description":"Fine Art","potentialAction":[{"@type":"SearchAction","target":{"@type":"EntryPoint","urlTemplate":"https:\/\/egidimadeinitaly.com\/fr\/?s={search_term_string}"},"query-input":{"@type":"PropertyValueSpecification","valueRequired":true,"valueName":"search_term_string"}}],"inLanguage":"fr-FR"}]}},"_links":{"self":[{"href":"https:\/\/egidimadeinitaly.com\/fr\/wp-json\/wp\/v2\/product\/89680","targetHints":{"allow":["GET"]}}],"collection":[{"href":"https:\/\/egidimadeinitaly.com\/fr\/wp-json\/wp\/v2\/product"}],"about":[{"href":"https:\/\/egidimadeinitaly.com\/fr\/wp-json\/wp\/v2\/types\/product"}],"wp:featuredmedia":[{"embeddable":true,"href":"https:\/\/egidimadeinitaly.com\/fr\/wp-json\/wp\/v2\/media\/89690"}],"wp:attachment":[{"href":"https:\/\/egidimadeinitaly.com\/fr\/wp-json\/wp\/v2\/media?parent=89680"}],"wp:term":[{"taxonomy":"product_brand","embeddable":true,"href":"https:\/\/egidimadeinitaly.com\/fr\/wp-json\/wp\/v2\/product_brand?post=89680"},{"taxonomy":"product_cat","embeddable":true,"href":"https:\/\/egidimadeinitaly.com\/fr\/wp-json\/wp\/v2\/product_cat?post=89680"},{"taxonomy":"product_tag","embeddable":true,"href":"https:\/\/egidimadeinitaly.com\/fr\/wp-json\/wp\/v2\/product_tag?post=89680"}],"curies":[{"name":"wp","href":"https:\/\/api.w.org\/{rel}","templated":true}]}}