{"id":88276,"date":"2020-04-09T10:12:14","date_gmt":"2020-04-09T09:12:14","guid":{"rendered":"https:\/\/egidimadeinitaly.com\/ecomsite\/?post_type=product&#038;p=88276"},"modified":"2022-07-16T20:29:06","modified_gmt":"2022-07-16T20:29:06","slug":"vase-bagatelle-en-cristal-lalique","status":"publish","type":"product","link":"https:\/\/egidimadeinitaly.com\/fr\/negozio\/objets-dart\/objets-dart-anciens-fr\/vase-bagatelle-en-cristal-lalique\/","title":{"rendered":"Vase Bagatelle en Cristal Lalique"},"content":{"rendered":"<p>Ren\u00e9 Lalique (1860-1945)<\/p>\n<p>Le <strong>vase Bagatelle est un mod\u00e8le embl\u00e9matique<\/strong> de la collection <strong>Lalique<\/strong>.<\/p>\n<p>Ce mod\u00e8le a \u00e9t\u00e9 dessin\u00e9 par Ren\u00e9 Lalique en 1939.<\/p>\n<p>La <strong>signature est sous la base<\/strong>.<\/p>\n<p>Le vase est en <strong>cristal opacifi\u00e9<\/strong> et transparent.<\/p>\n<p>La base ronde et la l\u00e8vre du col du vase sont en cristal transparent.<\/p>\n<p>Par contre, le corps du vase est en cristal opacifi\u00e9 avec des motifs d\u2019oiseaux et de feuillage en relief.<\/p>\n<p>Form\u00e9 \u00e0 l&rsquo;<strong>\u00c9cole des Arts d\u00e9coratifs de Paris<\/strong>, Ren\u00e9 Lalique s\u2019est sp\u00e9cialis\u00e9 \u00e0 Londres (1878-1880). \u00c0 partir de 1885, \u00e0 Paris, il commence \u00e0 cr\u00e9er des bijoux qui figurent parmi les plus c\u00e9l\u00e8bres de l&rsquo;Art nouveau. Plus tard, il se consacre \u00e0 la production d\u2019objets raffin\u00e9s en <strong>cristal de roche et en verre<\/strong>, qui se caract\u00e9risent par des motifs en relief.<\/p>\n","protected":false},"excerpt":{"rendered":"<p>Vase Bagatelle mod\u00e8le embl\u00e9matique de la collection Lalique<\/p>\n<p>&nbsp;<\/p>\n","protected":false},"featured_media":86658,"template":"","meta":{"_acf_changed":false},"product_brand":[],"product_cat":[6406,6492],"product_tag":[2711,2706,5306],"class_list":{"0":"post-88276","1":"product","2":"type-product","3":"status-publish","4":"has-post-thumbnail","6":"product_cat-objets-dart-anciens-fr","7":"product_cat-objets-dart","8":"product_tag-art-nouveau-fr","9":"product_tag-lalique-fr","10":"product_tag-objets-de-collection","11":"product_shipping_class-dhl-fr","13":"first","14":"outofstock","15":"taxable","16":"shipping-taxable","17":"product-type-simple"},"acf":[],"yoast_head":"<!-- This site is optimized with the Yoast SEO Premium plugin v27.5 (Yoast SEO v27.5) - https:\/\/yoast.com\/product\/yoast-seo-premium-wordpress\/ -->\n<title>Vase Bagatelle en Cristal Lalique - Egidi MadeinItaly<\/title>\n<meta name=\"description\" content=\"Le vase en cristal Bagatelle est un objet embl\u00e9matique de la collection dessin\u00e9e par Ren\u00e9 Lalique en 1939. Un v\u00e9ritable objet de collection sur Egidi MadeinItaly\" \/>\n<meta name=\"robots\" content=\"index, follow, max-snippet:-1, max-image-preview:large, max-video-preview:-1\" \/>\n<link rel=\"canonical\" href=\"https:\/\/egidimadeinitaly.com\/fr\/negozio\/objets-dart\/objets-dart-anciens-fr\/vase-bagatelle-en-cristal-lalique\/\" \/>\n<meta property=\"og:locale\" content=\"fr_FR\" \/>\n<meta property=\"og:type\" content=\"article\" \/>\n<meta property=\"og:title\" content=\"Vase Bagatelle en Cristal Lalique\" \/>\n<meta property=\"og:description\" content=\"Vase Bagatelle mod\u00e8le embl\u00e9matique de la collection Lalique  &nbsp;\" \/>\n<meta property=\"og:url\" content=\"https:\/\/egidimadeinitaly.com\/fr\/negozio\/objets-dart\/objets-dart-anciens-fr\/vase-bagatelle-en-cristal-lalique\/\" \/>\n<meta property=\"og:site_name\" content=\"Egidi MadeinItaly\" \/>\n<meta property=\"article:publisher\" content=\"https:\/\/www.facebook.com\/egidimadeinitaly\/\" \/>\n<meta property=\"article:modified_time\" content=\"2022-07-16T20:29:06+00:00\" \/>\n<meta property=\"og:image\" content=\"https:\/\/egidimadeinitaly.com\/wp-content\/uploads\/2020\/03\/16AF3755-C259-47A6-AE0E-1F9703709A17.jpeg\" \/>\n\t<meta property=\"og:image:width\" content=\"2560\" \/>\n\t<meta property=\"og:image:height\" content=\"2560\" \/>\n\t<meta property=\"og:image:type\" content=\"image\/jpeg\" \/>\n<script type=\"application\/ld+json\" class=\"yoast-schema-graph\">{\"@context\":\"https:\\\/\\\/schema.org\",\"@graph\":[{\"@type\":\"WebPage\",\"@id\":\"https:\\\/\\\/egidimadeinitaly.com\\\/fr\\\/negozio\\\/objets-dart\\\/objets-dart-anciens-fr\\\/vase-bagatelle-en-cristal-lalique\\\/\",\"url\":\"https:\\\/\\\/egidimadeinitaly.com\\\/fr\\\/negozio\\\/objets-dart\\\/objets-dart-anciens-fr\\\/vase-bagatelle-en-cristal-lalique\\\/\",\"name\":\"Vase Bagatelle en Cristal Lalique - Egidi MadeinItaly\",\"isPartOf\":{\"@id\":\"https:\\\/\\\/egidimadeinitaly.com\\\/fr\\\/#website\"},\"primaryImageOfPage\":{\"@id\":\"https:\\\/\\\/egidimadeinitaly.com\\\/fr\\\/negozio\\\/objets-dart\\\/objets-dart-anciens-fr\\\/vase-bagatelle-en-cristal-lalique\\\/#primaryimage\"},\"image\":{\"@id\":\"https:\\\/\\\/egidimadeinitaly.com\\\/fr\\\/negozio\\\/objets-dart\\\/objets-dart-anciens-fr\\\/vase-bagatelle-en-cristal-lalique\\\/#primaryimage\"},\"thumbnailUrl\":\"https:\\\/\\\/egidimadeinitaly.com\\\/v25\\\/wp-content\\\/uploads\\\/2020\\\/03\\\/16AF3755-C259-47A6-AE0E-1F9703709A17.jpeg\",\"datePublished\":\"2020-04-09T09:12:14+00:00\",\"dateModified\":\"2022-07-16T20:29:06+00:00\",\"description\":\"Le vase en cristal Bagatelle est un objet embl\u00e9matique de la collection dessin\u00e9e par Ren\u00e9 Lalique en 1939. Un v\u00e9ritable objet de collection sur Egidi MadeinItaly\",\"breadcrumb\":{\"@id\":\"https:\\\/\\\/egidimadeinitaly.com\\\/fr\\\/negozio\\\/objets-dart\\\/objets-dart-anciens-fr\\\/vase-bagatelle-en-cristal-lalique\\\/#breadcrumb\"},\"inLanguage\":\"fr-FR\",\"potentialAction\":[{\"@type\":\"ReadAction\",\"target\":[\"https:\\\/\\\/egidimadeinitaly.com\\\/fr\\\/negozio\\\/objets-dart\\\/objets-dart-anciens-fr\\\/vase-bagatelle-en-cristal-lalique\\\/\"]}]},{\"@type\":\"ImageObject\",\"inLanguage\":\"fr-FR\",\"@id\":\"https:\\\/\\\/egidimadeinitaly.com\\\/fr\\\/negozio\\\/objets-dart\\\/objets-dart-anciens-fr\\\/vase-bagatelle-en-cristal-lalique\\\/#primaryimage\",\"url\":\"https:\\\/\\\/egidimadeinitaly.com\\\/v25\\\/wp-content\\\/uploads\\\/2020\\\/03\\\/16AF3755-C259-47A6-AE0E-1F9703709A17.jpeg\",\"contentUrl\":\"https:\\\/\\\/egidimadeinitaly.com\\\/v25\\\/wp-content\\\/uploads\\\/2020\\\/03\\\/16AF3755-C259-47A6-AE0E-1F9703709A17.jpeg\",\"width\":2560,\"height\":2560,\"caption\":\"Vaso Bagatelle de Ren\u00e9 Lalique Vintage\"},{\"@type\":\"BreadcrumbList\",\"@id\":\"https:\\\/\\\/egidimadeinitaly.com\\\/fr\\\/negozio\\\/objets-dart\\\/objets-dart-anciens-fr\\\/vase-bagatelle-en-cristal-lalique\\\/#breadcrumb\",\"itemListElement\":[{\"@type\":\"ListItem\",\"position\":1,\"name\":\"Home\",\"item\":\"https:\\\/\\\/egidimadeinitaly.com\\\/fr\\\/\"},{\"@type\":\"ListItem\",\"position\":2,\"name\":\"Produits\",\"item\":\"https:\\\/\\\/egidimadeinitaly.com\\\/fr\\\/shop\\\/\"},{\"@type\":\"ListItem\",\"position\":3,\"name\":\"Objets d\u2019art\",\"item\":\"https:\\\/\\\/egidimadeinitaly.com\\\/fr\\\/product-category\\\/objets-dart\\\/\"},{\"@type\":\"ListItem\",\"position\":4,\"name\":\"Objets d'art anciens\",\"item\":\"https:\\\/\\\/egidimadeinitaly.com\\\/fr\\\/product-category\\\/objets-dart\\\/objets-dart-anciens-fr\\\/\"},{\"@type\":\"ListItem\",\"position\":5,\"name\":\"Vase Bagatelle en Cristal Lalique\"}]},{\"@type\":\"WebSite\",\"@id\":\"https:\\\/\\\/egidimadeinitaly.com\\\/fr\\\/#website\",\"url\":\"https:\\\/\\\/egidimadeinitaly.com\\\/fr\\\/\",\"name\":\"Egidi MadeinItaly\",\"description\":\"Fine Art\",\"potentialAction\":[{\"@type\":\"SearchAction\",\"target\":{\"@type\":\"EntryPoint\",\"urlTemplate\":\"https:\\\/\\\/egidimadeinitaly.com\\\/fr\\\/?s={search_term_string}\"},\"query-input\":{\"@type\":\"PropertyValueSpecification\",\"valueRequired\":true,\"valueName\":\"search_term_string\"}}],\"inLanguage\":\"fr-FR\"}]}<\/script>\n<!-- \/ Yoast SEO Premium plugin. -->","yoast_head_json":{"title":"Vase Bagatelle en Cristal Lalique - Egidi MadeinItaly","description":"Le vase en cristal Bagatelle est un objet embl\u00e9matique de la collection dessin\u00e9e par Ren\u00e9 Lalique en 1939. Un v\u00e9ritable objet de collection sur Egidi MadeinItaly","robots":{"index":"index","follow":"follow","max-snippet":"max-snippet:-1","max-image-preview":"max-image-preview:large","max-video-preview":"max-video-preview:-1"},"canonical":"https:\/\/egidimadeinitaly.com\/fr\/negozio\/objets-dart\/objets-dart-anciens-fr\/vase-bagatelle-en-cristal-lalique\/","og_locale":"fr_FR","og_type":"article","og_title":"Vase Bagatelle en Cristal Lalique","og_description":"Vase Bagatelle mod\u00e8le embl\u00e9matique de la collection Lalique  &nbsp;","og_url":"https:\/\/egidimadeinitaly.com\/fr\/negozio\/objets-dart\/objets-dart-anciens-fr\/vase-bagatelle-en-cristal-lalique\/","og_site_name":"Egidi MadeinItaly","article_publisher":"https:\/\/www.facebook.com\/egidimadeinitaly\/","article_modified_time":"2022-07-16T20:29:06+00:00","og_image":[{"width":2560,"height":2560,"url":"https:\/\/egidimadeinitaly.com\/wp-content\/uploads\/2020\/03\/16AF3755-C259-47A6-AE0E-1F9703709A17.jpeg","type":"image\/jpeg"}],"schema":{"@context":"https:\/\/schema.org","@graph":[{"@type":"WebPage","@id":"https:\/\/egidimadeinitaly.com\/fr\/negozio\/objets-dart\/objets-dart-anciens-fr\/vase-bagatelle-en-cristal-lalique\/","url":"https:\/\/egidimadeinitaly.com\/fr\/negozio\/objets-dart\/objets-dart-anciens-fr\/vase-bagatelle-en-cristal-lalique\/","name":"Vase Bagatelle en Cristal Lalique - Egidi MadeinItaly","isPartOf":{"@id":"https:\/\/egidimadeinitaly.com\/fr\/#website"},"primaryImageOfPage":{"@id":"https:\/\/egidimadeinitaly.com\/fr\/negozio\/objets-dart\/objets-dart-anciens-fr\/vase-bagatelle-en-cristal-lalique\/#primaryimage"},"image":{"@id":"https:\/\/egidimadeinitaly.com\/fr\/negozio\/objets-dart\/objets-dart-anciens-fr\/vase-bagatelle-en-cristal-lalique\/#primaryimage"},"thumbnailUrl":"https:\/\/egidimadeinitaly.com\/v25\/wp-content\/uploads\/2020\/03\/16AF3755-C259-47A6-AE0E-1F9703709A17.jpeg","datePublished":"2020-04-09T09:12:14+00:00","dateModified":"2022-07-16T20:29:06+00:00","description":"Le vase en cristal Bagatelle est un objet embl\u00e9matique de la collection dessin\u00e9e par Ren\u00e9 Lalique en 1939. Un v\u00e9ritable objet de collection sur Egidi MadeinItaly","breadcrumb":{"@id":"https:\/\/egidimadeinitaly.com\/fr\/negozio\/objets-dart\/objets-dart-anciens-fr\/vase-bagatelle-en-cristal-lalique\/#breadcrumb"},"inLanguage":"fr-FR","potentialAction":[{"@type":"ReadAction","target":["https:\/\/egidimadeinitaly.com\/fr\/negozio\/objets-dart\/objets-dart-anciens-fr\/vase-bagatelle-en-cristal-lalique\/"]}]},{"@type":"ImageObject","inLanguage":"fr-FR","@id":"https:\/\/egidimadeinitaly.com\/fr\/negozio\/objets-dart\/objets-dart-anciens-fr\/vase-bagatelle-en-cristal-lalique\/#primaryimage","url":"https:\/\/egidimadeinitaly.com\/v25\/wp-content\/uploads\/2020\/03\/16AF3755-C259-47A6-AE0E-1F9703709A17.jpeg","contentUrl":"https:\/\/egidimadeinitaly.com\/v25\/wp-content\/uploads\/2020\/03\/16AF3755-C259-47A6-AE0E-1F9703709A17.jpeg","width":2560,"height":2560,"caption":"Vaso Bagatelle de Ren\u00e9 Lalique Vintage"},{"@type":"BreadcrumbList","@id":"https:\/\/egidimadeinitaly.com\/fr\/negozio\/objets-dart\/objets-dart-anciens-fr\/vase-bagatelle-en-cristal-lalique\/#breadcrumb","itemListElement":[{"@type":"ListItem","position":1,"name":"Home","item":"https:\/\/egidimadeinitaly.com\/fr\/"},{"@type":"ListItem","position":2,"name":"Produits","item":"https:\/\/egidimadeinitaly.com\/fr\/shop\/"},{"@type":"ListItem","position":3,"name":"Objets d\u2019art","item":"https:\/\/egidimadeinitaly.com\/fr\/product-category\/objets-dart\/"},{"@type":"ListItem","position":4,"name":"Objets d'art anciens","item":"https:\/\/egidimadeinitaly.com\/fr\/product-category\/objets-dart\/objets-dart-anciens-fr\/"},{"@type":"ListItem","position":5,"name":"Vase Bagatelle en Cristal Lalique"}]},{"@type":"WebSite","@id":"https:\/\/egidimadeinitaly.com\/fr\/#website","url":"https:\/\/egidimadeinitaly.com\/fr\/","name":"Egidi MadeinItaly","description":"Fine Art","potentialAction":[{"@type":"SearchAction","target":{"@type":"EntryPoint","urlTemplate":"https:\/\/egidimadeinitaly.com\/fr\/?s={search_term_string}"},"query-input":{"@type":"PropertyValueSpecification","valueRequired":true,"valueName":"search_term_string"}}],"inLanguage":"fr-FR"}]}},"_links":{"self":[{"href":"https:\/\/egidimadeinitaly.com\/fr\/wp-json\/wp\/v2\/product\/88276","targetHints":{"allow":["GET"]}}],"collection":[{"href":"https:\/\/egidimadeinitaly.com\/fr\/wp-json\/wp\/v2\/product"}],"about":[{"href":"https:\/\/egidimadeinitaly.com\/fr\/wp-json\/wp\/v2\/types\/product"}],"wp:featuredmedia":[{"embeddable":true,"href":"https:\/\/egidimadeinitaly.com\/fr\/wp-json\/wp\/v2\/media\/86658"}],"wp:attachment":[{"href":"https:\/\/egidimadeinitaly.com\/fr\/wp-json\/wp\/v2\/media?parent=88276"}],"wp:term":[{"taxonomy":"product_brand","embeddable":true,"href":"https:\/\/egidimadeinitaly.com\/fr\/wp-json\/wp\/v2\/product_brand?post=88276"},{"taxonomy":"product_cat","embeddable":true,"href":"https:\/\/egidimadeinitaly.com\/fr\/wp-json\/wp\/v2\/product_cat?post=88276"},{"taxonomy":"product_tag","embeddable":true,"href":"https:\/\/egidimadeinitaly.com\/fr\/wp-json\/wp\/v2\/product_tag?post=88276"}],"curies":[{"name":"wp","href":"https:\/\/api.w.org\/{rel}","templated":true}]}}