{"id":88275,"date":"2021-04-09T08:44:29","date_gmt":"2021-04-09T07:44:29","guid":{"rendered":"https:\/\/egidimadeinitaly.com\/ecomsite\/?post_type=product&#038;p=88275"},"modified":"2024-12-03T16:51:15","modified_gmt":"2024-12-03T15:51:15","slug":"emilio-robba-paire-de-fauteuils-en-metal","status":"publish","type":"product","link":"https:\/\/egidimadeinitaly.com\/fr\/negozio\/objets-dart\/objets-dart-modernes\/emilio-robba-paire-de-fauteuils-en-metal\/","title":{"rendered":"Emilio Robba Paire de Fauteuils en M\u00e9tal"},"content":{"rendered":"<p>L\u2019assise est recouverte de velours jaune.<\/p>\n<p>Le dossier ajour\u00e9 est orn\u00e9 de deux feuilles dor\u00e9es et d\u2019un motif de rameaux et de feuilles.<br \/>\nLes quatre pieds sont courb\u00e9s vers l\u2019ext\u00e9rieur et reli\u00e9s par un motif de rameaux qui entoure la base des quatre pieds. La signature d\u2019<a href=\"https:\/\/egidimadeinitaly.com\/fr\/artistes\/emilio-robba\/\">Emilio Robba<\/a> est grav\u00e9e en toutes lettres sur l\u2019un des pieds.<\/p>\n","protected":false},"excerpt":{"rendered":"<p>Lot de deux chaises en m\u00e9tal orn\u00e9es de motifs floraux sign\u00e9es <a href=\"https:\/\/emiliorobba.com\/\">Emilio Robba<\/a>, 1980<\/p>\n","protected":false},"featured_media":88224,"template":"","meta":{"_acf_changed":false},"product_brand":[],"product_cat":[6412,6492],"product_tag":[5391],"class_list":{"0":"post-88275","1":"product","2":"type-product","3":"status-publish","4":"has-post-thumbnail","6":"product_cat-objets-dart-modernes","7":"product_cat-objets-dart","8":"product_tag-annees-80","9":"product_shipping_class-dhl-fr","11":"first","12":"outofstock","13":"taxable","14":"shipping-taxable","15":"product-type-simple"},"acf":[],"yoast_head":"<!-- This site is optimized with the Yoast SEO Premium plugin v27.3 (Yoast SEO v27.4) - https:\/\/yoast.com\/product\/yoast-seo-premium-wordpress\/ -->\n<title>Emilio Robba Paire de Fauteuils en M\u00e9tal - Egidi MadeinItaly<\/title>\n<meta name=\"description\" content=\"Ces deux fauteuils d\u2019Emilio Robba sont parfaits dans chaque pi\u00e8ce de votre int\u00e9rieur dans l\u2019entr\u00e9e le salon et m\u00eame dans votre salle de bain\" \/>\n<meta name=\"robots\" content=\"index, follow, max-snippet:-1, max-image-preview:large, max-video-preview:-1\" \/>\n<link rel=\"canonical\" href=\"https:\/\/egidimadeinitaly.com\/fr\/produit\/objets-dart\/objets-dart-modernes\/emilio-robba-paire-de-fauteuils-en-metal\/\" \/>\n<meta property=\"og:locale\" content=\"fr_FR\" \/>\n<meta property=\"og:type\" content=\"article\" \/>\n<meta property=\"og:title\" content=\"Emilio Robba Paire de Fauteuils en M\u00e9tal\" \/>\n<meta property=\"og:description\" content=\"Lot de deux chaises en m\u00e9tal orn\u00e9es de motifs floraux sign\u00e9es Emilio Robba, 1980\" \/>\n<meta property=\"og:url\" content=\"https:\/\/egidimadeinitaly.com\/fr\/produit\/objets-dart\/objets-dart-modernes\/emilio-robba-paire-de-fauteuils-en-metal\/\" \/>\n<meta property=\"og:site_name\" content=\"Egidi MadeinItaly\" \/>\n<meta property=\"article:publisher\" content=\"https:\/\/www.facebook.com\/egidimadeinitaly\/\" \/>\n<meta property=\"article:modified_time\" content=\"2024-12-03T15:51:15+00:00\" \/>\n<meta property=\"og:image\" content=\"https:\/\/egidimadeinitaly.com\/wp-content\/uploads\/2020\/04\/70E605D7-AFC8-4A88-879A-C0D63075198A-1024x1024.jpeg\" \/>\n\t<meta property=\"og:image:width\" content=\"1024\" \/>\n\t<meta property=\"og:image:height\" content=\"1024\" \/>\n\t<meta property=\"og:image:type\" content=\"image\/jpeg\" \/>\n<script type=\"application\/ld+json\" class=\"yoast-schema-graph\">{\"@context\":\"https:\\\/\\\/schema.org\",\"@graph\":[{\"@type\":\"WebPage\",\"@id\":\"https:\\\/\\\/egidimadeinitaly.com\\\/fr\\\/negozio\\\/objets-dart\\\/objets-dart-modernes\\\/emilio-robba-paire-de-fauteuils-en-metal\\\/\",\"url\":\"https:\\\/\\\/egidimadeinitaly.com\\\/fr\\\/produit\\\/objets-dart\\\/objets-dart-modernes\\\/emilio-robba-paire-de-fauteuils-en-metal\\\/\",\"name\":\"Emilio Robba Paire de Fauteuils en M\u00e9tal - Egidi MadeinItaly\",\"isPartOf\":{\"@id\":\"https:\\\/\\\/egidimadeinitaly.com\\\/fr\\\/#website\"},\"primaryImageOfPage\":{\"@id\":\"https:\\\/\\\/egidimadeinitaly.com\\\/fr\\\/produit\\\/objets-dart\\\/objets-dart-modernes\\\/emilio-robba-paire-de-fauteuils-en-metal\\\/#primaryimage\"},\"image\":{\"@id\":\"https:\\\/\\\/egidimadeinitaly.com\\\/fr\\\/produit\\\/objets-dart\\\/objets-dart-modernes\\\/emilio-robba-paire-de-fauteuils-en-metal\\\/#primaryimage\"},\"thumbnailUrl\":\"https:\\\/\\\/egidimadeinitaly.com\\\/v25\\\/wp-content\\\/uploads\\\/2020\\\/04\\\/70E605D7-AFC8-4A88-879A-C0D63075198A.jpeg\",\"datePublished\":\"2021-04-09T07:44:29+00:00\",\"dateModified\":\"2024-12-03T15:51:15+00:00\",\"description\":\"Ces deux fauteuils d\u2019Emilio Robba sont parfaits dans chaque pi\u00e8ce de votre int\u00e9rieur dans l\u2019entr\u00e9e le salon et m\u00eame dans votre salle de bain\",\"breadcrumb\":{\"@id\":\"https:\\\/\\\/egidimadeinitaly.com\\\/fr\\\/produit\\\/objets-dart\\\/objets-dart-modernes\\\/emilio-robba-paire-de-fauteuils-en-metal\\\/#breadcrumb\"},\"inLanguage\":\"fr-FR\",\"potentialAction\":[{\"@type\":\"ReadAction\",\"target\":[\"https:\\\/\\\/egidimadeinitaly.com\\\/fr\\\/produit\\\/objets-dart\\\/objets-dart-modernes\\\/emilio-robba-paire-de-fauteuils-en-metal\\\/\"]}]},{\"@type\":\"ImageObject\",\"inLanguage\":\"fr-FR\",\"@id\":\"https:\\\/\\\/egidimadeinitaly.com\\\/fr\\\/produit\\\/objets-dart\\\/objets-dart-modernes\\\/emilio-robba-paire-de-fauteuils-en-metal\\\/#primaryimage\",\"url\":\"https:\\\/\\\/egidimadeinitaly.com\\\/v25\\\/wp-content\\\/uploads\\\/2020\\\/04\\\/70E605D7-AFC8-4A88-879A-C0D63075198A.jpeg\",\"contentUrl\":\"https:\\\/\\\/egidimadeinitaly.com\\\/v25\\\/wp-content\\\/uploads\\\/2020\\\/04\\\/70E605D7-AFC8-4A88-879A-C0D63075198A.jpeg\",\"width\":2560,\"height\":2560,\"caption\":\"Paire de Fauteuils en M\u00e9tal Ann\u00e9es 80 Emilio Robba\"},{\"@type\":\"BreadcrumbList\",\"@id\":\"https:\\\/\\\/egidimadeinitaly.com\\\/fr\\\/produit\\\/objets-dart\\\/objets-dart-modernes\\\/emilio-robba-paire-de-fauteuils-en-metal\\\/#breadcrumb\",\"itemListElement\":[{\"@type\":\"ListItem\",\"position\":1,\"name\":\"Home\",\"item\":\"https:\\\/\\\/egidimadeinitaly.com\\\/fr\\\/\"},{\"@type\":\"ListItem\",\"position\":2,\"name\":\"Produits\",\"item\":\"https:\\\/\\\/egidimadeinitaly.com\\\/fr\\\/shop\\\/\"},{\"@type\":\"ListItem\",\"position\":3,\"name\":\"Objets d\u2019art\",\"item\":\"https:\\\/\\\/egidimadeinitaly.com\\\/fr\\\/product-category\\\/objets-dart\\\/\"},{\"@type\":\"ListItem\",\"position\":4,\"name\":\"Objets d'art modernes\",\"item\":\"https:\\\/\\\/egidimadeinitaly.com\\\/fr\\\/product-category\\\/objets-dart\\\/objets-dart-modernes\\\/\"},{\"@type\":\"ListItem\",\"position\":5,\"name\":\"Emilio Robba Paire de Fauteuils en M\u00e9tal\"}]},{\"@type\":\"WebSite\",\"@id\":\"https:\\\/\\\/egidimadeinitaly.com\\\/fr\\\/#website\",\"url\":\"https:\\\/\\\/egidimadeinitaly.com\\\/fr\\\/\",\"name\":\"Egidi MadeinItaly\",\"description\":\"Fine Art\",\"potentialAction\":[{\"@type\":\"SearchAction\",\"target\":{\"@type\":\"EntryPoint\",\"urlTemplate\":\"https:\\\/\\\/egidimadeinitaly.com\\\/fr\\\/?s={search_term_string}\"},\"query-input\":{\"@type\":\"PropertyValueSpecification\",\"valueRequired\":true,\"valueName\":\"search_term_string\"}}],\"inLanguage\":\"fr-FR\"}]}<\/script>\n<!-- \/ Yoast SEO Premium plugin. -->","yoast_head_json":{"title":"Emilio Robba Paire de Fauteuils en M\u00e9tal - Egidi MadeinItaly","description":"Ces deux fauteuils d\u2019Emilio Robba sont parfaits dans chaque pi\u00e8ce de votre int\u00e9rieur dans l\u2019entr\u00e9e le salon et m\u00eame dans votre salle de bain","robots":{"index":"index","follow":"follow","max-snippet":"max-snippet:-1","max-image-preview":"max-image-preview:large","max-video-preview":"max-video-preview:-1"},"canonical":"https:\/\/egidimadeinitaly.com\/fr\/produit\/objets-dart\/objets-dart-modernes\/emilio-robba-paire-de-fauteuils-en-metal\/","og_locale":"fr_FR","og_type":"article","og_title":"Emilio Robba Paire de Fauteuils en M\u00e9tal","og_description":"Lot de deux chaises en m\u00e9tal orn\u00e9es de motifs floraux sign\u00e9es Emilio Robba, 1980","og_url":"https:\/\/egidimadeinitaly.com\/fr\/produit\/objets-dart\/objets-dart-modernes\/emilio-robba-paire-de-fauteuils-en-metal\/","og_site_name":"Egidi MadeinItaly","article_publisher":"https:\/\/www.facebook.com\/egidimadeinitaly\/","article_modified_time":"2024-12-03T15:51:15+00:00","og_image":[{"width":1024,"height":1024,"url":"https:\/\/egidimadeinitaly.com\/wp-content\/uploads\/2020\/04\/70E605D7-AFC8-4A88-879A-C0D63075198A-1024x1024.jpeg","type":"image\/jpeg"}],"schema":{"@context":"https:\/\/schema.org","@graph":[{"@type":"WebPage","@id":"https:\/\/egidimadeinitaly.com\/fr\/negozio\/objets-dart\/objets-dart-modernes\/emilio-robba-paire-de-fauteuils-en-metal\/","url":"https:\/\/egidimadeinitaly.com\/fr\/produit\/objets-dart\/objets-dart-modernes\/emilio-robba-paire-de-fauteuils-en-metal\/","name":"Emilio Robba Paire de Fauteuils en M\u00e9tal - Egidi MadeinItaly","isPartOf":{"@id":"https:\/\/egidimadeinitaly.com\/fr\/#website"},"primaryImageOfPage":{"@id":"https:\/\/egidimadeinitaly.com\/fr\/produit\/objets-dart\/objets-dart-modernes\/emilio-robba-paire-de-fauteuils-en-metal\/#primaryimage"},"image":{"@id":"https:\/\/egidimadeinitaly.com\/fr\/produit\/objets-dart\/objets-dart-modernes\/emilio-robba-paire-de-fauteuils-en-metal\/#primaryimage"},"thumbnailUrl":"https:\/\/egidimadeinitaly.com\/v25\/wp-content\/uploads\/2020\/04\/70E605D7-AFC8-4A88-879A-C0D63075198A.jpeg","datePublished":"2021-04-09T07:44:29+00:00","dateModified":"2024-12-03T15:51:15+00:00","description":"Ces deux fauteuils d\u2019Emilio Robba sont parfaits dans chaque pi\u00e8ce de votre int\u00e9rieur dans l\u2019entr\u00e9e le salon et m\u00eame dans votre salle de bain","breadcrumb":{"@id":"https:\/\/egidimadeinitaly.com\/fr\/produit\/objets-dart\/objets-dart-modernes\/emilio-robba-paire-de-fauteuils-en-metal\/#breadcrumb"},"inLanguage":"fr-FR","potentialAction":[{"@type":"ReadAction","target":["https:\/\/egidimadeinitaly.com\/fr\/produit\/objets-dart\/objets-dart-modernes\/emilio-robba-paire-de-fauteuils-en-metal\/"]}]},{"@type":"ImageObject","inLanguage":"fr-FR","@id":"https:\/\/egidimadeinitaly.com\/fr\/produit\/objets-dart\/objets-dart-modernes\/emilio-robba-paire-de-fauteuils-en-metal\/#primaryimage","url":"https:\/\/egidimadeinitaly.com\/v25\/wp-content\/uploads\/2020\/04\/70E605D7-AFC8-4A88-879A-C0D63075198A.jpeg","contentUrl":"https:\/\/egidimadeinitaly.com\/v25\/wp-content\/uploads\/2020\/04\/70E605D7-AFC8-4A88-879A-C0D63075198A.jpeg","width":2560,"height":2560,"caption":"Paire de Fauteuils en M\u00e9tal Ann\u00e9es 80 Emilio Robba"},{"@type":"BreadcrumbList","@id":"https:\/\/egidimadeinitaly.com\/fr\/produit\/objets-dart\/objets-dart-modernes\/emilio-robba-paire-de-fauteuils-en-metal\/#breadcrumb","itemListElement":[{"@type":"ListItem","position":1,"name":"Home","item":"https:\/\/egidimadeinitaly.com\/fr\/"},{"@type":"ListItem","position":2,"name":"Produits","item":"https:\/\/egidimadeinitaly.com\/fr\/shop\/"},{"@type":"ListItem","position":3,"name":"Objets d\u2019art","item":"https:\/\/egidimadeinitaly.com\/fr\/product-category\/objets-dart\/"},{"@type":"ListItem","position":4,"name":"Objets d'art modernes","item":"https:\/\/egidimadeinitaly.com\/fr\/product-category\/objets-dart\/objets-dart-modernes\/"},{"@type":"ListItem","position":5,"name":"Emilio Robba Paire de Fauteuils en M\u00e9tal"}]},{"@type":"WebSite","@id":"https:\/\/egidimadeinitaly.com\/fr\/#website","url":"https:\/\/egidimadeinitaly.com\/fr\/","name":"Egidi MadeinItaly","description":"Fine Art","potentialAction":[{"@type":"SearchAction","target":{"@type":"EntryPoint","urlTemplate":"https:\/\/egidimadeinitaly.com\/fr\/?s={search_term_string}"},"query-input":{"@type":"PropertyValueSpecification","valueRequired":true,"valueName":"search_term_string"}}],"inLanguage":"fr-FR"}]}},"_links":{"self":[{"href":"https:\/\/egidimadeinitaly.com\/fr\/wp-json\/wp\/v2\/product\/88275","targetHints":{"allow":["GET"]}}],"collection":[{"href":"https:\/\/egidimadeinitaly.com\/fr\/wp-json\/wp\/v2\/product"}],"about":[{"href":"https:\/\/egidimadeinitaly.com\/fr\/wp-json\/wp\/v2\/types\/product"}],"wp:featuredmedia":[{"embeddable":true,"href":"https:\/\/egidimadeinitaly.com\/fr\/wp-json\/wp\/v2\/media\/88224"}],"wp:attachment":[{"href":"https:\/\/egidimadeinitaly.com\/fr\/wp-json\/wp\/v2\/media?parent=88275"}],"wp:term":[{"taxonomy":"product_brand","embeddable":true,"href":"https:\/\/egidimadeinitaly.com\/fr\/wp-json\/wp\/v2\/product_brand?post=88275"},{"taxonomy":"product_cat","embeddable":true,"href":"https:\/\/egidimadeinitaly.com\/fr\/wp-json\/wp\/v2\/product_cat?post=88275"},{"taxonomy":"product_tag","embeddable":true,"href":"https:\/\/egidimadeinitaly.com\/fr\/wp-json\/wp\/v2\/product_tag?post=88275"}],"curies":[{"name":"wp","href":"https:\/\/api.w.org\/{rel}","templated":true}]}}