{"id":88184,"date":"2020-02-17T08:29:10","date_gmt":"2020-02-17T07:29:10","guid":{"rendered":"https:\/\/egidimadeinitaly.com\/ecomsite\/prodotto\/giovanni-varlese-scultura-pescatore-in-bronzo\/"},"modified":"2024-06-03T16:55:16","modified_gmt":"2024-06-03T15:55:16","slug":"giovanni-varlese-statue-de-pecheur-en-bronze","status":"publish","type":"product","link":"https:\/\/egidimadeinitaly.com\/fr\/negozio\/sculpture-fr-2\/sculpture-ancienne-fr\/giovanni-varlese-statue-de-pecheur-en-bronze\/","title":{"rendered":"Sculpture en Bronze P\u00eacheur par Giovanni Varlese"},"content":{"rendered":"<p><strong>Giovanni <a href=\"https:\/\/egidimadeinitaly.eu\/vincenzo-gemito-au-petit-palais\/?lang=fr\">Varlese<\/a>, statue de p\u00eacheur en bronze<\/strong><\/p>\n<p><strong>Giovanni Varlese fait partie des \u00e9l\u00e8ves de Vincenzo Gemito.<\/strong> Il a exerc\u00e9 son art au cours de la seconde moiti\u00e9 du XIXe si\u00e8cle. Il est l\u2019auteur de bronzes animaliers et d\u2019\u0153uvres de genre. La statue en bronze Truie\u00a0 est c\u00e9l\u00e8bre.<\/p>\n","protected":false},"excerpt":{"rendered":"<p><strong>Statue en bronze sur base en marbre<\/strong>, de 76 cm de haut et signature grav\u00e9e sur le socle.<\/p>\n<p><strong>Le jeune p\u00eacheur est nu<\/strong>, \u00e0 l\u2019exception d\u2019une sorte de linge qui couvre ses parties intimes et entoure ses hanches.<\/p>\n<p>Il porte un grand chapeau qui le prot\u00e8ge du soleil. Son visage est lumineux et souriant.\u00a0 Il serre fi\u00e8rement le butin de la journ\u00e9e contre sa poitrine : un beau poisson encore fr\u00e9tillant.<\/p>\n<p>Le jeune p\u00eacheur se tient debout sur un rocher. <strong>\u00c0 ses pieds, il y a un panier de p\u00eache et un crabe vivant<\/strong>.<\/p>\n<p><strong>La signature de l\u2019artiste est grav\u00e9e sur ce rocher<\/strong>.<\/p>\n<p>La sculpture est pos\u00e9e sur un socle en marbre.<\/p>\n","protected":false},"featured_media":91058,"template":"","meta":{"_acf_changed":false},"product_brand":[],"product_cat":[6417,6419],"product_tag":[1324,5306],"class_list":{"0":"post-88184","1":"product","2":"type-product","3":"status-publish","4":"has-post-thumbnail","6":"product_cat-sculpture-fr-2","7":"product_cat-sculpture-ancienne-fr","8":"product_tag-bronzes-fr","9":"product_tag-objets-de-collection","10":"product_shipping_class-dhl-fr","12":"first","13":"outofstock","14":"taxable","15":"shipping-taxable","16":"product-type-simple"},"acf":[],"yoast_head":"<!-- This site is optimized with the Yoast SEO Premium plugin v27.3 (Yoast SEO v27.4) - https:\/\/yoast.com\/product\/yoast-seo-premium-wordpress\/ -->\n<title>Sculpture en Bronze P\u00eacheur par Giovanni Varlese - Egidi MadeinItaly<\/title>\n<meta name=\"description\" content=\"Tr\u00e8s belle statue en bronze d\u2019un jeune p\u00eacheur napolitain sign\u00e9e Giovanni Varlese. Disponible sur Egidi MadeinItaly\" \/>\n<meta name=\"robots\" content=\"index, follow, max-snippet:-1, max-image-preview:large, max-video-preview:-1\" \/>\n<link rel=\"canonical\" href=\"https:\/\/egidimadeinitaly.com\/fr\/negozio\/sculpture-fr-2\/sculpture-ancienne-fr\/giovanni-varlese-statue-de-pecheur-en-bronze\/\" \/>\n<meta property=\"og:locale\" content=\"fr_FR\" \/>\n<meta property=\"og:type\" content=\"article\" \/>\n<meta property=\"og:title\" content=\"Sculpture en Bronze P\u00eacheur par Giovanni Varlese\" \/>\n<meta property=\"og:description\" content=\"Statue en bronze sur base en marbre, de 76 cm de haut et signature grav\u00e9e sur le socle.  Le jeune p\u00eacheur est nu, \u00e0 l\u2019exception d\u2019une sorte de linge qui couvre ses parties intimes et entoure ses hanches.  Il porte un grand chapeau qui le prot\u00e8ge du soleil. Son visage est lumineux et souriant.\u00a0 Il serre fi\u00e8rement le butin de la journ\u00e9e contre sa poitrine : un beau poisson encore fr\u00e9tillant.  Le jeune p\u00eacheur se tient debout sur un rocher. \u00c0 ses pieds, il y a un panier de p\u00eache et un crabe vivant.  La signature de l\u2019artiste est grav\u00e9e sur ce rocher.  La sculpture est pos\u00e9e sur un socle en marbre.\" \/>\n<meta property=\"og:url\" content=\"https:\/\/egidimadeinitaly.com\/fr\/negozio\/sculpture-fr-2\/sculpture-ancienne-fr\/giovanni-varlese-statue-de-pecheur-en-bronze\/\" \/>\n<meta property=\"og:site_name\" content=\"Egidi MadeinItaly\" \/>\n<meta property=\"article:publisher\" content=\"https:\/\/www.facebook.com\/egidimadeinitaly\/\" \/>\n<meta property=\"article:modified_time\" content=\"2024-06-03T15:55:16+00:00\" \/>\n<meta property=\"og:image\" content=\"https:\/\/egidimadeinitaly.com\/wp-content\/uploads\/2020\/04\/Giovanni_Varlese_scultura_Pescatore_in_bronzo.jpg\" \/>\n\t<meta property=\"og:image:width\" content=\"1500\" \/>\n\t<meta property=\"og:image:height\" content=\"1500\" \/>\n\t<meta property=\"og:image:type\" content=\"image\/jpeg\" \/>\n<script type=\"application\/ld+json\" class=\"yoast-schema-graph\">{\"@context\":\"https:\\\/\\\/schema.org\",\"@graph\":[{\"@type\":\"WebPage\",\"@id\":\"https:\\\/\\\/egidimadeinitaly.com\\\/fr\\\/negozio\\\/sculpture-fr-2\\\/sculpture-ancienne-fr\\\/giovanni-varlese-statue-de-pecheur-en-bronze\\\/\",\"url\":\"https:\\\/\\\/egidimadeinitaly.com\\\/fr\\\/negozio\\\/sculpture-fr-2\\\/sculpture-ancienne-fr\\\/giovanni-varlese-statue-de-pecheur-en-bronze\\\/\",\"name\":\"Sculpture en Bronze P\u00eacheur par Giovanni Varlese - Egidi MadeinItaly\",\"isPartOf\":{\"@id\":\"https:\\\/\\\/egidimadeinitaly.com\\\/fr\\\/#website\"},\"primaryImageOfPage\":{\"@id\":\"https:\\\/\\\/egidimadeinitaly.com\\\/fr\\\/negozio\\\/sculpture-fr-2\\\/sculpture-ancienne-fr\\\/giovanni-varlese-statue-de-pecheur-en-bronze\\\/#primaryimage\"},\"image\":{\"@id\":\"https:\\\/\\\/egidimadeinitaly.com\\\/fr\\\/negozio\\\/sculpture-fr-2\\\/sculpture-ancienne-fr\\\/giovanni-varlese-statue-de-pecheur-en-bronze\\\/#primaryimage\"},\"thumbnailUrl\":\"https:\\\/\\\/egidimadeinitaly.com\\\/v25\\\/wp-content\\\/uploads\\\/2020\\\/04\\\/Giovanni_Varlese_scultura_Pescatore_in_bronzo.jpg\",\"datePublished\":\"2020-02-17T07:29:10+00:00\",\"dateModified\":\"2024-06-03T15:55:16+00:00\",\"description\":\"Tr\u00e8s belle statue en bronze d\u2019un jeune p\u00eacheur napolitain sign\u00e9e Giovanni Varlese. Disponible sur Egidi MadeinItaly\",\"breadcrumb\":{\"@id\":\"https:\\\/\\\/egidimadeinitaly.com\\\/fr\\\/negozio\\\/sculpture-fr-2\\\/sculpture-ancienne-fr\\\/giovanni-varlese-statue-de-pecheur-en-bronze\\\/#breadcrumb\"},\"inLanguage\":\"fr-FR\",\"potentialAction\":[{\"@type\":\"ReadAction\",\"target\":[\"https:\\\/\\\/egidimadeinitaly.com\\\/fr\\\/negozio\\\/sculpture-fr-2\\\/sculpture-ancienne-fr\\\/giovanni-varlese-statue-de-pecheur-en-bronze\\\/\"]}]},{\"@type\":\"ImageObject\",\"inLanguage\":\"fr-FR\",\"@id\":\"https:\\\/\\\/egidimadeinitaly.com\\\/fr\\\/negozio\\\/sculpture-fr-2\\\/sculpture-ancienne-fr\\\/giovanni-varlese-statue-de-pecheur-en-bronze\\\/#primaryimage\",\"url\":\"https:\\\/\\\/egidimadeinitaly.com\\\/v25\\\/wp-content\\\/uploads\\\/2020\\\/04\\\/Giovanni_Varlese_scultura_Pescatore_in_bronzo.jpg\",\"contentUrl\":\"https:\\\/\\\/egidimadeinitaly.com\\\/v25\\\/wp-content\\\/uploads\\\/2020\\\/04\\\/Giovanni_Varlese_scultura_Pescatore_in_bronzo.jpg\",\"width\":1500,\"height\":1500,\"caption\":\"Giovanni Varlese Signed Young Boy Bronze Sculpture\"},{\"@type\":\"BreadcrumbList\",\"@id\":\"https:\\\/\\\/egidimadeinitaly.com\\\/fr\\\/negozio\\\/sculpture-fr-2\\\/sculpture-ancienne-fr\\\/giovanni-varlese-statue-de-pecheur-en-bronze\\\/#breadcrumb\",\"itemListElement\":[{\"@type\":\"ListItem\",\"position\":1,\"name\":\"Home\",\"item\":\"https:\\\/\\\/egidimadeinitaly.com\\\/fr\\\/\"},{\"@type\":\"ListItem\",\"position\":2,\"name\":\"Produits\",\"item\":\"https:\\\/\\\/egidimadeinitaly.com\\\/fr\\\/shop\\\/\"},{\"@type\":\"ListItem\",\"position\":3,\"name\":\"Sculpture\",\"item\":\"https:\\\/\\\/egidimadeinitaly.com\\\/fr\\\/product-category\\\/sculpture-fr-2\\\/\"},{\"@type\":\"ListItem\",\"position\":4,\"name\":\"Sculpture ancienne\",\"item\":\"https:\\\/\\\/egidimadeinitaly.com\\\/fr\\\/product-category\\\/sculpture-fr-2\\\/sculpture-ancienne-fr\\\/\"},{\"@type\":\"ListItem\",\"position\":5,\"name\":\"Sculpture en Bronze P\u00eacheur par Giovanni Varlese\"}]},{\"@type\":\"WebSite\",\"@id\":\"https:\\\/\\\/egidimadeinitaly.com\\\/fr\\\/#website\",\"url\":\"https:\\\/\\\/egidimadeinitaly.com\\\/fr\\\/\",\"name\":\"Egidi MadeinItaly\",\"description\":\"Fine Art\",\"potentialAction\":[{\"@type\":\"SearchAction\",\"target\":{\"@type\":\"EntryPoint\",\"urlTemplate\":\"https:\\\/\\\/egidimadeinitaly.com\\\/fr\\\/?s={search_term_string}\"},\"query-input\":{\"@type\":\"PropertyValueSpecification\",\"valueRequired\":true,\"valueName\":\"search_term_string\"}}],\"inLanguage\":\"fr-FR\"}]}<\/script>\n<!-- \/ Yoast SEO Premium plugin. -->","yoast_head_json":{"title":"Sculpture en Bronze P\u00eacheur par Giovanni Varlese - Egidi MadeinItaly","description":"Tr\u00e8s belle statue en bronze d\u2019un jeune p\u00eacheur napolitain sign\u00e9e Giovanni Varlese. Disponible sur Egidi MadeinItaly","robots":{"index":"index","follow":"follow","max-snippet":"max-snippet:-1","max-image-preview":"max-image-preview:large","max-video-preview":"max-video-preview:-1"},"canonical":"https:\/\/egidimadeinitaly.com\/fr\/negozio\/sculpture-fr-2\/sculpture-ancienne-fr\/giovanni-varlese-statue-de-pecheur-en-bronze\/","og_locale":"fr_FR","og_type":"article","og_title":"Sculpture en Bronze P\u00eacheur par Giovanni Varlese","og_description":"Statue en bronze sur base en marbre, de 76 cm de haut et signature grav\u00e9e sur le socle.  Le jeune p\u00eacheur est nu, \u00e0 l\u2019exception d\u2019une sorte de linge qui couvre ses parties intimes et entoure ses hanches.  Il porte un grand chapeau qui le prot\u00e8ge du soleil. Son visage est lumineux et souriant.\u00a0 Il serre fi\u00e8rement le butin de la journ\u00e9e contre sa poitrine : un beau poisson encore fr\u00e9tillant.  Le jeune p\u00eacheur se tient debout sur un rocher. \u00c0 ses pieds, il y a un panier de p\u00eache et un crabe vivant.  La signature de l\u2019artiste est grav\u00e9e sur ce rocher.  La sculpture est pos\u00e9e sur un socle en marbre.","og_url":"https:\/\/egidimadeinitaly.com\/fr\/negozio\/sculpture-fr-2\/sculpture-ancienne-fr\/giovanni-varlese-statue-de-pecheur-en-bronze\/","og_site_name":"Egidi MadeinItaly","article_publisher":"https:\/\/www.facebook.com\/egidimadeinitaly\/","article_modified_time":"2024-06-03T15:55:16+00:00","og_image":[{"width":1500,"height":1500,"url":"https:\/\/egidimadeinitaly.com\/wp-content\/uploads\/2020\/04\/Giovanni_Varlese_scultura_Pescatore_in_bronzo.jpg","type":"image\/jpeg"}],"schema":{"@context":"https:\/\/schema.org","@graph":[{"@type":"WebPage","@id":"https:\/\/egidimadeinitaly.com\/fr\/negozio\/sculpture-fr-2\/sculpture-ancienne-fr\/giovanni-varlese-statue-de-pecheur-en-bronze\/","url":"https:\/\/egidimadeinitaly.com\/fr\/negozio\/sculpture-fr-2\/sculpture-ancienne-fr\/giovanni-varlese-statue-de-pecheur-en-bronze\/","name":"Sculpture en Bronze P\u00eacheur par Giovanni Varlese - Egidi MadeinItaly","isPartOf":{"@id":"https:\/\/egidimadeinitaly.com\/fr\/#website"},"primaryImageOfPage":{"@id":"https:\/\/egidimadeinitaly.com\/fr\/negozio\/sculpture-fr-2\/sculpture-ancienne-fr\/giovanni-varlese-statue-de-pecheur-en-bronze\/#primaryimage"},"image":{"@id":"https:\/\/egidimadeinitaly.com\/fr\/negozio\/sculpture-fr-2\/sculpture-ancienne-fr\/giovanni-varlese-statue-de-pecheur-en-bronze\/#primaryimage"},"thumbnailUrl":"https:\/\/egidimadeinitaly.com\/v25\/wp-content\/uploads\/2020\/04\/Giovanni_Varlese_scultura_Pescatore_in_bronzo.jpg","datePublished":"2020-02-17T07:29:10+00:00","dateModified":"2024-06-03T15:55:16+00:00","description":"Tr\u00e8s belle statue en bronze d\u2019un jeune p\u00eacheur napolitain sign\u00e9e Giovanni Varlese. Disponible sur Egidi MadeinItaly","breadcrumb":{"@id":"https:\/\/egidimadeinitaly.com\/fr\/negozio\/sculpture-fr-2\/sculpture-ancienne-fr\/giovanni-varlese-statue-de-pecheur-en-bronze\/#breadcrumb"},"inLanguage":"fr-FR","potentialAction":[{"@type":"ReadAction","target":["https:\/\/egidimadeinitaly.com\/fr\/negozio\/sculpture-fr-2\/sculpture-ancienne-fr\/giovanni-varlese-statue-de-pecheur-en-bronze\/"]}]},{"@type":"ImageObject","inLanguage":"fr-FR","@id":"https:\/\/egidimadeinitaly.com\/fr\/negozio\/sculpture-fr-2\/sculpture-ancienne-fr\/giovanni-varlese-statue-de-pecheur-en-bronze\/#primaryimage","url":"https:\/\/egidimadeinitaly.com\/v25\/wp-content\/uploads\/2020\/04\/Giovanni_Varlese_scultura_Pescatore_in_bronzo.jpg","contentUrl":"https:\/\/egidimadeinitaly.com\/v25\/wp-content\/uploads\/2020\/04\/Giovanni_Varlese_scultura_Pescatore_in_bronzo.jpg","width":1500,"height":1500,"caption":"Giovanni Varlese Signed Young Boy Bronze Sculpture"},{"@type":"BreadcrumbList","@id":"https:\/\/egidimadeinitaly.com\/fr\/negozio\/sculpture-fr-2\/sculpture-ancienne-fr\/giovanni-varlese-statue-de-pecheur-en-bronze\/#breadcrumb","itemListElement":[{"@type":"ListItem","position":1,"name":"Home","item":"https:\/\/egidimadeinitaly.com\/fr\/"},{"@type":"ListItem","position":2,"name":"Produits","item":"https:\/\/egidimadeinitaly.com\/fr\/shop\/"},{"@type":"ListItem","position":3,"name":"Sculpture","item":"https:\/\/egidimadeinitaly.com\/fr\/product-category\/sculpture-fr-2\/"},{"@type":"ListItem","position":4,"name":"Sculpture ancienne","item":"https:\/\/egidimadeinitaly.com\/fr\/product-category\/sculpture-fr-2\/sculpture-ancienne-fr\/"},{"@type":"ListItem","position":5,"name":"Sculpture en Bronze P\u00eacheur par Giovanni Varlese"}]},{"@type":"WebSite","@id":"https:\/\/egidimadeinitaly.com\/fr\/#website","url":"https:\/\/egidimadeinitaly.com\/fr\/","name":"Egidi MadeinItaly","description":"Fine Art","potentialAction":[{"@type":"SearchAction","target":{"@type":"EntryPoint","urlTemplate":"https:\/\/egidimadeinitaly.com\/fr\/?s={search_term_string}"},"query-input":{"@type":"PropertyValueSpecification","valueRequired":true,"valueName":"search_term_string"}}],"inLanguage":"fr-FR"}]}},"_links":{"self":[{"href":"https:\/\/egidimadeinitaly.com\/fr\/wp-json\/wp\/v2\/product\/88184","targetHints":{"allow":["GET"]}}],"collection":[{"href":"https:\/\/egidimadeinitaly.com\/fr\/wp-json\/wp\/v2\/product"}],"about":[{"href":"https:\/\/egidimadeinitaly.com\/fr\/wp-json\/wp\/v2\/types\/product"}],"wp:featuredmedia":[{"embeddable":true,"href":"https:\/\/egidimadeinitaly.com\/fr\/wp-json\/wp\/v2\/media\/91058"}],"wp:attachment":[{"href":"https:\/\/egidimadeinitaly.com\/fr\/wp-json\/wp\/v2\/media?parent=88184"}],"wp:term":[{"taxonomy":"product_brand","embeddable":true,"href":"https:\/\/egidimadeinitaly.com\/fr\/wp-json\/wp\/v2\/product_brand?post=88184"},{"taxonomy":"product_cat","embeddable":true,"href":"https:\/\/egidimadeinitaly.com\/fr\/wp-json\/wp\/v2\/product_cat?post=88184"},{"taxonomy":"product_tag","embeddable":true,"href":"https:\/\/egidimadeinitaly.com\/fr\/wp-json\/wp\/v2\/product_tag?post=88184"}],"curies":[{"name":"wp","href":"https:\/\/api.w.org\/{rel}","templated":true}]}}