{"id":88107,"date":"2020-11-21T12:35:43","date_gmt":"2020-11-21T11:35:43","guid":{"rendered":"https:\/\/egidimadeinitaly.com\/ecomsite\/?post_type=product&#038;p=88107"},"modified":"2023-01-11T13:03:30","modified_gmt":"2023-01-11T12:03:30","slug":"paire-de-gueridons-plateau-en-bois-fossile","status":"publish","type":"product","link":"https:\/\/egidimadeinitaly.com\/fr\/negozio\/objets-dart\/objets-dart-modernes\/paire-de-gueridons-plateau-en-bois-fossile\/","title":{"rendered":"Paire de Gu\u00e9ridons Plateau en Bois Fossile"},"content":{"rendered":"<p>Le\u00a0 magnifique plateau, unique, de chaque gu\u00e9ridon est en bois fossile vein\u00e9 et repose sur une structure en fer noir \u00e0 trois pieds avec des ornements dor\u00e9s. Les pieds sont r\u00e9unis dans la partie basse par un \u00e9l\u00e9ment triangulaire, lui aussi en fer noir et or.\u00a0 Ces gu\u00e9ridons sont tr\u00e8s stables.<\/p>\n<p>Le<strong> bois p\u00e9trifi\u00e9<\/strong> est un fossile dont la mati\u00e8re organique a \u00e9t\u00e9 remplac\u00e9e par des min\u00e9raux au cours du long processus de permin\u00e9ralisation. M\u00eame si tous les mat\u00e9riaux organiques sont remplac\u00e9s par des min\u00e9raux, la structure d\u2019origine du bois reste. C\u2019est pour cette raison que le bois p\u00e9trifi\u00e9 change de couleur, en prenant les nuances des min\u00e9raux pr\u00e9sents dans la terre o\u00f9 il se trouve.<\/p>\n<p>En plus d\u2019\u00eatre un tr\u00e8s bel objet de design, le bois fossile est \u00e9galement un morceau d\u2019histoire fascinant \u00e0 conserver chez soi. Le processus de p\u00e9trification du bois est extr\u00eamement long.<\/p>\n<p>S\u2019agissant d\u2019un objet naturel, chaque exemplaire de bois fossile est une pi\u00e8ce unique.<\/p>\n","protected":false},"excerpt":{"rendered":"<p>Paire de gu\u00e9ridons plateau en bois fossile.<\/p>\n","protected":false},"featured_media":88087,"template":"","meta":{"_acf_changed":false},"product_brand":[],"product_cat":[6412,6492],"product_tag":[5391],"class_list":{"0":"post-88107","1":"product","2":"type-product","3":"status-publish","4":"has-post-thumbnail","6":"product_cat-objets-dart-modernes","7":"product_cat-objets-dart","8":"product_tag-annees-80","9":"product_shipping_class-dhl-fr","11":"first","12":"outofstock","13":"taxable","14":"shipping-taxable","15":"product-type-simple"},"acf":[],"yoast_head":"<!-- This site is optimized with the Yoast SEO Premium plugin v27.5 (Yoast SEO v27.5) - https:\/\/yoast.com\/product\/yoast-seo-premium-wordpress\/ -->\n<title>Paire de Gu\u00e9ridons Plateau en Bois Fossile - Egidi MadeinItaly<\/title>\n<meta name=\"description\" content=\"Feuilletez notre catalogue o\u00f9 vous pourrez trouver cette tr\u00e8s belle paire de gu\u00e9ridons avec plateau en bois fossile. Produits exclusifs d\u2019Egidi MadeinItaly.\" \/>\n<meta name=\"robots\" content=\"index, follow, max-snippet:-1, max-image-preview:large, max-video-preview:-1\" \/>\n<link rel=\"canonical\" href=\"https:\/\/egidimadeinitaly.com\/fr\/negozio\/objets-dart\/objets-dart-modernes\/paire-de-gueridons-plateau-en-bois-fossile\/\" \/>\n<meta property=\"og:locale\" content=\"fr_FR\" \/>\n<meta property=\"og:type\" content=\"article\" \/>\n<meta property=\"og:title\" content=\"Paire de Gu\u00e9ridons Plateau en Bois Fossile\" \/>\n<meta property=\"og:description\" content=\"Paire de gu\u00e9ridons plateau en bois fossile.\" \/>\n<meta property=\"og:url\" content=\"https:\/\/egidimadeinitaly.com\/fr\/negozio\/objets-dart\/objets-dart-modernes\/paire-de-gueridons-plateau-en-bois-fossile\/\" \/>\n<meta property=\"og:site_name\" content=\"Egidi MadeinItaly\" \/>\n<meta property=\"article:publisher\" content=\"https:\/\/www.facebook.com\/egidimadeinitaly\/\" \/>\n<meta property=\"article:modified_time\" content=\"2023-01-11T12:03:30+00:00\" \/>\n<meta property=\"og:image\" content=\"https:\/\/egidimadeinitaly.com\/wp-content\/uploads\/2020\/04\/Coppia_di_gueridon_dorati_con_piani_in_legno_fossile_Italia_1980.jpeg\" \/>\n\t<meta property=\"og:image:width\" content=\"1500\" \/>\n\t<meta property=\"og:image:height\" content=\"1000\" \/>\n\t<meta property=\"og:image:type\" content=\"image\/jpeg\" \/>\n<script type=\"application\/ld+json\" class=\"yoast-schema-graph\">{\"@context\":\"https:\\\/\\\/schema.org\",\"@graph\":[{\"@type\":\"WebPage\",\"@id\":\"https:\\\/\\\/egidimadeinitaly.com\\\/fr\\\/negozio\\\/objets-dart\\\/objets-dart-modernes\\\/paire-de-gueridons-plateau-en-bois-fossile\\\/\",\"url\":\"https:\\\/\\\/egidimadeinitaly.com\\\/fr\\\/negozio\\\/objets-dart\\\/objets-dart-modernes\\\/paire-de-gueridons-plateau-en-bois-fossile\\\/\",\"name\":\"Paire de Gu\u00e9ridons Plateau en Bois Fossile - Egidi MadeinItaly\",\"isPartOf\":{\"@id\":\"https:\\\/\\\/egidimadeinitaly.com\\\/fr\\\/#website\"},\"primaryImageOfPage\":{\"@id\":\"https:\\\/\\\/egidimadeinitaly.com\\\/fr\\\/negozio\\\/objets-dart\\\/objets-dart-modernes\\\/paire-de-gueridons-plateau-en-bois-fossile\\\/#primaryimage\"},\"image\":{\"@id\":\"https:\\\/\\\/egidimadeinitaly.com\\\/fr\\\/negozio\\\/objets-dart\\\/objets-dart-modernes\\\/paire-de-gueridons-plateau-en-bois-fossile\\\/#primaryimage\"},\"thumbnailUrl\":\"https:\\\/\\\/egidimadeinitaly.com\\\/v25\\\/wp-content\\\/uploads\\\/2020\\\/04\\\/Coppia_di_gueridon_dorati_con_piani_in_legno_fossile_Italia_1980.jpeg\",\"datePublished\":\"2020-11-21T11:35:43+00:00\",\"dateModified\":\"2023-01-11T12:03:30+00:00\",\"description\":\"Feuilletez notre catalogue o\u00f9 vous pourrez trouver cette tr\u00e8s belle paire de gu\u00e9ridons avec plateau en bois fossile. Produits exclusifs d\u2019Egidi MadeinItaly.\",\"breadcrumb\":{\"@id\":\"https:\\\/\\\/egidimadeinitaly.com\\\/fr\\\/negozio\\\/objets-dart\\\/objets-dart-modernes\\\/paire-de-gueridons-plateau-en-bois-fossile\\\/#breadcrumb\"},\"inLanguage\":\"fr-FR\",\"potentialAction\":[{\"@type\":\"ReadAction\",\"target\":[\"https:\\\/\\\/egidimadeinitaly.com\\\/fr\\\/negozio\\\/objets-dart\\\/objets-dart-modernes\\\/paire-de-gueridons-plateau-en-bois-fossile\\\/\"]}]},{\"@type\":\"ImageObject\",\"inLanguage\":\"fr-FR\",\"@id\":\"https:\\\/\\\/egidimadeinitaly.com\\\/fr\\\/negozio\\\/objets-dart\\\/objets-dart-modernes\\\/paire-de-gueridons-plateau-en-bois-fossile\\\/#primaryimage\",\"url\":\"https:\\\/\\\/egidimadeinitaly.com\\\/v25\\\/wp-content\\\/uploads\\\/2020\\\/04\\\/Coppia_di_gueridon_dorati_con_piani_in_legno_fossile_Italia_1980.jpeg\",\"contentUrl\":\"https:\\\/\\\/egidimadeinitaly.com\\\/v25\\\/wp-content\\\/uploads\\\/2020\\\/04\\\/Coppia_di_gueridon_dorati_con_piani_in_legno_fossile_Italia_1980.jpeg\",\"width\":1500,\"height\":1000,\"caption\":\"Paire de Gu\u00e9ridons M\u00e9tal Dor\u00e9s Ann\u00e8es 80 Plateau en Bois Fossile\"},{\"@type\":\"BreadcrumbList\",\"@id\":\"https:\\\/\\\/egidimadeinitaly.com\\\/fr\\\/negozio\\\/objets-dart\\\/objets-dart-modernes\\\/paire-de-gueridons-plateau-en-bois-fossile\\\/#breadcrumb\",\"itemListElement\":[{\"@type\":\"ListItem\",\"position\":1,\"name\":\"Home\",\"item\":\"https:\\\/\\\/egidimadeinitaly.com\\\/fr\\\/\"},{\"@type\":\"ListItem\",\"position\":2,\"name\":\"Produits\",\"item\":\"https:\\\/\\\/egidimadeinitaly.com\\\/fr\\\/shop\\\/\"},{\"@type\":\"ListItem\",\"position\":3,\"name\":\"Objets d\u2019art\",\"item\":\"https:\\\/\\\/egidimadeinitaly.com\\\/fr\\\/product-category\\\/objets-dart\\\/\"},{\"@type\":\"ListItem\",\"position\":4,\"name\":\"Objets d'art modernes\",\"item\":\"https:\\\/\\\/egidimadeinitaly.com\\\/fr\\\/product-category\\\/objets-dart\\\/objets-dart-modernes\\\/\"},{\"@type\":\"ListItem\",\"position\":5,\"name\":\"Paire de Gu\u00e9ridons Plateau en Bois Fossile\"}]},{\"@type\":\"WebSite\",\"@id\":\"https:\\\/\\\/egidimadeinitaly.com\\\/fr\\\/#website\",\"url\":\"https:\\\/\\\/egidimadeinitaly.com\\\/fr\\\/\",\"name\":\"Egidi MadeinItaly\",\"description\":\"Fine Art\",\"potentialAction\":[{\"@type\":\"SearchAction\",\"target\":{\"@type\":\"EntryPoint\",\"urlTemplate\":\"https:\\\/\\\/egidimadeinitaly.com\\\/fr\\\/?s={search_term_string}\"},\"query-input\":{\"@type\":\"PropertyValueSpecification\",\"valueRequired\":true,\"valueName\":\"search_term_string\"}}],\"inLanguage\":\"fr-FR\"}]}<\/script>\n<!-- \/ Yoast SEO Premium plugin. -->","yoast_head_json":{"title":"Paire de Gu\u00e9ridons Plateau en Bois Fossile - Egidi MadeinItaly","description":"Feuilletez notre catalogue o\u00f9 vous pourrez trouver cette tr\u00e8s belle paire de gu\u00e9ridons avec plateau en bois fossile. Produits exclusifs d\u2019Egidi MadeinItaly.","robots":{"index":"index","follow":"follow","max-snippet":"max-snippet:-1","max-image-preview":"max-image-preview:large","max-video-preview":"max-video-preview:-1"},"canonical":"https:\/\/egidimadeinitaly.com\/fr\/negozio\/objets-dart\/objets-dart-modernes\/paire-de-gueridons-plateau-en-bois-fossile\/","og_locale":"fr_FR","og_type":"article","og_title":"Paire de Gu\u00e9ridons Plateau en Bois Fossile","og_description":"Paire de gu\u00e9ridons plateau en bois fossile.","og_url":"https:\/\/egidimadeinitaly.com\/fr\/negozio\/objets-dart\/objets-dart-modernes\/paire-de-gueridons-plateau-en-bois-fossile\/","og_site_name":"Egidi MadeinItaly","article_publisher":"https:\/\/www.facebook.com\/egidimadeinitaly\/","article_modified_time":"2023-01-11T12:03:30+00:00","og_image":[{"width":1500,"height":1000,"url":"https:\/\/egidimadeinitaly.com\/wp-content\/uploads\/2020\/04\/Coppia_di_gueridon_dorati_con_piani_in_legno_fossile_Italia_1980.jpeg","type":"image\/jpeg"}],"schema":{"@context":"https:\/\/schema.org","@graph":[{"@type":"WebPage","@id":"https:\/\/egidimadeinitaly.com\/fr\/negozio\/objets-dart\/objets-dart-modernes\/paire-de-gueridons-plateau-en-bois-fossile\/","url":"https:\/\/egidimadeinitaly.com\/fr\/negozio\/objets-dart\/objets-dart-modernes\/paire-de-gueridons-plateau-en-bois-fossile\/","name":"Paire de Gu\u00e9ridons Plateau en Bois Fossile - Egidi MadeinItaly","isPartOf":{"@id":"https:\/\/egidimadeinitaly.com\/fr\/#website"},"primaryImageOfPage":{"@id":"https:\/\/egidimadeinitaly.com\/fr\/negozio\/objets-dart\/objets-dart-modernes\/paire-de-gueridons-plateau-en-bois-fossile\/#primaryimage"},"image":{"@id":"https:\/\/egidimadeinitaly.com\/fr\/negozio\/objets-dart\/objets-dart-modernes\/paire-de-gueridons-plateau-en-bois-fossile\/#primaryimage"},"thumbnailUrl":"https:\/\/egidimadeinitaly.com\/v25\/wp-content\/uploads\/2020\/04\/Coppia_di_gueridon_dorati_con_piani_in_legno_fossile_Italia_1980.jpeg","datePublished":"2020-11-21T11:35:43+00:00","dateModified":"2023-01-11T12:03:30+00:00","description":"Feuilletez notre catalogue o\u00f9 vous pourrez trouver cette tr\u00e8s belle paire de gu\u00e9ridons avec plateau en bois fossile. Produits exclusifs d\u2019Egidi MadeinItaly.","breadcrumb":{"@id":"https:\/\/egidimadeinitaly.com\/fr\/negozio\/objets-dart\/objets-dart-modernes\/paire-de-gueridons-plateau-en-bois-fossile\/#breadcrumb"},"inLanguage":"fr-FR","potentialAction":[{"@type":"ReadAction","target":["https:\/\/egidimadeinitaly.com\/fr\/negozio\/objets-dart\/objets-dart-modernes\/paire-de-gueridons-plateau-en-bois-fossile\/"]}]},{"@type":"ImageObject","inLanguage":"fr-FR","@id":"https:\/\/egidimadeinitaly.com\/fr\/negozio\/objets-dart\/objets-dart-modernes\/paire-de-gueridons-plateau-en-bois-fossile\/#primaryimage","url":"https:\/\/egidimadeinitaly.com\/v25\/wp-content\/uploads\/2020\/04\/Coppia_di_gueridon_dorati_con_piani_in_legno_fossile_Italia_1980.jpeg","contentUrl":"https:\/\/egidimadeinitaly.com\/v25\/wp-content\/uploads\/2020\/04\/Coppia_di_gueridon_dorati_con_piani_in_legno_fossile_Italia_1980.jpeg","width":1500,"height":1000,"caption":"Paire de Gu\u00e9ridons M\u00e9tal Dor\u00e9s Ann\u00e8es 80 Plateau en Bois Fossile"},{"@type":"BreadcrumbList","@id":"https:\/\/egidimadeinitaly.com\/fr\/negozio\/objets-dart\/objets-dart-modernes\/paire-de-gueridons-plateau-en-bois-fossile\/#breadcrumb","itemListElement":[{"@type":"ListItem","position":1,"name":"Home","item":"https:\/\/egidimadeinitaly.com\/fr\/"},{"@type":"ListItem","position":2,"name":"Produits","item":"https:\/\/egidimadeinitaly.com\/fr\/shop\/"},{"@type":"ListItem","position":3,"name":"Objets d\u2019art","item":"https:\/\/egidimadeinitaly.com\/fr\/product-category\/objets-dart\/"},{"@type":"ListItem","position":4,"name":"Objets d'art modernes","item":"https:\/\/egidimadeinitaly.com\/fr\/product-category\/objets-dart\/objets-dart-modernes\/"},{"@type":"ListItem","position":5,"name":"Paire de Gu\u00e9ridons Plateau en Bois Fossile"}]},{"@type":"WebSite","@id":"https:\/\/egidimadeinitaly.com\/fr\/#website","url":"https:\/\/egidimadeinitaly.com\/fr\/","name":"Egidi MadeinItaly","description":"Fine Art","potentialAction":[{"@type":"SearchAction","target":{"@type":"EntryPoint","urlTemplate":"https:\/\/egidimadeinitaly.com\/fr\/?s={search_term_string}"},"query-input":{"@type":"PropertyValueSpecification","valueRequired":true,"valueName":"search_term_string"}}],"inLanguage":"fr-FR"}]}},"_links":{"self":[{"href":"https:\/\/egidimadeinitaly.com\/fr\/wp-json\/wp\/v2\/product\/88107","targetHints":{"allow":["GET"]}}],"collection":[{"href":"https:\/\/egidimadeinitaly.com\/fr\/wp-json\/wp\/v2\/product"}],"about":[{"href":"https:\/\/egidimadeinitaly.com\/fr\/wp-json\/wp\/v2\/types\/product"}],"wp:featuredmedia":[{"embeddable":true,"href":"https:\/\/egidimadeinitaly.com\/fr\/wp-json\/wp\/v2\/media\/88087"}],"wp:attachment":[{"href":"https:\/\/egidimadeinitaly.com\/fr\/wp-json\/wp\/v2\/media?parent=88107"}],"wp:term":[{"taxonomy":"product_brand","embeddable":true,"href":"https:\/\/egidimadeinitaly.com\/fr\/wp-json\/wp\/v2\/product_brand?post=88107"},{"taxonomy":"product_cat","embeddable":true,"href":"https:\/\/egidimadeinitaly.com\/fr\/wp-json\/wp\/v2\/product_cat?post=88107"},{"taxonomy":"product_tag","embeddable":true,"href":"https:\/\/egidimadeinitaly.com\/fr\/wp-json\/wp\/v2\/product_tag?post=88107"}],"curies":[{"name":"wp","href":"https:\/\/api.w.org\/{rel}","templated":true}]}}