{"id":87950,"date":"2020-04-06T12:41:57","date_gmt":"2020-04-06T11:41:57","guid":{"rendered":"https:\/\/egidimadeinitaly.com\/ecomsite\/?post_type=product&#038;p=87950"},"modified":"2024-07-15T10:39:38","modified_gmt":"2024-07-15T09:39:38","slug":"ancien-tableau-flamand-cornelis-dusart","status":"publish","type":"product","link":"https:\/\/egidimadeinitaly.com\/fr\/negozio\/art-ancien\/tableaux-anciens-fr\/ancien-tableau-flamand-cornelis-dusart\/","title":{"rendered":"Ancien Tableau Flamand Cornelis Dusart"},"content":{"rendered":"<p>Cornelis Dusart Huile sur Toile fin du XVIIe Si\u00e8cle<\/p>\n<p>Cette belle peinture \u00e0 l\u2019huile est une \u0153uvre du grand artiste flamand Cornelis Dusart (Harlem 1660-1704).<\/p>\n<p>Elle est pr\u00e9sent\u00e9e dans un cadre du XVIIIe si\u00e8cle, en <strong>bois dor\u00e9 oxyd\u00e9 recouvert d\u2019un vernis Mecca<\/strong>, qui pr\u00e9sente l\u2019\u00e9tiquette originale avec le nom de l\u2019artiste.<\/p>\n<p>Ces tableaux repr\u00e9sentent des sujets en plein air, tels que, par exemple, des f\u00eates de village, ou d\u2019int\u00e9rieur comme la belle peinture pr\u00e9sent\u00e9e ici, ou encore, des sc\u00e8nes de tavernes et d\u2019auberges.<\/p>\n<p>Dans ce tableau, nous pouvons remarquer avec quelle dignit\u00e9\u00a0 <strong>la paysanne porte son grand panier de pain<\/strong>,\u00a0 ainsi que la beaut\u00e9 du d\u00e9cor qui l\u2019entoure malgr\u00e9 la pauvret\u00e9 extr\u00eame que l\u2019on devine.<\/p>\n<p>Tableau dans le tableau, la magnifique nature morte qui se trouve en bas au centre du tableau, qui pr\u00e9sente plusieurs vari\u00e9t\u00e9s de l\u00e9gumes et de tubercules, et notons surtout le tr\u00e8s beau jeu d\u2019ombres et de lumi\u00e8re des \u00e9cuelles. Des jeux de lumi\u00e8re cr\u00e9\u00e9s par les rayons de soleil qui percent l\u2019obscurit\u00e9 de la modeste demeure. Pourtant, cette humble maison constitue le plus bel abri de cette belle silhouette femme qui, bien que courb\u00e9e sous le poids du panier qu\u2019elle porte sur ses \u00e9paules, fatigu\u00e9e et s\u2019aidant d\u2019un b\u00e2ton, nous transmet un profond sentiment d\u2019humilit\u00e9, au sens le plus \u00e9lev\u00e9 du terme.<\/p>\n<p>Il y a plusieurs <strong>timbres au dos du tableau<\/strong>, qui indiquent probablement les passages de l\u2019\u0153uvre au fil du temps dans diff\u00e9rentes galeries, expositions ou collections priv\u00e9es.<\/p>\n<p>Le tableau a \u00e9t\u00e9 rentoil\u00e9 et ses conditions sont pratiquement parfaites.<\/p>\n<p>Elle repr\u00e9sente une sc\u00e8ne caract\u00e9ristique de la grande \u00e9cole hollandaise des XVIe et XVIIe si\u00e8cles.<\/p>\n<p>Ce courant majeur, guid\u00e9 par <strong>le grand artiste Pieter Brueghel ou Brueghel dit Bruegel l\u2019Ancien<\/strong> (vers 1525-1530-Bruxelles 1569), se caract\u00e9rise par des sc\u00e8nes de la vie quotidienne.<\/p>\n","protected":false},"excerpt":{"rendered":"<p>Cette belle peinture \u00e0 l\u2019huile est une \u0153uvre du grand artiste flamand Cornelis Dusart<\/p>\n","protected":false},"featured_media":87915,"template":"","meta":{"_acf_changed":false},"product_brand":[],"product_cat":[6374,6408],"product_tag":[5732,5361,5639],"class_list":{"0":"post-87950","1":"product","2":"type-product","3":"status-publish","4":"has-post-thumbnail","6":"product_cat-art-ancien","7":"product_cat-tableaux-anciens-fr","8":"product_tag-beaux-arts-fr","9":"product_tag-decoration-murale","10":"product_tag-peinture-flamande","11":"product_shipping_class-dhl-fr","13":"first","14":"outofstock","15":"taxable","16":"shipping-taxable","17":"product-type-simple"},"acf":[],"yoast_head":"<!-- This site is optimized with the Yoast SEO Premium plugin v27.5 (Yoast SEO v27.6) - https:\/\/yoast.com\/product\/yoast-seo-premium-wordpress\/ -->\n<title>Ancien Tableau Flamand Cornelis Dusart - Egidi MadeinItaly<\/title>\n<meta name=\"description\" content=\"Peinture sign\u00e9 Cornelis Dusart Voulez vous embellir votre bureau avec un ancien Tableau Flamand consultez le Catalogue Egidi MadeinItaly\" \/>\n<meta name=\"robots\" content=\"index, follow, max-snippet:-1, max-image-preview:large, max-video-preview:-1\" \/>\n<link rel=\"canonical\" href=\"https:\/\/egidimadeinitaly.com\/fr\/produit\/art-ancien\/tableaux-anciens-fr\/ancien-tableau-flamand-cornelis-dusart\/\" \/>\n<meta property=\"og:locale\" content=\"fr_FR\" \/>\n<meta property=\"og:type\" content=\"article\" \/>\n<meta property=\"og:title\" content=\"Ancien Tableau Flamand Cornelis Dusart\" \/>\n<meta property=\"og:description\" content=\"Cette belle peinture \u00e0 l\u2019huile est une \u0153uvre du grand artiste flamand Cornelis Dusart\" \/>\n<meta property=\"og:url\" content=\"https:\/\/egidimadeinitaly.com\/fr\/produit\/art-ancien\/tableaux-anciens-fr\/ancien-tableau-flamand-cornelis-dusart\/\" \/>\n<meta property=\"og:site_name\" content=\"Egidi MadeinItaly\" \/>\n<meta property=\"article:publisher\" content=\"https:\/\/www.facebook.com\/egidimadeinitaly\/\" \/>\n<meta property=\"article:modified_time\" content=\"2024-07-15T09:39:38+00:00\" \/>\n<meta property=\"og:image\" content=\"https:\/\/egidimadeinitaly.com\/wp-content\/uploads\/2020\/04\/83100A9A-7CC2-4BEC-B485-27B6BBBA9BF8-1024x1024.jpeg\" \/>\n\t<meta property=\"og:image:width\" content=\"1024\" \/>\n\t<meta property=\"og:image:height\" content=\"1024\" \/>\n\t<meta property=\"og:image:type\" content=\"image\/jpeg\" \/>\n<script type=\"application\/ld+json\" class=\"yoast-schema-graph\">{\"@context\":\"https:\\\/\\\/schema.org\",\"@graph\":[{\"@type\":\"WebPage\",\"@id\":\"https:\\\/\\\/egidimadeinitaly.com\\\/fr\\\/negozio\\\/art-ancien\\\/tableaux-anciens-fr\\\/ancien-tableau-flamand-cornelis-dusart\\\/\",\"url\":\"https:\\\/\\\/egidimadeinitaly.com\\\/fr\\\/produit\\\/art-ancien\\\/tableaux-anciens-fr\\\/ancien-tableau-flamand-cornelis-dusart\\\/\",\"name\":\"Ancien Tableau Flamand Cornelis Dusart - Egidi MadeinItaly\",\"isPartOf\":{\"@id\":\"https:\\\/\\\/egidimadeinitaly.com\\\/fr\\\/#website\"},\"primaryImageOfPage\":{\"@id\":\"https:\\\/\\\/egidimadeinitaly.com\\\/fr\\\/produit\\\/art-ancien\\\/tableaux-anciens-fr\\\/ancien-tableau-flamand-cornelis-dusart\\\/#primaryimage\"},\"image\":{\"@id\":\"https:\\\/\\\/egidimadeinitaly.com\\\/fr\\\/produit\\\/art-ancien\\\/tableaux-anciens-fr\\\/ancien-tableau-flamand-cornelis-dusart\\\/#primaryimage\"},\"thumbnailUrl\":\"https:\\\/\\\/egidimadeinitaly.com\\\/v25\\\/wp-content\\\/uploads\\\/2020\\\/04\\\/83100A9A-7CC2-4BEC-B485-27B6BBBA9BF8.jpeg\",\"datePublished\":\"2020-04-06T11:41:57+00:00\",\"dateModified\":\"2024-07-15T09:39:38+00:00\",\"description\":\"Peinture sign\u00e9 Cornelis Dusart Voulez vous embellir votre bureau avec un ancien Tableau Flamand consultez le Catalogue Egidi MadeinItaly\",\"breadcrumb\":{\"@id\":\"https:\\\/\\\/egidimadeinitaly.com\\\/fr\\\/produit\\\/art-ancien\\\/tableaux-anciens-fr\\\/ancien-tableau-flamand-cornelis-dusart\\\/#breadcrumb\"},\"inLanguage\":\"fr-FR\",\"potentialAction\":[{\"@type\":\"ReadAction\",\"target\":[\"https:\\\/\\\/egidimadeinitaly.com\\\/fr\\\/produit\\\/art-ancien\\\/tableaux-anciens-fr\\\/ancien-tableau-flamand-cornelis-dusart\\\/\"]}]},{\"@type\":\"ImageObject\",\"inLanguage\":\"fr-FR\",\"@id\":\"https:\\\/\\\/egidimadeinitaly.com\\\/fr\\\/produit\\\/art-ancien\\\/tableaux-anciens-fr\\\/ancien-tableau-flamand-cornelis-dusart\\\/#primaryimage\",\"url\":\"https:\\\/\\\/egidimadeinitaly.com\\\/v25\\\/wp-content\\\/uploads\\\/2020\\\/04\\\/83100A9A-7CC2-4BEC-B485-27B6BBBA9BF8.jpeg\",\"contentUrl\":\"https:\\\/\\\/egidimadeinitaly.com\\\/v25\\\/wp-content\\\/uploads\\\/2020\\\/04\\\/83100A9A-7CC2-4BEC-B485-27B6BBBA9BF8.jpeg\",\"width\":2560,\"height\":2560,\"caption\":\"Huile sur Toile Ancien Tableau Flamand Cornelis Dusart\"},{\"@type\":\"BreadcrumbList\",\"@id\":\"https:\\\/\\\/egidimadeinitaly.com\\\/fr\\\/produit\\\/art-ancien\\\/tableaux-anciens-fr\\\/ancien-tableau-flamand-cornelis-dusart\\\/#breadcrumb\",\"itemListElement\":[{\"@type\":\"ListItem\",\"position\":1,\"name\":\"Home\",\"item\":\"https:\\\/\\\/egidimadeinitaly.com\\\/fr\\\/\"},{\"@type\":\"ListItem\",\"position\":2,\"name\":\"Produits\",\"item\":\"https:\\\/\\\/egidimadeinitaly.com\\\/fr\\\/shop\\\/\"},{\"@type\":\"ListItem\",\"position\":3,\"name\":\"Art ancien\",\"item\":\"https:\\\/\\\/egidimadeinitaly.com\\\/fr\\\/product-category\\\/art-ancien\\\/\"},{\"@type\":\"ListItem\",\"position\":4,\"name\":\"Tableaux anciens\",\"item\":\"https:\\\/\\\/egidimadeinitaly.com\\\/fr\\\/product-category\\\/art-ancien\\\/tableaux-anciens-fr\\\/\"},{\"@type\":\"ListItem\",\"position\":5,\"name\":\"Ancien Tableau Flamand Cornelis Dusart\"}]},{\"@type\":\"WebSite\",\"@id\":\"https:\\\/\\\/egidimadeinitaly.com\\\/fr\\\/#website\",\"url\":\"https:\\\/\\\/egidimadeinitaly.com\\\/fr\\\/\",\"name\":\"Egidi MadeinItaly\",\"description\":\"Fine Art\",\"potentialAction\":[{\"@type\":\"SearchAction\",\"target\":{\"@type\":\"EntryPoint\",\"urlTemplate\":\"https:\\\/\\\/egidimadeinitaly.com\\\/fr\\\/?s={search_term_string}\"},\"query-input\":{\"@type\":\"PropertyValueSpecification\",\"valueRequired\":true,\"valueName\":\"search_term_string\"}}],\"inLanguage\":\"fr-FR\"}]}<\/script>\n<!-- \/ Yoast SEO Premium plugin. -->","yoast_head_json":{"title":"Ancien Tableau Flamand Cornelis Dusart - Egidi MadeinItaly","description":"Peinture sign\u00e9 Cornelis Dusart Voulez vous embellir votre bureau avec un ancien Tableau Flamand consultez le Catalogue Egidi MadeinItaly","robots":{"index":"index","follow":"follow","max-snippet":"max-snippet:-1","max-image-preview":"max-image-preview:large","max-video-preview":"max-video-preview:-1"},"canonical":"https:\/\/egidimadeinitaly.com\/fr\/produit\/art-ancien\/tableaux-anciens-fr\/ancien-tableau-flamand-cornelis-dusart\/","og_locale":"fr_FR","og_type":"article","og_title":"Ancien Tableau Flamand Cornelis Dusart","og_description":"Cette belle peinture \u00e0 l\u2019huile est une \u0153uvre du grand artiste flamand Cornelis Dusart","og_url":"https:\/\/egidimadeinitaly.com\/fr\/produit\/art-ancien\/tableaux-anciens-fr\/ancien-tableau-flamand-cornelis-dusart\/","og_site_name":"Egidi MadeinItaly","article_publisher":"https:\/\/www.facebook.com\/egidimadeinitaly\/","article_modified_time":"2024-07-15T09:39:38+00:00","og_image":[{"width":1024,"height":1024,"url":"https:\/\/egidimadeinitaly.com\/wp-content\/uploads\/2020\/04\/83100A9A-7CC2-4BEC-B485-27B6BBBA9BF8-1024x1024.jpeg","type":"image\/jpeg"}],"schema":{"@context":"https:\/\/schema.org","@graph":[{"@type":"WebPage","@id":"https:\/\/egidimadeinitaly.com\/fr\/negozio\/art-ancien\/tableaux-anciens-fr\/ancien-tableau-flamand-cornelis-dusart\/","url":"https:\/\/egidimadeinitaly.com\/fr\/produit\/art-ancien\/tableaux-anciens-fr\/ancien-tableau-flamand-cornelis-dusart\/","name":"Ancien Tableau Flamand Cornelis Dusart - Egidi MadeinItaly","isPartOf":{"@id":"https:\/\/egidimadeinitaly.com\/fr\/#website"},"primaryImageOfPage":{"@id":"https:\/\/egidimadeinitaly.com\/fr\/produit\/art-ancien\/tableaux-anciens-fr\/ancien-tableau-flamand-cornelis-dusart\/#primaryimage"},"image":{"@id":"https:\/\/egidimadeinitaly.com\/fr\/produit\/art-ancien\/tableaux-anciens-fr\/ancien-tableau-flamand-cornelis-dusart\/#primaryimage"},"thumbnailUrl":"https:\/\/egidimadeinitaly.com\/v25\/wp-content\/uploads\/2020\/04\/83100A9A-7CC2-4BEC-B485-27B6BBBA9BF8.jpeg","datePublished":"2020-04-06T11:41:57+00:00","dateModified":"2024-07-15T09:39:38+00:00","description":"Peinture sign\u00e9 Cornelis Dusart Voulez vous embellir votre bureau avec un ancien Tableau Flamand consultez le Catalogue Egidi MadeinItaly","breadcrumb":{"@id":"https:\/\/egidimadeinitaly.com\/fr\/produit\/art-ancien\/tableaux-anciens-fr\/ancien-tableau-flamand-cornelis-dusart\/#breadcrumb"},"inLanguage":"fr-FR","potentialAction":[{"@type":"ReadAction","target":["https:\/\/egidimadeinitaly.com\/fr\/produit\/art-ancien\/tableaux-anciens-fr\/ancien-tableau-flamand-cornelis-dusart\/"]}]},{"@type":"ImageObject","inLanguage":"fr-FR","@id":"https:\/\/egidimadeinitaly.com\/fr\/produit\/art-ancien\/tableaux-anciens-fr\/ancien-tableau-flamand-cornelis-dusart\/#primaryimage","url":"https:\/\/egidimadeinitaly.com\/v25\/wp-content\/uploads\/2020\/04\/83100A9A-7CC2-4BEC-B485-27B6BBBA9BF8.jpeg","contentUrl":"https:\/\/egidimadeinitaly.com\/v25\/wp-content\/uploads\/2020\/04\/83100A9A-7CC2-4BEC-B485-27B6BBBA9BF8.jpeg","width":2560,"height":2560,"caption":"Huile sur Toile Ancien Tableau Flamand Cornelis Dusart"},{"@type":"BreadcrumbList","@id":"https:\/\/egidimadeinitaly.com\/fr\/produit\/art-ancien\/tableaux-anciens-fr\/ancien-tableau-flamand-cornelis-dusart\/#breadcrumb","itemListElement":[{"@type":"ListItem","position":1,"name":"Home","item":"https:\/\/egidimadeinitaly.com\/fr\/"},{"@type":"ListItem","position":2,"name":"Produits","item":"https:\/\/egidimadeinitaly.com\/fr\/shop\/"},{"@type":"ListItem","position":3,"name":"Art ancien","item":"https:\/\/egidimadeinitaly.com\/fr\/product-category\/art-ancien\/"},{"@type":"ListItem","position":4,"name":"Tableaux anciens","item":"https:\/\/egidimadeinitaly.com\/fr\/product-category\/art-ancien\/tableaux-anciens-fr\/"},{"@type":"ListItem","position":5,"name":"Ancien Tableau Flamand Cornelis Dusart"}]},{"@type":"WebSite","@id":"https:\/\/egidimadeinitaly.com\/fr\/#website","url":"https:\/\/egidimadeinitaly.com\/fr\/","name":"Egidi MadeinItaly","description":"Fine Art","potentialAction":[{"@type":"SearchAction","target":{"@type":"EntryPoint","urlTemplate":"https:\/\/egidimadeinitaly.com\/fr\/?s={search_term_string}"},"query-input":{"@type":"PropertyValueSpecification","valueRequired":true,"valueName":"search_term_string"}}],"inLanguage":"fr-FR"}]}},"_links":{"self":[{"href":"https:\/\/egidimadeinitaly.com\/fr\/wp-json\/wp\/v2\/product\/87950","targetHints":{"allow":["GET"]}}],"collection":[{"href":"https:\/\/egidimadeinitaly.com\/fr\/wp-json\/wp\/v2\/product"}],"about":[{"href":"https:\/\/egidimadeinitaly.com\/fr\/wp-json\/wp\/v2\/types\/product"}],"wp:featuredmedia":[{"embeddable":true,"href":"https:\/\/egidimadeinitaly.com\/fr\/wp-json\/wp\/v2\/media\/87915"}],"wp:attachment":[{"href":"https:\/\/egidimadeinitaly.com\/fr\/wp-json\/wp\/v2\/media?parent=87950"}],"wp:term":[{"taxonomy":"product_brand","embeddable":true,"href":"https:\/\/egidimadeinitaly.com\/fr\/wp-json\/wp\/v2\/product_brand?post=87950"},{"taxonomy":"product_cat","embeddable":true,"href":"https:\/\/egidimadeinitaly.com\/fr\/wp-json\/wp\/v2\/product_cat?post=87950"},{"taxonomy":"product_tag","embeddable":true,"href":"https:\/\/egidimadeinitaly.com\/fr\/wp-json\/wp\/v2\/product_tag?post=87950"}],"curies":[{"name":"wp","href":"https:\/\/api.w.org\/{rel}","templated":true}]}}