{"id":87164,"date":"2020-03-25T15:02:03","date_gmt":"2020-03-25T14:02:03","guid":{"rendered":"https:\/\/egidimadeinitaly.com\/ecomsite\/?post_type=product&#038;p=87164"},"modified":"2021-09-17T18:07:22","modified_gmt":"2021-09-17T18:07:22","slug":"etagere-in-ottone-con-base-in-legno-laccato-nero-italia-1970","status":"publish","type":"product","link":"https:\/\/egidimadeinitaly.com\/fr\/negozio\/objets-dart\/objets-dart-modernes\/etagere-in-ottone-con-base-in-legno-laccato-nero-italia-1970\/","title":{"rendered":"Romeo Rega Biblioth\u00e8que en Laiton Ann\u00e9es 70"},"content":{"rendered":"<div class=\"accordion_content ui-accordion-content ui-helper-reset ui-widget-content ui-corner-bottom ui-accordion-content-active\">\n<div class=\"accordion_content_inner\">\n<div class=\"accordion_content ui-accordion-content ui-helper-reset ui-widget-content ui-corner-bottom ui-accordion-content-active\">\n<div class=\"accordion_content_inner\">\n<p>\u00c9tag\u00e8re\u00a0en laiton avec base en bois laqu\u00e9 noir, Italie 1970<\/p>\n<p><strong>Cette biblioth\u00e8que en laiton<\/strong> a \u00e9t\u00e9 dessin\u00e9e et fabriqu\u00e9e par <strong>Romeo Rega<\/strong> au d\u00e9but des ann\u00e9es 1970.<\/p>\n<p>Elle est agr\u00e9ment\u00e9e d\u2019un d\u00e9tail important : sa structure est form\u00e9e d\u2019\u00e9tag\u00e8res en laiton dor\u00e9 et argent\u00e9.<\/p>\n<p>La disposition des \u00e9tag\u00e8res est con\u00e7ue pour offrir une capacit\u00e9 maximale.<\/p>\n<p>La structure en escalier permet d\u2019avoir pas moins de 16 \u00e9tag\u00e8res de pr\u00e9sentation.<\/p>\n<p><strong>Le verre fum\u00e9 de chaque \u00e9tag\u00e8re est d\u2019origine.<\/strong><\/p>\n<p>La structure de cette biblioth\u00e8que ouverte repose sur une base en bois laqu\u00e9 noir qui lui conf\u00e8re de l\u2019\u00e9l\u00e9gance, et surtout, une bonne stabilit\u00e9.<\/p>\n<p><strong>Elle peut \u00eatre\u00a0 utilis\u00e9e dans une pi\u00e8ce comme meuble central ou comme s\u00e9paration<\/strong> entre deux espaces ou simplement accroch\u00e9e au mur.<\/p>\n<p>&nbsp;<\/p>\n<p>&nbsp;<\/p>\n<\/div>\n<\/div>\n<\/div>\n<\/div>\n","protected":false},"excerpt":{"rendered":"<div class=\"woocommerce-product-details__short-description\">\n<p>\u00c9tag\u00e8re\u00a0en laiton avec base en bois laqu\u00e9 noir, Italie 1970<\/p>\n<p>&nbsp;<\/p>\n<\/div>\n","protected":false},"featured_media":87167,"template":"","meta":{"_acf_changed":false},"product_brand":[],"product_cat":[6412,6492],"product_tag":[5422,1254,5079],"class_list":{"0":"post-87164","1":"product","2":"type-product","3":"status-publish","4":"has-post-thumbnail","6":"product_cat-objets-dart-modernes","7":"product_cat-objets-dart","8":"product_tag-annees-70","9":"product_tag-design-italien-fr","10":"product_tag-vintage-fr","11":"product_shipping_class-dhl-fr","13":"first","14":"outofstock","15":"taxable","16":"shipping-taxable","17":"product-type-simple"},"acf":[],"yoast_head":"<!-- This site is optimized with the Yoast SEO Premium plugin v27.3 (Yoast SEO v27.4) - https:\/\/yoast.com\/product\/yoast-seo-premium-wordpress\/ -->\n<title>Romeo Rega Biblioth\u00e8que en Laiton Ann\u00e9es 70 - Egidi MadeinItaly<\/title>\n<meta name=\"description\" content=\"Biblioth\u00e8que en laiton dessin\u00e9e et fabriqu\u00e9e par Romeo Rega au d\u00e9but des ann\u00e9es 1970. Visitez notre site Egidi MadeinItaly\" \/>\n<meta name=\"robots\" content=\"index, follow, max-snippet:-1, max-image-preview:large, max-video-preview:-1\" \/>\n<link rel=\"canonical\" href=\"https:\/\/egidimadeinitaly.com\/fr\/negozio\/objets-dart\/objets-dart-modernes\/etagere-in-ottone-con-base-in-legno-laccato-nero-italia-1970\/\" \/>\n<meta property=\"og:locale\" content=\"fr_FR\" \/>\n<meta property=\"og:type\" content=\"article\" \/>\n<meta property=\"og:title\" content=\"Romeo Rega Biblioth\u00e8que en Laiton Ann\u00e9es 70\" \/>\n<meta property=\"og:description\" content=\"\u00c9tag\u00e8re\u00a0en laiton avec base en bois laqu\u00e9 noir, Italie 1970  &nbsp;\" \/>\n<meta property=\"og:url\" content=\"https:\/\/egidimadeinitaly.com\/fr\/negozio\/objets-dart\/objets-dart-modernes\/etagere-in-ottone-con-base-in-legno-laccato-nero-italia-1970\/\" \/>\n<meta property=\"og:site_name\" content=\"Egidi MadeinItaly\" \/>\n<meta property=\"article:publisher\" content=\"https:\/\/www.facebook.com\/egidimadeinitaly\/\" \/>\n<meta property=\"article:modified_time\" content=\"2021-09-17T18:07:22+00:00\" \/>\n<meta property=\"og:image\" content=\"https:\/\/egidimadeinitaly.com\/wp-content\/uploads\/2020\/03\/etagere_in_ottone_con_base_in_legno_laccato_nero_Italia_1970-e1722698566135.jpg\" \/>\n\t<meta property=\"og:image:width\" content=\"1024\" \/>\n\t<meta property=\"og:image:height\" content=\"1024\" \/>\n\t<meta property=\"og:image:type\" content=\"image\/jpeg\" \/>\n<script type=\"application\/ld+json\" class=\"yoast-schema-graph\">{\"@context\":\"https:\\\/\\\/schema.org\",\"@graph\":[{\"@type\":\"WebPage\",\"@id\":\"https:\\\/\\\/egidimadeinitaly.com\\\/fr\\\/negozio\\\/objets-dart\\\/objets-dart-modernes\\\/etagere-in-ottone-con-base-in-legno-laccato-nero-italia-1970\\\/\",\"url\":\"https:\\\/\\\/egidimadeinitaly.com\\\/fr\\\/negozio\\\/objets-dart\\\/objets-dart-modernes\\\/etagere-in-ottone-con-base-in-legno-laccato-nero-italia-1970\\\/\",\"name\":\"Romeo Rega Biblioth\u00e8que en Laiton Ann\u00e9es 70 - Egidi MadeinItaly\",\"isPartOf\":{\"@id\":\"https:\\\/\\\/egidimadeinitaly.com\\\/fr\\\/#website\"},\"primaryImageOfPage\":{\"@id\":\"https:\\\/\\\/egidimadeinitaly.com\\\/fr\\\/negozio\\\/objets-dart\\\/objets-dart-modernes\\\/etagere-in-ottone-con-base-in-legno-laccato-nero-italia-1970\\\/#primaryimage\"},\"image\":{\"@id\":\"https:\\\/\\\/egidimadeinitaly.com\\\/fr\\\/negozio\\\/objets-dart\\\/objets-dart-modernes\\\/etagere-in-ottone-con-base-in-legno-laccato-nero-italia-1970\\\/#primaryimage\"},\"thumbnailUrl\":\"https:\\\/\\\/egidimadeinitaly.com\\\/v25\\\/wp-content\\\/uploads\\\/2020\\\/03\\\/etagere_in_ottone_con_base_in_legno_laccato_nero_Italia_1970-e1722698566135.jpg\",\"datePublished\":\"2020-03-25T14:02:03+00:00\",\"dateModified\":\"2021-09-17T18:07:22+00:00\",\"description\":\"Biblioth\u00e8que en laiton dessin\u00e9e et fabriqu\u00e9e par Romeo Rega au d\u00e9but des ann\u00e9es 1970. Visitez notre site Egidi MadeinItaly\",\"breadcrumb\":{\"@id\":\"https:\\\/\\\/egidimadeinitaly.com\\\/fr\\\/negozio\\\/objets-dart\\\/objets-dart-modernes\\\/etagere-in-ottone-con-base-in-legno-laccato-nero-italia-1970\\\/#breadcrumb\"},\"inLanguage\":\"fr-FR\",\"potentialAction\":[{\"@type\":\"ReadAction\",\"target\":[\"https:\\\/\\\/egidimadeinitaly.com\\\/fr\\\/negozio\\\/objets-dart\\\/objets-dart-modernes\\\/etagere-in-ottone-con-base-in-legno-laccato-nero-italia-1970\\\/\"]}]},{\"@type\":\"ImageObject\",\"inLanguage\":\"fr-FR\",\"@id\":\"https:\\\/\\\/egidimadeinitaly.com\\\/fr\\\/negozio\\\/objets-dart\\\/objets-dart-modernes\\\/etagere-in-ottone-con-base-in-legno-laccato-nero-italia-1970\\\/#primaryimage\",\"url\":\"https:\\\/\\\/egidimadeinitaly.com\\\/v25\\\/wp-content\\\/uploads\\\/2020\\\/03\\\/etagere_in_ottone_con_base_in_legno_laccato_nero_Italia_1970-e1722698566135.jpg\",\"contentUrl\":\"https:\\\/\\\/egidimadeinitaly.com\\\/v25\\\/wp-content\\\/uploads\\\/2020\\\/03\\\/etagere_in_ottone_con_base_in_legno_laccato_nero_Italia_1970-e1722698566135.jpg\",\"width\":1024,\"height\":1024,\"caption\":\"Romeo Rega Biblioth\u00e8que en Laiton\"},{\"@type\":\"BreadcrumbList\",\"@id\":\"https:\\\/\\\/egidimadeinitaly.com\\\/fr\\\/negozio\\\/objets-dart\\\/objets-dart-modernes\\\/etagere-in-ottone-con-base-in-legno-laccato-nero-italia-1970\\\/#breadcrumb\",\"itemListElement\":[{\"@type\":\"ListItem\",\"position\":1,\"name\":\"Home\",\"item\":\"https:\\\/\\\/egidimadeinitaly.com\\\/fr\\\/\"},{\"@type\":\"ListItem\",\"position\":2,\"name\":\"Produits\",\"item\":\"https:\\\/\\\/egidimadeinitaly.com\\\/fr\\\/shop\\\/\"},{\"@type\":\"ListItem\",\"position\":3,\"name\":\"Objets d\u2019art\",\"item\":\"https:\\\/\\\/egidimadeinitaly.com\\\/fr\\\/product-category\\\/objets-dart\\\/\"},{\"@type\":\"ListItem\",\"position\":4,\"name\":\"Objets d'art modernes\",\"item\":\"https:\\\/\\\/egidimadeinitaly.com\\\/fr\\\/product-category\\\/objets-dart\\\/objets-dart-modernes\\\/\"},{\"@type\":\"ListItem\",\"position\":5,\"name\":\"Romeo Rega Biblioth\u00e8que en Laiton Ann\u00e9es 70\"}]},{\"@type\":\"WebSite\",\"@id\":\"https:\\\/\\\/egidimadeinitaly.com\\\/fr\\\/#website\",\"url\":\"https:\\\/\\\/egidimadeinitaly.com\\\/fr\\\/\",\"name\":\"Egidi MadeinItaly\",\"description\":\"Fine Art\",\"potentialAction\":[{\"@type\":\"SearchAction\",\"target\":{\"@type\":\"EntryPoint\",\"urlTemplate\":\"https:\\\/\\\/egidimadeinitaly.com\\\/fr\\\/?s={search_term_string}\"},\"query-input\":{\"@type\":\"PropertyValueSpecification\",\"valueRequired\":true,\"valueName\":\"search_term_string\"}}],\"inLanguage\":\"fr-FR\"}]}<\/script>\n<!-- \/ Yoast SEO Premium plugin. -->","yoast_head_json":{"title":"Romeo Rega Biblioth\u00e8que en Laiton Ann\u00e9es 70 - Egidi MadeinItaly","description":"Biblioth\u00e8que en laiton dessin\u00e9e et fabriqu\u00e9e par Romeo Rega au d\u00e9but des ann\u00e9es 1970. Visitez notre site Egidi MadeinItaly","robots":{"index":"index","follow":"follow","max-snippet":"max-snippet:-1","max-image-preview":"max-image-preview:large","max-video-preview":"max-video-preview:-1"},"canonical":"https:\/\/egidimadeinitaly.com\/fr\/negozio\/objets-dart\/objets-dart-modernes\/etagere-in-ottone-con-base-in-legno-laccato-nero-italia-1970\/","og_locale":"fr_FR","og_type":"article","og_title":"Romeo Rega Biblioth\u00e8que en Laiton Ann\u00e9es 70","og_description":"\u00c9tag\u00e8re\u00a0en laiton avec base en bois laqu\u00e9 noir, Italie 1970  &nbsp;","og_url":"https:\/\/egidimadeinitaly.com\/fr\/negozio\/objets-dart\/objets-dart-modernes\/etagere-in-ottone-con-base-in-legno-laccato-nero-italia-1970\/","og_site_name":"Egidi MadeinItaly","article_publisher":"https:\/\/www.facebook.com\/egidimadeinitaly\/","article_modified_time":"2021-09-17T18:07:22+00:00","og_image":[{"width":1024,"height":1024,"url":"https:\/\/egidimadeinitaly.com\/wp-content\/uploads\/2020\/03\/etagere_in_ottone_con_base_in_legno_laccato_nero_Italia_1970-e1722698566135.jpg","type":"image\/jpeg"}],"schema":{"@context":"https:\/\/schema.org","@graph":[{"@type":"WebPage","@id":"https:\/\/egidimadeinitaly.com\/fr\/negozio\/objets-dart\/objets-dart-modernes\/etagere-in-ottone-con-base-in-legno-laccato-nero-italia-1970\/","url":"https:\/\/egidimadeinitaly.com\/fr\/negozio\/objets-dart\/objets-dart-modernes\/etagere-in-ottone-con-base-in-legno-laccato-nero-italia-1970\/","name":"Romeo Rega Biblioth\u00e8que en Laiton Ann\u00e9es 70 - Egidi MadeinItaly","isPartOf":{"@id":"https:\/\/egidimadeinitaly.com\/fr\/#website"},"primaryImageOfPage":{"@id":"https:\/\/egidimadeinitaly.com\/fr\/negozio\/objets-dart\/objets-dart-modernes\/etagere-in-ottone-con-base-in-legno-laccato-nero-italia-1970\/#primaryimage"},"image":{"@id":"https:\/\/egidimadeinitaly.com\/fr\/negozio\/objets-dart\/objets-dart-modernes\/etagere-in-ottone-con-base-in-legno-laccato-nero-italia-1970\/#primaryimage"},"thumbnailUrl":"https:\/\/egidimadeinitaly.com\/v25\/wp-content\/uploads\/2020\/03\/etagere_in_ottone_con_base_in_legno_laccato_nero_Italia_1970-e1722698566135.jpg","datePublished":"2020-03-25T14:02:03+00:00","dateModified":"2021-09-17T18:07:22+00:00","description":"Biblioth\u00e8que en laiton dessin\u00e9e et fabriqu\u00e9e par Romeo Rega au d\u00e9but des ann\u00e9es 1970. Visitez notre site Egidi MadeinItaly","breadcrumb":{"@id":"https:\/\/egidimadeinitaly.com\/fr\/negozio\/objets-dart\/objets-dart-modernes\/etagere-in-ottone-con-base-in-legno-laccato-nero-italia-1970\/#breadcrumb"},"inLanguage":"fr-FR","potentialAction":[{"@type":"ReadAction","target":["https:\/\/egidimadeinitaly.com\/fr\/negozio\/objets-dart\/objets-dart-modernes\/etagere-in-ottone-con-base-in-legno-laccato-nero-italia-1970\/"]}]},{"@type":"ImageObject","inLanguage":"fr-FR","@id":"https:\/\/egidimadeinitaly.com\/fr\/negozio\/objets-dart\/objets-dart-modernes\/etagere-in-ottone-con-base-in-legno-laccato-nero-italia-1970\/#primaryimage","url":"https:\/\/egidimadeinitaly.com\/v25\/wp-content\/uploads\/2020\/03\/etagere_in_ottone_con_base_in_legno_laccato_nero_Italia_1970-e1722698566135.jpg","contentUrl":"https:\/\/egidimadeinitaly.com\/v25\/wp-content\/uploads\/2020\/03\/etagere_in_ottone_con_base_in_legno_laccato_nero_Italia_1970-e1722698566135.jpg","width":1024,"height":1024,"caption":"Romeo Rega Biblioth\u00e8que en Laiton"},{"@type":"BreadcrumbList","@id":"https:\/\/egidimadeinitaly.com\/fr\/negozio\/objets-dart\/objets-dart-modernes\/etagere-in-ottone-con-base-in-legno-laccato-nero-italia-1970\/#breadcrumb","itemListElement":[{"@type":"ListItem","position":1,"name":"Home","item":"https:\/\/egidimadeinitaly.com\/fr\/"},{"@type":"ListItem","position":2,"name":"Produits","item":"https:\/\/egidimadeinitaly.com\/fr\/shop\/"},{"@type":"ListItem","position":3,"name":"Objets d\u2019art","item":"https:\/\/egidimadeinitaly.com\/fr\/product-category\/objets-dart\/"},{"@type":"ListItem","position":4,"name":"Objets d'art modernes","item":"https:\/\/egidimadeinitaly.com\/fr\/product-category\/objets-dart\/objets-dart-modernes\/"},{"@type":"ListItem","position":5,"name":"Romeo Rega Biblioth\u00e8que en Laiton Ann\u00e9es 70"}]},{"@type":"WebSite","@id":"https:\/\/egidimadeinitaly.com\/fr\/#website","url":"https:\/\/egidimadeinitaly.com\/fr\/","name":"Egidi MadeinItaly","description":"Fine Art","potentialAction":[{"@type":"SearchAction","target":{"@type":"EntryPoint","urlTemplate":"https:\/\/egidimadeinitaly.com\/fr\/?s={search_term_string}"},"query-input":{"@type":"PropertyValueSpecification","valueRequired":true,"valueName":"search_term_string"}}],"inLanguage":"fr-FR"}]}},"_links":{"self":[{"href":"https:\/\/egidimadeinitaly.com\/fr\/wp-json\/wp\/v2\/product\/87164","targetHints":{"allow":["GET"]}}],"collection":[{"href":"https:\/\/egidimadeinitaly.com\/fr\/wp-json\/wp\/v2\/product"}],"about":[{"href":"https:\/\/egidimadeinitaly.com\/fr\/wp-json\/wp\/v2\/types\/product"}],"wp:featuredmedia":[{"embeddable":true,"href":"https:\/\/egidimadeinitaly.com\/fr\/wp-json\/wp\/v2\/media\/87167"}],"wp:attachment":[{"href":"https:\/\/egidimadeinitaly.com\/fr\/wp-json\/wp\/v2\/media?parent=87164"}],"wp:term":[{"taxonomy":"product_brand","embeddable":true,"href":"https:\/\/egidimadeinitaly.com\/fr\/wp-json\/wp\/v2\/product_brand?post=87164"},{"taxonomy":"product_cat","embeddable":true,"href":"https:\/\/egidimadeinitaly.com\/fr\/wp-json\/wp\/v2\/product_cat?post=87164"},{"taxonomy":"product_tag","embeddable":true,"href":"https:\/\/egidimadeinitaly.com\/fr\/wp-json\/wp\/v2\/product_tag?post=87164"}],"curies":[{"name":"wp","href":"https:\/\/api.w.org\/{rel}","templated":true}]}}