{"id":87134,"date":"2020-09-26T14:58:23","date_gmt":"2020-09-26T13:58:23","guid":{"rendered":"https:\/\/egidimadeinitaly.com\/ecomsite\/?post_type=product&#038;p=87134"},"modified":"2023-01-11T12:58:57","modified_gmt":"2023-01-11T11:58:57","slug":"tomaso-buzzi-vase-verre-murano-venini","status":"publish","type":"product","link":"https:\/\/egidimadeinitaly.com\/fr\/negozio\/objets-dart\/objets-dart-modernes\/tomaso-buzzi-vase-verre-murano-venini\/","title":{"rendered":"Tomaso Buzzi Vase Verre Murano Venini"},"content":{"rendered":"<div class=\"accordion_content ui-accordion-content ui-helper-reset ui-widget-content ui-corner-bottom ui-accordion-content-active\">\n<div class=\"accordion_content_inner\">\n<p>Vase en verre de Murano couleur vert d\u2019eau Venini 1992<\/p>\n<p>De <strong>forme \u00e9lanc\u00e9e <\/strong>et \u00e9l\u00e9gante, avec un col allong\u00e9 qui s\u2019\u00e9largit en haut, ce vase est blanc \u00e0 l\u2019int\u00e9rieur et de couleur vert d\u2019eau opalescent \u00e0 l\u2019ext\u00e9rieur.<\/p>\n<p>Il \u00a0est d\u2019une taille tr\u00e8s rare, avec ses 47 cm de haut, et fait partie des mod\u00e8les les plus impressionnants.<\/p>\n<p>L\u2019\u00e9tiquette ronde originale \u00ab MURANO MADE IN ITALY VENINI \u00bb est appos\u00e9e sur le corps, tandis que la signature \u00ab Venini 92 \u00bb est, grav\u00e9e \u00e0 l\u2019acide, en minuscule et en toutes lettres, se trouve sur la base.<\/p>\n<p>Le vase est en parfait \u00e9tat.<\/p>\n<p>Le travail du verre fait la fiert\u00e9 de Venise depuis des si\u00e8cles.<\/p>\n<p>Au fil du temps, les ma\u00eetres verriers ont raffin\u00e9 leurs techniques qui sont devenues tr\u00e8s sophistiqu\u00e9es, comme le verre aventurine et le cam\u00e9e, en passant par le verre r\u00e9ticule, et beaucoup d\u2019autres.<\/p>\n<p>L\u2019une des techniques les plus pris\u00e9es et les plus raffin\u00e9es est celle du verre chemis\u00e9.<\/p>\n<p>Comme son nom l\u2019indique, il s\u2019agit de la superposition de plusieurs couches\u00a0 de verre de diff\u00e9rentes couleurs qui cr\u00e9ent un effet d\u2019une grande beaut\u00e9.<\/p>\n<p>Cette technique remonte probablement au d\u00e9but du XIXe si\u00e8cle,\u00a0 et a \u00e9t\u00e9 cr\u00e9e par un ma\u00eetre verrier, Benedetto Barbaria.<\/p>\n<p>Ce proc\u00e9d\u00e9 difficile et d\u00e9licat consiste \u00e0 plonger la boule de verre \u00e0 souffler\u00a0 (dite pea) dans une auge de\u00a0 verre de couleur diff\u00e9rente pour former plusieurs couches superpos\u00e9es, aux couleurs et aux formes les plus disparates.<\/p>\n<p>Encore aujourd\u2019hui, l\u2019effet est stup\u00e9fiant.<\/p>\n<\/div>\n<\/div>\n","protected":false},"excerpt":{"rendered":"<p>Grand vase en verre de Murano par Tomaso Buzzi<\/p>\n<p>&nbsp;<\/p>\n","protected":false},"featured_media":87137,"template":"","meta":{"_acf_changed":false},"product_brand":[],"product_cat":[6412,6492],"product_tag":[1254,1639,5306],"class_list":{"0":"post-87134","1":"product","2":"type-product","3":"status-publish","4":"has-post-thumbnail","6":"product_cat-objets-dart-modernes","7":"product_cat-objets-dart","8":"product_tag-design-italien-fr","9":"product_tag-murano-fr","10":"product_tag-objets-de-collection","11":"product_shipping_class-dhl-fr","13":"first","14":"outofstock","15":"taxable","16":"shipping-taxable","17":"product-type-simple"},"acf":[],"yoast_head":"<!-- This site is optimized with the Yoast SEO Premium plugin v27.5 (Yoast SEO v27.5) - https:\/\/yoast.com\/product\/yoast-seo-premium-wordpress\/ -->\n<title>Tomaso Buzzi Vase Verre Murano Venini - Egidi MadeinItaly<\/title>\n<meta name=\"description\" content=\"Vase en verre de Murano couleur vert d\u2019eau grav\u00e9 Venini 1992 dessin\u00e9 par Tomaso Buzzi Murano Made in Italy en vente sur Egidi MadeinItaly ecommerce\" \/>\n<meta name=\"robots\" content=\"index, follow, max-snippet:-1, max-image-preview:large, max-video-preview:-1\" \/>\n<link rel=\"canonical\" href=\"https:\/\/egidimadeinitaly.com\/fr\/negozio\/objets-dart\/objets-dart-modernes\/tomaso-buzzi-vase-verre-murano-venini\/\" \/>\n<meta property=\"og:locale\" content=\"fr_FR\" \/>\n<meta property=\"og:type\" content=\"article\" \/>\n<meta property=\"og:title\" content=\"Tomaso Buzzi Vase Verre Murano Venini\" \/>\n<meta property=\"og:description\" content=\"Grand vase en verre de Murano par Tomaso Buzzi  &nbsp;\" \/>\n<meta property=\"og:url\" content=\"https:\/\/egidimadeinitaly.com\/fr\/negozio\/objets-dart\/objets-dart-modernes\/tomaso-buzzi-vase-verre-murano-venini\/\" \/>\n<meta property=\"og:site_name\" content=\"Egidi MadeinItaly\" \/>\n<meta property=\"article:publisher\" content=\"https:\/\/www.facebook.com\/egidimadeinitaly\/\" \/>\n<meta property=\"article:modified_time\" content=\"2023-01-11T11:58:57+00:00\" \/>\n<meta property=\"og:image\" content=\"https:\/\/egidimadeinitaly.com\/wp-content\/uploads\/2020\/03\/Tommaso_Buzzi_Vaso_in_vetro_Murano_color_verde_acqua_Venini_1992_03.jpeg\" \/>\n\t<meta property=\"og:image:width\" content=\"600\" \/>\n\t<meta property=\"og:image:height\" content=\"600\" \/>\n\t<meta property=\"og:image:type\" content=\"image\/jpeg\" \/>\n<script type=\"application\/ld+json\" class=\"yoast-schema-graph\">{\"@context\":\"https:\\\/\\\/schema.org\",\"@graph\":[{\"@type\":\"WebPage\",\"@id\":\"https:\\\/\\\/egidimadeinitaly.com\\\/fr\\\/negozio\\\/objets-dart\\\/objets-dart-modernes\\\/tomaso-buzzi-vase-verre-murano-venini\\\/\",\"url\":\"https:\\\/\\\/egidimadeinitaly.com\\\/fr\\\/negozio\\\/objets-dart\\\/objets-dart-modernes\\\/tomaso-buzzi-vase-verre-murano-venini\\\/\",\"name\":\"Tomaso Buzzi Vase Verre Murano Venini - Egidi MadeinItaly\",\"isPartOf\":{\"@id\":\"https:\\\/\\\/egidimadeinitaly.com\\\/fr\\\/#website\"},\"primaryImageOfPage\":{\"@id\":\"https:\\\/\\\/egidimadeinitaly.com\\\/fr\\\/negozio\\\/objets-dart\\\/objets-dart-modernes\\\/tomaso-buzzi-vase-verre-murano-venini\\\/#primaryimage\"},\"image\":{\"@id\":\"https:\\\/\\\/egidimadeinitaly.com\\\/fr\\\/negozio\\\/objets-dart\\\/objets-dart-modernes\\\/tomaso-buzzi-vase-verre-murano-venini\\\/#primaryimage\"},\"thumbnailUrl\":\"https:\\\/\\\/egidimadeinitaly.com\\\/v25\\\/wp-content\\\/uploads\\\/2020\\\/03\\\/Tommaso_Buzzi_Vaso_in_vetro_Murano_color_verde_acqua_Venini_1992-e1722698851220.jpeg\",\"datePublished\":\"2020-09-26T13:58:23+00:00\",\"dateModified\":\"2023-01-11T11:58:57+00:00\",\"description\":\"Vase en verre de Murano couleur vert d\u2019eau grav\u00e9 Venini 1992 dessin\u00e9 par Tomaso Buzzi Murano Made in Italy en vente sur Egidi MadeinItaly ecommerce\",\"breadcrumb\":{\"@id\":\"https:\\\/\\\/egidimadeinitaly.com\\\/fr\\\/negozio\\\/objets-dart\\\/objets-dart-modernes\\\/tomaso-buzzi-vase-verre-murano-venini\\\/#breadcrumb\"},\"inLanguage\":\"fr-FR\",\"potentialAction\":[{\"@type\":\"ReadAction\",\"target\":[\"https:\\\/\\\/egidimadeinitaly.com\\\/fr\\\/negozio\\\/objets-dart\\\/objets-dart-modernes\\\/tomaso-buzzi-vase-verre-murano-venini\\\/\"]}]},{\"@type\":\"ImageObject\",\"inLanguage\":\"fr-FR\",\"@id\":\"https:\\\/\\\/egidimadeinitaly.com\\\/fr\\\/negozio\\\/objets-dart\\\/objets-dart-modernes\\\/tomaso-buzzi-vase-verre-murano-venini\\\/#primaryimage\",\"url\":\"https:\\\/\\\/egidimadeinitaly.com\\\/v25\\\/wp-content\\\/uploads\\\/2020\\\/03\\\/Tommaso_Buzzi_Vaso_in_vetro_Murano_color_verde_acqua_Venini_1992-e1722698851220.jpeg\",\"contentUrl\":\"https:\\\/\\\/egidimadeinitaly.com\\\/v25\\\/wp-content\\\/uploads\\\/2020\\\/03\\\/Tommaso_Buzzi_Vaso_in_vetro_Murano_color_verde_acqua_Venini_1992-e1722698851220.jpeg\",\"width\":800,\"height\":800,\"caption\":\"Tomaso Buzzi Vese en verre chemis\u00e9 Venini Murano\"},{\"@type\":\"BreadcrumbList\",\"@id\":\"https:\\\/\\\/egidimadeinitaly.com\\\/fr\\\/negozio\\\/objets-dart\\\/objets-dart-modernes\\\/tomaso-buzzi-vase-verre-murano-venini\\\/#breadcrumb\",\"itemListElement\":[{\"@type\":\"ListItem\",\"position\":1,\"name\":\"Home\",\"item\":\"https:\\\/\\\/egidimadeinitaly.com\\\/fr\\\/\"},{\"@type\":\"ListItem\",\"position\":2,\"name\":\"Produits\",\"item\":\"https:\\\/\\\/egidimadeinitaly.com\\\/fr\\\/shop\\\/\"},{\"@type\":\"ListItem\",\"position\":3,\"name\":\"Objets d\u2019art\",\"item\":\"https:\\\/\\\/egidimadeinitaly.com\\\/fr\\\/product-category\\\/objets-dart\\\/\"},{\"@type\":\"ListItem\",\"position\":4,\"name\":\"Objets d'art modernes\",\"item\":\"https:\\\/\\\/egidimadeinitaly.com\\\/fr\\\/product-category\\\/objets-dart\\\/objets-dart-modernes\\\/\"},{\"@type\":\"ListItem\",\"position\":5,\"name\":\"Tomaso Buzzi Vase Verre Murano Venini\"}]},{\"@type\":\"WebSite\",\"@id\":\"https:\\\/\\\/egidimadeinitaly.com\\\/fr\\\/#website\",\"url\":\"https:\\\/\\\/egidimadeinitaly.com\\\/fr\\\/\",\"name\":\"Egidi MadeinItaly\",\"description\":\"Fine Art\",\"potentialAction\":[{\"@type\":\"SearchAction\",\"target\":{\"@type\":\"EntryPoint\",\"urlTemplate\":\"https:\\\/\\\/egidimadeinitaly.com\\\/fr\\\/?s={search_term_string}\"},\"query-input\":{\"@type\":\"PropertyValueSpecification\",\"valueRequired\":true,\"valueName\":\"search_term_string\"}}],\"inLanguage\":\"fr-FR\"}]}<\/script>\n<!-- \/ Yoast SEO Premium plugin. -->","yoast_head_json":{"title":"Tomaso Buzzi Vase Verre Murano Venini - Egidi MadeinItaly","description":"Vase en verre de Murano couleur vert d\u2019eau grav\u00e9 Venini 1992 dessin\u00e9 par Tomaso Buzzi Murano Made in Italy en vente sur Egidi MadeinItaly ecommerce","robots":{"index":"index","follow":"follow","max-snippet":"max-snippet:-1","max-image-preview":"max-image-preview:large","max-video-preview":"max-video-preview:-1"},"canonical":"https:\/\/egidimadeinitaly.com\/fr\/negozio\/objets-dart\/objets-dart-modernes\/tomaso-buzzi-vase-verre-murano-venini\/","og_locale":"fr_FR","og_type":"article","og_title":"Tomaso Buzzi Vase Verre Murano Venini","og_description":"Grand vase en verre de Murano par Tomaso Buzzi  &nbsp;","og_url":"https:\/\/egidimadeinitaly.com\/fr\/negozio\/objets-dart\/objets-dart-modernes\/tomaso-buzzi-vase-verre-murano-venini\/","og_site_name":"Egidi MadeinItaly","article_publisher":"https:\/\/www.facebook.com\/egidimadeinitaly\/","article_modified_time":"2023-01-11T11:58:57+00:00","og_image":[{"width":600,"height":600,"url":"https:\/\/egidimadeinitaly.com\/wp-content\/uploads\/2020\/03\/Tommaso_Buzzi_Vaso_in_vetro_Murano_color_verde_acqua_Venini_1992_03.jpeg","type":"image\/jpeg"}],"schema":{"@context":"https:\/\/schema.org","@graph":[{"@type":"WebPage","@id":"https:\/\/egidimadeinitaly.com\/fr\/negozio\/objets-dart\/objets-dart-modernes\/tomaso-buzzi-vase-verre-murano-venini\/","url":"https:\/\/egidimadeinitaly.com\/fr\/negozio\/objets-dart\/objets-dart-modernes\/tomaso-buzzi-vase-verre-murano-venini\/","name":"Tomaso Buzzi Vase Verre Murano Venini - Egidi MadeinItaly","isPartOf":{"@id":"https:\/\/egidimadeinitaly.com\/fr\/#website"},"primaryImageOfPage":{"@id":"https:\/\/egidimadeinitaly.com\/fr\/negozio\/objets-dart\/objets-dart-modernes\/tomaso-buzzi-vase-verre-murano-venini\/#primaryimage"},"image":{"@id":"https:\/\/egidimadeinitaly.com\/fr\/negozio\/objets-dart\/objets-dart-modernes\/tomaso-buzzi-vase-verre-murano-venini\/#primaryimage"},"thumbnailUrl":"https:\/\/egidimadeinitaly.com\/v25\/wp-content\/uploads\/2020\/03\/Tommaso_Buzzi_Vaso_in_vetro_Murano_color_verde_acqua_Venini_1992-e1722698851220.jpeg","datePublished":"2020-09-26T13:58:23+00:00","dateModified":"2023-01-11T11:58:57+00:00","description":"Vase en verre de Murano couleur vert d\u2019eau grav\u00e9 Venini 1992 dessin\u00e9 par Tomaso Buzzi Murano Made in Italy en vente sur Egidi MadeinItaly ecommerce","breadcrumb":{"@id":"https:\/\/egidimadeinitaly.com\/fr\/negozio\/objets-dart\/objets-dart-modernes\/tomaso-buzzi-vase-verre-murano-venini\/#breadcrumb"},"inLanguage":"fr-FR","potentialAction":[{"@type":"ReadAction","target":["https:\/\/egidimadeinitaly.com\/fr\/negozio\/objets-dart\/objets-dart-modernes\/tomaso-buzzi-vase-verre-murano-venini\/"]}]},{"@type":"ImageObject","inLanguage":"fr-FR","@id":"https:\/\/egidimadeinitaly.com\/fr\/negozio\/objets-dart\/objets-dart-modernes\/tomaso-buzzi-vase-verre-murano-venini\/#primaryimage","url":"https:\/\/egidimadeinitaly.com\/v25\/wp-content\/uploads\/2020\/03\/Tommaso_Buzzi_Vaso_in_vetro_Murano_color_verde_acqua_Venini_1992-e1722698851220.jpeg","contentUrl":"https:\/\/egidimadeinitaly.com\/v25\/wp-content\/uploads\/2020\/03\/Tommaso_Buzzi_Vaso_in_vetro_Murano_color_verde_acqua_Venini_1992-e1722698851220.jpeg","width":800,"height":800,"caption":"Tomaso Buzzi Vese en verre chemis\u00e9 Venini Murano"},{"@type":"BreadcrumbList","@id":"https:\/\/egidimadeinitaly.com\/fr\/negozio\/objets-dart\/objets-dart-modernes\/tomaso-buzzi-vase-verre-murano-venini\/#breadcrumb","itemListElement":[{"@type":"ListItem","position":1,"name":"Home","item":"https:\/\/egidimadeinitaly.com\/fr\/"},{"@type":"ListItem","position":2,"name":"Produits","item":"https:\/\/egidimadeinitaly.com\/fr\/shop\/"},{"@type":"ListItem","position":3,"name":"Objets d\u2019art","item":"https:\/\/egidimadeinitaly.com\/fr\/product-category\/objets-dart\/"},{"@type":"ListItem","position":4,"name":"Objets d'art modernes","item":"https:\/\/egidimadeinitaly.com\/fr\/product-category\/objets-dart\/objets-dart-modernes\/"},{"@type":"ListItem","position":5,"name":"Tomaso Buzzi Vase Verre Murano Venini"}]},{"@type":"WebSite","@id":"https:\/\/egidimadeinitaly.com\/fr\/#website","url":"https:\/\/egidimadeinitaly.com\/fr\/","name":"Egidi MadeinItaly","description":"Fine Art","potentialAction":[{"@type":"SearchAction","target":{"@type":"EntryPoint","urlTemplate":"https:\/\/egidimadeinitaly.com\/fr\/?s={search_term_string}"},"query-input":{"@type":"PropertyValueSpecification","valueRequired":true,"valueName":"search_term_string"}}],"inLanguage":"fr-FR"}]}},"_links":{"self":[{"href":"https:\/\/egidimadeinitaly.com\/fr\/wp-json\/wp\/v2\/product\/87134","targetHints":{"allow":["GET"]}}],"collection":[{"href":"https:\/\/egidimadeinitaly.com\/fr\/wp-json\/wp\/v2\/product"}],"about":[{"href":"https:\/\/egidimadeinitaly.com\/fr\/wp-json\/wp\/v2\/types\/product"}],"wp:featuredmedia":[{"embeddable":true,"href":"https:\/\/egidimadeinitaly.com\/fr\/wp-json\/wp\/v2\/media\/87137"}],"wp:attachment":[{"href":"https:\/\/egidimadeinitaly.com\/fr\/wp-json\/wp\/v2\/media?parent=87134"}],"wp:term":[{"taxonomy":"product_brand","embeddable":true,"href":"https:\/\/egidimadeinitaly.com\/fr\/wp-json\/wp\/v2\/product_brand?post=87134"},{"taxonomy":"product_cat","embeddable":true,"href":"https:\/\/egidimadeinitaly.com\/fr\/wp-json\/wp\/v2\/product_cat?post=87134"},{"taxonomy":"product_tag","embeddable":true,"href":"https:\/\/egidimadeinitaly.com\/fr\/wp-json\/wp\/v2\/product_tag?post=87134"}],"curies":[{"name":"wp","href":"https:\/\/api.w.org\/{rel}","templated":true}]}}