{"id":87130,"date":"2020-03-25T14:46:06","date_gmt":"2020-03-25T13:46:06","guid":{"rendered":"https:\/\/egidimadeinitaly.com\/ecomsite\/?post_type=product&#038;p=87130"},"modified":"2022-07-16T19:47:58","modified_gmt":"2022-07-16T19:47:58","slug":"table-ovale-traccia-meret-oppenheim","status":"publish","type":"product","link":"https:\/\/egidimadeinitaly.com\/fr\/negozio\/objets-dart\/objets-dart-modernes\/table-ovale-traccia-meret-oppenheim\/","title":{"rendered":"Table Ovale Traccia Meret Oppenheim pour Simon"},"content":{"rendered":"<p>La table basse <strong>Traccia<\/strong> est une ic\u00f4ne du <strong>design italien.<\/strong><\/p>\n<p>Le <strong>plateau ovale<\/strong> est recouvert d\u2019une feuille d\u2019or 24 carats et est pos\u00e9 sur des pieds en forme de pattes d\u2019oiseau fantastique.<\/p>\n<p>Pi\u00e9tement en bronze coul\u00e9 poli en forme de pattes d\u2019oiseau.<\/p>\n<p>Le dessous du plateau est \u00e9galement dor\u00e9.<\/p>\n<p>Le fond porte l\u2019\u00e9tiquette d\u2019origine\u00a0 <strong>Simon by design d\u2019autore<\/strong>.<\/p>\n<p><strong>Meret Oppenheim<\/strong> l\u2019a cr\u00e9\u00e9e en 1939 pour participer avec Max Ernst et Leonor Fini \u00e0 la tr\u00e8s belle exposition de meubles fantastiques de la galerie de Ren\u00e9 Drouin et Leo Castelli, Place Vend\u00f4me \u00e0 Paris.<\/p>\n<p>Cette table n\u2019a \u00e9t\u00e9 r\u00e9alis\u00e9e par <strong>Dino Gavina<\/strong> qu\u2019en 1972<\/p>\n<p><strong>Meret Oppenheim<\/strong> (1913-1985)<\/p>\n","protected":false},"excerpt":{"rendered":"<p>Table ovale Traccia avec \u00e9tiquette originale, pour Simon, Italie 1972<\/p>\n<p>&nbsp;<\/p>\n","protected":false},"featured_media":87110,"template":"","meta":{"_acf_changed":false},"product_brand":[],"product_cat":[6412,6492],"product_tag":[4473,1254,1319],"class_list":{"0":"post-87130","1":"product","2":"type-product","3":"status-publish","4":"has-post-thumbnail","6":"product_cat-objets-dart-modernes","7":"product_cat-objets-dart","8":"product_tag-animalier-fr","9":"product_tag-design-italien-fr","10":"product_tag-or-fr","11":"product_shipping_class-dhl-fr","13":"first","14":"outofstock","15":"taxable","16":"shipping-taxable","17":"product-type-simple"},"acf":[],"yoast_head":"<!-- This site is optimized with the Yoast SEO Premium plugin v27.3 (Yoast SEO v27.4) - https:\/\/yoast.com\/product\/yoast-seo-premium-wordpress\/ -->\n<title>Table Ovale Traccia Meret Oppenheim pour Simon - Egidi MadeinItaly<\/title>\n<meta name=\"description\" content=\"Table Ovale Traccia \u00e9tiquette Originale pour Simon design d&#039;autore Italie 1972. Dessin\u00e9 par Meret Oppenheim en 1939. Decouvrez notre s\u00e9lection de design vintage\" \/>\n<meta name=\"robots\" content=\"index, follow, max-snippet:-1, max-image-preview:large, max-video-preview:-1\" \/>\n<link rel=\"canonical\" href=\"https:\/\/egidimadeinitaly.com\/fr\/negozio\/objets-dart\/objets-dart-modernes\/table-ovale-traccia-meret-oppenheim\/\" \/>\n<meta property=\"og:locale\" content=\"fr_FR\" \/>\n<meta property=\"og:type\" content=\"article\" \/>\n<meta property=\"og:title\" content=\"Table Ovale Traccia Meret Oppenheim pour Simon\" \/>\n<meta property=\"og:description\" content=\"Table ovale Traccia avec \u00e9tiquette originale, pour Simon, Italie 1972  &nbsp;\" \/>\n<meta property=\"og:url\" content=\"https:\/\/egidimadeinitaly.com\/fr\/negozio\/objets-dart\/objets-dart-modernes\/table-ovale-traccia-meret-oppenheim\/\" \/>\n<meta property=\"og:site_name\" content=\"Egidi MadeinItaly\" \/>\n<meta property=\"article:publisher\" content=\"https:\/\/www.facebook.com\/egidimadeinitaly\/\" \/>\n<meta property=\"article:modified_time\" content=\"2022-07-16T19:47:58+00:00\" \/>\n<meta property=\"og:image\" content=\"https:\/\/egidimadeinitaly.com\/wp-content\/uploads\/2020\/03\/Tavolo-Ovale-Traccia-di-Meret-Oppenheim-Prodotto-da-Simon-e1722699118405.jpg\" \/>\n\t<meta property=\"og:image:width\" content=\"1024\" \/>\n\t<meta property=\"og:image:height\" content=\"682\" \/>\n\t<meta property=\"og:image:type\" content=\"image\/jpeg\" \/>\n<script type=\"application\/ld+json\" class=\"yoast-schema-graph\">{\"@context\":\"https:\\\/\\\/schema.org\",\"@graph\":[{\"@type\":\"WebPage\",\"@id\":\"https:\\\/\\\/egidimadeinitaly.com\\\/fr\\\/negozio\\\/objets-dart\\\/objets-dart-modernes\\\/table-ovale-traccia-meret-oppenheim\\\/\",\"url\":\"https:\\\/\\\/egidimadeinitaly.com\\\/fr\\\/negozio\\\/objets-dart\\\/objets-dart-modernes\\\/table-ovale-traccia-meret-oppenheim\\\/\",\"name\":\"Table Ovale Traccia Meret Oppenheim pour Simon - Egidi MadeinItaly\",\"isPartOf\":{\"@id\":\"https:\\\/\\\/egidimadeinitaly.com\\\/fr\\\/#website\"},\"primaryImageOfPage\":{\"@id\":\"https:\\\/\\\/egidimadeinitaly.com\\\/fr\\\/negozio\\\/objets-dart\\\/objets-dart-modernes\\\/table-ovale-traccia-meret-oppenheim\\\/#primaryimage\"},\"image\":{\"@id\":\"https:\\\/\\\/egidimadeinitaly.com\\\/fr\\\/negozio\\\/objets-dart\\\/objets-dart-modernes\\\/table-ovale-traccia-meret-oppenheim\\\/#primaryimage\"},\"thumbnailUrl\":\"https:\\\/\\\/egidimadeinitaly.com\\\/v25\\\/wp-content\\\/uploads\\\/2020\\\/03\\\/Tavolo-Ovale-Traccia-di-Meret-Oppenheim-Prodotto-da-Simon-e1722699118405.jpg\",\"datePublished\":\"2020-03-25T13:46:06+00:00\",\"dateModified\":\"2022-07-16T19:47:58+00:00\",\"description\":\"Table Ovale Traccia \u00e9tiquette Originale pour Simon design d'autore Italie 1972. Dessin\u00e9 par Meret Oppenheim en 1939. Decouvrez notre s\u00e9lection de design vintage\",\"breadcrumb\":{\"@id\":\"https:\\\/\\\/egidimadeinitaly.com\\\/fr\\\/negozio\\\/objets-dart\\\/objets-dart-modernes\\\/table-ovale-traccia-meret-oppenheim\\\/#breadcrumb\"},\"inLanguage\":\"fr-FR\",\"potentialAction\":[{\"@type\":\"ReadAction\",\"target\":[\"https:\\\/\\\/egidimadeinitaly.com\\\/fr\\\/negozio\\\/objets-dart\\\/objets-dart-modernes\\\/table-ovale-traccia-meret-oppenheim\\\/\"]}]},{\"@type\":\"ImageObject\",\"inLanguage\":\"fr-FR\",\"@id\":\"https:\\\/\\\/egidimadeinitaly.com\\\/fr\\\/negozio\\\/objets-dart\\\/objets-dart-modernes\\\/table-ovale-traccia-meret-oppenheim\\\/#primaryimage\",\"url\":\"https:\\\/\\\/egidimadeinitaly.com\\\/v25\\\/wp-content\\\/uploads\\\/2020\\\/03\\\/Tavolo-Ovale-Traccia-di-Meret-Oppenheim-Prodotto-da-Simon-e1722699118405.jpg\",\"contentUrl\":\"https:\\\/\\\/egidimadeinitaly.com\\\/v25\\\/wp-content\\\/uploads\\\/2020\\\/03\\\/Tavolo-Ovale-Traccia-di-Meret-Oppenheim-Prodotto-da-Simon-e1722699118405.jpg\",\"width\":1024,\"height\":682,\"caption\":\"Table Ovale Traccia Meret Oppenheim\"},{\"@type\":\"BreadcrumbList\",\"@id\":\"https:\\\/\\\/egidimadeinitaly.com\\\/fr\\\/negozio\\\/objets-dart\\\/objets-dart-modernes\\\/table-ovale-traccia-meret-oppenheim\\\/#breadcrumb\",\"itemListElement\":[{\"@type\":\"ListItem\",\"position\":1,\"name\":\"Home\",\"item\":\"https:\\\/\\\/egidimadeinitaly.com\\\/fr\\\/\"},{\"@type\":\"ListItem\",\"position\":2,\"name\":\"Produits\",\"item\":\"https:\\\/\\\/egidimadeinitaly.com\\\/fr\\\/shop\\\/\"},{\"@type\":\"ListItem\",\"position\":3,\"name\":\"Objets d\u2019art\",\"item\":\"https:\\\/\\\/egidimadeinitaly.com\\\/fr\\\/product-category\\\/objets-dart\\\/\"},{\"@type\":\"ListItem\",\"position\":4,\"name\":\"Objets d'art modernes\",\"item\":\"https:\\\/\\\/egidimadeinitaly.com\\\/fr\\\/product-category\\\/objets-dart\\\/objets-dart-modernes\\\/\"},{\"@type\":\"ListItem\",\"position\":5,\"name\":\"Table Ovale Traccia Meret Oppenheim pour Simon\"}]},{\"@type\":\"WebSite\",\"@id\":\"https:\\\/\\\/egidimadeinitaly.com\\\/fr\\\/#website\",\"url\":\"https:\\\/\\\/egidimadeinitaly.com\\\/fr\\\/\",\"name\":\"Egidi MadeinItaly\",\"description\":\"Fine Art\",\"potentialAction\":[{\"@type\":\"SearchAction\",\"target\":{\"@type\":\"EntryPoint\",\"urlTemplate\":\"https:\\\/\\\/egidimadeinitaly.com\\\/fr\\\/?s={search_term_string}\"},\"query-input\":{\"@type\":\"PropertyValueSpecification\",\"valueRequired\":true,\"valueName\":\"search_term_string\"}}],\"inLanguage\":\"fr-FR\"}]}<\/script>\n<!-- \/ Yoast SEO Premium plugin. -->","yoast_head_json":{"title":"Table Ovale Traccia Meret Oppenheim pour Simon - Egidi MadeinItaly","description":"Table Ovale Traccia \u00e9tiquette Originale pour Simon design d'autore Italie 1972. Dessin\u00e9 par Meret Oppenheim en 1939. Decouvrez notre s\u00e9lection de design vintage","robots":{"index":"index","follow":"follow","max-snippet":"max-snippet:-1","max-image-preview":"max-image-preview:large","max-video-preview":"max-video-preview:-1"},"canonical":"https:\/\/egidimadeinitaly.com\/fr\/negozio\/objets-dart\/objets-dart-modernes\/table-ovale-traccia-meret-oppenheim\/","og_locale":"fr_FR","og_type":"article","og_title":"Table Ovale Traccia Meret Oppenheim pour Simon","og_description":"Table ovale Traccia avec \u00e9tiquette originale, pour Simon, Italie 1972  &nbsp;","og_url":"https:\/\/egidimadeinitaly.com\/fr\/negozio\/objets-dart\/objets-dart-modernes\/table-ovale-traccia-meret-oppenheim\/","og_site_name":"Egidi MadeinItaly","article_publisher":"https:\/\/www.facebook.com\/egidimadeinitaly\/","article_modified_time":"2022-07-16T19:47:58+00:00","og_image":[{"width":1024,"height":682,"url":"https:\/\/egidimadeinitaly.com\/wp-content\/uploads\/2020\/03\/Tavolo-Ovale-Traccia-di-Meret-Oppenheim-Prodotto-da-Simon-e1722699118405.jpg","type":"image\/jpeg"}],"schema":{"@context":"https:\/\/schema.org","@graph":[{"@type":"WebPage","@id":"https:\/\/egidimadeinitaly.com\/fr\/negozio\/objets-dart\/objets-dart-modernes\/table-ovale-traccia-meret-oppenheim\/","url":"https:\/\/egidimadeinitaly.com\/fr\/negozio\/objets-dart\/objets-dart-modernes\/table-ovale-traccia-meret-oppenheim\/","name":"Table Ovale Traccia Meret Oppenheim pour Simon - Egidi MadeinItaly","isPartOf":{"@id":"https:\/\/egidimadeinitaly.com\/fr\/#website"},"primaryImageOfPage":{"@id":"https:\/\/egidimadeinitaly.com\/fr\/negozio\/objets-dart\/objets-dart-modernes\/table-ovale-traccia-meret-oppenheim\/#primaryimage"},"image":{"@id":"https:\/\/egidimadeinitaly.com\/fr\/negozio\/objets-dart\/objets-dart-modernes\/table-ovale-traccia-meret-oppenheim\/#primaryimage"},"thumbnailUrl":"https:\/\/egidimadeinitaly.com\/v25\/wp-content\/uploads\/2020\/03\/Tavolo-Ovale-Traccia-di-Meret-Oppenheim-Prodotto-da-Simon-e1722699118405.jpg","datePublished":"2020-03-25T13:46:06+00:00","dateModified":"2022-07-16T19:47:58+00:00","description":"Table Ovale Traccia \u00e9tiquette Originale pour Simon design d'autore Italie 1972. Dessin\u00e9 par Meret Oppenheim en 1939. Decouvrez notre s\u00e9lection de design vintage","breadcrumb":{"@id":"https:\/\/egidimadeinitaly.com\/fr\/negozio\/objets-dart\/objets-dart-modernes\/table-ovale-traccia-meret-oppenheim\/#breadcrumb"},"inLanguage":"fr-FR","potentialAction":[{"@type":"ReadAction","target":["https:\/\/egidimadeinitaly.com\/fr\/negozio\/objets-dart\/objets-dart-modernes\/table-ovale-traccia-meret-oppenheim\/"]}]},{"@type":"ImageObject","inLanguage":"fr-FR","@id":"https:\/\/egidimadeinitaly.com\/fr\/negozio\/objets-dart\/objets-dart-modernes\/table-ovale-traccia-meret-oppenheim\/#primaryimage","url":"https:\/\/egidimadeinitaly.com\/v25\/wp-content\/uploads\/2020\/03\/Tavolo-Ovale-Traccia-di-Meret-Oppenheim-Prodotto-da-Simon-e1722699118405.jpg","contentUrl":"https:\/\/egidimadeinitaly.com\/v25\/wp-content\/uploads\/2020\/03\/Tavolo-Ovale-Traccia-di-Meret-Oppenheim-Prodotto-da-Simon-e1722699118405.jpg","width":1024,"height":682,"caption":"Table Ovale Traccia Meret Oppenheim"},{"@type":"BreadcrumbList","@id":"https:\/\/egidimadeinitaly.com\/fr\/negozio\/objets-dart\/objets-dart-modernes\/table-ovale-traccia-meret-oppenheim\/#breadcrumb","itemListElement":[{"@type":"ListItem","position":1,"name":"Home","item":"https:\/\/egidimadeinitaly.com\/fr\/"},{"@type":"ListItem","position":2,"name":"Produits","item":"https:\/\/egidimadeinitaly.com\/fr\/shop\/"},{"@type":"ListItem","position":3,"name":"Objets d\u2019art","item":"https:\/\/egidimadeinitaly.com\/fr\/product-category\/objets-dart\/"},{"@type":"ListItem","position":4,"name":"Objets d'art modernes","item":"https:\/\/egidimadeinitaly.com\/fr\/product-category\/objets-dart\/objets-dart-modernes\/"},{"@type":"ListItem","position":5,"name":"Table Ovale Traccia Meret Oppenheim pour Simon"}]},{"@type":"WebSite","@id":"https:\/\/egidimadeinitaly.com\/fr\/#website","url":"https:\/\/egidimadeinitaly.com\/fr\/","name":"Egidi MadeinItaly","description":"Fine Art","potentialAction":[{"@type":"SearchAction","target":{"@type":"EntryPoint","urlTemplate":"https:\/\/egidimadeinitaly.com\/fr\/?s={search_term_string}"},"query-input":{"@type":"PropertyValueSpecification","valueRequired":true,"valueName":"search_term_string"}}],"inLanguage":"fr-FR"}]}},"_links":{"self":[{"href":"https:\/\/egidimadeinitaly.com\/fr\/wp-json\/wp\/v2\/product\/87130","targetHints":{"allow":["GET"]}}],"collection":[{"href":"https:\/\/egidimadeinitaly.com\/fr\/wp-json\/wp\/v2\/product"}],"about":[{"href":"https:\/\/egidimadeinitaly.com\/fr\/wp-json\/wp\/v2\/types\/product"}],"wp:featuredmedia":[{"embeddable":true,"href":"https:\/\/egidimadeinitaly.com\/fr\/wp-json\/wp\/v2\/media\/87110"}],"wp:attachment":[{"href":"https:\/\/egidimadeinitaly.com\/fr\/wp-json\/wp\/v2\/media?parent=87130"}],"wp:term":[{"taxonomy":"product_brand","embeddable":true,"href":"https:\/\/egidimadeinitaly.com\/fr\/wp-json\/wp\/v2\/product_brand?post=87130"},{"taxonomy":"product_cat","embeddable":true,"href":"https:\/\/egidimadeinitaly.com\/fr\/wp-json\/wp\/v2\/product_cat?post=87130"},{"taxonomy":"product_tag","embeddable":true,"href":"https:\/\/egidimadeinitaly.com\/fr\/wp-json\/wp\/v2\/product_tag?post=87130"}],"curies":[{"name":"wp","href":"https:\/\/api.w.org\/{rel}","templated":true}]}}