{"id":87106,"date":"2020-03-30T14:18:42","date_gmt":"2020-03-30T13:18:42","guid":{"rendered":"https:\/\/egidimadeinitaly.com\/ecomsite\/?post_type=product&#038;p=87106"},"modified":"2022-06-29T18:26:59","modified_gmt":"2022-06-29T18:26:59","slug":"plat-en-verre-marilyn-monroe-by-andy-warhol","status":"publish","type":"product","link":"https:\/\/egidimadeinitaly.com\/fr\/negozio\/objets-dart\/objets-dart-modernes\/plat-en-verre-marilyn-monroe-by-andy-warhol\/","title":{"rendered":"Plat en Verre Marilyn Monroe by Andy Warhol"},"content":{"rendered":"<p>Rosenthal a adapt\u00e9 le portrait d\u00e9sormais embl\u00e9matique de Marilyn pour l&rsquo;une de ses plus remarquables collections de cadeaux haut de gamme d&rsquo;apr\u00e8s les \u0153uvres de Warhol. Edition limit\u00e9e.<\/p>\n","protected":false},"excerpt":{"rendered":"<p class=\"fiche_titre_lot\">Plat en verre repr\u00e9sentant Marilyn Monroe, sign\u00e9 Andy Warhol pour Rosenthal Studio Line.<\/p>\n<p>&nbsp;<\/p>\n","protected":false},"featured_media":87086,"template":"","meta":{"_acf_changed":false},"product_brand":[],"product_cat":[6412,6492],"product_tag":[5419,5969,5306,2743],"class_list":{"0":"post-87106","1":"product","2":"type-product","3":"status-publish","4":"has-post-thumbnail","6":"product_cat-objets-dart-modernes","7":"product_cat-objets-dart","8":"product_tag-accessoires-de-bureau","9":"product_tag-cadeau-de-mariage","10":"product_tag-objets-de-collection","11":"product_tag-pop-art-fr","12":"product_shipping_class-dhl-fr","14":"first","15":"outofstock","16":"taxable","17":"shipping-taxable","18":"product-type-simple"},"acf":[],"yoast_head":"<!-- This site is optimized with the Yoast SEO Premium plugin v27.5 (Yoast SEO v27.5) - https:\/\/yoast.com\/product\/yoast-seo-premium-wordpress\/ -->\n<title>Plat en Verre Marilyn Monroe by Andy Warhol - Egidi MadeinItaly<\/title>\n<meta name=\"description\" content=\"Plat en verre repr\u00e9sentant Marilyn Monroe, sign\u00e9 Andy Warhol pour Rosenthal Studio Line. En vente sur Egidi MadeinItaly\" \/>\n<meta name=\"robots\" content=\"index, follow, max-snippet:-1, max-image-preview:large, max-video-preview:-1\" \/>\n<link rel=\"canonical\" href=\"https:\/\/egidimadeinitaly.com\/fr\/negozio\/objets-dart\/objets-dart-modernes\/plat-en-verre-marilyn-monroe-by-andy-warhol\/\" \/>\n<meta property=\"og:locale\" content=\"fr_FR\" \/>\n<meta property=\"og:type\" content=\"article\" \/>\n<meta property=\"og:title\" content=\"Plat en Verre Marilyn Monroe by Andy Warhol\" \/>\n<meta property=\"og:description\" content=\"Plat en verre repr\u00e9sentant Marilyn Monroe, sign\u00e9 Andy Warhol pour Rosenthal Studio Line. &nbsp;\" \/>\n<meta property=\"og:url\" content=\"https:\/\/egidimadeinitaly.com\/fr\/negozio\/objets-dart\/objets-dart-modernes\/plat-en-verre-marilyn-monroe-by-andy-warhol\/\" \/>\n<meta property=\"og:site_name\" content=\"Egidi MadeinItaly\" \/>\n<meta property=\"article:publisher\" content=\"https:\/\/www.facebook.com\/egidimadeinitaly\/\" \/>\n<meta property=\"article:modified_time\" content=\"2022-06-29T18:26:59+00:00\" \/>\n<meta property=\"og:image\" content=\"https:\/\/egidimadeinitaly.com\/wp-content\/uploads\/2020\/03\/Piatto_Quadrato_in_vetro_con_Marilyn_di_Andy_Warhol_per_Rosenthal_Studio_Line-scaled-e1670576899616.jpg\" \/>\n\t<meta property=\"og:image:width\" content=\"900\" \/>\n\t<meta property=\"og:image:height\" content=\"900\" \/>\n\t<meta property=\"og:image:type\" content=\"image\/jpeg\" \/>\n<script type=\"application\/ld+json\" class=\"yoast-schema-graph\">{\"@context\":\"https:\\\/\\\/schema.org\",\"@graph\":[{\"@type\":\"WebPage\",\"@id\":\"https:\\\/\\\/egidimadeinitaly.com\\\/fr\\\/negozio\\\/objets-dart\\\/objets-dart-modernes\\\/plat-en-verre-marilyn-monroe-by-andy-warhol\\\/\",\"url\":\"https:\\\/\\\/egidimadeinitaly.com\\\/fr\\\/negozio\\\/objets-dart\\\/objets-dart-modernes\\\/plat-en-verre-marilyn-monroe-by-andy-warhol\\\/\",\"name\":\"Plat en Verre Marilyn Monroe by Andy Warhol - Egidi MadeinItaly\",\"isPartOf\":{\"@id\":\"https:\\\/\\\/egidimadeinitaly.com\\\/fr\\\/#website\"},\"primaryImageOfPage\":{\"@id\":\"https:\\\/\\\/egidimadeinitaly.com\\\/fr\\\/negozio\\\/objets-dart\\\/objets-dart-modernes\\\/plat-en-verre-marilyn-monroe-by-andy-warhol\\\/#primaryimage\"},\"image\":{\"@id\":\"https:\\\/\\\/egidimadeinitaly.com\\\/fr\\\/negozio\\\/objets-dart\\\/objets-dart-modernes\\\/plat-en-verre-marilyn-monroe-by-andy-warhol\\\/#primaryimage\"},\"thumbnailUrl\":\"https:\\\/\\\/egidimadeinitaly.com\\\/v25\\\/wp-content\\\/uploads\\\/2020\\\/03\\\/Piatto_Quadrato_in_vetro_con_Marilyn_di_Andy_Warhol_per_Rosenthal_Studio_Line-e1722699290249.jpg\",\"datePublished\":\"2020-03-30T13:18:42+00:00\",\"dateModified\":\"2022-06-29T18:26:59+00:00\",\"description\":\"Plat en verre repr\u00e9sentant Marilyn Monroe, sign\u00e9 Andy Warhol pour Rosenthal Studio Line. En vente sur Egidi MadeinItaly\",\"breadcrumb\":{\"@id\":\"https:\\\/\\\/egidimadeinitaly.com\\\/fr\\\/negozio\\\/objets-dart\\\/objets-dart-modernes\\\/plat-en-verre-marilyn-monroe-by-andy-warhol\\\/#breadcrumb\"},\"inLanguage\":\"fr-FR\",\"potentialAction\":[{\"@type\":\"ReadAction\",\"target\":[\"https:\\\/\\\/egidimadeinitaly.com\\\/fr\\\/negozio\\\/objets-dart\\\/objets-dart-modernes\\\/plat-en-verre-marilyn-monroe-by-andy-warhol\\\/\"]}]},{\"@type\":\"ImageObject\",\"inLanguage\":\"fr-FR\",\"@id\":\"https:\\\/\\\/egidimadeinitaly.com\\\/fr\\\/negozio\\\/objets-dart\\\/objets-dart-modernes\\\/plat-en-verre-marilyn-monroe-by-andy-warhol\\\/#primaryimage\",\"url\":\"https:\\\/\\\/egidimadeinitaly.com\\\/v25\\\/wp-content\\\/uploads\\\/2020\\\/03\\\/Piatto_Quadrato_in_vetro_con_Marilyn_di_Andy_Warhol_per_Rosenthal_Studio_Line-e1722699290249.jpg\",\"contentUrl\":\"https:\\\/\\\/egidimadeinitaly.com\\\/v25\\\/wp-content\\\/uploads\\\/2020\\\/03\\\/Piatto_Quadrato_in_vetro_con_Marilyn_di_Andy_Warhol_per_Rosenthal_Studio_Line-e1722699290249.jpg\",\"width\":900,\"height\":900,\"caption\":\"Plate en Verre \u00c9dit\u00e9 par Rosenthal Studio Line\"},{\"@type\":\"BreadcrumbList\",\"@id\":\"https:\\\/\\\/egidimadeinitaly.com\\\/fr\\\/negozio\\\/objets-dart\\\/objets-dart-modernes\\\/plat-en-verre-marilyn-monroe-by-andy-warhol\\\/#breadcrumb\",\"itemListElement\":[{\"@type\":\"ListItem\",\"position\":1,\"name\":\"Home\",\"item\":\"https:\\\/\\\/egidimadeinitaly.com\\\/fr\\\/\"},{\"@type\":\"ListItem\",\"position\":2,\"name\":\"Produits\",\"item\":\"https:\\\/\\\/egidimadeinitaly.com\\\/fr\\\/shop\\\/\"},{\"@type\":\"ListItem\",\"position\":3,\"name\":\"Objets d\u2019art\",\"item\":\"https:\\\/\\\/egidimadeinitaly.com\\\/fr\\\/product-category\\\/objets-dart\\\/\"},{\"@type\":\"ListItem\",\"position\":4,\"name\":\"Objets d'art modernes\",\"item\":\"https:\\\/\\\/egidimadeinitaly.com\\\/fr\\\/product-category\\\/objets-dart\\\/objets-dart-modernes\\\/\"},{\"@type\":\"ListItem\",\"position\":5,\"name\":\"Plat en Verre Marilyn Monroe by Andy Warhol\"}]},{\"@type\":\"WebSite\",\"@id\":\"https:\\\/\\\/egidimadeinitaly.com\\\/fr\\\/#website\",\"url\":\"https:\\\/\\\/egidimadeinitaly.com\\\/fr\\\/\",\"name\":\"Egidi MadeinItaly\",\"description\":\"Fine Art\",\"potentialAction\":[{\"@type\":\"SearchAction\",\"target\":{\"@type\":\"EntryPoint\",\"urlTemplate\":\"https:\\\/\\\/egidimadeinitaly.com\\\/fr\\\/?s={search_term_string}\"},\"query-input\":{\"@type\":\"PropertyValueSpecification\",\"valueRequired\":true,\"valueName\":\"search_term_string\"}}],\"inLanguage\":\"fr-FR\"}]}<\/script>\n<!-- \/ Yoast SEO Premium plugin. -->","yoast_head_json":{"title":"Plat en Verre Marilyn Monroe by Andy Warhol - Egidi MadeinItaly","description":"Plat en verre repr\u00e9sentant Marilyn Monroe, sign\u00e9 Andy Warhol pour Rosenthal Studio Line. En vente sur Egidi MadeinItaly","robots":{"index":"index","follow":"follow","max-snippet":"max-snippet:-1","max-image-preview":"max-image-preview:large","max-video-preview":"max-video-preview:-1"},"canonical":"https:\/\/egidimadeinitaly.com\/fr\/negozio\/objets-dart\/objets-dart-modernes\/plat-en-verre-marilyn-monroe-by-andy-warhol\/","og_locale":"fr_FR","og_type":"article","og_title":"Plat en Verre Marilyn Monroe by Andy Warhol","og_description":"Plat en verre repr\u00e9sentant Marilyn Monroe, sign\u00e9 Andy Warhol pour Rosenthal Studio Line. &nbsp;","og_url":"https:\/\/egidimadeinitaly.com\/fr\/negozio\/objets-dart\/objets-dart-modernes\/plat-en-verre-marilyn-monroe-by-andy-warhol\/","og_site_name":"Egidi MadeinItaly","article_publisher":"https:\/\/www.facebook.com\/egidimadeinitaly\/","article_modified_time":"2022-06-29T18:26:59+00:00","og_image":[{"width":900,"height":900,"url":"https:\/\/egidimadeinitaly.com\/wp-content\/uploads\/2020\/03\/Piatto_Quadrato_in_vetro_con_Marilyn_di_Andy_Warhol_per_Rosenthal_Studio_Line-scaled-e1670576899616.jpg","type":"image\/jpeg"}],"schema":{"@context":"https:\/\/schema.org","@graph":[{"@type":"WebPage","@id":"https:\/\/egidimadeinitaly.com\/fr\/negozio\/objets-dart\/objets-dart-modernes\/plat-en-verre-marilyn-monroe-by-andy-warhol\/","url":"https:\/\/egidimadeinitaly.com\/fr\/negozio\/objets-dart\/objets-dart-modernes\/plat-en-verre-marilyn-monroe-by-andy-warhol\/","name":"Plat en Verre Marilyn Monroe by Andy Warhol - Egidi MadeinItaly","isPartOf":{"@id":"https:\/\/egidimadeinitaly.com\/fr\/#website"},"primaryImageOfPage":{"@id":"https:\/\/egidimadeinitaly.com\/fr\/negozio\/objets-dart\/objets-dart-modernes\/plat-en-verre-marilyn-monroe-by-andy-warhol\/#primaryimage"},"image":{"@id":"https:\/\/egidimadeinitaly.com\/fr\/negozio\/objets-dart\/objets-dart-modernes\/plat-en-verre-marilyn-monroe-by-andy-warhol\/#primaryimage"},"thumbnailUrl":"https:\/\/egidimadeinitaly.com\/v25\/wp-content\/uploads\/2020\/03\/Piatto_Quadrato_in_vetro_con_Marilyn_di_Andy_Warhol_per_Rosenthal_Studio_Line-e1722699290249.jpg","datePublished":"2020-03-30T13:18:42+00:00","dateModified":"2022-06-29T18:26:59+00:00","description":"Plat en verre repr\u00e9sentant Marilyn Monroe, sign\u00e9 Andy Warhol pour Rosenthal Studio Line. En vente sur Egidi MadeinItaly","breadcrumb":{"@id":"https:\/\/egidimadeinitaly.com\/fr\/negozio\/objets-dart\/objets-dart-modernes\/plat-en-verre-marilyn-monroe-by-andy-warhol\/#breadcrumb"},"inLanguage":"fr-FR","potentialAction":[{"@type":"ReadAction","target":["https:\/\/egidimadeinitaly.com\/fr\/negozio\/objets-dart\/objets-dart-modernes\/plat-en-verre-marilyn-monroe-by-andy-warhol\/"]}]},{"@type":"ImageObject","inLanguage":"fr-FR","@id":"https:\/\/egidimadeinitaly.com\/fr\/negozio\/objets-dart\/objets-dart-modernes\/plat-en-verre-marilyn-monroe-by-andy-warhol\/#primaryimage","url":"https:\/\/egidimadeinitaly.com\/v25\/wp-content\/uploads\/2020\/03\/Piatto_Quadrato_in_vetro_con_Marilyn_di_Andy_Warhol_per_Rosenthal_Studio_Line-e1722699290249.jpg","contentUrl":"https:\/\/egidimadeinitaly.com\/v25\/wp-content\/uploads\/2020\/03\/Piatto_Quadrato_in_vetro_con_Marilyn_di_Andy_Warhol_per_Rosenthal_Studio_Line-e1722699290249.jpg","width":900,"height":900,"caption":"Plate en Verre \u00c9dit\u00e9 par Rosenthal Studio Line"},{"@type":"BreadcrumbList","@id":"https:\/\/egidimadeinitaly.com\/fr\/negozio\/objets-dart\/objets-dart-modernes\/plat-en-verre-marilyn-monroe-by-andy-warhol\/#breadcrumb","itemListElement":[{"@type":"ListItem","position":1,"name":"Home","item":"https:\/\/egidimadeinitaly.com\/fr\/"},{"@type":"ListItem","position":2,"name":"Produits","item":"https:\/\/egidimadeinitaly.com\/fr\/shop\/"},{"@type":"ListItem","position":3,"name":"Objets d\u2019art","item":"https:\/\/egidimadeinitaly.com\/fr\/product-category\/objets-dart\/"},{"@type":"ListItem","position":4,"name":"Objets d'art modernes","item":"https:\/\/egidimadeinitaly.com\/fr\/product-category\/objets-dart\/objets-dart-modernes\/"},{"@type":"ListItem","position":5,"name":"Plat en Verre Marilyn Monroe by Andy Warhol"}]},{"@type":"WebSite","@id":"https:\/\/egidimadeinitaly.com\/fr\/#website","url":"https:\/\/egidimadeinitaly.com\/fr\/","name":"Egidi MadeinItaly","description":"Fine Art","potentialAction":[{"@type":"SearchAction","target":{"@type":"EntryPoint","urlTemplate":"https:\/\/egidimadeinitaly.com\/fr\/?s={search_term_string}"},"query-input":{"@type":"PropertyValueSpecification","valueRequired":true,"valueName":"search_term_string"}}],"inLanguage":"fr-FR"}]}},"_links":{"self":[{"href":"https:\/\/egidimadeinitaly.com\/fr\/wp-json\/wp\/v2\/product\/87106","targetHints":{"allow":["GET"]}}],"collection":[{"href":"https:\/\/egidimadeinitaly.com\/fr\/wp-json\/wp\/v2\/product"}],"about":[{"href":"https:\/\/egidimadeinitaly.com\/fr\/wp-json\/wp\/v2\/types\/product"}],"wp:featuredmedia":[{"embeddable":true,"href":"https:\/\/egidimadeinitaly.com\/fr\/wp-json\/wp\/v2\/media\/87086"}],"wp:attachment":[{"href":"https:\/\/egidimadeinitaly.com\/fr\/wp-json\/wp\/v2\/media?parent=87106"}],"wp:term":[{"taxonomy":"product_brand","embeddable":true,"href":"https:\/\/egidimadeinitaly.com\/fr\/wp-json\/wp\/v2\/product_brand?post=87106"},{"taxonomy":"product_cat","embeddable":true,"href":"https:\/\/egidimadeinitaly.com\/fr\/wp-json\/wp\/v2\/product_cat?post=87106"},{"taxonomy":"product_tag","embeddable":true,"href":"https:\/\/egidimadeinitaly.com\/fr\/wp-json\/wp\/v2\/product_tag?post=87106"}],"curies":[{"name":"wp","href":"https:\/\/api.w.org\/{rel}","templated":true}]}}