{"id":87061,"date":"2020-03-28T14:09:02","date_gmt":"2020-03-28T13:09:02","guid":{"rendered":"https:\/\/egidimadeinitaly.com\/ecomsite\/?post_type=product&#038;p=87061"},"modified":"2022-11-29T20:34:48","modified_gmt":"2022-11-29T19:34:48","slug":"lampe-de-table-daphine-lumina-par-tommaso-cimini","status":"publish","type":"product","link":"https:\/\/egidimadeinitaly.com\/fr\/negozio\/objets-dart\/objets-dart-modernes\/lampe-de-table-daphine-lumina-par-tommaso-cimini\/","title":{"rendered":"Lampe de Table Daphine Lumina par Tommaso Cimini"},"content":{"rendered":"<div class=\"accordion_content ui-accordion-content ui-helper-reset ui-widget-content ui-corner-bottom ui-accordion-content-active\">\n<div class=\"accordion_content_inner\">\n<p>Lampe de table noire Lumina,\u00a0 mod\u00e8le Daphine con\u00e7ue par Tommaso Cimini, Italie.<\/p>\n<p>La <strong>lampe de table Daphine de Lumina<\/strong> est consid\u00e9r\u00e9e aujourd\u2019hui comme une v\u00e9ritable ic\u00f4ne en mati\u00e8re de lampes de bureau. Le mod\u00e8le original de la lampe Daphine a \u00e9t\u00e9 pr\u00e9sent\u00e9 pour la premi\u00e8re fois en 1975, et a toujours fait l\u2019objet d\u2019une popularit\u00e9 ininterrompue depuis lors. La ligne particuli\u00e8re de cette lampe de table na\u00eet du contraste qui se cr\u00e9e entre la finesse de ses bras et le transformateur massif situ\u00e9 \u00e0 la base. La <strong>lampe de table Daphine<\/strong> pr\u00e9sente une structure fine et d\u00e9licate, tout en \u00e9tant un appareil d\u2019\u00e9clairage solide.<\/p>\n<p>La base est tr\u00e8s stable et est r\u00e9alis\u00e9e en <strong>fonte indestructible<\/strong>, tandis que les bras et les autres parties de la lampe de table sont en m\u00e9tal solide.<\/p>\n<p>Ses bras fins peuvent \u00eatre orient\u00e9s facilement dans la position d\u00e9sir\u00e9e, et la t\u00eate de la lampe Daphine peut \u00eatre tourn\u00e9e et inclin\u00e9e de fa\u00e7on \u00e0 ce que le faisceau lumineux \u00e9claire toujours l\u00e0 o\u00f9 vous le souhaitez. Enfin, la grande facilit\u00e9 d\u2019utilisation de cette lampe de table est compl\u00e9t\u00e9e\u00a0 par un variateur int\u00e9gr\u00e9 qui permet d\u2019adapter l\u2019intensit\u00e9 de la lumi\u00e8re \u00e0 vos besoins.<\/p>\n<p>&nbsp;<\/p>\n<\/div>\n<\/div>\n","protected":false},"excerpt":{"rendered":"<p>La lampada da tavolo Lumina Daphine \u00e8 considerata oggi una vera icona tra le lampade da scrivania.<\/p>\n","protected":false},"featured_media":87064,"template":"","meta":{"_acf_changed":false},"product_brand":[],"product_cat":[6412,6492],"product_tag":[5419,5422,1254,1627,5079],"class_list":{"0":"post-87061","1":"product","2":"type-product","3":"status-publish","4":"has-post-thumbnail","6":"product_cat-objets-dart-modernes","7":"product_cat-objets-dart","8":"product_tag-accessoires-de-bureau","9":"product_tag-annees-70","10":"product_tag-design-italien-fr","11":"product_tag-noir","12":"product_tag-vintage-fr","13":"product_shipping_class-dhl-fr","15":"first","16":"outofstock","17":"taxable","18":"shipping-taxable","19":"product-type-simple"},"acf":[],"yoast_head":"<!-- This site is optimized with the Yoast SEO Premium plugin v27.3 (Yoast SEO v27.4) - https:\/\/yoast.com\/product\/yoast-seo-premium-wordpress\/ -->\n<title>Lampe de Table Daphine Lumina par Tommaso Cimini - Egidi MadeinItaly<\/title>\n<meta name=\"description\" content=\"Lampe de table noire Daphine Lumina con\u00e7ue en 1975 par l\u2019architecte Tommaso Cimini. Design Italien Vintage sur Egidi MadeinItaly\" \/>\n<meta name=\"robots\" content=\"index, follow, max-snippet:-1, max-image-preview:large, max-video-preview:-1\" \/>\n<link rel=\"canonical\" href=\"https:\/\/egidimadeinitaly.com\/fr\/negozio\/objets-dart\/objets-dart-modernes\/lampe-de-table-daphine-lumina-par-tommaso-cimini\/\" \/>\n<meta property=\"og:locale\" content=\"fr_FR\" \/>\n<meta property=\"og:type\" content=\"article\" \/>\n<meta property=\"og:title\" content=\"Lampe de Table Daphine Lumina par Tommaso Cimini\" \/>\n<meta property=\"og:description\" content=\"La lampada da tavolo Lumina Daphine \u00e8 considerata oggi una vera icona tra le lampade da scrivania.\" \/>\n<meta property=\"og:url\" content=\"https:\/\/egidimadeinitaly.com\/fr\/negozio\/objets-dart\/objets-dart-modernes\/lampe-de-table-daphine-lumina-par-tommaso-cimini\/\" \/>\n<meta property=\"og:site_name\" content=\"Egidi MadeinItaly\" \/>\n<meta property=\"article:publisher\" content=\"https:\/\/www.facebook.com\/egidimadeinitaly\/\" \/>\n<meta property=\"article:modified_time\" content=\"2022-11-29T19:34:48+00:00\" \/>\n<meta property=\"og:image\" content=\"https:\/\/egidimadeinitaly.com\/wp-content\/uploads\/2020\/03\/lampada_da_tavolo_nera_lumina_italia_daphine_tommaso_cimini-scaled-e1670576875422.jpeg\" \/>\n\t<meta property=\"og:image:width\" content=\"900\" \/>\n\t<meta property=\"og:image:height\" content=\"900\" \/>\n\t<meta property=\"og:image:type\" content=\"image\/jpeg\" \/>\n<script type=\"application\/ld+json\" class=\"yoast-schema-graph\">{\"@context\":\"https:\\\/\\\/schema.org\",\"@graph\":[{\"@type\":\"WebPage\",\"@id\":\"https:\\\/\\\/egidimadeinitaly.com\\\/fr\\\/negozio\\\/objets-dart\\\/objets-dart-modernes\\\/lampe-de-table-daphine-lumina-par-tommaso-cimini\\\/\",\"url\":\"https:\\\/\\\/egidimadeinitaly.com\\\/fr\\\/negozio\\\/objets-dart\\\/objets-dart-modernes\\\/lampe-de-table-daphine-lumina-par-tommaso-cimini\\\/\",\"name\":\"Lampe de Table Daphine Lumina par Tommaso Cimini - Egidi MadeinItaly\",\"isPartOf\":{\"@id\":\"https:\\\/\\\/egidimadeinitaly.com\\\/fr\\\/#website\"},\"primaryImageOfPage\":{\"@id\":\"https:\\\/\\\/egidimadeinitaly.com\\\/fr\\\/negozio\\\/objets-dart\\\/objets-dart-modernes\\\/lampe-de-table-daphine-lumina-par-tommaso-cimini\\\/#primaryimage\"},\"image\":{\"@id\":\"https:\\\/\\\/egidimadeinitaly.com\\\/fr\\\/negozio\\\/objets-dart\\\/objets-dart-modernes\\\/lampe-de-table-daphine-lumina-par-tommaso-cimini\\\/#primaryimage\"},\"thumbnailUrl\":\"https:\\\/\\\/egidimadeinitaly.com\\\/v25\\\/wp-content\\\/uploads\\\/2020\\\/03\\\/lampada_da_tavolo_nera_lumina_italia_daphine_tommaso_cimini-e1722699448108.jpeg\",\"datePublished\":\"2020-03-28T13:09:02+00:00\",\"dateModified\":\"2022-11-29T19:34:48+00:00\",\"description\":\"Lampe de table noire Daphine Lumina con\u00e7ue en 1975 par l\u2019architecte Tommaso Cimini. Design Italien Vintage sur Egidi MadeinItaly\",\"breadcrumb\":{\"@id\":\"https:\\\/\\\/egidimadeinitaly.com\\\/fr\\\/negozio\\\/objets-dart\\\/objets-dart-modernes\\\/lampe-de-table-daphine-lumina-par-tommaso-cimini\\\/#breadcrumb\"},\"inLanguage\":\"fr-FR\",\"potentialAction\":[{\"@type\":\"ReadAction\",\"target\":[\"https:\\\/\\\/egidimadeinitaly.com\\\/fr\\\/negozio\\\/objets-dart\\\/objets-dart-modernes\\\/lampe-de-table-daphine-lumina-par-tommaso-cimini\\\/\"]}]},{\"@type\":\"ImageObject\",\"inLanguage\":\"fr-FR\",\"@id\":\"https:\\\/\\\/egidimadeinitaly.com\\\/fr\\\/negozio\\\/objets-dart\\\/objets-dart-modernes\\\/lampe-de-table-daphine-lumina-par-tommaso-cimini\\\/#primaryimage\",\"url\":\"https:\\\/\\\/egidimadeinitaly.com\\\/v25\\\/wp-content\\\/uploads\\\/2020\\\/03\\\/lampada_da_tavolo_nera_lumina_italia_daphine_tommaso_cimini-e1722699448108.jpeg\",\"contentUrl\":\"https:\\\/\\\/egidimadeinitaly.com\\\/v25\\\/wp-content\\\/uploads\\\/2020\\\/03\\\/lampada_da_tavolo_nera_lumina_italia_daphine_tommaso_cimini-e1722699448108.jpeg\",\"width\":900,\"height\":900,\"caption\":\"Lampe Daphine Lumina par Tommaso Cimini Ann\u00e8es 70\"},{\"@type\":\"BreadcrumbList\",\"@id\":\"https:\\\/\\\/egidimadeinitaly.com\\\/fr\\\/negozio\\\/objets-dart\\\/objets-dart-modernes\\\/lampe-de-table-daphine-lumina-par-tommaso-cimini\\\/#breadcrumb\",\"itemListElement\":[{\"@type\":\"ListItem\",\"position\":1,\"name\":\"Home\",\"item\":\"https:\\\/\\\/egidimadeinitaly.com\\\/fr\\\/\"},{\"@type\":\"ListItem\",\"position\":2,\"name\":\"Produits\",\"item\":\"https:\\\/\\\/egidimadeinitaly.com\\\/fr\\\/shop\\\/\"},{\"@type\":\"ListItem\",\"position\":3,\"name\":\"Objets d\u2019art\",\"item\":\"https:\\\/\\\/egidimadeinitaly.com\\\/fr\\\/product-category\\\/objets-dart\\\/\"},{\"@type\":\"ListItem\",\"position\":4,\"name\":\"Objets d'art modernes\",\"item\":\"https:\\\/\\\/egidimadeinitaly.com\\\/fr\\\/product-category\\\/objets-dart\\\/objets-dart-modernes\\\/\"},{\"@type\":\"ListItem\",\"position\":5,\"name\":\"Lampe de Table Daphine Lumina par Tommaso Cimini\"}]},{\"@type\":\"WebSite\",\"@id\":\"https:\\\/\\\/egidimadeinitaly.com\\\/fr\\\/#website\",\"url\":\"https:\\\/\\\/egidimadeinitaly.com\\\/fr\\\/\",\"name\":\"Egidi MadeinItaly\",\"description\":\"Fine Art\",\"potentialAction\":[{\"@type\":\"SearchAction\",\"target\":{\"@type\":\"EntryPoint\",\"urlTemplate\":\"https:\\\/\\\/egidimadeinitaly.com\\\/fr\\\/?s={search_term_string}\"},\"query-input\":{\"@type\":\"PropertyValueSpecification\",\"valueRequired\":true,\"valueName\":\"search_term_string\"}}],\"inLanguage\":\"fr-FR\"}]}<\/script>\n<!-- \/ Yoast SEO Premium plugin. -->","yoast_head_json":{"title":"Lampe de Table Daphine Lumina par Tommaso Cimini - Egidi MadeinItaly","description":"Lampe de table noire Daphine Lumina con\u00e7ue en 1975 par l\u2019architecte Tommaso Cimini. Design Italien Vintage sur Egidi MadeinItaly","robots":{"index":"index","follow":"follow","max-snippet":"max-snippet:-1","max-image-preview":"max-image-preview:large","max-video-preview":"max-video-preview:-1"},"canonical":"https:\/\/egidimadeinitaly.com\/fr\/negozio\/objets-dart\/objets-dart-modernes\/lampe-de-table-daphine-lumina-par-tommaso-cimini\/","og_locale":"fr_FR","og_type":"article","og_title":"Lampe de Table Daphine Lumina par Tommaso Cimini","og_description":"La lampada da tavolo Lumina Daphine \u00e8 considerata oggi una vera icona tra le lampade da scrivania.","og_url":"https:\/\/egidimadeinitaly.com\/fr\/negozio\/objets-dart\/objets-dart-modernes\/lampe-de-table-daphine-lumina-par-tommaso-cimini\/","og_site_name":"Egidi MadeinItaly","article_publisher":"https:\/\/www.facebook.com\/egidimadeinitaly\/","article_modified_time":"2022-11-29T19:34:48+00:00","og_image":[{"width":900,"height":900,"url":"https:\/\/egidimadeinitaly.com\/wp-content\/uploads\/2020\/03\/lampada_da_tavolo_nera_lumina_italia_daphine_tommaso_cimini-scaled-e1670576875422.jpeg","type":"image\/jpeg"}],"schema":{"@context":"https:\/\/schema.org","@graph":[{"@type":"WebPage","@id":"https:\/\/egidimadeinitaly.com\/fr\/negozio\/objets-dart\/objets-dart-modernes\/lampe-de-table-daphine-lumina-par-tommaso-cimini\/","url":"https:\/\/egidimadeinitaly.com\/fr\/negozio\/objets-dart\/objets-dart-modernes\/lampe-de-table-daphine-lumina-par-tommaso-cimini\/","name":"Lampe de Table Daphine Lumina par Tommaso Cimini - Egidi MadeinItaly","isPartOf":{"@id":"https:\/\/egidimadeinitaly.com\/fr\/#website"},"primaryImageOfPage":{"@id":"https:\/\/egidimadeinitaly.com\/fr\/negozio\/objets-dart\/objets-dart-modernes\/lampe-de-table-daphine-lumina-par-tommaso-cimini\/#primaryimage"},"image":{"@id":"https:\/\/egidimadeinitaly.com\/fr\/negozio\/objets-dart\/objets-dart-modernes\/lampe-de-table-daphine-lumina-par-tommaso-cimini\/#primaryimage"},"thumbnailUrl":"https:\/\/egidimadeinitaly.com\/v25\/wp-content\/uploads\/2020\/03\/lampada_da_tavolo_nera_lumina_italia_daphine_tommaso_cimini-e1722699448108.jpeg","datePublished":"2020-03-28T13:09:02+00:00","dateModified":"2022-11-29T19:34:48+00:00","description":"Lampe de table noire Daphine Lumina con\u00e7ue en 1975 par l\u2019architecte Tommaso Cimini. Design Italien Vintage sur Egidi MadeinItaly","breadcrumb":{"@id":"https:\/\/egidimadeinitaly.com\/fr\/negozio\/objets-dart\/objets-dart-modernes\/lampe-de-table-daphine-lumina-par-tommaso-cimini\/#breadcrumb"},"inLanguage":"fr-FR","potentialAction":[{"@type":"ReadAction","target":["https:\/\/egidimadeinitaly.com\/fr\/negozio\/objets-dart\/objets-dart-modernes\/lampe-de-table-daphine-lumina-par-tommaso-cimini\/"]}]},{"@type":"ImageObject","inLanguage":"fr-FR","@id":"https:\/\/egidimadeinitaly.com\/fr\/negozio\/objets-dart\/objets-dart-modernes\/lampe-de-table-daphine-lumina-par-tommaso-cimini\/#primaryimage","url":"https:\/\/egidimadeinitaly.com\/v25\/wp-content\/uploads\/2020\/03\/lampada_da_tavolo_nera_lumina_italia_daphine_tommaso_cimini-e1722699448108.jpeg","contentUrl":"https:\/\/egidimadeinitaly.com\/v25\/wp-content\/uploads\/2020\/03\/lampada_da_tavolo_nera_lumina_italia_daphine_tommaso_cimini-e1722699448108.jpeg","width":900,"height":900,"caption":"Lampe Daphine Lumina par Tommaso Cimini Ann\u00e8es 70"},{"@type":"BreadcrumbList","@id":"https:\/\/egidimadeinitaly.com\/fr\/negozio\/objets-dart\/objets-dart-modernes\/lampe-de-table-daphine-lumina-par-tommaso-cimini\/#breadcrumb","itemListElement":[{"@type":"ListItem","position":1,"name":"Home","item":"https:\/\/egidimadeinitaly.com\/fr\/"},{"@type":"ListItem","position":2,"name":"Produits","item":"https:\/\/egidimadeinitaly.com\/fr\/shop\/"},{"@type":"ListItem","position":3,"name":"Objets d\u2019art","item":"https:\/\/egidimadeinitaly.com\/fr\/product-category\/objets-dart\/"},{"@type":"ListItem","position":4,"name":"Objets d'art modernes","item":"https:\/\/egidimadeinitaly.com\/fr\/product-category\/objets-dart\/objets-dart-modernes\/"},{"@type":"ListItem","position":5,"name":"Lampe de Table Daphine Lumina par Tommaso Cimini"}]},{"@type":"WebSite","@id":"https:\/\/egidimadeinitaly.com\/fr\/#website","url":"https:\/\/egidimadeinitaly.com\/fr\/","name":"Egidi MadeinItaly","description":"Fine Art","potentialAction":[{"@type":"SearchAction","target":{"@type":"EntryPoint","urlTemplate":"https:\/\/egidimadeinitaly.com\/fr\/?s={search_term_string}"},"query-input":{"@type":"PropertyValueSpecification","valueRequired":true,"valueName":"search_term_string"}}],"inLanguage":"fr-FR"}]}},"_links":{"self":[{"href":"https:\/\/egidimadeinitaly.com\/fr\/wp-json\/wp\/v2\/product\/87061","targetHints":{"allow":["GET"]}}],"collection":[{"href":"https:\/\/egidimadeinitaly.com\/fr\/wp-json\/wp\/v2\/product"}],"about":[{"href":"https:\/\/egidimadeinitaly.com\/fr\/wp-json\/wp\/v2\/types\/product"}],"wp:featuredmedia":[{"embeddable":true,"href":"https:\/\/egidimadeinitaly.com\/fr\/wp-json\/wp\/v2\/media\/87064"}],"wp:attachment":[{"href":"https:\/\/egidimadeinitaly.com\/fr\/wp-json\/wp\/v2\/media?parent=87061"}],"wp:term":[{"taxonomy":"product_brand","embeddable":true,"href":"https:\/\/egidimadeinitaly.com\/fr\/wp-json\/wp\/v2\/product_brand?post=87061"},{"taxonomy":"product_cat","embeddable":true,"href":"https:\/\/egidimadeinitaly.com\/fr\/wp-json\/wp\/v2\/product_cat?post=87061"},{"taxonomy":"product_tag","embeddable":true,"href":"https:\/\/egidimadeinitaly.com\/fr\/wp-json\/wp\/v2\/product_tag?post=87061"}],"curies":[{"name":"wp","href":"https:\/\/api.w.org\/{rel}","templated":true}]}}