{"id":87057,"date":"2020-03-30T13:01:10","date_gmt":"2020-03-30T12:01:10","guid":{"rendered":"https:\/\/egidimadeinitaly.com\/ecomsite\/?post_type=product&#038;p=87057"},"modified":"2021-07-16T14:39:50","modified_gmt":"2021-07-16T14:39:50","slug":"vase-en-verre-marbre-arte-vetro-de-murano-missoni","status":"publish","type":"product","link":"https:\/\/egidimadeinitaly.com\/fr\/negozio\/objets-dart\/objets-dart-modernes\/vase-en-verre-marbre-arte-vetro-de-murano-missoni\/","title":{"rendered":"Vase en Verre Arte Vetro Murano Missoni Ann\u00e9es 80"},"content":{"rendered":"<div class=\"accordion_content ui-accordion-content ui-helper-reset ui-widget-content ui-corner-bottom ui-accordion-content-active\">\n<div class=\"accordion_content_inner\">\n<div class=\"accordion_content ui-accordion-content ui-helper-reset ui-widget-content ui-corner-bottom ui-accordion-content-active\">\n<div class=\"accordion_content_inner\">\n<p>Vase en verre marbr\u00e9<strong>\u00a0 Arte Vetro Murano, Missoni\u00a0<\/strong><\/p>\n<p>Dans une interview publi\u00e9e il y a des ann\u00e9es d\u00e9j\u00e0, par le <strong>c\u00e9l\u00e8bre styliste Ottavio Missoni<\/strong>, nous lisons : \u00ab<em> La couleur fait partie int\u00e9grante de mon ADN. De la Dalmatie et de Raguse, j\u2019ai rapport\u00e9 avec moi les bleus, qui sentent l\u2019outre-mer et les rouges orang\u00e9s des couchers de soleil sur l\u2019Adriatique ; les jaunes chauds stri\u00e9s d\u2019ocre et de brun parlent de rochers et de sable, l\u00e9ch\u00e9s, m\u00e9lang\u00e9s et \u00e9rod\u00e9s par les vagues. Et les noirs ne manquent pas, ils amalgament. Et puis le violet, qui est ma couleur pr\u00e9f\u00e9r\u00e9e, dans toutes\u00a0 ses nuances. Si vous regardez bien, il y en a toujours, m\u00eame si on ne le remarque d\u2019embl\u00e9e<\/em>. \u00bb Et ce sont justement ces couleurs qui ont \u00e9t\u00e9 utilis\u00e9es pour ce vase.<\/p>\n<\/div>\n<\/div>\n<\/div>\n<\/div>\n","protected":false},"excerpt":{"rendered":"<p>R\u00e9alis\u00e9 en tourbillons marbr\u00e9s en verre polychrome, ce vase se caract\u00e9rise par la grande qualit\u00e9 de son ex\u00e9cution.<\/p>\n","protected":false},"featured_media":87043,"template":"","meta":{"_acf_changed":false},"product_brand":[],"product_cat":[6412,6492],"product_tag":[5391,1639],"class_list":{"0":"post-87057","1":"product","2":"type-product","3":"status-publish","4":"has-post-thumbnail","6":"product_cat-objets-dart-modernes","7":"product_cat-objets-dart","8":"product_tag-annees-80","9":"product_tag-murano-fr","10":"product_shipping_class-dhl-fr","12":"first","13":"outofstock","14":"taxable","15":"shipping-taxable","16":"product-type-simple"},"acf":[],"yoast_head":"<!-- This site is optimized with the Yoast SEO Premium plugin v27.5 (Yoast SEO v27.5) - https:\/\/yoast.com\/product\/yoast-seo-premium-wordpress\/ -->\n<title>Vase en Verre Arte Vetro Murano Missoni Ann\u00e9es 80 - Egidi MadeinItaly<\/title>\n<meta name=\"description\" content=\"Vase en Verre Marbr\u00e9\u00a0Arte Vetro de Murano Missoni autour 1980\" \/>\n<meta name=\"robots\" content=\"index, follow, max-snippet:-1, max-image-preview:large, max-video-preview:-1\" \/>\n<link rel=\"canonical\" href=\"https:\/\/egidimadeinitaly.com\/fr\/negozio\/objets-dart\/objets-dart-modernes\/vase-en-verre-marbre-arte-vetro-de-murano-missoni\/\" \/>\n<meta property=\"og:locale\" content=\"fr_FR\" \/>\n<meta property=\"og:type\" content=\"article\" \/>\n<meta property=\"og:title\" content=\"Vase en Verre Arte Vetro Murano Missoni Ann\u00e9es 80\" \/>\n<meta property=\"og:description\" content=\"R\u00e9alis\u00e9 en tourbillons marbr\u00e9s en verre polychrome, ce vase se caract\u00e9rise par la grande qualit\u00e9 de son ex\u00e9cution.\" \/>\n<meta property=\"og:url\" content=\"https:\/\/egidimadeinitaly.com\/fr\/negozio\/objets-dart\/objets-dart-modernes\/vase-en-verre-marbre-arte-vetro-de-murano-missoni\/\" \/>\n<meta property=\"og:site_name\" content=\"Egidi MadeinItaly\" \/>\n<meta property=\"article:publisher\" content=\"https:\/\/www.facebook.com\/egidimadeinitaly\/\" \/>\n<meta property=\"article:modified_time\" content=\"2021-07-16T14:39:50+00:00\" \/>\n<meta property=\"og:image\" content=\"https:\/\/egidimadeinitaly.com\/wp-content\/uploads\/2020\/03\/Vaso_Marmorizzato_in_Vetro_Arte_Vetro_di_Murano_Missoni_1980_03.jpeg\" \/>\n\t<meta property=\"og:image:width\" content=\"600\" \/>\n\t<meta property=\"og:image:height\" content=\"400\" \/>\n\t<meta property=\"og:image:type\" content=\"image\/jpeg\" \/>\n<script type=\"application\/ld+json\" class=\"yoast-schema-graph\">{\"@context\":\"https:\\\/\\\/schema.org\",\"@graph\":[{\"@type\":\"WebPage\",\"@id\":\"https:\\\/\\\/egidimadeinitaly.com\\\/fr\\\/negozio\\\/objets-dart\\\/objets-dart-modernes\\\/vase-en-verre-marbre-arte-vetro-de-murano-missoni\\\/\",\"url\":\"https:\\\/\\\/egidimadeinitaly.com\\\/fr\\\/negozio\\\/objets-dart\\\/objets-dart-modernes\\\/vase-en-verre-marbre-arte-vetro-de-murano-missoni\\\/\",\"name\":\"Vase en Verre Arte Vetro Murano Missoni Ann\u00e9es 80 - Egidi MadeinItaly\",\"isPartOf\":{\"@id\":\"https:\\\/\\\/egidimadeinitaly.com\\\/fr\\\/#website\"},\"primaryImageOfPage\":{\"@id\":\"https:\\\/\\\/egidimadeinitaly.com\\\/fr\\\/negozio\\\/objets-dart\\\/objets-dart-modernes\\\/vase-en-verre-marbre-arte-vetro-de-murano-missoni\\\/#primaryimage\"},\"image\":{\"@id\":\"https:\\\/\\\/egidimadeinitaly.com\\\/fr\\\/negozio\\\/objets-dart\\\/objets-dart-modernes\\\/vase-en-verre-marbre-arte-vetro-de-murano-missoni\\\/#primaryimage\"},\"thumbnailUrl\":\"https:\\\/\\\/egidimadeinitaly.com\\\/v25\\\/wp-content\\\/uploads\\\/2020\\\/03\\\/Vaso_Marmorizzato_in_Vetro_Arte_Vetro_di_Murano_Missoni_1980-e1722699528806.jpeg\",\"datePublished\":\"2020-03-30T12:01:10+00:00\",\"dateModified\":\"2021-07-16T14:39:50+00:00\",\"description\":\"Vase en Verre Marbr\u00e9\u00a0Arte Vetro de Murano Missoni autour 1980\",\"breadcrumb\":{\"@id\":\"https:\\\/\\\/egidimadeinitaly.com\\\/fr\\\/negozio\\\/objets-dart\\\/objets-dart-modernes\\\/vase-en-verre-marbre-arte-vetro-de-murano-missoni\\\/#breadcrumb\"},\"inLanguage\":\"fr-FR\",\"potentialAction\":[{\"@type\":\"ReadAction\",\"target\":[\"https:\\\/\\\/egidimadeinitaly.com\\\/fr\\\/negozio\\\/objets-dart\\\/objets-dart-modernes\\\/vase-en-verre-marbre-arte-vetro-de-murano-missoni\\\/\"]}]},{\"@type\":\"ImageObject\",\"inLanguage\":\"fr-FR\",\"@id\":\"https:\\\/\\\/egidimadeinitaly.com\\\/fr\\\/negozio\\\/objets-dart\\\/objets-dart-modernes\\\/vase-en-verre-marbre-arte-vetro-de-murano-missoni\\\/#primaryimage\",\"url\":\"https:\\\/\\\/egidimadeinitaly.com\\\/v25\\\/wp-content\\\/uploads\\\/2020\\\/03\\\/Vaso_Marmorizzato_in_Vetro_Arte_Vetro_di_Murano_Missoni_1980-e1722699528806.jpeg\",\"contentUrl\":\"https:\\\/\\\/egidimadeinitaly.com\\\/v25\\\/wp-content\\\/uploads\\\/2020\\\/03\\\/Vaso_Marmorizzato_in_Vetro_Arte_Vetro_di_Murano_Missoni_1980-e1722699528806.jpeg\",\"width\":900,\"height\":900,\"caption\":\"Vase en Verre Arte Vetro Murano Missoni\"},{\"@type\":\"BreadcrumbList\",\"@id\":\"https:\\\/\\\/egidimadeinitaly.com\\\/fr\\\/negozio\\\/objets-dart\\\/objets-dart-modernes\\\/vase-en-verre-marbre-arte-vetro-de-murano-missoni\\\/#breadcrumb\",\"itemListElement\":[{\"@type\":\"ListItem\",\"position\":1,\"name\":\"Home\",\"item\":\"https:\\\/\\\/egidimadeinitaly.com\\\/fr\\\/\"},{\"@type\":\"ListItem\",\"position\":2,\"name\":\"Produits\",\"item\":\"https:\\\/\\\/egidimadeinitaly.com\\\/fr\\\/shop\\\/\"},{\"@type\":\"ListItem\",\"position\":3,\"name\":\"Objets d\u2019art\",\"item\":\"https:\\\/\\\/egidimadeinitaly.com\\\/fr\\\/product-category\\\/objets-dart\\\/\"},{\"@type\":\"ListItem\",\"position\":4,\"name\":\"Objets d'art modernes\",\"item\":\"https:\\\/\\\/egidimadeinitaly.com\\\/fr\\\/product-category\\\/objets-dart\\\/objets-dart-modernes\\\/\"},{\"@type\":\"ListItem\",\"position\":5,\"name\":\"Vase en Verre Arte Vetro Murano Missoni Ann\u00e9es 80\"}]},{\"@type\":\"WebSite\",\"@id\":\"https:\\\/\\\/egidimadeinitaly.com\\\/fr\\\/#website\",\"url\":\"https:\\\/\\\/egidimadeinitaly.com\\\/fr\\\/\",\"name\":\"Egidi MadeinItaly\",\"description\":\"Fine Art\",\"potentialAction\":[{\"@type\":\"SearchAction\",\"target\":{\"@type\":\"EntryPoint\",\"urlTemplate\":\"https:\\\/\\\/egidimadeinitaly.com\\\/fr\\\/?s={search_term_string}\"},\"query-input\":{\"@type\":\"PropertyValueSpecification\",\"valueRequired\":true,\"valueName\":\"search_term_string\"}}],\"inLanguage\":\"fr-FR\"}]}<\/script>\n<!-- \/ Yoast SEO Premium plugin. -->","yoast_head_json":{"title":"Vase en Verre Arte Vetro Murano Missoni Ann\u00e9es 80 - Egidi MadeinItaly","description":"Vase en Verre Marbr\u00e9\u00a0Arte Vetro de Murano Missoni autour 1980","robots":{"index":"index","follow":"follow","max-snippet":"max-snippet:-1","max-image-preview":"max-image-preview:large","max-video-preview":"max-video-preview:-1"},"canonical":"https:\/\/egidimadeinitaly.com\/fr\/negozio\/objets-dart\/objets-dart-modernes\/vase-en-verre-marbre-arte-vetro-de-murano-missoni\/","og_locale":"fr_FR","og_type":"article","og_title":"Vase en Verre Arte Vetro Murano Missoni Ann\u00e9es 80","og_description":"R\u00e9alis\u00e9 en tourbillons marbr\u00e9s en verre polychrome, ce vase se caract\u00e9rise par la grande qualit\u00e9 de son ex\u00e9cution.","og_url":"https:\/\/egidimadeinitaly.com\/fr\/negozio\/objets-dart\/objets-dart-modernes\/vase-en-verre-marbre-arte-vetro-de-murano-missoni\/","og_site_name":"Egidi MadeinItaly","article_publisher":"https:\/\/www.facebook.com\/egidimadeinitaly\/","article_modified_time":"2021-07-16T14:39:50+00:00","og_image":[{"width":600,"height":400,"url":"https:\/\/egidimadeinitaly.com\/wp-content\/uploads\/2020\/03\/Vaso_Marmorizzato_in_Vetro_Arte_Vetro_di_Murano_Missoni_1980_03.jpeg","type":"image\/jpeg"}],"schema":{"@context":"https:\/\/schema.org","@graph":[{"@type":"WebPage","@id":"https:\/\/egidimadeinitaly.com\/fr\/negozio\/objets-dart\/objets-dart-modernes\/vase-en-verre-marbre-arte-vetro-de-murano-missoni\/","url":"https:\/\/egidimadeinitaly.com\/fr\/negozio\/objets-dart\/objets-dart-modernes\/vase-en-verre-marbre-arte-vetro-de-murano-missoni\/","name":"Vase en Verre Arte Vetro Murano Missoni Ann\u00e9es 80 - Egidi MadeinItaly","isPartOf":{"@id":"https:\/\/egidimadeinitaly.com\/fr\/#website"},"primaryImageOfPage":{"@id":"https:\/\/egidimadeinitaly.com\/fr\/negozio\/objets-dart\/objets-dart-modernes\/vase-en-verre-marbre-arte-vetro-de-murano-missoni\/#primaryimage"},"image":{"@id":"https:\/\/egidimadeinitaly.com\/fr\/negozio\/objets-dart\/objets-dart-modernes\/vase-en-verre-marbre-arte-vetro-de-murano-missoni\/#primaryimage"},"thumbnailUrl":"https:\/\/egidimadeinitaly.com\/v25\/wp-content\/uploads\/2020\/03\/Vaso_Marmorizzato_in_Vetro_Arte_Vetro_di_Murano_Missoni_1980-e1722699528806.jpeg","datePublished":"2020-03-30T12:01:10+00:00","dateModified":"2021-07-16T14:39:50+00:00","description":"Vase en Verre Marbr\u00e9\u00a0Arte Vetro de Murano Missoni autour 1980","breadcrumb":{"@id":"https:\/\/egidimadeinitaly.com\/fr\/negozio\/objets-dart\/objets-dart-modernes\/vase-en-verre-marbre-arte-vetro-de-murano-missoni\/#breadcrumb"},"inLanguage":"fr-FR","potentialAction":[{"@type":"ReadAction","target":["https:\/\/egidimadeinitaly.com\/fr\/negozio\/objets-dart\/objets-dart-modernes\/vase-en-verre-marbre-arte-vetro-de-murano-missoni\/"]}]},{"@type":"ImageObject","inLanguage":"fr-FR","@id":"https:\/\/egidimadeinitaly.com\/fr\/negozio\/objets-dart\/objets-dart-modernes\/vase-en-verre-marbre-arte-vetro-de-murano-missoni\/#primaryimage","url":"https:\/\/egidimadeinitaly.com\/v25\/wp-content\/uploads\/2020\/03\/Vaso_Marmorizzato_in_Vetro_Arte_Vetro_di_Murano_Missoni_1980-e1722699528806.jpeg","contentUrl":"https:\/\/egidimadeinitaly.com\/v25\/wp-content\/uploads\/2020\/03\/Vaso_Marmorizzato_in_Vetro_Arte_Vetro_di_Murano_Missoni_1980-e1722699528806.jpeg","width":900,"height":900,"caption":"Vase en Verre Arte Vetro Murano Missoni"},{"@type":"BreadcrumbList","@id":"https:\/\/egidimadeinitaly.com\/fr\/negozio\/objets-dart\/objets-dart-modernes\/vase-en-verre-marbre-arte-vetro-de-murano-missoni\/#breadcrumb","itemListElement":[{"@type":"ListItem","position":1,"name":"Home","item":"https:\/\/egidimadeinitaly.com\/fr\/"},{"@type":"ListItem","position":2,"name":"Produits","item":"https:\/\/egidimadeinitaly.com\/fr\/shop\/"},{"@type":"ListItem","position":3,"name":"Objets d\u2019art","item":"https:\/\/egidimadeinitaly.com\/fr\/product-category\/objets-dart\/"},{"@type":"ListItem","position":4,"name":"Objets d'art modernes","item":"https:\/\/egidimadeinitaly.com\/fr\/product-category\/objets-dart\/objets-dart-modernes\/"},{"@type":"ListItem","position":5,"name":"Vase en Verre Arte Vetro Murano Missoni Ann\u00e9es 80"}]},{"@type":"WebSite","@id":"https:\/\/egidimadeinitaly.com\/fr\/#website","url":"https:\/\/egidimadeinitaly.com\/fr\/","name":"Egidi MadeinItaly","description":"Fine Art","potentialAction":[{"@type":"SearchAction","target":{"@type":"EntryPoint","urlTemplate":"https:\/\/egidimadeinitaly.com\/fr\/?s={search_term_string}"},"query-input":{"@type":"PropertyValueSpecification","valueRequired":true,"valueName":"search_term_string"}}],"inLanguage":"fr-FR"}]}},"_links":{"self":[{"href":"https:\/\/egidimadeinitaly.com\/fr\/wp-json\/wp\/v2\/product\/87057","targetHints":{"allow":["GET"]}}],"collection":[{"href":"https:\/\/egidimadeinitaly.com\/fr\/wp-json\/wp\/v2\/product"}],"about":[{"href":"https:\/\/egidimadeinitaly.com\/fr\/wp-json\/wp\/v2\/types\/product"}],"wp:featuredmedia":[{"embeddable":true,"href":"https:\/\/egidimadeinitaly.com\/fr\/wp-json\/wp\/v2\/media\/87043"}],"wp:attachment":[{"href":"https:\/\/egidimadeinitaly.com\/fr\/wp-json\/wp\/v2\/media?parent=87057"}],"wp:term":[{"taxonomy":"product_brand","embeddable":true,"href":"https:\/\/egidimadeinitaly.com\/fr\/wp-json\/wp\/v2\/product_brand?post=87057"},{"taxonomy":"product_cat","embeddable":true,"href":"https:\/\/egidimadeinitaly.com\/fr\/wp-json\/wp\/v2\/product_cat?post=87057"},{"taxonomy":"product_tag","embeddable":true,"href":"https:\/\/egidimadeinitaly.com\/fr\/wp-json\/wp\/v2\/product_tag?post=87057"}],"curies":[{"name":"wp","href":"https:\/\/api.w.org\/{rel}","templated":true}]}}