{"id":86810,"date":"2021-06-13T19:41:18","date_gmt":"2021-06-13T18:41:18","guid":{"rendered":"https:\/\/egidimadeinitaly.com\/ecomsite\/prodotto\/francesco-albani-suiveur-huile\/"},"modified":"2022-11-29T19:33:44","modified_gmt":"2022-11-29T18:33:44","slug":"tableau-ancien-suiveur-de-francesco-albani","status":"publish","type":"product","link":"https:\/\/egidimadeinitaly.com\/fr\/negozio\/art-ancien\/tableaux-anciens-fr\/tableau-ancien-suiveur-de-francesco-albani\/","title":{"rendered":"Tableau Ancien Suiveur de Francesco Albani"},"content":{"rendered":"<p class=\"product_title entry-title\">Ce tableau\u00a0<span class=\"s3\" style=\"font-size: 14px;\">\u00e0 sujet\u00a0<\/span><span class=\"s3\" style=\"font-size: 14px;\">religieu<\/span><span class=\"s3\" style=\"font-size: 14px;\">x<\/span><span class=\"s3\" style=\"font-size: 14px;\">\u00a0repr\u00e9sente la c\u00e9l\u00e8bre sc\u00e8ne\u00a0<\/span><span class=\"s3\" style=\"font-size: 14px;\">d\u2019\u00c9vangile<\/span><span style=\"font-size: 14px;\">\u00a0<\/span><span class=\"s3\" style=\"font-size: 14px;\">qui raconte<\/span><span class=\"s3\" style=\"font-size: 14px;\">\u00a0l\u2019\u00e9pisode du\u00a0<b>Bapt\u00eame<\/b><\/span><b style=\"font-size: 14px;\"><span class=\"s3\">\u00a0de J\u00e9sus-<\/span><span class=\"s3\">C<\/span><span class=\"s3\">h<\/span><\/b><span class=\"s3\" style=\"font-size: 14px;\"><b>rist<\/b>.<\/span><span style=\"font-size: 14px;\">\u00a0<\/span><span class=\"s3\" style=\"font-size: 14px;\">Au premier plan<\/span><span class=\"s3\" style=\"font-size: 14px;\">,<\/span><span class=\"s3\" style=\"font-size: 14px;\">\u00a0nous voyons J\u00e9sus sur les rives du Jourdain, \u00a0qui se prosterne devant\u00a0<b>Saint Jean-Baptiste<\/b>\u00a0(\u00e0\u00a0<\/span><span class=\"s3\" style=\"font-size: 14px;\">droite)<\/span><span class=\"s3\" style=\"font-size: 14px;\">\u00a0qui le baptise avec de l\u2019eau.<\/span><span style=\"font-size: 14px;\">\u00a0<\/span><span class=\"s3\" style=\"font-size: 14px;\">Au-dessus d\u2019eux, la colombe qui symbolise<\/span><span class=\"s3\" style=\"font-size: 14px;\">\u00a0le Saint Esprit et les ci<\/span><span class=\"s3\" style=\"font-size: 14px;\">eux qui s\u2019ouvrent pour la gloire de Dieu le P\u00e8re, avec des anges au premier plan et autour de J\u00e9sus et de Jean le Baptiste.<\/span><span style=\"font-size: 14px;\">\u00a0<\/span><span class=\"s3\" style=\"font-size: 14px;\">Le tableau est orn\u00e9 d\u2019un\u00a0<b>cadre en bois dor\u00e9<\/b>.\u00a0<\/span><\/p>\n<p><span class=\"s3\">Ce<\/span><span class=\"s3\">tte \u0153uvre de\u00a0<b>Francesco Albani dit l\u2019Albane<\/b>\u00a0(Bologne 1578-1660)\u00a0<\/span><span class=\"s3\">provient<\/span><span class=\"s3\">\u00a0d<\/span><span class=\"s3\">e la\u00a0<\/span><span class=\"s3\">collection\u00a0<\/span><span class=\"s3\">priv\u00e9e d\u2019une famille italienne<\/span><span class=\"s3\">.<\/span>\u00a0<span class=\"s3\">Ce tableau<\/span><span class=\"s3\">\u00a0est conserv\u00e9 \u00e0 la\u00a0<b>Pinacoth\u00e8que nationale de Bologne.<\/b><\/span><\/p>\n","protected":false},"excerpt":{"rendered":"<p>Bapt\u00eame du Christ Suiveur de Francesco Albani, 1780<\/p>\n","protected":false},"featured_media":86260,"template":"","meta":{"_acf_changed":false},"product_brand":[],"product_cat":[6374,6408],"product_tag":[4245,5361],"class_list":{"0":"post-86810","1":"product","2":"type-product","3":"status-publish","4":"has-post-thumbnail","6":"product_cat-art-ancien","7":"product_cat-tableaux-anciens-fr","8":"product_tag-art-sacre","9":"product_tag-decoration-murale","10":"product_shipping_class-dhl-fr","12":"first","13":"outofstock","14":"taxable","15":"shipping-taxable","16":"product-type-simple"},"acf":[],"yoast_head":"<!-- This site is optimized with the Yoast SEO Premium plugin v27.5 (Yoast SEO v27.5) - https:\/\/yoast.com\/product\/yoast-seo-premium-wordpress\/ -->\n<title>Tableau Ancien Suiveur de Francesco Albani - Egidi MadeinItaly<\/title>\n<meta name=\"description\" content=\"Francesco Albani Suiveur Huile sur Toile Le Bapt\u00eame du Christ venez feuilletez notre catalogue produits sur Egidi MadeinItaly.\" \/>\n<meta name=\"robots\" content=\"index, follow, max-snippet:-1, max-image-preview:large, max-video-preview:-1\" \/>\n<link rel=\"canonical\" href=\"https:\/\/egidimadeinitaly.com\/fr\/negozio\/art-ancien\/tableaux-anciens-fr\/tableau-ancien-suiveur-de-francesco-albani\/\" \/>\n<meta property=\"og:locale\" content=\"fr_FR\" \/>\n<meta property=\"og:type\" content=\"article\" \/>\n<meta property=\"og:title\" content=\"Tableau Ancien Suiveur de Francesco Albani\" \/>\n<meta property=\"og:description\" content=\"Bapt\u00eame du Christ Suiveur de Francesco Albani, 1780\" \/>\n<meta property=\"og:url\" content=\"https:\/\/egidimadeinitaly.com\/fr\/negozio\/art-ancien\/tableaux-anciens-fr\/tableau-ancien-suiveur-de-francesco-albani\/\" \/>\n<meta property=\"og:site_name\" content=\"Egidi MadeinItaly\" \/>\n<meta property=\"article:publisher\" content=\"https:\/\/www.facebook.com\/egidimadeinitaly\/\" \/>\n<meta property=\"article:modified_time\" content=\"2022-11-29T18:33:44+00:00\" \/>\n<meta property=\"og:image\" content=\"https:\/\/egidimadeinitaly.com\/wp-content\/uploads\/2020\/02\/francesco_albani_quadro_battesimo_di_gesu_1870_04-e1717424287268.jpg\" \/>\n\t<meta property=\"og:image:width\" content=\"1200\" \/>\n\t<meta property=\"og:image:height\" content=\"800\" \/>\n\t<meta property=\"og:image:type\" content=\"image\/jpeg\" \/>\n<script type=\"application\/ld+json\" class=\"yoast-schema-graph\">{\"@context\":\"https:\\\/\\\/schema.org\",\"@graph\":[{\"@type\":\"WebPage\",\"@id\":\"https:\\\/\\\/egidimadeinitaly.com\\\/fr\\\/negozio\\\/art-ancien\\\/tableaux-anciens-fr\\\/tableau-ancien-suiveur-de-francesco-albani\\\/\",\"url\":\"https:\\\/\\\/egidimadeinitaly.com\\\/fr\\\/negozio\\\/art-ancien\\\/tableaux-anciens-fr\\\/tableau-ancien-suiveur-de-francesco-albani\\\/\",\"name\":\"Tableau Ancien Suiveur de Francesco Albani - Egidi MadeinItaly\",\"isPartOf\":{\"@id\":\"https:\\\/\\\/egidimadeinitaly.com\\\/fr\\\/#website\"},\"primaryImageOfPage\":{\"@id\":\"https:\\\/\\\/egidimadeinitaly.com\\\/fr\\\/negozio\\\/art-ancien\\\/tableaux-anciens-fr\\\/tableau-ancien-suiveur-de-francesco-albani\\\/#primaryimage\"},\"image\":{\"@id\":\"https:\\\/\\\/egidimadeinitaly.com\\\/fr\\\/negozio\\\/art-ancien\\\/tableaux-anciens-fr\\\/tableau-ancien-suiveur-de-francesco-albani\\\/#primaryimage\"},\"thumbnailUrl\":\"https:\\\/\\\/egidimadeinitaly.com\\\/v25\\\/wp-content\\\/uploads\\\/2020\\\/02\\\/francesco_albani_quadro_battesimo_di_gesu_1870_04-e1717424287268.jpg\",\"datePublished\":\"2021-06-13T18:41:18+00:00\",\"dateModified\":\"2022-11-29T18:33:44+00:00\",\"description\":\"Francesco Albani Suiveur Huile sur Toile Le Bapt\u00eame du Christ venez feuilletez notre catalogue produits sur Egidi MadeinItaly.\",\"breadcrumb\":{\"@id\":\"https:\\\/\\\/egidimadeinitaly.com\\\/fr\\\/negozio\\\/art-ancien\\\/tableaux-anciens-fr\\\/tableau-ancien-suiveur-de-francesco-albani\\\/#breadcrumb\"},\"inLanguage\":\"fr-FR\",\"potentialAction\":[{\"@type\":\"ReadAction\",\"target\":[\"https:\\\/\\\/egidimadeinitaly.com\\\/fr\\\/negozio\\\/art-ancien\\\/tableaux-anciens-fr\\\/tableau-ancien-suiveur-de-francesco-albani\\\/\"]}]},{\"@type\":\"ImageObject\",\"inLanguage\":\"fr-FR\",\"@id\":\"https:\\\/\\\/egidimadeinitaly.com\\\/fr\\\/negozio\\\/art-ancien\\\/tableaux-anciens-fr\\\/tableau-ancien-suiveur-de-francesco-albani\\\/#primaryimage\",\"url\":\"https:\\\/\\\/egidimadeinitaly.com\\\/v25\\\/wp-content\\\/uploads\\\/2020\\\/02\\\/francesco_albani_quadro_battesimo_di_gesu_1870_04-e1717424287268.jpg\",\"contentUrl\":\"https:\\\/\\\/egidimadeinitaly.com\\\/v25\\\/wp-content\\\/uploads\\\/2020\\\/02\\\/francesco_albani_quadro_battesimo_di_gesu_1870_04-e1717424287268.jpg\",\"width\":1200,\"height\":800,\"caption\":\"Tableau Ancien Suiveur de Francesco Albani\"},{\"@type\":\"BreadcrumbList\",\"@id\":\"https:\\\/\\\/egidimadeinitaly.com\\\/fr\\\/negozio\\\/art-ancien\\\/tableaux-anciens-fr\\\/tableau-ancien-suiveur-de-francesco-albani\\\/#breadcrumb\",\"itemListElement\":[{\"@type\":\"ListItem\",\"position\":1,\"name\":\"Home\",\"item\":\"https:\\\/\\\/egidimadeinitaly.com\\\/fr\\\/\"},{\"@type\":\"ListItem\",\"position\":2,\"name\":\"Produits\",\"item\":\"https:\\\/\\\/egidimadeinitaly.com\\\/fr\\\/shop\\\/\"},{\"@type\":\"ListItem\",\"position\":3,\"name\":\"Art ancien\",\"item\":\"https:\\\/\\\/egidimadeinitaly.com\\\/fr\\\/product-category\\\/art-ancien\\\/\"},{\"@type\":\"ListItem\",\"position\":4,\"name\":\"Tableaux anciens\",\"item\":\"https:\\\/\\\/egidimadeinitaly.com\\\/fr\\\/product-category\\\/art-ancien\\\/tableaux-anciens-fr\\\/\"},{\"@type\":\"ListItem\",\"position\":5,\"name\":\"Tableau Ancien Suiveur de Francesco Albani\"}]},{\"@type\":\"WebSite\",\"@id\":\"https:\\\/\\\/egidimadeinitaly.com\\\/fr\\\/#website\",\"url\":\"https:\\\/\\\/egidimadeinitaly.com\\\/fr\\\/\",\"name\":\"Egidi MadeinItaly\",\"description\":\"Fine Art\",\"potentialAction\":[{\"@type\":\"SearchAction\",\"target\":{\"@type\":\"EntryPoint\",\"urlTemplate\":\"https:\\\/\\\/egidimadeinitaly.com\\\/fr\\\/?s={search_term_string}\"},\"query-input\":{\"@type\":\"PropertyValueSpecification\",\"valueRequired\":true,\"valueName\":\"search_term_string\"}}],\"inLanguage\":\"fr-FR\"}]}<\/script>\n<!-- \/ Yoast SEO Premium plugin. -->","yoast_head_json":{"title":"Tableau Ancien Suiveur de Francesco Albani - Egidi MadeinItaly","description":"Francesco Albani Suiveur Huile sur Toile Le Bapt\u00eame du Christ venez feuilletez notre catalogue produits sur Egidi MadeinItaly.","robots":{"index":"index","follow":"follow","max-snippet":"max-snippet:-1","max-image-preview":"max-image-preview:large","max-video-preview":"max-video-preview:-1"},"canonical":"https:\/\/egidimadeinitaly.com\/fr\/negozio\/art-ancien\/tableaux-anciens-fr\/tableau-ancien-suiveur-de-francesco-albani\/","og_locale":"fr_FR","og_type":"article","og_title":"Tableau Ancien Suiveur de Francesco Albani","og_description":"Bapt\u00eame du Christ Suiveur de Francesco Albani, 1780","og_url":"https:\/\/egidimadeinitaly.com\/fr\/negozio\/art-ancien\/tableaux-anciens-fr\/tableau-ancien-suiveur-de-francesco-albani\/","og_site_name":"Egidi MadeinItaly","article_publisher":"https:\/\/www.facebook.com\/egidimadeinitaly\/","article_modified_time":"2022-11-29T18:33:44+00:00","og_image":[{"width":1200,"height":800,"url":"https:\/\/egidimadeinitaly.com\/wp-content\/uploads\/2020\/02\/francesco_albani_quadro_battesimo_di_gesu_1870_04-e1717424287268.jpg","type":"image\/jpeg"}],"schema":{"@context":"https:\/\/schema.org","@graph":[{"@type":"WebPage","@id":"https:\/\/egidimadeinitaly.com\/fr\/negozio\/art-ancien\/tableaux-anciens-fr\/tableau-ancien-suiveur-de-francesco-albani\/","url":"https:\/\/egidimadeinitaly.com\/fr\/negozio\/art-ancien\/tableaux-anciens-fr\/tableau-ancien-suiveur-de-francesco-albani\/","name":"Tableau Ancien Suiveur de Francesco Albani - Egidi MadeinItaly","isPartOf":{"@id":"https:\/\/egidimadeinitaly.com\/fr\/#website"},"primaryImageOfPage":{"@id":"https:\/\/egidimadeinitaly.com\/fr\/negozio\/art-ancien\/tableaux-anciens-fr\/tableau-ancien-suiveur-de-francesco-albani\/#primaryimage"},"image":{"@id":"https:\/\/egidimadeinitaly.com\/fr\/negozio\/art-ancien\/tableaux-anciens-fr\/tableau-ancien-suiveur-de-francesco-albani\/#primaryimage"},"thumbnailUrl":"https:\/\/egidimadeinitaly.com\/v25\/wp-content\/uploads\/2020\/02\/francesco_albani_quadro_battesimo_di_gesu_1870_04-e1717424287268.jpg","datePublished":"2021-06-13T18:41:18+00:00","dateModified":"2022-11-29T18:33:44+00:00","description":"Francesco Albani Suiveur Huile sur Toile Le Bapt\u00eame du Christ venez feuilletez notre catalogue produits sur Egidi MadeinItaly.","breadcrumb":{"@id":"https:\/\/egidimadeinitaly.com\/fr\/negozio\/art-ancien\/tableaux-anciens-fr\/tableau-ancien-suiveur-de-francesco-albani\/#breadcrumb"},"inLanguage":"fr-FR","potentialAction":[{"@type":"ReadAction","target":["https:\/\/egidimadeinitaly.com\/fr\/negozio\/art-ancien\/tableaux-anciens-fr\/tableau-ancien-suiveur-de-francesco-albani\/"]}]},{"@type":"ImageObject","inLanguage":"fr-FR","@id":"https:\/\/egidimadeinitaly.com\/fr\/negozio\/art-ancien\/tableaux-anciens-fr\/tableau-ancien-suiveur-de-francesco-albani\/#primaryimage","url":"https:\/\/egidimadeinitaly.com\/v25\/wp-content\/uploads\/2020\/02\/francesco_albani_quadro_battesimo_di_gesu_1870_04-e1717424287268.jpg","contentUrl":"https:\/\/egidimadeinitaly.com\/v25\/wp-content\/uploads\/2020\/02\/francesco_albani_quadro_battesimo_di_gesu_1870_04-e1717424287268.jpg","width":1200,"height":800,"caption":"Tableau Ancien Suiveur de Francesco Albani"},{"@type":"BreadcrumbList","@id":"https:\/\/egidimadeinitaly.com\/fr\/negozio\/art-ancien\/tableaux-anciens-fr\/tableau-ancien-suiveur-de-francesco-albani\/#breadcrumb","itemListElement":[{"@type":"ListItem","position":1,"name":"Home","item":"https:\/\/egidimadeinitaly.com\/fr\/"},{"@type":"ListItem","position":2,"name":"Produits","item":"https:\/\/egidimadeinitaly.com\/fr\/shop\/"},{"@type":"ListItem","position":3,"name":"Art ancien","item":"https:\/\/egidimadeinitaly.com\/fr\/product-category\/art-ancien\/"},{"@type":"ListItem","position":4,"name":"Tableaux anciens","item":"https:\/\/egidimadeinitaly.com\/fr\/product-category\/art-ancien\/tableaux-anciens-fr\/"},{"@type":"ListItem","position":5,"name":"Tableau Ancien Suiveur de Francesco Albani"}]},{"@type":"WebSite","@id":"https:\/\/egidimadeinitaly.com\/fr\/#website","url":"https:\/\/egidimadeinitaly.com\/fr\/","name":"Egidi MadeinItaly","description":"Fine Art","potentialAction":[{"@type":"SearchAction","target":{"@type":"EntryPoint","urlTemplate":"https:\/\/egidimadeinitaly.com\/fr\/?s={search_term_string}"},"query-input":{"@type":"PropertyValueSpecification","valueRequired":true,"valueName":"search_term_string"}}],"inLanguage":"fr-FR"}]}},"_links":{"self":[{"href":"https:\/\/egidimadeinitaly.com\/fr\/wp-json\/wp\/v2\/product\/86810","targetHints":{"allow":["GET"]}}],"collection":[{"href":"https:\/\/egidimadeinitaly.com\/fr\/wp-json\/wp\/v2\/product"}],"about":[{"href":"https:\/\/egidimadeinitaly.com\/fr\/wp-json\/wp\/v2\/types\/product"}],"wp:featuredmedia":[{"embeddable":true,"href":"https:\/\/egidimadeinitaly.com\/fr\/wp-json\/wp\/v2\/media\/86260"}],"wp:attachment":[{"href":"https:\/\/egidimadeinitaly.com\/fr\/wp-json\/wp\/v2\/media?parent=86810"}],"wp:term":[{"taxonomy":"product_brand","embeddable":true,"href":"https:\/\/egidimadeinitaly.com\/fr\/wp-json\/wp\/v2\/product_brand?post=86810"},{"taxonomy":"product_cat","embeddable":true,"href":"https:\/\/egidimadeinitaly.com\/fr\/wp-json\/wp\/v2\/product_cat?post=86810"},{"taxonomy":"product_tag","embeddable":true,"href":"https:\/\/egidimadeinitaly.com\/fr\/wp-json\/wp\/v2\/product_tag?post=86810"}],"curies":[{"name":"wp","href":"https:\/\/api.w.org\/{rel}","templated":true}]}}