{"id":86277,"date":"2020-02-02T15:24:08","date_gmt":"2020-02-02T14:24:08","guid":{"rendered":"https:\/\/egidimadeinitaly.com\/ecomsite\/prodotto\/maison-jansen-tavolo-ovale-modello-royale-1950\/"},"modified":"2022-07-17T04:34:38","modified_gmt":"2022-07-17T04:34:38","slug":"maison-jansen-table-modele-royal","status":"publish","type":"product","link":"https:\/\/egidimadeinitaly.com\/fr\/negozio\/objets-dart\/objets-dart-modernes\/maison-jansen-table-modele-royal\/","title":{"rendered":"Maison Jansen Table  Mod\u00e8le Royal"},"content":{"rendered":"<p>Table ouvrante et pliante en deux parties basculantes en bois laqu\u00e9 noir avec plateau et rallonge laqu\u00e9s noir et d\u00e9tails en bronze dor\u00e9 et m\u00e9tal teint\u00e9 canon de fusil. Le plateau repose sur huit pieds \u00e0 roulettes en bronze en partie dor\u00e9 \u00e0 patine canon de fusil et bagues en m\u00e9tal dor\u00e9.<\/p>\n<p>Les roues en m\u00e9tal dor\u00e9 sont estampill\u00e9es.<\/p>\n<p>Munie d&rsquo; un rallonge de cm 60<\/p>\n<p>Elle a \u00e9t\u00e9 dessin\u00e9e et r\u00e9alis\u00e9e pour l\u2019actrice fran\u00e7aise Jacqueline Delubac (1907-1997)\u00a0 qui n\u2019aimait pas les tables de salle \u00e0 manger. La particularit\u00e9 de cette table est d\u2019\u00eatre pliable et d\u2019avoir une rallonge \u00e0 placer au milieu pour l\u2019agrandir.<\/p>\n<p>Cette table est l\u2019une des pi\u00e8ces embl\u00e9matiques de la Maison Jansen.<\/p>\n<p>Elle \u00e9t\u00e9 fabriqu\u00e9e en cent exemplaires seulement.<\/p>\n<p>&nbsp;<\/p>\n<p>Une table du m\u00eame mod\u00e8le que celui que nous pr\u00e9sentons est photographi\u00e9e <em>in situ<\/em> dans la salle \u00e0 manger parisienne de Suzy et Pierre Delb\u00e9e, directeur de la Maison Jansen, dans n J. Archer-Abbott \u00ab\u00a0Jansen\u00a0\u00bb, Arcanthus Press, New York, 2006 pp. 182-183<\/p>\n","protected":false},"excerpt":{"rendered":"<p>Table de salle \u00e0 manger de forme ovale, mod\u00e8le Royal de la Maison Jansen France, 1960<\/p>\n<p>&nbsp;<\/p>\n","protected":false},"featured_media":101700,"template":"","meta":{"_acf_changed":false},"product_brand":[],"product_cat":[6412,6492],"product_tag":[5436,5483,1627],"class_list":{"0":"post-86277","1":"product","2":"type-product","3":"status-publish","4":"has-post-thumbnail","6":"product_cat-objets-dart-modernes","7":"product_cat-objets-dart","8":"product_tag-annees-60-fr","9":"product_tag-design-francais","10":"product_tag-noir","11":"product_shipping_class-dhl-fr","13":"first","14":"outofstock","15":"taxable","16":"shipping-taxable","17":"product-type-simple"},"acf":[],"yoast_head":"<!-- This site is optimized with the Yoast SEO Premium plugin v27.3 (Yoast SEO v27.4) - https:\/\/yoast.com\/product\/yoast-seo-premium-wordpress\/ -->\n<title>Maison Jansen Table Mod\u00e8le Royal - Egidi MadeinItaly<\/title>\n<meta name=\"description\" content=\"Maison Jansen Table de salle \u00e0 manger de forme ovale mod\u00e8le Royal Paris 1960 En vente sur Egidi MadeinItaly. Acheter des ic\u00f4nes de design.\" \/>\n<meta name=\"robots\" content=\"index, follow, max-snippet:-1, max-image-preview:large, max-video-preview:-1\" \/>\n<link rel=\"canonical\" href=\"https:\/\/egidimadeinitaly.com\/fr\/negozio\/objets-dart\/objets-dart-modernes\/maison-jansen-table-modele-royal\/\" \/>\n<meta property=\"og:locale\" content=\"fr_FR\" \/>\n<meta property=\"og:type\" content=\"article\" \/>\n<meta property=\"og:title\" content=\"Maison Jansen Table Mod\u00e8le Royal\" \/>\n<meta property=\"og:description\" content=\"Table de salle \u00e0 manger de forme ovale, mod\u00e8le Royal de la Maison Jansen France, 1960  &nbsp;\" \/>\n<meta property=\"og:url\" content=\"https:\/\/egidimadeinitaly.com\/fr\/negozio\/objets-dart\/objets-dart-modernes\/maison-jansen-table-modele-royal\/\" \/>\n<meta property=\"og:site_name\" content=\"Egidi MadeinItaly\" \/>\n<meta property=\"article:publisher\" content=\"https:\/\/www.facebook.com\/egidimadeinitaly\/\" \/>\n<meta property=\"article:modified_time\" content=\"2022-07-17T04:34:38+00:00\" \/>\n<meta property=\"og:image\" content=\"https:\/\/egidimadeinitaly.com\/wp-content\/uploads\/2020\/02\/69AB7B4F-B2E4-4445-9290-CBE73B81BF89-scaled.jpeg\" \/>\n\t<meta property=\"og:image:width\" content=\"2560\" \/>\n\t<meta property=\"og:image:height\" content=\"1709\" \/>\n\t<meta property=\"og:image:type\" content=\"image\/jpeg\" \/>\n<script type=\"application\/ld+json\" class=\"yoast-schema-graph\">{\"@context\":\"https:\\\/\\\/schema.org\",\"@graph\":[{\"@type\":\"WebPage\",\"@id\":\"https:\\\/\\\/egidimadeinitaly.com\\\/fr\\\/negozio\\\/objets-dart\\\/objets-dart-modernes\\\/maison-jansen-table-modele-royal\\\/\",\"url\":\"https:\\\/\\\/egidimadeinitaly.com\\\/fr\\\/negozio\\\/objets-dart\\\/objets-dart-modernes\\\/maison-jansen-table-modele-royal\\\/\",\"name\":\"Maison Jansen Table Mod\u00e8le Royal - Egidi MadeinItaly\",\"isPartOf\":{\"@id\":\"https:\\\/\\\/egidimadeinitaly.com\\\/fr\\\/#website\"},\"primaryImageOfPage\":{\"@id\":\"https:\\\/\\\/egidimadeinitaly.com\\\/fr\\\/negozio\\\/objets-dart\\\/objets-dart-modernes\\\/maison-jansen-table-modele-royal\\\/#primaryimage\"},\"image\":{\"@id\":\"https:\\\/\\\/egidimadeinitaly.com\\\/fr\\\/negozio\\\/objets-dart\\\/objets-dart-modernes\\\/maison-jansen-table-modele-royal\\\/#primaryimage\"},\"thumbnailUrl\":\"https:\\\/\\\/egidimadeinitaly.com\\\/v25\\\/wp-content\\\/uploads\\\/2020\\\/02\\\/69AB7B4F-B2E4-4445-9290-CBE73B81BF89-scaled.jpeg\",\"datePublished\":\"2020-02-02T14:24:08+00:00\",\"dateModified\":\"2022-07-17T04:34:38+00:00\",\"description\":\"Maison Jansen Table de salle \u00e0 manger de forme ovale mod\u00e8le Royal Paris 1960 En vente sur Egidi MadeinItaly. Acheter des ic\u00f4nes de design.\",\"breadcrumb\":{\"@id\":\"https:\\\/\\\/egidimadeinitaly.com\\\/fr\\\/negozio\\\/objets-dart\\\/objets-dart-modernes\\\/maison-jansen-table-modele-royal\\\/#breadcrumb\"},\"inLanguage\":\"fr-FR\",\"potentialAction\":[{\"@type\":\"ReadAction\",\"target\":[\"https:\\\/\\\/egidimadeinitaly.com\\\/fr\\\/negozio\\\/objets-dart\\\/objets-dart-modernes\\\/maison-jansen-table-modele-royal\\\/\"]}]},{\"@type\":\"ImageObject\",\"inLanguage\":\"fr-FR\",\"@id\":\"https:\\\/\\\/egidimadeinitaly.com\\\/fr\\\/negozio\\\/objets-dart\\\/objets-dart-modernes\\\/maison-jansen-table-modele-royal\\\/#primaryimage\",\"url\":\"https:\\\/\\\/egidimadeinitaly.com\\\/v25\\\/wp-content\\\/uploads\\\/2020\\\/02\\\/69AB7B4F-B2E4-4445-9290-CBE73B81BF89-scaled.jpeg\",\"contentUrl\":\"https:\\\/\\\/egidimadeinitaly.com\\\/v25\\\/wp-content\\\/uploads\\\/2020\\\/02\\\/69AB7B4F-B2E4-4445-9290-CBE73B81BF89-scaled.jpeg\",\"width\":2560,\"height\":1709,\"caption\":\"Maison Jansen Ic\u00f4ne du Design Fran\u00e7ais\"},{\"@type\":\"BreadcrumbList\",\"@id\":\"https:\\\/\\\/egidimadeinitaly.com\\\/fr\\\/negozio\\\/objets-dart\\\/objets-dart-modernes\\\/maison-jansen-table-modele-royal\\\/#breadcrumb\",\"itemListElement\":[{\"@type\":\"ListItem\",\"position\":1,\"name\":\"Home\",\"item\":\"https:\\\/\\\/egidimadeinitaly.com\\\/fr\\\/\"},{\"@type\":\"ListItem\",\"position\":2,\"name\":\"Produits\",\"item\":\"https:\\\/\\\/egidimadeinitaly.com\\\/fr\\\/shop\\\/\"},{\"@type\":\"ListItem\",\"position\":3,\"name\":\"Objets d\u2019art\",\"item\":\"https:\\\/\\\/egidimadeinitaly.com\\\/fr\\\/product-category\\\/objets-dart\\\/\"},{\"@type\":\"ListItem\",\"position\":4,\"name\":\"Objets d'art modernes\",\"item\":\"https:\\\/\\\/egidimadeinitaly.com\\\/fr\\\/product-category\\\/objets-dart\\\/objets-dart-modernes\\\/\"},{\"@type\":\"ListItem\",\"position\":5,\"name\":\"Maison Jansen Table Mod\u00e8le Royal\"}]},{\"@type\":\"WebSite\",\"@id\":\"https:\\\/\\\/egidimadeinitaly.com\\\/fr\\\/#website\",\"url\":\"https:\\\/\\\/egidimadeinitaly.com\\\/fr\\\/\",\"name\":\"Egidi MadeinItaly\",\"description\":\"Fine Art\",\"potentialAction\":[{\"@type\":\"SearchAction\",\"target\":{\"@type\":\"EntryPoint\",\"urlTemplate\":\"https:\\\/\\\/egidimadeinitaly.com\\\/fr\\\/?s={search_term_string}\"},\"query-input\":{\"@type\":\"PropertyValueSpecification\",\"valueRequired\":true,\"valueName\":\"search_term_string\"}}],\"inLanguage\":\"fr-FR\"}]}<\/script>\n<!-- \/ Yoast SEO Premium plugin. -->","yoast_head_json":{"title":"Maison Jansen Table Mod\u00e8le Royal - Egidi MadeinItaly","description":"Maison Jansen Table de salle \u00e0 manger de forme ovale mod\u00e8le Royal Paris 1960 En vente sur Egidi MadeinItaly. Acheter des ic\u00f4nes de design.","robots":{"index":"index","follow":"follow","max-snippet":"max-snippet:-1","max-image-preview":"max-image-preview:large","max-video-preview":"max-video-preview:-1"},"canonical":"https:\/\/egidimadeinitaly.com\/fr\/negozio\/objets-dart\/objets-dart-modernes\/maison-jansen-table-modele-royal\/","og_locale":"fr_FR","og_type":"article","og_title":"Maison Jansen Table Mod\u00e8le Royal","og_description":"Table de salle \u00e0 manger de forme ovale, mod\u00e8le Royal de la Maison Jansen France, 1960  &nbsp;","og_url":"https:\/\/egidimadeinitaly.com\/fr\/negozio\/objets-dart\/objets-dart-modernes\/maison-jansen-table-modele-royal\/","og_site_name":"Egidi MadeinItaly","article_publisher":"https:\/\/www.facebook.com\/egidimadeinitaly\/","article_modified_time":"2022-07-17T04:34:38+00:00","og_image":[{"width":2560,"height":1709,"url":"https:\/\/egidimadeinitaly.com\/wp-content\/uploads\/2020\/02\/69AB7B4F-B2E4-4445-9290-CBE73B81BF89-scaled.jpeg","type":"image\/jpeg"}],"schema":{"@context":"https:\/\/schema.org","@graph":[{"@type":"WebPage","@id":"https:\/\/egidimadeinitaly.com\/fr\/negozio\/objets-dart\/objets-dart-modernes\/maison-jansen-table-modele-royal\/","url":"https:\/\/egidimadeinitaly.com\/fr\/negozio\/objets-dart\/objets-dart-modernes\/maison-jansen-table-modele-royal\/","name":"Maison Jansen Table Mod\u00e8le Royal - Egidi MadeinItaly","isPartOf":{"@id":"https:\/\/egidimadeinitaly.com\/fr\/#website"},"primaryImageOfPage":{"@id":"https:\/\/egidimadeinitaly.com\/fr\/negozio\/objets-dart\/objets-dart-modernes\/maison-jansen-table-modele-royal\/#primaryimage"},"image":{"@id":"https:\/\/egidimadeinitaly.com\/fr\/negozio\/objets-dart\/objets-dart-modernes\/maison-jansen-table-modele-royal\/#primaryimage"},"thumbnailUrl":"https:\/\/egidimadeinitaly.com\/v25\/wp-content\/uploads\/2020\/02\/69AB7B4F-B2E4-4445-9290-CBE73B81BF89-scaled.jpeg","datePublished":"2020-02-02T14:24:08+00:00","dateModified":"2022-07-17T04:34:38+00:00","description":"Maison Jansen Table de salle \u00e0 manger de forme ovale mod\u00e8le Royal Paris 1960 En vente sur Egidi MadeinItaly. Acheter des ic\u00f4nes de design.","breadcrumb":{"@id":"https:\/\/egidimadeinitaly.com\/fr\/negozio\/objets-dart\/objets-dart-modernes\/maison-jansen-table-modele-royal\/#breadcrumb"},"inLanguage":"fr-FR","potentialAction":[{"@type":"ReadAction","target":["https:\/\/egidimadeinitaly.com\/fr\/negozio\/objets-dart\/objets-dart-modernes\/maison-jansen-table-modele-royal\/"]}]},{"@type":"ImageObject","inLanguage":"fr-FR","@id":"https:\/\/egidimadeinitaly.com\/fr\/negozio\/objets-dart\/objets-dart-modernes\/maison-jansen-table-modele-royal\/#primaryimage","url":"https:\/\/egidimadeinitaly.com\/v25\/wp-content\/uploads\/2020\/02\/69AB7B4F-B2E4-4445-9290-CBE73B81BF89-scaled.jpeg","contentUrl":"https:\/\/egidimadeinitaly.com\/v25\/wp-content\/uploads\/2020\/02\/69AB7B4F-B2E4-4445-9290-CBE73B81BF89-scaled.jpeg","width":2560,"height":1709,"caption":"Maison Jansen Ic\u00f4ne du Design Fran\u00e7ais"},{"@type":"BreadcrumbList","@id":"https:\/\/egidimadeinitaly.com\/fr\/negozio\/objets-dart\/objets-dart-modernes\/maison-jansen-table-modele-royal\/#breadcrumb","itemListElement":[{"@type":"ListItem","position":1,"name":"Home","item":"https:\/\/egidimadeinitaly.com\/fr\/"},{"@type":"ListItem","position":2,"name":"Produits","item":"https:\/\/egidimadeinitaly.com\/fr\/shop\/"},{"@type":"ListItem","position":3,"name":"Objets d\u2019art","item":"https:\/\/egidimadeinitaly.com\/fr\/product-category\/objets-dart\/"},{"@type":"ListItem","position":4,"name":"Objets d'art modernes","item":"https:\/\/egidimadeinitaly.com\/fr\/product-category\/objets-dart\/objets-dart-modernes\/"},{"@type":"ListItem","position":5,"name":"Maison Jansen Table Mod\u00e8le Royal"}]},{"@type":"WebSite","@id":"https:\/\/egidimadeinitaly.com\/fr\/#website","url":"https:\/\/egidimadeinitaly.com\/fr\/","name":"Egidi MadeinItaly","description":"Fine Art","potentialAction":[{"@type":"SearchAction","target":{"@type":"EntryPoint","urlTemplate":"https:\/\/egidimadeinitaly.com\/fr\/?s={search_term_string}"},"query-input":{"@type":"PropertyValueSpecification","valueRequired":true,"valueName":"search_term_string"}}],"inLanguage":"fr-FR"}]}},"_links":{"self":[{"href":"https:\/\/egidimadeinitaly.com\/fr\/wp-json\/wp\/v2\/product\/86277","targetHints":{"allow":["GET"]}}],"collection":[{"href":"https:\/\/egidimadeinitaly.com\/fr\/wp-json\/wp\/v2\/product"}],"about":[{"href":"https:\/\/egidimadeinitaly.com\/fr\/wp-json\/wp\/v2\/types\/product"}],"wp:featuredmedia":[{"embeddable":true,"href":"https:\/\/egidimadeinitaly.com\/fr\/wp-json\/wp\/v2\/media\/101700"}],"wp:attachment":[{"href":"https:\/\/egidimadeinitaly.com\/fr\/wp-json\/wp\/v2\/media?parent=86277"}],"wp:term":[{"taxonomy":"product_brand","embeddable":true,"href":"https:\/\/egidimadeinitaly.com\/fr\/wp-json\/wp\/v2\/product_brand?post=86277"},{"taxonomy":"product_cat","embeddable":true,"href":"https:\/\/egidimadeinitaly.com\/fr\/wp-json\/wp\/v2\/product_cat?post=86277"},{"taxonomy":"product_tag","embeddable":true,"href":"https:\/\/egidimadeinitaly.com\/fr\/wp-json\/wp\/v2\/product_tag?post=86277"}],"curies":[{"name":"wp","href":"https:\/\/api.w.org\/{rel}","templated":true}]}}