{"id":84482,"date":"2019-02-02T15:24:03","date_gmt":"2019-02-02T14:24:03","guid":{"rendered":"https:\/\/egidimadeinitaly.com\/ecomsite\/product\/loredano-rosin-scultura-in-vetro-afrodite-1989\/"},"modified":"2021-07-21T12:13:49","modified_gmt":"2021-07-21T12:13:49","slug":"loredano-rosin-sculpture-en-verre-violette-murano-1989","status":"publish","type":"product","link":"https:\/\/egidimadeinitaly.com\/fr\/negozio\/sculpture-fr-2\/sculpture-moderne-fr\/loredano-rosin-sculpture-en-verre-violette-murano-1989\/","title":{"rendered":"Sculpture en Verre Murano Loredano Rosin"},"content":{"rendered":"<p class=\"s5\"><span class=\"s4\"><b>Loredano Rosin <\/b>(Venise 1936-1991).<\/span><\/p>\n<p class=\"s5\"><span class=\"s4\">En 1948, sa famille quitte le centre historique de Venise o\u00f9 son p\u00e8re Giovanni \u00a0travaillait comme souffleur <\/span><span class=\"s4\">\u00e0 la <b>verrerie<\/b><\/span><span class=\"s4\"><b> Franchetti<\/b>.<\/span><\/p>\n<p class=\"s5\"><span class=\"s4\">\u00c0 treize ans, Loredano trouve<\/span> <span class=\"s4\">aussit\u00f4t<\/span><span class=\"s4\"> un emploi dans la verrerie Domus qui, \u00e0 l\u2019\u00e9poque, \u00e9tait sp\u00e9cialis\u00e9e dans la <\/span><span class=\"s4\">fabric<\/span><span class=\"s4\">ation de<\/span><span class=\"s4\">s lustres<\/span><span class=\"s4\"> v\u00e9nitiens traditionnels, \u00a0<\/span><span class=\"s4\">sous la direction<\/span><span class=\"s4\"> du<\/span><span class=\"s4\"> ma\u00eetre<\/span><span class=\"s4\"> verrier<\/span><span class=\"s4\"> Roman<\/span><span class=\"s4\">o<\/span><span class=\"s4\"> Zanetti.<\/span><\/p>\n<p class=\"s5\"><span class=\"s4\">Gr\u00e2ce<\/span> <span class=\"s4\">\u00e0<\/span><span class=\"s4\"> une habilet\u00e9 manuelle inn\u00e9e, Loredano devient rapidement ma\u00eetre verrier.<\/span><\/p>\n<p class=\"s5\"><span class=\"s4\">Il collabore ensuite avec plusieurs <\/span><span class=\"s4\">fours \u00e0 verre<\/span><span class=\"s4\">.<\/span><\/p>\n<p class=\"s5\"><span class=\"s4\">En 1964, il ouvre son<\/span><span class=\"s4\"> propre <\/span><span class=\"s4\">four \u00e0 verre<\/span><span class=\"s4\"> avec les fr\u00e8res Mirco et <b>son fr\u00e8re cadet Dino<\/b> qui, \u00e0 partir de ce moment, restera toujours \u00e0 ses c\u00f4t\u00e9s.<\/span><\/p>\n<p class=\"s5\"><span class=\"s4\">Il a \u00e9galement travaill\u00e9 \u00a0avec le ma\u00eetre verrier \u00a0<b>Ermanno Nason<\/b>.<\/span> <span class=\"s4\">Mais l<\/span><span class=\"s4\">e grand tournant du parcours artistique de <\/span><span class=\"s4\">Loredano <\/span><span class=\"s4\">Rosin a lieu en 1965, lorsqu\u2019il rencontre Egidio Costantini qui lui demande de collaborer avec la <\/span><span class=\"s4\">\u00ab<\/span> <span class=\"s6\">Fucina degli Angeli<\/span> <span class=\"s4\">\u00bb<\/span><span class=\"s4\"> pour la r\u00e9alisation des \u0153uvres en verre dessin\u00e9es ou con\u00e7ues par les plus grands artistes, nationaux et internationa<\/span><span class=\"s4\">ux,<\/span><span class=\"s4\"> de l\u2019art contemporain de l\u2019\u00e9poque, tels que<\/span> <span class=\"s4\"><b>Picasso, Chagall, Ernst, Arp, Kokoshka, Cocteau, sans oublier les artistes italiens Fontana, Licata, Guidi et Guttuso<\/b>.<\/span> <span class=\"s4\">Jusqu\u2019en ao<\/span><span class=\"s4\">\u00fbt \u00a0<\/span><span class=\"s4\">1974, en travaillant au four \u00e0 verre pour r\u00e9aliser les \u0153uvres de ces grands artistes, Rosin perfectionne continuellement s<\/span><span class=\"s4\">es comp\u00e9tences <\/span><span class=\"s4\">technique<\/span><span class=\"s4\">s<\/span><span class=\"s4\"> dans la transformation du verre<\/span><span class=\"s4\"> brut<\/span><span class=\"s4\">.<\/span><\/p>\n<p class=\"s5\"><span class=\"s4\">En 1975 avec son fr\u00e8re Dino, il ouvre finalement l<\/span><span class=\"s4\">e four \u00e0 verre <\/span><span class=\"s4\">\u00ab <\/span><span class=\"s6\"><b>Vetreria Artistica Loredano Rosin<\/b><\/span> <span class=\"s4\">\u00bb o\u00f9 il est <\/span><span class=\"s4\">libre de cr\u00e9er \u00a0des sculptures en verre d\u2019une grande beaut\u00e9, en red\u00e9couvrant des techniques et des types de verre dont l\u2019emp<\/span><span class=\"s4\">loi avait disparu avec le temps, et p<\/span><span class=\"s4\">our n\u2019en citer qu\u2019une :<\/span> <span class=\"s4\">la technique du verre calc\u00e9doine.<\/span> <span class=\"s4\">Apr\u00e8s le<\/span><span class=\"s4\"> cristal, l<\/span><span class=\"s4\">a<\/span> <span class=\"s4\">calc<\/span><span class=\"s4\">\u00e9<\/span><span class=\"s4\">doi<\/span><span class=\"s4\">ne<\/span><span class=\"s4\"> (<\/span><span class=\"s7\">obtenue par la fusion d\u2019un m\u00e9lange de calcin de verre opale et transparent, de nitrate d\u2019argent, oxyde de cobalt, potassium et autres sels par \u00e9tapes successives, <\/span><span class=\"s4\">afin d<\/span><span class=\"s4\">e<\/span><span class=\"s4\">reproduire<\/span> <span class=\"s4\">da<\/span><span class=\"s4\">n<\/span><span class=\"s4\">s <\/span><span class=\"s4\">l<\/span><span class=\"s4\">e<\/span><span class=\"s4\"> verre la fluidit<\/span><span class=\"s4\">\u00e9<\/span><span class=\"s4\"> de<\/span><span class=\"s4\">s<\/span><span class=\"s4\"> strie<\/span><span class=\"s4\">s<\/span><span class=\"s4\"> d<\/span><span class=\"s4\">e<\/span><span class=\"s4\"> c<\/span><span class=\"s4\">ertai<\/span><span class=\"s4\">ne<\/span><span class=\"s4\">s<\/span><span class=\"s4\"> pierres dure<\/span><span class=\"s4\">s<\/span><span class=\"s4\">, e<\/span><span class=\"s4\">t e<\/span><span class=\"s4\">n particulier<\/span><span class=\"s4\"> de<\/span><span class=\"s4\"> l\u2019agat<\/span><span class=\"s4\">e<\/span><span class=\"s4\"> zon<\/span><span class=\"s4\">\u00e9e<\/span><span class=\"s4\">) <\/span><span class=\"s4\">utilis\u00e9e par <\/span><span class=\"s4\">Rosin d<\/span><span class=\"s4\">e<\/span><span class=\"s4\">v<\/span><span class=\"s4\">i<\/span><span class=\"s4\">en<\/span><span class=\"s4\">t<\/span> <span class=\"s4\">tr\u00e8s vite<\/span><span class=\"s4\"> la base su<\/span><span class=\"s4\">r <\/span><span class=\"s4\">laqu<\/span><span class=\"s4\">e<\/span><span class=\"s4\">l<\/span><span class=\"s4\">le <\/span><span class=\"s4\">il cr\u00e9<\/span><span class=\"s4\">e une<\/span><span class=\"s4\"> s\u00e9rie d<\/span><span class=\"s4\">\u2019<\/span><span class=\"s4\">\u0153uvres <\/span><span class=\"s4\">extraordinaires qui se <\/span><span class=\"s4\">cara<\/span><span class=\"s4\">c<\/span><span class=\"s4\">t<\/span><span class=\"s4\">\u00e9<\/span><span class=\"s4\">ri<\/span><span class=\"s4\">s<\/span><span class=\"s4\">e<\/span><span class=\"s4\">nt par <\/span><span class=\"s4\">un modela<\/span><span class=\"s4\">ge plastique<\/span> <span class=\"s4\">d<\/span><span class=\"s4\">o<\/span><span class=\"s4\">ux<\/span><span class=\"s4\"> e<\/span><span class=\"s4\">t souple, qui<\/span><span class=\"s4\"> suscit<\/span><span class=\"s4\">e<\/span><span class=\"s4\">n<\/span><span class=\"s4\">t<\/span> <span class=\"s4\">aussit\u00f4t<\/span><span class=\"s4\"> l\u2019int\u00e9r\u00eat du public <\/span><span class=\"s4\">et <\/span><span class=\"s4\">qui sont \u00e0 l\u2019origine de<\/span><span class=\"s4\"> son <\/span><span class=\"s4\">asce<\/span><span class=\"s4\">n<\/span><span class=\"s4\">s<\/span><span class=\"s4\">ion<\/span><span class=\"s4\"> a<\/span><span class=\"s4\">u<\/span> <span class=\"s4\">sommet<\/span><span class=\"s4\"> de la production artistique<\/span><span class=\"s4\"> de<\/span> <span class=\"s4\">M<\/span><span class=\"s4\">uran<\/span><span class=\"s4\">o<\/span><span class=\"s4\">.<\/span><\/p>\n<p class=\"s5\"><span class=\"s4\">En 1985, Loredano Rosin commence une s\u00e9rie <b>d\u2019expositions internationales qui rencontrent un vif succ\u00e8s.<\/b><\/span><span class=\"s4\">D\u2019abord aux <b>\u00c9tats-Unis<\/b>, o\u00f9 il obtient imm\u00e9diatement un succ\u00e8s extraordinaire \u00e0 la galerie Dorothy Lerner<\/span><span class=\"s4\"> \u00e0 <\/span><span class=\"s4\">Philadelphi<\/span><span class=\"s4\">a<\/span><span class=\"s4\">, avec la premi\u00e8re exposition personnelle d\u2019\u0153uvres in\u00e9dites, <\/span><span class=\"s4\">suivie <\/span><span class=\"s4\">l\u2019ann<\/span><span class=\"s4\">\u00e9e <\/span><span class=\"s4\">suivante<\/span> <span class=\"s4\">(1986) <\/span><span class=\"s4\">par <\/span><span class=\"s4\">un<\/span><span class=\"s4\">e <\/span><span class=\"s4\">a<\/span><span class=\"s4\">u<\/span><span class=\"s4\">tr<\/span><span class=\"s4\">e exposition<\/span> <span class=\"s4\">personnelle<\/span> <span class=\"s4\">\u00e0 la galerie<\/span><span class=\"s4\"> Ad\u00e8le Rosen d<\/span><span class=\"s4\">e<\/span><span class=\"s4\"> Santa Barbara <\/span><span class=\"s4\">e<\/span><span class=\"s4\">n Californi<\/span><span class=\"s4\">e, puis d\u2019une \u00e0<\/span><span class=\"s4\">Londres <\/span><span class=\"s4\">\u00e0 la<\/span><span class=\"s4\"> Knightsbridge Interiors.<\/span><\/p>\n<p class=\"s5\"><span class=\"s4\">En 1987, il expose au \u00a0<b>Japon<\/b>, \u00e0 <b>Tokyo<\/b>.<\/span><\/p>\n<p class=\"s5\"><span class=\"s4\">En 1989, Loredano Rosin est choisi pour repr\u00e9senter la production artistique de Murano \u00e0 l\u2019<\/span><span class=\"s4\">\u00ab <\/span><span class=\"s6\">lnternational Glass Festival<\/span> <span class=\"s4\">\u00bb<\/span><span class=\"s4\"> en concomitance avec le <\/span><span class=\"s6\">19th Annual Symposium of Glass Art Society<\/span><span class=\"s4\"> \u00e0 Toronto au Canada ; la <\/span><span class=\"s4\">m\u00eame<\/span><span class=\"s4\"> ann\u00e9e, il expose ses <\/span><span class=\"s4\">\u0153uvres <\/span><span class=\"s4\">en Norv\u00e8ge, \u00e0 l\u2019exposition \u00a0\u201c<\/span><b><span class=\"s6\">Vetri di Murano:<\/span> <span class=\"s6\">1400-1989<\/span><\/b><span class=\"s4\">\u00a0\u201c<\/span><span class=\"s4\">\u00a0au Kunstindustrimuseet d\u2019Oslo.<\/span><\/p>\n<p class=\"s5\"><span class=\"s4\">Jusqu\u2019au d\u00e9but des ann\u00e9es 1980, celle de <b>Loredano Rosin<\/b> semble \u00eatre une envol\u00e9e inexorable, caract\u00e9ris\u00e9e par <\/span><span class=\"s4\">une toute une s\u00e9rie <\/span><span class=\"s4\">de succ\u00e8s et de r\u00e9compenses<\/span><span class=\"s4\">,<\/span><span class=\"s4\"> \u00a0tant au niveau national qu\u2019international.<\/span><\/p>\n","protected":false},"excerpt":{"rendered":"<p class=\"s5\"><span class=\"s4\"><b>Sculpture<\/b> en <b>verre calc\u00e9doine<\/b> opaque avec des veines violac\u00e9es repr\u00e9sentant la d\u00e9esse Aphrodite.<\/span><\/p>\n<p class=\"s5\"><span class=\"s4\">La statue est \u00a0pos\u00e9e sur un socle en verre noir sur lequel est grav\u00e9e la signature du <\/span><span class=\"s4\">Ma\u00eetre <\/span><\/p>\n","protected":false},"featured_media":86340,"template":"","meta":{"_acf_changed":false},"product_brand":[],"product_cat":[6417,6421],"product_tag":[5391,1254,1639],"class_list":{"0":"post-84482","1":"product","2":"type-product","3":"status-publish","4":"has-post-thumbnail","6":"product_cat-sculpture-fr-2","7":"product_cat-sculpture-moderne-fr","8":"product_tag-annees-80","9":"product_tag-design-italien-fr","10":"product_tag-murano-fr","11":"product_shipping_class-dhl-fr","13":"first","14":"outofstock","15":"shipping-taxable","16":"product-type-simple"},"acf":[],"yoast_head":"<!-- This site is optimized with the Yoast SEO Premium plugin v27.3 (Yoast SEO v27.4) - https:\/\/yoast.com\/product\/yoast-seo-premium-wordpress\/ -->\n<title>Sculpture en Verre Murano Loredano Rosin - Egidi MadeinItaly<\/title>\n<meta name=\"description\" content=\"Sculpture en Verre Violette sign\u00e9e et dat\u00e9e Loredano Rosin en Vente sur Egidi MadeinItaly E-Commerce. Livraison partout dans le monde.\" \/>\n<meta name=\"robots\" content=\"index, follow, max-snippet:-1, max-image-preview:large, max-video-preview:-1\" \/>\n<link rel=\"canonical\" href=\"https:\/\/egidimadeinitaly.com\/fr\/negozio\/sculpture-fr-2\/sculpture-moderne-fr\/loredano-rosin-sculpture-en-verre-violette-murano-1989\/\" \/>\n<meta property=\"og:locale\" content=\"fr_FR\" \/>\n<meta property=\"og:type\" content=\"article\" \/>\n<meta property=\"og:title\" content=\"Sculpture en Verre Murano Loredano Rosin\" \/>\n<meta property=\"og:description\" content=\"Sculpture en verre calc\u00e9doine opaque avec des veines violac\u00e9es repr\u00e9sentant la d\u00e9esse Aphrodite. La statue est \u00a0pos\u00e9e sur un socle en verre noir sur lequel est grav\u00e9e la signature du Ma\u00eetre\" \/>\n<meta property=\"og:url\" content=\"https:\/\/egidimadeinitaly.com\/fr\/negozio\/sculpture-fr-2\/sculpture-moderne-fr\/loredano-rosin-sculpture-en-verre-violette-murano-1989\/\" \/>\n<meta property=\"og:site_name\" content=\"Egidi MadeinItaly\" \/>\n<meta property=\"article:publisher\" content=\"https:\/\/www.facebook.com\/egidimadeinitaly\/\" \/>\n<meta property=\"article:modified_time\" content=\"2021-07-21T12:13:49+00:00\" \/>\n<meta property=\"og:image\" content=\"https:\/\/egidimadeinitaly.com\/wp-content\/uploads\/2020\/02\/Loredano-Rosin-Scultura-in-Vetro-Afrodite_1989-e1717424384931.jpeg\" \/>\n\t<meta property=\"og:image:width\" content=\"1200\" \/>\n\t<meta property=\"og:image:height\" content=\"800\" \/>\n\t<meta property=\"og:image:type\" content=\"image\/jpeg\" \/>\n<script type=\"application\/ld+json\" class=\"yoast-schema-graph\">{\"@context\":\"https:\\\/\\\/schema.org\",\"@graph\":[{\"@type\":\"WebPage\",\"@id\":\"https:\\\/\\\/egidimadeinitaly.com\\\/fr\\\/negozio\\\/sculpture-fr-2\\\/sculpture-moderne-fr\\\/loredano-rosin-sculpture-en-verre-violette-murano-1989\\\/\",\"url\":\"https:\\\/\\\/egidimadeinitaly.com\\\/fr\\\/negozio\\\/sculpture-fr-2\\\/sculpture-moderne-fr\\\/loredano-rosin-sculpture-en-verre-violette-murano-1989\\\/\",\"name\":\"Sculpture en Verre Murano Loredano Rosin - Egidi MadeinItaly\",\"isPartOf\":{\"@id\":\"https:\\\/\\\/egidimadeinitaly.com\\\/fr\\\/#website\"},\"primaryImageOfPage\":{\"@id\":\"https:\\\/\\\/egidimadeinitaly.com\\\/fr\\\/negozio\\\/sculpture-fr-2\\\/sculpture-moderne-fr\\\/loredano-rosin-sculpture-en-verre-violette-murano-1989\\\/#primaryimage\"},\"image\":{\"@id\":\"https:\\\/\\\/egidimadeinitaly.com\\\/fr\\\/negozio\\\/sculpture-fr-2\\\/sculpture-moderne-fr\\\/loredano-rosin-sculpture-en-verre-violette-murano-1989\\\/#primaryimage\"},\"thumbnailUrl\":\"https:\\\/\\\/egidimadeinitaly.com\\\/v25\\\/wp-content\\\/uploads\\\/2020\\\/02\\\/Loredano-Rosin-Scultura-in-Vetro-Afrodite_1989-e1717424384931.jpeg\",\"datePublished\":\"2019-02-02T14:24:03+00:00\",\"dateModified\":\"2021-07-21T12:13:49+00:00\",\"description\":\"Sculpture en Verre Violette sign\u00e9e et dat\u00e9e Loredano Rosin en Vente sur Egidi MadeinItaly E-Commerce. Livraison partout dans le monde.\",\"breadcrumb\":{\"@id\":\"https:\\\/\\\/egidimadeinitaly.com\\\/fr\\\/negozio\\\/sculpture-fr-2\\\/sculpture-moderne-fr\\\/loredano-rosin-sculpture-en-verre-violette-murano-1989\\\/#breadcrumb\"},\"inLanguage\":\"fr-FR\",\"potentialAction\":[{\"@type\":\"ReadAction\",\"target\":[\"https:\\\/\\\/egidimadeinitaly.com\\\/fr\\\/negozio\\\/sculpture-fr-2\\\/sculpture-moderne-fr\\\/loredano-rosin-sculpture-en-verre-violette-murano-1989\\\/\"]}]},{\"@type\":\"ImageObject\",\"inLanguage\":\"fr-FR\",\"@id\":\"https:\\\/\\\/egidimadeinitaly.com\\\/fr\\\/negozio\\\/sculpture-fr-2\\\/sculpture-moderne-fr\\\/loredano-rosin-sculpture-en-verre-violette-murano-1989\\\/#primaryimage\",\"url\":\"https:\\\/\\\/egidimadeinitaly.com\\\/v25\\\/wp-content\\\/uploads\\\/2020\\\/02\\\/Loredano-Rosin-Scultura-in-Vetro-Afrodite_1989-e1717424384931.jpeg\",\"contentUrl\":\"https:\\\/\\\/egidimadeinitaly.com\\\/v25\\\/wp-content\\\/uploads\\\/2020\\\/02\\\/Loredano-Rosin-Scultura-in-Vetro-Afrodite_1989-e1717424384931.jpeg\",\"width\":1200,\"height\":800,\"caption\":\"Sculpture en Verre Murano Sign\u00e9e\"},{\"@type\":\"BreadcrumbList\",\"@id\":\"https:\\\/\\\/egidimadeinitaly.com\\\/fr\\\/negozio\\\/sculpture-fr-2\\\/sculpture-moderne-fr\\\/loredano-rosin-sculpture-en-verre-violette-murano-1989\\\/#breadcrumb\",\"itemListElement\":[{\"@type\":\"ListItem\",\"position\":1,\"name\":\"Home\",\"item\":\"https:\\\/\\\/egidimadeinitaly.com\\\/fr\\\/\"},{\"@type\":\"ListItem\",\"position\":2,\"name\":\"Produits\",\"item\":\"https:\\\/\\\/egidimadeinitaly.com\\\/fr\\\/shop\\\/\"},{\"@type\":\"ListItem\",\"position\":3,\"name\":\"Sculpture\",\"item\":\"https:\\\/\\\/egidimadeinitaly.com\\\/fr\\\/product-category\\\/sculpture-fr-2\\\/\"},{\"@type\":\"ListItem\",\"position\":4,\"name\":\"Sculpture en Verre Murano Loredano Rosin\"}]},{\"@type\":\"WebSite\",\"@id\":\"https:\\\/\\\/egidimadeinitaly.com\\\/fr\\\/#website\",\"url\":\"https:\\\/\\\/egidimadeinitaly.com\\\/fr\\\/\",\"name\":\"Egidi MadeinItaly\",\"description\":\"Fine Art\",\"potentialAction\":[{\"@type\":\"SearchAction\",\"target\":{\"@type\":\"EntryPoint\",\"urlTemplate\":\"https:\\\/\\\/egidimadeinitaly.com\\\/fr\\\/?s={search_term_string}\"},\"query-input\":{\"@type\":\"PropertyValueSpecification\",\"valueRequired\":true,\"valueName\":\"search_term_string\"}}],\"inLanguage\":\"fr-FR\"}]}<\/script>\n<!-- \/ Yoast SEO Premium plugin. -->","yoast_head_json":{"title":"Sculpture en Verre Murano Loredano Rosin - Egidi MadeinItaly","description":"Sculpture en Verre Violette sign\u00e9e et dat\u00e9e Loredano Rosin en Vente sur Egidi MadeinItaly E-Commerce. Livraison partout dans le monde.","robots":{"index":"index","follow":"follow","max-snippet":"max-snippet:-1","max-image-preview":"max-image-preview:large","max-video-preview":"max-video-preview:-1"},"canonical":"https:\/\/egidimadeinitaly.com\/fr\/negozio\/sculpture-fr-2\/sculpture-moderne-fr\/loredano-rosin-sculpture-en-verre-violette-murano-1989\/","og_locale":"fr_FR","og_type":"article","og_title":"Sculpture en Verre Murano Loredano Rosin","og_description":"Sculpture en verre calc\u00e9doine opaque avec des veines violac\u00e9es repr\u00e9sentant la d\u00e9esse Aphrodite. La statue est \u00a0pos\u00e9e sur un socle en verre noir sur lequel est grav\u00e9e la signature du Ma\u00eetre","og_url":"https:\/\/egidimadeinitaly.com\/fr\/negozio\/sculpture-fr-2\/sculpture-moderne-fr\/loredano-rosin-sculpture-en-verre-violette-murano-1989\/","og_site_name":"Egidi MadeinItaly","article_publisher":"https:\/\/www.facebook.com\/egidimadeinitaly\/","article_modified_time":"2021-07-21T12:13:49+00:00","og_image":[{"width":1200,"height":800,"url":"https:\/\/egidimadeinitaly.com\/wp-content\/uploads\/2020\/02\/Loredano-Rosin-Scultura-in-Vetro-Afrodite_1989-e1717424384931.jpeg","type":"image\/jpeg"}],"schema":{"@context":"https:\/\/schema.org","@graph":[{"@type":"WebPage","@id":"https:\/\/egidimadeinitaly.com\/fr\/negozio\/sculpture-fr-2\/sculpture-moderne-fr\/loredano-rosin-sculpture-en-verre-violette-murano-1989\/","url":"https:\/\/egidimadeinitaly.com\/fr\/negozio\/sculpture-fr-2\/sculpture-moderne-fr\/loredano-rosin-sculpture-en-verre-violette-murano-1989\/","name":"Sculpture en Verre Murano Loredano Rosin - Egidi MadeinItaly","isPartOf":{"@id":"https:\/\/egidimadeinitaly.com\/fr\/#website"},"primaryImageOfPage":{"@id":"https:\/\/egidimadeinitaly.com\/fr\/negozio\/sculpture-fr-2\/sculpture-moderne-fr\/loredano-rosin-sculpture-en-verre-violette-murano-1989\/#primaryimage"},"image":{"@id":"https:\/\/egidimadeinitaly.com\/fr\/negozio\/sculpture-fr-2\/sculpture-moderne-fr\/loredano-rosin-sculpture-en-verre-violette-murano-1989\/#primaryimage"},"thumbnailUrl":"https:\/\/egidimadeinitaly.com\/v25\/wp-content\/uploads\/2020\/02\/Loredano-Rosin-Scultura-in-Vetro-Afrodite_1989-e1717424384931.jpeg","datePublished":"2019-02-02T14:24:03+00:00","dateModified":"2021-07-21T12:13:49+00:00","description":"Sculpture en Verre Violette sign\u00e9e et dat\u00e9e Loredano Rosin en Vente sur Egidi MadeinItaly E-Commerce. Livraison partout dans le monde.","breadcrumb":{"@id":"https:\/\/egidimadeinitaly.com\/fr\/negozio\/sculpture-fr-2\/sculpture-moderne-fr\/loredano-rosin-sculpture-en-verre-violette-murano-1989\/#breadcrumb"},"inLanguage":"fr-FR","potentialAction":[{"@type":"ReadAction","target":["https:\/\/egidimadeinitaly.com\/fr\/negozio\/sculpture-fr-2\/sculpture-moderne-fr\/loredano-rosin-sculpture-en-verre-violette-murano-1989\/"]}]},{"@type":"ImageObject","inLanguage":"fr-FR","@id":"https:\/\/egidimadeinitaly.com\/fr\/negozio\/sculpture-fr-2\/sculpture-moderne-fr\/loredano-rosin-sculpture-en-verre-violette-murano-1989\/#primaryimage","url":"https:\/\/egidimadeinitaly.com\/v25\/wp-content\/uploads\/2020\/02\/Loredano-Rosin-Scultura-in-Vetro-Afrodite_1989-e1717424384931.jpeg","contentUrl":"https:\/\/egidimadeinitaly.com\/v25\/wp-content\/uploads\/2020\/02\/Loredano-Rosin-Scultura-in-Vetro-Afrodite_1989-e1717424384931.jpeg","width":1200,"height":800,"caption":"Sculpture en Verre Murano Sign\u00e9e"},{"@type":"BreadcrumbList","@id":"https:\/\/egidimadeinitaly.com\/fr\/negozio\/sculpture-fr-2\/sculpture-moderne-fr\/loredano-rosin-sculpture-en-verre-violette-murano-1989\/#breadcrumb","itemListElement":[{"@type":"ListItem","position":1,"name":"Home","item":"https:\/\/egidimadeinitaly.com\/fr\/"},{"@type":"ListItem","position":2,"name":"Produits","item":"https:\/\/egidimadeinitaly.com\/fr\/shop\/"},{"@type":"ListItem","position":3,"name":"Sculpture","item":"https:\/\/egidimadeinitaly.com\/fr\/product-category\/sculpture-fr-2\/"},{"@type":"ListItem","position":4,"name":"Sculpture en Verre Murano Loredano Rosin"}]},{"@type":"WebSite","@id":"https:\/\/egidimadeinitaly.com\/fr\/#website","url":"https:\/\/egidimadeinitaly.com\/fr\/","name":"Egidi MadeinItaly","description":"Fine Art","potentialAction":[{"@type":"SearchAction","target":{"@type":"EntryPoint","urlTemplate":"https:\/\/egidimadeinitaly.com\/fr\/?s={search_term_string}"},"query-input":{"@type":"PropertyValueSpecification","valueRequired":true,"valueName":"search_term_string"}}],"inLanguage":"fr-FR"}]}},"_links":{"self":[{"href":"https:\/\/egidimadeinitaly.com\/fr\/wp-json\/wp\/v2\/product\/84482","targetHints":{"allow":["GET"]}}],"collection":[{"href":"https:\/\/egidimadeinitaly.com\/fr\/wp-json\/wp\/v2\/product"}],"about":[{"href":"https:\/\/egidimadeinitaly.com\/fr\/wp-json\/wp\/v2\/types\/product"}],"wp:featuredmedia":[{"embeddable":true,"href":"https:\/\/egidimadeinitaly.com\/fr\/wp-json\/wp\/v2\/media\/86340"}],"wp:attachment":[{"href":"https:\/\/egidimadeinitaly.com\/fr\/wp-json\/wp\/v2\/media?parent=84482"}],"wp:term":[{"taxonomy":"product_brand","embeddable":true,"href":"https:\/\/egidimadeinitaly.com\/fr\/wp-json\/wp\/v2\/product_brand?post=84482"},{"taxonomy":"product_cat","embeddable":true,"href":"https:\/\/egidimadeinitaly.com\/fr\/wp-json\/wp\/v2\/product_cat?post=84482"},{"taxonomy":"product_tag","embeddable":true,"href":"https:\/\/egidimadeinitaly.com\/fr\/wp-json\/wp\/v2\/product_tag?post=84482"}],"curies":[{"name":"wp","href":"https:\/\/api.w.org\/{rel}","templated":true}]}}