{"id":84459,"date":"2020-02-02T15:24:03","date_gmt":"2020-02-02T14:24:03","guid":{"rendered":"https:\/\/egidimadeinitaly.com\/ecomsite\/product\/dipinto-inchiostro-di-china-su-carta-giappon-periodo-edo\/"},"modified":"2022-06-01T10:07:18","modified_gmt":"2022-06-01T10:07:18","slug":"tableau-japonais-epoque-edo","status":"publish","type":"product","link":"https:\/\/egidimadeinitaly.com\/fr\/negozio\/art-ancien\/tableau-japonais-epoque-edo\/","title":{"rendered":"Tableau Japonais \u00c9poque Edo"},"content":{"rendered":"<div class=\"accordion_content ui-accordion-content ui-helper-reset ui-widget-content ui-corner-bottom ui-accordion-content-active\">\n<div class=\"accordion_content_inner\">\n<p>Tableau japonais \u00e9poque d\u2019Edo.<\/p>\n<p>La <strong>p\u00e9riode Edo<\/strong> au Japon a d\u00e9but\u00e9 en 1603 avec celui qui \u00e9tait appel\u00e9 le Shogunat Tokugawa, caract\u00e9ris\u00e9e par une tendance au maintien de la tradition artistique et culturelle et s\u2019est termin\u00e9e sous la pression des puissances occidentales en 1867. Il est utile de mettre \u00e9galement en avant durant cette p\u00e9riode la prestigieuse \u00e9cole artistique Rimpa qui a notamment accueilli parmi ses plus prestigieux exposants, Sotatsu ainsi que son h\u00e9ritier Ogata Korin qui a v\u00e9cu \u00e0 Tokyo de 1658 \u00e0 1716 o\u00f9 il a commenc\u00e9 sa carri\u00e8re dans l\u2019\u00e9cole de Kano au Yedo.<\/p>\n<p>Suite aux conflits de l\u2019\u00e8re Sengoku et gr\u00e2ce \u00e0 plusieurs seigneurs de guerre que sont Oda Nobunaga, Toyotomi Hideyoshi et Tokugawa Ieyasu, le Japon est enfin unifi\u00e9 sous un nouveau r\u00e9gime shogunal, le Bakufu des Tokugawa, la capitale est d\u00e9plac\u00e9e \u00e0 Edo, l\u2019actuelle T\u00f4ky\u00f4, ce qui donne son nom \u00e0 une p\u00e9riode de plus de deux cents ans (1603-1868), l\u2019\u00e8re Edo. P\u00e9riode de paix durant laquelle la culture japonaise se d\u00e9veloppe malgr\u00e9 une soci\u00e9t\u00e9 compl\u00e8tement verrouill\u00e9e.<\/p>\n<p>Laurent Estornel<\/p>\n<\/div>\n<\/div>\n","protected":false},"excerpt":{"rendered":"<p>Peintures \u00e0 l\u2019encre de Chine, couleur\u00a0sur papier et \u00e9cailles d\u2019or<\/p>\n","protected":false},"featured_media":86325,"template":"","meta":{"_acf_changed":false},"product_brand":[],"product_cat":[6374],"product_tag":[3831,5361],"class_list":{"0":"post-84459","1":"product","2":"type-product","3":"status-publish","4":"has-post-thumbnail","6":"product_cat-art-ancien","7":"product_tag-art-japonais","8":"product_tag-decoration-murale","9":"product_shipping_class-dhl-fr","11":"first","12":"outofstock","13":"shipping-taxable","14":"product-type-simple"},"acf":[],"yoast_head":"<!-- This site is optimized with the Yoast SEO Premium plugin v27.3 (Yoast SEO v27.4) - https:\/\/yoast.com\/product\/yoast-seo-premium-wordpress\/ -->\n<title>Tableau japonais epoque Edo - Egidi MadeinItaly<\/title>\n<meta name=\"description\" content=\"Achetez tableau japonais \u00e9poque d&#039;Edo sur Egidi MadeinItaly Livraison partout dans le monde. Transactions s\u00e9curis\u00e9es.\" \/>\n<meta name=\"robots\" content=\"index, follow, max-snippet:-1, max-image-preview:large, max-video-preview:-1\" \/>\n<link rel=\"canonical\" href=\"https:\/\/egidimadeinitaly.com\/fr\/negozio\/art-ancien\/tableau-japonais-epoque-edo\/\" \/>\n<meta property=\"og:locale\" content=\"fr_FR\" \/>\n<meta property=\"og:type\" content=\"article\" \/>\n<meta property=\"og:title\" content=\"Tableau Japonais \u00c9poque Edo\" \/>\n<meta property=\"og:description\" content=\"Peintures \u00e0 l\u2019encre de Chine, couleur\u00a0sur papier et \u00e9cailles d\u2019or\" \/>\n<meta property=\"og:url\" content=\"https:\/\/egidimadeinitaly.com\/fr\/negozio\/art-ancien\/tableau-japonais-epoque-edo\/\" \/>\n<meta property=\"og:site_name\" content=\"Egidi MadeinItaly\" \/>\n<meta property=\"article:publisher\" content=\"https:\/\/www.facebook.com\/egidimadeinitaly\/\" \/>\n<meta property=\"article:modified_time\" content=\"2022-06-01T10:07:18+00:00\" \/>\n<meta property=\"og:image\" content=\"https:\/\/egidimadeinitaly.com\/wp-content\/uploads\/2020\/02\/Dipinto_Inchiostro_di_China_su_Carta_Giappon_Periodo_Edo-e1691003516792.jpeg\" \/>\n\t<meta property=\"og:image:width\" content=\"800\" \/>\n\t<meta property=\"og:image:height\" content=\"533\" \/>\n\t<meta property=\"og:image:type\" content=\"image\/jpeg\" \/>\n<script type=\"application\/ld+json\" class=\"yoast-schema-graph\">{\"@context\":\"https:\\\/\\\/schema.org\",\"@graph\":[{\"@type\":\"WebPage\",\"@id\":\"https:\\\/\\\/egidimadeinitaly.com\\\/fr\\\/negozio\\\/art-ancien\\\/tableau-japonais-epoque-edo\\\/\",\"url\":\"https:\\\/\\\/egidimadeinitaly.com\\\/fr\\\/negozio\\\/art-ancien\\\/tableau-japonais-epoque-edo\\\/\",\"name\":\"Tableau japonais epoque Edo - Egidi MadeinItaly\",\"isPartOf\":{\"@id\":\"https:\\\/\\\/egidimadeinitaly.com\\\/fr\\\/#website\"},\"primaryImageOfPage\":{\"@id\":\"https:\\\/\\\/egidimadeinitaly.com\\\/fr\\\/negozio\\\/art-ancien\\\/tableau-japonais-epoque-edo\\\/#primaryimage\"},\"image\":{\"@id\":\"https:\\\/\\\/egidimadeinitaly.com\\\/fr\\\/negozio\\\/art-ancien\\\/tableau-japonais-epoque-edo\\\/#primaryimage\"},\"thumbnailUrl\":\"https:\\\/\\\/egidimadeinitaly.com\\\/v25\\\/wp-content\\\/uploads\\\/2020\\\/02\\\/Dipinto_Inchiostro_di_China_su_Carta_Giappon_Periodo_Edo-e1691003516792.jpeg\",\"datePublished\":\"2020-02-02T14:24:03+00:00\",\"dateModified\":\"2022-06-01T10:07:18+00:00\",\"description\":\"Achetez tableau japonais \u00e9poque d'Edo sur Egidi MadeinItaly Livraison partout dans le monde. Transactions s\u00e9curis\u00e9es.\",\"breadcrumb\":{\"@id\":\"https:\\\/\\\/egidimadeinitaly.com\\\/fr\\\/negozio\\\/art-ancien\\\/tableau-japonais-epoque-edo\\\/#breadcrumb\"},\"inLanguage\":\"fr-FR\",\"potentialAction\":[{\"@type\":\"ReadAction\",\"target\":[\"https:\\\/\\\/egidimadeinitaly.com\\\/fr\\\/negozio\\\/art-ancien\\\/tableau-japonais-epoque-edo\\\/\"]}]},{\"@type\":\"ImageObject\",\"inLanguage\":\"fr-FR\",\"@id\":\"https:\\\/\\\/egidimadeinitaly.com\\\/fr\\\/negozio\\\/art-ancien\\\/tableau-japonais-epoque-edo\\\/#primaryimage\",\"url\":\"https:\\\/\\\/egidimadeinitaly.com\\\/v25\\\/wp-content\\\/uploads\\\/2020\\\/02\\\/Dipinto_Inchiostro_di_China_su_Carta_Giappon_Periodo_Edo-e1691003516792.jpeg\",\"contentUrl\":\"https:\\\/\\\/egidimadeinitaly.com\\\/v25\\\/wp-content\\\/uploads\\\/2020\\\/02\\\/Dipinto_Inchiostro_di_China_su_Carta_Giappon_Periodo_Edo-e1691003516792.jpeg\",\"width\":800,\"height\":533,\"caption\":\"Tableau Japonais Epoque d\u2019Edo\"},{\"@type\":\"BreadcrumbList\",\"@id\":\"https:\\\/\\\/egidimadeinitaly.com\\\/fr\\\/negozio\\\/art-ancien\\\/tableau-japonais-epoque-edo\\\/#breadcrumb\",\"itemListElement\":[{\"@type\":\"ListItem\",\"position\":1,\"name\":\"Home\",\"item\":\"https:\\\/\\\/egidimadeinitaly.com\\\/fr\\\/\"},{\"@type\":\"ListItem\",\"position\":2,\"name\":\"Produits\",\"item\":\"https:\\\/\\\/egidimadeinitaly.com\\\/fr\\\/shop\\\/\"},{\"@type\":\"ListItem\",\"position\":3,\"name\":\"Art ancien\",\"item\":\"https:\\\/\\\/egidimadeinitaly.com\\\/fr\\\/product-category\\\/art-ancien\\\/\"},{\"@type\":\"ListItem\",\"position\":4,\"name\":\"Tableau Japonais \u00c9poque Edo\"}]},{\"@type\":\"WebSite\",\"@id\":\"https:\\\/\\\/egidimadeinitaly.com\\\/fr\\\/#website\",\"url\":\"https:\\\/\\\/egidimadeinitaly.com\\\/fr\\\/\",\"name\":\"Egidi MadeinItaly\",\"description\":\"Fine Art\",\"potentialAction\":[{\"@type\":\"SearchAction\",\"target\":{\"@type\":\"EntryPoint\",\"urlTemplate\":\"https:\\\/\\\/egidimadeinitaly.com\\\/fr\\\/?s={search_term_string}\"},\"query-input\":{\"@type\":\"PropertyValueSpecification\",\"valueRequired\":true,\"valueName\":\"search_term_string\"}}],\"inLanguage\":\"fr-FR\"}]}<\/script>\n<!-- \/ Yoast SEO Premium plugin. -->","yoast_head_json":{"title":"Tableau japonais epoque Edo - Egidi MadeinItaly","description":"Achetez tableau japonais \u00e9poque d'Edo sur Egidi MadeinItaly Livraison partout dans le monde. Transactions s\u00e9curis\u00e9es.","robots":{"index":"index","follow":"follow","max-snippet":"max-snippet:-1","max-image-preview":"max-image-preview:large","max-video-preview":"max-video-preview:-1"},"canonical":"https:\/\/egidimadeinitaly.com\/fr\/negozio\/art-ancien\/tableau-japonais-epoque-edo\/","og_locale":"fr_FR","og_type":"article","og_title":"Tableau Japonais \u00c9poque Edo","og_description":"Peintures \u00e0 l\u2019encre de Chine, couleur\u00a0sur papier et \u00e9cailles d\u2019or","og_url":"https:\/\/egidimadeinitaly.com\/fr\/negozio\/art-ancien\/tableau-japonais-epoque-edo\/","og_site_name":"Egidi MadeinItaly","article_publisher":"https:\/\/www.facebook.com\/egidimadeinitaly\/","article_modified_time":"2022-06-01T10:07:18+00:00","og_image":[{"width":800,"height":533,"url":"https:\/\/egidimadeinitaly.com\/wp-content\/uploads\/2020\/02\/Dipinto_Inchiostro_di_China_su_Carta_Giappon_Periodo_Edo-e1691003516792.jpeg","type":"image\/jpeg"}],"schema":{"@context":"https:\/\/schema.org","@graph":[{"@type":"WebPage","@id":"https:\/\/egidimadeinitaly.com\/fr\/negozio\/art-ancien\/tableau-japonais-epoque-edo\/","url":"https:\/\/egidimadeinitaly.com\/fr\/negozio\/art-ancien\/tableau-japonais-epoque-edo\/","name":"Tableau japonais epoque Edo - Egidi MadeinItaly","isPartOf":{"@id":"https:\/\/egidimadeinitaly.com\/fr\/#website"},"primaryImageOfPage":{"@id":"https:\/\/egidimadeinitaly.com\/fr\/negozio\/art-ancien\/tableau-japonais-epoque-edo\/#primaryimage"},"image":{"@id":"https:\/\/egidimadeinitaly.com\/fr\/negozio\/art-ancien\/tableau-japonais-epoque-edo\/#primaryimage"},"thumbnailUrl":"https:\/\/egidimadeinitaly.com\/v25\/wp-content\/uploads\/2020\/02\/Dipinto_Inchiostro_di_China_su_Carta_Giappon_Periodo_Edo-e1691003516792.jpeg","datePublished":"2020-02-02T14:24:03+00:00","dateModified":"2022-06-01T10:07:18+00:00","description":"Achetez tableau japonais \u00e9poque d'Edo sur Egidi MadeinItaly Livraison partout dans le monde. Transactions s\u00e9curis\u00e9es.","breadcrumb":{"@id":"https:\/\/egidimadeinitaly.com\/fr\/negozio\/art-ancien\/tableau-japonais-epoque-edo\/#breadcrumb"},"inLanguage":"fr-FR","potentialAction":[{"@type":"ReadAction","target":["https:\/\/egidimadeinitaly.com\/fr\/negozio\/art-ancien\/tableau-japonais-epoque-edo\/"]}]},{"@type":"ImageObject","inLanguage":"fr-FR","@id":"https:\/\/egidimadeinitaly.com\/fr\/negozio\/art-ancien\/tableau-japonais-epoque-edo\/#primaryimage","url":"https:\/\/egidimadeinitaly.com\/v25\/wp-content\/uploads\/2020\/02\/Dipinto_Inchiostro_di_China_su_Carta_Giappon_Periodo_Edo-e1691003516792.jpeg","contentUrl":"https:\/\/egidimadeinitaly.com\/v25\/wp-content\/uploads\/2020\/02\/Dipinto_Inchiostro_di_China_su_Carta_Giappon_Periodo_Edo-e1691003516792.jpeg","width":800,"height":533,"caption":"Tableau Japonais Epoque d\u2019Edo"},{"@type":"BreadcrumbList","@id":"https:\/\/egidimadeinitaly.com\/fr\/negozio\/art-ancien\/tableau-japonais-epoque-edo\/#breadcrumb","itemListElement":[{"@type":"ListItem","position":1,"name":"Home","item":"https:\/\/egidimadeinitaly.com\/fr\/"},{"@type":"ListItem","position":2,"name":"Produits","item":"https:\/\/egidimadeinitaly.com\/fr\/shop\/"},{"@type":"ListItem","position":3,"name":"Art ancien","item":"https:\/\/egidimadeinitaly.com\/fr\/product-category\/art-ancien\/"},{"@type":"ListItem","position":4,"name":"Tableau Japonais \u00c9poque Edo"}]},{"@type":"WebSite","@id":"https:\/\/egidimadeinitaly.com\/fr\/#website","url":"https:\/\/egidimadeinitaly.com\/fr\/","name":"Egidi MadeinItaly","description":"Fine Art","potentialAction":[{"@type":"SearchAction","target":{"@type":"EntryPoint","urlTemplate":"https:\/\/egidimadeinitaly.com\/fr\/?s={search_term_string}"},"query-input":{"@type":"PropertyValueSpecification","valueRequired":true,"valueName":"search_term_string"}}],"inLanguage":"fr-FR"}]}},"_links":{"self":[{"href":"https:\/\/egidimadeinitaly.com\/fr\/wp-json\/wp\/v2\/product\/84459","targetHints":{"allow":["GET"]}}],"collection":[{"href":"https:\/\/egidimadeinitaly.com\/fr\/wp-json\/wp\/v2\/product"}],"about":[{"href":"https:\/\/egidimadeinitaly.com\/fr\/wp-json\/wp\/v2\/types\/product"}],"wp:featuredmedia":[{"embeddable":true,"href":"https:\/\/egidimadeinitaly.com\/fr\/wp-json\/wp\/v2\/media\/86325"}],"wp:attachment":[{"href":"https:\/\/egidimadeinitaly.com\/fr\/wp-json\/wp\/v2\/media?parent=84459"}],"wp:term":[{"taxonomy":"product_brand","embeddable":true,"href":"https:\/\/egidimadeinitaly.com\/fr\/wp-json\/wp\/v2\/product_brand?post=84459"},{"taxonomy":"product_cat","embeddable":true,"href":"https:\/\/egidimadeinitaly.com\/fr\/wp-json\/wp\/v2\/product_cat?post=84459"},{"taxonomy":"product_tag","embeddable":true,"href":"https:\/\/egidimadeinitaly.com\/fr\/wp-json\/wp\/v2\/product_tag?post=84459"}],"curies":[{"name":"wp","href":"https:\/\/api.w.org\/{rel}","templated":true}]}}