{"id":84319,"date":"2018-05-02T15:24:01","date_gmt":"2018-05-02T14:24:01","guid":{"rendered":"https:\/\/egidimadeinitaly.com\/ecomsite\/product\/alberto-ricci-scultura-in-bronzo-1970\/"},"modified":"2021-07-21T18:40:03","modified_gmt":"2021-07-21T18:40:03","slug":"sculpture-en-bronze-alberto-ricci","status":"publish","type":"product","link":"https:\/\/egidimadeinitaly.com\/fr\/negozio\/sculpture-fr-2\/sculpture-moderne-fr\/sculpture-en-bronze-alberto-ricci\/","title":{"rendered":"Sculpture en Bronze Sign\u00e9 Alberto Ricci"},"content":{"rendered":"<p>Alberto Ricci (Rome 1943- Rome 2003).<\/p>\n<p>Il fr\u00e9quenta l\u2019<strong>Institut d\u2019Art de Rome<\/strong>.<\/p>\n<p>Il a toujours v\u00e9cu en Italie et travaillait \u00e0 Rome, \u00e0 l\u2019exception des quelques courts s\u00e9jours en Su\u00e8de et aux Pays-Bas.<\/p>\n<p>Il est l\u2019un des plus grands sculpteurs de sa g\u00e9n\u00e9ration. Il a connu la notori\u00e9t\u00e9 apr\u00e8s avoir d\u00e9couvert \u00ab <strong>la valeur de l\u2019\u00e9nergie et de l\u2019essentialisme dans l\u2019art<\/strong><strong> \u00bb.<\/strong><\/p>\n<p>Son travail se base sur la sculpture classique et moderne. Il s\u2019est sp\u00e9cialis\u00e9 dans la <strong>sculpture figurative en se concentrant plus particuli\u00e8rement sur l\u2019\u00e9tude du mouvement.<\/strong><\/p>\n<p>Ses sujets viennent du domaine des arts. Allant des figures religieuses aux femmes nues, ils varient mais portent tous l\u2019empreinte de l\u2019\u00e9nergie dynamique de Ricci.<\/p>\n<p><strong>Ses sculptures se trouvent dans le monde entier.<\/strong><\/p>\n<p>Aux \u00c9tats-Unis, au Japon, en Europe, en Scandinavie.<\/p>\n<p>Il a sculpt\u00e9 un buste en bronze du pape Paul VI, expos\u00e9 dans la Chapelle Camerlingue du Vatican. Il a \u00e9galement sculpt\u00e9 un buste du pape Jean-Paul II.<\/p>\n<p>Alberto Ricci est le p\u00e8re de l\u2019\u00ab <strong>Essentialisme \u00e9nerg\u00e9tique <\/strong><strong>\u00bb<\/strong>.<\/p>\n<p>Le critique <strong>B. Benardi<\/strong> a \u00e9crit de lui : \u00ab <em>Il y a une transparence singuli\u00e8re et s\u00e9duisante dans l\u2019\u0153uvre de Ricci qui peut \u00eatre comprise, mais cette transparence n\u2019est qu\u2019une perception et qu\u2019un sentiment superficiel dans la r\u00e9alit\u00e9 et dans l\u2019action. Ce qui est pr\u00e9sent\u00e9 est l\u2019\u00e9nergie qui existe dans l\u2019\u00e9tat potentiel de l\u2019\u0153uvre-m\u00eame<\/em> \u00bb (sur la sculpture d\u2019Alberto Ricci).<\/p>\n<p>En 2002, Alberto Ricci a re\u00e7u la distinction honorifique de <strong>Grand Officier de l\u2019Ordre du M\u00e9rite culturel <\/strong>de la Principaut\u00e9 de Monaco.<\/p>\n<p>En 2003, il a \u00e9t\u00e9 r\u00e9compens\u00e9 par l\u2019Ordre du M\u00e9rite de la R\u00e9publique italienne.<\/p>\n","protected":false},"excerpt":{"rendered":"<p>Alberto Ricci artiste italien (Rome 1943- 2003)<\/p>\n","protected":false},"featured_media":84335,"template":"","meta":{"_acf_changed":false},"product_brand":[],"product_cat":[6417,6421],"product_tag":[5419,5422],"class_list":{"0":"post-84319","1":"product","2":"type-product","3":"status-publish","4":"has-post-thumbnail","6":"product_cat-sculpture-fr-2","7":"product_cat-sculpture-moderne-fr","8":"product_tag-accessoires-de-bureau","9":"product_tag-annees-70","10":"product_shipping_class-dhl-fr","12":"first","13":"outofstock","14":"shipping-taxable","15":"product-type-simple"},"acf":[],"yoast_head":"<!-- This site is optimized with the Yoast SEO Premium plugin v27.3 (Yoast SEO v27.4) - https:\/\/yoast.com\/product\/yoast-seo-premium-wordpress\/ -->\n<title>Sculpture en Bronze Sign\u00e9 Alberto Ricci - Egidi MadeinItaly<\/title>\n<meta name=\"description\" content=\"Sculpture en bronze sign\u00e9 Alberto Ricci. Achetez maintenant sur Egidi MadeinItaly E-Commerce. Livraison partout dans le monde. Transactions s\u00e9curis\u00e9e.\" \/>\n<meta name=\"robots\" content=\"index, follow, max-snippet:-1, max-image-preview:large, max-video-preview:-1\" \/>\n<link rel=\"canonical\" href=\"https:\/\/egidimadeinitaly.com\/fr\/negozio\/sculpture-fr-2\/sculpture-moderne-fr\/sculpture-en-bronze-alberto-ricci\/\" \/>\n<meta property=\"og:locale\" content=\"fr_FR\" \/>\n<meta property=\"og:type\" content=\"article\" \/>\n<meta property=\"og:title\" content=\"Sculpture en Bronze Sign\u00e9 Alberto Ricci\" \/>\n<meta property=\"og:description\" content=\"Alberto Ricci artiste italien (Rome 1943- 2003)\" \/>\n<meta property=\"og:url\" content=\"https:\/\/egidimadeinitaly.com\/fr\/negozio\/sculpture-fr-2\/sculpture-moderne-fr\/sculpture-en-bronze-alberto-ricci\/\" \/>\n<meta property=\"og:site_name\" content=\"Egidi MadeinItaly\" \/>\n<meta property=\"article:publisher\" content=\"https:\/\/www.facebook.com\/egidimadeinitaly\/\" \/>\n<meta property=\"article:modified_time\" content=\"2021-07-21T18:40:03+00:00\" \/>\n<meta property=\"og:image\" content=\"https:\/\/egidimadeinitaly.com\/wp-content\/uploads\/2020\/02\/alberto_ricci_scultura_in_bronzo_1970-e1717588609455.jpg\" \/>\n\t<meta property=\"og:image:width\" content=\"400\" \/>\n\t<meta property=\"og:image:height\" content=\"600\" \/>\n\t<meta property=\"og:image:type\" content=\"image\/jpeg\" \/>\n<script type=\"application\/ld+json\" class=\"yoast-schema-graph\">{\"@context\":\"https:\\\/\\\/schema.org\",\"@graph\":[{\"@type\":\"WebPage\",\"@id\":\"https:\\\/\\\/egidimadeinitaly.com\\\/fr\\\/negozio\\\/sculpture-fr-2\\\/sculpture-moderne-fr\\\/sculpture-en-bronze-alberto-ricci\\\/\",\"url\":\"https:\\\/\\\/egidimadeinitaly.com\\\/fr\\\/negozio\\\/sculpture-fr-2\\\/sculpture-moderne-fr\\\/sculpture-en-bronze-alberto-ricci\\\/\",\"name\":\"Sculpture en Bronze Sign\u00e9 Alberto Ricci - Egidi MadeinItaly\",\"isPartOf\":{\"@id\":\"https:\\\/\\\/egidimadeinitaly.com\\\/fr\\\/#website\"},\"primaryImageOfPage\":{\"@id\":\"https:\\\/\\\/egidimadeinitaly.com\\\/fr\\\/negozio\\\/sculpture-fr-2\\\/sculpture-moderne-fr\\\/sculpture-en-bronze-alberto-ricci\\\/#primaryimage\"},\"image\":{\"@id\":\"https:\\\/\\\/egidimadeinitaly.com\\\/fr\\\/negozio\\\/sculpture-fr-2\\\/sculpture-moderne-fr\\\/sculpture-en-bronze-alberto-ricci\\\/#primaryimage\"},\"thumbnailUrl\":\"https:\\\/\\\/egidimadeinitaly.com\\\/v25\\\/wp-content\\\/uploads\\\/2020\\\/02\\\/alberto_ricci_scultura_in_bronzo_1970-e1717588609455.jpg\",\"datePublished\":\"2018-05-02T14:24:01+00:00\",\"dateModified\":\"2021-07-21T18:40:03+00:00\",\"description\":\"Sculpture en bronze sign\u00e9 Alberto Ricci. Achetez maintenant sur Egidi MadeinItaly E-Commerce. Livraison partout dans le monde. Transactions s\u00e9curis\u00e9e.\",\"breadcrumb\":{\"@id\":\"https:\\\/\\\/egidimadeinitaly.com\\\/fr\\\/negozio\\\/sculpture-fr-2\\\/sculpture-moderne-fr\\\/sculpture-en-bronze-alberto-ricci\\\/#breadcrumb\"},\"inLanguage\":\"fr-FR\",\"potentialAction\":[{\"@type\":\"ReadAction\",\"target\":[\"https:\\\/\\\/egidimadeinitaly.com\\\/fr\\\/negozio\\\/sculpture-fr-2\\\/sculpture-moderne-fr\\\/sculpture-en-bronze-alberto-ricci\\\/\"]}]},{\"@type\":\"ImageObject\",\"inLanguage\":\"fr-FR\",\"@id\":\"https:\\\/\\\/egidimadeinitaly.com\\\/fr\\\/negozio\\\/sculpture-fr-2\\\/sculpture-moderne-fr\\\/sculpture-en-bronze-alberto-ricci\\\/#primaryimage\",\"url\":\"https:\\\/\\\/egidimadeinitaly.com\\\/v25\\\/wp-content\\\/uploads\\\/2020\\\/02\\\/alberto_ricci_scultura_in_bronzo_1970-e1717588609455.jpg\",\"contentUrl\":\"https:\\\/\\\/egidimadeinitaly.com\\\/v25\\\/wp-content\\\/uploads\\\/2020\\\/02\\\/alberto_ricci_scultura_in_bronzo_1970-e1717588609455.jpg\",\"width\":400,\"height\":600,\"caption\":\"Alberto Ricci\"},{\"@type\":\"BreadcrumbList\",\"@id\":\"https:\\\/\\\/egidimadeinitaly.com\\\/fr\\\/negozio\\\/sculpture-fr-2\\\/sculpture-moderne-fr\\\/sculpture-en-bronze-alberto-ricci\\\/#breadcrumb\",\"itemListElement\":[{\"@type\":\"ListItem\",\"position\":1,\"name\":\"Home\",\"item\":\"https:\\\/\\\/egidimadeinitaly.com\\\/fr\\\/\"},{\"@type\":\"ListItem\",\"position\":2,\"name\":\"Produits\",\"item\":\"https:\\\/\\\/egidimadeinitaly.com\\\/fr\\\/shop\\\/\"},{\"@type\":\"ListItem\",\"position\":3,\"name\":\"Sculpture\",\"item\":\"https:\\\/\\\/egidimadeinitaly.com\\\/fr\\\/product-category\\\/sculpture-fr-2\\\/\"},{\"@type\":\"ListItem\",\"position\":4,\"name\":\"Sculpture moderne\",\"item\":\"https:\\\/\\\/egidimadeinitaly.com\\\/fr\\\/product-category\\\/sculpture-fr-2\\\/sculpture-moderne-fr\\\/\"},{\"@type\":\"ListItem\",\"position\":5,\"name\":\"Sculpture en Bronze Sign\u00e9 Alberto Ricci\"}]},{\"@type\":\"WebSite\",\"@id\":\"https:\\\/\\\/egidimadeinitaly.com\\\/fr\\\/#website\",\"url\":\"https:\\\/\\\/egidimadeinitaly.com\\\/fr\\\/\",\"name\":\"Egidi MadeinItaly\",\"description\":\"Fine Art\",\"potentialAction\":[{\"@type\":\"SearchAction\",\"target\":{\"@type\":\"EntryPoint\",\"urlTemplate\":\"https:\\\/\\\/egidimadeinitaly.com\\\/fr\\\/?s={search_term_string}\"},\"query-input\":{\"@type\":\"PropertyValueSpecification\",\"valueRequired\":true,\"valueName\":\"search_term_string\"}}],\"inLanguage\":\"fr-FR\"}]}<\/script>\n<!-- \/ Yoast SEO Premium plugin. -->","yoast_head_json":{"title":"Sculpture en Bronze Sign\u00e9 Alberto Ricci - Egidi MadeinItaly","description":"Sculpture en bronze sign\u00e9 Alberto Ricci. Achetez maintenant sur Egidi MadeinItaly E-Commerce. Livraison partout dans le monde. Transactions s\u00e9curis\u00e9e.","robots":{"index":"index","follow":"follow","max-snippet":"max-snippet:-1","max-image-preview":"max-image-preview:large","max-video-preview":"max-video-preview:-1"},"canonical":"https:\/\/egidimadeinitaly.com\/fr\/negozio\/sculpture-fr-2\/sculpture-moderne-fr\/sculpture-en-bronze-alberto-ricci\/","og_locale":"fr_FR","og_type":"article","og_title":"Sculpture en Bronze Sign\u00e9 Alberto Ricci","og_description":"Alberto Ricci artiste italien (Rome 1943- 2003)","og_url":"https:\/\/egidimadeinitaly.com\/fr\/negozio\/sculpture-fr-2\/sculpture-moderne-fr\/sculpture-en-bronze-alberto-ricci\/","og_site_name":"Egidi MadeinItaly","article_publisher":"https:\/\/www.facebook.com\/egidimadeinitaly\/","article_modified_time":"2021-07-21T18:40:03+00:00","og_image":[{"width":400,"height":600,"url":"https:\/\/egidimadeinitaly.com\/wp-content\/uploads\/2020\/02\/alberto_ricci_scultura_in_bronzo_1970-e1717588609455.jpg","type":"image\/jpeg"}],"schema":{"@context":"https:\/\/schema.org","@graph":[{"@type":"WebPage","@id":"https:\/\/egidimadeinitaly.com\/fr\/negozio\/sculpture-fr-2\/sculpture-moderne-fr\/sculpture-en-bronze-alberto-ricci\/","url":"https:\/\/egidimadeinitaly.com\/fr\/negozio\/sculpture-fr-2\/sculpture-moderne-fr\/sculpture-en-bronze-alberto-ricci\/","name":"Sculpture en Bronze Sign\u00e9 Alberto Ricci - Egidi MadeinItaly","isPartOf":{"@id":"https:\/\/egidimadeinitaly.com\/fr\/#website"},"primaryImageOfPage":{"@id":"https:\/\/egidimadeinitaly.com\/fr\/negozio\/sculpture-fr-2\/sculpture-moderne-fr\/sculpture-en-bronze-alberto-ricci\/#primaryimage"},"image":{"@id":"https:\/\/egidimadeinitaly.com\/fr\/negozio\/sculpture-fr-2\/sculpture-moderne-fr\/sculpture-en-bronze-alberto-ricci\/#primaryimage"},"thumbnailUrl":"https:\/\/egidimadeinitaly.com\/v25\/wp-content\/uploads\/2020\/02\/alberto_ricci_scultura_in_bronzo_1970-e1717588609455.jpg","datePublished":"2018-05-02T14:24:01+00:00","dateModified":"2021-07-21T18:40:03+00:00","description":"Sculpture en bronze sign\u00e9 Alberto Ricci. Achetez maintenant sur Egidi MadeinItaly E-Commerce. Livraison partout dans le monde. Transactions s\u00e9curis\u00e9e.","breadcrumb":{"@id":"https:\/\/egidimadeinitaly.com\/fr\/negozio\/sculpture-fr-2\/sculpture-moderne-fr\/sculpture-en-bronze-alberto-ricci\/#breadcrumb"},"inLanguage":"fr-FR","potentialAction":[{"@type":"ReadAction","target":["https:\/\/egidimadeinitaly.com\/fr\/negozio\/sculpture-fr-2\/sculpture-moderne-fr\/sculpture-en-bronze-alberto-ricci\/"]}]},{"@type":"ImageObject","inLanguage":"fr-FR","@id":"https:\/\/egidimadeinitaly.com\/fr\/negozio\/sculpture-fr-2\/sculpture-moderne-fr\/sculpture-en-bronze-alberto-ricci\/#primaryimage","url":"https:\/\/egidimadeinitaly.com\/v25\/wp-content\/uploads\/2020\/02\/alberto_ricci_scultura_in_bronzo_1970-e1717588609455.jpg","contentUrl":"https:\/\/egidimadeinitaly.com\/v25\/wp-content\/uploads\/2020\/02\/alberto_ricci_scultura_in_bronzo_1970-e1717588609455.jpg","width":400,"height":600,"caption":"Alberto Ricci"},{"@type":"BreadcrumbList","@id":"https:\/\/egidimadeinitaly.com\/fr\/negozio\/sculpture-fr-2\/sculpture-moderne-fr\/sculpture-en-bronze-alberto-ricci\/#breadcrumb","itemListElement":[{"@type":"ListItem","position":1,"name":"Home","item":"https:\/\/egidimadeinitaly.com\/fr\/"},{"@type":"ListItem","position":2,"name":"Produits","item":"https:\/\/egidimadeinitaly.com\/fr\/shop\/"},{"@type":"ListItem","position":3,"name":"Sculpture","item":"https:\/\/egidimadeinitaly.com\/fr\/product-category\/sculpture-fr-2\/"},{"@type":"ListItem","position":4,"name":"Sculpture moderne","item":"https:\/\/egidimadeinitaly.com\/fr\/product-category\/sculpture-fr-2\/sculpture-moderne-fr\/"},{"@type":"ListItem","position":5,"name":"Sculpture en Bronze Sign\u00e9 Alberto Ricci"}]},{"@type":"WebSite","@id":"https:\/\/egidimadeinitaly.com\/fr\/#website","url":"https:\/\/egidimadeinitaly.com\/fr\/","name":"Egidi MadeinItaly","description":"Fine Art","potentialAction":[{"@type":"SearchAction","target":{"@type":"EntryPoint","urlTemplate":"https:\/\/egidimadeinitaly.com\/fr\/?s={search_term_string}"},"query-input":{"@type":"PropertyValueSpecification","valueRequired":true,"valueName":"search_term_string"}}],"inLanguage":"fr-FR"}]}},"_links":{"self":[{"href":"https:\/\/egidimadeinitaly.com\/fr\/wp-json\/wp\/v2\/product\/84319","targetHints":{"allow":["GET"]}}],"collection":[{"href":"https:\/\/egidimadeinitaly.com\/fr\/wp-json\/wp\/v2\/product"}],"about":[{"href":"https:\/\/egidimadeinitaly.com\/fr\/wp-json\/wp\/v2\/types\/product"}],"wp:featuredmedia":[{"embeddable":true,"href":"https:\/\/egidimadeinitaly.com\/fr\/wp-json\/wp\/v2\/media\/84335"}],"wp:attachment":[{"href":"https:\/\/egidimadeinitaly.com\/fr\/wp-json\/wp\/v2\/media?parent=84319"}],"wp:term":[{"taxonomy":"product_brand","embeddable":true,"href":"https:\/\/egidimadeinitaly.com\/fr\/wp-json\/wp\/v2\/product_brand?post=84319"},{"taxonomy":"product_cat","embeddable":true,"href":"https:\/\/egidimadeinitaly.com\/fr\/wp-json\/wp\/v2\/product_cat?post=84319"},{"taxonomy":"product_tag","embeddable":true,"href":"https:\/\/egidimadeinitaly.com\/fr\/wp-json\/wp\/v2\/product_tag?post=84319"}],"curies":[{"name":"wp","href":"https:\/\/api.w.org\/{rel}","templated":true}]}}