{"id":83362,"date":"2021-01-02T15:24:03","date_gmt":"2021-01-02T14:24:03","guid":{"rendered":"https:\/\/egidimadeinitaly.com\/ecomsite\/product\/umberto-giunti-olio-su-tavola-madonna-con-bambino1920\/"},"modified":"2020-10-15T15:48:59","modified_gmt":"2020-10-15T15:48:59","slug":"umberto-giunti-huile-sur-bois","status":"publish","type":"product","link":"https:\/\/egidimadeinitaly.com\/fr\/negozio\/art-ancien\/tableaux-anciens-fr\/umberto-giunti-huile-sur-bois\/","title":{"rendered":"Umberto Giunti Vierge \u00e0 l\u2019Enfant Huile sur Bois"},"content":{"rendered":"<p><span class=\"s6\">Umberto Giunti (1886-1970) est un artiste toscan<\/span><span class=\"s6\">,<\/span><span class=\"s6\"> plus connu <\/span><span class=\"s6\">sous le nom de<\/span><span class=\"s8\">\u00a0<\/span><strong><span class=\"s6\">Faussaire sur pl<\/span><span class=\"s6\">\u00e2<\/span><span class=\"s6\">tras<\/span><\/strong><span class=\"s6\">.<\/span><\/p>\n<p><span class=\"s6\">I<\/span><span class=\"s6\">l avait \u00e9t\u00e9 surnomm\u00e9 ainsi par le grand historien de l\u2019art Federico Zeri qui avait \u00e9t\u00e9 le premier \u00e0 d\u00e9couvrir <\/span><span class=\"s6\">ses toiles<\/span><span class=\"s6\">.<\/span><\/p>\n<p><span class=\"s6\">R\u00e9cemment, Gianni Mazzoni, professeur d\u2019histoire <\/span><span class=\"s6\">d\u2019art <\/span><span class=\"s6\">moderne, a fait le rapprochement entre cet artiste et Umberto Giunti.<\/span><\/p>\n<p><span class=\"s6\">\u00c9l\u00e8ve<\/span><span class=\"s6\"> et h\u00e9ritier d\u2019Icilio Federico Joni, Giunti a \u00e9t\u00e9 <\/span><span class=\"s6\">l\u2019<\/span><span class=\"s6\">un <\/span><span class=\"s6\">des principaux protagonistes<\/span> <span class=\"s6\">du ph\u00e9nom\u00e8ne<\/span><span class=\"s6\"> des <\/span><span class=\"s8\">\u00ab <\/span><span class=\"s6\">faux tableaux <\/span><span class=\"s8\">\u00bb<\/span><span class=\"s8\">,<\/span><span class=\"s6\"> d<\/span><span class=\"s6\">urant<\/span><span class=\"s6\"> la p\u00e9riode compris<\/span><span class=\"s6\">e<\/span><span class=\"s6\"> entre le XIX<\/span><span class=\"s7\">e<\/span><span class=\"s6\"> et le XX<\/span><span class=\"s7\">e<\/span><span class=\"s6\">si\u00e8cle,<\/span><span class=\"s6\">\u00a0<\/span><\/p>\n<p><span class=\"s6\">Un ph\u00e9nom\u00e8ne qui avait \u00e9t\u00e9 aliment\u00e9 par la tr\u00e8s forte demande<\/span> <span class=\"s6\">du march\u00e9 international, et en particulier du march\u00e9 anglo-saxon<\/span><span class=\"s6\">, de fonds or des peintres primitifs italiens, et surtout <\/span><span class=\"s6\">toscans.<\/span><\/p>\n<p><span class=\"s6\">L\u2019incroyable talent que ces peintres avaient acquis a <\/span><span class=\"s6\">valu<\/span><span class=\"s6\"> \u00e0<\/span><span class=\"s6\"> un grand nombre de leurs \u0153uvres d\u2019<\/span><span class=\"s6\">\u00eatre<\/span> <span class=\"s6\">expos\u00e9es dans de prestigieux mus\u00e9es un peu partout dans le monde.<\/span><span class=\"s6\">M\u00eame<\/span><span class=\"s6\"><strong> Bernard Berenson<\/strong>, le plus \u00e9minent critique d\u2019art <\/span><span class=\"s6\">a<\/span><span class=\"s6\">u monde, expert de ce style, <\/span><span class=\"s6\">se laissa berner par <\/span><span class=\"s6\">un<\/span><span class=\"s6\"> tableau<\/span><span class=\"s6\"> d<\/span><span class=\"s6\">e<\/span><span class=\"s6\"> Joni, <\/span><span class=\"s6\">qu\u2019il jugea<\/span><span class=\"s6\"> aut<\/span><span class=\"s6\">h<\/span><span class=\"s6\">enti<\/span><span class=\"s6\">que<\/span><span class=\"s6\">.<\/span><\/p>\n<p><span class=\"s6\">Un tableau d\u2019Umberto Giunti, une madone \u00e0 la mani\u00e8re de <\/span><span class=\"s6\">Botticelli<\/span><span class=\"s6\">, la merveilleuse<\/span><span class=\"s8\">\u00a0<\/span><strong><span class=\"s6\">Madone au voile <\/span><\/strong><span class=\"s6\">a \u00e9t\u00e9 expos\u00e9 <\/span><span class=\"s6\">comme original <\/span><span class=\"s6\">pendant tr\u00e8s longtemps \u00e0 la prestigieuse Courtauld Gallery de Londres ; entr\u00e9 au mus\u00e9e, dans les ann\u00e9es 1930, comme <\/span><span class=\"s6\">\u0153uvre<\/span> <span class=\"s6\">d<\/span><span class=\"s6\">e Botticelli, ce n\u2019est que <\/span><span class=\"s6\">gr\u00e2ce<\/span><span class=\"s6\"> \u00e0 des techniques modernes sophistiqu\u00e9es qu\u2019il a \u00e9t\u00e9 possible d\u2019\u00e9tablir la<\/span><span class=\"s6\"> v\u00e9ritable<\/span><span class=\"s6\"> date d\u2019ex\u00e9cution du tableau, et d\u2019attribuer de fa\u00e7on certaine cette <\/span><span class=\"s6\">\u0153uvre<\/span><span class=\"s6\"> \u00e0 notre artiste.<\/span><\/p>\n<p><span class=\"s6\">La qualit\u00e9, la technique, et l\u2019\u00e9poque de ce superbe tableau sont coh\u00e9rent<\/span><span class=\"s6\">e<\/span><span class=\"s6\">s avec son attribution \u00e0 Umberto Giunti, mais pour en avoir <\/span><span class=\"s6\">le<\/span> <span class=\"s6\">c\u0153ur net<\/span><span class=\"s6\">, il suffit d\u2019appliquer<\/span> <span class=\"s6\">une <\/span><span class=\"s6\">technique appel\u00e9<\/span><span class=\"s6\">e<\/span><span class=\"s6\"> la<\/span><span class=\"s8\">\u00a0<\/span><em><span class=\"s6\">m<\/span><span class=\"s6\">\u00e9thode m<\/span><span class=\"s6\">orellienne<\/span><span class=\"s6\">.<\/span><span class=\"s6\">\u00a0<\/span><\/em><\/p>\n<p><span class=\"s6\">En effet, <\/span><span class=\"s6\">Giovanni Morelli (1816-1891) nous a appris \u00e0 reconna\u00eetre les auteurs des tableaux en analysant des d\u00e9tails anatomiques r\u00e9currents que tous les p<\/span><span class=\"s6\">eintres ont tendance \u00e0 r\u00e9p\u00e9ter s<\/span><span class=\"s6\">yst\u00e9matiquement.<\/span> <span class=\"s6\">Eh bien, il suffit de comparer le profil sublime de la Madone de notre tableau avec la photo d\u2019une <\/span><span class=\"s6\">\u0153uvre<\/span><span class=\"s6\"> publi\u00e9e par Federico Zeri pour ne plus avoir le moindre doute sur l\u2019auteur de ce tableau.<\/span><\/p>\n","protected":false},"excerpt":{"rendered":"<p style=\"text-align: left;\"><span class=\"s6\">H<\/span><span class=\"s6\">uile sur bois<\/span><span class=\"s6\"> repr\u00e9sentant une<\/span><span class=\"s6\"> Vierge \u00e0 l\u2019Enfant et Saint Jean par <\/span><span class=\"s6\"><a href=\"https:\/\/bit.ly\/2RJdB0q\">Umberto Giunti<\/a>.<\/span><\/p>\n<p><span class=\"s6\">Huile sur bois du milieu du <\/span><span class=\"s6\">XX<\/span><span class=\"s7\">e<\/span><span class=\"s6\"> si\u00e8cle, <\/span><span class=\"s6\">du peintre Umberto Giunti<\/span><span class=\"s6\"> repr\u00e9sentant un<\/span><span class=\"s6\">e<\/span><span class=\"s6\"> Vierge \u00e0 l\u2019enfant<\/span><span class=\"s6\">.<\/span><\/p>\n<p>&nbsp;<\/p>\n","protected":false},"featured_media":84649,"template":"","meta":{"_acf_changed":false},"product_brand":[],"product_cat":[6374,6408],"product_tag":[4245,5361],"class_list":{"0":"post-83362","1":"product","2":"type-product","3":"status-publish","4":"has-post-thumbnail","6":"product_cat-art-ancien","7":"product_cat-tableaux-anciens-fr","8":"product_tag-art-sacre","9":"product_tag-decoration-murale","10":"product_shipping_class-dhl-fr","12":"first","13":"outofstock","14":"shipping-taxable","15":"product-type-simple"},"acf":[],"yoast_head":"<!-- This site is optimized with the Yoast SEO Premium plugin v27.3 (Yoast SEO v27.4) - https:\/\/yoast.com\/product\/yoast-seo-premium-wordpress\/ -->\n<title>Umberto Giunti Vierge \u00e0 l\u2019Enfant Huile sur Bois - Egidi MadeinItaly<\/title>\n<meta name=\"description\" content=\"Umberto Giunti huile sur panneau de forme rectangulaire Vierge \u00e0 l&#039;Enfant avec St. Giovannino au dos il y a une signature et une date. Visitez Egidi MadeinItalie\" \/>\n<meta name=\"robots\" content=\"index, follow, max-snippet:-1, max-image-preview:large, max-video-preview:-1\" \/>\n<link rel=\"canonical\" href=\"https:\/\/egidimadeinitaly.com\/fr\/negozio\/art-ancien\/tableaux-anciens-fr\/umberto-giunti-huile-sur-bois\/\" \/>\n<meta property=\"og:locale\" content=\"fr_FR\" \/>\n<meta property=\"og:type\" content=\"article\" \/>\n<meta property=\"og:title\" content=\"Umberto Giunti Vierge \u00e0 l\u2019Enfant Huile sur Bois\" \/>\n<meta property=\"og:description\" content=\"Huile sur bois repr\u00e9sentant une Vierge \u00e0 l\u2019Enfant et Saint Jean par Umberto Giunti. Huile sur bois du milieu du XXe si\u00e8cle, du peintre Umberto Giunti repr\u00e9sentant une Vierge \u00e0 l\u2019enfant.  &nbsp;\" \/>\n<meta property=\"og:url\" content=\"https:\/\/egidimadeinitaly.com\/fr\/negozio\/art-ancien\/tableaux-anciens-fr\/umberto-giunti-huile-sur-bois\/\" \/>\n<meta property=\"og:site_name\" content=\"Egidi MadeinItaly\" \/>\n<meta property=\"article:publisher\" content=\"https:\/\/www.facebook.com\/egidimadeinitaly\/\" \/>\n<meta property=\"og:image\" content=\"https:\/\/egidimadeinitaly.com\/wp-content\/uploads\/2020\/02\/umberto_giunti_madonna_con_bimbo_02.jpg\" \/>\n\t<meta property=\"og:image:width\" content=\"600\" \/>\n\t<meta property=\"og:image:height\" content=\"809\" \/>\n\t<meta property=\"og:image:type\" content=\"image\/jpeg\" \/>\n<script type=\"application\/ld+json\" class=\"yoast-schema-graph\">{\"@context\":\"https:\\\/\\\/schema.org\",\"@graph\":[{\"@type\":\"WebPage\",\"@id\":\"https:\\\/\\\/egidimadeinitaly.com\\\/fr\\\/negozio\\\/art-ancien\\\/tableaux-anciens-fr\\\/umberto-giunti-huile-sur-bois\\\/\",\"url\":\"https:\\\/\\\/egidimadeinitaly.com\\\/fr\\\/negozio\\\/art-ancien\\\/tableaux-anciens-fr\\\/umberto-giunti-huile-sur-bois\\\/\",\"name\":\"Umberto Giunti Vierge \u00e0 l\u2019Enfant Huile sur Bois - Egidi MadeinItaly\",\"isPartOf\":{\"@id\":\"https:\\\/\\\/egidimadeinitaly.com\\\/fr\\\/#website\"},\"primaryImageOfPage\":{\"@id\":\"https:\\\/\\\/egidimadeinitaly.com\\\/fr\\\/negozio\\\/art-ancien\\\/tableaux-anciens-fr\\\/umberto-giunti-huile-sur-bois\\\/#primaryimage\"},\"image\":{\"@id\":\"https:\\\/\\\/egidimadeinitaly.com\\\/fr\\\/negozio\\\/art-ancien\\\/tableaux-anciens-fr\\\/umberto-giunti-huile-sur-bois\\\/#primaryimage\"},\"thumbnailUrl\":\"https:\\\/\\\/egidimadeinitaly.com\\\/v25\\\/wp-content\\\/uploads\\\/2020\\\/02\\\/umberto_giunti_madonna_con_bimbo_02.jpg\",\"datePublished\":\"2021-01-02T14:24:03+00:00\",\"description\":\"Umberto Giunti huile sur panneau de forme rectangulaire Vierge \u00e0 l'Enfant avec St. Giovannino au dos il y a une signature et une date. Visitez Egidi MadeinItalie\",\"breadcrumb\":{\"@id\":\"https:\\\/\\\/egidimadeinitaly.com\\\/fr\\\/negozio\\\/art-ancien\\\/tableaux-anciens-fr\\\/umberto-giunti-huile-sur-bois\\\/#breadcrumb\"},\"inLanguage\":\"fr-FR\",\"potentialAction\":[{\"@type\":\"ReadAction\",\"target\":[\"https:\\\/\\\/egidimadeinitaly.com\\\/fr\\\/negozio\\\/art-ancien\\\/tableaux-anciens-fr\\\/umberto-giunti-huile-sur-bois\\\/\"]}]},{\"@type\":\"ImageObject\",\"inLanguage\":\"fr-FR\",\"@id\":\"https:\\\/\\\/egidimadeinitaly.com\\\/fr\\\/negozio\\\/art-ancien\\\/tableaux-anciens-fr\\\/umberto-giunti-huile-sur-bois\\\/#primaryimage\",\"url\":\"https:\\\/\\\/egidimadeinitaly.com\\\/v25\\\/wp-content\\\/uploads\\\/2020\\\/02\\\/umberto_giunti_madonna_con_bimbo_02.jpg\",\"contentUrl\":\"https:\\\/\\\/egidimadeinitaly.com\\\/v25\\\/wp-content\\\/uploads\\\/2020\\\/02\\\/umberto_giunti_madonna_con_bimbo_02.jpg\",\"width\":600,\"height\":809,\"caption\":\"Umberto Giunti Vierge \u00e0 l\u2019enfant Huile sur bois\"},{\"@type\":\"BreadcrumbList\",\"@id\":\"https:\\\/\\\/egidimadeinitaly.com\\\/fr\\\/negozio\\\/art-ancien\\\/tableaux-anciens-fr\\\/umberto-giunti-huile-sur-bois\\\/#breadcrumb\",\"itemListElement\":[{\"@type\":\"ListItem\",\"position\":1,\"name\":\"Home\",\"item\":\"https:\\\/\\\/egidimadeinitaly.com\\\/fr\\\/\"},{\"@type\":\"ListItem\",\"position\":2,\"name\":\"Produits\",\"item\":\"https:\\\/\\\/egidimadeinitaly.com\\\/fr\\\/shop\\\/\"},{\"@type\":\"ListItem\",\"position\":3,\"name\":\"Art ancien\",\"item\":\"https:\\\/\\\/egidimadeinitaly.com\\\/fr\\\/product-category\\\/art-ancien\\\/\"},{\"@type\":\"ListItem\",\"position\":4,\"name\":\"Tableaux anciens\",\"item\":\"https:\\\/\\\/egidimadeinitaly.com\\\/fr\\\/product-category\\\/art-ancien\\\/tableaux-anciens-fr\\\/\"},{\"@type\":\"ListItem\",\"position\":5,\"name\":\"Umberto Giunti Vierge \u00e0 l\u2019Enfant Huile sur Bois\"}]},{\"@type\":\"WebSite\",\"@id\":\"https:\\\/\\\/egidimadeinitaly.com\\\/fr\\\/#website\",\"url\":\"https:\\\/\\\/egidimadeinitaly.com\\\/fr\\\/\",\"name\":\"Egidi MadeinItaly\",\"description\":\"Fine Art\",\"potentialAction\":[{\"@type\":\"SearchAction\",\"target\":{\"@type\":\"EntryPoint\",\"urlTemplate\":\"https:\\\/\\\/egidimadeinitaly.com\\\/fr\\\/?s={search_term_string}\"},\"query-input\":{\"@type\":\"PropertyValueSpecification\",\"valueRequired\":true,\"valueName\":\"search_term_string\"}}],\"inLanguage\":\"fr-FR\"}]}<\/script>\n<!-- \/ Yoast SEO Premium plugin. -->","yoast_head_json":{"title":"Umberto Giunti Vierge \u00e0 l\u2019Enfant Huile sur Bois - Egidi MadeinItaly","description":"Umberto Giunti huile sur panneau de forme rectangulaire Vierge \u00e0 l'Enfant avec St. Giovannino au dos il y a une signature et une date. Visitez Egidi MadeinItalie","robots":{"index":"index","follow":"follow","max-snippet":"max-snippet:-1","max-image-preview":"max-image-preview:large","max-video-preview":"max-video-preview:-1"},"canonical":"https:\/\/egidimadeinitaly.com\/fr\/negozio\/art-ancien\/tableaux-anciens-fr\/umberto-giunti-huile-sur-bois\/","og_locale":"fr_FR","og_type":"article","og_title":"Umberto Giunti Vierge \u00e0 l\u2019Enfant Huile sur Bois","og_description":"Huile sur bois repr\u00e9sentant une Vierge \u00e0 l\u2019Enfant et Saint Jean par Umberto Giunti. Huile sur bois du milieu du XXe si\u00e8cle, du peintre Umberto Giunti repr\u00e9sentant une Vierge \u00e0 l\u2019enfant.  &nbsp;","og_url":"https:\/\/egidimadeinitaly.com\/fr\/negozio\/art-ancien\/tableaux-anciens-fr\/umberto-giunti-huile-sur-bois\/","og_site_name":"Egidi MadeinItaly","article_publisher":"https:\/\/www.facebook.com\/egidimadeinitaly\/","og_image":[{"width":600,"height":809,"url":"https:\/\/egidimadeinitaly.com\/wp-content\/uploads\/2020\/02\/umberto_giunti_madonna_con_bimbo_02.jpg","type":"image\/jpeg"}],"schema":{"@context":"https:\/\/schema.org","@graph":[{"@type":"WebPage","@id":"https:\/\/egidimadeinitaly.com\/fr\/negozio\/art-ancien\/tableaux-anciens-fr\/umberto-giunti-huile-sur-bois\/","url":"https:\/\/egidimadeinitaly.com\/fr\/negozio\/art-ancien\/tableaux-anciens-fr\/umberto-giunti-huile-sur-bois\/","name":"Umberto Giunti Vierge \u00e0 l\u2019Enfant Huile sur Bois - Egidi MadeinItaly","isPartOf":{"@id":"https:\/\/egidimadeinitaly.com\/fr\/#website"},"primaryImageOfPage":{"@id":"https:\/\/egidimadeinitaly.com\/fr\/negozio\/art-ancien\/tableaux-anciens-fr\/umberto-giunti-huile-sur-bois\/#primaryimage"},"image":{"@id":"https:\/\/egidimadeinitaly.com\/fr\/negozio\/art-ancien\/tableaux-anciens-fr\/umberto-giunti-huile-sur-bois\/#primaryimage"},"thumbnailUrl":"https:\/\/egidimadeinitaly.com\/v25\/wp-content\/uploads\/2020\/02\/umberto_giunti_madonna_con_bimbo_02.jpg","datePublished":"2021-01-02T14:24:03+00:00","description":"Umberto Giunti huile sur panneau de forme rectangulaire Vierge \u00e0 l'Enfant avec St. Giovannino au dos il y a une signature et une date. Visitez Egidi MadeinItalie","breadcrumb":{"@id":"https:\/\/egidimadeinitaly.com\/fr\/negozio\/art-ancien\/tableaux-anciens-fr\/umberto-giunti-huile-sur-bois\/#breadcrumb"},"inLanguage":"fr-FR","potentialAction":[{"@type":"ReadAction","target":["https:\/\/egidimadeinitaly.com\/fr\/negozio\/art-ancien\/tableaux-anciens-fr\/umberto-giunti-huile-sur-bois\/"]}]},{"@type":"ImageObject","inLanguage":"fr-FR","@id":"https:\/\/egidimadeinitaly.com\/fr\/negozio\/art-ancien\/tableaux-anciens-fr\/umberto-giunti-huile-sur-bois\/#primaryimage","url":"https:\/\/egidimadeinitaly.com\/v25\/wp-content\/uploads\/2020\/02\/umberto_giunti_madonna_con_bimbo_02.jpg","contentUrl":"https:\/\/egidimadeinitaly.com\/v25\/wp-content\/uploads\/2020\/02\/umberto_giunti_madonna_con_bimbo_02.jpg","width":600,"height":809,"caption":"Umberto Giunti Vierge \u00e0 l\u2019enfant Huile sur bois"},{"@type":"BreadcrumbList","@id":"https:\/\/egidimadeinitaly.com\/fr\/negozio\/art-ancien\/tableaux-anciens-fr\/umberto-giunti-huile-sur-bois\/#breadcrumb","itemListElement":[{"@type":"ListItem","position":1,"name":"Home","item":"https:\/\/egidimadeinitaly.com\/fr\/"},{"@type":"ListItem","position":2,"name":"Produits","item":"https:\/\/egidimadeinitaly.com\/fr\/shop\/"},{"@type":"ListItem","position":3,"name":"Art ancien","item":"https:\/\/egidimadeinitaly.com\/fr\/product-category\/art-ancien\/"},{"@type":"ListItem","position":4,"name":"Tableaux anciens","item":"https:\/\/egidimadeinitaly.com\/fr\/product-category\/art-ancien\/tableaux-anciens-fr\/"},{"@type":"ListItem","position":5,"name":"Umberto Giunti Vierge \u00e0 l\u2019Enfant Huile sur Bois"}]},{"@type":"WebSite","@id":"https:\/\/egidimadeinitaly.com\/fr\/#website","url":"https:\/\/egidimadeinitaly.com\/fr\/","name":"Egidi MadeinItaly","description":"Fine Art","potentialAction":[{"@type":"SearchAction","target":{"@type":"EntryPoint","urlTemplate":"https:\/\/egidimadeinitaly.com\/fr\/?s={search_term_string}"},"query-input":{"@type":"PropertyValueSpecification","valueRequired":true,"valueName":"search_term_string"}}],"inLanguage":"fr-FR"}]}},"_links":{"self":[{"href":"https:\/\/egidimadeinitaly.com\/fr\/wp-json\/wp\/v2\/product\/83362","targetHints":{"allow":["GET"]}}],"collection":[{"href":"https:\/\/egidimadeinitaly.com\/fr\/wp-json\/wp\/v2\/product"}],"about":[{"href":"https:\/\/egidimadeinitaly.com\/fr\/wp-json\/wp\/v2\/types\/product"}],"wp:featuredmedia":[{"embeddable":true,"href":"https:\/\/egidimadeinitaly.com\/fr\/wp-json\/wp\/v2\/media\/84649"}],"wp:attachment":[{"href":"https:\/\/egidimadeinitaly.com\/fr\/wp-json\/wp\/v2\/media?parent=83362"}],"wp:term":[{"taxonomy":"product_brand","embeddable":true,"href":"https:\/\/egidimadeinitaly.com\/fr\/wp-json\/wp\/v2\/product_brand?post=83362"},{"taxonomy":"product_cat","embeddable":true,"href":"https:\/\/egidimadeinitaly.com\/fr\/wp-json\/wp\/v2\/product_cat?post=83362"},{"taxonomy":"product_tag","embeddable":true,"href":"https:\/\/egidimadeinitaly.com\/fr\/wp-json\/wp\/v2\/product_tag?post=83362"}],"curies":[{"name":"wp","href":"https:\/\/api.w.org\/{rel}","templated":true}]}}