{"id":83360,"date":"2024-01-15T15:24:09","date_gmt":"2024-01-15T14:24:09","guid":{"rendered":"https:\/\/egidimadeinitaly.com\/ecomsite\/product\/coppia-di-gueridon-in-legno-dorato-italia-xix-secolo\/"},"modified":"2025-04-22T16:51:31","modified_gmt":"2025-04-22T15:51:31","slug":"paire-de-consoles-dappliques-en-bois-dore","status":"publish","type":"product","link":"https:\/\/egidimadeinitaly.com\/fr\/negozio\/objets-dart\/objets-dart-anciens-fr\/paire-de-consoles-dappliques-en-bois-dore\/","title":{"rendered":"Paire de consoles d&rsquo;appliques en bois dor\u00e9"},"content":{"rendered":"<p>Paire de gu\u00e9ridons bois dor\u00e9 Florence fin XVIII\u00e8me si\u00e8cle<\/p>\n<p>La structure de ces consoles \u00e9l\u00e9gantes est form\u00e9e d\u2019un <strong>entrelacs d\u2019\u00e9l\u00e9ments repr\u00e9sentant du feuillage, des fleurs<\/strong> et des branches qui forment un merveilleux buisson fleuri du plus bel effet.<\/p>\n<p>Les feuilles et les fleurs sont dor\u00e9s \u00e0 la feuille d\u2019or, tandis que\u00a0 les branches sont laqu\u00e9es beige. Elles sont si bien faites que l\u2019effet est tout \u00e0 fait r\u00e9aliste.<\/p>\n<p>La base en bois laqu\u00e9 et dor\u00e9 est de forme triangulaire. Elle est orn\u00e9 sur le devant d\u2019une frise sculpt\u00e9e en forme de coquillage.<\/p>\n<p>Le plateau, en forme de demi-lune, est r\u00e9alis\u00e9 en bois laqu\u00e9.<\/p>\n<p>&nbsp;<\/p>\n<p>&nbsp;<\/p>\n","protected":false},"excerpt":{"rendered":"<p>Paire de gu\u00e9ridons en bois dor\u00e9 et laqu\u00e9.<\/p>\n<p>La taille de <strong>cette paire de gu\u00e9ridons<\/strong>\u00a0 en bois dor\u00e9 permet de les utiliser soit comme consoles murales soit comme tables basses en les pla\u00e7ant de chaque c\u00f4t\u00e9 d\u2019un lit ou d\u2019un canap\u00e9.<\/p>\n<p>&nbsp;<\/p>\n","protected":false},"featured_media":116816,"template":"","meta":{"_acf_changed":false},"product_brand":[],"product_cat":[6406,6492],"product_tag":[1654],"class_list":{"0":"post-83360","1":"product","2":"type-product","3":"status-publish","4":"has-post-thumbnail","6":"product_cat-objets-dart-anciens-fr","7":"product_cat-objets-dart","8":"product_tag-bois-dore","10":"first","11":"outofstock","12":"shipping-taxable","13":"product-type-simple"},"acf":[],"yoast_head":"<!-- This site is optimized with the Yoast SEO Premium plugin v27.5 (Yoast SEO v27.5) - https:\/\/yoast.com\/product\/yoast-seo-premium-wordpress\/ -->\n<title>Paire de consoles d&#039;appliques en bois dor\u00e9 - Egidi MadeinItaly<\/title>\n<meta name=\"description\" content=\"Paire d&#039;\u00e9tag\u00e8res en bois dor\u00e9 Florence fin XVIIIe si\u00e8cle parfaites comme tables de chevet ou \u00e0 c\u00f4t\u00e9 d&#039;un canap\u00e9 en vente chez Egidi MadeinItaly E-Commerce\" \/>\n<meta name=\"robots\" content=\"index, follow, max-snippet:-1, max-image-preview:large, max-video-preview:-1\" \/>\n<link rel=\"canonical\" href=\"https:\/\/egidimadeinitaly.com\/fr\/produit\/art-ancien\/objets-dart-anciens-fr\/paire-de-consoles-dappliques-en-bois-dore\/\" \/>\n<meta property=\"og:locale\" content=\"fr_FR\" \/>\n<meta property=\"og:type\" content=\"article\" \/>\n<meta property=\"og:title\" content=\"Paire de consoles d&#039;appliques en bois dor\u00e9\" \/>\n<meta property=\"og:description\" content=\"Paire de gu\u00e9ridons en bois dor\u00e9 et laqu\u00e9.  La taille de cette paire de gu\u00e9ridons\u00a0 en bois dor\u00e9 permet de les utiliser soit comme consoles murales soit comme tables basses en les pla\u00e7ant de chaque c\u00f4t\u00e9 d\u2019un lit ou d\u2019un canap\u00e9.  &nbsp;\" \/>\n<meta property=\"og:url\" content=\"https:\/\/egidimadeinitaly.com\/fr\/produit\/art-ancien\/objets-dart-anciens-fr\/paire-de-consoles-dappliques-en-bois-dore\/\" \/>\n<meta property=\"og:site_name\" content=\"Egidi MadeinItaly\" \/>\n<meta property=\"article:publisher\" content=\"https:\/\/www.facebook.com\/egidimadeinitaly\/\" \/>\n<meta property=\"article:modified_time\" content=\"2025-04-22T15:51:31+00:00\" \/>\n<meta property=\"og:image\" content=\"https:\/\/egidimadeinitaly.com\/wp-content\/uploads\/2020\/02\/coppia-mensole-antiche-da-muro-in-legno-dorato.jpg\" \/>\n\t<meta property=\"og:image:width\" content=\"1984\" \/>\n\t<meta property=\"og:image:height\" content=\"1984\" \/>\n\t<meta property=\"og:image:type\" content=\"image\/jpeg\" \/>\n<script type=\"application\/ld+json\" class=\"yoast-schema-graph\">{\"@context\":\"https:\\\/\\\/schema.org\",\"@graph\":[{\"@type\":\"WebPage\",\"@id\":\"https:\\\/\\\/egidimadeinitaly.com\\\/fr\\\/negozio\\\/objets-dart\\\/objets-dart-anciens-fr\\\/paire-de-consoles-dappliques-en-bois-dore\\\/\",\"url\":\"https:\\\/\\\/egidimadeinitaly.com\\\/fr\\\/produit\\\/art-ancien\\\/objets-dart-anciens-fr\\\/paire-de-consoles-dappliques-en-bois-dore\\\/\",\"name\":\"Paire de consoles d'appliques en bois dor\u00e9 - Egidi MadeinItaly\",\"isPartOf\":{\"@id\":\"https:\\\/\\\/egidimadeinitaly.com\\\/fr\\\/#website\"},\"primaryImageOfPage\":{\"@id\":\"https:\\\/\\\/egidimadeinitaly.com\\\/fr\\\/produit\\\/art-ancien\\\/objets-dart-anciens-fr\\\/paire-de-consoles-dappliques-en-bois-dore\\\/#primaryimage\"},\"image\":{\"@id\":\"https:\\\/\\\/egidimadeinitaly.com\\\/fr\\\/produit\\\/art-ancien\\\/objets-dart-anciens-fr\\\/paire-de-consoles-dappliques-en-bois-dore\\\/#primaryimage\"},\"thumbnailUrl\":\"https:\\\/\\\/egidimadeinitaly.com\\\/v25\\\/wp-content\\\/uploads\\\/2020\\\/02\\\/coppia-mensole-antiche-da-muro-in-legno-dorato.jpg\",\"datePublished\":\"2024-01-15T14:24:09+00:00\",\"dateModified\":\"2025-04-22T15:51:31+00:00\",\"description\":\"Paire d'\u00e9tag\u00e8res en bois dor\u00e9 Florence fin XVIIIe si\u00e8cle parfaites comme tables de chevet ou \u00e0 c\u00f4t\u00e9 d'un canap\u00e9 en vente chez Egidi MadeinItaly E-Commerce\",\"breadcrumb\":{\"@id\":\"https:\\\/\\\/egidimadeinitaly.com\\\/fr\\\/produit\\\/art-ancien\\\/objets-dart-anciens-fr\\\/paire-de-consoles-dappliques-en-bois-dore\\\/#breadcrumb\"},\"inLanguage\":\"fr-FR\",\"potentialAction\":[{\"@type\":\"ReadAction\",\"target\":[\"https:\\\/\\\/egidimadeinitaly.com\\\/fr\\\/produit\\\/art-ancien\\\/objets-dart-anciens-fr\\\/paire-de-consoles-dappliques-en-bois-dore\\\/\"]}]},{\"@type\":\"ImageObject\",\"inLanguage\":\"fr-FR\",\"@id\":\"https:\\\/\\\/egidimadeinitaly.com\\\/fr\\\/produit\\\/art-ancien\\\/objets-dart-anciens-fr\\\/paire-de-consoles-dappliques-en-bois-dore\\\/#primaryimage\",\"url\":\"https:\\\/\\\/egidimadeinitaly.com\\\/v25\\\/wp-content\\\/uploads\\\/2020\\\/02\\\/coppia-mensole-antiche-da-muro-in-legno-dorato.jpg\",\"contentUrl\":\"https:\\\/\\\/egidimadeinitaly.com\\\/v25\\\/wp-content\\\/uploads\\\/2020\\\/02\\\/coppia-mensole-antiche-da-muro-in-legno-dorato.jpg\",\"width\":1984,\"height\":1984,\"caption\":\"Paire De Consoles d'Appliques en Bois Dor\u00e9\"},{\"@type\":\"BreadcrumbList\",\"@id\":\"https:\\\/\\\/egidimadeinitaly.com\\\/fr\\\/produit\\\/art-ancien\\\/objets-dart-anciens-fr\\\/paire-de-consoles-dappliques-en-bois-dore\\\/#breadcrumb\",\"itemListElement\":[{\"@type\":\"ListItem\",\"position\":1,\"name\":\"Home\",\"item\":\"https:\\\/\\\/egidimadeinitaly.com\\\/fr\\\/\"},{\"@type\":\"ListItem\",\"position\":2,\"name\":\"Produits\",\"item\":\"https:\\\/\\\/egidimadeinitaly.com\\\/fr\\\/shop\\\/\"},{\"@type\":\"ListItem\",\"position\":3,\"name\":\"Objets d\u2019art\",\"item\":\"https:\\\/\\\/egidimadeinitaly.com\\\/fr\\\/product-category\\\/objets-dart\\\/\"},{\"@type\":\"ListItem\",\"position\":4,\"name\":\"Objets d'art anciens\",\"item\":\"https:\\\/\\\/egidimadeinitaly.com\\\/fr\\\/product-category\\\/objets-dart\\\/objets-dart-anciens-fr\\\/\"},{\"@type\":\"ListItem\",\"position\":5,\"name\":\"Paire de consoles d&#8217;appliques en bois dor\u00e9\"}]},{\"@type\":\"WebSite\",\"@id\":\"https:\\\/\\\/egidimadeinitaly.com\\\/fr\\\/#website\",\"url\":\"https:\\\/\\\/egidimadeinitaly.com\\\/fr\\\/\",\"name\":\"Egidi MadeinItaly\",\"description\":\"Fine Art\",\"potentialAction\":[{\"@type\":\"SearchAction\",\"target\":{\"@type\":\"EntryPoint\",\"urlTemplate\":\"https:\\\/\\\/egidimadeinitaly.com\\\/fr\\\/?s={search_term_string}\"},\"query-input\":{\"@type\":\"PropertyValueSpecification\",\"valueRequired\":true,\"valueName\":\"search_term_string\"}}],\"inLanguage\":\"fr-FR\"}]}<\/script>\n<!-- \/ Yoast SEO Premium plugin. -->","yoast_head_json":{"title":"Paire de consoles d'appliques en bois dor\u00e9 - Egidi MadeinItaly","description":"Paire d'\u00e9tag\u00e8res en bois dor\u00e9 Florence fin XVIIIe si\u00e8cle parfaites comme tables de chevet ou \u00e0 c\u00f4t\u00e9 d'un canap\u00e9 en vente chez Egidi MadeinItaly E-Commerce","robots":{"index":"index","follow":"follow","max-snippet":"max-snippet:-1","max-image-preview":"max-image-preview:large","max-video-preview":"max-video-preview:-1"},"canonical":"https:\/\/egidimadeinitaly.com\/fr\/produit\/art-ancien\/objets-dart-anciens-fr\/paire-de-consoles-dappliques-en-bois-dore\/","og_locale":"fr_FR","og_type":"article","og_title":"Paire de consoles d'appliques en bois dor\u00e9","og_description":"Paire de gu\u00e9ridons en bois dor\u00e9 et laqu\u00e9.  La taille de cette paire de gu\u00e9ridons\u00a0 en bois dor\u00e9 permet de les utiliser soit comme consoles murales soit comme tables basses en les pla\u00e7ant de chaque c\u00f4t\u00e9 d\u2019un lit ou d\u2019un canap\u00e9.  &nbsp;","og_url":"https:\/\/egidimadeinitaly.com\/fr\/produit\/art-ancien\/objets-dart-anciens-fr\/paire-de-consoles-dappliques-en-bois-dore\/","og_site_name":"Egidi MadeinItaly","article_publisher":"https:\/\/www.facebook.com\/egidimadeinitaly\/","article_modified_time":"2025-04-22T15:51:31+00:00","og_image":[{"width":1984,"height":1984,"url":"https:\/\/egidimadeinitaly.com\/wp-content\/uploads\/2020\/02\/coppia-mensole-antiche-da-muro-in-legno-dorato.jpg","type":"image\/jpeg"}],"schema":{"@context":"https:\/\/schema.org","@graph":[{"@type":"WebPage","@id":"https:\/\/egidimadeinitaly.com\/fr\/negozio\/objets-dart\/objets-dart-anciens-fr\/paire-de-consoles-dappliques-en-bois-dore\/","url":"https:\/\/egidimadeinitaly.com\/fr\/produit\/art-ancien\/objets-dart-anciens-fr\/paire-de-consoles-dappliques-en-bois-dore\/","name":"Paire de consoles d'appliques en bois dor\u00e9 - Egidi MadeinItaly","isPartOf":{"@id":"https:\/\/egidimadeinitaly.com\/fr\/#website"},"primaryImageOfPage":{"@id":"https:\/\/egidimadeinitaly.com\/fr\/produit\/art-ancien\/objets-dart-anciens-fr\/paire-de-consoles-dappliques-en-bois-dore\/#primaryimage"},"image":{"@id":"https:\/\/egidimadeinitaly.com\/fr\/produit\/art-ancien\/objets-dart-anciens-fr\/paire-de-consoles-dappliques-en-bois-dore\/#primaryimage"},"thumbnailUrl":"https:\/\/egidimadeinitaly.com\/v25\/wp-content\/uploads\/2020\/02\/coppia-mensole-antiche-da-muro-in-legno-dorato.jpg","datePublished":"2024-01-15T14:24:09+00:00","dateModified":"2025-04-22T15:51:31+00:00","description":"Paire d'\u00e9tag\u00e8res en bois dor\u00e9 Florence fin XVIIIe si\u00e8cle parfaites comme tables de chevet ou \u00e0 c\u00f4t\u00e9 d'un canap\u00e9 en vente chez Egidi MadeinItaly E-Commerce","breadcrumb":{"@id":"https:\/\/egidimadeinitaly.com\/fr\/produit\/art-ancien\/objets-dart-anciens-fr\/paire-de-consoles-dappliques-en-bois-dore\/#breadcrumb"},"inLanguage":"fr-FR","potentialAction":[{"@type":"ReadAction","target":["https:\/\/egidimadeinitaly.com\/fr\/produit\/art-ancien\/objets-dart-anciens-fr\/paire-de-consoles-dappliques-en-bois-dore\/"]}]},{"@type":"ImageObject","inLanguage":"fr-FR","@id":"https:\/\/egidimadeinitaly.com\/fr\/produit\/art-ancien\/objets-dart-anciens-fr\/paire-de-consoles-dappliques-en-bois-dore\/#primaryimage","url":"https:\/\/egidimadeinitaly.com\/v25\/wp-content\/uploads\/2020\/02\/coppia-mensole-antiche-da-muro-in-legno-dorato.jpg","contentUrl":"https:\/\/egidimadeinitaly.com\/v25\/wp-content\/uploads\/2020\/02\/coppia-mensole-antiche-da-muro-in-legno-dorato.jpg","width":1984,"height":1984,"caption":"Paire De Consoles d'Appliques en Bois Dor\u00e9"},{"@type":"BreadcrumbList","@id":"https:\/\/egidimadeinitaly.com\/fr\/produit\/art-ancien\/objets-dart-anciens-fr\/paire-de-consoles-dappliques-en-bois-dore\/#breadcrumb","itemListElement":[{"@type":"ListItem","position":1,"name":"Home","item":"https:\/\/egidimadeinitaly.com\/fr\/"},{"@type":"ListItem","position":2,"name":"Produits","item":"https:\/\/egidimadeinitaly.com\/fr\/shop\/"},{"@type":"ListItem","position":3,"name":"Objets d\u2019art","item":"https:\/\/egidimadeinitaly.com\/fr\/product-category\/objets-dart\/"},{"@type":"ListItem","position":4,"name":"Objets d'art anciens","item":"https:\/\/egidimadeinitaly.com\/fr\/product-category\/objets-dart\/objets-dart-anciens-fr\/"},{"@type":"ListItem","position":5,"name":"Paire de consoles d&#8217;appliques en bois dor\u00e9"}]},{"@type":"WebSite","@id":"https:\/\/egidimadeinitaly.com\/fr\/#website","url":"https:\/\/egidimadeinitaly.com\/fr\/","name":"Egidi MadeinItaly","description":"Fine Art","potentialAction":[{"@type":"SearchAction","target":{"@type":"EntryPoint","urlTemplate":"https:\/\/egidimadeinitaly.com\/fr\/?s={search_term_string}"},"query-input":{"@type":"PropertyValueSpecification","valueRequired":true,"valueName":"search_term_string"}}],"inLanguage":"fr-FR"}]}},"_links":{"self":[{"href":"https:\/\/egidimadeinitaly.com\/fr\/wp-json\/wp\/v2\/product\/83360","targetHints":{"allow":["GET"]}}],"collection":[{"href":"https:\/\/egidimadeinitaly.com\/fr\/wp-json\/wp\/v2\/product"}],"about":[{"href":"https:\/\/egidimadeinitaly.com\/fr\/wp-json\/wp\/v2\/types\/product"}],"wp:featuredmedia":[{"embeddable":true,"href":"https:\/\/egidimadeinitaly.com\/fr\/wp-json\/wp\/v2\/media\/116816"}],"wp:attachment":[{"href":"https:\/\/egidimadeinitaly.com\/fr\/wp-json\/wp\/v2\/media?parent=83360"}],"wp:term":[{"taxonomy":"product_brand","embeddable":true,"href":"https:\/\/egidimadeinitaly.com\/fr\/wp-json\/wp\/v2\/product_brand?post=83360"},{"taxonomy":"product_cat","embeddable":true,"href":"https:\/\/egidimadeinitaly.com\/fr\/wp-json\/wp\/v2\/product_cat?post=83360"},{"taxonomy":"product_tag","embeddable":true,"href":"https:\/\/egidimadeinitaly.com\/fr\/wp-json\/wp\/v2\/product_tag?post=83360"}],"curies":[{"name":"wp","href":"https:\/\/api.w.org\/{rel}","templated":true}]}}