{"id":83355,"date":"2019-02-02T15:23:41","date_gmt":"2019-02-02T14:23:41","guid":{"rendered":"https:\/\/egidimadeinitaly.com\/ecomsite\/product\/gladiatore-borghese-in-gesso-1950\/"},"modified":"2021-07-21T11:56:11","modified_gmt":"2021-07-21T11:56:11","slug":"torse-en-platre-gladiatore-borghese","status":"publish","type":"product","link":"https:\/\/egidimadeinitaly.com\/fr\/negozio\/sculpture-fr-2\/sculpture-moderne-fr\/torse-en-platre-gladiatore-borghese\/","title":{"rendered":"Sculpture Torse en Pl\u00e2tre Gladiatore Borghese"},"content":{"rendered":"<p>Vous pouvez admirer l\u2019original au <strong>Mus\u00e9e du Louvre de Paris.<\/strong><\/p>\n","protected":false},"excerpt":{"rendered":"<p>Torse en pl\u00e2tre d\u2019atelier repr\u00e9sentant le <strong>Gladiateur Borghese.<\/strong><br \/>\nBuste en pl\u00e2tre, depuis l\u2019original <strong>Gladiateur Borghese<\/strong> en marbre sculpt\u00e9 par <strong>Agasias d\u2019Eph\u00e8se<\/strong>, fils de <strong>Dosith\u00e9os<\/strong>.<br \/>\nSouvent il est utilis\u00e9 comme mod\u00e8le esth\u00e9tique du nu masculin en mouvement.<br \/>\nL\u2019original en marbre, en r\u00e9alit\u00e9 est une sculpture d\u2019un guerrier dans l\u2019acte de combattre.<br \/>\nIl fut d\u00e9couvert pr\u00e8s de <strong>Rome<\/strong> au d\u00e9but du<strong> XVII si\u00e8cle<\/strong>. Il fut restaur\u00e9 par le sculpteur <strong>Nicolas Cordier<\/strong>.<br \/>\nIl fit partie de la collection de <strong>Camille Borghese<\/strong> ensuite il fut vendu \u00e0 son beau-fr\u00e8re Napol\u00e9on.<\/p>\n","protected":false},"featured_media":83408,"template":"","meta":{"_acf_changed":false},"product_brand":[],"product_cat":[6417,6421],"product_tag":[1237,5405,2729,2573],"class_list":{"0":"post-83355","1":"product","2":"type-product","3":"status-publish","4":"has-post-thumbnail","6":"product_cat-sculpture-fr-2","7":"product_cat-sculpture-moderne-fr","8":"product_tag-annees-50","9":"product_tag-blanc","10":"product_tag-bustes","11":"product_tag-grand-tour-fr","12":"product_shipping_class-dhl-fr","14":"first","15":"outofstock","16":"shipping-taxable","17":"product-type-simple"},"acf":[],"yoast_head":"<!-- This site is optimized with the Yoast SEO Premium plugin v27.3 (Yoast SEO v27.4) - https:\/\/yoast.com\/product\/yoast-seo-premium-wordpress\/ -->\n<title>Sculpture Torse en Pl\u00e2tre Gladiatore Borghese - Egidi MadeinItaly<\/title>\n<meta name=\"description\" content=\"Buste du Gladiatore Borghese en pl\u00e2tre. Enrichissez votre d\u00e9cor avec un objet Grand Tour. En Vente sur Egidi MadeinItaly E-Commerce.\" \/>\n<meta name=\"robots\" content=\"index, follow, max-snippet:-1, max-image-preview:large, max-video-preview:-1\" \/>\n<link rel=\"canonical\" href=\"https:\/\/egidimadeinitaly.com\/fr\/negozio\/sculpture-fr-2\/sculpture-moderne-fr\/torse-en-platre-gladiatore-borghese\/\" \/>\n<meta property=\"og:locale\" content=\"fr_FR\" \/>\n<meta property=\"og:type\" content=\"article\" \/>\n<meta property=\"og:title\" content=\"Sculpture Torse en Pl\u00e2tre Gladiatore Borghese\" \/>\n<meta property=\"og:description\" content=\"Torse en pl\u00e2tre d\u2019atelier repr\u00e9sentant le Gladiateur Borghese. Buste en pl\u00e2tre, depuis l\u2019original Gladiateur Borghese en marbre sculpt\u00e9 par Agasias d\u2019Eph\u00e8se, fils de Dosith\u00e9os. Souvent il est utilis\u00e9 comme mod\u00e8le esth\u00e9tique du nu masculin en mouvement. L\u2019original en marbre, en r\u00e9alit\u00e9 est une sculpture d\u2019un guerrier dans l\u2019acte de combattre. Il fut d\u00e9couvert pr\u00e8s de Rome au d\u00e9but du XVII si\u00e8cle. Il fut restaur\u00e9 par le sculpteur Nicolas Cordier. Il fit partie de la collection de Camille Borghese ensuite il fut vendu \u00e0 son beau-fr\u00e8re Napol\u00e9on.\" \/>\n<meta property=\"og:url\" content=\"https:\/\/egidimadeinitaly.com\/fr\/negozio\/sculpture-fr-2\/sculpture-moderne-fr\/torse-en-platre-gladiatore-borghese\/\" \/>\n<meta property=\"og:site_name\" content=\"Egidi MadeinItaly\" \/>\n<meta property=\"article:publisher\" content=\"https:\/\/www.facebook.com\/egidimadeinitaly\/\" \/>\n<meta property=\"article:modified_time\" content=\"2021-07-21T11:56:11+00:00\" \/>\n<meta property=\"og:image\" content=\"https:\/\/egidimadeinitaly.com\/wp-content\/uploads\/2020\/02\/gladiatore_borghese_in_gesso_1950-e1717418637880.jpg\" \/>\n\t<meta property=\"og:image:width\" content=\"2000\" \/>\n\t<meta property=\"og:image:height\" content=\"1333\" \/>\n\t<meta property=\"og:image:type\" content=\"image\/jpeg\" \/>\n<script type=\"application\/ld+json\" class=\"yoast-schema-graph\">{\"@context\":\"https:\\\/\\\/schema.org\",\"@graph\":[{\"@type\":\"WebPage\",\"@id\":\"https:\\\/\\\/egidimadeinitaly.com\\\/fr\\\/negozio\\\/sculpture-fr-2\\\/sculpture-moderne-fr\\\/torse-en-platre-gladiatore-borghese\\\/\",\"url\":\"https:\\\/\\\/egidimadeinitaly.com\\\/fr\\\/negozio\\\/sculpture-fr-2\\\/sculpture-moderne-fr\\\/torse-en-platre-gladiatore-borghese\\\/\",\"name\":\"Sculpture Torse en Pl\u00e2tre Gladiatore Borghese - Egidi MadeinItaly\",\"isPartOf\":{\"@id\":\"https:\\\/\\\/egidimadeinitaly.com\\\/fr\\\/#website\"},\"primaryImageOfPage\":{\"@id\":\"https:\\\/\\\/egidimadeinitaly.com\\\/fr\\\/negozio\\\/sculpture-fr-2\\\/sculpture-moderne-fr\\\/torse-en-platre-gladiatore-borghese\\\/#primaryimage\"},\"image\":{\"@id\":\"https:\\\/\\\/egidimadeinitaly.com\\\/fr\\\/negozio\\\/sculpture-fr-2\\\/sculpture-moderne-fr\\\/torse-en-platre-gladiatore-borghese\\\/#primaryimage\"},\"thumbnailUrl\":\"https:\\\/\\\/egidimadeinitaly.com\\\/v25\\\/wp-content\\\/uploads\\\/2020\\\/02\\\/gladiatore_borghese_in_gesso_1950-e1717418637880.jpg\",\"datePublished\":\"2019-02-02T14:23:41+00:00\",\"dateModified\":\"2021-07-21T11:56:11+00:00\",\"description\":\"Buste du Gladiatore Borghese en pl\u00e2tre. Enrichissez votre d\u00e9cor avec un objet Grand Tour. En Vente sur Egidi MadeinItaly E-Commerce.\",\"breadcrumb\":{\"@id\":\"https:\\\/\\\/egidimadeinitaly.com\\\/fr\\\/negozio\\\/sculpture-fr-2\\\/sculpture-moderne-fr\\\/torse-en-platre-gladiatore-borghese\\\/#breadcrumb\"},\"inLanguage\":\"fr-FR\",\"potentialAction\":[{\"@type\":\"ReadAction\",\"target\":[\"https:\\\/\\\/egidimadeinitaly.com\\\/fr\\\/negozio\\\/sculpture-fr-2\\\/sculpture-moderne-fr\\\/torse-en-platre-gladiatore-borghese\\\/\"]}]},{\"@type\":\"ImageObject\",\"inLanguage\":\"fr-FR\",\"@id\":\"https:\\\/\\\/egidimadeinitaly.com\\\/fr\\\/negozio\\\/sculpture-fr-2\\\/sculpture-moderne-fr\\\/torse-en-platre-gladiatore-borghese\\\/#primaryimage\",\"url\":\"https:\\\/\\\/egidimadeinitaly.com\\\/v25\\\/wp-content\\\/uploads\\\/2020\\\/02\\\/gladiatore_borghese_in_gesso_1950-e1717418637880.jpg\",\"contentUrl\":\"https:\\\/\\\/egidimadeinitaly.com\\\/v25\\\/wp-content\\\/uploads\\\/2020\\\/02\\\/gladiatore_borghese_in_gesso_1950-e1717418637880.jpg\",\"width\":2000,\"height\":1333,\"caption\":\"Sculpture en Pl\u00e2tre Gladiatore Borghese\"},{\"@type\":\"BreadcrumbList\",\"@id\":\"https:\\\/\\\/egidimadeinitaly.com\\\/fr\\\/negozio\\\/sculpture-fr-2\\\/sculpture-moderne-fr\\\/torse-en-platre-gladiatore-borghese\\\/#breadcrumb\",\"itemListElement\":[{\"@type\":\"ListItem\",\"position\":1,\"name\":\"Home\",\"item\":\"https:\\\/\\\/egidimadeinitaly.com\\\/fr\\\/\"},{\"@type\":\"ListItem\",\"position\":2,\"name\":\"Produits\",\"item\":\"https:\\\/\\\/egidimadeinitaly.com\\\/fr\\\/shop\\\/\"},{\"@type\":\"ListItem\",\"position\":3,\"name\":\"Sculpture\",\"item\":\"https:\\\/\\\/egidimadeinitaly.com\\\/fr\\\/product-category\\\/sculpture-fr-2\\\/\"},{\"@type\":\"ListItem\",\"position\":4,\"name\":\"Sculpture moderne\",\"item\":\"https:\\\/\\\/egidimadeinitaly.com\\\/fr\\\/product-category\\\/sculpture-fr-2\\\/sculpture-moderne-fr\\\/\"},{\"@type\":\"ListItem\",\"position\":5,\"name\":\"Sculpture Torse en Pl\u00e2tre Gladiatore Borghese\"}]},{\"@type\":\"WebSite\",\"@id\":\"https:\\\/\\\/egidimadeinitaly.com\\\/fr\\\/#website\",\"url\":\"https:\\\/\\\/egidimadeinitaly.com\\\/fr\\\/\",\"name\":\"Egidi MadeinItaly\",\"description\":\"Fine Art\",\"potentialAction\":[{\"@type\":\"SearchAction\",\"target\":{\"@type\":\"EntryPoint\",\"urlTemplate\":\"https:\\\/\\\/egidimadeinitaly.com\\\/fr\\\/?s={search_term_string}\"},\"query-input\":{\"@type\":\"PropertyValueSpecification\",\"valueRequired\":true,\"valueName\":\"search_term_string\"}}],\"inLanguage\":\"fr-FR\"}]}<\/script>\n<!-- \/ Yoast SEO Premium plugin. -->","yoast_head_json":{"title":"Sculpture Torse en Pl\u00e2tre Gladiatore Borghese - Egidi MadeinItaly","description":"Buste du Gladiatore Borghese en pl\u00e2tre. Enrichissez votre d\u00e9cor avec un objet Grand Tour. En Vente sur Egidi MadeinItaly E-Commerce.","robots":{"index":"index","follow":"follow","max-snippet":"max-snippet:-1","max-image-preview":"max-image-preview:large","max-video-preview":"max-video-preview:-1"},"canonical":"https:\/\/egidimadeinitaly.com\/fr\/negozio\/sculpture-fr-2\/sculpture-moderne-fr\/torse-en-platre-gladiatore-borghese\/","og_locale":"fr_FR","og_type":"article","og_title":"Sculpture Torse en Pl\u00e2tre Gladiatore Borghese","og_description":"Torse en pl\u00e2tre d\u2019atelier repr\u00e9sentant le Gladiateur Borghese. Buste en pl\u00e2tre, depuis l\u2019original Gladiateur Borghese en marbre sculpt\u00e9 par Agasias d\u2019Eph\u00e8se, fils de Dosith\u00e9os. Souvent il est utilis\u00e9 comme mod\u00e8le esth\u00e9tique du nu masculin en mouvement. L\u2019original en marbre, en r\u00e9alit\u00e9 est une sculpture d\u2019un guerrier dans l\u2019acte de combattre. Il fut d\u00e9couvert pr\u00e8s de Rome au d\u00e9but du XVII si\u00e8cle. Il fut restaur\u00e9 par le sculpteur Nicolas Cordier. Il fit partie de la collection de Camille Borghese ensuite il fut vendu \u00e0 son beau-fr\u00e8re Napol\u00e9on.","og_url":"https:\/\/egidimadeinitaly.com\/fr\/negozio\/sculpture-fr-2\/sculpture-moderne-fr\/torse-en-platre-gladiatore-borghese\/","og_site_name":"Egidi MadeinItaly","article_publisher":"https:\/\/www.facebook.com\/egidimadeinitaly\/","article_modified_time":"2021-07-21T11:56:11+00:00","og_image":[{"width":2000,"height":1333,"url":"https:\/\/egidimadeinitaly.com\/wp-content\/uploads\/2020\/02\/gladiatore_borghese_in_gesso_1950-e1717418637880.jpg","type":"image\/jpeg"}],"schema":{"@context":"https:\/\/schema.org","@graph":[{"@type":"WebPage","@id":"https:\/\/egidimadeinitaly.com\/fr\/negozio\/sculpture-fr-2\/sculpture-moderne-fr\/torse-en-platre-gladiatore-borghese\/","url":"https:\/\/egidimadeinitaly.com\/fr\/negozio\/sculpture-fr-2\/sculpture-moderne-fr\/torse-en-platre-gladiatore-borghese\/","name":"Sculpture Torse en Pl\u00e2tre Gladiatore Borghese - Egidi MadeinItaly","isPartOf":{"@id":"https:\/\/egidimadeinitaly.com\/fr\/#website"},"primaryImageOfPage":{"@id":"https:\/\/egidimadeinitaly.com\/fr\/negozio\/sculpture-fr-2\/sculpture-moderne-fr\/torse-en-platre-gladiatore-borghese\/#primaryimage"},"image":{"@id":"https:\/\/egidimadeinitaly.com\/fr\/negozio\/sculpture-fr-2\/sculpture-moderne-fr\/torse-en-platre-gladiatore-borghese\/#primaryimage"},"thumbnailUrl":"https:\/\/egidimadeinitaly.com\/v25\/wp-content\/uploads\/2020\/02\/gladiatore_borghese_in_gesso_1950-e1717418637880.jpg","datePublished":"2019-02-02T14:23:41+00:00","dateModified":"2021-07-21T11:56:11+00:00","description":"Buste du Gladiatore Borghese en pl\u00e2tre. Enrichissez votre d\u00e9cor avec un objet Grand Tour. En Vente sur Egidi MadeinItaly E-Commerce.","breadcrumb":{"@id":"https:\/\/egidimadeinitaly.com\/fr\/negozio\/sculpture-fr-2\/sculpture-moderne-fr\/torse-en-platre-gladiatore-borghese\/#breadcrumb"},"inLanguage":"fr-FR","potentialAction":[{"@type":"ReadAction","target":["https:\/\/egidimadeinitaly.com\/fr\/negozio\/sculpture-fr-2\/sculpture-moderne-fr\/torse-en-platre-gladiatore-borghese\/"]}]},{"@type":"ImageObject","inLanguage":"fr-FR","@id":"https:\/\/egidimadeinitaly.com\/fr\/negozio\/sculpture-fr-2\/sculpture-moderne-fr\/torse-en-platre-gladiatore-borghese\/#primaryimage","url":"https:\/\/egidimadeinitaly.com\/v25\/wp-content\/uploads\/2020\/02\/gladiatore_borghese_in_gesso_1950-e1717418637880.jpg","contentUrl":"https:\/\/egidimadeinitaly.com\/v25\/wp-content\/uploads\/2020\/02\/gladiatore_borghese_in_gesso_1950-e1717418637880.jpg","width":2000,"height":1333,"caption":"Sculpture en Pl\u00e2tre Gladiatore Borghese"},{"@type":"BreadcrumbList","@id":"https:\/\/egidimadeinitaly.com\/fr\/negozio\/sculpture-fr-2\/sculpture-moderne-fr\/torse-en-platre-gladiatore-borghese\/#breadcrumb","itemListElement":[{"@type":"ListItem","position":1,"name":"Home","item":"https:\/\/egidimadeinitaly.com\/fr\/"},{"@type":"ListItem","position":2,"name":"Produits","item":"https:\/\/egidimadeinitaly.com\/fr\/shop\/"},{"@type":"ListItem","position":3,"name":"Sculpture","item":"https:\/\/egidimadeinitaly.com\/fr\/product-category\/sculpture-fr-2\/"},{"@type":"ListItem","position":4,"name":"Sculpture moderne","item":"https:\/\/egidimadeinitaly.com\/fr\/product-category\/sculpture-fr-2\/sculpture-moderne-fr\/"},{"@type":"ListItem","position":5,"name":"Sculpture Torse en Pl\u00e2tre Gladiatore Borghese"}]},{"@type":"WebSite","@id":"https:\/\/egidimadeinitaly.com\/fr\/#website","url":"https:\/\/egidimadeinitaly.com\/fr\/","name":"Egidi MadeinItaly","description":"Fine Art","potentialAction":[{"@type":"SearchAction","target":{"@type":"EntryPoint","urlTemplate":"https:\/\/egidimadeinitaly.com\/fr\/?s={search_term_string}"},"query-input":{"@type":"PropertyValueSpecification","valueRequired":true,"valueName":"search_term_string"}}],"inLanguage":"fr-FR"}]}},"_links":{"self":[{"href":"https:\/\/egidimadeinitaly.com\/fr\/wp-json\/wp\/v2\/product\/83355","targetHints":{"allow":["GET"]}}],"collection":[{"href":"https:\/\/egidimadeinitaly.com\/fr\/wp-json\/wp\/v2\/product"}],"about":[{"href":"https:\/\/egidimadeinitaly.com\/fr\/wp-json\/wp\/v2\/types\/product"}],"wp:featuredmedia":[{"embeddable":true,"href":"https:\/\/egidimadeinitaly.com\/fr\/wp-json\/wp\/v2\/media\/83408"}],"wp:attachment":[{"href":"https:\/\/egidimadeinitaly.com\/fr\/wp-json\/wp\/v2\/media?parent=83355"}],"wp:term":[{"taxonomy":"product_brand","embeddable":true,"href":"https:\/\/egidimadeinitaly.com\/fr\/wp-json\/wp\/v2\/product_brand?post=83355"},{"taxonomy":"product_cat","embeddable":true,"href":"https:\/\/egidimadeinitaly.com\/fr\/wp-json\/wp\/v2\/product_cat?post=83355"},{"taxonomy":"product_tag","embeddable":true,"href":"https:\/\/egidimadeinitaly.com\/fr\/wp-json\/wp\/v2\/product_tag?post=83355"}],"curies":[{"name":"wp","href":"https:\/\/api.w.org\/{rel}","templated":true}]}}