{"id":83353,"date":"2020-02-02T15:24:08","date_gmt":"2020-02-02T14:24:08","guid":{"rendered":"https:\/\/egidimadeinitaly.com\/ecomsite\/product\/tommaso-barbi-lampada-in-vetro-rosa-italia1950\/"},"modified":"2024-08-03T14:21:16","modified_gmt":"2024-08-03T13:21:16","slug":"tommaso-barbi-lampe","status":"publish","type":"product","link":"https:\/\/egidimadeinitaly.com\/fr\/negozio\/objets-dart\/objets-dart-modernes\/tommaso-barbi-lampe\/","title":{"rendered":"Tommaso Barbi Lampe"},"content":{"rendered":"<p><strong>Lampe<\/strong> de forme trap\u00e9zo\u00efdale en verre rose. En raison de sa forme, cet objet peut ressembler \u00e0 un vase.<\/p>\n<p>Le dessus est orn\u00e9 d\u2019un motif en verre noir.<\/p>\n<p>Le devant pr\u00e9sente \u00e9galement une rosace en verre noir.<\/p>\n<p>Le superbe verre rose, \u00e9clair\u00e9 de l\u2019int\u00e9rieur, prend des couleurs aux nuances extraordinaires.<\/p>\n<p>Cette lampe magnifique est un objet de design tr\u00e8s rare, avec son \u00e9tiquette originale sur le pi\u00e8tement.<\/p>\n<p>Le designer <strong>Tommaso Barbi<\/strong>, dont les cotes sur le march\u00e9 international ne cessent d\u2019augmenter, est connu principalement pour ses cr\u00e9ations en m\u00e9tal et en bronze dor\u00e9 ; il est donc tr\u00e8s rare de trouver l\u2019une de ses \u0153uvres en verre, originale et sign\u00e9e.<\/p>\n","protected":false},"excerpt":{"rendered":"<p class=\"p1\"><span class=\"s1\">Lampe de table <strong>Tommaso Barbi<\/strong> de forme trap\u00e9zo\u00efdale en verre rose Italie 1950.<\/span><\/p>\n<p class=\"p1\">\n","protected":false},"featured_media":84500,"template":"","meta":{"_acf_changed":false},"product_brand":[],"product_cat":[6377,6412],"product_tag":[1254,5079],"class_list":{"0":"post-83353","1":"product","2":"type-product","3":"status-publish","4":"has-post-thumbnail","6":"product_cat-art-moderne","7":"product_cat-objets-dart-modernes","8":"product_tag-design-italien-fr","9":"product_tag-vintage-fr","10":"product_shipping_class-dhl-fr","12":"first","13":"outofstock","14":"taxable","15":"shipping-taxable","16":"product-type-simple"},"acf":[],"yoast_head":"<!-- This site is optimized with the Yoast SEO Premium plugin v27.5 (Yoast SEO v27.6) - https:\/\/yoast.com\/product\/yoast-seo-premium-wordpress\/ -->\n<title>Tommaso Barbi Lampe - Egidi MadeinItaly<\/title>\n<meta name=\"description\" content=\"Tommaso Barbi Lampe de table de forme trap\u00e9zo\u00efdale en verre rose Italie 1950 en vente sur Egidi MadeinItaly\" \/>\n<meta name=\"robots\" content=\"index, follow, max-snippet:-1, max-image-preview:large, max-video-preview:-1\" \/>\n<link rel=\"canonical\" href=\"https:\/\/egidimadeinitaly.com\/fr\/negozio\/objets-dart\/objets-dart-modernes\/tommaso-barbi-lampe\/\" \/>\n<meta property=\"og:locale\" content=\"fr_FR\" \/>\n<meta property=\"og:type\" content=\"article\" \/>\n<meta property=\"og:title\" content=\"Tommaso Barbi Lampe\" \/>\n<meta property=\"og:description\" content=\"Lampe de table Tommaso Barbi de forme trap\u00e9zo\u00efdale en verre rose Italie 1950.\" \/>\n<meta property=\"og:url\" content=\"https:\/\/egidimadeinitaly.com\/fr\/negozio\/objets-dart\/objets-dart-modernes\/tommaso-barbi-lampe\/\" \/>\n<meta property=\"og:site_name\" content=\"Egidi MadeinItaly\" \/>\n<meta property=\"article:publisher\" content=\"https:\/\/www.facebook.com\/egidimadeinitaly\/\" \/>\n<meta property=\"article:modified_time\" content=\"2024-08-03T13:21:16+00:00\" \/>\n<meta property=\"og:image\" content=\"https:\/\/egidimadeinitaly.com\/wp-content\/uploads\/2020\/02\/tommaso_barbi_lampada_in_vetro_rosa_italia_1950_05.jpg\" \/>\n\t<meta property=\"og:image:width\" content=\"421\" \/>\n\t<meta property=\"og:image:height\" content=\"542\" \/>\n\t<meta property=\"og:image:type\" content=\"image\/jpeg\" \/>\n<script type=\"application\/ld+json\" class=\"yoast-schema-graph\">{\"@context\":\"https:\\\/\\\/schema.org\",\"@graph\":[{\"@type\":\"WebPage\",\"@id\":\"https:\\\/\\\/egidimadeinitaly.com\\\/fr\\\/negozio\\\/objets-dart\\\/objets-dart-modernes\\\/tommaso-barbi-lampe\\\/\",\"url\":\"https:\\\/\\\/egidimadeinitaly.com\\\/fr\\\/negozio\\\/objets-dart\\\/objets-dart-modernes\\\/tommaso-barbi-lampe\\\/\",\"name\":\"Tommaso Barbi Lampe - Egidi MadeinItaly\",\"isPartOf\":{\"@id\":\"https:\\\/\\\/egidimadeinitaly.com\\\/fr\\\/#website\"},\"primaryImageOfPage\":{\"@id\":\"https:\\\/\\\/egidimadeinitaly.com\\\/fr\\\/negozio\\\/objets-dart\\\/objets-dart-modernes\\\/tommaso-barbi-lampe\\\/#primaryimage\"},\"image\":{\"@id\":\"https:\\\/\\\/egidimadeinitaly.com\\\/fr\\\/negozio\\\/objets-dart\\\/objets-dart-modernes\\\/tommaso-barbi-lampe\\\/#primaryimage\"},\"thumbnailUrl\":\"https:\\\/\\\/egidimadeinitaly.com\\\/v25\\\/wp-content\\\/uploads\\\/2020\\\/02\\\/tommaso_barbi_lampada_in_vetro_rosa_italia_1950_05.jpg\",\"datePublished\":\"2020-02-02T14:24:08+00:00\",\"dateModified\":\"2024-08-03T13:21:16+00:00\",\"description\":\"Tommaso Barbi Lampe de table de forme trap\u00e9zo\u00efdale en verre rose Italie 1950 en vente sur Egidi MadeinItaly\",\"breadcrumb\":{\"@id\":\"https:\\\/\\\/egidimadeinitaly.com\\\/fr\\\/negozio\\\/objets-dart\\\/objets-dart-modernes\\\/tommaso-barbi-lampe\\\/#breadcrumb\"},\"inLanguage\":\"fr-FR\",\"potentialAction\":[{\"@type\":\"ReadAction\",\"target\":[\"https:\\\/\\\/egidimadeinitaly.com\\\/fr\\\/negozio\\\/objets-dart\\\/objets-dart-modernes\\\/tommaso-barbi-lampe\\\/\"]}]},{\"@type\":\"ImageObject\",\"inLanguage\":\"fr-FR\",\"@id\":\"https:\\\/\\\/egidimadeinitaly.com\\\/fr\\\/negozio\\\/objets-dart\\\/objets-dart-modernes\\\/tommaso-barbi-lampe\\\/#primaryimage\",\"url\":\"https:\\\/\\\/egidimadeinitaly.com\\\/v25\\\/wp-content\\\/uploads\\\/2020\\\/02\\\/tommaso_barbi_lampada_in_vetro_rosa_italia_1950_05.jpg\",\"contentUrl\":\"https:\\\/\\\/egidimadeinitaly.com\\\/v25\\\/wp-content\\\/uploads\\\/2020\\\/02\\\/tommaso_barbi_lampada_in_vetro_rosa_italia_1950_05.jpg\",\"width\":421,\"height\":542,\"caption\":\"Lampe \u00c9clair\u00e9e Vintage en Verre par Tommaso Barbi\"},{\"@type\":\"BreadcrumbList\",\"@id\":\"https:\\\/\\\/egidimadeinitaly.com\\\/fr\\\/negozio\\\/objets-dart\\\/objets-dart-modernes\\\/tommaso-barbi-lampe\\\/#breadcrumb\",\"itemListElement\":[{\"@type\":\"ListItem\",\"position\":1,\"name\":\"Home\",\"item\":\"https:\\\/\\\/egidimadeinitaly.com\\\/fr\\\/\"},{\"@type\":\"ListItem\",\"position\":2,\"name\":\"Produits\",\"item\":\"https:\\\/\\\/egidimadeinitaly.com\\\/fr\\\/shop\\\/\"},{\"@type\":\"ListItem\",\"position\":3,\"name\":\"Objets d\u2019art\",\"item\":\"https:\\\/\\\/egidimadeinitaly.com\\\/fr\\\/product-category\\\/objets-dart\\\/\"},{\"@type\":\"ListItem\",\"position\":4,\"name\":\"Objets d'art modernes\",\"item\":\"https:\\\/\\\/egidimadeinitaly.com\\\/fr\\\/product-category\\\/objets-dart\\\/objets-dart-modernes\\\/\"},{\"@type\":\"ListItem\",\"position\":5,\"name\":\"Tommaso Barbi Lampe\"}]},{\"@type\":\"WebSite\",\"@id\":\"https:\\\/\\\/egidimadeinitaly.com\\\/fr\\\/#website\",\"url\":\"https:\\\/\\\/egidimadeinitaly.com\\\/fr\\\/\",\"name\":\"Egidi MadeinItaly\",\"description\":\"Fine Art\",\"potentialAction\":[{\"@type\":\"SearchAction\",\"target\":{\"@type\":\"EntryPoint\",\"urlTemplate\":\"https:\\\/\\\/egidimadeinitaly.com\\\/fr\\\/?s={search_term_string}\"},\"query-input\":{\"@type\":\"PropertyValueSpecification\",\"valueRequired\":true,\"valueName\":\"search_term_string\"}}],\"inLanguage\":\"fr-FR\"}]}<\/script>\n<!-- \/ Yoast SEO Premium plugin. -->","yoast_head_json":{"title":"Tommaso Barbi Lampe - Egidi MadeinItaly","description":"Tommaso Barbi Lampe de table de forme trap\u00e9zo\u00efdale en verre rose Italie 1950 en vente sur Egidi MadeinItaly","robots":{"index":"index","follow":"follow","max-snippet":"max-snippet:-1","max-image-preview":"max-image-preview:large","max-video-preview":"max-video-preview:-1"},"canonical":"https:\/\/egidimadeinitaly.com\/fr\/negozio\/objets-dart\/objets-dart-modernes\/tommaso-barbi-lampe\/","og_locale":"fr_FR","og_type":"article","og_title":"Tommaso Barbi Lampe","og_description":"Lampe de table Tommaso Barbi de forme trap\u00e9zo\u00efdale en verre rose Italie 1950.","og_url":"https:\/\/egidimadeinitaly.com\/fr\/negozio\/objets-dart\/objets-dart-modernes\/tommaso-barbi-lampe\/","og_site_name":"Egidi MadeinItaly","article_publisher":"https:\/\/www.facebook.com\/egidimadeinitaly\/","article_modified_time":"2024-08-03T13:21:16+00:00","og_image":[{"width":421,"height":542,"url":"https:\/\/egidimadeinitaly.com\/wp-content\/uploads\/2020\/02\/tommaso_barbi_lampada_in_vetro_rosa_italia_1950_05.jpg","type":"image\/jpeg"}],"schema":{"@context":"https:\/\/schema.org","@graph":[{"@type":"WebPage","@id":"https:\/\/egidimadeinitaly.com\/fr\/negozio\/objets-dart\/objets-dart-modernes\/tommaso-barbi-lampe\/","url":"https:\/\/egidimadeinitaly.com\/fr\/negozio\/objets-dart\/objets-dart-modernes\/tommaso-barbi-lampe\/","name":"Tommaso Barbi Lampe - Egidi MadeinItaly","isPartOf":{"@id":"https:\/\/egidimadeinitaly.com\/fr\/#website"},"primaryImageOfPage":{"@id":"https:\/\/egidimadeinitaly.com\/fr\/negozio\/objets-dart\/objets-dart-modernes\/tommaso-barbi-lampe\/#primaryimage"},"image":{"@id":"https:\/\/egidimadeinitaly.com\/fr\/negozio\/objets-dart\/objets-dart-modernes\/tommaso-barbi-lampe\/#primaryimage"},"thumbnailUrl":"https:\/\/egidimadeinitaly.com\/v25\/wp-content\/uploads\/2020\/02\/tommaso_barbi_lampada_in_vetro_rosa_italia_1950_05.jpg","datePublished":"2020-02-02T14:24:08+00:00","dateModified":"2024-08-03T13:21:16+00:00","description":"Tommaso Barbi Lampe de table de forme trap\u00e9zo\u00efdale en verre rose Italie 1950 en vente sur Egidi MadeinItaly","breadcrumb":{"@id":"https:\/\/egidimadeinitaly.com\/fr\/negozio\/objets-dart\/objets-dart-modernes\/tommaso-barbi-lampe\/#breadcrumb"},"inLanguage":"fr-FR","potentialAction":[{"@type":"ReadAction","target":["https:\/\/egidimadeinitaly.com\/fr\/negozio\/objets-dart\/objets-dart-modernes\/tommaso-barbi-lampe\/"]}]},{"@type":"ImageObject","inLanguage":"fr-FR","@id":"https:\/\/egidimadeinitaly.com\/fr\/negozio\/objets-dart\/objets-dart-modernes\/tommaso-barbi-lampe\/#primaryimage","url":"https:\/\/egidimadeinitaly.com\/v25\/wp-content\/uploads\/2020\/02\/tommaso_barbi_lampada_in_vetro_rosa_italia_1950_05.jpg","contentUrl":"https:\/\/egidimadeinitaly.com\/v25\/wp-content\/uploads\/2020\/02\/tommaso_barbi_lampada_in_vetro_rosa_italia_1950_05.jpg","width":421,"height":542,"caption":"Lampe \u00c9clair\u00e9e Vintage en Verre par Tommaso Barbi"},{"@type":"BreadcrumbList","@id":"https:\/\/egidimadeinitaly.com\/fr\/negozio\/objets-dart\/objets-dart-modernes\/tommaso-barbi-lampe\/#breadcrumb","itemListElement":[{"@type":"ListItem","position":1,"name":"Home","item":"https:\/\/egidimadeinitaly.com\/fr\/"},{"@type":"ListItem","position":2,"name":"Produits","item":"https:\/\/egidimadeinitaly.com\/fr\/shop\/"},{"@type":"ListItem","position":3,"name":"Objets d\u2019art","item":"https:\/\/egidimadeinitaly.com\/fr\/product-category\/objets-dart\/"},{"@type":"ListItem","position":4,"name":"Objets d'art modernes","item":"https:\/\/egidimadeinitaly.com\/fr\/product-category\/objets-dart\/objets-dart-modernes\/"},{"@type":"ListItem","position":5,"name":"Tommaso Barbi Lampe"}]},{"@type":"WebSite","@id":"https:\/\/egidimadeinitaly.com\/fr\/#website","url":"https:\/\/egidimadeinitaly.com\/fr\/","name":"Egidi MadeinItaly","description":"Fine Art","potentialAction":[{"@type":"SearchAction","target":{"@type":"EntryPoint","urlTemplate":"https:\/\/egidimadeinitaly.com\/fr\/?s={search_term_string}"},"query-input":{"@type":"PropertyValueSpecification","valueRequired":true,"valueName":"search_term_string"}}],"inLanguage":"fr-FR"}]}},"_links":{"self":[{"href":"https:\/\/egidimadeinitaly.com\/fr\/wp-json\/wp\/v2\/product\/83353","targetHints":{"allow":["GET"]}}],"collection":[{"href":"https:\/\/egidimadeinitaly.com\/fr\/wp-json\/wp\/v2\/product"}],"about":[{"href":"https:\/\/egidimadeinitaly.com\/fr\/wp-json\/wp\/v2\/types\/product"}],"wp:featuredmedia":[{"embeddable":true,"href":"https:\/\/egidimadeinitaly.com\/fr\/wp-json\/wp\/v2\/media\/84500"}],"wp:attachment":[{"href":"https:\/\/egidimadeinitaly.com\/fr\/wp-json\/wp\/v2\/media?parent=83353"}],"wp:term":[{"taxonomy":"product_brand","embeddable":true,"href":"https:\/\/egidimadeinitaly.com\/fr\/wp-json\/wp\/v2\/product_brand?post=83353"},{"taxonomy":"product_cat","embeddable":true,"href":"https:\/\/egidimadeinitaly.com\/fr\/wp-json\/wp\/v2\/product_cat?post=83353"},{"taxonomy":"product_tag","embeddable":true,"href":"https:\/\/egidimadeinitaly.com\/fr\/wp-json\/wp\/v2\/product_tag?post=83353"}],"curies":[{"name":"wp","href":"https:\/\/api.w.org\/{rel}","templated":true}]}}