{"id":83345,"date":"2020-02-02T15:24:03","date_gmt":"2020-02-02T14:24:03","guid":{"rendered":"https:\/\/egidimadeinitaly.com\/ecomsite\/product\/gae-aulenti-lampada-pipistrello-bianca1980\/"},"modified":"2021-08-10T16:04:52","modified_gmt":"2021-08-10T16:04:52","slug":"lampe-pipistrello-blanche-de-gae-aulenti1980-2","status":"publish","type":"product","link":"https:\/\/egidimadeinitaly.com\/fr\/negozio\/objets-dart\/objets-dart-modernes\/lampe-pipistrello-blanche-de-gae-aulenti1980-2\/","title":{"rendered":"Lampe Pipistrello Blanche de Gae Aulenti Ann\u00e9es \u201880"},"content":{"rendered":"<div class=\"accordion_content ui-accordion-content ui-helper-reset ui-widget-content ui-corner-bottom ui-accordion-content-active\">\n<div class=\"accordion_content_inner\">\n<p><strong>Gaetana Aulenti,<\/strong> connue comme Gae Aulenti, n\u00e9e en 1927 \u00e0 Palazzolo dello Stella dans la province d\u2019Udine (Italie), est dipl\u00f4m\u00e9e en 1953 de l\u2019\u00c9cole polytechnique de Milan qui \u00e9tait \u00e0 cette \u00e9poque le berceau d\u2019une nouvelle recherche de valeurs en architecture, fond\u00e9e sur la r\u00e9cup\u00e9ration des valeurs du pass\u00e9 et sur la restructuration de l\u2019existant, et qui donnera naissance au courant du Neo-Liberty, auquel Gae Aulenti adh\u00e8rera en r\u00e9action au rationalisme. Parmi ses nombreuses r\u00e9alisations, citons le projet du Mus\u00e9e d\u2019Orsay \u00e0 Paris, le Palais Grassi \u00e0 Venise, le Mus\u00e9e d\u2019art asiatique de San Francisco, l\u2019agencement du Mus\u00e9e national d\u2019Art moderne du\u00a0<strong>Centre Pompidou de Paris,<\/strong>\u00a0le projet du Piazzale Cadorna \u00e0 Milan, le Mus\u00e9e national d\u2019Art de Catalogne \u00e0 Barcelone, les anciennes \u00c9curies du Quirinal \u00e0 Rome.<\/p>\n<p>Le mod\u00e8le original de la lampe\u00a0<em>Pipistrello<\/em>\u00a0a \u00e9t\u00e9 dessin\u00e9 par Gae Aulenti en 1965 pour Martinelli Luce.<\/p>\n<p>Pos\u00e9e sur une table ou au sol, cette lampe personnalise n\u2019importe quel type d\u2019environnement gr\u00e2ce \u00e0 sa force expressive.<\/p>\n<\/div>\n<\/div>\n","protected":false},"excerpt":{"rendered":"<p>Lampe de table ou lampadaire \u00e0 lumi\u00e8re diffuse, r\u00e9glable en hauteur<\/p>\n","protected":false},"featured_media":84485,"template":"","meta":{"_acf_changed":false},"product_brand":[],"product_cat":[6412,6492],"product_tag":[5419,5391,5405,1254],"class_list":{"0":"post-83345","1":"product","2":"type-product","3":"status-publish","4":"has-post-thumbnail","6":"product_cat-objets-dart-modernes","7":"product_cat-objets-dart","8":"product_tag-accessoires-de-bureau","9":"product_tag-annees-80","10":"product_tag-blanc","11":"product_tag-design-italien-fr","12":"product_shipping_class-dhl-fr","14":"first","15":"outofstock","16":"shipping-taxable","17":"product-type-simple"},"acf":[],"yoast_head":"<!-- This site is optimized with the Yoast SEO Premium plugin v27.5 (Yoast SEO v27.5) - https:\/\/yoast.com\/product\/yoast-seo-premium-wordpress\/ -->\n<title>Lampe Pipistrello Blanche de Gae Aulenti Ann\u00e9es \u201880 - Egidi MadeinItaly<\/title>\n<meta name=\"description\" content=\"Lampe Blanche Pipistrello de Gae Aulenti pour Martinelli Luce 1980 Achetez la sur Egidi MadeinItaly\" \/>\n<meta name=\"robots\" content=\"index, follow, max-snippet:-1, max-image-preview:large, max-video-preview:-1\" \/>\n<link rel=\"canonical\" href=\"https:\/\/egidimadeinitaly.com\/fr\/negozio\/objets-dart\/objets-dart-modernes\/lampe-pipistrello-blanche-de-gae-aulenti1980-2\/\" \/>\n<meta property=\"og:locale\" content=\"fr_FR\" \/>\n<meta property=\"og:type\" content=\"article\" \/>\n<meta property=\"og:title\" content=\"Lampe Pipistrello Blanche de Gae Aulenti Ann\u00e9es \u201880\" \/>\n<meta property=\"og:description\" content=\"Lampe de table ou lampadaire \u00e0 lumi\u00e8re diffuse, r\u00e9glable en hauteur\" \/>\n<meta property=\"og:url\" content=\"https:\/\/egidimadeinitaly.com\/fr\/negozio\/objets-dart\/objets-dart-modernes\/lampe-pipistrello-blanche-de-gae-aulenti1980-2\/\" \/>\n<meta property=\"og:site_name\" content=\"Egidi MadeinItaly\" \/>\n<meta property=\"article:publisher\" content=\"https:\/\/www.facebook.com\/egidimadeinitaly\/\" \/>\n<meta property=\"article:modified_time\" content=\"2021-08-10T16:04:52+00:00\" \/>\n<meta property=\"og:image\" content=\"https:\/\/egidimadeinitaly.com\/wp-content\/uploads\/2020\/02\/gae_aulenti_lampada_pipistrello_bianca_1980-1-e1670578465528.jpg\" \/>\n\t<meta property=\"og:image:width\" content=\"1200\" \/>\n\t<meta property=\"og:image:height\" content=\"800\" \/>\n\t<meta property=\"og:image:type\" content=\"image\/jpeg\" \/>\n<script type=\"application\/ld+json\" class=\"yoast-schema-graph\">{\"@context\":\"https:\\\/\\\/schema.org\",\"@graph\":[{\"@type\":\"WebPage\",\"@id\":\"https:\\\/\\\/egidimadeinitaly.com\\\/fr\\\/negozio\\\/objets-dart\\\/objets-dart-modernes\\\/lampe-pipistrello-blanche-de-gae-aulenti1980-2\\\/\",\"url\":\"https:\\\/\\\/egidimadeinitaly.com\\\/fr\\\/negozio\\\/objets-dart\\\/objets-dart-modernes\\\/lampe-pipistrello-blanche-de-gae-aulenti1980-2\\\/\",\"name\":\"Lampe Pipistrello Blanche de Gae Aulenti Ann\u00e9es \u201880 - Egidi MadeinItaly\",\"isPartOf\":{\"@id\":\"https:\\\/\\\/egidimadeinitaly.com\\\/fr\\\/#website\"},\"primaryImageOfPage\":{\"@id\":\"https:\\\/\\\/egidimadeinitaly.com\\\/fr\\\/negozio\\\/objets-dart\\\/objets-dart-modernes\\\/lampe-pipistrello-blanche-de-gae-aulenti1980-2\\\/#primaryimage\"},\"image\":{\"@id\":\"https:\\\/\\\/egidimadeinitaly.com\\\/fr\\\/negozio\\\/objets-dart\\\/objets-dart-modernes\\\/lampe-pipistrello-blanche-de-gae-aulenti1980-2\\\/#primaryimage\"},\"thumbnailUrl\":\"https:\\\/\\\/egidimadeinitaly.com\\\/v25\\\/wp-content\\\/uploads\\\/2020\\\/02\\\/gae_aulenti_lampada_pipistrello_bianca_1980-1-e1670578465528.jpg\",\"datePublished\":\"2020-02-02T14:24:03+00:00\",\"dateModified\":\"2021-08-10T16:04:52+00:00\",\"description\":\"Lampe Blanche Pipistrello de Gae Aulenti pour Martinelli Luce 1980 Achetez la sur Egidi MadeinItaly\",\"breadcrumb\":{\"@id\":\"https:\\\/\\\/egidimadeinitaly.com\\\/fr\\\/negozio\\\/objets-dart\\\/objets-dart-modernes\\\/lampe-pipistrello-blanche-de-gae-aulenti1980-2\\\/#breadcrumb\"},\"inLanguage\":\"fr-FR\",\"potentialAction\":[{\"@type\":\"ReadAction\",\"target\":[\"https:\\\/\\\/egidimadeinitaly.com\\\/fr\\\/negozio\\\/objets-dart\\\/objets-dart-modernes\\\/lampe-pipistrello-blanche-de-gae-aulenti1980-2\\\/\"]}]},{\"@type\":\"ImageObject\",\"inLanguage\":\"fr-FR\",\"@id\":\"https:\\\/\\\/egidimadeinitaly.com\\\/fr\\\/negozio\\\/objets-dart\\\/objets-dart-modernes\\\/lampe-pipistrello-blanche-de-gae-aulenti1980-2\\\/#primaryimage\",\"url\":\"https:\\\/\\\/egidimadeinitaly.com\\\/v25\\\/wp-content\\\/uploads\\\/2020\\\/02\\\/gae_aulenti_lampada_pipistrello_bianca_1980-1-e1670578465528.jpg\",\"contentUrl\":\"https:\\\/\\\/egidimadeinitaly.com\\\/v25\\\/wp-content\\\/uploads\\\/2020\\\/02\\\/gae_aulenti_lampada_pipistrello_bianca_1980-1-e1670578465528.jpg\",\"width\":1200,\"height\":800,\"caption\":\"Lampe Pipistrello de Gae Aulenti Ann\u00e9es 80\"},{\"@type\":\"BreadcrumbList\",\"@id\":\"https:\\\/\\\/egidimadeinitaly.com\\\/fr\\\/negozio\\\/objets-dart\\\/objets-dart-modernes\\\/lampe-pipistrello-blanche-de-gae-aulenti1980-2\\\/#breadcrumb\",\"itemListElement\":[{\"@type\":\"ListItem\",\"position\":1,\"name\":\"Home\",\"item\":\"https:\\\/\\\/egidimadeinitaly.com\\\/fr\\\/\"},{\"@type\":\"ListItem\",\"position\":2,\"name\":\"Produits\",\"item\":\"https:\\\/\\\/egidimadeinitaly.com\\\/fr\\\/shop\\\/\"},{\"@type\":\"ListItem\",\"position\":3,\"name\":\"Objets d\u2019art\",\"item\":\"https:\\\/\\\/egidimadeinitaly.com\\\/fr\\\/product-category\\\/objets-dart\\\/\"},{\"@type\":\"ListItem\",\"position\":4,\"name\":\"Objets d'art modernes\",\"item\":\"https:\\\/\\\/egidimadeinitaly.com\\\/fr\\\/product-category\\\/objets-dart\\\/objets-dart-modernes\\\/\"},{\"@type\":\"ListItem\",\"position\":5,\"name\":\"Lampe Pipistrello Blanche de Gae Aulenti Ann\u00e9es \u201880\"}]},{\"@type\":\"WebSite\",\"@id\":\"https:\\\/\\\/egidimadeinitaly.com\\\/fr\\\/#website\",\"url\":\"https:\\\/\\\/egidimadeinitaly.com\\\/fr\\\/\",\"name\":\"Egidi MadeinItaly\",\"description\":\"Fine Art\",\"potentialAction\":[{\"@type\":\"SearchAction\",\"target\":{\"@type\":\"EntryPoint\",\"urlTemplate\":\"https:\\\/\\\/egidimadeinitaly.com\\\/fr\\\/?s={search_term_string}\"},\"query-input\":{\"@type\":\"PropertyValueSpecification\",\"valueRequired\":true,\"valueName\":\"search_term_string\"}}],\"inLanguage\":\"fr-FR\"}]}<\/script>\n<!-- \/ Yoast SEO Premium plugin. -->","yoast_head_json":{"title":"Lampe Pipistrello Blanche de Gae Aulenti Ann\u00e9es \u201880 - Egidi MadeinItaly","description":"Lampe Blanche Pipistrello de Gae Aulenti pour Martinelli Luce 1980 Achetez la sur Egidi MadeinItaly","robots":{"index":"index","follow":"follow","max-snippet":"max-snippet:-1","max-image-preview":"max-image-preview:large","max-video-preview":"max-video-preview:-1"},"canonical":"https:\/\/egidimadeinitaly.com\/fr\/negozio\/objets-dart\/objets-dart-modernes\/lampe-pipistrello-blanche-de-gae-aulenti1980-2\/","og_locale":"fr_FR","og_type":"article","og_title":"Lampe Pipistrello Blanche de Gae Aulenti Ann\u00e9es \u201880","og_description":"Lampe de table ou lampadaire \u00e0 lumi\u00e8re diffuse, r\u00e9glable en hauteur","og_url":"https:\/\/egidimadeinitaly.com\/fr\/negozio\/objets-dart\/objets-dart-modernes\/lampe-pipistrello-blanche-de-gae-aulenti1980-2\/","og_site_name":"Egidi MadeinItaly","article_publisher":"https:\/\/www.facebook.com\/egidimadeinitaly\/","article_modified_time":"2021-08-10T16:04:52+00:00","og_image":[{"width":1200,"height":800,"url":"https:\/\/egidimadeinitaly.com\/wp-content\/uploads\/2020\/02\/gae_aulenti_lampada_pipistrello_bianca_1980-1-e1670578465528.jpg","type":"image\/jpeg"}],"schema":{"@context":"https:\/\/schema.org","@graph":[{"@type":"WebPage","@id":"https:\/\/egidimadeinitaly.com\/fr\/negozio\/objets-dart\/objets-dart-modernes\/lampe-pipistrello-blanche-de-gae-aulenti1980-2\/","url":"https:\/\/egidimadeinitaly.com\/fr\/negozio\/objets-dart\/objets-dart-modernes\/lampe-pipistrello-blanche-de-gae-aulenti1980-2\/","name":"Lampe Pipistrello Blanche de Gae Aulenti Ann\u00e9es \u201880 - Egidi MadeinItaly","isPartOf":{"@id":"https:\/\/egidimadeinitaly.com\/fr\/#website"},"primaryImageOfPage":{"@id":"https:\/\/egidimadeinitaly.com\/fr\/negozio\/objets-dart\/objets-dart-modernes\/lampe-pipistrello-blanche-de-gae-aulenti1980-2\/#primaryimage"},"image":{"@id":"https:\/\/egidimadeinitaly.com\/fr\/negozio\/objets-dart\/objets-dart-modernes\/lampe-pipistrello-blanche-de-gae-aulenti1980-2\/#primaryimage"},"thumbnailUrl":"https:\/\/egidimadeinitaly.com\/v25\/wp-content\/uploads\/2020\/02\/gae_aulenti_lampada_pipistrello_bianca_1980-1-e1670578465528.jpg","datePublished":"2020-02-02T14:24:03+00:00","dateModified":"2021-08-10T16:04:52+00:00","description":"Lampe Blanche Pipistrello de Gae Aulenti pour Martinelli Luce 1980 Achetez la sur Egidi MadeinItaly","breadcrumb":{"@id":"https:\/\/egidimadeinitaly.com\/fr\/negozio\/objets-dart\/objets-dart-modernes\/lampe-pipistrello-blanche-de-gae-aulenti1980-2\/#breadcrumb"},"inLanguage":"fr-FR","potentialAction":[{"@type":"ReadAction","target":["https:\/\/egidimadeinitaly.com\/fr\/negozio\/objets-dart\/objets-dart-modernes\/lampe-pipistrello-blanche-de-gae-aulenti1980-2\/"]}]},{"@type":"ImageObject","inLanguage":"fr-FR","@id":"https:\/\/egidimadeinitaly.com\/fr\/negozio\/objets-dart\/objets-dart-modernes\/lampe-pipistrello-blanche-de-gae-aulenti1980-2\/#primaryimage","url":"https:\/\/egidimadeinitaly.com\/v25\/wp-content\/uploads\/2020\/02\/gae_aulenti_lampada_pipistrello_bianca_1980-1-e1670578465528.jpg","contentUrl":"https:\/\/egidimadeinitaly.com\/v25\/wp-content\/uploads\/2020\/02\/gae_aulenti_lampada_pipistrello_bianca_1980-1-e1670578465528.jpg","width":1200,"height":800,"caption":"Lampe Pipistrello de Gae Aulenti Ann\u00e9es 80"},{"@type":"BreadcrumbList","@id":"https:\/\/egidimadeinitaly.com\/fr\/negozio\/objets-dart\/objets-dart-modernes\/lampe-pipistrello-blanche-de-gae-aulenti1980-2\/#breadcrumb","itemListElement":[{"@type":"ListItem","position":1,"name":"Home","item":"https:\/\/egidimadeinitaly.com\/fr\/"},{"@type":"ListItem","position":2,"name":"Produits","item":"https:\/\/egidimadeinitaly.com\/fr\/shop\/"},{"@type":"ListItem","position":3,"name":"Objets d\u2019art","item":"https:\/\/egidimadeinitaly.com\/fr\/product-category\/objets-dart\/"},{"@type":"ListItem","position":4,"name":"Objets d'art modernes","item":"https:\/\/egidimadeinitaly.com\/fr\/product-category\/objets-dart\/objets-dart-modernes\/"},{"@type":"ListItem","position":5,"name":"Lampe Pipistrello Blanche de Gae Aulenti Ann\u00e9es \u201880"}]},{"@type":"WebSite","@id":"https:\/\/egidimadeinitaly.com\/fr\/#website","url":"https:\/\/egidimadeinitaly.com\/fr\/","name":"Egidi MadeinItaly","description":"Fine Art","potentialAction":[{"@type":"SearchAction","target":{"@type":"EntryPoint","urlTemplate":"https:\/\/egidimadeinitaly.com\/fr\/?s={search_term_string}"},"query-input":{"@type":"PropertyValueSpecification","valueRequired":true,"valueName":"search_term_string"}}],"inLanguage":"fr-FR"}]}},"_links":{"self":[{"href":"https:\/\/egidimadeinitaly.com\/fr\/wp-json\/wp\/v2\/product\/83345","targetHints":{"allow":["GET"]}}],"collection":[{"href":"https:\/\/egidimadeinitaly.com\/fr\/wp-json\/wp\/v2\/product"}],"about":[{"href":"https:\/\/egidimadeinitaly.com\/fr\/wp-json\/wp\/v2\/types\/product"}],"wp:featuredmedia":[{"embeddable":true,"href":"https:\/\/egidimadeinitaly.com\/fr\/wp-json\/wp\/v2\/media\/84485"}],"wp:attachment":[{"href":"https:\/\/egidimadeinitaly.com\/fr\/wp-json\/wp\/v2\/media?parent=83345"}],"wp:term":[{"taxonomy":"product_brand","embeddable":true,"href":"https:\/\/egidimadeinitaly.com\/fr\/wp-json\/wp\/v2\/product_brand?post=83345"},{"taxonomy":"product_cat","embeddable":true,"href":"https:\/\/egidimadeinitaly.com\/fr\/wp-json\/wp\/v2\/product_cat?post=83345"},{"taxonomy":"product_tag","embeddable":true,"href":"https:\/\/egidimadeinitaly.com\/fr\/wp-json\/wp\/v2\/product_tag?post=83345"}],"curies":[{"name":"wp","href":"https:\/\/api.w.org\/{rel}","templated":true}]}}