{"id":83342,"date":"2023-11-02T15:24:02","date_gmt":"2023-11-02T14:24:02","guid":{"rendered":"https:\/\/egidimadeinitaly.com\/ecomsite\/product\/gerard-diaz-disegno-a-matita-iris-francia1950\/"},"modified":"2022-09-24T14:07:43","modified_gmt":"2022-09-24T14:07:43","slug":"gerard-diaz-dessin-sur-papier-signe-et-date","status":"publish","type":"product","link":"https:\/\/egidimadeinitaly.com\/fr\/negozio\/art-moderne\/oeuvres-modernes-sur-papiers\/gerard-diaz-dessin-sur-papier-signe-et-date\/","title":{"rendered":"G\u00e9rard Diaz Dessin sur Papier Sign\u00e9 et Dat\u00e9"},"content":{"rendered":"<div class=\"accordion_content ui-accordion-content ui-helper-reset ui-widget-content ui-corner-bottom ui-accordion-content-active\">\n<div class=\"accordion_content_inner\">\n<p><span class=\"s8\">Le sujet de ce dessin est un coin de jardin.<br \/>\nEn arri\u00e8re-plan, nous apercevons un autre socle avec la statue d\u2019un personnage du XIX<span class=\"s9\">e<\/span> si\u00e8cle, ainsi que d\u2019autres vestiges architecturaux.<br \/>\nAu centre de la sc\u00e8ne, un arbre au tronc noueux et vigoureux.<br \/>\nAu premier plan, une belle plante <b>d\u2019iris fleurie<\/b>, qui donne son titre \u00e0 ce<b> dessin<\/b>.<br \/>\nL\u2019histoire de l\u2019iris est tr\u00e8s ancienne : en effet, les <b>\u00c9gyptiens<\/b> de l\u2019Antiquit\u00e9 et d\u2019autres peuples du pass\u00e9 la connaissaient d\u00e9j\u00e0. Selon des informations fiables en Europe, le rhizome de l\u2019iris (parfois appel\u00e9e Lys), \u00e9tait utilis\u00e9 pour parfumer le linge de maison. Son nom d\u00e9rive d\u2019 <b>Iride<\/b>, la messag\u00e8re des dieux qui, selon la mythologie grecque, avait des ailes d\u2019or brillantes de ros\u00e9e qui se paraient de toutes les couleurs de l\u2019arc-en-ciel sous les rayons du soleil. Et toujours selon la mythologie, Iris \u00e9tait la pr\u00e9f\u00e9r\u00e9e d\u2019H\u00e9ra (ou Junon) car elle ne lui apportait que des bonnes nouvelles. Elle est la d\u00e9esse de l\u2019arc-en-ciel qui, selon les mythes, \u00e9tait le symbole du lien entre le ciel et la terre.<\/span><\/p>\n<p>&nbsp;<\/p>\n<\/div>\n<\/div>\n","protected":false},"excerpt":{"rendered":"<p><span class=\"s8\"><strong>Dessin<\/strong> <strong>sur papier<\/strong> au crayon intitul\u00e9 \u201cIris\u201d par <strong>G\u00e9rard Diaz<\/strong><span class=\"Apple-converted-space\"> dat\u00e9 1988.<\/span><\/span><\/p>\n","protected":false},"featured_media":84377,"template":"","meta":{"_acf_changed":false},"product_brand":[],"product_cat":[6377,6414],"product_tag":[5391,5361,5306],"class_list":{"0":"post-83342","1":"product","2":"type-product","3":"status-publish","4":"has-post-thumbnail","6":"product_cat-art-moderne","7":"product_cat-oeuvres-modernes-sur-papiers","8":"product_tag-annees-80","9":"product_tag-decoration-murale","10":"product_tag-objets-de-collection","11":"product_shipping_class-dhl-fr","13":"first","14":"instock","15":"shipping-taxable","16":"product-type-simple"},"acf":[],"yoast_head":"<!-- This site is optimized with the Yoast SEO Premium plugin v27.5 (Yoast SEO v27.5) - https:\/\/yoast.com\/product\/yoast-seo-premium-wordpress\/ -->\n<title>G\u00e9rard Diaz Dessin sur Papier Sign\u00e9 et Dat\u00e9 - Egidi MadeinItaly<\/title>\n<meta name=\"description\" content=\"Dessin sur papier au crayon intitul\u00e9 Iris par G\u00e9rard Diaz dat\u00e9 1988. Le sujet de ce dessin est un coin de jardin. Visitez le catalogue sur Egidi MadeinItaly\" \/>\n<meta name=\"robots\" content=\"index, follow, max-snippet:-1, max-image-preview:large, max-video-preview:-1\" \/>\n<link rel=\"canonical\" href=\"https:\/\/egidimadeinitaly.com\/fr\/negozio\/art-moderne\/oeuvres-modernes-sur-papiers\/gerard-diaz-dessin-sur-papier-signe-et-date\/\" \/>\n<meta property=\"og:locale\" content=\"fr_FR\" \/>\n<meta property=\"og:type\" content=\"article\" \/>\n<meta property=\"og:title\" content=\"G\u00e9rard Diaz Dessin sur Papier Sign\u00e9 et Dat\u00e9\" \/>\n<meta property=\"og:description\" content=\"Dessin sur papier au crayon intitul\u00e9 \u201cIris\u201d par G\u00e9rard Diaz dat\u00e9 1988.\" \/>\n<meta property=\"og:url\" content=\"https:\/\/egidimadeinitaly.com\/fr\/negozio\/art-moderne\/oeuvres-modernes-sur-papiers\/gerard-diaz-dessin-sur-papier-signe-et-date\/\" \/>\n<meta property=\"og:site_name\" content=\"Egidi MadeinItaly\" \/>\n<meta property=\"article:publisher\" content=\"https:\/\/www.facebook.com\/egidimadeinitaly\/\" \/>\n<meta property=\"og:image\" content=\"https:\/\/egidimadeinitaly.com\/wp-content\/uploads\/2020\/02\/gerard_diaz_disegno_a_matita_iris_francia_1950-e1664028402412.jpg\" \/>\n\t<meta property=\"og:image:width\" content=\"784\" \/>\n\t<meta property=\"og:image:height\" content=\"726\" \/>\n\t<meta property=\"og:image:type\" content=\"image\/jpeg\" \/>\n<script type=\"application\/ld+json\" class=\"yoast-schema-graph\">{\"@context\":\"https:\\\/\\\/schema.org\",\"@graph\":[{\"@type\":\"WebPage\",\"@id\":\"https:\\\/\\\/egidimadeinitaly.com\\\/fr\\\/negozio\\\/art-moderne\\\/oeuvres-modernes-sur-papiers\\\/gerard-diaz-dessin-sur-papier-signe-et-date\\\/\",\"url\":\"https:\\\/\\\/egidimadeinitaly.com\\\/fr\\\/negozio\\\/art-moderne\\\/oeuvres-modernes-sur-papiers\\\/gerard-diaz-dessin-sur-papier-signe-et-date\\\/\",\"name\":\"G\u00e9rard Diaz Dessin sur Papier Sign\u00e9 et Dat\u00e9 - Egidi MadeinItaly\",\"isPartOf\":{\"@id\":\"https:\\\/\\\/egidimadeinitaly.com\\\/fr\\\/#website\"},\"primaryImageOfPage\":{\"@id\":\"https:\\\/\\\/egidimadeinitaly.com\\\/fr\\\/negozio\\\/art-moderne\\\/oeuvres-modernes-sur-papiers\\\/gerard-diaz-dessin-sur-papier-signe-et-date\\\/#primaryimage\"},\"image\":{\"@id\":\"https:\\\/\\\/egidimadeinitaly.com\\\/fr\\\/negozio\\\/art-moderne\\\/oeuvres-modernes-sur-papiers\\\/gerard-diaz-dessin-sur-papier-signe-et-date\\\/#primaryimage\"},\"thumbnailUrl\":\"https:\\\/\\\/egidimadeinitaly.com\\\/v25\\\/wp-content\\\/uploads\\\/2020\\\/02\\\/gerard_diaz_disegno_a_matita_iris_francia_1950-e1664028402412.jpg\",\"datePublished\":\"2023-11-02T14:24:02+00:00\",\"description\":\"Dessin sur papier au crayon intitul\u00e9 Iris par G\u00e9rard Diaz dat\u00e9 1988. Le sujet de ce dessin est un coin de jardin. Visitez le catalogue sur Egidi MadeinItaly\",\"breadcrumb\":{\"@id\":\"https:\\\/\\\/egidimadeinitaly.com\\\/fr\\\/negozio\\\/art-moderne\\\/oeuvres-modernes-sur-papiers\\\/gerard-diaz-dessin-sur-papier-signe-et-date\\\/#breadcrumb\"},\"inLanguage\":\"fr-FR\",\"potentialAction\":[{\"@type\":\"ReadAction\",\"target\":[\"https:\\\/\\\/egidimadeinitaly.com\\\/fr\\\/negozio\\\/art-moderne\\\/oeuvres-modernes-sur-papiers\\\/gerard-diaz-dessin-sur-papier-signe-et-date\\\/\"]}]},{\"@type\":\"ImageObject\",\"inLanguage\":\"fr-FR\",\"@id\":\"https:\\\/\\\/egidimadeinitaly.com\\\/fr\\\/negozio\\\/art-moderne\\\/oeuvres-modernes-sur-papiers\\\/gerard-diaz-dessin-sur-papier-signe-et-date\\\/#primaryimage\",\"url\":\"https:\\\/\\\/egidimadeinitaly.com\\\/v25\\\/wp-content\\\/uploads\\\/2020\\\/02\\\/gerard_diaz_disegno_a_matita_iris_francia_1950-e1664028402412.jpg\",\"contentUrl\":\"https:\\\/\\\/egidimadeinitaly.com\\\/v25\\\/wp-content\\\/uploads\\\/2020\\\/02\\\/gerard_diaz_disegno_a_matita_iris_francia_1950-e1664028402412.jpg\",\"width\":784,\"height\":726,\"caption\":\"G\u00e9rard Diaz Dessin sur Papier Sign\u00e9\"},{\"@type\":\"BreadcrumbList\",\"@id\":\"https:\\\/\\\/egidimadeinitaly.com\\\/fr\\\/negozio\\\/art-moderne\\\/oeuvres-modernes-sur-papiers\\\/gerard-diaz-dessin-sur-papier-signe-et-date\\\/#breadcrumb\",\"itemListElement\":[{\"@type\":\"ListItem\",\"position\":1,\"name\":\"Home\",\"item\":\"https:\\\/\\\/egidimadeinitaly.com\\\/fr\\\/\"},{\"@type\":\"ListItem\",\"position\":2,\"name\":\"Produits\",\"item\":\"https:\\\/\\\/egidimadeinitaly.com\\\/fr\\\/shop\\\/\"},{\"@type\":\"ListItem\",\"position\":3,\"name\":\"Art moderne\",\"item\":\"https:\\\/\\\/egidimadeinitaly.com\\\/fr\\\/product-category\\\/art-moderne\\\/\"},{\"@type\":\"ListItem\",\"position\":4,\"name\":\"\u0152uvres modernes sur papiers\",\"item\":\"https:\\\/\\\/egidimadeinitaly.com\\\/fr\\\/product-category\\\/art-moderne\\\/oeuvres-modernes-sur-papiers\\\/\"},{\"@type\":\"ListItem\",\"position\":5,\"name\":\"G\u00e9rard Diaz Dessin sur Papier Sign\u00e9 et Dat\u00e9\"}]},{\"@type\":\"WebSite\",\"@id\":\"https:\\\/\\\/egidimadeinitaly.com\\\/fr\\\/#website\",\"url\":\"https:\\\/\\\/egidimadeinitaly.com\\\/fr\\\/\",\"name\":\"Egidi MadeinItaly\",\"description\":\"Fine Art\",\"potentialAction\":[{\"@type\":\"SearchAction\",\"target\":{\"@type\":\"EntryPoint\",\"urlTemplate\":\"https:\\\/\\\/egidimadeinitaly.com\\\/fr\\\/?s={search_term_string}\"},\"query-input\":{\"@type\":\"PropertyValueSpecification\",\"valueRequired\":true,\"valueName\":\"search_term_string\"}}],\"inLanguage\":\"fr-FR\"}]}<\/script>\n<!-- \/ Yoast SEO Premium plugin. -->","yoast_head_json":{"title":"G\u00e9rard Diaz Dessin sur Papier Sign\u00e9 et Dat\u00e9 - Egidi MadeinItaly","description":"Dessin sur papier au crayon intitul\u00e9 Iris par G\u00e9rard Diaz dat\u00e9 1988. Le sujet de ce dessin est un coin de jardin. Visitez le catalogue sur Egidi MadeinItaly","robots":{"index":"index","follow":"follow","max-snippet":"max-snippet:-1","max-image-preview":"max-image-preview:large","max-video-preview":"max-video-preview:-1"},"canonical":"https:\/\/egidimadeinitaly.com\/fr\/negozio\/art-moderne\/oeuvres-modernes-sur-papiers\/gerard-diaz-dessin-sur-papier-signe-et-date\/","og_locale":"fr_FR","og_type":"article","og_title":"G\u00e9rard Diaz Dessin sur Papier Sign\u00e9 et Dat\u00e9","og_description":"Dessin sur papier au crayon intitul\u00e9 \u201cIris\u201d par G\u00e9rard Diaz dat\u00e9 1988.","og_url":"https:\/\/egidimadeinitaly.com\/fr\/negozio\/art-moderne\/oeuvres-modernes-sur-papiers\/gerard-diaz-dessin-sur-papier-signe-et-date\/","og_site_name":"Egidi MadeinItaly","article_publisher":"https:\/\/www.facebook.com\/egidimadeinitaly\/","og_image":[{"width":784,"height":726,"url":"https:\/\/egidimadeinitaly.com\/wp-content\/uploads\/2020\/02\/gerard_diaz_disegno_a_matita_iris_francia_1950-e1664028402412.jpg","type":"image\/jpeg"}],"schema":{"@context":"https:\/\/schema.org","@graph":[{"@type":"WebPage","@id":"https:\/\/egidimadeinitaly.com\/fr\/negozio\/art-moderne\/oeuvres-modernes-sur-papiers\/gerard-diaz-dessin-sur-papier-signe-et-date\/","url":"https:\/\/egidimadeinitaly.com\/fr\/negozio\/art-moderne\/oeuvres-modernes-sur-papiers\/gerard-diaz-dessin-sur-papier-signe-et-date\/","name":"G\u00e9rard Diaz Dessin sur Papier Sign\u00e9 et Dat\u00e9 - Egidi MadeinItaly","isPartOf":{"@id":"https:\/\/egidimadeinitaly.com\/fr\/#website"},"primaryImageOfPage":{"@id":"https:\/\/egidimadeinitaly.com\/fr\/negozio\/art-moderne\/oeuvres-modernes-sur-papiers\/gerard-diaz-dessin-sur-papier-signe-et-date\/#primaryimage"},"image":{"@id":"https:\/\/egidimadeinitaly.com\/fr\/negozio\/art-moderne\/oeuvres-modernes-sur-papiers\/gerard-diaz-dessin-sur-papier-signe-et-date\/#primaryimage"},"thumbnailUrl":"https:\/\/egidimadeinitaly.com\/v25\/wp-content\/uploads\/2020\/02\/gerard_diaz_disegno_a_matita_iris_francia_1950-e1664028402412.jpg","datePublished":"2023-11-02T14:24:02+00:00","description":"Dessin sur papier au crayon intitul\u00e9 Iris par G\u00e9rard Diaz dat\u00e9 1988. Le sujet de ce dessin est un coin de jardin. Visitez le catalogue sur Egidi MadeinItaly","breadcrumb":{"@id":"https:\/\/egidimadeinitaly.com\/fr\/negozio\/art-moderne\/oeuvres-modernes-sur-papiers\/gerard-diaz-dessin-sur-papier-signe-et-date\/#breadcrumb"},"inLanguage":"fr-FR","potentialAction":[{"@type":"ReadAction","target":["https:\/\/egidimadeinitaly.com\/fr\/negozio\/art-moderne\/oeuvres-modernes-sur-papiers\/gerard-diaz-dessin-sur-papier-signe-et-date\/"]}]},{"@type":"ImageObject","inLanguage":"fr-FR","@id":"https:\/\/egidimadeinitaly.com\/fr\/negozio\/art-moderne\/oeuvres-modernes-sur-papiers\/gerard-diaz-dessin-sur-papier-signe-et-date\/#primaryimage","url":"https:\/\/egidimadeinitaly.com\/v25\/wp-content\/uploads\/2020\/02\/gerard_diaz_disegno_a_matita_iris_francia_1950-e1664028402412.jpg","contentUrl":"https:\/\/egidimadeinitaly.com\/v25\/wp-content\/uploads\/2020\/02\/gerard_diaz_disegno_a_matita_iris_francia_1950-e1664028402412.jpg","width":784,"height":726,"caption":"G\u00e9rard Diaz Dessin sur Papier Sign\u00e9"},{"@type":"BreadcrumbList","@id":"https:\/\/egidimadeinitaly.com\/fr\/negozio\/art-moderne\/oeuvres-modernes-sur-papiers\/gerard-diaz-dessin-sur-papier-signe-et-date\/#breadcrumb","itemListElement":[{"@type":"ListItem","position":1,"name":"Home","item":"https:\/\/egidimadeinitaly.com\/fr\/"},{"@type":"ListItem","position":2,"name":"Produits","item":"https:\/\/egidimadeinitaly.com\/fr\/shop\/"},{"@type":"ListItem","position":3,"name":"Art moderne","item":"https:\/\/egidimadeinitaly.com\/fr\/product-category\/art-moderne\/"},{"@type":"ListItem","position":4,"name":"\u0152uvres modernes sur papiers","item":"https:\/\/egidimadeinitaly.com\/fr\/product-category\/art-moderne\/oeuvres-modernes-sur-papiers\/"},{"@type":"ListItem","position":5,"name":"G\u00e9rard Diaz Dessin sur Papier Sign\u00e9 et Dat\u00e9"}]},{"@type":"WebSite","@id":"https:\/\/egidimadeinitaly.com\/fr\/#website","url":"https:\/\/egidimadeinitaly.com\/fr\/","name":"Egidi MadeinItaly","description":"Fine Art","potentialAction":[{"@type":"SearchAction","target":{"@type":"EntryPoint","urlTemplate":"https:\/\/egidimadeinitaly.com\/fr\/?s={search_term_string}"},"query-input":{"@type":"PropertyValueSpecification","valueRequired":true,"valueName":"search_term_string"}}],"inLanguage":"fr-FR"}]}},"_links":{"self":[{"href":"https:\/\/egidimadeinitaly.com\/fr\/wp-json\/wp\/v2\/product\/83342","targetHints":{"allow":["GET"]}}],"collection":[{"href":"https:\/\/egidimadeinitaly.com\/fr\/wp-json\/wp\/v2\/product"}],"about":[{"href":"https:\/\/egidimadeinitaly.com\/fr\/wp-json\/wp\/v2\/types\/product"}],"wp:featuredmedia":[{"embeddable":true,"href":"https:\/\/egidimadeinitaly.com\/fr\/wp-json\/wp\/v2\/media\/84377"}],"wp:attachment":[{"href":"https:\/\/egidimadeinitaly.com\/fr\/wp-json\/wp\/v2\/media?parent=83342"}],"wp:term":[{"taxonomy":"product_brand","embeddable":true,"href":"https:\/\/egidimadeinitaly.com\/fr\/wp-json\/wp\/v2\/product_brand?post=83342"},{"taxonomy":"product_cat","embeddable":true,"href":"https:\/\/egidimadeinitaly.com\/fr\/wp-json\/wp\/v2\/product_cat?post=83342"},{"taxonomy":"product_tag","embeddable":true,"href":"https:\/\/egidimadeinitaly.com\/fr\/wp-json\/wp\/v2\/product_tag?post=83342"}],"curies":[{"name":"wp","href":"https:\/\/api.w.org\/{rel}","templated":true}]}}